{"id":2064,"date":"2022-07-12T12:42:43","date_gmt":"2022-07-12T10:42:43","guid":{"rendered":"https:\/\/www.bagmatic.com\/automatic-labeling-machine\/"},"modified":"2022-07-12T12:50:18","modified_gmt":"2022-07-12T10:50:18","slug":"automatische-etikettiermaschine","status":"publish","type":"page","link":"https:\/\/www.bagmatic.com\/de\/automatische-etikettiermaschine\/","title":{"rendered":"Automatische Etikettiermaschinen"},"content":{"rendered":"<section class=\"wpb-content-wrapper\"><p>[vc_row gap=&#8220;35&#8243; mobile_bg_img_hidden=&#8220;no&#8220; tablet_bg_img_hidden=&#8220;no&#8220; woodmart_parallax=&#8220;0&#8243; woodmart_gradient_switch=&#8220;no&#8220; row_reverse_mobile=&#8220;0&#8243; row_reverse_tablet=&#8220;0&#8243; woodmart_disable_overflow=&#8220;0&#8243;][vc_column width=&#8220;1\/2&#8243;][vc_column_text text_larger=&#8220;no&#8220;]<\/p>\n<h2><strong>Automatische Etikettiermaschinen &#8211; Wir haben f\u00fcr jedes Problem die passende L\u00f6sung<\/strong><\/h2>\n<p>Eine automatische Etikettiermaschine oder auch Etikettiersystem genannt, ist die perfekte L\u00f6sung f\u00fcr jede industrielle Etikettieraufgabe. Wir bieten als Etikettiermaschinen Hersteller verschiedene automatische Etikettiermaschinen an. Mit vollst\u00e4ndiger Unterst\u00fctzung f\u00fcr alle m\u00f6glichen Etikettieraufgaben, einschlie\u00dflich verschiedener Druck- und Kontrollsystemauswahlen und verschiedener Optionen, eignen sich unsere automatischen Etikettiermaschinen f\u00fcr verschiedene Branchen und Anwendungen. Sie k\u00f6nnen damit Papieretiketten drucken oder das Inline-Druckverfahren nutzen, um einen einfachen und direkten Beuteldruck zu erm\u00f6glichen. Die automatischen Etikettiermaschinen k\u00f6nnen zum Bedrucken von flexiblen Verpackungen, (Schlauch-) Beuteln, Standbodenbeuteln, Folien, T\u00fcten w\u00e4hrend \/ vor oder nach dem Bef\u00fcllen verwendet werden. So ist der Ti1000-Drucker ist eine automatische Etikettiermaschine, der inline mit T1000-Industriemaschinen arbeitet. \u00c4ndert sich der Aufdruck, enth\u00e4lt die n\u00e4chste Tasche bereits neue Inhalte oder ein neues Design. Diese automatische Etikettiermaschine vermeidet das Wegwerfen unerw\u00fcnschter Papieretiketten und T\u00fcten mit alten Drucken. Zudem erm\u00f6glicht der Inline-Drucker Ti1000 ein schnelles Drucken in hoher Qualit\u00e4t. Gestalten Sie Ihren eigenen Barcode, Ihre Grafik oder Ihr Logo und drucken Sie es direkt auf die Oberfl\u00e4che des Beutels.<\/p>\n<h2><strong>Halbautomatische Etikettiermaschine<\/strong><\/h2>\n<p>Unsere halbautomatische Etikettiermaschine eignet sich besonders gut, um kleine und mittlere Chargen zu etikettieren. Flexibel einsetzbar bei halbautomatischer oder manueller Fertigung. Halbautomatische Etikettierer k\u00f6nnen verwendet werden, um eine hohe Etikettiergenauigkeit zu gew\u00e4hrleisten und den Prozess effizienter zu gestalten. Die Investitionskosten von halbautomatischen Etikettiersystemen sind im Durchschnitt geringer als die von vollautomatischen Systemen. Hierbei handelt es sich um eine Tischmaschine mit einem ZEBRA-Thermodrucker und einem \u201eNext bag out\u201c-Verfahren. Das hei\u00dft, der Druck der n\u00e4chsten Verpackung kann individuell angepasst werden. Dieses Ger\u00e4t funktioniert wie ein T300-Desktop-Ger\u00e4t, aber der Drucker muss nicht gekennzeichnet werden.<\/p>\n<p>Die Etikettiermaschine Halbautomat mit Drucker bietet die patentierte \u201eNext Bag Out\u201c-Technologie f\u00fcr den kontinuierlichen Beuteldruck. Es ist mit einem vierfarbigen Touchscreen, einer \u201ePop-up\u201c-Meldung zur Anzeige des Ausf\u00fchrungsendes sowie Betriebs- und Fehlermeldungen ausgestattet. Au\u00dferdem k\u00f6nnen Sweep-Zyklus-Einstellungen sofort gespeichert und konfiguriert werden und der Rollenwechsel dauert weniger als eine Minute. Zus\u00e4tzlich zu allen Funktionen des T300 bietet der T375 einen Drucker f\u00fcr den kontinuierlichen Beuteldruck. Diese patentgesch\u00fctzte Funktion erm\u00f6glicht das Bedrucken des Beutels unmittelbar vor dem Bef\u00fcllen, was eine genaue Produktidentifikation erm\u00f6glicht. Dadurch ist es m\u00f6glich, gro\u00dfe Mengen an Verpackungen und Artikelnummern bereitzustellen.[\/vc_column_text][\/vc_column][vc_column width=&#8220;1\/2&#8243;][vc_column_text text_larger=&#8220;no&#8220;]<\/p>\n<h2><strong>Automatische Etikettiermaschine<\/strong><\/h2>\n<p>Horizontale automatische Etikettiermaschinen funktionieren wie die T1000, k\u00f6nnen aber auf die richtige horizontale oder geneigte Position eingestellt werden, um das Laden der S\u00e4cke zu erleichtern. Horizontale automatische Etikettiermaschinen bieten eine Vielzahl von Verpackungsl\u00f6sungen f\u00fcr eine Vielzahl von Produkten, die nur schwer auf die vertikale Industriemaschine T1000 geladen werden k\u00f6nnen. F\u00fchren Sie das Produkt horizontal in den Beutel ein (entweder manuell oder automatisch). Die automatische Etikettiermaschine erledigt dann den Rest, verschlie\u00dft den Beutel an der Beladestation und senkt den gef\u00fcllten Beutel auf ein horizontales F\u00f6rderband. Der n\u00e4chste Beutel ist bereits platziert und bereit, das n\u00e4chste Produkt zu erhalten. Die industrielle Verpackungsmaschine T1000H hat die gleichen Eigenschaften wie das Modell T1000. Im Gegensatz zum T1000-Industriegewebe l\u00e4dt das Produkt jedoch horizontal, was es f\u00fcr eine Vielzahl von Ladungsteilen erleichtert. Sie k\u00f6nnen die automatische Etikettiermaschine auch neigen, sodass die Schwerkraft einen Teil der Ladearbeit \u00fcbernimmt.<\/p>\n<p>Au\u00dferdem verf\u00fcgt die Etikettier Maschine \u00fcber ein TouchScreenPanel f\u00fcr Bediener zum Anpassen der Produktion und zum Anpassen von Einstellungen und zum Abrufen technischer Informationen. Sie k\u00f6nnen bis zu 32 Jobs speichern und sofort \u00e4ndern. Des Weiteren erm\u00f6glichen Pop-up-Fenster und Meldungsbildschirme mit Tasten und anderen Fenstern es Ihnen, Produktions\u00e4nderungen schnell anzupassen und den Bedienern sofortige Informationen bereitzustellen. Der robuste Heizstab garantiert eine konstante Temperatur mit unabh\u00e4ngiger Versiegelung. Die Kombination aus patentiertem Teflonstab und sofortiger St\u00f6rungsmeldung sorgt f\u00fcr perfektes Schwei\u00dfen und geringen Wartungsaufwand.<\/p>\n<h3><strong>Etikettiermaschine f\u00fcr QR Codes<\/strong><\/h3>\n<p>QRCodes sind eine \u00e4u\u00dferst bew\u00e4hrte, leicht verst\u00e4ndliche Technologie, die die L\u00fccke zwischen der physischen Welt (auch bekannt als Treffpunkt) und der digitalen Welt schlie\u00dft. Sie k\u00f6nnen alle Arten von Textinformationen in QR-Codes codieren, wie zum Beispiel Website-Adressen, Facebook-Seiten, Coupons, Kontakte usw. Nach der Ver\u00f6ffentlichung auf Papier oder anderen Medien kann jeder mit einer QRApp den QR-Code scannen. Durch Scannen werden die Informationen entschl\u00fcsselt und die App rendert Websites, Facebook-Seiten, Coupons oder Kontakte. Stellen Sie sich Barcodes als eine technisch versiertere M\u00f6glichkeit vor, Zeichenfolgen zu senden. Mit anderen Worten, es handelt sich\u00a0 um eine Art Nummernschild, das mit einer Datendatei verkn\u00fcpft ist.<\/p>\n<p>Diese Zeichenfolgen k\u00f6nnen jede Art von Information darstellen. Anstatt diese Informationen manuell zu schreiben und zu kopieren, werden sie in einer Barcode-Sprache codiert, sodass sie schnell \u00fcber einen Scanner auf Ihren Computer \u00fcbertragen werden k\u00f6nnen. Jedes Symbolsystem folgt einem Algorithmus, der die Kodierung und Speicherung dieser Zeichen standardisiert. So haben Barcode-Symbole unterschiedliche Eigenschaften wie Kapazit\u00e4t und Linearit\u00e4t. Daher sind einige von ihnen f\u00fcr bestimmte Anwendungen und Branchen von Vorteil. Die Barcode-Technologie entwickelt sich st\u00e4ndig weiter.[\/vc_column_text][\/vc_column][\/vc_row]<\/p>\n<\/section>","protected":false},"excerpt":{"rendered":"<p>[vc_row gap=&#8220;35&#8243; mobile_bg_img_hidden=&#8220;no&#8220; tablet_bg_img_hidden=&#8220;no&#8220; woodmart_parallax=&#8220;0&#8243; woodmart_gradient_switch=&#8220;no&#8220; row_reverse_mobile=&#8220;0&#8243; row_reverse_tablet=&#8220;0&#8243; woodmart_disable_overflow=&#8220;0&#8243;][vc_column width=&#8220;1\/2&#8243;][vc_column_text text_larger=&#8220;no&#8220;] Automatische Etikettiermaschinen &#8211; Wir haben f\u00fcr jedes Problem die<\/p>\n","protected":false},"author":1,"featured_media":0,"parent":0,"menu_order":0,"comment_status":"closed","ping_status":"closed","template":"","meta":[],"yoast_head":"<!-- This site is optimized with the Yoast SEO plugin v20.1 - https:\/\/yoast.com\/wordpress\/plugins\/seo\/ -->\n<title>Vollautomatische und halbautomatische Etikettiermaschine und Etikettierer<\/title>\n<meta name=\"description\" content=\"Bagmatic bietet Ihnen vollautomatische und halbautomatische Etikettierer und Etikettiermaschinen f\u00fcr Ihr Unternehmen an. Jetzt anfragen und beraten lassen!\" \/>\n<meta name=\"robots\" content=\"index, follow, max-snippet:-1, max-image-preview:large, max-video-preview:-1\" \/>\n<link rel=\"canonical\" href=\"https:\/\/www.bagmatic.com\/de\/automatische-etikettiermaschine\/\" \/>\n<meta property=\"og:locale\" content=\"de_DE\" \/>\n<meta property=\"og:type\" content=\"article\" \/>\n<meta property=\"og:title\" content=\"Vollautomatische und halbautomatische Etikettiermaschine und Etikettierer\" \/>\n<meta property=\"og:description\" content=\"Bagmatic bietet Ihnen vollautomatische und halbautomatische Etikettierer und Etikettiermaschinen f\u00fcr Ihr Unternehmen an. Jetzt anfragen und beraten lassen!\" \/>\n<meta property=\"og:url\" content=\"https:\/\/www.bagmatic.com\/de\/automatische-etikettiermaschine\/\" \/>\n<meta property=\"og:site_name\" content=\"BagMatic\" \/>\n<meta property=\"article:modified_time\" content=\"2022-07-12T10:50:18+00:00\" \/>\n<meta name=\"twitter:card\" content=\"summary_large_image\" \/>\n<meta name=\"twitter:label1\" content=\"Gesch\u00e4tzte Lesezeit\" \/>\n\t<meta name=\"twitter:data1\" content=\"5\u00a0Minuten\" \/>\n<script type=\"application\/ld+json\" class=\"yoast-schema-graph\">{\"@context\":\"https:\/\/schema.org\",\"@graph\":[{\"@type\":\"WebPage\",\"@id\":\"https:\/\/www.bagmatic.com\/de\/automatische-etikettiermaschine\/\",\"url\":\"https:\/\/www.bagmatic.com\/de\/automatische-etikettiermaschine\/\",\"name\":\"Vollautomatische und halbautomatische Etikettiermaschine und Etikettierer\",\"isPartOf\":{\"@id\":\"https:\/\/www.bagmatic.com\/de\/#website\"},\"datePublished\":\"2022-07-12T10:42:43+00:00\",\"dateModified\":\"2022-07-12T10:50:18+00:00\",\"description\":\"Bagmatic bietet Ihnen vollautomatische und halbautomatische Etikettierer und Etikettiermaschinen f\u00fcr Ihr Unternehmen an. Jetzt anfragen und beraten lassen!\",\"breadcrumb\":{\"@id\":\"https:\/\/www.bagmatic.com\/de\/automatische-etikettiermaschine\/#breadcrumb\"},\"inLanguage\":\"de\",\"potentialAction\":[{\"@type\":\"ReadAction\",\"target\":[\"https:\/\/www.bagmatic.com\/de\/automatische-etikettiermaschine\/\"]}]},{\"@type\":\"BreadcrumbList\",\"@id\":\"https:\/\/www.bagmatic.com\/de\/automatische-etikettiermaschine\/#breadcrumb\",\"itemListElement\":[{\"@type\":\"ListItem\",\"position\":1,\"name\":\"Start\",\"item\":\"https:\/\/www.bagmatic.com\/de\/\"},{\"@type\":\"ListItem\",\"position\":2,\"name\":\"Automatische Etikettiermaschinen\"}]},{\"@type\":\"WebSite\",\"@id\":\"https:\/\/www.bagmatic.com\/de\/#website\",\"url\":\"https:\/\/www.bagmatic.com\/de\/\",\"name\":\"BagMatic\",\"description\":\"\",\"publisher\":{\"@id\":\"https:\/\/www.bagmatic.com\/de\/#organization\"},\"potentialAction\":[{\"@type\":\"SearchAction\",\"target\":{\"@type\":\"EntryPoint\",\"urlTemplate\":\"https:\/\/www.bagmatic.com\/de\/?s={search_term_string}\"},\"query-input\":\"required name=search_term_string\"}],\"inLanguage\":\"de\"},{\"@type\":\"Organization\",\"@id\":\"https:\/\/www.bagmatic.com\/de\/#organization\",\"name\":\"BAGMATIC\u00ae GmbH\",\"url\":\"https:\/\/www.bagmatic.com\/de\/\",\"logo\":{\"@type\":\"ImageObject\",\"inLanguage\":\"de\",\"@id\":\"https:\/\/www.bagmatic.com\/de\/#\/schema\/logo\/image\/\",\"url\":\"https:\/\/www.bagmatic.com\/wp-content\/uploads\/bagmatic-logo.png\",\"contentUrl\":\"https:\/\/www.bagmatic.com\/wp-content\/uploads\/bagmatic-logo.png\",\"width\":500,\"height\":114,\"caption\":\"BAGMATIC\u00ae GmbH\"},\"image\":{\"@id\":\"https:\/\/www.bagmatic.com\/de\/#\/schema\/logo\/image\/\"}}]}<\/script>\n<!-- \/ Yoast SEO plugin. -->","yoast_head_json":{"title":"Vollautomatische und halbautomatische Etikettiermaschine und Etikettierer","description":"Bagmatic bietet Ihnen vollautomatische und halbautomatische Etikettierer und Etikettiermaschinen f\u00fcr Ihr Unternehmen an. Jetzt anfragen und beraten lassen!","robots":{"index":"index","follow":"follow","max-snippet":"max-snippet:-1","max-image-preview":"max-image-preview:large","max-video-preview":"max-video-preview:-1"},"canonical":"https:\/\/www.bagmatic.com\/de\/automatische-etikettiermaschine\/","og_locale":"de_DE","og_type":"article","og_title":"Vollautomatische und halbautomatische Etikettiermaschine und Etikettierer","og_description":"Bagmatic bietet Ihnen vollautomatische und halbautomatische Etikettierer und Etikettiermaschinen f\u00fcr Ihr Unternehmen an. Jetzt anfragen und beraten lassen!","og_url":"https:\/\/www.bagmatic.com\/de\/automatische-etikettiermaschine\/","og_site_name":"BagMatic","article_modified_time":"2022-07-12T10:50:18+00:00","twitter_card":"summary_large_image","twitter_misc":{"Gesch\u00e4tzte Lesezeit":"5\u00a0Minuten"},"schema":{"@context":"https:\/\/schema.org","@graph":[{"@type":"WebPage","@id":"https:\/\/www.bagmatic.com\/de\/automatische-etikettiermaschine\/","url":"https:\/\/www.bagmatic.com\/de\/automatische-etikettiermaschine\/","name":"Vollautomatische und halbautomatische Etikettiermaschine und Etikettierer","isPartOf":{"@id":"https:\/\/www.bagmatic.com\/de\/#website"},"datePublished":"2022-07-12T10:42:43+00:00","dateModified":"2022-07-12T10:50:18+00:00","description":"Bagmatic bietet Ihnen vollautomatische und halbautomatische Etikettierer und Etikettiermaschinen f\u00fcr Ihr Unternehmen an. Jetzt anfragen und beraten lassen!","breadcrumb":{"@id":"https:\/\/www.bagmatic.com\/de\/automatische-etikettiermaschine\/#breadcrumb"},"inLanguage":"de","potentialAction":[{"@type":"ReadAction","target":["https:\/\/www.bagmatic.com\/de\/automatische-etikettiermaschine\/"]}]},{"@type":"BreadcrumbList","@id":"https:\/\/www.bagmatic.com\/de\/automatische-etikettiermaschine\/#breadcrumb","itemListElement":[{"@type":"ListItem","position":1,"name":"Start","item":"https:\/\/www.bagmatic.com\/de\/"},{"@type":"ListItem","position":2,"name":"Automatische Etikettiermaschinen"}]},{"@type":"WebSite","@id":"https:\/\/www.bagmatic.com\/de\/#website","url":"https:\/\/www.bagmatic.com\/de\/","name":"BagMatic","description":"","publisher":{"@id":"https:\/\/www.bagmatic.com\/de\/#organization"},"potentialAction":[{"@type":"SearchAction","target":{"@type":"EntryPoint","urlTemplate":"https:\/\/www.bagmatic.com\/de\/?s={search_term_string}"},"query-input":"required name=search_term_string"}],"inLanguage":"de"},{"@type":"Organization","@id":"https:\/\/www.bagmatic.com\/de\/#organization","name":"BAGMATIC\u00ae GmbH","url":"https:\/\/www.bagmatic.com\/de\/","logo":{"@type":"ImageObject","inLanguage":"de","@id":"https:\/\/www.bagmatic.com\/de\/#\/schema\/logo\/image\/","url":"https:\/\/www.bagmatic.com\/wp-content\/uploads\/bagmatic-logo.png","contentUrl":"https:\/\/www.bagmatic.com\/wp-content\/uploads\/bagmatic-logo.png","width":500,"height":114,"caption":"BAGMATIC\u00ae GmbH"},"image":{"@id":"https:\/\/www.bagmatic.com\/de\/#\/schema\/logo\/image\/"}}]}},"_links":{"self":[{"href":"https:\/\/www.bagmatic.com\/de\/wp-json\/wp\/v2\/pages\/2064"}],"collection":[{"href":"https:\/\/www.bagmatic.com\/de\/wp-json\/wp\/v2\/pages"}],"about":[{"href":"https:\/\/www.bagmatic.com\/de\/wp-json\/wp\/v2\/types\/page"}],"author":[{"embeddable":true,"href":"https:\/\/www.bagmatic.com\/de\/wp-json\/wp\/v2\/users\/1"}],"replies":[{"embeddable":true,"href":"https:\/\/www.bagmatic.com\/de\/wp-json\/wp\/v2\/comments?post=2064"}],"version-history":[{"count":3,"href":"https:\/\/www.bagmatic.com\/de\/wp-json\/wp\/v2\/pages\/2064\/revisions"}],"predecessor-version":[{"id":2067,"href":"https:\/\/www.bagmatic.com\/de\/wp-json\/wp\/v2\/pages\/2064\/revisions\/2067"}],"wp:attachment":[{"href":"https:\/\/www.bagmatic.com\/de\/wp-json\/wp\/v2\/media?parent=2064"}],"curies":[{"name":"wp","href":"https:\/\/api.w.org\/{rel}","templated":true}]}}