{"id":2141,"date":"2022-11-09T11:53:04","date_gmt":"2022-11-09T10:53:04","guid":{"rendered":"https:\/\/www.bagmatic.com\/?page_id=2141"},"modified":"2022-11-09T11:56:44","modified_gmt":"2022-11-09T10:56:44","slug":"automatische-dokumentenzufuehrung-dokumenteneinzug","status":"publish","type":"page","link":"https:\/\/www.bagmatic.com\/de\/automatische-dokumentenzufuehrung-dokumenteneinzug\/","title":{"rendered":"Automatische Dokumentenzuf\u00fchrungen"},"content":{"rendered":"<section class=\"wpb-content-wrapper\"><p>[vc_row][vc_column width=&#8220;1\/2&#8243;][vc_column_text text_larger=&#8220;no&#8220;]<\/p>\n<h2><strong>Dokumentenzuf\u00fchrung &#8211; Auf Langlebigkeit ausgelegt und mit bew\u00e4hrter Leistung ausgestattet<\/strong><\/h2>\n<p>Wir bieten verschiedene Druckl\u00f6sungen an. Sie k\u00f6nnen damit Papieretiketten bedrucken oder das Inline-Druckverfahren f\u00fcr den einfachen, direkten Beuteldruck nutzen. Dar\u00fcber hinaus k\u00f6nnen flexible Verpackungen, (Schlauch-) Beutel, Doypacks, Folien und Beutel w\u00e4hrend\/vor oder nach dem Bef\u00fcllen bedruckt werden. Dar\u00fcber hinaus kann ein Drucker mit automatischer Dokumentenzuf\u00fchrungen Ihre Prozesse erheblich verbessern.<br \/>\nMit einer automatischen Dokumentenzuf\u00fchrungen minimieren Sie Ausfallzeiten, Verz\u00f6gerungen oder auch Unterbrechungen. Mit anderen Worten, der Drucker sollte zuverl\u00e4ssig funktionieren. Zudem sollte die Integration eines Druckers keine neuen Risiken mit sich bringen. Au\u00dferdem sollte das Ger\u00e4t einfach zu handhaben sein. Unsere Drucker sind einfach zu integrieren und fern zu verwalten. St\u00f6bern Sie auf unserer Webseite und finden Sie Ihren passenden Drucker mit automatischer Dokumentenzuf\u00fchrungen.<\/p>\n<h2><strong>Was ist ein automatischer Dokumenteneinzug?<\/strong><\/h2>\n<p>Mit dem automatischen Dokumenteneinzug k\u00f6nnen Sie beim Scannen automatisch eine oder mehrere Seiten einlegen. Das ist bei Scannern schon sehr praktisch, aber bei MFPs wird die Kopierfunktion noch viel n\u00fctzlicher. Die meisten Ger\u00e4te unterst\u00fctzen das Scannen, indem Dokumente auf der Glasscheibe platziert werden. Dies kann in bestimmten Situationen erforderlich sein, wenn Sie Seiten aus B\u00fcchern oder anderen Materialien scannen, die nicht auf einem Dokumentenscanner wiedergegeben werden k\u00f6nnen. Auch kleine Fotos, die nicht f\u00fcr den Einzug geeignet sind, k\u00f6nnen auf der flachen Platte gescannt werden. Achten Sie darauf, den automatischen Vorlageneinzug nicht mit dem &#8222;Einzelblatteinzug&#8220; zu verwechseln. Mit dem Einzelblatteinzug k\u00f6nnen Sie drucken, ohne das Papierfach \u00f6ffnen zu m\u00fcssen, indem Sie einfach Papier einlegen.<\/p>\n<h2><strong>Automatische Dokumentenzuf\u00fchrungen &#8211; Vorteile<\/strong><\/h2>\n<p>Die Verwendung von automatischen Dokumentenzuf\u00fchrungen hat viele Vorteile. Vor allem spart das Scannen mehrerer Dokumente Zeit, da Sie die Klappe des Druckers mit automatischem Dokumenteneinzug nicht f\u00fcr jeden Scan \u00f6ffnen m\u00fcssen. Au\u00dferdem m\u00fcssen Sie den Scanvorgang nicht \u00fcberwachen, insbesondere wenn Sie verschiedene Dokumente scannen. Beachten Sie jedoch, dass die Kapazit\u00e4t des Zufuhrfachs auf eine bestimmte Anzahl von Seiten begrenzt ist. Genauere Informationen finden Sie im Testbericht des jeweiligen Druckers. Au\u00dferdem k\u00f6nnen mit solchen Einz\u00fcgen gescannte mehrseitige Dokumente einfach einander zugeordnet werden. Bei mehrseitigen Dokumenten l\u00e4sst sich beispielsweise mit einer Scannersoftware meist problemlos ein mehrseitiges PDF aus allen Einzelscans erzeugen. Solche Dokumente k\u00f6nnen auch direkt vom Scanner per E-Mail versendet werden, wenn der Scanner die Scan-to-Mail-Funktion unterst\u00fctzt. Nat\u00fcrlich k\u00f6nnen Sie auf die gleiche Weise auch direkt Kopien von mehrseitigen Dokumenten erstellen, ohne diese vorher von Ihrem Computer aus einzuscannen. Laserdrucker sind sehr effizient, daher geschieht dies normalerweise sehr schnell. Sowohl die Druckgeschwindigkeit als auch die Vorschubgeschwindigkeit sind limitierende Faktoren.<\/p>\n<h2><strong>Scanner mit automatischer Dokumentenzuf\u00fchrung<\/strong><\/h2>\n<p>Der Fachbegriff Automatic Document Feeder (ADF) bedeutet auf Deutsch automatischer Dokumentenwechsler (AVW) oder automatischer Dokumenteneinzug. Praktische Funktionen werden in Druckern, Scannern, Kopierern und Multifunktionsger\u00e4ten verwendet. Automatische Dokumentenzuf\u00fchrungen arbeiten entweder mit Laser- oder LED-Technologie, um ein oder mehrere Dokumente automatisch zu scannen.[\/vc_column_text][\/vc_column][vc_column width=&#8220;1\/2&#8243;][vc_column_text text_larger=&#8220;no&#8220;]Durch den automatischen Schablonenwechsler ist das Ger\u00e4t viel vielseitiger und zeitsparender einsetzbar. Dies ist der automatische Dokumenteneinzug oben auf dem Scanner. Mit diesem Ger\u00e4t k\u00f6nnen Sie mehrere Einzelbl\u00e4tter bis hin zu ganzen Stapeln automatisch dem Scanner zuf\u00fchren. Dokumentenzuf\u00fchrungen vereinfachen Ihre Arbeit erheblich, insbesondere beim Kopieren mehrerer Dokumente. Die meisten dieser MFPs sind auch mit einem Faxmodul ausgestattet. Das bedeutet, dass Sie mehrseitige Dokumente gleichzeitig scannen und faxen k\u00f6nnen. Moderne ADF-Drucker nehmen nicht nur einseitige Vorlagen auf, sondern k\u00f6nnen auch doppelseitiges Scannen und Kopieren problemlos erm\u00f6glichen.<\/p>\n<h2><strong>Automatischer Dokumenteneinzug am Drucker &#8211; ADF Prozesse<\/strong><\/h2>\n<p>ADF-Drucker k\u00f6nnen automatisch eine oder mehrere Seiten (verschiedene Formate) \u00fcber den automatischen Dokumenteneinzug zuf\u00fchren und verarbeiten. Mit dem Printer ADF sind keine manuellen Dokumenten\u00e4nderungen mehr erforderlich. Blatt f\u00fcr Blatt wird jede Seite eingezogen, verarbeitet und wieder in das Fach zur\u00fcckgelegt. Dokumente werden von ADF-Scannern mit LED- oder Lasertechnologie pr\u00e4zise erfasst und digitalisiert. Scanleistung und Rohkapazit\u00e4t h\u00e4ngen von Modell, Ger\u00e4t und Hersteller ab und k\u00f6nnen erheblich variieren. Unabh\u00e4ngig davon werden die einzelnen Seiten in der Reihenfolge gescannt und verarbeitet, in der sie in den automatischen Dokumenteneinzug eingelegt wurden. Aufgrund technologischer Vorteile werden Ger\u00e4te mit ADFs von vielen Privathaushalten und Unternehmen eingesetzt.<\/p>\n<p>Diese praktischen Ger\u00e4te bestehen sowohl aus einem ADF-Scanner als auch aus einem ADF-Drucker. Es wird haupts\u00e4chlich in B\u00fcros verwendet und hat 3 oder 4 Funktionen. Multifunktionsdrucker erm\u00f6glichen Benutzern das Drucken, Scannen, Kopieren und Faxen. Ein leicht zug\u00e4nglicher automatischer Vorlageneinzug befindet sich bei den meisten Modellen oben. Es l\u00e4sst sich mit wenigen Handgriffen an unterschiedliche Papierformate anpassen und modifizieren. Ob es sich um einen einfachen ADF-Drucker, einen ADF-Scanner oder ein MFP handelt, es werden verschiedene ADF-Prozesse verwendet. Es wird zwischen traditioneller Simplex- und moderner Duplex-F\u00e4higkeit unterschieden. Je nach Ger\u00e4t, Preis und Baujahr arbeiten ADF-Drucker in unterschiedlichen Verfahren. Die bekannteste Variante ist die ADF Basic Version. Es kommt in vielen Ger\u00e4ten zum Einsatz und basiert auf dem bew\u00e4hrten Simplex-Prinzip. Bei dieser Methode wird jedes Dokument einzeln eingezogen und durch den ADF-Scanner gef\u00fchrt. Das Blatt wird dann sofort wieder ausgeworfen. Bei der Simplex-Methode scannt der ADF-Drucker immer nur die Vorder- oder R\u00fcckseite des Papiers und ignoriert die andere Seite.<\/p>\n<h3><strong>Automatische Dokumentenzuf\u00fchrungen &#8211; praktisch und effizient<\/strong><\/h3>\n<p>Der Duplex Automatic Document Feeder (DADF) ist eine sinnvolle Weiterentwicklung des ADF. Im Gegensatz zu klassischen ADF-Druckern (einfacher Vorgang) scannt DADF nicht nur die Vorder- oder R\u00fcckseite des Papiers, sondern beide Seiten des Dokuments. Das erspart dem Anwender einen wichtigen Arbeitsschritt, da klassische ADF-Scanner \u00fcber doppelseitige Dokumente verf\u00fcgen m\u00fcssen, die manuell gedreht werden k\u00f6nnen. Je nach Hersteller und Modell wird die Duplex-Technologie auch als reversibler automatischer Dokumenteneinzug (RADF) bezeichnet. Die Duplexfunktion kann f\u00fcr alle Ger\u00e4te aktiviert oder deaktiviert werden. Doch trotz vorhandener Duplex-Technik geben manche Hersteller nichts anderes an und verwenden den klassischen Begriff Automatischer Dokumenteneinzug.<\/p>\n<p>Sicherheitshalber sollte der K\u00e4ufer zun\u00e4chst das Datenblatt oder das Handbuch des ADF-Druckers konsultieren. Daran erkennen Sie, ob das Ger\u00e4t im Simplex- oder im Duplexverfahren arbeitet. Ob ADF-Drucker, MFP oder ADF-Scanner, automatische Dokumentenzuf\u00fchrungen bieten Anwendern viele Vorteile, die deutlich schneller zu bedienen sind: Einerseits spart der Anwender viel Zeit, andererseits wird der Aufwand f\u00fcr das Scannen oder Kopieren mehrerer Seiten reduziert. Dieses Verfahren erfordert kein Wenden des Originals, was zu einer deutlich h\u00f6heren Kopier-\/Scanqualit\u00e4t f\u00fchrt. Der automatische Dokumenteneinzug ist besonders praktisch, wenn Sie Mails, mehrseitige Briefe oder Faxe einscannen m\u00f6chten. Schauen Sie in unserem Online Shop vorbei, wir beraten Sie selbstverst\u00e4ndlich gerne und stehen Ihnen mit Rat und Tat zur Seite.[\/vc_column_text][\/vc_column][\/vc_row]<\/p>\n<\/section>","protected":false},"excerpt":{"rendered":"<p>[vc_row][vc_column width=&#8220;1\/2&#8243;][vc_column_text text_larger=&#8220;no&#8220;] Dokumentenzuf\u00fchrung &#8211; Auf Langlebigkeit ausgelegt und mit bew\u00e4hrter Leistung ausgestattet Wir bieten verschiedene Druckl\u00f6sungen an. Sie k\u00f6nnen<\/p>\n","protected":false},"author":1,"featured_media":0,"parent":0,"menu_order":0,"comment_status":"closed","ping_status":"closed","template":"","meta":[],"yoast_head":"<!-- This site is optimized with the Yoast SEO plugin v20.1 - https:\/\/yoast.com\/wordpress\/plugins\/seo\/ -->\n<title>Automatische Dokumentenzuf\u00fchrungen | Dokumentenzuf\u00fchrungsdrucker<\/title>\n<meta name=\"description\" content=\"Automatische Dokumentenzuf\u00fchrungen f\u00fcr Ihr Unternehmen von BagMatic. Drucker &amp; Scanner mit automatischem Dokumenteneinzug. Jetzt anfragen!\" \/>\n<meta name=\"robots\" content=\"index, follow, max-snippet:-1, max-image-preview:large, max-video-preview:-1\" \/>\n<link rel=\"canonical\" href=\"https:\/\/www.bagmatic.com\/de\/automatische-dokumentenzufuehrung-dokumenteneinzug\/\" \/>\n<meta property=\"og:locale\" content=\"de_DE\" \/>\n<meta property=\"og:type\" content=\"article\" \/>\n<meta property=\"og:title\" content=\"Automatische Dokumentenzuf\u00fchrungen | Dokumentenzuf\u00fchrungsdrucker\" \/>\n<meta property=\"og:description\" content=\"Automatische Dokumentenzuf\u00fchrungen f\u00fcr Ihr Unternehmen von BagMatic. Drucker &amp; Scanner mit automatischem Dokumenteneinzug. Jetzt anfragen!\" \/>\n<meta property=\"og:url\" content=\"https:\/\/www.bagmatic.com\/de\/automatische-dokumentenzufuehrung-dokumenteneinzug\/\" \/>\n<meta property=\"og:site_name\" content=\"BagMatic\" \/>\n<meta property=\"article:modified_time\" content=\"2022-11-09T10:56:44+00:00\" \/>\n<meta name=\"twitter:card\" content=\"summary_large_image\" \/>\n<meta name=\"twitter:label1\" content=\"Gesch\u00e4tzte Lesezeit\" \/>\n\t<meta name=\"twitter:data1\" content=\"6\u00a0Minuten\" \/>\n<script type=\"application\/ld+json\" class=\"yoast-schema-graph\">{\"@context\":\"https:\/\/schema.org\",\"@graph\":[{\"@type\":\"WebPage\",\"@id\":\"https:\/\/www.bagmatic.com\/de\/automatische-dokumentenzufuehrung-dokumenteneinzug\/\",\"url\":\"https:\/\/www.bagmatic.com\/de\/automatische-dokumentenzufuehrung-dokumenteneinzug\/\",\"name\":\"Automatische Dokumentenzuf\u00fchrungen | Dokumentenzuf\u00fchrungsdrucker\",\"isPartOf\":{\"@id\":\"https:\/\/www.bagmatic.com\/de\/#website\"},\"datePublished\":\"2022-11-09T10:53:04+00:00\",\"dateModified\":\"2022-11-09T10:56:44+00:00\",\"description\":\"Automatische Dokumentenzuf\u00fchrungen f\u00fcr Ihr Unternehmen von BagMatic. Drucker & Scanner mit automatischem Dokumenteneinzug. Jetzt anfragen!\",\"breadcrumb\":{\"@id\":\"https:\/\/www.bagmatic.com\/de\/automatische-dokumentenzufuehrung-dokumenteneinzug\/#breadcrumb\"},\"inLanguage\":\"de\",\"potentialAction\":[{\"@type\":\"ReadAction\",\"target\":[\"https:\/\/www.bagmatic.com\/de\/automatische-dokumentenzufuehrung-dokumenteneinzug\/\"]}]},{\"@type\":\"BreadcrumbList\",\"@id\":\"https:\/\/www.bagmatic.com\/de\/automatische-dokumentenzufuehrung-dokumenteneinzug\/#breadcrumb\",\"itemListElement\":[{\"@type\":\"ListItem\",\"position\":1,\"name\":\"Start\",\"item\":\"https:\/\/www.bagmatic.com\/de\/\"},{\"@type\":\"ListItem\",\"position\":2,\"name\":\"Automatische Dokumentenzuf\u00fchrungen\"}]},{\"@type\":\"WebSite\",\"@id\":\"https:\/\/www.bagmatic.com\/de\/#website\",\"url\":\"https:\/\/www.bagmatic.com\/de\/\",\"name\":\"BagMatic\",\"description\":\"\",\"publisher\":{\"@id\":\"https:\/\/www.bagmatic.com\/de\/#organization\"},\"potentialAction\":[{\"@type\":\"SearchAction\",\"target\":{\"@type\":\"EntryPoint\",\"urlTemplate\":\"https:\/\/www.bagmatic.com\/de\/?s={search_term_string}\"},\"query-input\":\"required name=search_term_string\"}],\"inLanguage\":\"de\"},{\"@type\":\"Organization\",\"@id\":\"https:\/\/www.bagmatic.com\/de\/#organization\",\"name\":\"BAGMATIC\u00ae GmbH\",\"url\":\"https:\/\/www.bagmatic.com\/de\/\",\"logo\":{\"@type\":\"ImageObject\",\"inLanguage\":\"de\",\"@id\":\"https:\/\/www.bagmatic.com\/de\/#\/schema\/logo\/image\/\",\"url\":\"https:\/\/www.bagmatic.com\/wp-content\/uploads\/bagmatic-logo.png\",\"contentUrl\":\"https:\/\/www.bagmatic.com\/wp-content\/uploads\/bagmatic-logo.png\",\"width\":500,\"height\":114,\"caption\":\"BAGMATIC\u00ae GmbH\"},\"image\":{\"@id\":\"https:\/\/www.bagmatic.com\/de\/#\/schema\/logo\/image\/\"}}]}<\/script>\n<!-- \/ Yoast SEO plugin. -->","yoast_head_json":{"title":"Automatische Dokumentenzuf\u00fchrungen | Dokumentenzuf\u00fchrungsdrucker","description":"Automatische Dokumentenzuf\u00fchrungen f\u00fcr Ihr Unternehmen von BagMatic. Drucker & Scanner mit automatischem Dokumenteneinzug. Jetzt anfragen!","robots":{"index":"index","follow":"follow","max-snippet":"max-snippet:-1","max-image-preview":"max-image-preview:large","max-video-preview":"max-video-preview:-1"},"canonical":"https:\/\/www.bagmatic.com\/de\/automatische-dokumentenzufuehrung-dokumenteneinzug\/","og_locale":"de_DE","og_type":"article","og_title":"Automatische Dokumentenzuf\u00fchrungen | Dokumentenzuf\u00fchrungsdrucker","og_description":"Automatische Dokumentenzuf\u00fchrungen f\u00fcr Ihr Unternehmen von BagMatic. Drucker & Scanner mit automatischem Dokumenteneinzug. Jetzt anfragen!","og_url":"https:\/\/www.bagmatic.com\/de\/automatische-dokumentenzufuehrung-dokumenteneinzug\/","og_site_name":"BagMatic","article_modified_time":"2022-11-09T10:56:44+00:00","twitter_card":"summary_large_image","twitter_misc":{"Gesch\u00e4tzte Lesezeit":"6\u00a0Minuten"},"schema":{"@context":"https:\/\/schema.org","@graph":[{"@type":"WebPage","@id":"https:\/\/www.bagmatic.com\/de\/automatische-dokumentenzufuehrung-dokumenteneinzug\/","url":"https:\/\/www.bagmatic.com\/de\/automatische-dokumentenzufuehrung-dokumenteneinzug\/","name":"Automatische Dokumentenzuf\u00fchrungen | Dokumentenzuf\u00fchrungsdrucker","isPartOf":{"@id":"https:\/\/www.bagmatic.com\/de\/#website"},"datePublished":"2022-11-09T10:53:04+00:00","dateModified":"2022-11-09T10:56:44+00:00","description":"Automatische Dokumentenzuf\u00fchrungen f\u00fcr Ihr Unternehmen von BagMatic. Drucker & Scanner mit automatischem Dokumenteneinzug. Jetzt anfragen!","breadcrumb":{"@id":"https:\/\/www.bagmatic.com\/de\/automatische-dokumentenzufuehrung-dokumenteneinzug\/#breadcrumb"},"inLanguage":"de","potentialAction":[{"@type":"ReadAction","target":["https:\/\/www.bagmatic.com\/de\/automatische-dokumentenzufuehrung-dokumenteneinzug\/"]}]},{"@type":"BreadcrumbList","@id":"https:\/\/www.bagmatic.com\/de\/automatische-dokumentenzufuehrung-dokumenteneinzug\/#breadcrumb","itemListElement":[{"@type":"ListItem","position":1,"name":"Start","item":"https:\/\/www.bagmatic.com\/de\/"},{"@type":"ListItem","position":2,"name":"Automatische Dokumentenzuf\u00fchrungen"}]},{"@type":"WebSite","@id":"https:\/\/www.bagmatic.com\/de\/#website","url":"https:\/\/www.bagmatic.com\/de\/","name":"BagMatic","description":"","publisher":{"@id":"https:\/\/www.bagmatic.com\/de\/#organization"},"potentialAction":[{"@type":"SearchAction","target":{"@type":"EntryPoint","urlTemplate":"https:\/\/www.bagmatic.com\/de\/?s={search_term_string}"},"query-input":"required name=search_term_string"}],"inLanguage":"de"},{"@type":"Organization","@id":"https:\/\/www.bagmatic.com\/de\/#organization","name":"BAGMATIC\u00ae GmbH","url":"https:\/\/www.bagmatic.com\/de\/","logo":{"@type":"ImageObject","inLanguage":"de","@id":"https:\/\/www.bagmatic.com\/de\/#\/schema\/logo\/image\/","url":"https:\/\/www.bagmatic.com\/wp-content\/uploads\/bagmatic-logo.png","contentUrl":"https:\/\/www.bagmatic.com\/wp-content\/uploads\/bagmatic-logo.png","width":500,"height":114,"caption":"BAGMATIC\u00ae GmbH"},"image":{"@id":"https:\/\/www.bagmatic.com\/de\/#\/schema\/logo\/image\/"}}]}},"_links":{"self":[{"href":"https:\/\/www.bagmatic.com\/de\/wp-json\/wp\/v2\/pages\/2141"}],"collection":[{"href":"https:\/\/www.bagmatic.com\/de\/wp-json\/wp\/v2\/pages"}],"about":[{"href":"https:\/\/www.bagmatic.com\/de\/wp-json\/wp\/v2\/types\/page"}],"author":[{"embeddable":true,"href":"https:\/\/www.bagmatic.com\/de\/wp-json\/wp\/v2\/users\/1"}],"replies":[{"embeddable":true,"href":"https:\/\/www.bagmatic.com\/de\/wp-json\/wp\/v2\/comments?post=2141"}],"version-history":[{"count":1,"href":"https:\/\/www.bagmatic.com\/de\/wp-json\/wp\/v2\/pages\/2141\/revisions"}],"predecessor-version":[{"id":2142,"href":"https:\/\/www.bagmatic.com\/de\/wp-json\/wp\/v2\/pages\/2141\/revisions\/2142"}],"wp:attachment":[{"href":"https:\/\/www.bagmatic.com\/de\/wp-json\/wp\/v2\/media?parent=2141"}],"curies":[{"name":"wp","href":"https:\/\/api.w.org\/{rel}","templated":true}]}}