{"id":2154,"date":"2022-11-24T12:39:13","date_gmt":"2022-11-24T11:39:13","guid":{"rendered":"https:\/\/www.bagmatic.com\/?page_id=2154"},"modified":"2022-11-24T12:39:13","modified_gmt":"2022-11-24T11:39:13","slug":"ettiketierer-etikettiergeraete-etikettiermaschine","status":"publish","type":"page","link":"https:\/\/www.bagmatic.com\/de\/ettiketierer-etikettiergeraete-etikettiermaschine\/","title":{"rendered":"Ettiketierer"},"content":{"rendered":"<section class=\"wpb-content-wrapper\"><p>[vc_row gap=&#8220;35&#8243; mobile_bg_img_hidden=&#8220;no&#8220; tablet_bg_img_hidden=&#8220;no&#8220; woodmart_parallax=&#8220;0&#8243; woodmart_gradient_switch=&#8220;no&#8220; row_reverse_mobile=&#8220;0&#8243; row_reverse_tablet=&#8220;0&#8243; woodmart_disable_overflow=&#8220;0&#8243;][vc_column width=&#8220;1\/2&#8243;][vc_column_text text_larger=&#8220;no&#8220;]<\/p>\n<h2><strong>Etikettierer f\u00fcr alle Etikettier-Aufgaben in der Industrie<\/strong><\/h2>\n<p>Etiketten finden in der Industrie vielf\u00e4ltig Anwendung. Aufgrund dessen sind viele Unternehmen auf Maschinen zum Aufbringen von Etiketten angewiesen. Damit Etikettieraufgaben in einem Unternehmen schnell und effizient vollzogen werden k\u00f6nnen, lohnt es sich in einen hochwertigen Etikettenapplikator zu investieren. Dieser funktioniert automatisch und kann in vielerlei Branchen zum Einsatz kommen. Mit modernen Etikettiermaschinen k\u00f6nnen Sie Etiketten auf unterschiedliche Oberfl\u00e4chen und Verpackungstypen aufbringen. Ob klassischer Beutel, Schlauchbeutel, Standbodenbeutel, Folien oder T\u00fcten, mit einer erstklassigen Etikettiermaschine k\u00f6nnen Sie alles etikettieren, was Sie m\u00f6chten. Dies ist auch sehr wichtig in einem Industrieunternehmen. Ein schnelles Etikettieren beschleunigt n\u00e4mlich gleichzeitig Prozesse und erm\u00f6glicht ein effektives sowie effizientes Arbeiten. Investieren Sie in die Optimierung Ihres Unternehmens und legen Sie sich einen erstklassigen, premium Etikettierer an.<\/p>\n<h2><strong>Etikettenapplikator-Maschine, um QR-Codes professionell zu drucken<\/strong><\/h2>\n<p>Mit einer Etikettenapplikator-Maschine k\u00f6nnen Sie Etiketten mit verschiedensten Inhalten und in verschiedensten Gr\u00f6\u00dfen drucken. H\u00e4ufig werden Etikettenapplikatoren beispielsweise zum Drucken und Aufbringen von QR-Codes verwendet. QR-Codes k\u00f6nnen Informationen jeglicher Art enthalten und sind deshalb eine beliebte Methode um Physisches mit Digitalem zu verbinden. Die Informationen auf einem QR-Code k\u00f6nnen beispielsweise Webadressen, Coupons oder Kontaktdaten enthalten. Ein QR-Code eignet sich demnach perfekt, um auf einfachem Weg pr\u00e4zise Informationen zu vermitteln. Etikettierger\u00e4te erm\u00f6glichen ein schnelles sowie professionelles Drucken solcher QR-Codes. Im Arbeitsalltag ist dies sehr wichtig, um zeitsparend arbeiten zu k\u00f6nnen. Doch nicht nur QR-Codes k\u00f6nnen industrielle Etikettenapplikatoren drucken. Auch Ihr Firmenlogo k\u00f6nnen Sie beispielsweise von einem Etikettierer drucken lassen. Ein hochwertiger Etikettierer bietet Ihnen vielseitige M\u00f6glichkeiten zur Individualisierung und zur Anpassung an ihr Unternehmen und dessen Anspr\u00fcche.<\/p>\n<h2><strong>Etikettenapplikator \u2013 Umfangreiche Anwendungsm\u00f6glichkeiten<\/strong><\/h2>\n<p>Bei Bitmatic finden Sie eine gro\u00dfe Auswahl an Etikettenapplikatoren. Je nach Unternehmensgr\u00f6\u00dfe, -art, und Einsatzort sollten Sie sich f\u00fcr unterschiedliche, f\u00fcr den jeweiligen Einsatzort geeignete Ger\u00e4te entscheiden. Wir bieten beispielsweise vollautomatische Ger\u00e4te an, welche zus\u00e4tzlich \u00fcber verschiedene Druck- und Kontrollsystemauswahlen verf\u00fcgen. Diese eignen sich besonders f\u00fcr Unternehmen der Industrie, bei welchem komplexe und zugleich individuelle L\u00f6sungen gefunden und umgesetzt werden m\u00fcssen. Da Ihnen ein automatischer Paket-Etikettierer das Erstellen von Fehlerhaften Etiketten, mit falschen Inhalten erspart, m\u00fcssen Sie keine Materialien aufgrund von Unbrauchbarkeit wegschmei\u00dfen. So k\u00f6nnen Sie Geld und auch Zeit sparen. Unter den automatischen Ger\u00e4ten bieten wir zum Beispiel den Ti1000-Drucker f\u00fcr unsere Kunden an. Dieser arbeitet automatisch und funktioniert inline mit T1000-Industriemaschinen. So k\u00f6nnen Sie nicht nur hochwertige und auch komplexe, selbst designte Motive drucken, sondern auch flexibel das was gedruckt werden soll ab\u00e4ndern und anpassen.<\/p>\n<h3><strong>Industrielle Etikettiermaschinen \u2013 Halbautomatische Etikettierer<\/strong><\/h3>\n<p>Neben vollautomatischen Etikettiermaschinen bieten wir bei Bagmatic auch halbautomatische Maschinen f\u00fcr unsere Kunden an. Solche eignen sich besonders f\u00fcr das Bedrucken von kleinen, bis mittelgro\u00dfen Chargen. Die Vorteile eines halbautomatischen Etikettierers sind unter anderem dessen sehr hohe Etikettiergenauigkeit. Gleichzeitig erlauben halbautomatische Etikettiermaschinen dennoch einen effizienten Ablauf und \u00fcberzeugen durch geringere Anschaffungskosten als vollautomatische Ger\u00e4te.[\/vc_column_text][\/vc_column][vc_column width=&#8220;1\/2&#8243;][vc_column_text text_larger=&#8220;no&#8220;]Unsere halbautomatische Etikettiermaschine verf\u00fcgt au\u00dferdem \u00fcber die patentierte \u201eNext Bag Out\u201c Technologie, welche einen kontinuierlichen Beuteldruck erm\u00f6glicht. Der vierfarbige Touchscreen erm\u00f6glicht das Erscheinen von Pop-Up Benachrichtigungen sowie von Betriebs- und Fehlermeldungen. Beutel k\u00f6nnen noch vor dem Bef\u00fcllen bedruckt werden, sodass Produkte genau identifiziert werden k\u00f6nnen. So wird es Ihnen m\u00f6glich gemacht umfangreiche Mengen an Artikelnummern und Verpackungen herzustellen.<\/p>\n<h3><strong>Horizontale automatische industrielle Eitkettiermaschine von Bagmatic<\/strong><\/h3>\n<p>Neben den zuvor vorgestellten automatischen Etikettiermaschinen, k\u00f6nnen Sie bei uns f\u00fcr Ihr Unternehmen auch horizontale automatische Etikettierer erwerben. Diese funktionieren im Grunde wie die T1000 k\u00f6nnen aber zus\u00e4tzliches, auf die optimale horizontale und geneigte Position pr\u00e4zise eingestellt werden. Vor allem das Laden von S\u00e4cken wird so erleichtert. Alle Produkte und Objekte, welche also nicht auf die Industriemaschine T1000 gelegt werden k\u00f6nnen, da es zu umst\u00e4ndlich w\u00e4re oder es von den Ma\u00dfen nicht m\u00f6glich ist, k\u00f6nnen so dennoch professionell und perfekt etikettiert werden. Alle Produkte, welche nicht vertikal auf die Maschine gelegt werden, werden demnach mithilfe der horizontalen Maschine horizontal in den Beutel bef\u00f6rdert und automatisch etikettiert. Nach dem automatischen Etikettieren wird der Beutel zudem automatisch verschlossen und weiterbef\u00f6rdert. W\u00e4hrend des Vorgangs kann bereits der jeweils n\u00e4chste Beutel bearbeitet werden. Eine horizontale automatische industrielle Etikettiermaschine erm\u00f6glicht Ihnen also ebenfalls die Effizienz Ihres Unternehmens zu steigern.<\/p>\n<h2><strong>Produkt-Etikettiermaschine \u2013 Effizientes Etikettieren f\u00fcr reibungslose Abl\u00e4ufe<\/strong><\/h2>\n<p>Unabh\u00e4ngig davon, ob Sie sich f\u00fcr einen automatischen oder halbautomatischen Etikettierer entscheiden. Industrielle Etikettiermaschinen erleichtern Ihnen den Alltag in Ihrem Unternehmen. Etikettiermaschinen sind die beste und vor allem effizienteste M\u00f6glichkeit, um Pakete, Paletten und andere Waren auf schnellem Weg und ohne gro\u00dfen Aufwand zu etikettieren. Durch die vielen verschiedenen Varianten kann jedes Unternehmen eine f\u00fcr sich perfekte Etikettiermaschine finden. Nehmen Sie gerne Kontakt mit uns auf und lassen Sie sich unverbindlich beraten. Unser erfahrenes Team hilft Ihnen einen geeigneten Etikettierer f\u00fcr Ihr Anliegen zu finden, welcher auf Ihr Budget und Ihr Unternehmen optimal zugeschnitten ist. F\u00fcr Start-Up Unternehmen, welche eventuell, aufgrund eher kleinerer Produktmengen per Hand etikettieren lohnt sich ein Etikettierer genauso wie f\u00fcr gr\u00f6\u00dfere Unternehmen mit umfangreichen Produktmengen. Egal, ob Sie Ihre Ger\u00e4te und Arbeitsweisen optimieren m\u00f6chte, Ihr Unternehmen sich vergr\u00f6\u00dfert hat und Sie auf Ger\u00e4te umsteigen m\u00f6chten oder, ob Sie modernere L\u00f6sungen suchen, wir sind f\u00fcr Sie da!<\/p>\n<h3><strong>Bagmatic &#8211; Automatische Etikettenanbringungsmaschinenlabelers<\/strong><\/h3>\n<p>Bagmatic ist Ihr professioneller Ansprechpartner in Sachen Etikettiermaschinen-Ausr\u00fcstung. Bereits in dritter Generation f\u00fchren wir unser Unternehmen mit viel Herz und Leidenschaft. Unser umfangreiches Wissen \u00fcber Verpackungsl\u00f6sungen ist in den Jahren stark gewachsen und wurde von Generation zu Generation weitergegeben. Wir sind mit den aktuellen Entwicklungen bestens vertraut und bieten unseren Kunden immer moderne und zugleich einzigartige L\u00f6sungen an. Wir k\u00f6nnen individuell auf Ihre Bed\u00fcrfnisse eingehen und sind auch in der Lage personalisierte L\u00f6sungen f\u00fcr Sie zu entwickeln. Da das Aufbringen von Etiketten ein essentieller Schritt im Verpackungsbereich ist und notwendig ist, um Waren beispielsweise versenden zu k\u00f6nnen, sind in diesem Bereich durchgekl\u00fcgelte L\u00f6sungen sehr wichtig. Etiketten schnell drucken und direkt aufbringen zu k\u00f6nnen, durch ein und dieselbe Maschine, erm\u00f6glicht Ihnen sehr viel Zeit zu sparen. Ihre Mitarbeiter k\u00f6nnen sich dadurch auf andere wichtige Aufgaben konzentrieren, was Ihr Unternehmen auf lange Sicht voranbringt. Wir empfehlen Ihnen in einen hochwertigen Eitekettenapplikator zu investieren und so alle Prozesse zu optimieren. Bei all unseren L\u00f6sungen und Systemen k\u00f6nnen Sie sich auf eine erstklassige Qualit\u00e4t verlassen.[\/vc_column_text][\/vc_column][\/vc_row]<\/p>\n<\/section>","protected":false},"excerpt":{"rendered":"<p>[vc_row gap=&#8220;35&#8243; mobile_bg_img_hidden=&#8220;no&#8220; tablet_bg_img_hidden=&#8220;no&#8220; woodmart_parallax=&#8220;0&#8243; woodmart_gradient_switch=&#8220;no&#8220; row_reverse_mobile=&#8220;0&#8243; row_reverse_tablet=&#8220;0&#8243; woodmart_disable_overflow=&#8220;0&#8243;][vc_column width=&#8220;1\/2&#8243;][vc_column_text text_larger=&#8220;no&#8220;] Etikettierer f\u00fcr alle Etikettier-Aufgaben in der Industrie Etiketten finden<\/p>\n","protected":false},"author":1,"featured_media":0,"parent":0,"menu_order":0,"comment_status":"closed","ping_status":"closed","template":"","meta":[],"yoast_head":"<!-- This site is optimized with the Yoast SEO plugin v20.1 - https:\/\/yoast.com\/wordpress\/plugins\/seo\/ -->\n<title>Industrielle Etikettiermaschinen (Etikettierger\u00e4te) | Etikettierer von BagMatic<\/title>\n<meta name=\"description\" content=\"Industrielle Maschinen zum Aufbringen von Etiketten. Etikettenapplikatoren &amp; Etikettiermaschinen f\u00fcr die Industrie. Jetzt anfragen und beraten lassen!\" \/>\n<meta name=\"robots\" content=\"index, follow, max-snippet:-1, max-image-preview:large, max-video-preview:-1\" \/>\n<link rel=\"canonical\" href=\"https:\/\/www.bagmatic.com\/de\/ettiketierer-etikettiergeraete-etikettiermaschine\/\" \/>\n<meta property=\"og:locale\" content=\"de_DE\" \/>\n<meta property=\"og:type\" content=\"article\" \/>\n<meta property=\"og:title\" content=\"Industrielle Etikettiermaschinen (Etikettierger\u00e4te) | Etikettierer von BagMatic\" \/>\n<meta property=\"og:description\" content=\"Industrielle Maschinen zum Aufbringen von Etiketten. Etikettenapplikatoren &amp; Etikettiermaschinen f\u00fcr die Industrie. Jetzt anfragen und beraten lassen!\" \/>\n<meta property=\"og:url\" content=\"https:\/\/www.bagmatic.com\/de\/ettiketierer-etikettiergeraete-etikettiermaschine\/\" \/>\n<meta property=\"og:site_name\" content=\"BagMatic\" \/>\n<meta name=\"twitter:card\" content=\"summary_large_image\" \/>\n<meta name=\"twitter:label1\" content=\"Gesch\u00e4tzte Lesezeit\" \/>\n\t<meta name=\"twitter:data1\" content=\"6\u00a0Minuten\" \/>\n<script type=\"application\/ld+json\" class=\"yoast-schema-graph\">{\"@context\":\"https:\/\/schema.org\",\"@graph\":[{\"@type\":\"WebPage\",\"@id\":\"https:\/\/www.bagmatic.com\/de\/ettiketierer-etikettiergeraete-etikettiermaschine\/\",\"url\":\"https:\/\/www.bagmatic.com\/de\/ettiketierer-etikettiergeraete-etikettiermaschine\/\",\"name\":\"Industrielle Etikettiermaschinen (Etikettierger\u00e4te) | Etikettierer von BagMatic\",\"isPartOf\":{\"@id\":\"https:\/\/www.bagmatic.com\/de\/#website\"},\"datePublished\":\"2022-11-24T11:39:13+00:00\",\"dateModified\":\"2022-11-24T11:39:13+00:00\",\"description\":\"Industrielle Maschinen zum Aufbringen von Etiketten. Etikettenapplikatoren & Etikettiermaschinen f\u00fcr die Industrie. Jetzt anfragen und beraten lassen!\",\"breadcrumb\":{\"@id\":\"https:\/\/www.bagmatic.com\/de\/ettiketierer-etikettiergeraete-etikettiermaschine\/#breadcrumb\"},\"inLanguage\":\"de\",\"potentialAction\":[{\"@type\":\"ReadAction\",\"target\":[\"https:\/\/www.bagmatic.com\/de\/ettiketierer-etikettiergeraete-etikettiermaschine\/\"]}]},{\"@type\":\"BreadcrumbList\",\"@id\":\"https:\/\/www.bagmatic.com\/de\/ettiketierer-etikettiergeraete-etikettiermaschine\/#breadcrumb\",\"itemListElement\":[{\"@type\":\"ListItem\",\"position\":1,\"name\":\"Start\",\"item\":\"https:\/\/www.bagmatic.com\/de\/\"},{\"@type\":\"ListItem\",\"position\":2,\"name\":\"Ettiketierer\"}]},{\"@type\":\"WebSite\",\"@id\":\"https:\/\/www.bagmatic.com\/de\/#website\",\"url\":\"https:\/\/www.bagmatic.com\/de\/\",\"name\":\"BagMatic\",\"description\":\"\",\"publisher\":{\"@id\":\"https:\/\/www.bagmatic.com\/de\/#organization\"},\"potentialAction\":[{\"@type\":\"SearchAction\",\"target\":{\"@type\":\"EntryPoint\",\"urlTemplate\":\"https:\/\/www.bagmatic.com\/de\/?s={search_term_string}\"},\"query-input\":\"required name=search_term_string\"}],\"inLanguage\":\"de\"},{\"@type\":\"Organization\",\"@id\":\"https:\/\/www.bagmatic.com\/de\/#organization\",\"name\":\"BAGMATIC\u00ae GmbH\",\"url\":\"https:\/\/www.bagmatic.com\/de\/\",\"logo\":{\"@type\":\"ImageObject\",\"inLanguage\":\"de\",\"@id\":\"https:\/\/www.bagmatic.com\/de\/#\/schema\/logo\/image\/\",\"url\":\"https:\/\/www.bagmatic.com\/wp-content\/uploads\/bagmatic-logo.png\",\"contentUrl\":\"https:\/\/www.bagmatic.com\/wp-content\/uploads\/bagmatic-logo.png\",\"width\":500,\"height\":114,\"caption\":\"BAGMATIC\u00ae GmbH\"},\"image\":{\"@id\":\"https:\/\/www.bagmatic.com\/de\/#\/schema\/logo\/image\/\"}}]}<\/script>\n<!-- \/ Yoast SEO plugin. -->","yoast_head_json":{"title":"Industrielle Etikettiermaschinen (Etikettierger\u00e4te) | Etikettierer von BagMatic","description":"Industrielle Maschinen zum Aufbringen von Etiketten. Etikettenapplikatoren & Etikettiermaschinen f\u00fcr die Industrie. Jetzt anfragen und beraten lassen!","robots":{"index":"index","follow":"follow","max-snippet":"max-snippet:-1","max-image-preview":"max-image-preview:large","max-video-preview":"max-video-preview:-1"},"canonical":"https:\/\/www.bagmatic.com\/de\/ettiketierer-etikettiergeraete-etikettiermaschine\/","og_locale":"de_DE","og_type":"article","og_title":"Industrielle Etikettiermaschinen (Etikettierger\u00e4te) | Etikettierer von BagMatic","og_description":"Industrielle Maschinen zum Aufbringen von Etiketten. Etikettenapplikatoren & Etikettiermaschinen f\u00fcr die Industrie. Jetzt anfragen und beraten lassen!","og_url":"https:\/\/www.bagmatic.com\/de\/ettiketierer-etikettiergeraete-etikettiermaschine\/","og_site_name":"BagMatic","twitter_card":"summary_large_image","twitter_misc":{"Gesch\u00e4tzte Lesezeit":"6\u00a0Minuten"},"schema":{"@context":"https:\/\/schema.org","@graph":[{"@type":"WebPage","@id":"https:\/\/www.bagmatic.com\/de\/ettiketierer-etikettiergeraete-etikettiermaschine\/","url":"https:\/\/www.bagmatic.com\/de\/ettiketierer-etikettiergeraete-etikettiermaschine\/","name":"Industrielle Etikettiermaschinen (Etikettierger\u00e4te) | Etikettierer von BagMatic","isPartOf":{"@id":"https:\/\/www.bagmatic.com\/de\/#website"},"datePublished":"2022-11-24T11:39:13+00:00","dateModified":"2022-11-24T11:39:13+00:00","description":"Industrielle Maschinen zum Aufbringen von Etiketten. Etikettenapplikatoren & Etikettiermaschinen f\u00fcr die Industrie. Jetzt anfragen und beraten lassen!","breadcrumb":{"@id":"https:\/\/www.bagmatic.com\/de\/ettiketierer-etikettiergeraete-etikettiermaschine\/#breadcrumb"},"inLanguage":"de","potentialAction":[{"@type":"ReadAction","target":["https:\/\/www.bagmatic.com\/de\/ettiketierer-etikettiergeraete-etikettiermaschine\/"]}]},{"@type":"BreadcrumbList","@id":"https:\/\/www.bagmatic.com\/de\/ettiketierer-etikettiergeraete-etikettiermaschine\/#breadcrumb","itemListElement":[{"@type":"ListItem","position":1,"name":"Start","item":"https:\/\/www.bagmatic.com\/de\/"},{"@type":"ListItem","position":2,"name":"Ettiketierer"}]},{"@type":"WebSite","@id":"https:\/\/www.bagmatic.com\/de\/#website","url":"https:\/\/www.bagmatic.com\/de\/","name":"BagMatic","description":"","publisher":{"@id":"https:\/\/www.bagmatic.com\/de\/#organization"},"potentialAction":[{"@type":"SearchAction","target":{"@type":"EntryPoint","urlTemplate":"https:\/\/www.bagmatic.com\/de\/?s={search_term_string}"},"query-input":"required name=search_term_string"}],"inLanguage":"de"},{"@type":"Organization","@id":"https:\/\/www.bagmatic.com\/de\/#organization","name":"BAGMATIC\u00ae GmbH","url":"https:\/\/www.bagmatic.com\/de\/","logo":{"@type":"ImageObject","inLanguage":"de","@id":"https:\/\/www.bagmatic.com\/de\/#\/schema\/logo\/image\/","url":"https:\/\/www.bagmatic.com\/wp-content\/uploads\/bagmatic-logo.png","contentUrl":"https:\/\/www.bagmatic.com\/wp-content\/uploads\/bagmatic-logo.png","width":500,"height":114,"caption":"BAGMATIC\u00ae GmbH"},"image":{"@id":"https:\/\/www.bagmatic.com\/de\/#\/schema\/logo\/image\/"}}]}},"_links":{"self":[{"href":"https:\/\/www.bagmatic.com\/de\/wp-json\/wp\/v2\/pages\/2154"}],"collection":[{"href":"https:\/\/www.bagmatic.com\/de\/wp-json\/wp\/v2\/pages"}],"about":[{"href":"https:\/\/www.bagmatic.com\/de\/wp-json\/wp\/v2\/types\/page"}],"author":[{"embeddable":true,"href":"https:\/\/www.bagmatic.com\/de\/wp-json\/wp\/v2\/users\/1"}],"replies":[{"embeddable":true,"href":"https:\/\/www.bagmatic.com\/de\/wp-json\/wp\/v2\/comments?post=2154"}],"version-history":[{"count":1,"href":"https:\/\/www.bagmatic.com\/de\/wp-json\/wp\/v2\/pages\/2154\/revisions"}],"predecessor-version":[{"id":2155,"href":"https:\/\/www.bagmatic.com\/de\/wp-json\/wp\/v2\/pages\/2154\/revisions\/2155"}],"wp:attachment":[{"href":"https:\/\/www.bagmatic.com\/de\/wp-json\/wp\/v2\/media?parent=2154"}],"curies":[{"name":"wp","href":"https:\/\/api.w.org\/{rel}","templated":true}]}}