{"id":2160,"date":"2022-11-24T13:04:44","date_gmt":"2022-11-24T12:04:44","guid":{"rendered":"https:\/\/www.bagmatic.com\/?page_id=2160"},"modified":"2022-11-24T13:04:44","modified_gmt":"2022-11-24T12:04:44","slug":"automatische-verpackungssysteme","status":"publish","type":"page","link":"https:\/\/www.bagmatic.com\/de\/automatische-verpackungssysteme\/","title":{"rendered":"automatische Verpackungssysteme"},"content":{"rendered":"<section class=\"wpb-content-wrapper\"><p>[vc_row][vc_column width=&#8220;1\/2&#8243;][vc_column_text text_larger=&#8220;no&#8220;]<\/p>\n<h2><strong>Wir bieten Ihnen automatisierte Verpackungssysteme \u2013 vereinfach Sie Ihre Prozesse<\/strong><\/h2>\n<p>Viele Unternehmen s\u00e4mtlicher Branchen sind im Rahmen ihrer Produkte oder Dienstleistungen mit dem Prozess des Verpackens von Ware und G\u00fctern besch\u00e4ftigt. Kleinteilen H\u00e4ufig ist der Vorgang mit viel zeitlichem Aufwand verbunden und ben\u00f6tigt h\u00e4ndische Arbeit. Besonders Einzelteile oder Kleinteile ben\u00f6tigen Pr\u00e4zision. Wir haben hierf\u00fcr die optimale L\u00f6sung entwickelt \u2013 automatische Verpackungssysteme. Unsere robotergesteuerte Verpackungsmaschinen dienen der Vereinfachung von Verpackungsprozessen und k\u00f6nnen dazu dienen, Ihre Mitarbeiter:innen zu entlasten. Auf diese Weise k\u00f6nnen Sie wichtige Ressourcen wie Zeit und Geld sparen und sich auf Ihr Kerngesch\u00e4ft fokussieren. Unsere Autobagger Maschine ist Ihre ideale L\u00f6sung, um Ihren Verpackungsprozess verl\u00e4sslich und pr\u00e4zise zu gestalten. Mit Hilfe unserer Produkte k\u00f6nnen Sie Ihre Ware oder G\u00fcter schnell und einfach verpacken und gleichzeitig Ihre Prozesse automatisieren beziehungsweise automatisieren. Machen Sie Gebrauch von unserer zuverl\u00e4ssigen Technik und optimieren Sie durch die Integration unserer L\u00f6sung f\u00fcr automatisierte Verpackungssysteme Ihre Prozesse.<\/p>\n<h2><strong>Mit verl\u00e4sslicher Technik erm\u00f6glichen wir automatisierte Prozesse \u2013 robotergesteuerte Verpackungsmaschinen<\/strong><\/h2>\n<p>Unsere fachm\u00e4nnischen Expert:innen haben jahrelange Erfahrungen und Know-How angewandt, um Ihnen den Gebrauch unserer verl\u00e4sslichen Autobagger Maschine zu erm\u00f6glichen. Mit Hilfe unserer automatisierten Verpackungsanlage ben\u00f6tigen Sie deutlich weniger manuelle F\u00fchrung und Arbeit beim Verpacken. Automatisierte Verpackungssysteme sind besonders f\u00fcr das Verpacken von Kleinteilen beziehungsweise Einzelteilen ideal geeignet. Durch die Verwendung von automatisierten Verpackungsanlagen k\u00f6nnen die Teile in individuell festgelegten Mengen genaustens abgepackt werden. Dabei k\u00f6nnen verschiedenste Variationen von Kartons und Beuteln benutzt werden, um die Ware transportsicher zu verpacken. Automatisierte Verpackungssysteme k\u00f6nnen verschiedenste Funktionen und Arbeitsschritte abdecken, sodass Sie sich aufgrund der Automatisierung auf Ihr Kerngesch\u00e4ft fokussieren k\u00f6nnen. Unsere fachm\u00e4nnischen Berater:innen stehen Ihnen f\u00fcr s\u00e4mtliche Fragen rund um unsere Produkte zur Verf\u00fcgung. Wir legen gr\u00f6\u00dften Wert darauf, Ihren Bed\u00fcrfnissen und Anforderungen an unsere automatisierte Verpackungsanlage gerecht zu werden. Wenn Sie Ihren Verpackungsprozess vereinfachen wollen, ist unsere Technik die optimale L\u00f6sung.<\/p>\n<h2><strong>Ein automatisiertes Verpackungssystem verleiht Ihren Verpackungen einen hochwertigen Aufdruck nach individuellen Vorgaben<\/strong><\/h2>\n<p>Mit Hilfe unserer automatisierten Autobagger Maschine k\u00f6nnen Sie Ihre Ware nicht nur schnell und einfach verpacken, sondern k\u00f6nnen Sie zudem individualisieren. Unsere Maschinen k\u00f6nnen Ihre gew\u00e4hlte Verpackung mit verschiedenstem Aufdr\u00fccken wie Logos, Aufschriften, Barcodes oder QR-Codes versehen.[\/vc_column_text][\/vc_column][vc_column width=&#8220;1\/2&#8243;][vc_column_text text_larger=&#8220;no&#8220;]Auf diese Weise k\u00f6nnen Sie Ihre Produkte nach Belieben verpacken und nach eigenen Vorgaben individuell gestalten. Somit sind Ihre Verpackungen aufgrund der optischen Merkmale leicht erkennbar und lassen sich beim Transport vereinfacht unterscheiden. Besonders beim Versand an Partner:innen und Kund:innen ist ein hochwertiger Aufdruck wie das Unternehmenslogo oder andere Aufschriften ein qualitatives Merkmal. Eine automatische Verpackungsanlage kann Ihnen dazu verhelfen, Ihren Qualit\u00e4tsstandard zu erhalten. Verwendung findet unsere Technik in s\u00e4mtlichen Branchen. Egal ob Spielwaren, Modellbauteile, M\u00f6belzubeh\u00f6r, Ersatzteile oder sonstige Ware \u2013 wir vereinfach Ihre Prozesse. Verlassen Sie sich auf unsere pr\u00e4zise automatisierte Verpackungsanlage und individualisieren Sie Ihr gew\u00e4hltes Verpackungsmaterial nach Belieben mit einem Aufdruck.<\/p>\n<h2><strong>Automatisierte Verpackungsanlage f\u00fcr effiziente Arbeit \u2013 so sparen Sie Zeit und Ressourcen<\/strong><\/h2>\n<p>Ein automatisiertes Verpackungssystem kann dazu genutzt werden, um s\u00e4mtliche logistische Schritte beim Verpacken in einer Hand zu b\u00fcndeln und robotergesteuert ausf\u00fchren zu lassen. Somit bieten wir Ihnen die ideale L\u00f6sung, um Ihre Vorgehensweisen zu vereinfachen und Ihr Tagesgesch\u00e4ft von unn\u00f6tigen Aufw\u00e4nden zu entlasten. Die intelligente Autobagger Maschine ersetzt den Bedarf an manuellen Prozess, sodass Sie keine Ressourcen f\u00fcr die h\u00e4ndische Verpackung ben\u00f6tigen. Auf diese Weise k\u00f6nnen automatisierte Verpackungsl\u00f6sungen dabei unterst\u00fctzen, Prozesse zu beschleunigen und effiziente Ergebnisse zu erzielen. Durch den Einsatz unserer Technik k\u00f6nnen Sie Ihre Ressourcen wie Arbeitskr\u00e4fte und Zeit zielgerichtet verteilen, w\u00e4hrend die automatisierte Verpackungsanlage den Rest \u00fcbernimmt. Aufgrund der automatisierten und robotergesteuerten Prozesse sind Ihre Arbeitsvorg\u00e4nge vor Ausfall gesch\u00fctzt. Dies hat zur Folge, dass Sie Ihre Verpackungsprozesse au\u00dferordentlich flexibel gestalten k\u00f6nnen. Unsere automatisierte Verpackungsanlage verhilft Ihnen zur maximalen Produktivit\u00e4t und zur zielorientierten Verteilung von Ressourcen.<\/p>\n<h3>Wir versichern Qualit\u00e4t \u2013 vertrauen Sie auf die zuverl\u00e4ssige Technik unserer Autobagger Maschine<\/h3>\n<p>Durch die Automatisierung von manuellen Prozessen steigt der Bedarf nach verl\u00e4sslichen Arbeitsvorg\u00e4ngen. Unsere technische L\u00f6sung ist von fachm\u00e4nnischen Expert:innen entwickelt und garantiert eine nahezu fehlerfreie Performance. Besonders beim Verpacken abgez\u00e4hlter Ware und G\u00fcter muss die angewandte Technik zuverl\u00e4ssig sein und ideale Ergebnisse liefern. Mit unserer Hilfe k\u00f6nnen Sie den reibungslosen Ablauf Ihrer Verpackungsprozesse sicherstellen. Somit gestalten Sie Ihre Prozesse nicht nur effizient, sondern vermeiden Engp\u00e4sse und Fehlerquellen. Da das Verpacken durch menschliche Arbeitskr\u00e4fte h\u00e4ufig fehleranf\u00e4llig ist kann durch automatisierte Verpackung gew\u00e4hrleistet werden, dass gesetzte Ziele erreicht werden. Einhergehend mit pr\u00e4zisen und verl\u00e4sslichen Prozessen steht die Qualit\u00e4tssicherung. Da verpackte Ware h\u00e4ufig an Partner:innen oder Kund:innen vertrieben wird, muss beim Verpackungsprozess ein Ma\u00df an Qualit\u00e4t sichergestellt werden. Die Erreichung dieser qualitativen Ziele kann mit Hilfe unserer hochwertigen und zuverl\u00e4ssigen Verpackungsl\u00f6sung automatisiert und gew\u00e4hrleistet werden. Unsere Technik erm\u00f6glicht Ihnen den Erhalt Ihrer Qualit\u00e4tsstandards.[\/vc_column_text][\/vc_column][\/vc_row]<\/p>\n<\/section>","protected":false},"excerpt":{"rendered":"<p>[vc_row][vc_column width=&#8220;1\/2&#8243;][vc_column_text text_larger=&#8220;no&#8220;] Wir bieten Ihnen automatisierte Verpackungssysteme \u2013 vereinfach Sie Ihre Prozesse Viele Unternehmen s\u00e4mtlicher Branchen sind im Rahmen<\/p>\n","protected":false},"author":1,"featured_media":0,"parent":0,"menu_order":0,"comment_status":"closed","ping_status":"closed","template":"","meta":[],"yoast_head":"<!-- This site is optimized with the Yoast SEO plugin v20.1 - https:\/\/yoast.com\/wordpress\/plugins\/seo\/ -->\n<title>Automatische Verpackungssysteme &amp; Verpackungsanlagen von BagMatic<\/title>\n<meta name=\"description\" content=\"Automatisierte Verpackungsl\u00f6sungen in Form von Verpackungssystemen und Verpackungsanlagen von BagMatic. Fragen Sie uns unverbindlich an!\" \/>\n<meta name=\"robots\" content=\"index, follow, max-snippet:-1, max-image-preview:large, max-video-preview:-1\" \/>\n<link rel=\"canonical\" href=\"https:\/\/www.bagmatic.com\/de\/automatische-verpackungssysteme\/\" \/>\n<meta property=\"og:locale\" content=\"de_DE\" \/>\n<meta property=\"og:type\" content=\"article\" \/>\n<meta property=\"og:title\" content=\"Automatische Verpackungssysteme &amp; Verpackungsanlagen von BagMatic\" \/>\n<meta property=\"og:description\" content=\"Automatisierte Verpackungsl\u00f6sungen in Form von Verpackungssystemen und Verpackungsanlagen von BagMatic. Fragen Sie uns unverbindlich an!\" \/>\n<meta property=\"og:url\" content=\"https:\/\/www.bagmatic.com\/de\/automatische-verpackungssysteme\/\" \/>\n<meta property=\"og:site_name\" content=\"BagMatic\" \/>\n<meta name=\"twitter:card\" content=\"summary_large_image\" \/>\n<meta name=\"twitter:label1\" content=\"Gesch\u00e4tzte Lesezeit\" \/>\n\t<meta name=\"twitter:data1\" content=\"4\u00a0Minuten\" \/>\n<script type=\"application\/ld+json\" class=\"yoast-schema-graph\">{\"@context\":\"https:\/\/schema.org\",\"@graph\":[{\"@type\":\"WebPage\",\"@id\":\"https:\/\/www.bagmatic.com\/de\/automatische-verpackungssysteme\/\",\"url\":\"https:\/\/www.bagmatic.com\/de\/automatische-verpackungssysteme\/\",\"name\":\"Automatische Verpackungssysteme & Verpackungsanlagen von BagMatic\",\"isPartOf\":{\"@id\":\"https:\/\/www.bagmatic.com\/de\/#website\"},\"datePublished\":\"2022-11-24T12:04:44+00:00\",\"dateModified\":\"2022-11-24T12:04:44+00:00\",\"description\":\"Automatisierte Verpackungsl\u00f6sungen in Form von Verpackungssystemen und Verpackungsanlagen von BagMatic. Fragen Sie uns unverbindlich an!\",\"breadcrumb\":{\"@id\":\"https:\/\/www.bagmatic.com\/de\/automatische-verpackungssysteme\/#breadcrumb\"},\"inLanguage\":\"de\",\"potentialAction\":[{\"@type\":\"ReadAction\",\"target\":[\"https:\/\/www.bagmatic.com\/de\/automatische-verpackungssysteme\/\"]}]},{\"@type\":\"BreadcrumbList\",\"@id\":\"https:\/\/www.bagmatic.com\/de\/automatische-verpackungssysteme\/#breadcrumb\",\"itemListElement\":[{\"@type\":\"ListItem\",\"position\":1,\"name\":\"Start\",\"item\":\"https:\/\/www.bagmatic.com\/de\/\"},{\"@type\":\"ListItem\",\"position\":2,\"name\":\"automatische Verpackungssysteme\"}]},{\"@type\":\"WebSite\",\"@id\":\"https:\/\/www.bagmatic.com\/de\/#website\",\"url\":\"https:\/\/www.bagmatic.com\/de\/\",\"name\":\"BagMatic\",\"description\":\"\",\"publisher\":{\"@id\":\"https:\/\/www.bagmatic.com\/de\/#organization\"},\"potentialAction\":[{\"@type\":\"SearchAction\",\"target\":{\"@type\":\"EntryPoint\",\"urlTemplate\":\"https:\/\/www.bagmatic.com\/de\/?s={search_term_string}\"},\"query-input\":\"required name=search_term_string\"}],\"inLanguage\":\"de\"},{\"@type\":\"Organization\",\"@id\":\"https:\/\/www.bagmatic.com\/de\/#organization\",\"name\":\"BAGMATIC\u00ae GmbH\",\"url\":\"https:\/\/www.bagmatic.com\/de\/\",\"logo\":{\"@type\":\"ImageObject\",\"inLanguage\":\"de\",\"@id\":\"https:\/\/www.bagmatic.com\/de\/#\/schema\/logo\/image\/\",\"url\":\"https:\/\/www.bagmatic.com\/wp-content\/uploads\/bagmatic-logo.png\",\"contentUrl\":\"https:\/\/www.bagmatic.com\/wp-content\/uploads\/bagmatic-logo.png\",\"width\":500,\"height\":114,\"caption\":\"BAGMATIC\u00ae GmbH\"},\"image\":{\"@id\":\"https:\/\/www.bagmatic.com\/de\/#\/schema\/logo\/image\/\"}}]}<\/script>\n<!-- \/ Yoast SEO plugin. -->","yoast_head_json":{"title":"Automatische Verpackungssysteme & Verpackungsanlagen von BagMatic","description":"Automatisierte Verpackungsl\u00f6sungen in Form von Verpackungssystemen und Verpackungsanlagen von BagMatic. Fragen Sie uns unverbindlich an!","robots":{"index":"index","follow":"follow","max-snippet":"max-snippet:-1","max-image-preview":"max-image-preview:large","max-video-preview":"max-video-preview:-1"},"canonical":"https:\/\/www.bagmatic.com\/de\/automatische-verpackungssysteme\/","og_locale":"de_DE","og_type":"article","og_title":"Automatische Verpackungssysteme & Verpackungsanlagen von BagMatic","og_description":"Automatisierte Verpackungsl\u00f6sungen in Form von Verpackungssystemen und Verpackungsanlagen von BagMatic. Fragen Sie uns unverbindlich an!","og_url":"https:\/\/www.bagmatic.com\/de\/automatische-verpackungssysteme\/","og_site_name":"BagMatic","twitter_card":"summary_large_image","twitter_misc":{"Gesch\u00e4tzte Lesezeit":"4\u00a0Minuten"},"schema":{"@context":"https:\/\/schema.org","@graph":[{"@type":"WebPage","@id":"https:\/\/www.bagmatic.com\/de\/automatische-verpackungssysteme\/","url":"https:\/\/www.bagmatic.com\/de\/automatische-verpackungssysteme\/","name":"Automatische Verpackungssysteme & Verpackungsanlagen von BagMatic","isPartOf":{"@id":"https:\/\/www.bagmatic.com\/de\/#website"},"datePublished":"2022-11-24T12:04:44+00:00","dateModified":"2022-11-24T12:04:44+00:00","description":"Automatisierte Verpackungsl\u00f6sungen in Form von Verpackungssystemen und Verpackungsanlagen von BagMatic. Fragen Sie uns unverbindlich an!","breadcrumb":{"@id":"https:\/\/www.bagmatic.com\/de\/automatische-verpackungssysteme\/#breadcrumb"},"inLanguage":"de","potentialAction":[{"@type":"ReadAction","target":["https:\/\/www.bagmatic.com\/de\/automatische-verpackungssysteme\/"]}]},{"@type":"BreadcrumbList","@id":"https:\/\/www.bagmatic.com\/de\/automatische-verpackungssysteme\/#breadcrumb","itemListElement":[{"@type":"ListItem","position":1,"name":"Start","item":"https:\/\/www.bagmatic.com\/de\/"},{"@type":"ListItem","position":2,"name":"automatische Verpackungssysteme"}]},{"@type":"WebSite","@id":"https:\/\/www.bagmatic.com\/de\/#website","url":"https:\/\/www.bagmatic.com\/de\/","name":"BagMatic","description":"","publisher":{"@id":"https:\/\/www.bagmatic.com\/de\/#organization"},"potentialAction":[{"@type":"SearchAction","target":{"@type":"EntryPoint","urlTemplate":"https:\/\/www.bagmatic.com\/de\/?s={search_term_string}"},"query-input":"required name=search_term_string"}],"inLanguage":"de"},{"@type":"Organization","@id":"https:\/\/www.bagmatic.com\/de\/#organization","name":"BAGMATIC\u00ae GmbH","url":"https:\/\/www.bagmatic.com\/de\/","logo":{"@type":"ImageObject","inLanguage":"de","@id":"https:\/\/www.bagmatic.com\/de\/#\/schema\/logo\/image\/","url":"https:\/\/www.bagmatic.com\/wp-content\/uploads\/bagmatic-logo.png","contentUrl":"https:\/\/www.bagmatic.com\/wp-content\/uploads\/bagmatic-logo.png","width":500,"height":114,"caption":"BAGMATIC\u00ae GmbH"},"image":{"@id":"https:\/\/www.bagmatic.com\/de\/#\/schema\/logo\/image\/"}}]}},"_links":{"self":[{"href":"https:\/\/www.bagmatic.com\/de\/wp-json\/wp\/v2\/pages\/2160"}],"collection":[{"href":"https:\/\/www.bagmatic.com\/de\/wp-json\/wp\/v2\/pages"}],"about":[{"href":"https:\/\/www.bagmatic.com\/de\/wp-json\/wp\/v2\/types\/page"}],"author":[{"embeddable":true,"href":"https:\/\/www.bagmatic.com\/de\/wp-json\/wp\/v2\/users\/1"}],"replies":[{"embeddable":true,"href":"https:\/\/www.bagmatic.com\/de\/wp-json\/wp\/v2\/comments?post=2160"}],"version-history":[{"count":1,"href":"https:\/\/www.bagmatic.com\/de\/wp-json\/wp\/v2\/pages\/2160\/revisions"}],"predecessor-version":[{"id":2161,"href":"https:\/\/www.bagmatic.com\/de\/wp-json\/wp\/v2\/pages\/2160\/revisions\/2161"}],"wp:attachment":[{"href":"https:\/\/www.bagmatic.com\/de\/wp-json\/wp\/v2\/media?parent=2160"}],"curies":[{"name":"wp","href":"https:\/\/api.w.org\/{rel}","templated":true}]}}