{"id":2169,"date":"2023-01-17T12:06:02","date_gmt":"2023-01-17T11:06:02","guid":{"rendered":"https:\/\/www.bagmatic.com\/?page_id=2169"},"modified":"2023-01-17T12:06:02","modified_gmt":"2023-01-17T11:06:02","slug":"apothekenzaehlmaschinen-apotheke-tablettenzaehler-maschine","status":"publish","type":"page","link":"https:\/\/www.bagmatic.com\/de\/apothekenzaehlmaschinen-apotheke-tablettenzaehler-maschine\/","title":{"rendered":"Apothekenz\u00e4hlmaschinen (Apotheke Tablettenz\u00e4hler Maschine)"},"content":{"rendered":"<section class=\"wpb-content-wrapper\"><p>[vc_row gap=&#8220;35&#8243; mobile_bg_img_hidden=&#8220;no&#8220; tablet_bg_img_hidden=&#8220;no&#8220; woodmart_parallax=&#8220;0&#8243; woodmart_gradient_switch=&#8220;no&#8220; row_reverse_mobile=&#8220;0&#8243; row_reverse_tablet=&#8220;0&#8243; woodmart_disable_overflow=&#8220;0&#8243;][vc_column width=&#8220;1\/2&#8243;][vc_single_image image=&#8220;135&#8243; img_size=&#8220;large&#8220; parallax_scroll=&#8220;no&#8220;][\/vc_column][vc_column width=&#8220;1\/2&#8243;][vc_column_text text_larger=&#8220;no&#8220;]<\/p>\n<h2><b>Bagmatic &#8211; Tablettenz\u00e4hlermaschine f\u00fcr Apotheke<\/b><\/h2>\n<p>Viele verschiedene Unternehmen s\u00e4mtlicher Branchen machen Gebrauch von Anlagen, die das Abz\u00e4hlen oder Verpacken von Ware vereinfachen. Besonders im Bereich der Medizin wird mit verh\u00e4ltnism\u00e4\u00dfig kleinen Teilen umgegangen. Sie sind Betreiber einer Apotheke oder einer \u00e4hnlichen Verrichtung und f\u00fchren Ihre Prozesse manuell durch? Mit einer Apotheke Tablettenz\u00e4hler Maschine sind Sie bestm\u00f6glich versorgt. Apothekenz\u00e4hlmaschinen dienen \u2013 wie der Name bereits verr\u00e4t \u2013 dazu, den Prozess beim Z\u00e4hlen von kleinen Pillen und Tabletten zu vereinfachen. Durch das Automatisieren des Vorgangs umgehen Sie den Bedarf an manueller Arbeit, sodass Sie Ihre Ressourcen besser einsetzen k\u00f6nnen. Eine Tablettenz\u00e4hlmaschine f\u00fcr Apotheke ist eine empfehlenswerte Anschaffung, um Ihr Personal von manueller beziehungsweise kleinteiliger Arbeit zu befreien. Auf diese Weise k\u00f6nnen Sie und Ihre Mitarbeitenden sich auf das Kerngesch\u00e4ft konzentrieren und solche Prozesse im Hintergrund laufen lassen.[\/vc_column_text][\/vc_column][\/vc_row][vc_row css=&#8220;.vc_custom_1571211998246{padding-top: 20px !important;}&#8220; mobile_bg_img_hidden=&#8220;no&#8220; tablet_bg_img_hidden=&#8220;no&#8220; woodmart_parallax=&#8220;0&#8243; woodmart_gradient_switch=&#8220;no&#8220; row_reverse_mobile=&#8220;0&#8243; row_reverse_tablet=&#8220;0&#8243; woodmart_disable_overflow=&#8220;0&#8243;][vc_column]\t\t\t\t<div class=\"wd-categories-wrap wd-wpb\">\n\t\t\t\t\t<div class=\"products woocommerce row categories-style-default wd-spacing-30 columns-4\">\n\t\t\t\t\t\n<div class=\" col-lg-3 col-md-3 col-6 first  category-grid-item cat-design-default categories-with-shadow without-product-count product-category product first\" data-loop=\"1\">\n\t<div class=\"wrapp-category\">\n\t\t<div class=\"category-image-wrapp\">\n\t\t\t<a href=\"https:\/\/www.bagmatic.com\/de\/produkt-kategorie\/verpackungsmaschinen\/industriemaschinen\/\" class=\"category-image\">\n\t\t\t\t\n\t\t\t\t<img width=\"400\" height=\"400\" src=\"data:image\/jpg;base64,\/9j\/4AAQSkZJRgABAQAAAQABAAD\/2wBDAAYEBAUEBAYFBQUGBgYHCQ4JCQgICRINDQoOFRIWFhUSFBQXGiEcFxgfGRQUHScdHyIjJSUlFhwpLCgkKyEkJST\/2wBDAQYGBgkICREJCREkGBQYJCQkJCQkJCQkJCQkJCQkJCQkJCQkJCQkJCQkJCQkJCQkJCQkJCQkJCQkJCQkJCQkJCT\/wAARCAAKAAoDAREAAhEBAxEB\/8QAFwAAAwEAAAAAAAAAAAAAAAAAAwUGB\/\/EACUQAAIBAwMCBwAAAAAAAAAAAAECAwQFEQAGIRIxEyIkQVFT0f\/EABcBAAMBAAAAAAAAAAAAAAAAAAIEBQP\/xAAeEQACAgIDAQEAAAAAAAAAAAABAgADERIEITFRQf\/aAAwDAQACEQMRAD8A2G7VG7ZrvBbK16cwvL1o8aYXyjPBHPz3Gq1a0BC6eyRY15cI\/mZVxbloViQSXFC4UBj4RGT78aRPHfPQjw5CY7MBeKWCFbeY4YkLTHJVQM8HR1MTtkwLVA1wP2OEt1F0j0dP2+sfmsN2+xjRfk\/\/2Q==\" class=\"attachment-woocommerce_thumbnail size-woocommerce_thumbnail wd-lazy-load woodmart-lazy-load wd-lazy-fade\" alt=\"Verpackungsmaschine T1000m Industriemaschine Bagmatic\" decoding=\"async\" loading=\"lazy\" srcset=\"\" sizes=\"(max-width: 400px) 100vw, 400px\" data-wood-src=\"https:\/\/www.bagmatic.com\/wp-content\/uploads\/verpackungsmaschine-t1000m-industriemaschine-bagmatic-400x400.jpg\" data-srcset=\"https:\/\/www.bagmatic.com\/wp-content\/uploads\/verpackungsmaschine-t1000m-industriemaschine-bagmatic-400x400.jpg 400w, https:\/\/www.bagmatic.com\/wp-content\/uploads\/verpackungsmaschine-t1000m-industriemaschine-bagmatic-800x800.jpg 800w, https:\/\/www.bagmatic.com\/wp-content\/uploads\/verpackungsmaschine-t1000m-industriemaschine-bagmatic-100x100.jpg 100w\" \/>\t\t\t<\/a>\n\t\t<\/div>\n\t\t<div class=\"hover-mask\">\n\t\t\t<h3 class=\"wd-entities-title category-title\">\n\t\t\t\tIndustriemaschinen\t\t\t<\/h3>\n\n\t\t\t\n\t\t\t\t\t<\/div>\n\n\t\t\t\t<a href=\"https:\/\/www.bagmatic.com\/de\/produkt-kategorie\/verpackungsmaschinen\/industriemaschinen\/\" class=\"category-link wd-fill\" aria-label=\"Product category industriemaschinen\"><\/a>\n\t\t\t<\/div>\n<\/div>\n\n<div class=\" col-lg-3 col-md-3 col-6 category-grid-item cat-design-default categories-with-shadow without-product-count product-category product\" data-loop=\"2\">\n\t<div class=\"wrapp-category\">\n\t\t<div class=\"category-image-wrapp\">\n\t\t\t<a href=\"https:\/\/www.bagmatic.com\/de\/produkt-kategorie\/verpackungsmaschinen\/tischmaschinen\/\" class=\"category-image\">\n\t\t\t\t\n\t\t\t\t<img width=\"400\" height=\"400\" src=\"data:image\/jpg;base64,\/9j\/4AAQSkZJRgABAQAAAQABAAD\/2wBDAAYEBAUEBAYFBQUGBgYHCQ4JCQgICRINDQoOFRIWFhUSFBQXGiEcFxgfGRQUHScdHyIjJSUlFhwpLCgkKyEkJST\/2wBDAQYGBgkICREJCREkGBQYJCQkJCQkJCQkJCQkJCQkJCQkJCQkJCQkJCQkJCQkJCQkJCQkJCQkJCQkJCQkJCQkJCT\/wAARCAAKAAoDAREAAhEBAxEB\/8QAFwAAAwEAAAAAAAAAAAAAAAAABAUGB\/\/EACAQAAIBBAIDAQAAAAAAAAAAAAECAwAEBREGIRJRccL\/xAAXAQADAQAAAAAAAAAAAAAAAAADBAUC\/8QAIBEAAQMEAgMAAAAAAAAAAAAAAQACIQMREhMEFDGR4f\/aAAwDAQACEQMRAD8A1iTknJVzZWO+JtWbxCBFYgk9HWt6+VZbQo67kSoh5FfZBhU8T8yaJGabGAlQTuIj9UsepeAffxODtW8hEXdpbpl4isESns7CD1QmOOBlbe1uYhNwBodUBML\/2Q==\" class=\"attachment-woocommerce_thumbnail size-woocommerce_thumbnail wd-lazy-load woodmart-lazy-load wd-lazy-fade\" alt=\"Verpackungsmaschine Tischmaschine T300 Verschweisser Vollautomatic Bagmatic\" decoding=\"async\" loading=\"lazy\" srcset=\"\" sizes=\"(max-width: 400px) 100vw, 400px\" data-wood-src=\"https:\/\/www.bagmatic.com\/wp-content\/uploads\/verpackungsmaschine-tischmaschine-t300-verschweisser-vollautomatic-bagmatic-400x400.jpg\" data-srcset=\"https:\/\/www.bagmatic.com\/wp-content\/uploads\/verpackungsmaschine-tischmaschine-t300-verschweisser-vollautomatic-bagmatic-400x400.jpg 400w, https:\/\/www.bagmatic.com\/wp-content\/uploads\/verpackungsmaschine-tischmaschine-t300-verschweisser-vollautomatic-bagmatic-800x800.jpg 800w, https:\/\/www.bagmatic.com\/wp-content\/uploads\/verpackungsmaschine-tischmaschine-t300-verschweisser-vollautomatic-bagmatic-100x100.jpg 100w\" \/>\t\t\t<\/a>\n\t\t<\/div>\n\t\t<div class=\"hover-mask\">\n\t\t\t<h3 class=\"wd-entities-title category-title\">\n\t\t\t\tTischmaschinen\t\t\t<\/h3>\n\n\t\t\t\n\t\t\t\t\t<\/div>\n\n\t\t\t\t<a href=\"https:\/\/www.bagmatic.com\/de\/produkt-kategorie\/verpackungsmaschinen\/tischmaschinen\/\" class=\"category-link wd-fill\" aria-label=\"Product category tischmaschinen\"><\/a>\n\t\t\t<\/div>\n<\/div>\n\n<div class=\" col-lg-3 col-md-3 col-6 category-grid-item cat-design-default categories-with-shadow without-product-count product-category product\" data-loop=\"3\">\n\t<div class=\"wrapp-category\">\n\t\t<div class=\"category-image-wrapp\">\n\t\t\t<a href=\"https:\/\/www.bagmatic.com\/de\/produkt-kategorie\/eingabezubehoer\/\" class=\"category-image\">\n\t\t\t\t\n\t\t\t\t<img width=\"400\" height=\"400\" src=\"data:image\/jpg;base64,\/9j\/4AAQSkZJRgABAQAAAQABAAD\/2wBDAAYEBAUEBAYFBQUGBgYHCQ4JCQgICRINDQoOFRIWFhUSFBQXGiEcFxgfGRQUHScdHyIjJSUlFhwpLCgkKyEkJST\/2wBDAQYGBgkICREJCREkGBQYJCQkJCQkJCQkJCQkJCQkJCQkJCQkJCQkJCQkJCQkJCQkJCQkJCQkJCQkJCQkJCQkJCT\/wAARCAAKAAoDAREAAhEBAxEB\/8QAFgABAQEAAAAAAAAAAAAAAAAABwME\/8QAIRAAAgEDBAMBAAAAAAAAAAAAAQIDBBESAAUGIRMUQTH\/xAAWAQEBAQAAAAAAAAAAAAAAAAAFAgP\/xAAdEQABAwUBAAAAAAAAAAAAAAABAAIRAwQSITFh\/9oADAMBAAIRAxEAPwBO5LySqpuQVm3RbhLGsNUTIXkdVCFVONweh2e7WGnbeg11MPI6PEFcXJbULAeH1KsEUfgjwZmXEWbMm4t+3v3oRxM7TbQI0pLSU43Gaf14vLJEFd8Bk4B6BP0arI4gSpwbmTG1rAAAAFgPms1ov\/\/Z\" class=\"attachment-woocommerce_thumbnail size-woocommerce_thumbnail wd-lazy-load woodmart-lazy-load wd-lazy-fade\" alt=\"Ultrawaage Verpackungsmaschinen Eingabe Teilzaehler Us5000 Bagmatic\" decoding=\"async\" loading=\"lazy\" srcset=\"\" sizes=\"(max-width: 400px) 100vw, 400px\" data-wood-src=\"https:\/\/www.bagmatic.com\/wp-content\/uploads\/ultrawaage-verpackungsmaschinen-eingabe-teilzaehler-us5000-bagmatic-400x400.jpg\" data-srcset=\"https:\/\/www.bagmatic.com\/wp-content\/uploads\/ultrawaage-verpackungsmaschinen-eingabe-teilzaehler-us5000-bagmatic-400x400.jpg 400w, https:\/\/www.bagmatic.com\/wp-content\/uploads\/ultrawaage-verpackungsmaschinen-eingabe-teilzaehler-us5000-bagmatic-800x800.jpg 800w, https:\/\/www.bagmatic.com\/wp-content\/uploads\/ultrawaage-verpackungsmaschinen-eingabe-teilzaehler-us5000-bagmatic-100x100.jpg 100w\" \/>\t\t\t<\/a>\n\t\t<\/div>\n\t\t<div class=\"hover-mask\">\n\t\t\t<h3 class=\"wd-entities-title category-title\">\n\t\t\t\tEingabezubeh\u00f6r\t\t\t<\/h3>\n\n\t\t\t\n\t\t\t\t\t<\/div>\n\n\t\t\t\t<a href=\"https:\/\/www.bagmatic.com\/de\/produkt-kategorie\/eingabezubehoer\/\" class=\"category-link wd-fill\" aria-label=\"Product category eingabezubehoer\"><\/a>\n\t\t\t<\/div>\n<\/div>\n\n<div class=\" col-lg-3 col-md-3 col-6 last  category-grid-item cat-design-default categories-with-shadow without-product-count product-category product last\" data-loop=\"4\">\n\t<div class=\"wrapp-category\">\n\t\t<div class=\"category-image-wrapp\">\n\t\t\t<a href=\"https:\/\/www.bagmatic.com\/de\/produkt-kategorie\/verpackungsmaschinen\/drucker\/\" class=\"category-image\">\n\t\t\t\t\n\t\t\t\t<img width=\"400\" height=\"400\" src=\"data:image\/jpg;base64,\/9j\/4AAQSkZJRgABAQAAAQABAAD\/2wBDAAYEBAUEBAYFBQUGBgYHCQ4JCQgICRINDQoOFRIWFhUSFBQXGiEcFxgfGRQUHScdHyIjJSUlFhwpLCgkKyEkJST\/2wBDAQYGBgkICREJCREkGBQYJCQkJCQkJCQkJCQkJCQkJCQkJCQkJCQkJCQkJCQkJCQkJCQkJCQkJCQkJCQkJCQkJCT\/wAARCAAKAAoDAREAAhEBAxEB\/8QAFQABAQAAAAAAAAAAAAAAAAAABgf\/xAAnEAACAQIFAQkAAAAAAAAAAAABAgMABAUGESIxQQcSEyQyQ3HR8P\/EABUBAQEAAAAAAAAAAAAAAAAAAAUG\/8QAHxEAAgECBwAAAAAAAAAAAAAAAQIAAxEEBRIxM0HB\/9oADAMBAAIRAxEAPwCl9qcs9\/hjYfCz63Td4ltANpHP7pT+XAK2o9SfzQsyaB3AsFrBFBGjLOSqgHS4YDj4pIsSb+QtQALexjnLfm3C4m3Rkrqh4O89KPwvCxiWM51Ep8OF2HhJ5K29I9pfqhjUe+5jQppbYT\/\/2Q==\" class=\"attachment-woocommerce_thumbnail size-woocommerce_thumbnail wd-lazy-load woodmart-lazy-load wd-lazy-fade\" alt=\"Verpackungsmaschinen Ti1000 Drucker Verpackungsdrucker Bagmatic\" decoding=\"async\" loading=\"lazy\" srcset=\"\" sizes=\"(max-width: 400px) 100vw, 400px\" data-wood-src=\"https:\/\/www.bagmatic.com\/wp-content\/uploads\/verpackungsmaschinen-ti1000-drucker-verpackungsdrucker-bagmatic-400x400.jpg\" data-srcset=\"https:\/\/www.bagmatic.com\/wp-content\/uploads\/verpackungsmaschinen-ti1000-drucker-verpackungsdrucker-bagmatic-400x400.jpg 400w, https:\/\/www.bagmatic.com\/wp-content\/uploads\/verpackungsmaschinen-ti1000-drucker-verpackungsdrucker-bagmatic-800x800.jpg 800w, https:\/\/www.bagmatic.com\/wp-content\/uploads\/verpackungsmaschinen-ti1000-drucker-verpackungsdrucker-bagmatic-100x100.jpg 100w\" \/>\t\t\t<\/a>\n\t\t<\/div>\n\t\t<div class=\"hover-mask\">\n\t\t\t<h3 class=\"wd-entities-title category-title\">\n\t\t\t\tDrucker\t\t\t<\/h3>\n\n\t\t\t\n\t\t\t\t\t<\/div>\n\n\t\t\t\t<a href=\"https:\/\/www.bagmatic.com\/de\/produkt-kategorie\/verpackungsmaschinen\/drucker\/\" class=\"category-link wd-fill\" aria-label=\"Product category drucker\"><\/a>\n\t\t\t<\/div>\n<\/div>\n\t\t\t\t\t<\/div>\n\t\t\t\t<\/div>\n\t\t\t\t[\/vc_column][\/vc_row][vc_row gap=&#8220;35&#8243; mobile_bg_img_hidden=&#8220;no&#8220; tablet_bg_img_hidden=&#8220;no&#8220; woodmart_parallax=&#8220;0&#8243; woodmart_gradient_switch=&#8220;no&#8220; row_reverse_mobile=&#8220;0&#8243; row_reverse_tablet=&#8220;0&#8243; woodmart_disable_overflow=&#8220;0&#8243;][vc_column width=&#8220;1\/2&#8243;][vc_column_text text_larger=&#8220;no&#8220;]<\/p>\n<h2><b>Sichern sie Ihre Qualit\u00e4tskontrolle &#8211; Apotheke automatischer Tablettenz\u00e4hler<\/b><\/h2>\n<p>Besonders in der Pharmaindustrie muss gro\u00dfes Augenmerk auf Dosierungen und Mengen von Medikamenten gelegt werden. Bei der manuellen Abz\u00e4hlung von kleinen Pillen und Tabletten kann es nicht selten zu Fehlern kommen. Egal ob \u00dcberm\u00fcdung, Ablenkung oder schlichtweg das Verz\u00e4hlen \u2013 unaufmerksame Momente k\u00f6nnen zu Fehlerquoten f\u00fchren. Mit einem Pillenz\u00e4hler f\u00fcr die Apotheke k\u00f6nnen Fehlerquoten beim Z\u00e4hlen und Verpacken dosiert werden. Mit einer Apothekenz\u00e4hlmaschine k\u00f6nnen Sie Pillen, Tabletten und \u00e4hnliche kleine Elemente in der Menge genaustens quantifizieren. Mit Hilfe einer Apotheke Tablettenz\u00e4hler Maschine k\u00f6nnen Sie Ihren Bestand fehlerfrei erfassen und behalten einen besseren \u00dcberblick \u00fcber Ihre Produkte. Durch das Anbinden von einem Apotheker Tablettenz\u00e4hler an ein Verpackungssystem k\u00f6nnen Sie zus\u00e4tzlich f\u00fcr geordneter sowie genauere Prozesse sorgen. Ein Apotheke Tablettenz\u00e4hler hilft Ihnen dabei, den Qualit\u00e4tsstandard zu bewahren und Bestand zu pr\u00fcfen.<\/p>\n<h2><b>Mit Apothekenz\u00e4hlmaschinen Prozesse automatisieren und optimieren<\/b><\/h2>\n<p>Apotheken vertreiben eine Vielzahl verschiedener Medikamente, darunter verschiedenste Tabletten und Pillen. Da Pillen und \u00e4hnliches h\u00e4ufig f\u00fcr die direkte Einnahme gefertigt werden, sind diese entsprechend klein. Dar\u00fcber hinaus sind die Kleinteile nicht nur aufgrund ihrer Gr\u00f6\u00dfe sondern auch der unterschiedlichen Formen unhandlich und lassen sich nur schwer im schnellen Tempo abz\u00e4hlen. Bagmatic hat die ideale L\u00f6sung, um Ihren Zeitaufwand durch automatisierte Prozesse zu minimieren. Mit einem Apotheke Tablettenz\u00e4hler machen wir es m\u00f6glich! Sie k\u00f6nnen mit einem Tablettenz\u00e4hler Apotheke Tablett und Pillen jeglicher Art und Gr\u00f6\u00dfe quantifizieren. Unsere Technik ist darauf ausgelegt, zuverl\u00e4ssige Ergebnisse zu liefern. Egal ob rund, Oval f\u00f6rmig oder sonstige Tabletten \u2013 mit Hilfe unserer Tablettenz\u00e4hler f\u00fcr die Apotheke lassen sich alle Kleinteile abz\u00e4hlen. Verschwenden Sie keine Ressourcen f\u00fcr h\u00e4ndisches Abz\u00e4hlen und investieren Sie in die pr\u00e4zise Technologie von Bagmatic.<\/p>\n<h2><b>Leichte und schnelle Bedienung &#8211; Pillenz\u00e4hler f\u00fcr die Apotheke von Bagmatic <\/b><\/h2>\n<p>Sie wollen Ihre Prozesse optimieren und Ihren Fokus auf wichtige Arbeitsbereiche legen? Die Tablettenz\u00e4hler Apotheke von Bagmatic sind die L\u00f6sung! Die Anlage ist praktisch und dient zur Vereinfachung von Prozessen.[\/vc_column_text][\/vc_column][vc_column width=&#8220;1\/2&#8243;][vc_column_text text_larger=&#8220;no&#8220;]Mit unseren Maschinen lassen sich Ihre Produkte im Handumdrehen abz\u00e4hlen und verpacken. Dar\u00fcber hinaus ist unser Pillenz\u00e4hler f\u00fcr die Apotheke leicht zu bedienen. Die gew\u00fcnschten Kleinteile (Pillen, Tabletten, Kapseln) m\u00fcssen dabei lediglich in den daf\u00fcr vorhergesehenen Beh\u00e4lter gef\u00fcllt werden. Unsere zuverl\u00e4ssige Technologie erledigt den Rest! Wenn Sie die Produkte nach der Quantifizierung anschlie\u00dfend in festgelegten Mengen abpacken wollen, k\u00f6nnen Sie das Modell hierf\u00fcr erweitern. Informieren Sie sich bei unseren fachm\u00e4nnischen Berater:innen f\u00fcr detaillierte Produktinformationen. Ein Tablettenz\u00e4hler Apotheke wird Sie nicht nur bei der Automatisierung Ihrer Prozesse weiterbringen, sondern kann zur Qualit\u00e4tskontrolle durch genauste Mengenz\u00e4hlungen beitragen.<\/p>\n<h2><b>Die robuste und zuverl\u00e4ssige Apothekenz\u00e4hlmaschine lohnt sich langfristig <\/b><\/h2>\n<p>Unsere einzigartige technische L\u00f6sung ist eine Investition, die Sie nicht bereuen werden. Machen Sie Gebrauch von den unz\u00e4hligen Vorteilen unserer Apotheker Tablettenz\u00e4hler! Durch das automatische Z\u00e4hlen Ihrer Kleinteile k\u00f6nnen Sie Ihre Ressourcen gezielter verteilen und somit Kosten einsparen. Neben schnelleren Prozessen profitieren Sie au\u00dferdem von fehlerfreien Ergebnissen und behalten somit Ihre Qualit\u00e4tskontrolle im Blick. Auch die Tablettenz\u00e4hler f\u00fcr die Apotheke von Bagmatic erf\u00fcllen einen hohen Anspruch an Qualit\u00e4t. Unsere Anlagen sind mit qualitativen Anzeigen und Bedienfunktionen ausgestattet. Erfahrene Profis entwickelten die Maschinen mit einem Ma\u00df an Expertise, sodass das Modell un\u00fcbertroffene Genauigkeit liefert. Zus\u00e4tzlich weist die Apothekenz\u00e4hlmaschine eine lange Lebensdauer auf, sodass sich die Investition langfristig lohnt. Bei Bagmatic profitieren Sie vom erstklassigen Verh\u00e4ltnis von Preis zu Leistung und erzielen effiziente und zuverl\u00e4ssige Ergebnisse.<\/p>\n<h3><b>Informieren Sie sich zu Produktinformationen und Finanzierungsm\u00f6glichkeiten<\/b><\/h3>\n<p>Sie wollen sich selbst von unserer erstklassigen Technologie \u00fcberzeugen? Bei Bagmatic stehen Ihnen verschiedene Finanzierungsm\u00f6glichkeiten offen, um einen Pillenz\u00e4hler f\u00fcr die Apotheke anzuschaffen. Unsere L\u00f6sung ist zu einem fairen Preis zu erwerben und kann dar\u00fcber hinaus gemietet sowie geleased werden. Gerne kl\u00e4ren unsere Berater:innen Sie in einem Gespr\u00e4ch \u00fcber die offenen M\u00f6glichkeiten auf. Zus\u00e4tzlich besteht die Option, unsere Tablettenz\u00e4hler Apotheke nicht nur neu sondern auch im \u00fcberholten Zustand mit voller Funktionsf\u00e4higkeit zu kaufen. Was unseren Service besonders macht ist unser starker Fokus auf Kundenbed\u00fcrfnisse. Nach Bedarf statten wir Ihren Tablettenz\u00e4hler f\u00fcr die Apotheke in Kombination mit einer Verpackungs- oder Abf\u00fcllmaschine aus. Lassen Sie sich von unseren Expert:innen beraten und profitieren Sie schon bald von den unz\u00e4hligen Vorteilen unserer qualitativen Apothekenz\u00e4hlmaschine.[\/vc_column_text][\/vc_column][\/vc_row]<\/p>\n<\/section>","protected":false},"excerpt":{"rendered":"<p>[vc_row gap=&#8220;35&#8243; mobile_bg_img_hidden=&#8220;no&#8220; tablet_bg_img_hidden=&#8220;no&#8220; woodmart_parallax=&#8220;0&#8243; woodmart_gradient_switch=&#8220;no&#8220; row_reverse_mobile=&#8220;0&#8243; row_reverse_tablet=&#8220;0&#8243; woodmart_disable_overflow=&#8220;0&#8243;][vc_column width=&#8220;1\/2&#8243;][vc_single_image image=&#8220;135&#8243; img_size=&#8220;large&#8220; parallax_scroll=&#8220;no&#8220;][\/vc_column][vc_column width=&#8220;1\/2&#8243;][vc_column_text text_larger=&#8220;no&#8220;] Bagmatic &#8211; Tablettenz\u00e4hlermaschine f\u00fcr Apotheke<\/p>\n","protected":false},"author":1,"featured_media":0,"parent":0,"menu_order":0,"comment_status":"closed","ping_status":"closed","template":"","meta":[],"yoast_head":"<!-- This site is optimized with the Yoast SEO plugin v20.1 - https:\/\/yoast.com\/wordpress\/plugins\/seo\/ -->\n<title>Apothekenz\u00e4hlmaschinen &amp; Apotheke Tablettenz\u00e4hler Maschine | Bagmatic<\/title>\n<meta name=\"description\" content=\"BagMatic bietet Ihnen Apotheken Tablettenz\u00e4hler Maschinen f\u00fcr Ihr Unternehmen an. Jetzt Apothekenz\u00e4hlmaschinen anfragen und beraten lassen!\" \/>\n<meta name=\"robots\" content=\"index, follow, max-snippet:-1, max-image-preview:large, max-video-preview:-1\" \/>\n<link rel=\"canonical\" href=\"https:\/\/www.bagmatic.com\/de\/apothekenzaehlmaschinen-apotheke-tablettenzaehler-maschine\/\" \/>\n<meta property=\"og:locale\" content=\"de_DE\" \/>\n<meta property=\"og:type\" content=\"article\" \/>\n<meta property=\"og:title\" content=\"Apothekenz\u00e4hlmaschinen &amp; Apotheke Tablettenz\u00e4hler Maschine | Bagmatic\" \/>\n<meta property=\"og:description\" content=\"BagMatic bietet Ihnen Apotheken Tablettenz\u00e4hler Maschinen f\u00fcr Ihr Unternehmen an. Jetzt Apothekenz\u00e4hlmaschinen anfragen und beraten lassen!\" \/>\n<meta property=\"og:url\" content=\"https:\/\/www.bagmatic.com\/de\/apothekenzaehlmaschinen-apotheke-tablettenzaehler-maschine\/\" \/>\n<meta property=\"og:site_name\" content=\"BagMatic\" \/>\n<meta name=\"twitter:card\" content=\"summary_large_image\" \/>\n<meta name=\"twitter:label1\" content=\"Gesch\u00e4tzte Lesezeit\" \/>\n\t<meta name=\"twitter:data1\" content=\"5\u00a0Minuten\" \/>\n<script type=\"application\/ld+json\" class=\"yoast-schema-graph\">{\"@context\":\"https:\/\/schema.org\",\"@graph\":[{\"@type\":\"WebPage\",\"@id\":\"https:\/\/www.bagmatic.com\/de\/apothekenzaehlmaschinen-apotheke-tablettenzaehler-maschine\/\",\"url\":\"https:\/\/www.bagmatic.com\/de\/apothekenzaehlmaschinen-apotheke-tablettenzaehler-maschine\/\",\"name\":\"Apothekenz\u00e4hlmaschinen & Apotheke Tablettenz\u00e4hler Maschine | Bagmatic\",\"isPartOf\":{\"@id\":\"https:\/\/www.bagmatic.com\/de\/#website\"},\"datePublished\":\"2023-01-17T11:06:02+00:00\",\"dateModified\":\"2023-01-17T11:06:02+00:00\",\"description\":\"BagMatic bietet Ihnen Apotheken Tablettenz\u00e4hler Maschinen f\u00fcr Ihr Unternehmen an. Jetzt Apothekenz\u00e4hlmaschinen anfragen und beraten lassen!\",\"breadcrumb\":{\"@id\":\"https:\/\/www.bagmatic.com\/de\/apothekenzaehlmaschinen-apotheke-tablettenzaehler-maschine\/#breadcrumb\"},\"inLanguage\":\"de\",\"potentialAction\":[{\"@type\":\"ReadAction\",\"target\":[\"https:\/\/www.bagmatic.com\/de\/apothekenzaehlmaschinen-apotheke-tablettenzaehler-maschine\/\"]}]},{\"@type\":\"BreadcrumbList\",\"@id\":\"https:\/\/www.bagmatic.com\/de\/apothekenzaehlmaschinen-apotheke-tablettenzaehler-maschine\/#breadcrumb\",\"itemListElement\":[{\"@type\":\"ListItem\",\"position\":1,\"name\":\"Start\",\"item\":\"https:\/\/www.bagmatic.com\/de\/\"},{\"@type\":\"ListItem\",\"position\":2,\"name\":\"Apothekenz\u00e4hlmaschinen (Apotheke Tablettenz\u00e4hler Maschine)\"}]},{\"@type\":\"WebSite\",\"@id\":\"https:\/\/www.bagmatic.com\/de\/#website\",\"url\":\"https:\/\/www.bagmatic.com\/de\/\",\"name\":\"BagMatic\",\"description\":\"\",\"publisher\":{\"@id\":\"https:\/\/www.bagmatic.com\/de\/#organization\"},\"potentialAction\":[{\"@type\":\"SearchAction\",\"target\":{\"@type\":\"EntryPoint\",\"urlTemplate\":\"https:\/\/www.bagmatic.com\/de\/?s={search_term_string}\"},\"query-input\":\"required name=search_term_string\"}],\"inLanguage\":\"de\"},{\"@type\":\"Organization\",\"@id\":\"https:\/\/www.bagmatic.com\/de\/#organization\",\"name\":\"BAGMATIC\u00ae GmbH\",\"url\":\"https:\/\/www.bagmatic.com\/de\/\",\"logo\":{\"@type\":\"ImageObject\",\"inLanguage\":\"de\",\"@id\":\"https:\/\/www.bagmatic.com\/de\/#\/schema\/logo\/image\/\",\"url\":\"https:\/\/www.bagmatic.com\/wp-content\/uploads\/bagmatic-logo.png\",\"contentUrl\":\"https:\/\/www.bagmatic.com\/wp-content\/uploads\/bagmatic-logo.png\",\"width\":500,\"height\":114,\"caption\":\"BAGMATIC\u00ae GmbH\"},\"image\":{\"@id\":\"https:\/\/www.bagmatic.com\/de\/#\/schema\/logo\/image\/\"}}]}<\/script>\n<!-- \/ Yoast SEO plugin. -->","yoast_head_json":{"title":"Apothekenz\u00e4hlmaschinen & Apotheke Tablettenz\u00e4hler Maschine | Bagmatic","description":"BagMatic bietet Ihnen Apotheken Tablettenz\u00e4hler Maschinen f\u00fcr Ihr Unternehmen an. Jetzt Apothekenz\u00e4hlmaschinen anfragen und beraten lassen!","robots":{"index":"index","follow":"follow","max-snippet":"max-snippet:-1","max-image-preview":"max-image-preview:large","max-video-preview":"max-video-preview:-1"},"canonical":"https:\/\/www.bagmatic.com\/de\/apothekenzaehlmaschinen-apotheke-tablettenzaehler-maschine\/","og_locale":"de_DE","og_type":"article","og_title":"Apothekenz\u00e4hlmaschinen & Apotheke Tablettenz\u00e4hler Maschine | Bagmatic","og_description":"BagMatic bietet Ihnen Apotheken Tablettenz\u00e4hler Maschinen f\u00fcr Ihr Unternehmen an. Jetzt Apothekenz\u00e4hlmaschinen anfragen und beraten lassen!","og_url":"https:\/\/www.bagmatic.com\/de\/apothekenzaehlmaschinen-apotheke-tablettenzaehler-maschine\/","og_site_name":"BagMatic","twitter_card":"summary_large_image","twitter_misc":{"Gesch\u00e4tzte Lesezeit":"5\u00a0Minuten"},"schema":{"@context":"https:\/\/schema.org","@graph":[{"@type":"WebPage","@id":"https:\/\/www.bagmatic.com\/de\/apothekenzaehlmaschinen-apotheke-tablettenzaehler-maschine\/","url":"https:\/\/www.bagmatic.com\/de\/apothekenzaehlmaschinen-apotheke-tablettenzaehler-maschine\/","name":"Apothekenz\u00e4hlmaschinen & Apotheke Tablettenz\u00e4hler Maschine | Bagmatic","isPartOf":{"@id":"https:\/\/www.bagmatic.com\/de\/#website"},"datePublished":"2023-01-17T11:06:02+00:00","dateModified":"2023-01-17T11:06:02+00:00","description":"BagMatic bietet Ihnen Apotheken Tablettenz\u00e4hler Maschinen f\u00fcr Ihr Unternehmen an. Jetzt Apothekenz\u00e4hlmaschinen anfragen und beraten lassen!","breadcrumb":{"@id":"https:\/\/www.bagmatic.com\/de\/apothekenzaehlmaschinen-apotheke-tablettenzaehler-maschine\/#breadcrumb"},"inLanguage":"de","potentialAction":[{"@type":"ReadAction","target":["https:\/\/www.bagmatic.com\/de\/apothekenzaehlmaschinen-apotheke-tablettenzaehler-maschine\/"]}]},{"@type":"BreadcrumbList","@id":"https:\/\/www.bagmatic.com\/de\/apothekenzaehlmaschinen-apotheke-tablettenzaehler-maschine\/#breadcrumb","itemListElement":[{"@type":"ListItem","position":1,"name":"Start","item":"https:\/\/www.bagmatic.com\/de\/"},{"@type":"ListItem","position":2,"name":"Apothekenz\u00e4hlmaschinen (Apotheke Tablettenz\u00e4hler Maschine)"}]},{"@type":"WebSite","@id":"https:\/\/www.bagmatic.com\/de\/#website","url":"https:\/\/www.bagmatic.com\/de\/","name":"BagMatic","description":"","publisher":{"@id":"https:\/\/www.bagmatic.com\/de\/#organization"},"potentialAction":[{"@type":"SearchAction","target":{"@type":"EntryPoint","urlTemplate":"https:\/\/www.bagmatic.com\/de\/?s={search_term_string}"},"query-input":"required name=search_term_string"}],"inLanguage":"de"},{"@type":"Organization","@id":"https:\/\/www.bagmatic.com\/de\/#organization","name":"BAGMATIC\u00ae GmbH","url":"https:\/\/www.bagmatic.com\/de\/","logo":{"@type":"ImageObject","inLanguage":"de","@id":"https:\/\/www.bagmatic.com\/de\/#\/schema\/logo\/image\/","url":"https:\/\/www.bagmatic.com\/wp-content\/uploads\/bagmatic-logo.png","contentUrl":"https:\/\/www.bagmatic.com\/wp-content\/uploads\/bagmatic-logo.png","width":500,"height":114,"caption":"BAGMATIC\u00ae GmbH"},"image":{"@id":"https:\/\/www.bagmatic.com\/de\/#\/schema\/logo\/image\/"}}]}},"_links":{"self":[{"href":"https:\/\/www.bagmatic.com\/de\/wp-json\/wp\/v2\/pages\/2169"}],"collection":[{"href":"https:\/\/www.bagmatic.com\/de\/wp-json\/wp\/v2\/pages"}],"about":[{"href":"https:\/\/www.bagmatic.com\/de\/wp-json\/wp\/v2\/types\/page"}],"author":[{"embeddable":true,"href":"https:\/\/www.bagmatic.com\/de\/wp-json\/wp\/v2\/users\/1"}],"replies":[{"embeddable":true,"href":"https:\/\/www.bagmatic.com\/de\/wp-json\/wp\/v2\/comments?post=2169"}],"version-history":[{"count":1,"href":"https:\/\/www.bagmatic.com\/de\/wp-json\/wp\/v2\/pages\/2169\/revisions"}],"predecessor-version":[{"id":2170,"href":"https:\/\/www.bagmatic.com\/de\/wp-json\/wp\/v2\/pages\/2169\/revisions\/2170"}],"wp:attachment":[{"href":"https:\/\/www.bagmatic.com\/de\/wp-json\/wp\/v2\/media?parent=2169"}],"curies":[{"name":"wp","href":"https:\/\/api.w.org\/{rel}","templated":true}]}}