{"id":2182,"date":"2023-01-17T13:08:03","date_gmt":"2023-01-17T12:08:03","guid":{"rendered":"https:\/\/www.bagmatic.com\/?page_id=2182"},"modified":"2023-01-17T13:43:02","modified_gmt":"2023-01-17T12:43:02","slug":"vibrationsfoerderer","status":"publish","type":"page","link":"https:\/\/www.bagmatic.com\/de\/vibrationsfoerderer\/","title":{"rendered":"Vibrationsf\u00f6rderer"},"content":{"rendered":"<section class=\"wpb-content-wrapper\"><p>[vc_row gap=&#8220;35&#8243; mobile_bg_img_hidden=&#8220;no&#8220; tablet_bg_img_hidden=&#8220;no&#8220; woodmart_parallax=&#8220;0&#8243; woodmart_gradient_switch=&#8220;no&#8220; row_reverse_mobile=&#8220;0&#8243; row_reverse_tablet=&#8220;0&#8243; woodmart_disable_overflow=&#8220;0&#8243;][vc_column width=&#8220;1\/2&#8243;][vc_single_image image=&#8220;135&#8243; img_size=&#8220;large&#8220; parallax_scroll=&#8220;no&#8220;][\/vc_column][vc_column width=&#8220;1\/2&#8243;][vc_column_text text_larger=&#8220;no&#8220;]<\/p>\n<h2><b>Vibrationsf\u00f6rderer von Bagmatic \u2013 gestalten Sie Ihre Prozesse mit unserer Einrichtung f\u00fcr Bef\u00f6rderung von Sch\u00fcttgut effizient<\/b><\/h2>\n<p>Der Umgang sowie die Bef\u00f6rderung von kleinen Teilen wie zum Beispiel verschiedensten Arten von Sch\u00fcttgut ist in vielen verschiedenen Industrien und Branchen \u00fcblich. F\u00fcr den schnellen und effizienten Transport von Schuttg\u00fctern kann ein Vibrationsf\u00f6rderer verwendet werden. Bei Bagmatic erhalten Sie elektromagnetische Vibrationsf\u00f6rderer. In unserem Shop k\u00f6nnen Sie verl\u00e4ssliche Technik erwerben, die Ihnen eine gro\u00dfe Unterst\u00fctzung im Arbeitsalltag sein wird. Mit Hilfe von einem Schwingf\u00f6rderer k\u00f6nnen s\u00e4mtliche Arten von Sch\u00fcttgut durch Schwingmechanismen linear bef\u00f6rdert werden. Die robuste F\u00f6rdereinrichtung nutzt Frequenzen, um Schwingantrieb zu erzeugen. Wir als der Hersteller von Schwingf\u00f6rderern Ihres Vertrauens statten Sie mit erstklassigen Anlagen aus. Sie betreiben ein Unternehmen und ben\u00f6tigen die richtige Maschinerie f\u00fcr die Bef\u00f6rderung von Ihrem Sch\u00fcttgut? Ein elektromagnetischer Schwingf\u00f6rderer ist eine effektive und effiziente L\u00f6sung! Informieren Sie sich bei unseren Experten zu Ihrer idealen Anlage, die Ihre Bed\u00fcrfnisse und Anforderungen f\u00fcr den Dauerbetrieb erf\u00fcllt.[\/vc_column_text][\/vc_column][\/vc_row][vc_row css=&#8220;.vc_custom_1571211998246{padding-top: 20px !important;}&#8220; mobile_bg_img_hidden=&#8220;no&#8220; tablet_bg_img_hidden=&#8220;no&#8220; woodmart_parallax=&#8220;0&#8243; woodmart_gradient_switch=&#8220;no&#8220; row_reverse_mobile=&#8220;0&#8243; row_reverse_tablet=&#8220;0&#8243; woodmart_disable_overflow=&#8220;0&#8243;][vc_column]\t\t\t\t<div class=\"wd-categories-wrap wd-wpb\">\n\t\t\t\t\t<div class=\"products woocommerce row categories-style-default wd-spacing-30 columns-4\">\n\t\t\t\t\t\n<div class=\" col-lg-3 col-md-3 col-6 first  category-grid-item cat-design-default categories-with-shadow without-product-count product-category product first\" data-loop=\"1\">\n\t<div class=\"wrapp-category\">\n\t\t<div class=\"category-image-wrapp\">\n\t\t\t<a href=\"https:\/\/www.bagmatic.com\/de\/produkt-kategorie\/verpackungsmaschinen\/industriemaschinen\/\" class=\"category-image\">\n\t\t\t\t\n\t\t\t\t<img width=\"400\" height=\"400\" src=\"data:image\/jpg;base64,\/9j\/4AAQSkZJRgABAQAAAQABAAD\/2wBDAAYEBAUEBAYFBQUGBgYHCQ4JCQgICRINDQoOFRIWFhUSFBQXGiEcFxgfGRQUHScdHyIjJSUlFhwpLCgkKyEkJST\/2wBDAQYGBgkICREJCREkGBQYJCQkJCQkJCQkJCQkJCQkJCQkJCQkJCQkJCQkJCQkJCQkJCQkJCQkJCQkJCQkJCQkJCT\/wAARCAAKAAoDAREAAhEBAxEB\/8QAFwAAAwEAAAAAAAAAAAAAAAAAAwUGB\/\/EACUQAAIBAwMCBwAAAAAAAAAAAAECAwQFEQAGIRIxEyIkQVFT0f\/EABcBAAMBAAAAAAAAAAAAAAAAAAIEBQP\/xAAeEQACAgIDAQEAAAAAAAAAAAABAgADERIEITFRQf\/aAAwDAQACEQMRAD8A2G7VG7ZrvBbK16cwvL1o8aYXyjPBHPz3Gq1a0BC6eyRY15cI\/mZVxbloViQSXFC4UBj4RGT78aRPHfPQjw5CY7MBeKWCFbeY4YkLTHJVQM8HR1MTtkwLVA1wP2OEt1F0j0dP2+sfmsN2+xjRfk\/\/2Q==\" class=\"attachment-woocommerce_thumbnail size-woocommerce_thumbnail wd-lazy-load woodmart-lazy-load wd-lazy-fade\" alt=\"Verpackungsmaschine T1000m Industriemaschine Bagmatic\" decoding=\"async\" loading=\"lazy\" srcset=\"\" sizes=\"(max-width: 400px) 100vw, 400px\" data-wood-src=\"https:\/\/www.bagmatic.com\/wp-content\/uploads\/verpackungsmaschine-t1000m-industriemaschine-bagmatic-400x400.jpg\" data-srcset=\"https:\/\/www.bagmatic.com\/wp-content\/uploads\/verpackungsmaschine-t1000m-industriemaschine-bagmatic-400x400.jpg 400w, https:\/\/www.bagmatic.com\/wp-content\/uploads\/verpackungsmaschine-t1000m-industriemaschine-bagmatic-800x800.jpg 800w, https:\/\/www.bagmatic.com\/wp-content\/uploads\/verpackungsmaschine-t1000m-industriemaschine-bagmatic-100x100.jpg 100w\" \/>\t\t\t<\/a>\n\t\t<\/div>\n\t\t<div class=\"hover-mask\">\n\t\t\t<h3 class=\"wd-entities-title category-title\">\n\t\t\t\tIndustriemaschinen\t\t\t<\/h3>\n\n\t\t\t\n\t\t\t\t\t<\/div>\n\n\t\t\t\t<a href=\"https:\/\/www.bagmatic.com\/de\/produkt-kategorie\/verpackungsmaschinen\/industriemaschinen\/\" class=\"category-link wd-fill\" aria-label=\"Product category industriemaschinen\"><\/a>\n\t\t\t<\/div>\n<\/div>\n\n<div class=\" col-lg-3 col-md-3 col-6 category-grid-item cat-design-default categories-with-shadow without-product-count product-category product\" data-loop=\"2\">\n\t<div class=\"wrapp-category\">\n\t\t<div class=\"category-image-wrapp\">\n\t\t\t<a href=\"https:\/\/www.bagmatic.com\/de\/produkt-kategorie\/verpackungsmaschinen\/tischmaschinen\/\" class=\"category-image\">\n\t\t\t\t\n\t\t\t\t<img width=\"400\" height=\"400\" src=\"data:image\/jpg;base64,\/9j\/4AAQSkZJRgABAQAAAQABAAD\/2wBDAAYEBAUEBAYFBQUGBgYHCQ4JCQgICRINDQoOFRIWFhUSFBQXGiEcFxgfGRQUHScdHyIjJSUlFhwpLCgkKyEkJST\/2wBDAQYGBgkICREJCREkGBQYJCQkJCQkJCQkJCQkJCQkJCQkJCQkJCQkJCQkJCQkJCQkJCQkJCQkJCQkJCQkJCQkJCT\/wAARCAAKAAoDAREAAhEBAxEB\/8QAFwAAAwEAAAAAAAAAAAAAAAAABAUGB\/\/EACAQAAIBBAIDAQAAAAAAAAAAAAECAwAEBREGIRJRccL\/xAAXAQADAQAAAAAAAAAAAAAAAAADBAUC\/8QAIBEAAQMEAgMAAAAAAAAAAAAAAQACIQMREhMEFDGR4f\/aAAwDAQACEQMRAD8A1iTknJVzZWO+JtWbxCBFYgk9HWt6+VZbQo67kSoh5FfZBhU8T8yaJGabGAlQTuIj9UsepeAffxODtW8hEXdpbpl4isESns7CD1QmOOBlbe1uYhNwBodUBML\/2Q==\" class=\"attachment-woocommerce_thumbnail size-woocommerce_thumbnail wd-lazy-load woodmart-lazy-load wd-lazy-fade\" alt=\"Verpackungsmaschine Tischmaschine T300 Verschweisser Vollautomatic Bagmatic\" decoding=\"async\" loading=\"lazy\" srcset=\"\" sizes=\"(max-width: 400px) 100vw, 400px\" data-wood-src=\"https:\/\/www.bagmatic.com\/wp-content\/uploads\/verpackungsmaschine-tischmaschine-t300-verschweisser-vollautomatic-bagmatic-400x400.jpg\" data-srcset=\"https:\/\/www.bagmatic.com\/wp-content\/uploads\/verpackungsmaschine-tischmaschine-t300-verschweisser-vollautomatic-bagmatic-400x400.jpg 400w, https:\/\/www.bagmatic.com\/wp-content\/uploads\/verpackungsmaschine-tischmaschine-t300-verschweisser-vollautomatic-bagmatic-800x800.jpg 800w, https:\/\/www.bagmatic.com\/wp-content\/uploads\/verpackungsmaschine-tischmaschine-t300-verschweisser-vollautomatic-bagmatic-100x100.jpg 100w\" \/>\t\t\t<\/a>\n\t\t<\/div>\n\t\t<div class=\"hover-mask\">\n\t\t\t<h3 class=\"wd-entities-title category-title\">\n\t\t\t\tTischmaschinen\t\t\t<\/h3>\n\n\t\t\t\n\t\t\t\t\t<\/div>\n\n\t\t\t\t<a href=\"https:\/\/www.bagmatic.com\/de\/produkt-kategorie\/verpackungsmaschinen\/tischmaschinen\/\" class=\"category-link wd-fill\" aria-label=\"Product category tischmaschinen\"><\/a>\n\t\t\t<\/div>\n<\/div>\n\n<div class=\" col-lg-3 col-md-3 col-6 category-grid-item cat-design-default categories-with-shadow without-product-count product-category product\" data-loop=\"3\">\n\t<div class=\"wrapp-category\">\n\t\t<div class=\"category-image-wrapp\">\n\t\t\t<a href=\"https:\/\/www.bagmatic.com\/de\/produkt-kategorie\/eingabezubehoer\/\" class=\"category-image\">\n\t\t\t\t\n\t\t\t\t<img width=\"400\" height=\"400\" src=\"data:image\/jpg;base64,\/9j\/4AAQSkZJRgABAQAAAQABAAD\/2wBDAAYEBAUEBAYFBQUGBgYHCQ4JCQgICRINDQoOFRIWFhUSFBQXGiEcFxgfGRQUHScdHyIjJSUlFhwpLCgkKyEkJST\/2wBDAQYGBgkICREJCREkGBQYJCQkJCQkJCQkJCQkJCQkJCQkJCQkJCQkJCQkJCQkJCQkJCQkJCQkJCQkJCQkJCQkJCT\/wAARCAAKAAoDAREAAhEBAxEB\/8QAFgABAQEAAAAAAAAAAAAAAAAABwME\/8QAIRAAAgEDBAMBAAAAAAAAAAAAAQIDBBESAAUGIRMUQTH\/xAAWAQEBAQAAAAAAAAAAAAAAAAAFAgP\/xAAdEQABAwUBAAAAAAAAAAAAAAABAAIRAwQSITFh\/9oADAMBAAIRAxEAPwBO5LySqpuQVm3RbhLGsNUTIXkdVCFVONweh2e7WGnbeg11MPI6PEFcXJbULAeH1KsEUfgjwZmXEWbMm4t+3v3oRxM7TbQI0pLSU43Gaf14vLJEFd8Bk4B6BP0arI4gSpwbmTG1rAAAAFgPms1ov\/\/Z\" class=\"attachment-woocommerce_thumbnail size-woocommerce_thumbnail wd-lazy-load woodmart-lazy-load wd-lazy-fade\" alt=\"Ultrawaage Verpackungsmaschinen Eingabe Teilzaehler Us5000 Bagmatic\" decoding=\"async\" loading=\"lazy\" srcset=\"\" sizes=\"(max-width: 400px) 100vw, 400px\" data-wood-src=\"https:\/\/www.bagmatic.com\/wp-content\/uploads\/ultrawaage-verpackungsmaschinen-eingabe-teilzaehler-us5000-bagmatic-400x400.jpg\" data-srcset=\"https:\/\/www.bagmatic.com\/wp-content\/uploads\/ultrawaage-verpackungsmaschinen-eingabe-teilzaehler-us5000-bagmatic-400x400.jpg 400w, https:\/\/www.bagmatic.com\/wp-content\/uploads\/ultrawaage-verpackungsmaschinen-eingabe-teilzaehler-us5000-bagmatic-800x800.jpg 800w, https:\/\/www.bagmatic.com\/wp-content\/uploads\/ultrawaage-verpackungsmaschinen-eingabe-teilzaehler-us5000-bagmatic-100x100.jpg 100w\" \/>\t\t\t<\/a>\n\t\t<\/div>\n\t\t<div class=\"hover-mask\">\n\t\t\t<h3 class=\"wd-entities-title category-title\">\n\t\t\t\tEingabezubeh\u00f6r\t\t\t<\/h3>\n\n\t\t\t\n\t\t\t\t\t<\/div>\n\n\t\t\t\t<a href=\"https:\/\/www.bagmatic.com\/de\/produkt-kategorie\/eingabezubehoer\/\" class=\"category-link wd-fill\" aria-label=\"Product category eingabezubehoer\"><\/a>\n\t\t\t<\/div>\n<\/div>\n\n<div class=\" col-lg-3 col-md-3 col-6 last  category-grid-item cat-design-default categories-with-shadow without-product-count product-category product last\" data-loop=\"4\">\n\t<div class=\"wrapp-category\">\n\t\t<div class=\"category-image-wrapp\">\n\t\t\t<a href=\"https:\/\/www.bagmatic.com\/de\/produkt-kategorie\/verpackungsmaschinen\/drucker\/\" class=\"category-image\">\n\t\t\t\t\n\t\t\t\t<img width=\"400\" height=\"400\" src=\"data:image\/jpg;base64,\/9j\/4AAQSkZJRgABAQAAAQABAAD\/2wBDAAYEBAUEBAYFBQUGBgYHCQ4JCQgICRINDQoOFRIWFhUSFBQXGiEcFxgfGRQUHScdHyIjJSUlFhwpLCgkKyEkJST\/2wBDAQYGBgkICREJCREkGBQYJCQkJCQkJCQkJCQkJCQkJCQkJCQkJCQkJCQkJCQkJCQkJCQkJCQkJCQkJCQkJCQkJCT\/wAARCAAKAAoDAREAAhEBAxEB\/8QAFQABAQAAAAAAAAAAAAAAAAAABgf\/xAAnEAACAQIFAQkAAAAAAAAAAAABAgMABAUGESIxQQcSEyQyQ3HR8P\/EABUBAQEAAAAAAAAAAAAAAAAAAAUG\/8QAHxEAAgECBwAAAAAAAAAAAAAAAQIAAxEEBRIxM0HB\/9oADAMBAAIRAxEAPwCl9qcs9\/hjYfCz63Td4ltANpHP7pT+XAK2o9SfzQsyaB3AsFrBFBGjLOSqgHS4YDj4pIsSb+QtQALexjnLfm3C4m3Rkrqh4O89KPwvCxiWM51Ep8OF2HhJ5K29I9pfqhjUe+5jQppbYT\/\/2Q==\" class=\"attachment-woocommerce_thumbnail size-woocommerce_thumbnail wd-lazy-load woodmart-lazy-load wd-lazy-fade\" alt=\"Verpackungsmaschinen Ti1000 Drucker Verpackungsdrucker Bagmatic\" decoding=\"async\" loading=\"lazy\" srcset=\"\" sizes=\"(max-width: 400px) 100vw, 400px\" data-wood-src=\"https:\/\/www.bagmatic.com\/wp-content\/uploads\/verpackungsmaschinen-ti1000-drucker-verpackungsdrucker-bagmatic-400x400.jpg\" data-srcset=\"https:\/\/www.bagmatic.com\/wp-content\/uploads\/verpackungsmaschinen-ti1000-drucker-verpackungsdrucker-bagmatic-400x400.jpg 400w, https:\/\/www.bagmatic.com\/wp-content\/uploads\/verpackungsmaschinen-ti1000-drucker-verpackungsdrucker-bagmatic-800x800.jpg 800w, https:\/\/www.bagmatic.com\/wp-content\/uploads\/verpackungsmaschinen-ti1000-drucker-verpackungsdrucker-bagmatic-100x100.jpg 100w\" \/>\t\t\t<\/a>\n\t\t<\/div>\n\t\t<div class=\"hover-mask\">\n\t\t\t<h3 class=\"wd-entities-title category-title\">\n\t\t\t\tDrucker\t\t\t<\/h3>\n\n\t\t\t\n\t\t\t\t\t<\/div>\n\n\t\t\t\t<a href=\"https:\/\/www.bagmatic.com\/de\/produkt-kategorie\/verpackungsmaschinen\/drucker\/\" class=\"category-link wd-fill\" aria-label=\"Product category drucker\"><\/a>\n\t\t\t<\/div>\n<\/div>\n\t\t\t\t\t<\/div>\n\t\t\t\t<\/div>\n\t\t\t\t[\/vc_column][\/vc_row][vc_row gap=&#8220;35&#8243; mobile_bg_img_hidden=&#8220;no&#8220; tablet_bg_img_hidden=&#8220;no&#8220; woodmart_parallax=&#8220;0&#8243; woodmart_gradient_switch=&#8220;no&#8220; row_reverse_mobile=&#8220;0&#8243; row_reverse_tablet=&#8220;0&#8243; woodmart_disable_overflow=&#8220;0&#8243;][vc_column width=&#8220;1\/2&#8243;][vc_column_text text_larger=&#8220;no&#8220;]<\/p>\n<h2><b>Mit Hilfe einer Vibrationsrinne Ihr F\u00f6rdergut an den gew\u00fcnschten Zielort bef\u00f6rdern<\/b><\/h2>\n<p>Vibrationsf\u00f6rderer sind unter verschiedenen Bezeichnungen bekannt. Beispielsweise wird die elektromagnetische Anlage auch Schwingf\u00f6rderer oder Magnetr\u00fcttler genannt. Die Funktionsweise von einem Linearschwingf\u00f6rderer ist leicht zu erkl\u00e4ren. Das zu transportierende Sch\u00fcttgut wird in einer Vibrationsrinne durch frequentierte Bewegungen in Transportrichtung und wieder zur\u00fcck bewegt. Beim Magnet Schwingf\u00f6rderer spielt dabei die Wurfkennziffer eine gro\u00dfe Rolle, die bestimmten in welchem Vorlauf das F\u00f6rdergut in die gew\u00fcnschte Richtung bef\u00f6rdert oder besser gesagt gehoben wird. Doch wie kann ein Vibrationsf\u00f6rderer das Gut voran bef\u00f6rdern, wenn sich die Oberfl\u00e4che vor und zur\u00fcck bewegt? Beim R\u00fccklauf der Vibrationsrinne greift die Massentr\u00e4gheit und sorgt daf\u00fcr, dass aufgrund der abw\u00e4rts gerichteten Bewegung nur geringe Reibung entsteht. Auf diese Weise kann das gew\u00fcnschte Material nach und nach mit jeder Vorw\u00e4rtsschwingung ein R\u00fcck nach vorne bef\u00f6rderte werden und somit bis zum Zielort geschoben werden. Frequenzen regeln hier den reibungslosen Verlauf des Vorgangs.<\/p>\n<h2><b>Elektronmagnetische Vibrationsf\u00f6rderer \u2013 weiter Anwendungsbereich durch hohe Belastbarkeit<\/b><\/h2>\n<p>Wir als Vibrationsf\u00f6rderer Hersteller statten Sie mit praktischen Anlagen aus, die Ihre Prozesse nachhaltig optimieren werden. Elektromagnetische Zubringer k\u00f6nnen von verschiedensten Unternehmen verwendet werden und eigenen sich besonders ideal f\u00fcr die Bef\u00f6rderung von schwerem Sch\u00fcttgut. Aufgrund der robusten und belastbaren Mechanik unserer Maschinen reicht der Anwendungsbereich von staubf\u00f6rmigen G\u00fctern bis hin zu gro\u00dfk\u00f6rnigeren Teilen wie zum Beispiel Kies und Ger\u00f6ll. Mit einem Vibrationsf\u00f6rderer lassen sich gro\u00dfe Mengen an Sch\u00fcttgut gleichm\u00e4\u00dfig in die gew\u00fcnschte Richtung bef\u00f6rdern, ohne dass die Anlage viel Wartung ben\u00f6tigt. Dies ist der robusten Bauart und \u00fcberzeugenden vertikalen Belastbarkeit zu verdanken. Somit kann das F\u00f6rdergut wie zum Beispiel Kies einfach und zuverl\u00e4ssig an den Zielort bef\u00f6rdert werden und Stauungen sowie \u00e4hnliche Probleme vermieden werden. Ein weiterer entscheidender Vorteil gegen\u00fcber herk\u00f6mmlichen F\u00f6rdereinrichtungen ist die Eigenschaft, dass unser Magnet Schwingf\u00f6rderer sicher ist vor \u00dcberlastung und dadurch Ausf\u00e4lle vermieden werden k\u00f6nnen.[\/vc_column_text][\/vc_column][vc_column width=&#8220;1\/2&#8243;][vc_column_text text_larger=&#8220;no&#8220;]<\/p>\n<h2><b>Von den Vorteilen elektromagnetischer Schwingf\u00f6rderer von Bagmatic profitieren<\/b><\/h2>\n<p>Mit Hilfe von einem zuverl\u00e4ssigen Schwingf\u00f6rderer k\u00f6nnen Unternehmen, die mit s\u00e4mtlicher Art von Sch\u00fcttgut hantierten, Ihre Vorg\u00e4nge effizienter gestalten. Unsere elektromagnetische L\u00f6sung kann den Gebrauch herk\u00f6mmlicher F\u00f6rdereinrichtungen ersetzen und dar\u00fcber hinaus viele weitere Vorz\u00fcge mit sich bringen. Dabei geht besonders darum, die Frequenz der Schwingungen der Vibrationsrinne optimal zu nutzen, um das gew\u00fcnschte Sch\u00fcttgut reibungslos und ohne Verzug zum Zielort zu bef\u00f6rdern. Im Anwendungsfall spielt vor allem der geringe Verschlei\u00df eine ausschlaggebende Rolle f\u00fcr die Effizienz. Da durch elektromagnetische Vibrationsf\u00f6rderer eine hohe Belastbarkeit gew\u00e4hrleistet werden kann, kann ein einwandfreier Verlauf beim Bef\u00f6rdern gesichert werden. Somit hat der Schwingf\u00f6rderer von Bagmatic nicht nur Einfluss auf Ihre Effizienz, sondern tr\u00e4gt dazu bei, dass Sie Ressourcen sparen. Durch die robusten Eigenschaften der Anlage sowie der reibungslosen Funktionsweise k\u00f6nnen Sie nachhaltig Kosten sparen und Ihre dabei gewonnen Ressourcen anderweitig zur Optimierung von Prozessen einsetzen.<\/p>\n<h3><b>Bei Bagmatic von Profis beraten lassen zu Ihrem Magnet Schwingf\u00f6rderer<\/b><\/h3>\n<p>Sie sind Betreiber eines Unternehmens und ben\u00f6tigen f\u00fcr die Bef\u00f6rderung Ihres Sch\u00fcttguts eine Anlage? Bei Bagmatic sind Sie genau richtig, denn wir sind erfahrener Vibrationsf\u00f6rderer Hersteller. Unsere elektromagnetische L\u00f6sung macht es m\u00f6glich, Prozesse automatisiert ohne Verzug laufen zu lassen. Die hochwertige Qualit\u00e4t \u2013 die sich durch den robusten Bau auszeichnet \u2013 f\u00fchrt dazu, dass die Anlage in Regelf\u00e4llen lange Zeit keine Wartungen oder \u00e4hnliche Reparaturen oder Fehlerbehebungen ben\u00f6tigt. Somit lohnt sich die Investition in einen Vibrationsf\u00f6rderer langfristig. Steigern Sie Ihre Effizienz, indem Sie sich an uns wenden \u2013 einen erfahrenen Hersteller von Schwingf\u00f6rderern. Wir bei Bagmatic weisen ein hohes Ma\u00df an Expertise auf, sodass wir Ihnen bei jeglichen Fragen zum Produkt sowie Themen dar\u00fcber hinaus Beratung leisten k\u00f6nnen. Wenden Sie sich gerne an unseren Service und vereinbaren Sie dort einen Termin. Optimieren Sie Ihre Prozesse und entscheiden Sie sich f\u00fcr unsere zuverl\u00e4ssige F\u00f6rdereinrichtung.[\/vc_column_text][\/vc_column][\/vc_row]<\/p>\n<\/section>","protected":false},"excerpt":{"rendered":"<p>[vc_row gap=&#8220;35&#8243; mobile_bg_img_hidden=&#8220;no&#8220; tablet_bg_img_hidden=&#8220;no&#8220; woodmart_parallax=&#8220;0&#8243; woodmart_gradient_switch=&#8220;no&#8220; row_reverse_mobile=&#8220;0&#8243; row_reverse_tablet=&#8220;0&#8243; woodmart_disable_overflow=&#8220;0&#8243;][vc_column width=&#8220;1\/2&#8243;][vc_single_image image=&#8220;135&#8243; img_size=&#8220;large&#8220; parallax_scroll=&#8220;no&#8220;][\/vc_column][vc_column width=&#8220;1\/2&#8243;][vc_column_text text_larger=&#8220;no&#8220;] Vibrationsf\u00f6rderer von Bagmatic \u2013 gestalten<\/p>\n","protected":false},"author":1,"featured_media":0,"parent":0,"menu_order":0,"comment_status":"closed","ping_status":"closed","template":"","meta":[],"yoast_head":"<!-- This site is optimized with the Yoast SEO plugin v20.1 - https:\/\/yoast.com\/wordpress\/plugins\/seo\/ -->\n<title>Elektromagnetische Vibrationsf\u00f6rderer | Hersteller Bagmatic<\/title>\n<meta name=\"description\" content=\"BagMatic als Hersteller f\u00fcr elektromagnetische Vibrationsf\u00f6rderer bietet Ihnen Vibrationsf\u00f6rderer f\u00fcr Ihr Unternehmen. Jetzt anfragen und beraten lassen!\" \/>\n<meta name=\"robots\" content=\"index, follow, max-snippet:-1, max-image-preview:large, max-video-preview:-1\" \/>\n<link rel=\"canonical\" href=\"https:\/\/www.bagmatic.com\/de\/vibrationsfoerderer\/\" \/>\n<meta property=\"og:locale\" content=\"de_DE\" \/>\n<meta property=\"og:type\" content=\"article\" \/>\n<meta property=\"og:title\" content=\"Elektromagnetische Vibrationsf\u00f6rderer | Hersteller Bagmatic\" \/>\n<meta property=\"og:description\" content=\"BagMatic als Hersteller f\u00fcr elektromagnetische Vibrationsf\u00f6rderer bietet Ihnen Vibrationsf\u00f6rderer f\u00fcr Ihr Unternehmen. Jetzt anfragen und beraten lassen!\" \/>\n<meta property=\"og:url\" content=\"https:\/\/www.bagmatic.com\/de\/vibrationsfoerderer\/\" \/>\n<meta property=\"og:site_name\" content=\"BagMatic\" \/>\n<meta property=\"article:modified_time\" content=\"2023-01-17T12:43:02+00:00\" \/>\n<meta name=\"twitter:card\" content=\"summary_large_image\" \/>\n<meta name=\"twitter:label1\" content=\"Gesch\u00e4tzte Lesezeit\" \/>\n\t<meta name=\"twitter:data1\" content=\"5\u00a0Minuten\" \/>\n<script type=\"application\/ld+json\" class=\"yoast-schema-graph\">{\"@context\":\"https:\/\/schema.org\",\"@graph\":[{\"@type\":\"WebPage\",\"@id\":\"https:\/\/www.bagmatic.com\/de\/vibrationsfoerderer\/\",\"url\":\"https:\/\/www.bagmatic.com\/de\/vibrationsfoerderer\/\",\"name\":\"Elektromagnetische Vibrationsf\u00f6rderer | Hersteller Bagmatic\",\"isPartOf\":{\"@id\":\"https:\/\/www.bagmatic.com\/de\/#website\"},\"datePublished\":\"2023-01-17T12:08:03+00:00\",\"dateModified\":\"2023-01-17T12:43:02+00:00\",\"description\":\"BagMatic als Hersteller f\u00fcr elektromagnetische Vibrationsf\u00f6rderer bietet Ihnen Vibrationsf\u00f6rderer f\u00fcr Ihr Unternehmen. Jetzt anfragen und beraten lassen!\",\"breadcrumb\":{\"@id\":\"https:\/\/www.bagmatic.com\/de\/vibrationsfoerderer\/#breadcrumb\"},\"inLanguage\":\"de\",\"potentialAction\":[{\"@type\":\"ReadAction\",\"target\":[\"https:\/\/www.bagmatic.com\/de\/vibrationsfoerderer\/\"]}]},{\"@type\":\"BreadcrumbList\",\"@id\":\"https:\/\/www.bagmatic.com\/de\/vibrationsfoerderer\/#breadcrumb\",\"itemListElement\":[{\"@type\":\"ListItem\",\"position\":1,\"name\":\"Start\",\"item\":\"https:\/\/www.bagmatic.com\/de\/\"},{\"@type\":\"ListItem\",\"position\":2,\"name\":\"Vibrationsf\u00f6rderer\"}]},{\"@type\":\"WebSite\",\"@id\":\"https:\/\/www.bagmatic.com\/de\/#website\",\"url\":\"https:\/\/www.bagmatic.com\/de\/\",\"name\":\"BagMatic\",\"description\":\"\",\"publisher\":{\"@id\":\"https:\/\/www.bagmatic.com\/de\/#organization\"},\"potentialAction\":[{\"@type\":\"SearchAction\",\"target\":{\"@type\":\"EntryPoint\",\"urlTemplate\":\"https:\/\/www.bagmatic.com\/de\/?s={search_term_string}\"},\"query-input\":\"required name=search_term_string\"}],\"inLanguage\":\"de\"},{\"@type\":\"Organization\",\"@id\":\"https:\/\/www.bagmatic.com\/de\/#organization\",\"name\":\"BAGMATIC\u00ae GmbH\",\"url\":\"https:\/\/www.bagmatic.com\/de\/\",\"logo\":{\"@type\":\"ImageObject\",\"inLanguage\":\"de\",\"@id\":\"https:\/\/www.bagmatic.com\/de\/#\/schema\/logo\/image\/\",\"url\":\"https:\/\/www.bagmatic.com\/wp-content\/uploads\/bagmatic-logo.png\",\"contentUrl\":\"https:\/\/www.bagmatic.com\/wp-content\/uploads\/bagmatic-logo.png\",\"width\":500,\"height\":114,\"caption\":\"BAGMATIC\u00ae GmbH\"},\"image\":{\"@id\":\"https:\/\/www.bagmatic.com\/de\/#\/schema\/logo\/image\/\"}}]}<\/script>\n<!-- \/ Yoast SEO plugin. -->","yoast_head_json":{"title":"Elektromagnetische Vibrationsf\u00f6rderer | Hersteller Bagmatic","description":"BagMatic als Hersteller f\u00fcr elektromagnetische Vibrationsf\u00f6rderer bietet Ihnen Vibrationsf\u00f6rderer f\u00fcr Ihr Unternehmen. Jetzt anfragen und beraten lassen!","robots":{"index":"index","follow":"follow","max-snippet":"max-snippet:-1","max-image-preview":"max-image-preview:large","max-video-preview":"max-video-preview:-1"},"canonical":"https:\/\/www.bagmatic.com\/de\/vibrationsfoerderer\/","og_locale":"de_DE","og_type":"article","og_title":"Elektromagnetische Vibrationsf\u00f6rderer | Hersteller Bagmatic","og_description":"BagMatic als Hersteller f\u00fcr elektromagnetische Vibrationsf\u00f6rderer bietet Ihnen Vibrationsf\u00f6rderer f\u00fcr Ihr Unternehmen. Jetzt anfragen und beraten lassen!","og_url":"https:\/\/www.bagmatic.com\/de\/vibrationsfoerderer\/","og_site_name":"BagMatic","article_modified_time":"2023-01-17T12:43:02+00:00","twitter_card":"summary_large_image","twitter_misc":{"Gesch\u00e4tzte Lesezeit":"5\u00a0Minuten"},"schema":{"@context":"https:\/\/schema.org","@graph":[{"@type":"WebPage","@id":"https:\/\/www.bagmatic.com\/de\/vibrationsfoerderer\/","url":"https:\/\/www.bagmatic.com\/de\/vibrationsfoerderer\/","name":"Elektromagnetische Vibrationsf\u00f6rderer | Hersteller Bagmatic","isPartOf":{"@id":"https:\/\/www.bagmatic.com\/de\/#website"},"datePublished":"2023-01-17T12:08:03+00:00","dateModified":"2023-01-17T12:43:02+00:00","description":"BagMatic als Hersteller f\u00fcr elektromagnetische Vibrationsf\u00f6rderer bietet Ihnen Vibrationsf\u00f6rderer f\u00fcr Ihr Unternehmen. Jetzt anfragen und beraten lassen!","breadcrumb":{"@id":"https:\/\/www.bagmatic.com\/de\/vibrationsfoerderer\/#breadcrumb"},"inLanguage":"de","potentialAction":[{"@type":"ReadAction","target":["https:\/\/www.bagmatic.com\/de\/vibrationsfoerderer\/"]}]},{"@type":"BreadcrumbList","@id":"https:\/\/www.bagmatic.com\/de\/vibrationsfoerderer\/#breadcrumb","itemListElement":[{"@type":"ListItem","position":1,"name":"Start","item":"https:\/\/www.bagmatic.com\/de\/"},{"@type":"ListItem","position":2,"name":"Vibrationsf\u00f6rderer"}]},{"@type":"WebSite","@id":"https:\/\/www.bagmatic.com\/de\/#website","url":"https:\/\/www.bagmatic.com\/de\/","name":"BagMatic","description":"","publisher":{"@id":"https:\/\/www.bagmatic.com\/de\/#organization"},"potentialAction":[{"@type":"SearchAction","target":{"@type":"EntryPoint","urlTemplate":"https:\/\/www.bagmatic.com\/de\/?s={search_term_string}"},"query-input":"required name=search_term_string"}],"inLanguage":"de"},{"@type":"Organization","@id":"https:\/\/www.bagmatic.com\/de\/#organization","name":"BAGMATIC\u00ae GmbH","url":"https:\/\/www.bagmatic.com\/de\/","logo":{"@type":"ImageObject","inLanguage":"de","@id":"https:\/\/www.bagmatic.com\/de\/#\/schema\/logo\/image\/","url":"https:\/\/www.bagmatic.com\/wp-content\/uploads\/bagmatic-logo.png","contentUrl":"https:\/\/www.bagmatic.com\/wp-content\/uploads\/bagmatic-logo.png","width":500,"height":114,"caption":"BAGMATIC\u00ae GmbH"},"image":{"@id":"https:\/\/www.bagmatic.com\/de\/#\/schema\/logo\/image\/"}}]}},"_links":{"self":[{"href":"https:\/\/www.bagmatic.com\/de\/wp-json\/wp\/v2\/pages\/2182"}],"collection":[{"href":"https:\/\/www.bagmatic.com\/de\/wp-json\/wp\/v2\/pages"}],"about":[{"href":"https:\/\/www.bagmatic.com\/de\/wp-json\/wp\/v2\/types\/page"}],"author":[{"embeddable":true,"href":"https:\/\/www.bagmatic.com\/de\/wp-json\/wp\/v2\/users\/1"}],"replies":[{"embeddable":true,"href":"https:\/\/www.bagmatic.com\/de\/wp-json\/wp\/v2\/comments?post=2182"}],"version-history":[{"count":2,"href":"https:\/\/www.bagmatic.com\/de\/wp-json\/wp\/v2\/pages\/2182\/revisions"}],"predecessor-version":[{"id":2188,"href":"https:\/\/www.bagmatic.com\/de\/wp-json\/wp\/v2\/pages\/2182\/revisions\/2188"}],"wp:attachment":[{"href":"https:\/\/www.bagmatic.com\/de\/wp-json\/wp\/v2\/media?parent=2182"}],"curies":[{"name":"wp","href":"https:\/\/api.w.org\/{rel}","templated":true}]}}