{"id":2189,"date":"2023-01-17T13:50:59","date_gmt":"2023-01-17T12:50:59","guid":{"rendered":"https:\/\/www.bagmatic.com\/?page_id=2189"},"modified":"2023-01-17T13:50:59","modified_gmt":"2023-01-17T12:50:59","slug":"schwingfoerderer","status":"publish","type":"page","link":"https:\/\/www.bagmatic.com\/de\/schwingfoerderer\/","title":{"rendered":"Schwingf\u00f6rderer"},"content":{"rendered":"<section class=\"wpb-content-wrapper\"><p>[vc_row gap=&#8220;35&#8243; mobile_bg_img_hidden=&#8220;no&#8220; tablet_bg_img_hidden=&#8220;no&#8220; woodmart_parallax=&#8220;0&#8243; woodmart_gradient_switch=&#8220;no&#8220; row_reverse_mobile=&#8220;0&#8243; row_reverse_tablet=&#8220;0&#8243; woodmart_disable_overflow=&#8220;0&#8243;][vc_column width=&#8220;1\/2&#8243;][vc_single_image image=&#8220;135&#8243; img_size=&#8220;large&#8220; parallax_scroll=&#8220;no&#8220;][\/vc_column][vc_column width=&#8220;1\/2&#8243;][vc_column_text text_larger=&#8220;no&#8220;]<\/p>\n<h2><strong>Seri\u00f6sen Schwingf\u00f6rderer Hersteller kontaktieren und zum Thema Schwingf\u00f6rderer kompetent beraten lassen<\/strong><\/h2>\n<p>Mit einem Schwingf\u00f6rderer k\u00f6nnen Sie unterschiedliche Arten und Gr\u00f6\u00dfen von Sch\u00fcttg\u00fctern und anderen Materialien transportieren, sortieren, bunkern, vereinzeln und bereitstellen. Hierbei ist es zum einen wichtig, dass es zu keinen Besch\u00e4digungen der Materialien kommt und zum anderen ist eine schnelle Bereitstellung der Materialien, um effiziente Abl\u00e4ufe zu gew\u00e4hrleisten, unverzichtbar. Schwingf\u00f6rderer k\u00f6nnen in unterschiedlichen Branchen eingesetzt werden und sinnvoll sein. Falls Sie Interesse an einem Schwingf\u00f6rderer haben, sollten Sie unbedingt Bagmatic kontaktieren. Wir entwickeln f\u00fcr Sie individuelle L\u00f6sungen, um Ihnen eine bestm\u00f6gliche Optimierung an Ihrem Arbeitsplatz zu erm\u00f6glichen. Schwingf\u00f6rderer, welche auch als Vibrations- oder Wendelf\u00f6rderer bezeichnet werden, k\u00f6nnen perfekt in Ihr Unternehmen integriert werden. Technisch sind Schwingf\u00f6rderer sehr robust und zuverl\u00e4ssig, weshalb sich eine Anschaffung sehr lohnt.[\/vc_column_text][\/vc_column][\/vc_row][vc_row css=&#8220;.vc_custom_1571211998246{padding-top: 20px !important;}&#8220; mobile_bg_img_hidden=&#8220;no&#8220; tablet_bg_img_hidden=&#8220;no&#8220; woodmart_parallax=&#8220;0&#8243; woodmart_gradient_switch=&#8220;no&#8220; row_reverse_mobile=&#8220;0&#8243; row_reverse_tablet=&#8220;0&#8243; woodmart_disable_overflow=&#8220;0&#8243;][vc_column]\t\t\t\t<div class=\"wd-categories-wrap wd-wpb\">\n\t\t\t\t\t<div class=\"products woocommerce row categories-style-default wd-spacing-30 columns-4\">\n\t\t\t\t\t\n<div class=\" col-lg-3 col-md-3 col-6 first  category-grid-item cat-design-default categories-with-shadow without-product-count product-category product first\" data-loop=\"1\">\n\t<div class=\"wrapp-category\">\n\t\t<div class=\"category-image-wrapp\">\n\t\t\t<a href=\"https:\/\/www.bagmatic.com\/de\/produkt-kategorie\/verpackungsmaschinen\/industriemaschinen\/\" class=\"category-image\">\n\t\t\t\t\n\t\t\t\t<img width=\"400\" height=\"400\" src=\"data:image\/jpg;base64,\/9j\/4AAQSkZJRgABAQAAAQABAAD\/2wBDAAYEBAUEBAYFBQUGBgYHCQ4JCQgICRINDQoOFRIWFhUSFBQXGiEcFxgfGRQUHScdHyIjJSUlFhwpLCgkKyEkJST\/2wBDAQYGBgkICREJCREkGBQYJCQkJCQkJCQkJCQkJCQkJCQkJCQkJCQkJCQkJCQkJCQkJCQkJCQkJCQkJCQkJCQkJCT\/wAARCAAKAAoDAREAAhEBAxEB\/8QAFwAAAwEAAAAAAAAAAAAAAAAAAwUGB\/\/EACUQAAIBAwMCBwAAAAAAAAAAAAECAwQFEQAGIRIxEyIkQVFT0f\/EABcBAAMBAAAAAAAAAAAAAAAAAAIEBQP\/xAAeEQACAgIDAQEAAAAAAAAAAAABAgADERIEITFRQf\/aAAwDAQACEQMRAD8A2G7VG7ZrvBbK16cwvL1o8aYXyjPBHPz3Gq1a0BC6eyRY15cI\/mZVxbloViQSXFC4UBj4RGT78aRPHfPQjw5CY7MBeKWCFbeY4YkLTHJVQM8HR1MTtkwLVA1wP2OEt1F0j0dP2+sfmsN2+xjRfk\/\/2Q==\" class=\"attachment-woocommerce_thumbnail size-woocommerce_thumbnail wd-lazy-load woodmart-lazy-load wd-lazy-fade\" alt=\"Verpackungsmaschine T1000m Industriemaschine Bagmatic\" decoding=\"async\" loading=\"lazy\" srcset=\"\" sizes=\"(max-width: 400px) 100vw, 400px\" data-wood-src=\"https:\/\/www.bagmatic.com\/wp-content\/uploads\/verpackungsmaschine-t1000m-industriemaschine-bagmatic-400x400.jpg\" data-srcset=\"https:\/\/www.bagmatic.com\/wp-content\/uploads\/verpackungsmaschine-t1000m-industriemaschine-bagmatic-400x400.jpg 400w, https:\/\/www.bagmatic.com\/wp-content\/uploads\/verpackungsmaschine-t1000m-industriemaschine-bagmatic-800x800.jpg 800w, https:\/\/www.bagmatic.com\/wp-content\/uploads\/verpackungsmaschine-t1000m-industriemaschine-bagmatic-100x100.jpg 100w\" \/>\t\t\t<\/a>\n\t\t<\/div>\n\t\t<div class=\"hover-mask\">\n\t\t\t<h3 class=\"wd-entities-title category-title\">\n\t\t\t\tIndustriemaschinen\t\t\t<\/h3>\n\n\t\t\t\n\t\t\t\t\t<\/div>\n\n\t\t\t\t<a href=\"https:\/\/www.bagmatic.com\/de\/produkt-kategorie\/verpackungsmaschinen\/industriemaschinen\/\" class=\"category-link wd-fill\" aria-label=\"Product category industriemaschinen\"><\/a>\n\t\t\t<\/div>\n<\/div>\n\n<div class=\" col-lg-3 col-md-3 col-6 category-grid-item cat-design-default categories-with-shadow without-product-count product-category product\" data-loop=\"2\">\n\t<div class=\"wrapp-category\">\n\t\t<div class=\"category-image-wrapp\">\n\t\t\t<a href=\"https:\/\/www.bagmatic.com\/de\/produkt-kategorie\/verpackungsmaschinen\/tischmaschinen\/\" class=\"category-image\">\n\t\t\t\t\n\t\t\t\t<img width=\"400\" height=\"400\" src=\"data:image\/jpg;base64,\/9j\/4AAQSkZJRgABAQAAAQABAAD\/2wBDAAYEBAUEBAYFBQUGBgYHCQ4JCQgICRINDQoOFRIWFhUSFBQXGiEcFxgfGRQUHScdHyIjJSUlFhwpLCgkKyEkJST\/2wBDAQYGBgkICREJCREkGBQYJCQkJCQkJCQkJCQkJCQkJCQkJCQkJCQkJCQkJCQkJCQkJCQkJCQkJCQkJCQkJCQkJCT\/wAARCAAKAAoDAREAAhEBAxEB\/8QAFwAAAwEAAAAAAAAAAAAAAAAABAUGB\/\/EACAQAAIBBAIDAQAAAAAAAAAAAAECAwAEBREGIRJRccL\/xAAXAQADAQAAAAAAAAAAAAAAAAADBAUC\/8QAIBEAAQMEAgMAAAAAAAAAAAAAAQACIQMREhMEFDGR4f\/aAAwDAQACEQMRAD8A1iTknJVzZWO+JtWbxCBFYgk9HWt6+VZbQo67kSoh5FfZBhU8T8yaJGabGAlQTuIj9UsepeAffxODtW8hEXdpbpl4isESns7CD1QmOOBlbe1uYhNwBodUBML\/2Q==\" class=\"attachment-woocommerce_thumbnail size-woocommerce_thumbnail wd-lazy-load woodmart-lazy-load wd-lazy-fade\" alt=\"Verpackungsmaschine Tischmaschine T300 Verschweisser Vollautomatic Bagmatic\" decoding=\"async\" loading=\"lazy\" srcset=\"\" sizes=\"(max-width: 400px) 100vw, 400px\" data-wood-src=\"https:\/\/www.bagmatic.com\/wp-content\/uploads\/verpackungsmaschine-tischmaschine-t300-verschweisser-vollautomatic-bagmatic-400x400.jpg\" data-srcset=\"https:\/\/www.bagmatic.com\/wp-content\/uploads\/verpackungsmaschine-tischmaschine-t300-verschweisser-vollautomatic-bagmatic-400x400.jpg 400w, https:\/\/www.bagmatic.com\/wp-content\/uploads\/verpackungsmaschine-tischmaschine-t300-verschweisser-vollautomatic-bagmatic-800x800.jpg 800w, https:\/\/www.bagmatic.com\/wp-content\/uploads\/verpackungsmaschine-tischmaschine-t300-verschweisser-vollautomatic-bagmatic-100x100.jpg 100w\" \/>\t\t\t<\/a>\n\t\t<\/div>\n\t\t<div class=\"hover-mask\">\n\t\t\t<h3 class=\"wd-entities-title category-title\">\n\t\t\t\tTischmaschinen\t\t\t<\/h3>\n\n\t\t\t\n\t\t\t\t\t<\/div>\n\n\t\t\t\t<a href=\"https:\/\/www.bagmatic.com\/de\/produkt-kategorie\/verpackungsmaschinen\/tischmaschinen\/\" class=\"category-link wd-fill\" aria-label=\"Product category tischmaschinen\"><\/a>\n\t\t\t<\/div>\n<\/div>\n\n<div class=\" col-lg-3 col-md-3 col-6 category-grid-item cat-design-default categories-with-shadow without-product-count product-category product\" data-loop=\"3\">\n\t<div class=\"wrapp-category\">\n\t\t<div class=\"category-image-wrapp\">\n\t\t\t<a href=\"https:\/\/www.bagmatic.com\/de\/produkt-kategorie\/eingabezubehoer\/\" class=\"category-image\">\n\t\t\t\t\n\t\t\t\t<img width=\"400\" height=\"400\" src=\"data:image\/jpg;base64,\/9j\/4AAQSkZJRgABAQAAAQABAAD\/2wBDAAYEBAUEBAYFBQUGBgYHCQ4JCQgICRINDQoOFRIWFhUSFBQXGiEcFxgfGRQUHScdHyIjJSUlFhwpLCgkKyEkJST\/2wBDAQYGBgkICREJCREkGBQYJCQkJCQkJCQkJCQkJCQkJCQkJCQkJCQkJCQkJCQkJCQkJCQkJCQkJCQkJCQkJCQkJCT\/wAARCAAKAAoDAREAAhEBAxEB\/8QAFgABAQEAAAAAAAAAAAAAAAAABwME\/8QAIRAAAgEDBAMBAAAAAAAAAAAAAQIDBBESAAUGIRMUQTH\/xAAWAQEBAQAAAAAAAAAAAAAAAAAFAgP\/xAAdEQABAwUBAAAAAAAAAAAAAAABAAIRAwQSITFh\/9oADAMBAAIRAxEAPwBO5LySqpuQVm3RbhLGsNUTIXkdVCFVONweh2e7WGnbeg11MPI6PEFcXJbULAeH1KsEUfgjwZmXEWbMm4t+3v3oRxM7TbQI0pLSU43Gaf14vLJEFd8Bk4B6BP0arI4gSpwbmTG1rAAAAFgPms1ov\/\/Z\" class=\"attachment-woocommerce_thumbnail size-woocommerce_thumbnail wd-lazy-load woodmart-lazy-load wd-lazy-fade\" alt=\"Ultrawaage Verpackungsmaschinen Eingabe Teilzaehler Us5000 Bagmatic\" decoding=\"async\" loading=\"lazy\" srcset=\"\" sizes=\"(max-width: 400px) 100vw, 400px\" data-wood-src=\"https:\/\/www.bagmatic.com\/wp-content\/uploads\/ultrawaage-verpackungsmaschinen-eingabe-teilzaehler-us5000-bagmatic-400x400.jpg\" data-srcset=\"https:\/\/www.bagmatic.com\/wp-content\/uploads\/ultrawaage-verpackungsmaschinen-eingabe-teilzaehler-us5000-bagmatic-400x400.jpg 400w, https:\/\/www.bagmatic.com\/wp-content\/uploads\/ultrawaage-verpackungsmaschinen-eingabe-teilzaehler-us5000-bagmatic-800x800.jpg 800w, https:\/\/www.bagmatic.com\/wp-content\/uploads\/ultrawaage-verpackungsmaschinen-eingabe-teilzaehler-us5000-bagmatic-100x100.jpg 100w\" \/>\t\t\t<\/a>\n\t\t<\/div>\n\t\t<div class=\"hover-mask\">\n\t\t\t<h3 class=\"wd-entities-title category-title\">\n\t\t\t\tEingabezubeh\u00f6r\t\t\t<\/h3>\n\n\t\t\t\n\t\t\t\t\t<\/div>\n\n\t\t\t\t<a href=\"https:\/\/www.bagmatic.com\/de\/produkt-kategorie\/eingabezubehoer\/\" class=\"category-link wd-fill\" aria-label=\"Product category eingabezubehoer\"><\/a>\n\t\t\t<\/div>\n<\/div>\n\n<div class=\" col-lg-3 col-md-3 col-6 last  category-grid-item cat-design-default categories-with-shadow without-product-count product-category product last\" data-loop=\"4\">\n\t<div class=\"wrapp-category\">\n\t\t<div class=\"category-image-wrapp\">\n\t\t\t<a href=\"https:\/\/www.bagmatic.com\/de\/produkt-kategorie\/verpackungsmaschinen\/drucker\/\" class=\"category-image\">\n\t\t\t\t\n\t\t\t\t<img width=\"400\" height=\"400\" src=\"data:image\/jpg;base64,\/9j\/4AAQSkZJRgABAQAAAQABAAD\/2wBDAAYEBAUEBAYFBQUGBgYHCQ4JCQgICRINDQoOFRIWFhUSFBQXGiEcFxgfGRQUHScdHyIjJSUlFhwpLCgkKyEkJST\/2wBDAQYGBgkICREJCREkGBQYJCQkJCQkJCQkJCQkJCQkJCQkJCQkJCQkJCQkJCQkJCQkJCQkJCQkJCQkJCQkJCQkJCT\/wAARCAAKAAoDAREAAhEBAxEB\/8QAFQABAQAAAAAAAAAAAAAAAAAABgf\/xAAnEAACAQIFAQkAAAAAAAAAAAABAgMABAUGESIxQQcSEyQyQ3HR8P\/EABUBAQEAAAAAAAAAAAAAAAAAAAUG\/8QAHxEAAgECBwAAAAAAAAAAAAAAAQIAAxEEBRIxM0HB\/9oADAMBAAIRAxEAPwCl9qcs9\/hjYfCz63Td4ltANpHP7pT+XAK2o9SfzQsyaB3AsFrBFBGjLOSqgHS4YDj4pIsSb+QtQALexjnLfm3C4m3Rkrqh4O89KPwvCxiWM51Ep8OF2HhJ5K29I9pfqhjUe+5jQppbYT\/\/2Q==\" class=\"attachment-woocommerce_thumbnail size-woocommerce_thumbnail wd-lazy-load woodmart-lazy-load wd-lazy-fade\" alt=\"Verpackungsmaschinen Ti1000 Drucker Verpackungsdrucker Bagmatic\" decoding=\"async\" loading=\"lazy\" srcset=\"\" sizes=\"(max-width: 400px) 100vw, 400px\" data-wood-src=\"https:\/\/www.bagmatic.com\/wp-content\/uploads\/verpackungsmaschinen-ti1000-drucker-verpackungsdrucker-bagmatic-400x400.jpg\" data-srcset=\"https:\/\/www.bagmatic.com\/wp-content\/uploads\/verpackungsmaschinen-ti1000-drucker-verpackungsdrucker-bagmatic-400x400.jpg 400w, https:\/\/www.bagmatic.com\/wp-content\/uploads\/verpackungsmaschinen-ti1000-drucker-verpackungsdrucker-bagmatic-800x800.jpg 800w, https:\/\/www.bagmatic.com\/wp-content\/uploads\/verpackungsmaschinen-ti1000-drucker-verpackungsdrucker-bagmatic-100x100.jpg 100w\" \/>\t\t\t<\/a>\n\t\t<\/div>\n\t\t<div class=\"hover-mask\">\n\t\t\t<h3 class=\"wd-entities-title category-title\">\n\t\t\t\tDrucker\t\t\t<\/h3>\n\n\t\t\t\n\t\t\t\t\t<\/div>\n\n\t\t\t\t<a href=\"https:\/\/www.bagmatic.com\/de\/produkt-kategorie\/verpackungsmaschinen\/drucker\/\" class=\"category-link wd-fill\" aria-label=\"Product category drucker\"><\/a>\n\t\t\t<\/div>\n<\/div>\n\t\t\t\t\t<\/div>\n\t\t\t\t<\/div>\n\t\t\t\t[\/vc_column][\/vc_row][vc_row gap=&#8220;35&#8243; mobile_bg_img_hidden=&#8220;no&#8220; tablet_bg_img_hidden=&#8220;no&#8220; woodmart_parallax=&#8220;0&#8243; woodmart_gradient_switch=&#8220;no&#8220; row_reverse_mobile=&#8220;0&#8243; row_reverse_tablet=&#8220;0&#8243; woodmart_disable_overflow=&#8220;0&#8243;][vc_column width=&#8220;1\/2&#8243;][vc_column_text text_larger=&#8220;no&#8220;]<\/p>\n<h2>Schwingf\u00f6rderer zur Effizienzsteigerung und Optimierung von Arbeitsschritten<\/h2>\n<p>Durch eine Automatisierung von Prozessen k\u00f6nnen Arbeiten schneller und effizienter verrichtet werden, was die Produktivit\u00e4t eines Unternehmens steigert und Arbeitskr\u00e4fte entlastet. Es ist demnach sehr sinnvoll in qualit\u00e4tvolle Maschinen zu investieren, welche Arbeitsschritte dauerhaft erleichtern. Zu einer sehr praktischen und unkomplizierten Maschine geh\u00f6rt der sogenannte Schwingf\u00f6rderer. Dieser erm\u00f6glicht es Ihnen einzelne Bauteile und andere Materialien pr\u00e4zise an nachfolgende Stationen bzw. Arbeitspl\u00e4tze Zuzuf\u00fchren. Hierbei kann es sich beispielsweise um Montageanlagen oder Verpackungsmaschinen handeln. Es wird demnach sichergestellt, dass alle ben\u00f6tigten Teile zur richtigen Zeit am richtigen Ort sind. Da ein Schwingf\u00f6rderer zudem sehr Verschlei\u00df- sowie Wartungsarm ist und auch mit hohem Materialdruck super zurechtkommt, handelt es sich um eine sehr langlebige und widerstandsf\u00e4hige Maschine. Schauen Sie gerne in unserem Sortiment vorbei, um eine geeignete Variante der Schwingf\u00f6rder Maschine zu finden.<\/p>\n<h2><strong>Schwingf\u00f6rderer linear \u2013 Zum sicheren Transport von Sch\u00fcttg\u00fctern<\/strong><\/h2>\n<p>Zur Kategorie der Schwingf\u00f6rderer z\u00e4hlt au\u00dferdem der sogenannte Linearf\u00f6rderer. Ein Schwingf\u00f6rderer Linear ist ebenfalls ein System aus dem Bereich der Zuf\u00fchrtechnik, welches f\u00fcr den Transport von Sch\u00fcttgut zum Einsatz kommt. Das Transportieren wird hier durch lineare Schwingungen m\u00f6glich gemacht. Es k\u00f6nnen Sch\u00fcttg\u00fcter in verschiedenen Gr\u00f6\u00dfen transportiert werden. Der Transport verl\u00e4uft auf einem geradlinigen F\u00f6rderorgan, welches alle G\u00fcter vom Startpunkt zum Zielpunkt bringt. In den meisten F\u00e4llen handelt es sich um eine Art Rohr oder Rinne. Dies kann je nach Gr\u00f6\u00dfe des zu transportierenden Materials variieren und angepasst werden. Durch ruckartige Bewegungen nach vorne bzw. in die Richtung in die die Materialien transportiert werden sollen, k\u00f6nnen diese bewegt und an den Zielort gebracht werden. Je nach Schwingfrequenz k\u00f6nnen Sch\u00fcttg\u00fcter schneller oder langsamer transportiert werden. Solch ein Transport kann auch \u00fcber lange Strecken vollzogen werden, was einen individuellen Einsatz erm\u00f6glicht.<\/p>\n<h2>Bagmatic \u2013 Ihr professioneller Schwingf\u00f6rderer Hersteller<\/h2>\n<p>Schwingf\u00f6rderer von Bagmatic k\u00f6nnen unkompliziert in Ihre Gesamtanlagen integriert werden. Wir von Bagmatic helfen Ihnen optimale L\u00f6sungen zu finden und Ihre Werkst\u00e4tte auf Dauer zu optimieren. Wir bieten hochwertige Systeme f\u00fcr unsere Kunden an, welche Wartungsarm und unkompliziert einsetzbar sind.[\/vc_column_text][\/vc_column][vc_column width=&#8220;1\/2&#8243;][vc_column_text text_larger=&#8220;no&#8220;]Wer auf der Suche nach modernen Schwingf\u00f6rder L\u00f6sungen ist, sollte sich unbedingt mit uns in Verbindung setzen. Unsere kompetenten Mitarbeiter sind in der Lage Sie umfangreich zu beraten und auf Ihre Vorstellungen perfekt einzugehen. Wir zeigen Ihnen die Vielf\u00e4ltigen Einsatzm\u00f6glichkeiten und den Nutzen eines Schwingf\u00f6rderers oder eines ganzen Systems an Schwingf\u00f6rderern f\u00fcr Ihr Unternehmen. Bagmatic versichert Ihnen zudem eine top aktuelle Technik, welche f\u00fcr bestm\u00f6gliche Resultate sorgt. Legen Sie sich Schwingf\u00f6rderer zu einem fairen Preis-Leistungs-Verh\u00e4ltnis zu und vertrauen Sie auf Bagmatic.<\/p>\n<h2><strong>Schwingf\u00f6rderer mit Unwuchtantrieb \u2013 Unkompliziert und langlebig<\/strong><\/h2>\n<p>Schwingf\u00f6rderer mit Unwuchtantrieb finden in der Industrie und in anderen Branchen vielf\u00e4ltig Anwendung. Sie k\u00f6nnen mit einem Schwingf\u00f6rderer mit Unwuchtantrieb die verschiedensten Arten an F\u00f6rderg\u00fctern \u00fcber k\u00fcrzere Distanzen Transportieren. Der Vorteil unserer Schwingf\u00f6rderer sind deren Robustheit und Widerstandsf\u00e4higkeit. Unsere Systeme bleiben Ihnen sehr lange erhalten, wodurch sich eine Anschaffung sehr lohnt. Da wir au\u00dferdem die M\u00f6glichkeit haben den Aufbau individuell an Ihre spezifischen Bed\u00fcrfnisse anzupassen, gelingt es Ihnen mit unserer Hilfe optimale Abl\u00e4ufe zu entwickeln. Kontaktieren Sie uns einfach und lassen Sie sich unverbindlich beraten wir erstellen mit Ihnen gemeinsam Ihre personalisierte Schwingf\u00f6rderer L\u00f6sung, welche Sie und Ihr Unternehmen nachhaltig voranbringt.<\/p>\n<h2>Erstklassiger, hochmoderner Schwingf\u00f6rderer bei Bagmatic zu fairen Konditionen erwerben<\/h2>\n<p>Aufgrund der Vielf\u00e4ltigkeit an Einsatzm\u00f6glichkeiten, profitieren viele unterschiedliche Unternehmen an der Anschaffung eines Schwingf\u00f6rderers. Es ist v\u00f6llig egal welche Art von Sch\u00fcttg\u00fctern Sie tagt\u00e4glich transportieren m\u00fcssen, ein Schwingf\u00f6rderer erleichtert Ihnen und Ihrem Team die Arbeit enorm. Es kann sowohl kontinuierlich, als auch chargenweise transportiert werden. Je nach Ihren Anforderungen k\u00f6nnen Sie zudem die Geschwindigkeit individuell anpassen. Egal ob feink\u00f6rniges oder grobes Material, auch hier sind Ihnen keine Grenzen gesetzt. Wir erkl\u00e4ren Ihnen ausf\u00fchrlich Ihre M\u00f6glichkeiten, sodass Sie bestm\u00f6glichen Nutzen aus Ihrem neuen Schwingf\u00f6rderer ziehen. Wer auf der Suche nach hochwertigen Schwingf\u00f6rderer Systemen ist und sich faire Konditionen w\u00fcnscht, ist bei Bagmatic genau richtig. Sie k\u00f6nnen uns sowohl telefonisch als auch per E-Mail jederzeit erreichen. Wir freuen uns auf eine Kontaktaufnahme und Zusammenarbeit.[\/vc_column_text][\/vc_column][\/vc_row]<\/p>\n<\/section>","protected":false},"excerpt":{"rendered":"<p>[vc_row gap=&#8220;35&#8243; mobile_bg_img_hidden=&#8220;no&#8220; tablet_bg_img_hidden=&#8220;no&#8220; woodmart_parallax=&#8220;0&#8243; woodmart_gradient_switch=&#8220;no&#8220; row_reverse_mobile=&#8220;0&#8243; row_reverse_tablet=&#8220;0&#8243; woodmart_disable_overflow=&#8220;0&#8243;][vc_column width=&#8220;1\/2&#8243;][vc_single_image image=&#8220;135&#8243; img_size=&#8220;large&#8220; parallax_scroll=&#8220;no&#8220;][\/vc_column][vc_column width=&#8220;1\/2&#8243;][vc_column_text text_larger=&#8220;no&#8220;] Seri\u00f6sen Schwingf\u00f6rderer Hersteller kontaktieren und<\/p>\n","protected":false},"author":1,"featured_media":0,"parent":0,"menu_order":0,"comment_status":"closed","ping_status":"closed","template":"","meta":[],"yoast_head":"<!-- This site is optimized with the Yoast SEO plugin v20.1 - https:\/\/yoast.com\/wordpress\/plugins\/seo\/ -->\n<title>Schwingf\u00f6rderer | auch mit Unwuchtantrieb | Hersteller Bagmatic<\/title>\n<meta name=\"description\" content=\"BagMatic als Hersteller f\u00fcr Schwingf\u00f6rderer bietet Ihnen Lineare Maschinen mit Unwuchtantrieb f\u00fcr Ihr Unternehmen an. Jetzt anfragen und beraten lassen!\" \/>\n<meta name=\"robots\" content=\"index, follow, max-snippet:-1, max-image-preview:large, max-video-preview:-1\" \/>\n<link rel=\"canonical\" href=\"https:\/\/www.bagmatic.com\/de\/schwingfoerderer\/\" \/>\n<meta property=\"og:locale\" content=\"de_DE\" \/>\n<meta property=\"og:type\" content=\"article\" \/>\n<meta property=\"og:title\" content=\"Schwingf\u00f6rderer | auch mit Unwuchtantrieb | Hersteller Bagmatic\" \/>\n<meta property=\"og:description\" content=\"BagMatic als Hersteller f\u00fcr Schwingf\u00f6rderer bietet Ihnen Lineare Maschinen mit Unwuchtantrieb f\u00fcr Ihr Unternehmen an. Jetzt anfragen und beraten lassen!\" \/>\n<meta property=\"og:url\" content=\"https:\/\/www.bagmatic.com\/de\/schwingfoerderer\/\" \/>\n<meta property=\"og:site_name\" content=\"BagMatic\" \/>\n<meta name=\"twitter:card\" content=\"summary_large_image\" \/>\n<meta name=\"twitter:label1\" content=\"Gesch\u00e4tzte Lesezeit\" \/>\n\t<meta name=\"twitter:data1\" content=\"5\u00a0Minuten\" \/>\n<script type=\"application\/ld+json\" class=\"yoast-schema-graph\">{\"@context\":\"https:\/\/schema.org\",\"@graph\":[{\"@type\":\"WebPage\",\"@id\":\"https:\/\/www.bagmatic.com\/de\/schwingfoerderer\/\",\"url\":\"https:\/\/www.bagmatic.com\/de\/schwingfoerderer\/\",\"name\":\"Schwingf\u00f6rderer | auch mit Unwuchtantrieb | Hersteller Bagmatic\",\"isPartOf\":{\"@id\":\"https:\/\/www.bagmatic.com\/de\/#website\"},\"datePublished\":\"2023-01-17T12:50:59+00:00\",\"dateModified\":\"2023-01-17T12:50:59+00:00\",\"description\":\"BagMatic als Hersteller f\u00fcr Schwingf\u00f6rderer bietet Ihnen Lineare Maschinen mit Unwuchtantrieb f\u00fcr Ihr Unternehmen an. Jetzt anfragen und beraten lassen!\",\"breadcrumb\":{\"@id\":\"https:\/\/www.bagmatic.com\/de\/schwingfoerderer\/#breadcrumb\"},\"inLanguage\":\"de\",\"potentialAction\":[{\"@type\":\"ReadAction\",\"target\":[\"https:\/\/www.bagmatic.com\/de\/schwingfoerderer\/\"]}]},{\"@type\":\"BreadcrumbList\",\"@id\":\"https:\/\/www.bagmatic.com\/de\/schwingfoerderer\/#breadcrumb\",\"itemListElement\":[{\"@type\":\"ListItem\",\"position\":1,\"name\":\"Start\",\"item\":\"https:\/\/www.bagmatic.com\/de\/\"},{\"@type\":\"ListItem\",\"position\":2,\"name\":\"Schwingf\u00f6rderer\"}]},{\"@type\":\"WebSite\",\"@id\":\"https:\/\/www.bagmatic.com\/de\/#website\",\"url\":\"https:\/\/www.bagmatic.com\/de\/\",\"name\":\"BagMatic\",\"description\":\"\",\"publisher\":{\"@id\":\"https:\/\/www.bagmatic.com\/de\/#organization\"},\"potentialAction\":[{\"@type\":\"SearchAction\",\"target\":{\"@type\":\"EntryPoint\",\"urlTemplate\":\"https:\/\/www.bagmatic.com\/de\/?s={search_term_string}\"},\"query-input\":\"required name=search_term_string\"}],\"inLanguage\":\"de\"},{\"@type\":\"Organization\",\"@id\":\"https:\/\/www.bagmatic.com\/de\/#organization\",\"name\":\"BAGMATIC\u00ae GmbH\",\"url\":\"https:\/\/www.bagmatic.com\/de\/\",\"logo\":{\"@type\":\"ImageObject\",\"inLanguage\":\"de\",\"@id\":\"https:\/\/www.bagmatic.com\/de\/#\/schema\/logo\/image\/\",\"url\":\"https:\/\/www.bagmatic.com\/wp-content\/uploads\/bagmatic-logo.png\",\"contentUrl\":\"https:\/\/www.bagmatic.com\/wp-content\/uploads\/bagmatic-logo.png\",\"width\":500,\"height\":114,\"caption\":\"BAGMATIC\u00ae GmbH\"},\"image\":{\"@id\":\"https:\/\/www.bagmatic.com\/de\/#\/schema\/logo\/image\/\"}}]}<\/script>\n<!-- \/ Yoast SEO plugin. -->","yoast_head_json":{"title":"Schwingf\u00f6rderer | auch mit Unwuchtantrieb | Hersteller Bagmatic","description":"BagMatic als Hersteller f\u00fcr Schwingf\u00f6rderer bietet Ihnen Lineare Maschinen mit Unwuchtantrieb f\u00fcr Ihr Unternehmen an. Jetzt anfragen und beraten lassen!","robots":{"index":"index","follow":"follow","max-snippet":"max-snippet:-1","max-image-preview":"max-image-preview:large","max-video-preview":"max-video-preview:-1"},"canonical":"https:\/\/www.bagmatic.com\/de\/schwingfoerderer\/","og_locale":"de_DE","og_type":"article","og_title":"Schwingf\u00f6rderer | auch mit Unwuchtantrieb | Hersteller Bagmatic","og_description":"BagMatic als Hersteller f\u00fcr Schwingf\u00f6rderer bietet Ihnen Lineare Maschinen mit Unwuchtantrieb f\u00fcr Ihr Unternehmen an. Jetzt anfragen und beraten lassen!","og_url":"https:\/\/www.bagmatic.com\/de\/schwingfoerderer\/","og_site_name":"BagMatic","twitter_card":"summary_large_image","twitter_misc":{"Gesch\u00e4tzte Lesezeit":"5\u00a0Minuten"},"schema":{"@context":"https:\/\/schema.org","@graph":[{"@type":"WebPage","@id":"https:\/\/www.bagmatic.com\/de\/schwingfoerderer\/","url":"https:\/\/www.bagmatic.com\/de\/schwingfoerderer\/","name":"Schwingf\u00f6rderer | auch mit Unwuchtantrieb | Hersteller Bagmatic","isPartOf":{"@id":"https:\/\/www.bagmatic.com\/de\/#website"},"datePublished":"2023-01-17T12:50:59+00:00","dateModified":"2023-01-17T12:50:59+00:00","description":"BagMatic als Hersteller f\u00fcr Schwingf\u00f6rderer bietet Ihnen Lineare Maschinen mit Unwuchtantrieb f\u00fcr Ihr Unternehmen an. Jetzt anfragen und beraten lassen!","breadcrumb":{"@id":"https:\/\/www.bagmatic.com\/de\/schwingfoerderer\/#breadcrumb"},"inLanguage":"de","potentialAction":[{"@type":"ReadAction","target":["https:\/\/www.bagmatic.com\/de\/schwingfoerderer\/"]}]},{"@type":"BreadcrumbList","@id":"https:\/\/www.bagmatic.com\/de\/schwingfoerderer\/#breadcrumb","itemListElement":[{"@type":"ListItem","position":1,"name":"Start","item":"https:\/\/www.bagmatic.com\/de\/"},{"@type":"ListItem","position":2,"name":"Schwingf\u00f6rderer"}]},{"@type":"WebSite","@id":"https:\/\/www.bagmatic.com\/de\/#website","url":"https:\/\/www.bagmatic.com\/de\/","name":"BagMatic","description":"","publisher":{"@id":"https:\/\/www.bagmatic.com\/de\/#organization"},"potentialAction":[{"@type":"SearchAction","target":{"@type":"EntryPoint","urlTemplate":"https:\/\/www.bagmatic.com\/de\/?s={search_term_string}"},"query-input":"required name=search_term_string"}],"inLanguage":"de"},{"@type":"Organization","@id":"https:\/\/www.bagmatic.com\/de\/#organization","name":"BAGMATIC\u00ae GmbH","url":"https:\/\/www.bagmatic.com\/de\/","logo":{"@type":"ImageObject","inLanguage":"de","@id":"https:\/\/www.bagmatic.com\/de\/#\/schema\/logo\/image\/","url":"https:\/\/www.bagmatic.com\/wp-content\/uploads\/bagmatic-logo.png","contentUrl":"https:\/\/www.bagmatic.com\/wp-content\/uploads\/bagmatic-logo.png","width":500,"height":114,"caption":"BAGMATIC\u00ae GmbH"},"image":{"@id":"https:\/\/www.bagmatic.com\/de\/#\/schema\/logo\/image\/"}}]}},"_links":{"self":[{"href":"https:\/\/www.bagmatic.com\/de\/wp-json\/wp\/v2\/pages\/2189"}],"collection":[{"href":"https:\/\/www.bagmatic.com\/de\/wp-json\/wp\/v2\/pages"}],"about":[{"href":"https:\/\/www.bagmatic.com\/de\/wp-json\/wp\/v2\/types\/page"}],"author":[{"embeddable":true,"href":"https:\/\/www.bagmatic.com\/de\/wp-json\/wp\/v2\/users\/1"}],"replies":[{"embeddable":true,"href":"https:\/\/www.bagmatic.com\/de\/wp-json\/wp\/v2\/comments?post=2189"}],"version-history":[{"count":1,"href":"https:\/\/www.bagmatic.com\/de\/wp-json\/wp\/v2\/pages\/2189\/revisions"}],"predecessor-version":[{"id":2190,"href":"https:\/\/www.bagmatic.com\/de\/wp-json\/wp\/v2\/pages\/2189\/revisions\/2190"}],"wp:attachment":[{"href":"https:\/\/www.bagmatic.com\/de\/wp-json\/wp\/v2\/media?parent=2189"}],"curies":[{"name":"wp","href":"https:\/\/api.w.org\/{rel}","templated":true}]}}