{"id":2196,"date":"2023-01-17T14:26:04","date_gmt":"2023-01-17T13:26:04","guid":{"rendered":"https:\/\/www.bagmatic.com\/?page_id=2196"},"modified":"2023-01-17T14:38:16","modified_gmt":"2023-01-17T13:38:16","slug":"bauteilzaehlmaschine","status":"publish","type":"page","link":"https:\/\/www.bagmatic.com\/de\/bauteilzaehlmaschine\/","title":{"rendered":"Bauteilz\u00e4hlmaschine"},"content":{"rendered":"<section class=\"wpb-content-wrapper\"><p>[vc_row gap=&#8220;35&#8243; mobile_bg_img_hidden=&#8220;no&#8220; tablet_bg_img_hidden=&#8220;no&#8220; woodmart_parallax=&#8220;0&#8243; woodmart_gradient_switch=&#8220;no&#8220; row_reverse_mobile=&#8220;0&#8243; row_reverse_tablet=&#8220;0&#8243; woodmart_disable_overflow=&#8220;0&#8243;][vc_column width=&#8220;1\/2&#8243;][vc_single_image image=&#8220;135&#8243; img_size=&#8220;large&#8220; parallax_scroll=&#8220;no&#8220;][\/vc_column][vc_column width=&#8220;1\/2&#8243;][vc_column_text text_larger=&#8220;no&#8220;]<\/p>\n<h2><strong>SMD Bauteilz\u00e4hler Maschine &#8211; Bagmatic bietet zuverl\u00e4ssige und pr\u00e4zise Technologie zum Abz\u00e4hlen von Kleinteilen<\/strong><\/h2>\n<p>Das Abz\u00e4hlen von Kleinteilen ist eine leidige Arbeit und ist zudem auch sehr fehleranf\u00e4llig, wenn der Prozess manuell verrichtet wird. Die Technik von Bagmatic setzt dem ein Ende und sorgt daf\u00fcr, dass Sie Ihre Kleinteile schnell und pr\u00e4zise quantifizieren k\u00f6nnen. Unsere SMD-Z\u00e4hler Maschine ist die L\u00f6sung! Die Ger\u00e4tschaft dient dazu, Kleinteile verschiedenster Gr\u00f6\u00dfen und Formen schnell und zuverl\u00e4ssig zu z\u00e4hlen. Au\u00dferdem kann die Bauteilz\u00e4hler-Maschine sogar nach Bedarf erweitert werden und an Datenbanken angekn\u00fcpft werden, um die abgez\u00e4hlte Menge sofort in eine Datensoftware zu \u00fcbertragen. SMD Teile \u2013 aus dem Englischen \u00fcbersetzt als oberfl\u00e4chenmontierte Bauelemente &#8211; werden beispielsweise bei der Herstellung von Platinen verbaut und sind wichtiger Bestandteil von vielen verschiedenen technischen Geh\u00e4usen. Da hierbei mit kompakten Gr\u00f6\u00dfen gearbeitet wird sind auch SMD Bauelemente entsprechend sehr klein. Eine SMD Bauteilz\u00e4hler Maschine ist ideal daf\u00fcr, um teils millimetergro\u00dfe Elemente genau abz\u00e4hlen zu k\u00f6nnen.[\/vc_column_text][\/vc_column][\/vc_row][vc_row css=&#8220;.vc_custom_1571211998246{padding-top: 20px !important;}&#8220; mobile_bg_img_hidden=&#8220;no&#8220; tablet_bg_img_hidden=&#8220;no&#8220; woodmart_parallax=&#8220;0&#8243; woodmart_gradient_switch=&#8220;no&#8220; row_reverse_mobile=&#8220;0&#8243; row_reverse_tablet=&#8220;0&#8243; woodmart_disable_overflow=&#8220;0&#8243;][vc_column]\t\t\t\t<div class=\"wd-categories-wrap wd-wpb\">\n\t\t\t\t\t<div class=\"products woocommerce row categories-style-default wd-spacing-30 columns-4\">\n\t\t\t\t\t\n<div class=\" col-lg-3 col-md-3 col-6 first  category-grid-item cat-design-default categories-with-shadow without-product-count product-category product first\" data-loop=\"1\">\n\t<div class=\"wrapp-category\">\n\t\t<div class=\"category-image-wrapp\">\n\t\t\t<a href=\"https:\/\/www.bagmatic.com\/de\/produkt-kategorie\/verpackungsmaschinen\/industriemaschinen\/\" class=\"category-image\">\n\t\t\t\t\n\t\t\t\t<img width=\"400\" height=\"400\" src=\"data:image\/jpg;base64,\/9j\/4AAQSkZJRgABAQAAAQABAAD\/2wBDAAYEBAUEBAYFBQUGBgYHCQ4JCQgICRINDQoOFRIWFhUSFBQXGiEcFxgfGRQUHScdHyIjJSUlFhwpLCgkKyEkJST\/2wBDAQYGBgkICREJCREkGBQYJCQkJCQkJCQkJCQkJCQkJCQkJCQkJCQkJCQkJCQkJCQkJCQkJCQkJCQkJCQkJCQkJCT\/wAARCAAKAAoDAREAAhEBAxEB\/8QAFwAAAwEAAAAAAAAAAAAAAAAAAwUGB\/\/EACUQAAIBAwMCBwAAAAAAAAAAAAECAwQFEQAGIRIxEyIkQVFT0f\/EABcBAAMBAAAAAAAAAAAAAAAAAAIEBQP\/xAAeEQACAgIDAQEAAAAAAAAAAAABAgADERIEITFRQf\/aAAwDAQACEQMRAD8A2G7VG7ZrvBbK16cwvL1o8aYXyjPBHPz3Gq1a0BC6eyRY15cI\/mZVxbloViQSXFC4UBj4RGT78aRPHfPQjw5CY7MBeKWCFbeY4YkLTHJVQM8HR1MTtkwLVA1wP2OEt1F0j0dP2+sfmsN2+xjRfk\/\/2Q==\" class=\"attachment-woocommerce_thumbnail size-woocommerce_thumbnail wd-lazy-load woodmart-lazy-load wd-lazy-fade\" alt=\"Verpackungsmaschine T1000m Industriemaschine Bagmatic\" decoding=\"async\" loading=\"lazy\" srcset=\"\" sizes=\"(max-width: 400px) 100vw, 400px\" data-wood-src=\"https:\/\/www.bagmatic.com\/wp-content\/uploads\/verpackungsmaschine-t1000m-industriemaschine-bagmatic-400x400.jpg\" data-srcset=\"https:\/\/www.bagmatic.com\/wp-content\/uploads\/verpackungsmaschine-t1000m-industriemaschine-bagmatic-400x400.jpg 400w, https:\/\/www.bagmatic.com\/wp-content\/uploads\/verpackungsmaschine-t1000m-industriemaschine-bagmatic-800x800.jpg 800w, https:\/\/www.bagmatic.com\/wp-content\/uploads\/verpackungsmaschine-t1000m-industriemaschine-bagmatic-100x100.jpg 100w\" \/>\t\t\t<\/a>\n\t\t<\/div>\n\t\t<div class=\"hover-mask\">\n\t\t\t<h3 class=\"wd-entities-title category-title\">\n\t\t\t\tIndustriemaschinen\t\t\t<\/h3>\n\n\t\t\t\n\t\t\t\t\t<\/div>\n\n\t\t\t\t<a href=\"https:\/\/www.bagmatic.com\/de\/produkt-kategorie\/verpackungsmaschinen\/industriemaschinen\/\" class=\"category-link wd-fill\" aria-label=\"Product category industriemaschinen\"><\/a>\n\t\t\t<\/div>\n<\/div>\n\n<div class=\" col-lg-3 col-md-3 col-6 category-grid-item cat-design-default categories-with-shadow without-product-count product-category product\" data-loop=\"2\">\n\t<div class=\"wrapp-category\">\n\t\t<div class=\"category-image-wrapp\">\n\t\t\t<a href=\"https:\/\/www.bagmatic.com\/de\/produkt-kategorie\/verpackungsmaschinen\/tischmaschinen\/\" class=\"category-image\">\n\t\t\t\t\n\t\t\t\t<img width=\"400\" height=\"400\" src=\"data:image\/jpg;base64,\/9j\/4AAQSkZJRgABAQAAAQABAAD\/2wBDAAYEBAUEBAYFBQUGBgYHCQ4JCQgICRINDQoOFRIWFhUSFBQXGiEcFxgfGRQUHScdHyIjJSUlFhwpLCgkKyEkJST\/2wBDAQYGBgkICREJCREkGBQYJCQkJCQkJCQkJCQkJCQkJCQkJCQkJCQkJCQkJCQkJCQkJCQkJCQkJCQkJCQkJCQkJCT\/wAARCAAKAAoDAREAAhEBAxEB\/8QAFwAAAwEAAAAAAAAAAAAAAAAABAUGB\/\/EACAQAAIBBAIDAQAAAAAAAAAAAAECAwAEBREGIRJRccL\/xAAXAQADAQAAAAAAAAAAAAAAAAADBAUC\/8QAIBEAAQMEAgMAAAAAAAAAAAAAAQACIQMREhMEFDGR4f\/aAAwDAQACEQMRAD8A1iTknJVzZWO+JtWbxCBFYgk9HWt6+VZbQo67kSoh5FfZBhU8T8yaJGabGAlQTuIj9UsepeAffxODtW8hEXdpbpl4isESns7CD1QmOOBlbe1uYhNwBodUBML\/2Q==\" class=\"attachment-woocommerce_thumbnail size-woocommerce_thumbnail wd-lazy-load woodmart-lazy-load wd-lazy-fade\" alt=\"Verpackungsmaschine Tischmaschine T300 Verschweisser Vollautomatic Bagmatic\" decoding=\"async\" loading=\"lazy\" srcset=\"\" sizes=\"(max-width: 400px) 100vw, 400px\" data-wood-src=\"https:\/\/www.bagmatic.com\/wp-content\/uploads\/verpackungsmaschine-tischmaschine-t300-verschweisser-vollautomatic-bagmatic-400x400.jpg\" data-srcset=\"https:\/\/www.bagmatic.com\/wp-content\/uploads\/verpackungsmaschine-tischmaschine-t300-verschweisser-vollautomatic-bagmatic-400x400.jpg 400w, https:\/\/www.bagmatic.com\/wp-content\/uploads\/verpackungsmaschine-tischmaschine-t300-verschweisser-vollautomatic-bagmatic-800x800.jpg 800w, https:\/\/www.bagmatic.com\/wp-content\/uploads\/verpackungsmaschine-tischmaschine-t300-verschweisser-vollautomatic-bagmatic-100x100.jpg 100w\" \/>\t\t\t<\/a>\n\t\t<\/div>\n\t\t<div class=\"hover-mask\">\n\t\t\t<h3 class=\"wd-entities-title category-title\">\n\t\t\t\tTischmaschinen\t\t\t<\/h3>\n\n\t\t\t\n\t\t\t\t\t<\/div>\n\n\t\t\t\t<a href=\"https:\/\/www.bagmatic.com\/de\/produkt-kategorie\/verpackungsmaschinen\/tischmaschinen\/\" class=\"category-link wd-fill\" aria-label=\"Product category tischmaschinen\"><\/a>\n\t\t\t<\/div>\n<\/div>\n\n<div class=\" col-lg-3 col-md-3 col-6 category-grid-item cat-design-default categories-with-shadow without-product-count product-category product\" data-loop=\"3\">\n\t<div class=\"wrapp-category\">\n\t\t<div class=\"category-image-wrapp\">\n\t\t\t<a href=\"https:\/\/www.bagmatic.com\/de\/produkt-kategorie\/eingabezubehoer\/\" class=\"category-image\">\n\t\t\t\t\n\t\t\t\t<img width=\"400\" height=\"400\" src=\"data:image\/jpg;base64,\/9j\/4AAQSkZJRgABAQAAAQABAAD\/2wBDAAYEBAUEBAYFBQUGBgYHCQ4JCQgICRINDQoOFRIWFhUSFBQXGiEcFxgfGRQUHScdHyIjJSUlFhwpLCgkKyEkJST\/2wBDAQYGBgkICREJCREkGBQYJCQkJCQkJCQkJCQkJCQkJCQkJCQkJCQkJCQkJCQkJCQkJCQkJCQkJCQkJCQkJCQkJCT\/wAARCAAKAAoDAREAAhEBAxEB\/8QAFgABAQEAAAAAAAAAAAAAAAAABwME\/8QAIRAAAgEDBAMBAAAAAAAAAAAAAQIDBBESAAUGIRMUQTH\/xAAWAQEBAQAAAAAAAAAAAAAAAAAFAgP\/xAAdEQABAwUBAAAAAAAAAAAAAAABAAIRAwQSITFh\/9oADAMBAAIRAxEAPwBO5LySqpuQVm3RbhLGsNUTIXkdVCFVONweh2e7WGnbeg11MPI6PEFcXJbULAeH1KsEUfgjwZmXEWbMm4t+3v3oRxM7TbQI0pLSU43Gaf14vLJEFd8Bk4B6BP0arI4gSpwbmTG1rAAAAFgPms1ov\/\/Z\" class=\"attachment-woocommerce_thumbnail size-woocommerce_thumbnail wd-lazy-load woodmart-lazy-load wd-lazy-fade\" alt=\"Ultrawaage Verpackungsmaschinen Eingabe Teilzaehler Us5000 Bagmatic\" decoding=\"async\" loading=\"lazy\" srcset=\"\" sizes=\"(max-width: 400px) 100vw, 400px\" data-wood-src=\"https:\/\/www.bagmatic.com\/wp-content\/uploads\/ultrawaage-verpackungsmaschinen-eingabe-teilzaehler-us5000-bagmatic-400x400.jpg\" data-srcset=\"https:\/\/www.bagmatic.com\/wp-content\/uploads\/ultrawaage-verpackungsmaschinen-eingabe-teilzaehler-us5000-bagmatic-400x400.jpg 400w, https:\/\/www.bagmatic.com\/wp-content\/uploads\/ultrawaage-verpackungsmaschinen-eingabe-teilzaehler-us5000-bagmatic-800x800.jpg 800w, https:\/\/www.bagmatic.com\/wp-content\/uploads\/ultrawaage-verpackungsmaschinen-eingabe-teilzaehler-us5000-bagmatic-100x100.jpg 100w\" \/>\t\t\t<\/a>\n\t\t<\/div>\n\t\t<div class=\"hover-mask\">\n\t\t\t<h3 class=\"wd-entities-title category-title\">\n\t\t\t\tEingabezubeh\u00f6r\t\t\t<\/h3>\n\n\t\t\t\n\t\t\t\t\t<\/div>\n\n\t\t\t\t<a href=\"https:\/\/www.bagmatic.com\/de\/produkt-kategorie\/eingabezubehoer\/\" class=\"category-link wd-fill\" aria-label=\"Product category eingabezubehoer\"><\/a>\n\t\t\t<\/div>\n<\/div>\n\n<div class=\" col-lg-3 col-md-3 col-6 last  category-grid-item cat-design-default categories-with-shadow without-product-count product-category product last\" data-loop=\"4\">\n\t<div class=\"wrapp-category\">\n\t\t<div class=\"category-image-wrapp\">\n\t\t\t<a href=\"https:\/\/www.bagmatic.com\/de\/produkt-kategorie\/verpackungsmaschinen\/drucker\/\" class=\"category-image\">\n\t\t\t\t\n\t\t\t\t<img width=\"400\" height=\"400\" src=\"data:image\/jpg;base64,\/9j\/4AAQSkZJRgABAQAAAQABAAD\/2wBDAAYEBAUEBAYFBQUGBgYHCQ4JCQgICRINDQoOFRIWFhUSFBQXGiEcFxgfGRQUHScdHyIjJSUlFhwpLCgkKyEkJST\/2wBDAQYGBgkICREJCREkGBQYJCQkJCQkJCQkJCQkJCQkJCQkJCQkJCQkJCQkJCQkJCQkJCQkJCQkJCQkJCQkJCQkJCT\/wAARCAAKAAoDAREAAhEBAxEB\/8QAFQABAQAAAAAAAAAAAAAAAAAABgf\/xAAnEAACAQIFAQkAAAAAAAAAAAABAgMABAUGESIxQQcSEyQyQ3HR8P\/EABUBAQEAAAAAAAAAAAAAAAAAAAUG\/8QAHxEAAgECBwAAAAAAAAAAAAAAAQIAAxEEBRIxM0HB\/9oADAMBAAIRAxEAPwCl9qcs9\/hjYfCz63Td4ltANpHP7pT+XAK2o9SfzQsyaB3AsFrBFBGjLOSqgHS4YDj4pIsSb+QtQALexjnLfm3C4m3Rkrqh4O89KPwvCxiWM51Ep8OF2HhJ5K29I9pfqhjUe+5jQppbYT\/\/2Q==\" class=\"attachment-woocommerce_thumbnail size-woocommerce_thumbnail wd-lazy-load woodmart-lazy-load wd-lazy-fade\" alt=\"Verpackungsmaschinen Ti1000 Drucker Verpackungsdrucker Bagmatic\" decoding=\"async\" loading=\"lazy\" srcset=\"\" sizes=\"(max-width: 400px) 100vw, 400px\" data-wood-src=\"https:\/\/www.bagmatic.com\/wp-content\/uploads\/verpackungsmaschinen-ti1000-drucker-verpackungsdrucker-bagmatic-400x400.jpg\" data-srcset=\"https:\/\/www.bagmatic.com\/wp-content\/uploads\/verpackungsmaschinen-ti1000-drucker-verpackungsdrucker-bagmatic-400x400.jpg 400w, https:\/\/www.bagmatic.com\/wp-content\/uploads\/verpackungsmaschinen-ti1000-drucker-verpackungsdrucker-bagmatic-800x800.jpg 800w, https:\/\/www.bagmatic.com\/wp-content\/uploads\/verpackungsmaschinen-ti1000-drucker-verpackungsdrucker-bagmatic-100x100.jpg 100w\" \/>\t\t\t<\/a>\n\t\t<\/div>\n\t\t<div class=\"hover-mask\">\n\t\t\t<h3 class=\"wd-entities-title category-title\">\n\t\t\t\tDrucker\t\t\t<\/h3>\n\n\t\t\t\n\t\t\t\t\t<\/div>\n\n\t\t\t\t<a href=\"https:\/\/www.bagmatic.com\/de\/produkt-kategorie\/verpackungsmaschinen\/drucker\/\" class=\"category-link wd-fill\" aria-label=\"Product category drucker\"><\/a>\n\t\t\t<\/div>\n<\/div>\n\t\t\t\t\t<\/div>\n\t\t\t\t<\/div>\n\t\t\t\t[\/vc_column][\/vc_row][vc_row gap=&#8220;35&#8243; mobile_bg_img_hidden=&#8220;no&#8220; tablet_bg_img_hidden=&#8220;no&#8220; woodmart_parallax=&#8220;0&#8243; woodmart_gradient_switch=&#8220;no&#8220; row_reverse_mobile=&#8220;0&#8243; row_reverse_tablet=&#8220;0&#8243; woodmart_disable_overflow=&#8220;0&#8243;][vc_column width=&#8220;1\/2&#8243;][vc_column_text text_larger=&#8220;no&#8220;]<\/p>\n<h2><strong>Mit einer Bauteilz\u00e4hler-Maschine automatisieren und optimieren Sie kostenintensive Prozesse<\/strong><\/h2>\n<p>Lange Zeit wurden s\u00e4mtliche Prozesse manuell durchgef\u00fchrt. Nimmt man sich jedoch vor, millimetergro\u00dfe SMD Teile abz\u00e4hlen zu wollen, ist der h\u00e4ndische Vorgang mit enormen Mengen an zeitlichem Aufwand verbunden. Die Technik von Bagmatic automatisiert diese Prozesse und erm\u00f6glicht es Ihnen, Ihre Ressourcen f\u00fcr zielf\u00fchrende Positionen und Aufgaben einzuteilen. Au\u00dfer besteht bei manuellen Abl\u00e4ufen die Gefahr, dass Fehler beim Z\u00e4hlen entstehen und die gez\u00e4hlte Endsumme von der tats\u00e4chlichen Ist-Summe abweicht. Eine SMD Spulerz\u00e4hler Maschine kann die Fehlerquote beim Quantifizieren von Kleinteilen nahezu eliminieren. Mit einer Bauteilz\u00e4hler-Maschine erhalten Sie zuverl\u00e4ssige Werte und k\u00f6nnen basierend darauf andere logistische Prozesse ableiten. Die Automatisierung hat neben dem Einsparen von wertvollen Ressourcen auch einen erheblichen Effekt auf die Effizienz Ihrer Prozesse. Mit Hilfe einer SMD-Z\u00e4hler Maschine k\u00f6nnen Sie gro\u00dfe Mengen an kleinen, teils nicht einheitlich geformten, SMD Komponenten in k\u00fcrzester Zeit genaustens in der Anzahl erfassen.<\/p>\n<h2><strong>Unsere Anlagen liefern zuverl\u00e4ssige Ergebnisse beim Abz\u00e4hlen \u2013 so umgeht Bagmatic die Wiederkehr von Fehlerquoten<\/strong><\/h2>\n<p>Mit Hilfe einer Bauteilz\u00e4hler-Maschine lassen sich diverse Kleinteile in der Menge quantifizieren. Dazu z\u00e4hlen auch die verschiedenen SMD Bauformen in den unterschiedlichen Gr\u00f6\u00dfen. Das h\u00e4ndische Z\u00e4hlen solcher Teile ist eine wahre Friemelarbeit, sodass die Automatisierung dieses Prozesse einen bedeutungsvollen Einfluss auf die Effizienz Ihrer Abl\u00e4ufe haben kann. Mit Bauteilz\u00e4hler-Maschine k\u00f6nnen Sie genauen \u00dcberblick \u00fcber Ihr Inventar behalten und sparen sich unter Umst\u00e4nden Kosten. Durch das pr\u00e4zise Abz\u00e4hlen der kleinen Bauteile k\u00f6nnen Die einen reibungslosen Verlauf Ihrer Prozesse sicherstellen und durch Bestandserfassung m\u00f6gliche Ausf\u00e4lle vermeiden. Unsere SMD Spulenz\u00e4hler Maschine wird Sie dabei unterst\u00fctzen, Prozesse effizient zu gestalten und bei Bedarf optimieren zu k\u00f6nnen. Unsere Ger\u00e4tschaften haben au\u00dferdem eine Vielzahl weiterer Vorteile, die Ihnen beim effizienten Gestalten unternehmensinterner Vorg\u00e4nge in Bezug auf Logistik zu Gunsten kommen werden. Lassen Sie sich von unseren Experten beraten und erfahren Sie detaillierte Informationen zu unseren Produkten.[\/vc_column_text][\/vc_column][vc_column width=&#8220;1\/2&#8243;][vc_column_text text_larger=&#8220;no&#8220;]<\/p>\n<h2><strong>Sichern Sie Ihre Qualit\u00e4tsstandards mit unserer SMD Spulenz\u00e4hler Maschine<\/strong><\/h2>\n<p>Der Kauf einer SMD-Z\u00e4hler Maschine wird sich langfristig lohnen. Unsere Anlagen werden aus hochwertigen und robusten Materialien gefertigt und weisen moderne Technik auf. Au\u00dferdem kann eine SMD Spulenz\u00e4hler Maschine mit verschiedenen anderen Funktionen erweitert werden. Hierzu z\u00e4hlt zum Beispiel das Verpacken der gez\u00e4hlten Artikel. Mit Bagmatic k\u00f6nnen Sie eine Vielzahl an Abl\u00e4ufen optimieren und sich somit verst\u00e4rkt auf Ihr Kerngesch\u00e4ft fokussieren. Nicht nur unsere Bauteilz\u00e4hler-Maschine weist ein hohes Ma\u00df an Qualit\u00e4t auf und ist aus diesem Grund eine langfristige Anschaffung. Auch Sie k\u00f6nnen Ihre Qualit\u00e4tsstandards w\u00e4hren, indem Sie sicherstellen, dass Ihre SMD Bauteile ohne Fehlerquoten erfasst werden. Machen Sie Gebrauch von der einfachen Bedienung der Maschine und lesen Sie ganz einfach die gemessenen Ergebnisse in Ihrer angekn\u00fcpften Datenbank ab. Die Profis bei Bagmatic stehen Ihnen dabei f\u00fcr verschiedene beraterische Leistungen und sonstiges zur Verf\u00fcgung. Investieren Sie in eine SMD-Z\u00e4hler Maschine.<\/p>\n<h3><strong>Berater informieren im Detail \u00fcber Produktinformationen und Finanzierungsm\u00f6glichkeiten<\/strong><\/h3>\n<p>Wenn Sie sich dazu entscheiden, eine SMD Spulenz\u00e4hler Maschine von Bagmatic zu kaufen, k\u00f6nnen Sie Ihre Anschaffung \u00fcber verschiedene Arten finanzieren. Eine SMD-Z\u00e4hler Maschine ist eine Investition ist die Optimierung Ihrer Unternehmensprozesse, weshalb wir Ihnen im Rahmen unserer Finanzierungsmodelle erm\u00f6glichen wollen, Gebrauch von unserer erstklassigen Technik zu machen. Einerseits k\u00f6nnen Sie unsere Ger\u00e4tschaften zu einem fairen Preis auf einmal bezahlen. Gleichzeitig besteht die Option, die SMD Bauteilz\u00e4hler Maschine bequem zu mieten. Dieses Finanzierungsmodell eignet sich besonders f\u00fcr kleine bis mittlere Unternehmen. Au\u00dferdem bieten wir unsere Modelle general\u00fcberholt an, sodass Ihnen verschiedene Finanzierungsm\u00f6glichkeiten f\u00fcr die Nutzung unserer SMD-Z\u00e4hler Maschine offenstehen. F\u00fcr detaillierte Konditionen und sonstige produktspezifische Informationen k\u00f6nnen Sie jederzeit Kontakt zu unseren fachm\u00e4nnischen Berater aufnehmen. Wir selbst und auch viele unserer Kunden sind \u00fcberzeugt von unserer Bauteilz\u00e4hler-Maschine, denn unsere Ger\u00e4te sind Anschaffungen die sich lohnen! \u00dcberzeuge auch Sie sich davon![\/vc_column_text][\/vc_column][\/vc_row]<\/p>\n<\/section>","protected":false},"excerpt":{"rendered":"<p>[vc_row gap=&#8220;35&#8243; mobile_bg_img_hidden=&#8220;no&#8220; tablet_bg_img_hidden=&#8220;no&#8220; woodmart_parallax=&#8220;0&#8243; woodmart_gradient_switch=&#8220;no&#8220; row_reverse_mobile=&#8220;0&#8243; row_reverse_tablet=&#8220;0&#8243; woodmart_disable_overflow=&#8220;0&#8243;][vc_column width=&#8220;1\/2&#8243;][vc_single_image image=&#8220;135&#8243; img_size=&#8220;large&#8220; parallax_scroll=&#8220;no&#8220;][\/vc_column][vc_column width=&#8220;1\/2&#8243;][vc_column_text text_larger=&#8220;no&#8220;] SMD Bauteilz\u00e4hler Maschine &#8211; Bagmatic<\/p>\n","protected":false},"author":1,"featured_media":0,"parent":0,"menu_order":0,"comment_status":"closed","ping_status":"closed","template":"","meta":[],"yoast_head":"<!-- This site is optimized with the Yoast SEO plugin v20.1 - https:\/\/yoast.com\/wordpress\/plugins\/seo\/ -->\n<title>Bauteilz\u00e4hlmaschine | SMD-Z\u00e4hler Maschinen von BagMatic<\/title>\n<meta name=\"description\" content=\"BagMatic ist Hersteller f\u00fcr Bauteilz\u00e4hlmaschine &amp; SMD-Z\u00e4hler Maschinen. Fragen Sie uns noch heute unverbindlich an und lassen sich beraten!\" \/>\n<meta name=\"robots\" content=\"index, follow, max-snippet:-1, max-image-preview:large, max-video-preview:-1\" \/>\n<link rel=\"canonical\" href=\"https:\/\/www.bagmatic.com\/de\/bauteilzaehlmaschine\/\" \/>\n<meta property=\"og:locale\" content=\"de_DE\" \/>\n<meta property=\"og:type\" content=\"article\" \/>\n<meta property=\"og:title\" content=\"Bauteilz\u00e4hlmaschine | SMD-Z\u00e4hler Maschinen von BagMatic\" \/>\n<meta property=\"og:description\" content=\"BagMatic ist Hersteller f\u00fcr Bauteilz\u00e4hlmaschine &amp; SMD-Z\u00e4hler Maschinen. Fragen Sie uns noch heute unverbindlich an und lassen sich beraten!\" \/>\n<meta property=\"og:url\" content=\"https:\/\/www.bagmatic.com\/de\/bauteilzaehlmaschine\/\" \/>\n<meta property=\"og:site_name\" content=\"BagMatic\" \/>\n<meta property=\"article:modified_time\" content=\"2023-01-17T13:38:16+00:00\" \/>\n<meta name=\"twitter:card\" content=\"summary_large_image\" \/>\n<meta name=\"twitter:label1\" content=\"Gesch\u00e4tzte Lesezeit\" \/>\n\t<meta name=\"twitter:data1\" content=\"5\u00a0Minuten\" \/>\n<script type=\"application\/ld+json\" class=\"yoast-schema-graph\">{\"@context\":\"https:\/\/schema.org\",\"@graph\":[{\"@type\":\"WebPage\",\"@id\":\"https:\/\/www.bagmatic.com\/de\/bauteilzaehlmaschine\/\",\"url\":\"https:\/\/www.bagmatic.com\/de\/bauteilzaehlmaschine\/\",\"name\":\"Bauteilz\u00e4hlmaschine | SMD-Z\u00e4hler Maschinen von BagMatic\",\"isPartOf\":{\"@id\":\"https:\/\/www.bagmatic.com\/de\/#website\"},\"datePublished\":\"2023-01-17T13:26:04+00:00\",\"dateModified\":\"2023-01-17T13:38:16+00:00\",\"description\":\"BagMatic ist Hersteller f\u00fcr Bauteilz\u00e4hlmaschine & SMD-Z\u00e4hler Maschinen. Fragen Sie uns noch heute unverbindlich an und lassen sich beraten!\",\"breadcrumb\":{\"@id\":\"https:\/\/www.bagmatic.com\/de\/bauteilzaehlmaschine\/#breadcrumb\"},\"inLanguage\":\"de\",\"potentialAction\":[{\"@type\":\"ReadAction\",\"target\":[\"https:\/\/www.bagmatic.com\/de\/bauteilzaehlmaschine\/\"]}]},{\"@type\":\"BreadcrumbList\",\"@id\":\"https:\/\/www.bagmatic.com\/de\/bauteilzaehlmaschine\/#breadcrumb\",\"itemListElement\":[{\"@type\":\"ListItem\",\"position\":1,\"name\":\"Start\",\"item\":\"https:\/\/www.bagmatic.com\/de\/\"},{\"@type\":\"ListItem\",\"position\":2,\"name\":\"Bauteilz\u00e4hlmaschine\"}]},{\"@type\":\"WebSite\",\"@id\":\"https:\/\/www.bagmatic.com\/de\/#website\",\"url\":\"https:\/\/www.bagmatic.com\/de\/\",\"name\":\"BagMatic\",\"description\":\"\",\"publisher\":{\"@id\":\"https:\/\/www.bagmatic.com\/de\/#organization\"},\"potentialAction\":[{\"@type\":\"SearchAction\",\"target\":{\"@type\":\"EntryPoint\",\"urlTemplate\":\"https:\/\/www.bagmatic.com\/de\/?s={search_term_string}\"},\"query-input\":\"required name=search_term_string\"}],\"inLanguage\":\"de\"},{\"@type\":\"Organization\",\"@id\":\"https:\/\/www.bagmatic.com\/de\/#organization\",\"name\":\"BAGMATIC\u00ae GmbH\",\"url\":\"https:\/\/www.bagmatic.com\/de\/\",\"logo\":{\"@type\":\"ImageObject\",\"inLanguage\":\"de\",\"@id\":\"https:\/\/www.bagmatic.com\/de\/#\/schema\/logo\/image\/\",\"url\":\"https:\/\/www.bagmatic.com\/wp-content\/uploads\/bagmatic-logo.png\",\"contentUrl\":\"https:\/\/www.bagmatic.com\/wp-content\/uploads\/bagmatic-logo.png\",\"width\":500,\"height\":114,\"caption\":\"BAGMATIC\u00ae GmbH\"},\"image\":{\"@id\":\"https:\/\/www.bagmatic.com\/de\/#\/schema\/logo\/image\/\"}}]}<\/script>\n<!-- \/ Yoast SEO plugin. -->","yoast_head_json":{"title":"Bauteilz\u00e4hlmaschine | SMD-Z\u00e4hler Maschinen von BagMatic","description":"BagMatic ist Hersteller f\u00fcr Bauteilz\u00e4hlmaschine & SMD-Z\u00e4hler Maschinen. Fragen Sie uns noch heute unverbindlich an und lassen sich beraten!","robots":{"index":"index","follow":"follow","max-snippet":"max-snippet:-1","max-image-preview":"max-image-preview:large","max-video-preview":"max-video-preview:-1"},"canonical":"https:\/\/www.bagmatic.com\/de\/bauteilzaehlmaschine\/","og_locale":"de_DE","og_type":"article","og_title":"Bauteilz\u00e4hlmaschine | SMD-Z\u00e4hler Maschinen von BagMatic","og_description":"BagMatic ist Hersteller f\u00fcr Bauteilz\u00e4hlmaschine & SMD-Z\u00e4hler Maschinen. Fragen Sie uns noch heute unverbindlich an und lassen sich beraten!","og_url":"https:\/\/www.bagmatic.com\/de\/bauteilzaehlmaschine\/","og_site_name":"BagMatic","article_modified_time":"2023-01-17T13:38:16+00:00","twitter_card":"summary_large_image","twitter_misc":{"Gesch\u00e4tzte Lesezeit":"5\u00a0Minuten"},"schema":{"@context":"https:\/\/schema.org","@graph":[{"@type":"WebPage","@id":"https:\/\/www.bagmatic.com\/de\/bauteilzaehlmaschine\/","url":"https:\/\/www.bagmatic.com\/de\/bauteilzaehlmaschine\/","name":"Bauteilz\u00e4hlmaschine | SMD-Z\u00e4hler Maschinen von BagMatic","isPartOf":{"@id":"https:\/\/www.bagmatic.com\/de\/#website"},"datePublished":"2023-01-17T13:26:04+00:00","dateModified":"2023-01-17T13:38:16+00:00","description":"BagMatic ist Hersteller f\u00fcr Bauteilz\u00e4hlmaschine & SMD-Z\u00e4hler Maschinen. Fragen Sie uns noch heute unverbindlich an und lassen sich beraten!","breadcrumb":{"@id":"https:\/\/www.bagmatic.com\/de\/bauteilzaehlmaschine\/#breadcrumb"},"inLanguage":"de","potentialAction":[{"@type":"ReadAction","target":["https:\/\/www.bagmatic.com\/de\/bauteilzaehlmaschine\/"]}]},{"@type":"BreadcrumbList","@id":"https:\/\/www.bagmatic.com\/de\/bauteilzaehlmaschine\/#breadcrumb","itemListElement":[{"@type":"ListItem","position":1,"name":"Start","item":"https:\/\/www.bagmatic.com\/de\/"},{"@type":"ListItem","position":2,"name":"Bauteilz\u00e4hlmaschine"}]},{"@type":"WebSite","@id":"https:\/\/www.bagmatic.com\/de\/#website","url":"https:\/\/www.bagmatic.com\/de\/","name":"BagMatic","description":"","publisher":{"@id":"https:\/\/www.bagmatic.com\/de\/#organization"},"potentialAction":[{"@type":"SearchAction","target":{"@type":"EntryPoint","urlTemplate":"https:\/\/www.bagmatic.com\/de\/?s={search_term_string}"},"query-input":"required name=search_term_string"}],"inLanguage":"de"},{"@type":"Organization","@id":"https:\/\/www.bagmatic.com\/de\/#organization","name":"BAGMATIC\u00ae GmbH","url":"https:\/\/www.bagmatic.com\/de\/","logo":{"@type":"ImageObject","inLanguage":"de","@id":"https:\/\/www.bagmatic.com\/de\/#\/schema\/logo\/image\/","url":"https:\/\/www.bagmatic.com\/wp-content\/uploads\/bagmatic-logo.png","contentUrl":"https:\/\/www.bagmatic.com\/wp-content\/uploads\/bagmatic-logo.png","width":500,"height":114,"caption":"BAGMATIC\u00ae GmbH"},"image":{"@id":"https:\/\/www.bagmatic.com\/de\/#\/schema\/logo\/image\/"}}]}},"_links":{"self":[{"href":"https:\/\/www.bagmatic.com\/de\/wp-json\/wp\/v2\/pages\/2196"}],"collection":[{"href":"https:\/\/www.bagmatic.com\/de\/wp-json\/wp\/v2\/pages"}],"about":[{"href":"https:\/\/www.bagmatic.com\/de\/wp-json\/wp\/v2\/types\/page"}],"author":[{"embeddable":true,"href":"https:\/\/www.bagmatic.com\/de\/wp-json\/wp\/v2\/users\/1"}],"replies":[{"embeddable":true,"href":"https:\/\/www.bagmatic.com\/de\/wp-json\/wp\/v2\/comments?post=2196"}],"version-history":[{"count":2,"href":"https:\/\/www.bagmatic.com\/de\/wp-json\/wp\/v2\/pages\/2196\/revisions"}],"predecessor-version":[{"id":2201,"href":"https:\/\/www.bagmatic.com\/de\/wp-json\/wp\/v2\/pages\/2196\/revisions\/2201"}],"wp:attachment":[{"href":"https:\/\/www.bagmatic.com\/de\/wp-json\/wp\/v2\/media?parent=2196"}],"curies":[{"name":"wp","href":"https:\/\/api.w.org\/{rel}","templated":true}]}}