{"id":2202,"date":"2023-01-17T14:46:35","date_gmt":"2023-01-17T13:46:35","guid":{"rendered":"https:\/\/www.bagmatic.com\/?page_id=2202"},"modified":"2023-01-17T14:46:35","modified_gmt":"2023-01-17T13:46:35","slug":"signalverarbeitung","status":"publish","type":"page","link":"https:\/\/www.bagmatic.com\/de\/signalverarbeitung\/","title":{"rendered":"Signalverarbeitung"},"content":{"rendered":"<section class=\"wpb-content-wrapper\"><p>[vc_row gap=&#8220;35&#8243; mobile_bg_img_hidden=&#8220;no&#8220; tablet_bg_img_hidden=&#8220;no&#8220; woodmart_parallax=&#8220;0&#8243; woodmart_gradient_switch=&#8220;no&#8220; row_reverse_mobile=&#8220;0&#8243; row_reverse_tablet=&#8220;0&#8243; woodmart_disable_overflow=&#8220;0&#8243;][vc_column width=&#8220;1\/2&#8243;][vc_single_image image=&#8220;135&#8243; img_size=&#8220;large&#8220; parallax_scroll=&#8220;no&#8220;][\/vc_column][vc_column width=&#8220;1\/2&#8243;][vc_column_text text_larger=&#8220;no&#8220;]<\/p>\n<h2>Signalverarbeitung \u2013 Was versteht man unter Signalverarbeitung?<\/h2>\n<p>Bei der Signalverarbeitung werden Informationen in erster Linie empfangen und \u00fcbermittelt. Es kann zwischen der digitalen und analogen Signalverarbeitung unterschieden werden. Die digitale Signalverarbeitung ist in der heutigen Zeit sehr relevant und bestimmt allt\u00e4gliche Prozesse ma\u00dfgeblich mit. Informationen werden hier in Form von digitalen Signalen weitergegeben. Um mit diesen Informationen zu arbeiten werden digitale Systeme ben\u00f6tigt. Nur mit der Hilfe dieser kann ein Informationsaustausch stattfinden. Sowohl die Erzeugung als auch die Verarbeitung von digitalen Signalen sind mit digitalen Systemen m\u00f6glich. Je nach Anwendung und Einsatz sind unterschiedliche Systeme sinnvoll. In der heutigen Zeit ist die Kommunikationstechnik ein wichtiger Bestandteil unseres Alltags und ein entscheidender Part der Digitalisierung. Auch in vielen Branchen wird die digitale Signalverarbeitung eingesetzt, um Prozesse zu optimieren und effizient zu gestalten.[\/vc_column_text][\/vc_column][\/vc_row][vc_row css=&#8220;.vc_custom_1571211998246{padding-top: 20px !important;}&#8220; mobile_bg_img_hidden=&#8220;no&#8220; tablet_bg_img_hidden=&#8220;no&#8220; woodmart_parallax=&#8220;0&#8243; woodmart_gradient_switch=&#8220;no&#8220; row_reverse_mobile=&#8220;0&#8243; row_reverse_tablet=&#8220;0&#8243; woodmart_disable_overflow=&#8220;0&#8243;][vc_column]\t\t\t\t<div class=\"wd-categories-wrap wd-wpb\">\n\t\t\t\t\t<div class=\"products woocommerce row categories-style-default wd-spacing-30 columns-4\">\n\t\t\t\t\t\n<div class=\" col-lg-3 col-md-3 col-6 first  category-grid-item cat-design-default categories-with-shadow without-product-count product-category product first\" data-loop=\"1\">\n\t<div class=\"wrapp-category\">\n\t\t<div class=\"category-image-wrapp\">\n\t\t\t<a href=\"https:\/\/www.bagmatic.com\/de\/produkt-kategorie\/verpackungsmaschinen\/industriemaschinen\/\" class=\"category-image\">\n\t\t\t\t\n\t\t\t\t<img width=\"400\" height=\"400\" src=\"data:image\/jpg;base64,\/9j\/4AAQSkZJRgABAQAAAQABAAD\/2wBDAAYEBAUEBAYFBQUGBgYHCQ4JCQgICRINDQoOFRIWFhUSFBQXGiEcFxgfGRQUHScdHyIjJSUlFhwpLCgkKyEkJST\/2wBDAQYGBgkICREJCREkGBQYJCQkJCQkJCQkJCQkJCQkJCQkJCQkJCQkJCQkJCQkJCQkJCQkJCQkJCQkJCQkJCQkJCT\/wAARCAAKAAoDAREAAhEBAxEB\/8QAFwAAAwEAAAAAAAAAAAAAAAAAAwUGB\/\/EACUQAAIBAwMCBwAAAAAAAAAAAAECAwQFEQAGIRIxEyIkQVFT0f\/EABcBAAMBAAAAAAAAAAAAAAAAAAIEBQP\/xAAeEQACAgIDAQEAAAAAAAAAAAABAgADERIEITFRQf\/aAAwDAQACEQMRAD8A2G7VG7ZrvBbK16cwvL1o8aYXyjPBHPz3Gq1a0BC6eyRY15cI\/mZVxbloViQSXFC4UBj4RGT78aRPHfPQjw5CY7MBeKWCFbeY4YkLTHJVQM8HR1MTtkwLVA1wP2OEt1F0j0dP2+sfmsN2+xjRfk\/\/2Q==\" class=\"attachment-woocommerce_thumbnail size-woocommerce_thumbnail wd-lazy-load woodmart-lazy-load wd-lazy-fade\" alt=\"Verpackungsmaschine T1000m Industriemaschine Bagmatic\" decoding=\"async\" loading=\"lazy\" srcset=\"\" sizes=\"(max-width: 400px) 100vw, 400px\" data-wood-src=\"https:\/\/www.bagmatic.com\/wp-content\/uploads\/verpackungsmaschine-t1000m-industriemaschine-bagmatic-400x400.jpg\" data-srcset=\"https:\/\/www.bagmatic.com\/wp-content\/uploads\/verpackungsmaschine-t1000m-industriemaschine-bagmatic-400x400.jpg 400w, https:\/\/www.bagmatic.com\/wp-content\/uploads\/verpackungsmaschine-t1000m-industriemaschine-bagmatic-800x800.jpg 800w, https:\/\/www.bagmatic.com\/wp-content\/uploads\/verpackungsmaschine-t1000m-industriemaschine-bagmatic-100x100.jpg 100w\" \/>\t\t\t<\/a>\n\t\t<\/div>\n\t\t<div class=\"hover-mask\">\n\t\t\t<h3 class=\"wd-entities-title category-title\">\n\t\t\t\tIndustriemaschinen\t\t\t<\/h3>\n\n\t\t\t\n\t\t\t\t\t<\/div>\n\n\t\t\t\t<a href=\"https:\/\/www.bagmatic.com\/de\/produkt-kategorie\/verpackungsmaschinen\/industriemaschinen\/\" class=\"category-link wd-fill\" aria-label=\"Product category industriemaschinen\"><\/a>\n\t\t\t<\/div>\n<\/div>\n\n<div class=\" col-lg-3 col-md-3 col-6 category-grid-item cat-design-default categories-with-shadow without-product-count product-category product\" data-loop=\"2\">\n\t<div class=\"wrapp-category\">\n\t\t<div class=\"category-image-wrapp\">\n\t\t\t<a href=\"https:\/\/www.bagmatic.com\/de\/produkt-kategorie\/verpackungsmaschinen\/tischmaschinen\/\" class=\"category-image\">\n\t\t\t\t\n\t\t\t\t<img width=\"400\" height=\"400\" src=\"data:image\/jpg;base64,\/9j\/4AAQSkZJRgABAQAAAQABAAD\/2wBDAAYEBAUEBAYFBQUGBgYHCQ4JCQgICRINDQoOFRIWFhUSFBQXGiEcFxgfGRQUHScdHyIjJSUlFhwpLCgkKyEkJST\/2wBDAQYGBgkICREJCREkGBQYJCQkJCQkJCQkJCQkJCQkJCQkJCQkJCQkJCQkJCQkJCQkJCQkJCQkJCQkJCQkJCQkJCT\/wAARCAAKAAoDAREAAhEBAxEB\/8QAFwAAAwEAAAAAAAAAAAAAAAAABAUGB\/\/EACAQAAIBBAIDAQAAAAAAAAAAAAECAwAEBREGIRJRccL\/xAAXAQADAQAAAAAAAAAAAAAAAAADBAUC\/8QAIBEAAQMEAgMAAAAAAAAAAAAAAQACIQMREhMEFDGR4f\/aAAwDAQACEQMRAD8A1iTknJVzZWO+JtWbxCBFYgk9HWt6+VZbQo67kSoh5FfZBhU8T8yaJGabGAlQTuIj9UsepeAffxODtW8hEXdpbpl4isESns7CD1QmOOBlbe1uYhNwBodUBML\/2Q==\" class=\"attachment-woocommerce_thumbnail size-woocommerce_thumbnail wd-lazy-load woodmart-lazy-load wd-lazy-fade\" alt=\"Verpackungsmaschine Tischmaschine T300 Verschweisser Vollautomatic Bagmatic\" decoding=\"async\" loading=\"lazy\" srcset=\"\" sizes=\"(max-width: 400px) 100vw, 400px\" data-wood-src=\"https:\/\/www.bagmatic.com\/wp-content\/uploads\/verpackungsmaschine-tischmaschine-t300-verschweisser-vollautomatic-bagmatic-400x400.jpg\" data-srcset=\"https:\/\/www.bagmatic.com\/wp-content\/uploads\/verpackungsmaschine-tischmaschine-t300-verschweisser-vollautomatic-bagmatic-400x400.jpg 400w, https:\/\/www.bagmatic.com\/wp-content\/uploads\/verpackungsmaschine-tischmaschine-t300-verschweisser-vollautomatic-bagmatic-800x800.jpg 800w, https:\/\/www.bagmatic.com\/wp-content\/uploads\/verpackungsmaschine-tischmaschine-t300-verschweisser-vollautomatic-bagmatic-100x100.jpg 100w\" \/>\t\t\t<\/a>\n\t\t<\/div>\n\t\t<div class=\"hover-mask\">\n\t\t\t<h3 class=\"wd-entities-title category-title\">\n\t\t\t\tTischmaschinen\t\t\t<\/h3>\n\n\t\t\t\n\t\t\t\t\t<\/div>\n\n\t\t\t\t<a href=\"https:\/\/www.bagmatic.com\/de\/produkt-kategorie\/verpackungsmaschinen\/tischmaschinen\/\" class=\"category-link wd-fill\" aria-label=\"Product category tischmaschinen\"><\/a>\n\t\t\t<\/div>\n<\/div>\n\n<div class=\" col-lg-3 col-md-3 col-6 category-grid-item cat-design-default categories-with-shadow without-product-count product-category product\" data-loop=\"3\">\n\t<div class=\"wrapp-category\">\n\t\t<div class=\"category-image-wrapp\">\n\t\t\t<a href=\"https:\/\/www.bagmatic.com\/de\/produkt-kategorie\/eingabezubehoer\/\" class=\"category-image\">\n\t\t\t\t\n\t\t\t\t<img width=\"400\" height=\"400\" src=\"data:image\/jpg;base64,\/9j\/4AAQSkZJRgABAQAAAQABAAD\/2wBDAAYEBAUEBAYFBQUGBgYHCQ4JCQgICRINDQoOFRIWFhUSFBQXGiEcFxgfGRQUHScdHyIjJSUlFhwpLCgkKyEkJST\/2wBDAQYGBgkICREJCREkGBQYJCQkJCQkJCQkJCQkJCQkJCQkJCQkJCQkJCQkJCQkJCQkJCQkJCQkJCQkJCQkJCQkJCT\/wAARCAAKAAoDAREAAhEBAxEB\/8QAFgABAQEAAAAAAAAAAAAAAAAABwME\/8QAIRAAAgEDBAMBAAAAAAAAAAAAAQIDBBESAAUGIRMUQTH\/xAAWAQEBAQAAAAAAAAAAAAAAAAAFAgP\/xAAdEQABAwUBAAAAAAAAAAAAAAABAAIRAwQSITFh\/9oADAMBAAIRAxEAPwBO5LySqpuQVm3RbhLGsNUTIXkdVCFVONweh2e7WGnbeg11MPI6PEFcXJbULAeH1KsEUfgjwZmXEWbMm4t+3v3oRxM7TbQI0pLSU43Gaf14vLJEFd8Bk4B6BP0arI4gSpwbmTG1rAAAAFgPms1ov\/\/Z\" class=\"attachment-woocommerce_thumbnail size-woocommerce_thumbnail wd-lazy-load woodmart-lazy-load wd-lazy-fade\" alt=\"Ultrawaage Verpackungsmaschinen Eingabe Teilzaehler Us5000 Bagmatic\" decoding=\"async\" loading=\"lazy\" srcset=\"\" sizes=\"(max-width: 400px) 100vw, 400px\" data-wood-src=\"https:\/\/www.bagmatic.com\/wp-content\/uploads\/ultrawaage-verpackungsmaschinen-eingabe-teilzaehler-us5000-bagmatic-400x400.jpg\" data-srcset=\"https:\/\/www.bagmatic.com\/wp-content\/uploads\/ultrawaage-verpackungsmaschinen-eingabe-teilzaehler-us5000-bagmatic-400x400.jpg 400w, https:\/\/www.bagmatic.com\/wp-content\/uploads\/ultrawaage-verpackungsmaschinen-eingabe-teilzaehler-us5000-bagmatic-800x800.jpg 800w, https:\/\/www.bagmatic.com\/wp-content\/uploads\/ultrawaage-verpackungsmaschinen-eingabe-teilzaehler-us5000-bagmatic-100x100.jpg 100w\" \/>\t\t\t<\/a>\n\t\t<\/div>\n\t\t<div class=\"hover-mask\">\n\t\t\t<h3 class=\"wd-entities-title category-title\">\n\t\t\t\tEingabezubeh\u00f6r\t\t\t<\/h3>\n\n\t\t\t\n\t\t\t\t\t<\/div>\n\n\t\t\t\t<a href=\"https:\/\/www.bagmatic.com\/de\/produkt-kategorie\/eingabezubehoer\/\" class=\"category-link wd-fill\" aria-label=\"Product category eingabezubehoer\"><\/a>\n\t\t\t<\/div>\n<\/div>\n\n<div class=\" col-lg-3 col-md-3 col-6 last  category-grid-item cat-design-default categories-with-shadow without-product-count product-category product last\" data-loop=\"4\">\n\t<div class=\"wrapp-category\">\n\t\t<div class=\"category-image-wrapp\">\n\t\t\t<a href=\"https:\/\/www.bagmatic.com\/de\/produkt-kategorie\/verpackungsmaschinen\/drucker\/\" class=\"category-image\">\n\t\t\t\t\n\t\t\t\t<img width=\"400\" height=\"400\" src=\"data:image\/jpg;base64,\/9j\/4AAQSkZJRgABAQAAAQABAAD\/2wBDAAYEBAUEBAYFBQUGBgYHCQ4JCQgICRINDQoOFRIWFhUSFBQXGiEcFxgfGRQUHScdHyIjJSUlFhwpLCgkKyEkJST\/2wBDAQYGBgkICREJCREkGBQYJCQkJCQkJCQkJCQkJCQkJCQkJCQkJCQkJCQkJCQkJCQkJCQkJCQkJCQkJCQkJCQkJCT\/wAARCAAKAAoDAREAAhEBAxEB\/8QAFQABAQAAAAAAAAAAAAAAAAAABgf\/xAAnEAACAQIFAQkAAAAAAAAAAAABAgMABAUGESIxQQcSEyQyQ3HR8P\/EABUBAQEAAAAAAAAAAAAAAAAAAAUG\/8QAHxEAAgECBwAAAAAAAAAAAAAAAQIAAxEEBRIxM0HB\/9oADAMBAAIRAxEAPwCl9qcs9\/hjYfCz63Td4ltANpHP7pT+XAK2o9SfzQsyaB3AsFrBFBGjLOSqgHS4YDj4pIsSb+QtQALexjnLfm3C4m3Rkrqh4O89KPwvCxiWM51Ep8OF2HhJ5K29I9pfqhjUe+5jQppbYT\/\/2Q==\" class=\"attachment-woocommerce_thumbnail size-woocommerce_thumbnail wd-lazy-load woodmart-lazy-load wd-lazy-fade\" alt=\"Verpackungsmaschinen Ti1000 Drucker Verpackungsdrucker Bagmatic\" decoding=\"async\" loading=\"lazy\" srcset=\"\" sizes=\"(max-width: 400px) 100vw, 400px\" data-wood-src=\"https:\/\/www.bagmatic.com\/wp-content\/uploads\/verpackungsmaschinen-ti1000-drucker-verpackungsdrucker-bagmatic-400x400.jpg\" data-srcset=\"https:\/\/www.bagmatic.com\/wp-content\/uploads\/verpackungsmaschinen-ti1000-drucker-verpackungsdrucker-bagmatic-400x400.jpg 400w, https:\/\/www.bagmatic.com\/wp-content\/uploads\/verpackungsmaschinen-ti1000-drucker-verpackungsdrucker-bagmatic-800x800.jpg 800w, https:\/\/www.bagmatic.com\/wp-content\/uploads\/verpackungsmaschinen-ti1000-drucker-verpackungsdrucker-bagmatic-100x100.jpg 100w\" \/>\t\t\t<\/a>\n\t\t<\/div>\n\t\t<div class=\"hover-mask\">\n\t\t\t<h3 class=\"wd-entities-title category-title\">\n\t\t\t\tDrucker\t\t\t<\/h3>\n\n\t\t\t\n\t\t\t\t\t<\/div>\n\n\t\t\t\t<a href=\"https:\/\/www.bagmatic.com\/de\/produkt-kategorie\/verpackungsmaschinen\/drucker\/\" class=\"category-link wd-fill\" aria-label=\"Product category drucker\"><\/a>\n\t\t\t<\/div>\n<\/div>\n\t\t\t\t\t<\/div>\n\t\t\t\t<\/div>\n\t\t\t\t[\/vc_column][\/vc_row][vc_row gap=&#8220;35&#8243; mobile_bg_img_hidden=&#8220;no&#8220; tablet_bg_img_hidden=&#8220;no&#8220; woodmart_parallax=&#8220;0&#8243; woodmart_gradient_switch=&#8220;no&#8220; row_reverse_mobile=&#8220;0&#8243; row_reverse_tablet=&#8220;0&#8243; woodmart_disable_overflow=&#8220;0&#8243;][vc_column width=&#8220;1\/2&#8243;][vc_column_text text_larger=&#8220;no&#8220;]<\/p>\n<h2><strong>Signalverarbeitung analoge und digitale Signale Systeme und Filter<\/strong><\/h2>\n<p>Auch bei der analogen Signalverarbeitung k\u00f6nnen unterschiedliche Arten von Signalen verwendet werden. Zu klassischen analogen Signalen z\u00e4hlen beispielsweise Sinuskurven, Impulse und auch Schritte. Nur Signale, welche einen kontinuierlichen Wert aufweisen, sind analog. Um analoge Signale zu analysieren und zu verarbeiten, also eine analoge Signalverarbeitung durchzuf\u00fchren, werden analoge Mittel ben\u00f6tigt. Die Analyse kann sowohl in einem diskreten als auch in einem kontinuierlichen Zeitrahmen durchgef\u00fchrt werden. \u00dcblicherweise geh\u00f6rt zu der Verarbeitung eine Art von Kontrolle, Entsch\u00e4rfung, Rauschunterdr\u00fcckung oder Filterung. Vor allem in der Elektronik werden analoge Signale im Rahmen der physikalischen Informationen \u00dcbertragung verwendet. W\u00e4hrend Fluktuationen im Signal bei digitalen Signalen keine gro\u00dfe Rolle spielen, spielen diese bei analogen Signalen eine gro\u00dfe Rolle und haben immer eine Bedeutung.<\/p>\n<h2><strong>Die Grundlagen der Signalverarbeitung und deren Vielf\u00e4ltigkeit<\/strong><\/h2>\n<p>Bei der digitalen Signalverarbeitung kommt es zu einem festen Schema. Der Ablauf ist immer in folgender Reihenfolge: Analog, Digital, Verarbeitung und zum Schluss erneut analog. Nur w\u00e4hrend des digitalen Bereichs werden Ver\u00e4nderungen am Signal vollzogen. Heutzutage ist die digitale Verarbeitung von Signalen vielf\u00e4ltig relevant.[\/vc_column_text][\/vc_column][vc_column width=&#8220;1\/2&#8243;][vc_column_text text_larger=&#8220;no&#8220;]Egal ob Bild, Ton, Film, also beispielsweise Fernsehen, Musik oder Telefonie, bei allen genannten Bereichen kommt es zu einer digitalen Signalverarbeitung. Solch eine Verarbeitung kann auf unterschiedlichste Art und Weise erfolgen, was viel Raum zum individuellen Umgang mit digitalen Signalen zul\u00e4sst. So k\u00f6nnen beispielsweise Videos geschnitten, Fotos bearbeitet oder komprimiert und Audiodateien verschnellert oder verlangsamt werden. Dies sind nur ein Bruchteil der M\u00f6glichkeiten und macht deutlich wie breitgef\u00e4chert die digitale Signalverarbeitung sein kann.<\/p>\n<h3><strong>Signalverarbeitung Pneumatik \u2013 Die verschiedenen Formen der Signalverarbeitung<\/strong><\/h3>\n<p>Innerhalb der pneumatischen Steuerung gibt es verschiedene Formen der Signalverarbeitung. Mit Hilfe der Art der Informationsdarstellung k\u00f6nnen die verschiedenen Formen unter anderem voneinander unterschieden werden. Es kann zwischen einer synchronen, asynchronen, Verkn\u00fcpfungs-, sowie Ablaufsteuerung unterschieden werden. Bei der synchronen Steuerung erfolgt die Signalverarbeitung synchron zu einem Taktsignal. Bei der asynchronen Signalverarbeitung gibt es kein Taktsignal. Es werden die Ver\u00e4nderungen der Signale durch die \u00c4nderung der Eingangssignale erzeugt. Die Verkn\u00fcpfungssteuerung zeichnet sich durch eine Zuordnung von bestimmten Signalzust\u00e4nden der Eingangssignale zu bestimmten Signalzust\u00e4nden der Ausgangssignale aus. Hierf\u00fcr sind die Booleschen Verkn\u00fcpfungen die Grundlage. Bei der Ablaufsteuerung erfolgt ein schrittweiser Ablauf. Beim Programmieren einer Ablaufsteuerung werden Weiterschaltbedingungen definiert, welche den Ablauf bestimmen.[\/vc_column_text][\/vc_column][\/vc_row]<\/p>\n<\/section>","protected":false},"excerpt":{"rendered":"<p>[vc_row gap=&#8220;35&#8243; mobile_bg_img_hidden=&#8220;no&#8220; tablet_bg_img_hidden=&#8220;no&#8220; woodmart_parallax=&#8220;0&#8243; woodmart_gradient_switch=&#8220;no&#8220; row_reverse_mobile=&#8220;0&#8243; row_reverse_tablet=&#8220;0&#8243; woodmart_disable_overflow=&#8220;0&#8243;][vc_column width=&#8220;1\/2&#8243;][vc_single_image image=&#8220;135&#8243; img_size=&#8220;large&#8220; parallax_scroll=&#8220;no&#8220;][\/vc_column][vc_column width=&#8220;1\/2&#8243;][vc_column_text text_larger=&#8220;no&#8220;] Signalverarbeitung \u2013 Was versteht man<\/p>\n","protected":false},"author":1,"featured_media":0,"parent":0,"menu_order":0,"comment_status":"closed","ping_status":"closed","template":"","meta":[],"yoast_head":"<!-- This site is optimized with the Yoast SEO plugin v20.1 - https:\/\/yoast.com\/wordpress\/plugins\/seo\/ -->\n<title>Signalverarbeitung | digitale Signalverarbeitung &amp; Pneumatik | BagMatic<\/title>\n<meta name=\"description\" content=\"BagMatic ist Hersteller von Maschinen f\u00fcr die digitale Signalverarbeitung. Fragen Sie uns noch heute unverbindlich an und lassen sich beraten!\" \/>\n<meta name=\"robots\" content=\"index, follow, max-snippet:-1, max-image-preview:large, max-video-preview:-1\" \/>\n<link rel=\"canonical\" href=\"https:\/\/www.bagmatic.com\/de\/signalverarbeitung\/\" \/>\n<meta property=\"og:locale\" content=\"de_DE\" \/>\n<meta property=\"og:type\" content=\"article\" \/>\n<meta property=\"og:title\" content=\"Signalverarbeitung | digitale Signalverarbeitung &amp; Pneumatik | BagMatic\" \/>\n<meta property=\"og:description\" content=\"BagMatic ist Hersteller von Maschinen f\u00fcr die digitale Signalverarbeitung. Fragen Sie uns noch heute unverbindlich an und lassen sich beraten!\" \/>\n<meta property=\"og:url\" content=\"https:\/\/www.bagmatic.com\/de\/signalverarbeitung\/\" \/>\n<meta property=\"og:site_name\" content=\"BagMatic\" \/>\n<meta name=\"twitter:card\" content=\"summary_large_image\" \/>\n<meta name=\"twitter:label1\" content=\"Gesch\u00e4tzte Lesezeit\" \/>\n\t<meta name=\"twitter:data1\" content=\"4\u00a0Minuten\" \/>\n<script type=\"application\/ld+json\" class=\"yoast-schema-graph\">{\"@context\":\"https:\/\/schema.org\",\"@graph\":[{\"@type\":\"WebPage\",\"@id\":\"https:\/\/www.bagmatic.com\/de\/signalverarbeitung\/\",\"url\":\"https:\/\/www.bagmatic.com\/de\/signalverarbeitung\/\",\"name\":\"Signalverarbeitung | digitale Signalverarbeitung & Pneumatik | BagMatic\",\"isPartOf\":{\"@id\":\"https:\/\/www.bagmatic.com\/de\/#website\"},\"datePublished\":\"2023-01-17T13:46:35+00:00\",\"dateModified\":\"2023-01-17T13:46:35+00:00\",\"description\":\"BagMatic ist Hersteller von Maschinen f\u00fcr die digitale Signalverarbeitung. Fragen Sie uns noch heute unverbindlich an und lassen sich beraten!\",\"breadcrumb\":{\"@id\":\"https:\/\/www.bagmatic.com\/de\/signalverarbeitung\/#breadcrumb\"},\"inLanguage\":\"de\",\"potentialAction\":[{\"@type\":\"ReadAction\",\"target\":[\"https:\/\/www.bagmatic.com\/de\/signalverarbeitung\/\"]}]},{\"@type\":\"BreadcrumbList\",\"@id\":\"https:\/\/www.bagmatic.com\/de\/signalverarbeitung\/#breadcrumb\",\"itemListElement\":[{\"@type\":\"ListItem\",\"position\":1,\"name\":\"Start\",\"item\":\"https:\/\/www.bagmatic.com\/de\/\"},{\"@type\":\"ListItem\",\"position\":2,\"name\":\"Signalverarbeitung\"}]},{\"@type\":\"WebSite\",\"@id\":\"https:\/\/www.bagmatic.com\/de\/#website\",\"url\":\"https:\/\/www.bagmatic.com\/de\/\",\"name\":\"BagMatic\",\"description\":\"\",\"publisher\":{\"@id\":\"https:\/\/www.bagmatic.com\/de\/#organization\"},\"potentialAction\":[{\"@type\":\"SearchAction\",\"target\":{\"@type\":\"EntryPoint\",\"urlTemplate\":\"https:\/\/www.bagmatic.com\/de\/?s={search_term_string}\"},\"query-input\":\"required name=search_term_string\"}],\"inLanguage\":\"de\"},{\"@type\":\"Organization\",\"@id\":\"https:\/\/www.bagmatic.com\/de\/#organization\",\"name\":\"BAGMATIC\u00ae GmbH\",\"url\":\"https:\/\/www.bagmatic.com\/de\/\",\"logo\":{\"@type\":\"ImageObject\",\"inLanguage\":\"de\",\"@id\":\"https:\/\/www.bagmatic.com\/de\/#\/schema\/logo\/image\/\",\"url\":\"https:\/\/www.bagmatic.com\/wp-content\/uploads\/bagmatic-logo.png\",\"contentUrl\":\"https:\/\/www.bagmatic.com\/wp-content\/uploads\/bagmatic-logo.png\",\"width\":500,\"height\":114,\"caption\":\"BAGMATIC\u00ae GmbH\"},\"image\":{\"@id\":\"https:\/\/www.bagmatic.com\/de\/#\/schema\/logo\/image\/\"}}]}<\/script>\n<!-- \/ Yoast SEO plugin. -->","yoast_head_json":{"title":"Signalverarbeitung | digitale Signalverarbeitung & Pneumatik | BagMatic","description":"BagMatic ist Hersteller von Maschinen f\u00fcr die digitale Signalverarbeitung. Fragen Sie uns noch heute unverbindlich an und lassen sich beraten!","robots":{"index":"index","follow":"follow","max-snippet":"max-snippet:-1","max-image-preview":"max-image-preview:large","max-video-preview":"max-video-preview:-1"},"canonical":"https:\/\/www.bagmatic.com\/de\/signalverarbeitung\/","og_locale":"de_DE","og_type":"article","og_title":"Signalverarbeitung | digitale Signalverarbeitung & Pneumatik | BagMatic","og_description":"BagMatic ist Hersteller von Maschinen f\u00fcr die digitale Signalverarbeitung. Fragen Sie uns noch heute unverbindlich an und lassen sich beraten!","og_url":"https:\/\/www.bagmatic.com\/de\/signalverarbeitung\/","og_site_name":"BagMatic","twitter_card":"summary_large_image","twitter_misc":{"Gesch\u00e4tzte Lesezeit":"4\u00a0Minuten"},"schema":{"@context":"https:\/\/schema.org","@graph":[{"@type":"WebPage","@id":"https:\/\/www.bagmatic.com\/de\/signalverarbeitung\/","url":"https:\/\/www.bagmatic.com\/de\/signalverarbeitung\/","name":"Signalverarbeitung | digitale Signalverarbeitung & Pneumatik | BagMatic","isPartOf":{"@id":"https:\/\/www.bagmatic.com\/de\/#website"},"datePublished":"2023-01-17T13:46:35+00:00","dateModified":"2023-01-17T13:46:35+00:00","description":"BagMatic ist Hersteller von Maschinen f\u00fcr die digitale Signalverarbeitung. Fragen Sie uns noch heute unverbindlich an und lassen sich beraten!","breadcrumb":{"@id":"https:\/\/www.bagmatic.com\/de\/signalverarbeitung\/#breadcrumb"},"inLanguage":"de","potentialAction":[{"@type":"ReadAction","target":["https:\/\/www.bagmatic.com\/de\/signalverarbeitung\/"]}]},{"@type":"BreadcrumbList","@id":"https:\/\/www.bagmatic.com\/de\/signalverarbeitung\/#breadcrumb","itemListElement":[{"@type":"ListItem","position":1,"name":"Start","item":"https:\/\/www.bagmatic.com\/de\/"},{"@type":"ListItem","position":2,"name":"Signalverarbeitung"}]},{"@type":"WebSite","@id":"https:\/\/www.bagmatic.com\/de\/#website","url":"https:\/\/www.bagmatic.com\/de\/","name":"BagMatic","description":"","publisher":{"@id":"https:\/\/www.bagmatic.com\/de\/#organization"},"potentialAction":[{"@type":"SearchAction","target":{"@type":"EntryPoint","urlTemplate":"https:\/\/www.bagmatic.com\/de\/?s={search_term_string}"},"query-input":"required name=search_term_string"}],"inLanguage":"de"},{"@type":"Organization","@id":"https:\/\/www.bagmatic.com\/de\/#organization","name":"BAGMATIC\u00ae GmbH","url":"https:\/\/www.bagmatic.com\/de\/","logo":{"@type":"ImageObject","inLanguage":"de","@id":"https:\/\/www.bagmatic.com\/de\/#\/schema\/logo\/image\/","url":"https:\/\/www.bagmatic.com\/wp-content\/uploads\/bagmatic-logo.png","contentUrl":"https:\/\/www.bagmatic.com\/wp-content\/uploads\/bagmatic-logo.png","width":500,"height":114,"caption":"BAGMATIC\u00ae GmbH"},"image":{"@id":"https:\/\/www.bagmatic.com\/de\/#\/schema\/logo\/image\/"}}]}},"_links":{"self":[{"href":"https:\/\/www.bagmatic.com\/de\/wp-json\/wp\/v2\/pages\/2202"}],"collection":[{"href":"https:\/\/www.bagmatic.com\/de\/wp-json\/wp\/v2\/pages"}],"about":[{"href":"https:\/\/www.bagmatic.com\/de\/wp-json\/wp\/v2\/types\/page"}],"author":[{"embeddable":true,"href":"https:\/\/www.bagmatic.com\/de\/wp-json\/wp\/v2\/users\/1"}],"replies":[{"embeddable":true,"href":"https:\/\/www.bagmatic.com\/de\/wp-json\/wp\/v2\/comments?post=2202"}],"version-history":[{"count":1,"href":"https:\/\/www.bagmatic.com\/de\/wp-json\/wp\/v2\/pages\/2202\/revisions"}],"predecessor-version":[{"id":2203,"href":"https:\/\/www.bagmatic.com\/de\/wp-json\/wp\/v2\/pages\/2202\/revisions\/2203"}],"wp:attachment":[{"href":"https:\/\/www.bagmatic.com\/de\/wp-json\/wp\/v2\/media?parent=2202"}],"curies":[{"name":"wp","href":"https:\/\/api.w.org\/{rel}","templated":true}]}}