{"id":2217,"date":"2023-01-17T15:34:58","date_gmt":"2023-01-17T14:34:58","guid":{"rendered":"https:\/\/www.bagmatic.com\/?page_id=2217"},"modified":"2023-01-17T15:34:58","modified_gmt":"2023-01-17T14:34:58","slug":"automatisierungsloesungen-automatisierungssysteme-technologie","status":"publish","type":"page","link":"https:\/\/www.bagmatic.com\/de\/automatisierungsloesungen-automatisierungssysteme-technologie\/","title":{"rendered":"Automatisierungsl\u00f6sungen"},"content":{"rendered":"<section class=\"wpb-content-wrapper\"><p>[vc_row gap=&#8220;35&#8243; mobile_bg_img_hidden=&#8220;no&#8220; tablet_bg_img_hidden=&#8220;no&#8220; woodmart_parallax=&#8220;0&#8243; woodmart_gradient_switch=&#8220;no&#8220; row_reverse_mobile=&#8220;0&#8243; row_reverse_tablet=&#8220;0&#8243; woodmart_disable_overflow=&#8220;0&#8243;][vc_column width=&#8220;1\/2&#8243;][vc_single_image image=&#8220;135&#8243; img_size=&#8220;large&#8220; parallax_scroll=&#8220;no&#8220;][\/vc_column][vc_column width=&#8220;1\/2&#8243;][vc_column_text text_larger=&#8220;no&#8220;]<\/p>\n<h2><strong>Automatisierungsl\u00f6sungen &#8211; Wir stehen Ihnen mit rat und Tat zur Seite<\/strong><\/h2>\n<p>Automatisierungsl\u00f6sungen im Maschinenbau bestehen aus der automatischen \u00dcberwachung, Steuerung und Regelung technischer Prozesse ohne menschliches Zutun. Je komplexer die selbst\u00e4ndig zu erledigenden Aufgaben sind, desto h\u00f6her ist der Automatisierungsgrad. Ob in der Fertigung, Montage oder Handhabung, die Automatisierung dieser Prozesse ist in der Industrie unerl\u00e4sslich, um im wachsenden Wettbewerb bestehen zu k\u00f6nnen. Wir sind ein Unternehmen f\u00fcr Automatisierungsl\u00f6sungen und helfen unseren Kunden, Zeit und Geld zu sparen, indem wir die Auswahl der richtigen Hard- und Software automatisieren. Es gibt unz\u00e4hlige M\u00f6glichkeiten, Maschinen und Anlagen zu automatisieren. Mit uns haben Sie den richtigen Partner gefunden, um die richtige L\u00f6sung f\u00fcr Ihre Anwendung auszuw\u00e4hlen. Unsere Experten sind in allen g\u00e4ngigen Systemen und Robotersteuerungen geschult und stehen Ihnen bei der Auswahl und Entwicklung der richtigen Technologie zur Seite.[\/vc_column_text][\/vc_column][\/vc_row][vc_row css=&#8220;.vc_custom_1571211998246{padding-top: 20px !important;}&#8220; mobile_bg_img_hidden=&#8220;no&#8220; tablet_bg_img_hidden=&#8220;no&#8220; woodmart_parallax=&#8220;0&#8243; woodmart_gradient_switch=&#8220;no&#8220; row_reverse_mobile=&#8220;0&#8243; row_reverse_tablet=&#8220;0&#8243; woodmart_disable_overflow=&#8220;0&#8243;][vc_column]\t\t\t\t<div class=\"wd-categories-wrap wd-wpb\">\n\t\t\t\t\t<div class=\"products woocommerce row categories-style-default wd-spacing-30 columns-4\">\n\t\t\t\t\t\n<div class=\" col-lg-3 col-md-3 col-6 first  category-grid-item cat-design-default categories-with-shadow without-product-count product-category product first\" data-loop=\"1\">\n\t<div class=\"wrapp-category\">\n\t\t<div class=\"category-image-wrapp\">\n\t\t\t<a href=\"https:\/\/www.bagmatic.com\/de\/produkt-kategorie\/verpackungsmaschinen\/industriemaschinen\/\" class=\"category-image\">\n\t\t\t\t\n\t\t\t\t<img width=\"400\" height=\"400\" src=\"data:image\/jpg;base64,\/9j\/4AAQSkZJRgABAQAAAQABAAD\/2wBDAAYEBAUEBAYFBQUGBgYHCQ4JCQgICRINDQoOFRIWFhUSFBQXGiEcFxgfGRQUHScdHyIjJSUlFhwpLCgkKyEkJST\/2wBDAQYGBgkICREJCREkGBQYJCQkJCQkJCQkJCQkJCQkJCQkJCQkJCQkJCQkJCQkJCQkJCQkJCQkJCQkJCQkJCQkJCT\/wAARCAAKAAoDAREAAhEBAxEB\/8QAFwAAAwEAAAAAAAAAAAAAAAAAAwUGB\/\/EACUQAAIBAwMCBwAAAAAAAAAAAAECAwQFEQAGIRIxEyIkQVFT0f\/EABcBAAMBAAAAAAAAAAAAAAAAAAIEBQP\/xAAeEQACAgIDAQEAAAAAAAAAAAABAgADERIEITFRQf\/aAAwDAQACEQMRAD8A2G7VG7ZrvBbK16cwvL1o8aYXyjPBHPz3Gq1a0BC6eyRY15cI\/mZVxbloViQSXFC4UBj4RGT78aRPHfPQjw5CY7MBeKWCFbeY4YkLTHJVQM8HR1MTtkwLVA1wP2OEt1F0j0dP2+sfmsN2+xjRfk\/\/2Q==\" class=\"attachment-woocommerce_thumbnail size-woocommerce_thumbnail wd-lazy-load woodmart-lazy-load wd-lazy-fade\" alt=\"Verpackungsmaschine T1000m Industriemaschine Bagmatic\" decoding=\"async\" loading=\"lazy\" srcset=\"\" sizes=\"(max-width: 400px) 100vw, 400px\" data-wood-src=\"https:\/\/www.bagmatic.com\/wp-content\/uploads\/verpackungsmaschine-t1000m-industriemaschine-bagmatic-400x400.jpg\" data-srcset=\"https:\/\/www.bagmatic.com\/wp-content\/uploads\/verpackungsmaschine-t1000m-industriemaschine-bagmatic-400x400.jpg 400w, https:\/\/www.bagmatic.com\/wp-content\/uploads\/verpackungsmaschine-t1000m-industriemaschine-bagmatic-800x800.jpg 800w, https:\/\/www.bagmatic.com\/wp-content\/uploads\/verpackungsmaschine-t1000m-industriemaschine-bagmatic-100x100.jpg 100w\" \/>\t\t\t<\/a>\n\t\t<\/div>\n\t\t<div class=\"hover-mask\">\n\t\t\t<h3 class=\"wd-entities-title category-title\">\n\t\t\t\tIndustriemaschinen\t\t\t<\/h3>\n\n\t\t\t\n\t\t\t\t\t<\/div>\n\n\t\t\t\t<a href=\"https:\/\/www.bagmatic.com\/de\/produkt-kategorie\/verpackungsmaschinen\/industriemaschinen\/\" class=\"category-link wd-fill\" aria-label=\"Product category industriemaschinen\"><\/a>\n\t\t\t<\/div>\n<\/div>\n\n<div class=\" col-lg-3 col-md-3 col-6 category-grid-item cat-design-default categories-with-shadow without-product-count product-category product\" data-loop=\"2\">\n\t<div class=\"wrapp-category\">\n\t\t<div class=\"category-image-wrapp\">\n\t\t\t<a href=\"https:\/\/www.bagmatic.com\/de\/produkt-kategorie\/verpackungsmaschinen\/tischmaschinen\/\" class=\"category-image\">\n\t\t\t\t\n\t\t\t\t<img width=\"400\" height=\"400\" src=\"data:image\/jpg;base64,\/9j\/4AAQSkZJRgABAQAAAQABAAD\/2wBDAAYEBAUEBAYFBQUGBgYHCQ4JCQgICRINDQoOFRIWFhUSFBQXGiEcFxgfGRQUHScdHyIjJSUlFhwpLCgkKyEkJST\/2wBDAQYGBgkICREJCREkGBQYJCQkJCQkJCQkJCQkJCQkJCQkJCQkJCQkJCQkJCQkJCQkJCQkJCQkJCQkJCQkJCQkJCT\/wAARCAAKAAoDAREAAhEBAxEB\/8QAFwAAAwEAAAAAAAAAAAAAAAAABAUGB\/\/EACAQAAIBBAIDAQAAAAAAAAAAAAECAwAEBREGIRJRccL\/xAAXAQADAQAAAAAAAAAAAAAAAAADBAUC\/8QAIBEAAQMEAgMAAAAAAAAAAAAAAQACIQMREhMEFDGR4f\/aAAwDAQACEQMRAD8A1iTknJVzZWO+JtWbxCBFYgk9HWt6+VZbQo67kSoh5FfZBhU8T8yaJGabGAlQTuIj9UsepeAffxODtW8hEXdpbpl4isESns7CD1QmOOBlbe1uYhNwBodUBML\/2Q==\" class=\"attachment-woocommerce_thumbnail size-woocommerce_thumbnail wd-lazy-load woodmart-lazy-load wd-lazy-fade\" alt=\"Verpackungsmaschine Tischmaschine T300 Verschweisser Vollautomatic Bagmatic\" decoding=\"async\" loading=\"lazy\" srcset=\"\" sizes=\"(max-width: 400px) 100vw, 400px\" data-wood-src=\"https:\/\/www.bagmatic.com\/wp-content\/uploads\/verpackungsmaschine-tischmaschine-t300-verschweisser-vollautomatic-bagmatic-400x400.jpg\" data-srcset=\"https:\/\/www.bagmatic.com\/wp-content\/uploads\/verpackungsmaschine-tischmaschine-t300-verschweisser-vollautomatic-bagmatic-400x400.jpg 400w, https:\/\/www.bagmatic.com\/wp-content\/uploads\/verpackungsmaschine-tischmaschine-t300-verschweisser-vollautomatic-bagmatic-800x800.jpg 800w, https:\/\/www.bagmatic.com\/wp-content\/uploads\/verpackungsmaschine-tischmaschine-t300-verschweisser-vollautomatic-bagmatic-100x100.jpg 100w\" \/>\t\t\t<\/a>\n\t\t<\/div>\n\t\t<div class=\"hover-mask\">\n\t\t\t<h3 class=\"wd-entities-title category-title\">\n\t\t\t\tTischmaschinen\t\t\t<\/h3>\n\n\t\t\t\n\t\t\t\t\t<\/div>\n\n\t\t\t\t<a href=\"https:\/\/www.bagmatic.com\/de\/produkt-kategorie\/verpackungsmaschinen\/tischmaschinen\/\" class=\"category-link wd-fill\" aria-label=\"Product category tischmaschinen\"><\/a>\n\t\t\t<\/div>\n<\/div>\n\n<div class=\" col-lg-3 col-md-3 col-6 category-grid-item cat-design-default categories-with-shadow without-product-count product-category product\" data-loop=\"3\">\n\t<div class=\"wrapp-category\">\n\t\t<div class=\"category-image-wrapp\">\n\t\t\t<a href=\"https:\/\/www.bagmatic.com\/de\/produkt-kategorie\/eingabezubehoer\/\" class=\"category-image\">\n\t\t\t\t\n\t\t\t\t<img width=\"400\" height=\"400\" src=\"data:image\/jpg;base64,\/9j\/4AAQSkZJRgABAQAAAQABAAD\/2wBDAAYEBAUEBAYFBQUGBgYHCQ4JCQgICRINDQoOFRIWFhUSFBQXGiEcFxgfGRQUHScdHyIjJSUlFhwpLCgkKyEkJST\/2wBDAQYGBgkICREJCREkGBQYJCQkJCQkJCQkJCQkJCQkJCQkJCQkJCQkJCQkJCQkJCQkJCQkJCQkJCQkJCQkJCQkJCT\/wAARCAAKAAoDAREAAhEBAxEB\/8QAFgABAQEAAAAAAAAAAAAAAAAABwME\/8QAIRAAAgEDBAMBAAAAAAAAAAAAAQIDBBESAAUGIRMUQTH\/xAAWAQEBAQAAAAAAAAAAAAAAAAAFAgP\/xAAdEQABAwUBAAAAAAAAAAAAAAABAAIRAwQSITFh\/9oADAMBAAIRAxEAPwBO5LySqpuQVm3RbhLGsNUTIXkdVCFVONweh2e7WGnbeg11MPI6PEFcXJbULAeH1KsEUfgjwZmXEWbMm4t+3v3oRxM7TbQI0pLSU43Gaf14vLJEFd8Bk4B6BP0arI4gSpwbmTG1rAAAAFgPms1ov\/\/Z\" class=\"attachment-woocommerce_thumbnail size-woocommerce_thumbnail wd-lazy-load woodmart-lazy-load wd-lazy-fade\" alt=\"Ultrawaage Verpackungsmaschinen Eingabe Teilzaehler Us5000 Bagmatic\" decoding=\"async\" loading=\"lazy\" srcset=\"\" sizes=\"(max-width: 400px) 100vw, 400px\" data-wood-src=\"https:\/\/www.bagmatic.com\/wp-content\/uploads\/ultrawaage-verpackungsmaschinen-eingabe-teilzaehler-us5000-bagmatic-400x400.jpg\" data-srcset=\"https:\/\/www.bagmatic.com\/wp-content\/uploads\/ultrawaage-verpackungsmaschinen-eingabe-teilzaehler-us5000-bagmatic-400x400.jpg 400w, https:\/\/www.bagmatic.com\/wp-content\/uploads\/ultrawaage-verpackungsmaschinen-eingabe-teilzaehler-us5000-bagmatic-800x800.jpg 800w, https:\/\/www.bagmatic.com\/wp-content\/uploads\/ultrawaage-verpackungsmaschinen-eingabe-teilzaehler-us5000-bagmatic-100x100.jpg 100w\" \/>\t\t\t<\/a>\n\t\t<\/div>\n\t\t<div class=\"hover-mask\">\n\t\t\t<h3 class=\"wd-entities-title category-title\">\n\t\t\t\tEingabezubeh\u00f6r\t\t\t<\/h3>\n\n\t\t\t\n\t\t\t\t\t<\/div>\n\n\t\t\t\t<a href=\"https:\/\/www.bagmatic.com\/de\/produkt-kategorie\/eingabezubehoer\/\" class=\"category-link wd-fill\" aria-label=\"Product category eingabezubehoer\"><\/a>\n\t\t\t<\/div>\n<\/div>\n\n<div class=\" col-lg-3 col-md-3 col-6 last  category-grid-item cat-design-default categories-with-shadow without-product-count product-category product last\" data-loop=\"4\">\n\t<div class=\"wrapp-category\">\n\t\t<div class=\"category-image-wrapp\">\n\t\t\t<a href=\"https:\/\/www.bagmatic.com\/de\/produkt-kategorie\/verpackungsmaschinen\/drucker\/\" class=\"category-image\">\n\t\t\t\t\n\t\t\t\t<img width=\"400\" height=\"400\" src=\"data:image\/jpg;base64,\/9j\/4AAQSkZJRgABAQAAAQABAAD\/2wBDAAYEBAUEBAYFBQUGBgYHCQ4JCQgICRINDQoOFRIWFhUSFBQXGiEcFxgfGRQUHScdHyIjJSUlFhwpLCgkKyEkJST\/2wBDAQYGBgkICREJCREkGBQYJCQkJCQkJCQkJCQkJCQkJCQkJCQkJCQkJCQkJCQkJCQkJCQkJCQkJCQkJCQkJCQkJCT\/wAARCAAKAAoDAREAAhEBAxEB\/8QAFQABAQAAAAAAAAAAAAAAAAAABgf\/xAAnEAACAQIFAQkAAAAAAAAAAAABAgMABAUGESIxQQcSEyQyQ3HR8P\/EABUBAQEAAAAAAAAAAAAAAAAAAAUG\/8QAHxEAAgECBwAAAAAAAAAAAAAAAQIAAxEEBRIxM0HB\/9oADAMBAAIRAxEAPwCl9qcs9\/hjYfCz63Td4ltANpHP7pT+XAK2o9SfzQsyaB3AsFrBFBGjLOSqgHS4YDj4pIsSb+QtQALexjnLfm3C4m3Rkrqh4O89KPwvCxiWM51Ep8OF2HhJ5K29I9pfqhjUe+5jQppbYT\/\/2Q==\" class=\"attachment-woocommerce_thumbnail size-woocommerce_thumbnail wd-lazy-load woodmart-lazy-load wd-lazy-fade\" alt=\"Verpackungsmaschinen Ti1000 Drucker Verpackungsdrucker Bagmatic\" decoding=\"async\" loading=\"lazy\" srcset=\"\" sizes=\"(max-width: 400px) 100vw, 400px\" data-wood-src=\"https:\/\/www.bagmatic.com\/wp-content\/uploads\/verpackungsmaschinen-ti1000-drucker-verpackungsdrucker-bagmatic-400x400.jpg\" data-srcset=\"https:\/\/www.bagmatic.com\/wp-content\/uploads\/verpackungsmaschinen-ti1000-drucker-verpackungsdrucker-bagmatic-400x400.jpg 400w, https:\/\/www.bagmatic.com\/wp-content\/uploads\/verpackungsmaschinen-ti1000-drucker-verpackungsdrucker-bagmatic-800x800.jpg 800w, https:\/\/www.bagmatic.com\/wp-content\/uploads\/verpackungsmaschinen-ti1000-drucker-verpackungsdrucker-bagmatic-100x100.jpg 100w\" \/>\t\t\t<\/a>\n\t\t<\/div>\n\t\t<div class=\"hover-mask\">\n\t\t\t<h3 class=\"wd-entities-title category-title\">\n\t\t\t\tDrucker\t\t\t<\/h3>\n\n\t\t\t\n\t\t\t\t\t<\/div>\n\n\t\t\t\t<a href=\"https:\/\/www.bagmatic.com\/de\/produkt-kategorie\/verpackungsmaschinen\/drucker\/\" class=\"category-link wd-fill\" aria-label=\"Product category drucker\"><\/a>\n\t\t\t<\/div>\n<\/div>\n\t\t\t\t\t<\/div>\n\t\t\t\t<\/div>\n\t\t\t\t[\/vc_column][\/vc_row][vc_row gap=&#8220;35&#8243; mobile_bg_img_hidden=&#8220;no&#8220; tablet_bg_img_hidden=&#8220;no&#8220; woodmart_parallax=&#8220;0&#8243; woodmart_gradient_switch=&#8220;no&#8220; row_reverse_mobile=&#8220;0&#8243; row_reverse_tablet=&#8220;0&#8243; woodmart_disable_overflow=&#8220;0&#8243;][vc_column width=&#8220;1\/2&#8243;][vc_column_text text_larger=&#8220;no&#8220;]<\/p>\n<h2><strong>Wir haben die passenden Automatisierungsl\u00f6sungen f\u00fcr Sie<\/strong><\/h2>\n<p>Jede Branche hat einzigartige Anforderungen. Die technische Komplexit\u00e4t nimmt stetig zu. Gemeinsam mit Ihnen erarbeiten wir eine wirtschaftliche L\u00f6sung f\u00fcr Ihre neue Anlage. Dank unseres eng aufeinander abgestimmten Konstruktions-, Elektrotechnik- und Automatisierungs-Know-hows erhalten Sie eine exakt abgestimmte Gesamtl\u00f6sung aus einer Hand. Unser multidisziplin\u00e4res Team nutzt das Wissen aus der mechanischen Konstruktion, um die Elektronik optimal auf die mechanische Konstruktion abzustimmen. F\u00fchren Sie Projektanalysen, Planungen und Softwareentwicklungen durch, um den Kunden zu verwalten. Wir \u00fcbernehmen Montage, Inbetriebnahme, Service und Wartung. Unsere Automatisierungsl\u00f6sungen sind exakt auf jede einzelne Maschine zugeschnitten, sodass von der Sensorik bis zur Schnittstelle alles perfekt zusammenspielt. Beratung, welche Technologiel\u00f6sung f\u00fcr maximale Benutzerfreundlichkeit verwendet werden sollte. Auf Anpassungsw\u00fcnsche nach Produktions\u00e4nderungen reagieren wir flexibel.<\/p>\n<h2><strong>Automatisierungssysteme Technologie &#8211; Verpackungsroboter<\/strong><\/h2>\n<p>Bei Verpackungs- und Abf\u00fcllprozessen ist Geschwindigkeit ein sehr wichtiger Faktor f\u00fcr langfristige Effizienz. Solange es in der Verpackungslinie um manuelle Prozesse geht, sind dem Machbaren klare Grenzen gesetzt. Neben der Geschwindigkeitsbegrenzung der Arbeit von Experten erh\u00f6ht manuelle Arbeit nat\u00fcrlich auch das Fehlerpotenzial. Wenn Sie Ihren Verpackungsprozess auf das n\u00e4chste Level bringen m\u00f6chten, empfehlen wir den Einsatz eines Verpackungsroboters. Hochmoderne Robotik- und Bildverarbeitungssysteme kombinieren eine pr\u00e4zise Prozessausf\u00fchrung mit einzigartig fl\u00fcssigen, schnellen Prozessen. Dank der visuellen Qualit\u00e4tskontrolle m\u00fcssen Sie sich keine Sorgen um unbemerkte Fehler machen. Auf diese Weise \u00fcberzeugen unsere automatisierten Roboter nicht nur in der Dokumentation, sondern auch in ihrer Effizienz.<\/p>\n<p>Knickarmroboter kommen besonders h\u00e4ufig in modernen Verpackungs- und Abf\u00fcllanlagen zum Einsatz. Dies sind besonders flexible Verpackungsroboter, die f\u00fcr allgemeine Anwendungen geeignet sind. Besonders in der Automobilindustrie sind leistungsstarke Industrieroboter beliebt. Die Vielseitigkeit von Knickarmrobotern ergibt sich aus der Tatsache, dass sie \u00fcber eine serielle Kinematik verf\u00fcgen, also \u00fcber mehrere Gelenkarme und Drehachsen verf\u00fcgen, die eine Bewegung in drei Dimensionen erm\u00f6glichen. Beim Einsatz von Knickarmrobotern f\u00fcr die Fertigung oder Abf\u00fcllung haben Sie die Wahl zwischen vertikalen Knickarmrobotern und horizontalen Knickarmrobotern. Welche Art von Verpackungsroboter Sie auch w\u00e4hlen, er l\u00e4sst sich einfach und vollst\u00e4ndig in Ihr bestehendes System integrieren.[\/vc_column_text][\/vc_column][vc_column width=&#8220;1\/2&#8243;][vc_column_text text_larger=&#8220;no&#8220;]<\/p>\n<h2><strong>Automatisierungsl\u00f6sungen &#8211; \u00dcberzeugen Sie sich von unseren Knickarmroboter<\/strong><\/h2>\n<p>Knickarmroboter werden besonders h\u00e4ufig als Pick-and-Place-Roboter eingesetzt. Vielseitige Knickarmroboter k\u00f6nnen mit unterschiedlichen Werkzeugen ausgestattet werden, die unterschiedliche Zwecke im Verpackungs- und Abf\u00fcllprozess erf\u00fcllen, sodass unterschiedliche Verpackungsmaterialien problemlos von Verpackungsrobotern gehandhabt werden k\u00f6nnen. Zus\u00e4tzliche Linearachsen k\u00f6nnen f\u00fcr weitere Anwendungen mit vertikalen Knickarmrobotern oder horizontalen Knickarmrobotern ausgestattet werden. Mithilfe von Schienen k\u00f6nnen Pick-and-Place-Roboter problemlos Entfernungen zwischen mehreren Arbeitspl\u00e4tzen \u00fcberbr\u00fccken und verschiedene Aufgaben nacheinander ausf\u00fchren. Alternativ k\u00f6nnen Schienen an W\u00e4nden oder Decken montiert werden, was Verpackungsroboter besonders mobil macht.<\/p>\n<p>Die F\u00e4higkeiten unserer Verpackungsroboter variieren je nach Modell und Ausstattung. Daher ist es auch f\u00fcr verschiedene Prozesse geeignet. Kontaktieren Sie uns gerne, um sich zu geeigneten Ger\u00e4ten beraten zu lassen. Vertikale Knickarmroboter und horizontale Knickarmroboter haben gemeinsam, dass sie zu technisch komplexen Manipulationen f\u00e4hig sind und mehrere Arbeitsschritte ohne Unterbrechung ausf\u00fchren k\u00f6nnen. Insbesondere der 6-Arm-Pick-and-Place-Roboter bietet einen hohen Automatisierungsgrad in einem einzigen Ger\u00e4t. Der Nachteil der eingeschr\u00e4nkten Reichweite im Gegensatz zu Portalrobotern kann durch die oben erw\u00e4hnten Linearachsen kompensiert werden. Selbst wenn Sie einen geschulten Experten ben\u00f6tigen, um diesen Verpackungsroboter zu programmieren, kann der Einsatz eines hochautomatisierten Roboters viele Ressourcen sparen.<\/p>\n<h3><strong>Individuelle Automatisierungsl\u00f6sungen f\u00fcr Ihr Vorhaben<\/strong><\/h3>\n<p>Es ist wichtig, bestehende Anlagen mit Verpackungsrobotern erg\u00e4nzen zu k\u00f6nnen, um schrittweise auf automatisierte Anlagen umzusteigen. Deshalb bieten wir verschiedene L\u00f6sungen f\u00fcr die Kombination automatisierter Roboter mit anderen Verpackungsanlagen an. Beispielsweise kann ein kollaborativer Roboter (Cobot) mit unserem Bildverarbeitungssystem und einer anderen Bagmatic-Verpackungsmaschine, einschlie\u00dflich eines Zebra-Druckers, kombiniert werden. Es kann aber auch mit Standardrobotern kombiniert werden. Ob Sie sich f\u00fcr einen Cobot oder einen Standard-Verpackungsroboter entscheiden, dieses effektive System l\u00e4sst sich problemlos mit flexiblen Vereinzelungs- oder Teilezuf\u00fchrsystemen erweitern. Letzterer arbeitet ohne kooperierende Roboter in Verbindung mit Verpackungsmaschinen und Zebra-Druckern. Sie k\u00f6nnen uns gerne kontaktieren. Wir beraten Sie gerne zu passenden Erweiterungsm\u00f6glichkeiten f\u00fcr Ihr Bagmatic-Verpackungssystem.[\/vc_column_text][\/vc_column][\/vc_row]<\/p>\n<\/section>","protected":false},"excerpt":{"rendered":"<p>[vc_row gap=&#8220;35&#8243; mobile_bg_img_hidden=&#8220;no&#8220; tablet_bg_img_hidden=&#8220;no&#8220; woodmart_parallax=&#8220;0&#8243; woodmart_gradient_switch=&#8220;no&#8220; row_reverse_mobile=&#8220;0&#8243; row_reverse_tablet=&#8220;0&#8243; woodmart_disable_overflow=&#8220;0&#8243;][vc_column width=&#8220;1\/2&#8243;][vc_single_image image=&#8220;135&#8243; img_size=&#8220;large&#8220; parallax_scroll=&#8220;no&#8220;][\/vc_column][vc_column width=&#8220;1\/2&#8243;][vc_column_text text_larger=&#8220;no&#8220;] Automatisierungsl\u00f6sungen &#8211; Wir stehen Ihnen<\/p>\n","protected":false},"author":1,"featured_media":0,"parent":0,"menu_order":0,"comment_status":"closed","ping_status":"closed","template":"","meta":[],"yoast_head":"<!-- This site is optimized with the Yoast SEO plugin v20.1 - https:\/\/yoast.com\/wordpress\/plugins\/seo\/ -->\n<title>Automatisierungsl\u00f6sungen | Automatisierungssysteme &amp; Technologie<\/title>\n<meta name=\"description\" content=\"BagMatic ist Anbieter von Automatisierungsl\u00f6sungen &amp; Automatisierungssysteme. Jetzt unverbindlich anfragen und beraten lassen!\" \/>\n<meta name=\"robots\" content=\"index, follow, max-snippet:-1, max-image-preview:large, max-video-preview:-1\" \/>\n<link rel=\"canonical\" href=\"https:\/\/www.bagmatic.com\/de\/automatisierungsloesungen-automatisierungssysteme-technologie\/\" \/>\n<meta property=\"og:locale\" content=\"de_DE\" \/>\n<meta property=\"og:type\" content=\"article\" \/>\n<meta property=\"og:title\" content=\"Automatisierungsl\u00f6sungen | Automatisierungssysteme &amp; Technologie\" \/>\n<meta property=\"og:description\" content=\"BagMatic ist Anbieter von Automatisierungsl\u00f6sungen &amp; Automatisierungssysteme. Jetzt unverbindlich anfragen und beraten lassen!\" \/>\n<meta property=\"og:url\" content=\"https:\/\/www.bagmatic.com\/de\/automatisierungsloesungen-automatisierungssysteme-technologie\/\" \/>\n<meta property=\"og:site_name\" content=\"BagMatic\" \/>\n<meta name=\"twitter:card\" content=\"summary_large_image\" \/>\n<meta name=\"twitter:label1\" content=\"Gesch\u00e4tzte Lesezeit\" \/>\n\t<meta name=\"twitter:data1\" content=\"5\u00a0Minuten\" \/>\n<script type=\"application\/ld+json\" class=\"yoast-schema-graph\">{\"@context\":\"https:\/\/schema.org\",\"@graph\":[{\"@type\":\"WebPage\",\"@id\":\"https:\/\/www.bagmatic.com\/de\/automatisierungsloesungen-automatisierungssysteme-technologie\/\",\"url\":\"https:\/\/www.bagmatic.com\/de\/automatisierungsloesungen-automatisierungssysteme-technologie\/\",\"name\":\"Automatisierungsl\u00f6sungen | Automatisierungssysteme & Technologie\",\"isPartOf\":{\"@id\":\"https:\/\/www.bagmatic.com\/de\/#website\"},\"datePublished\":\"2023-01-17T14:34:58+00:00\",\"dateModified\":\"2023-01-17T14:34:58+00:00\",\"description\":\"BagMatic ist Anbieter von Automatisierungsl\u00f6sungen & Automatisierungssysteme. Jetzt unverbindlich anfragen und beraten lassen!\",\"breadcrumb\":{\"@id\":\"https:\/\/www.bagmatic.com\/de\/automatisierungsloesungen-automatisierungssysteme-technologie\/#breadcrumb\"},\"inLanguage\":\"de\",\"potentialAction\":[{\"@type\":\"ReadAction\",\"target\":[\"https:\/\/www.bagmatic.com\/de\/automatisierungsloesungen-automatisierungssysteme-technologie\/\"]}]},{\"@type\":\"BreadcrumbList\",\"@id\":\"https:\/\/www.bagmatic.com\/de\/automatisierungsloesungen-automatisierungssysteme-technologie\/#breadcrumb\",\"itemListElement\":[{\"@type\":\"ListItem\",\"position\":1,\"name\":\"Start\",\"item\":\"https:\/\/www.bagmatic.com\/de\/\"},{\"@type\":\"ListItem\",\"position\":2,\"name\":\"Automatisierungsl\u00f6sungen\"}]},{\"@type\":\"WebSite\",\"@id\":\"https:\/\/www.bagmatic.com\/de\/#website\",\"url\":\"https:\/\/www.bagmatic.com\/de\/\",\"name\":\"BagMatic\",\"description\":\"\",\"publisher\":{\"@id\":\"https:\/\/www.bagmatic.com\/de\/#organization\"},\"potentialAction\":[{\"@type\":\"SearchAction\",\"target\":{\"@type\":\"EntryPoint\",\"urlTemplate\":\"https:\/\/www.bagmatic.com\/de\/?s={search_term_string}\"},\"query-input\":\"required name=search_term_string\"}],\"inLanguage\":\"de\"},{\"@type\":\"Organization\",\"@id\":\"https:\/\/www.bagmatic.com\/de\/#organization\",\"name\":\"BAGMATIC\u00ae GmbH\",\"url\":\"https:\/\/www.bagmatic.com\/de\/\",\"logo\":{\"@type\":\"ImageObject\",\"inLanguage\":\"de\",\"@id\":\"https:\/\/www.bagmatic.com\/de\/#\/schema\/logo\/image\/\",\"url\":\"https:\/\/www.bagmatic.com\/wp-content\/uploads\/bagmatic-logo.png\",\"contentUrl\":\"https:\/\/www.bagmatic.com\/wp-content\/uploads\/bagmatic-logo.png\",\"width\":500,\"height\":114,\"caption\":\"BAGMATIC\u00ae GmbH\"},\"image\":{\"@id\":\"https:\/\/www.bagmatic.com\/de\/#\/schema\/logo\/image\/\"}}]}<\/script>\n<!-- \/ Yoast SEO plugin. -->","yoast_head_json":{"title":"Automatisierungsl\u00f6sungen | Automatisierungssysteme & Technologie","description":"BagMatic ist Anbieter von Automatisierungsl\u00f6sungen & Automatisierungssysteme. Jetzt unverbindlich anfragen und beraten lassen!","robots":{"index":"index","follow":"follow","max-snippet":"max-snippet:-1","max-image-preview":"max-image-preview:large","max-video-preview":"max-video-preview:-1"},"canonical":"https:\/\/www.bagmatic.com\/de\/automatisierungsloesungen-automatisierungssysteme-technologie\/","og_locale":"de_DE","og_type":"article","og_title":"Automatisierungsl\u00f6sungen | Automatisierungssysteme & Technologie","og_description":"BagMatic ist Anbieter von Automatisierungsl\u00f6sungen & Automatisierungssysteme. Jetzt unverbindlich anfragen und beraten lassen!","og_url":"https:\/\/www.bagmatic.com\/de\/automatisierungsloesungen-automatisierungssysteme-technologie\/","og_site_name":"BagMatic","twitter_card":"summary_large_image","twitter_misc":{"Gesch\u00e4tzte Lesezeit":"5\u00a0Minuten"},"schema":{"@context":"https:\/\/schema.org","@graph":[{"@type":"WebPage","@id":"https:\/\/www.bagmatic.com\/de\/automatisierungsloesungen-automatisierungssysteme-technologie\/","url":"https:\/\/www.bagmatic.com\/de\/automatisierungsloesungen-automatisierungssysteme-technologie\/","name":"Automatisierungsl\u00f6sungen | Automatisierungssysteme & Technologie","isPartOf":{"@id":"https:\/\/www.bagmatic.com\/de\/#website"},"datePublished":"2023-01-17T14:34:58+00:00","dateModified":"2023-01-17T14:34:58+00:00","description":"BagMatic ist Anbieter von Automatisierungsl\u00f6sungen & Automatisierungssysteme. Jetzt unverbindlich anfragen und beraten lassen!","breadcrumb":{"@id":"https:\/\/www.bagmatic.com\/de\/automatisierungsloesungen-automatisierungssysteme-technologie\/#breadcrumb"},"inLanguage":"de","potentialAction":[{"@type":"ReadAction","target":["https:\/\/www.bagmatic.com\/de\/automatisierungsloesungen-automatisierungssysteme-technologie\/"]}]},{"@type":"BreadcrumbList","@id":"https:\/\/www.bagmatic.com\/de\/automatisierungsloesungen-automatisierungssysteme-technologie\/#breadcrumb","itemListElement":[{"@type":"ListItem","position":1,"name":"Start","item":"https:\/\/www.bagmatic.com\/de\/"},{"@type":"ListItem","position":2,"name":"Automatisierungsl\u00f6sungen"}]},{"@type":"WebSite","@id":"https:\/\/www.bagmatic.com\/de\/#website","url":"https:\/\/www.bagmatic.com\/de\/","name":"BagMatic","description":"","publisher":{"@id":"https:\/\/www.bagmatic.com\/de\/#organization"},"potentialAction":[{"@type":"SearchAction","target":{"@type":"EntryPoint","urlTemplate":"https:\/\/www.bagmatic.com\/de\/?s={search_term_string}"},"query-input":"required name=search_term_string"}],"inLanguage":"de"},{"@type":"Organization","@id":"https:\/\/www.bagmatic.com\/de\/#organization","name":"BAGMATIC\u00ae GmbH","url":"https:\/\/www.bagmatic.com\/de\/","logo":{"@type":"ImageObject","inLanguage":"de","@id":"https:\/\/www.bagmatic.com\/de\/#\/schema\/logo\/image\/","url":"https:\/\/www.bagmatic.com\/wp-content\/uploads\/bagmatic-logo.png","contentUrl":"https:\/\/www.bagmatic.com\/wp-content\/uploads\/bagmatic-logo.png","width":500,"height":114,"caption":"BAGMATIC\u00ae GmbH"},"image":{"@id":"https:\/\/www.bagmatic.com\/de\/#\/schema\/logo\/image\/"}}]}},"_links":{"self":[{"href":"https:\/\/www.bagmatic.com\/de\/wp-json\/wp\/v2\/pages\/2217"}],"collection":[{"href":"https:\/\/www.bagmatic.com\/de\/wp-json\/wp\/v2\/pages"}],"about":[{"href":"https:\/\/www.bagmatic.com\/de\/wp-json\/wp\/v2\/types\/page"}],"author":[{"embeddable":true,"href":"https:\/\/www.bagmatic.com\/de\/wp-json\/wp\/v2\/users\/1"}],"replies":[{"embeddable":true,"href":"https:\/\/www.bagmatic.com\/de\/wp-json\/wp\/v2\/comments?post=2217"}],"version-history":[{"count":1,"href":"https:\/\/www.bagmatic.com\/de\/wp-json\/wp\/v2\/pages\/2217\/revisions"}],"predecessor-version":[{"id":2218,"href":"https:\/\/www.bagmatic.com\/de\/wp-json\/wp\/v2\/pages\/2217\/revisions\/2218"}],"wp:attachment":[{"href":"https:\/\/www.bagmatic.com\/de\/wp-json\/wp\/v2\/media?parent=2217"}],"curies":[{"name":"wp","href":"https:\/\/api.w.org\/{rel}","templated":true}]}}