{"id":2240,"date":"2023-01-25T12:20:35","date_gmt":"2023-01-25T11:20:35","guid":{"rendered":"https:\/\/www.bagmatic.com\/?page_id=2240"},"modified":"2025-04-28T09:04:34","modified_gmt":"2025-04-28T07:04:34","slug":"spiralfoerderer","status":"publish","type":"page","link":"https:\/\/www.bagmatic.com\/de\/spiralfoerderer\/","title":{"rendered":"Spiralf\u00f6rderer"},"content":{"rendered":"<section class=\"wpb-content-wrapper\"><p>[vc_row gap=&#8220;35&#8243; mobile_bg_img_hidden=&#8220;no&#8220; tablet_bg_img_hidden=&#8220;no&#8220; woodmart_parallax=&#8220;0&#8243; woodmart_gradient_switch=&#8220;no&#8220; row_reverse_mobile=&#8220;0&#8243; row_reverse_tablet=&#8220;0&#8243; woodmart_disable_overflow=&#8220;0&#8243;][vc_column width=&#8220;1\/2&#8243;][vc_single_image image=&#8220;135&#8243; img_size=&#8220;large&#8220; parallax_scroll=&#8220;no&#8220;][\/vc_column][vc_column width=&#8220;1\/2&#8243;][vc_column_text text_larger=&#8220;no&#8220;]<\/p>\n<h2>Spiralf\u00f6rderer von Bagmatic &#8211; die bewehrte L\u00f6sung zur Optimierung von F\u00f6rderprozessen<\/h2>\n<p>F\u00fcr die Bef\u00f6rderung von Bauteilen werden verschiedenste F\u00f6rdertechniken entwickelt und auf dem Markt angeboten. Verschiedenste Branchen und Industrien k\u00f6nnen Gebrauch von einer effizienten F\u00f6rderl\u00f6sung machen, um Ihre Prozesse zu optimieren. Ein sogenannter Spiralf\u00f6rderer kann vielf\u00e4ltig eingesetzt werden und zur Optimierung von Abl\u00e4ufen verhelfen. Bei Bagmatic erhalten Sie hochwertige und zuverl\u00e4ssige Spiralschneckenf\u00f6rderer. Unsere bewehrte Technik macht es m\u00f6glich, verschiedenstes F\u00f6rdergut im Produktionsbereich zu transportieren. Wir als Hersteller von Spiralf\u00f6rderern haben hohe qualitative Anspr\u00fcche, die wir bei der Fertigung unserer Produkte anwenden. Unser flexibler Spiralf\u00f6rderer ist demnach zuverl\u00e4ssig und kann dem reibungslosen Ablauf Ihrer Prozesse dienen. Vertrauen Sie auf unsere Expertise und statten Sie sich mit unserer kosteng\u00fcnstigen L\u00f6sung zur Bef\u00f6rderung von Einzelteilen aus. Steigern Sie Ihre Effizienz indem Sie Ihre Prozesse optimieren. Unsere fachm\u00e4nnischen Expert:innen stehen Ihnen beraterisch zur Seite, um eine passende L\u00f6sung f\u00fcr Ihre Anforderungen und Bed\u00fcrfnisse zu finden.[\/vc_column_text][\/vc_column][\/vc_row][vc_row css=&#8220;.vc_custom_1571211998246{padding-top: 20px !important;}&#8220; mobile_bg_img_hidden=&#8220;no&#8220; tablet_bg_img_hidden=&#8220;no&#8220; woodmart_parallax=&#8220;0&#8243; woodmart_gradient_switch=&#8220;no&#8220; row_reverse_mobile=&#8220;0&#8243; row_reverse_tablet=&#8220;0&#8243; woodmart_disable_overflow=&#8220;0&#8243;][vc_column]\t\t\t\t<div class=\"wd-categories-wrap wd-wpb\">\n\t\t\t\t\t<div class=\"products woocommerce row categories-style-default wd-spacing-30 columns-4\">\n\t\t\t\t\t\n<div class=\" col-lg-3 col-md-3 col-6 first  category-grid-item cat-design-default categories-with-shadow without-product-count product-category product first\" data-loop=\"1\">\n\t<div class=\"wrapp-category\">\n\t\t<div class=\"category-image-wrapp\">\n\t\t\t<a href=\"https:\/\/www.bagmatic.com\/de\/produkt-kategorie\/verpackungsmaschinen\/industriemaschinen\/\" class=\"category-image\">\n\t\t\t\t\n\t\t\t\t<img width=\"400\" height=\"400\" src=\"data:image\/jpg;base64,\/9j\/4AAQSkZJRgABAQAAAQABAAD\/2wBDAAYEBAUEBAYFBQUGBgYHCQ4JCQgICRINDQoOFRIWFhUSFBQXGiEcFxgfGRQUHScdHyIjJSUlFhwpLCgkKyEkJST\/2wBDAQYGBgkICREJCREkGBQYJCQkJCQkJCQkJCQkJCQkJCQkJCQkJCQkJCQkJCQkJCQkJCQkJCQkJCQkJCQkJCQkJCT\/wAARCAAKAAoDAREAAhEBAxEB\/8QAFwAAAwEAAAAAAAAAAAAAAAAAAwUGB\/\/EACUQAAIBAwMCBwAAAAAAAAAAAAECAwQFEQAGIRIxEyIkQVFT0f\/EABcBAAMBAAAAAAAAAAAAAAAAAAIEBQP\/xAAeEQACAgIDAQEAAAAAAAAAAAABAgADERIEITFRQf\/aAAwDAQACEQMRAD8A2G7VG7ZrvBbK16cwvL1o8aYXyjPBHPz3Gq1a0BC6eyRY15cI\/mZVxbloViQSXFC4UBj4RGT78aRPHfPQjw5CY7MBeKWCFbeY4YkLTHJVQM8HR1MTtkwLVA1wP2OEt1F0j0dP2+sfmsN2+xjRfk\/\/2Q==\" class=\"attachment-woocommerce_thumbnail size-woocommerce_thumbnail wd-lazy-load woodmart-lazy-load wd-lazy-fade\" alt=\"Verpackungsmaschine T1000m Industriemaschine Bagmatic\" decoding=\"async\" loading=\"lazy\" srcset=\"\" sizes=\"(max-width: 400px) 100vw, 400px\" data-wood-src=\"https:\/\/www.bagmatic.com\/wp-content\/uploads\/verpackungsmaschine-t1000m-industriemaschine-bagmatic-400x400.jpg\" data-srcset=\"https:\/\/www.bagmatic.com\/wp-content\/uploads\/verpackungsmaschine-t1000m-industriemaschine-bagmatic-400x400.jpg 400w, https:\/\/www.bagmatic.com\/wp-content\/uploads\/verpackungsmaschine-t1000m-industriemaschine-bagmatic-800x800.jpg 800w, https:\/\/www.bagmatic.com\/wp-content\/uploads\/verpackungsmaschine-t1000m-industriemaschine-bagmatic-100x100.jpg 100w\" \/>\t\t\t<\/a>\n\t\t<\/div>\n\t\t<div class=\"hover-mask\">\n\t\t\t<h3 class=\"wd-entities-title category-title\">\n\t\t\t\tIndustriemaschinen\t\t\t<\/h3>\n\n\t\t\t\n\t\t\t\t\t<\/div>\n\n\t\t\t\t<a href=\"https:\/\/www.bagmatic.com\/de\/produkt-kategorie\/verpackungsmaschinen\/industriemaschinen\/\" class=\"category-link wd-fill\" aria-label=\"Product category industriemaschinen\"><\/a>\n\t\t\t<\/div>\n<\/div>\n\n<div class=\" col-lg-3 col-md-3 col-6 category-grid-item cat-design-default categories-with-shadow without-product-count product-category product\" data-loop=\"2\">\n\t<div class=\"wrapp-category\">\n\t\t<div class=\"category-image-wrapp\">\n\t\t\t<a href=\"https:\/\/www.bagmatic.com\/de\/produkt-kategorie\/verpackungsmaschinen\/tischmaschinen\/\" class=\"category-image\">\n\t\t\t\t\n\t\t\t\t<img width=\"400\" height=\"400\" src=\"data:image\/jpg;base64,\/9j\/4AAQSkZJRgABAQAAAQABAAD\/2wBDAAYEBAUEBAYFBQUGBgYHCQ4JCQgICRINDQoOFRIWFhUSFBQXGiEcFxgfGRQUHScdHyIjJSUlFhwpLCgkKyEkJST\/2wBDAQYGBgkICREJCREkGBQYJCQkJCQkJCQkJCQkJCQkJCQkJCQkJCQkJCQkJCQkJCQkJCQkJCQkJCQkJCQkJCQkJCT\/wAARCAAKAAoDAREAAhEBAxEB\/8QAFwAAAwEAAAAAAAAAAAAAAAAABAUGB\/\/EACAQAAIBBAIDAQAAAAAAAAAAAAECAwAEBREGIRJRccL\/xAAXAQADAQAAAAAAAAAAAAAAAAADBAUC\/8QAIBEAAQMEAgMAAAAAAAAAAAAAAQACIQMREhMEFDGR4f\/aAAwDAQACEQMRAD8A1iTknJVzZWO+JtWbxCBFYgk9HWt6+VZbQo67kSoh5FfZBhU8T8yaJGabGAlQTuIj9UsepeAffxODtW8hEXdpbpl4isESns7CD1QmOOBlbe1uYhNwBodUBML\/2Q==\" class=\"attachment-woocommerce_thumbnail size-woocommerce_thumbnail wd-lazy-load woodmart-lazy-load wd-lazy-fade\" alt=\"Verpackungsmaschine Tischmaschine T300 Verschweisser Vollautomatic Bagmatic\" decoding=\"async\" loading=\"lazy\" srcset=\"\" sizes=\"(max-width: 400px) 100vw, 400px\" data-wood-src=\"https:\/\/www.bagmatic.com\/wp-content\/uploads\/verpackungsmaschine-tischmaschine-t300-verschweisser-vollautomatic-bagmatic-400x400.jpg\" data-srcset=\"https:\/\/www.bagmatic.com\/wp-content\/uploads\/verpackungsmaschine-tischmaschine-t300-verschweisser-vollautomatic-bagmatic-400x400.jpg 400w, https:\/\/www.bagmatic.com\/wp-content\/uploads\/verpackungsmaschine-tischmaschine-t300-verschweisser-vollautomatic-bagmatic-800x800.jpg 800w, https:\/\/www.bagmatic.com\/wp-content\/uploads\/verpackungsmaschine-tischmaschine-t300-verschweisser-vollautomatic-bagmatic-100x100.jpg 100w\" \/>\t\t\t<\/a>\n\t\t<\/div>\n\t\t<div class=\"hover-mask\">\n\t\t\t<h3 class=\"wd-entities-title category-title\">\n\t\t\t\tTischmaschinen\t\t\t<\/h3>\n\n\t\t\t\n\t\t\t\t\t<\/div>\n\n\t\t\t\t<a href=\"https:\/\/www.bagmatic.com\/de\/produkt-kategorie\/verpackungsmaschinen\/tischmaschinen\/\" class=\"category-link wd-fill\" aria-label=\"Product category tischmaschinen\"><\/a>\n\t\t\t<\/div>\n<\/div>\n\n<div class=\" col-lg-3 col-md-3 col-6 category-grid-item cat-design-default categories-with-shadow without-product-count product-category product\" data-loop=\"3\">\n\t<div class=\"wrapp-category\">\n\t\t<div class=\"category-image-wrapp\">\n\t\t\t<a href=\"https:\/\/www.bagmatic.com\/de\/produkt-kategorie\/eingabezubehoer\/\" class=\"category-image\">\n\t\t\t\t\n\t\t\t\t<img width=\"400\" height=\"400\" src=\"data:image\/jpg;base64,\/9j\/4AAQSkZJRgABAQAAAQABAAD\/2wBDAAYEBAUEBAYFBQUGBgYHCQ4JCQgICRINDQoOFRIWFhUSFBQXGiEcFxgfGRQUHScdHyIjJSUlFhwpLCgkKyEkJST\/2wBDAQYGBgkICREJCREkGBQYJCQkJCQkJCQkJCQkJCQkJCQkJCQkJCQkJCQkJCQkJCQkJCQkJCQkJCQkJCQkJCQkJCT\/wAARCAAKAAoDAREAAhEBAxEB\/8QAFgABAQEAAAAAAAAAAAAAAAAABwME\/8QAIRAAAgEDBAMBAAAAAAAAAAAAAQIDBBESAAUGIRMUQTH\/xAAWAQEBAQAAAAAAAAAAAAAAAAAFAgP\/xAAdEQABAwUBAAAAAAAAAAAAAAABAAIRAwQSITFh\/9oADAMBAAIRAxEAPwBO5LySqpuQVm3RbhLGsNUTIXkdVCFVONweh2e7WGnbeg11MPI6PEFcXJbULAeH1KsEUfgjwZmXEWbMm4t+3v3oRxM7TbQI0pLSU43Gaf14vLJEFd8Bk4B6BP0arI4gSpwbmTG1rAAAAFgPms1ov\/\/Z\" class=\"attachment-woocommerce_thumbnail size-woocommerce_thumbnail wd-lazy-load woodmart-lazy-load wd-lazy-fade\" alt=\"Ultrawaage Verpackungsmaschinen Eingabe Teilzaehler Us5000 Bagmatic\" decoding=\"async\" loading=\"lazy\" srcset=\"\" sizes=\"(max-width: 400px) 100vw, 400px\" data-wood-src=\"https:\/\/www.bagmatic.com\/wp-content\/uploads\/ultrawaage-verpackungsmaschinen-eingabe-teilzaehler-us5000-bagmatic-400x400.jpg\" data-srcset=\"https:\/\/www.bagmatic.com\/wp-content\/uploads\/ultrawaage-verpackungsmaschinen-eingabe-teilzaehler-us5000-bagmatic-400x400.jpg 400w, https:\/\/www.bagmatic.com\/wp-content\/uploads\/ultrawaage-verpackungsmaschinen-eingabe-teilzaehler-us5000-bagmatic-800x800.jpg 800w, https:\/\/www.bagmatic.com\/wp-content\/uploads\/ultrawaage-verpackungsmaschinen-eingabe-teilzaehler-us5000-bagmatic-100x100.jpg 100w\" \/>\t\t\t<\/a>\n\t\t<\/div>\n\t\t<div class=\"hover-mask\">\n\t\t\t<h3 class=\"wd-entities-title category-title\">\n\t\t\t\tEingabezubeh\u00f6r\t\t\t<\/h3>\n\n\t\t\t\n\t\t\t\t\t<\/div>\n\n\t\t\t\t<a href=\"https:\/\/www.bagmatic.com\/de\/produkt-kategorie\/eingabezubehoer\/\" class=\"category-link wd-fill\" aria-label=\"Product category eingabezubehoer\"><\/a>\n\t\t\t<\/div>\n<\/div>\n\n<div class=\" col-lg-3 col-md-3 col-6 last  category-grid-item cat-design-default categories-with-shadow without-product-count product-category product last\" data-loop=\"4\">\n\t<div class=\"wrapp-category\">\n\t\t<div class=\"category-image-wrapp\">\n\t\t\t<a href=\"https:\/\/www.bagmatic.com\/de\/produkt-kategorie\/verpackungsmaschinen\/drucker\/\" class=\"category-image\">\n\t\t\t\t\n\t\t\t\t<img width=\"400\" height=\"400\" src=\"data:image\/jpg;base64,\/9j\/4AAQSkZJRgABAQAAAQABAAD\/2wBDAAYEBAUEBAYFBQUGBgYHCQ4JCQgICRINDQoOFRIWFhUSFBQXGiEcFxgfGRQUHScdHyIjJSUlFhwpLCgkKyEkJST\/2wBDAQYGBgkICREJCREkGBQYJCQkJCQkJCQkJCQkJCQkJCQkJCQkJCQkJCQkJCQkJCQkJCQkJCQkJCQkJCQkJCQkJCT\/wAARCAAKAAoDAREAAhEBAxEB\/8QAFQABAQAAAAAAAAAAAAAAAAAABgf\/xAAnEAACAQIFAQkAAAAAAAAAAAABAgMABAUGESIxQQcSEyQyQ3HR8P\/EABUBAQEAAAAAAAAAAAAAAAAAAAUG\/8QAHxEAAgECBwAAAAAAAAAAAAAAAQIAAxEEBRIxM0HB\/9oADAMBAAIRAxEAPwCl9qcs9\/hjYfCz63Td4ltANpHP7pT+XAK2o9SfzQsyaB3AsFrBFBGjLOSqgHS4YDj4pIsSb+QtQALexjnLfm3C4m3Rkrqh4O89KPwvCxiWM51Ep8OF2HhJ5K29I9pfqhjUe+5jQppbYT\/\/2Q==\" class=\"attachment-woocommerce_thumbnail size-woocommerce_thumbnail wd-lazy-load woodmart-lazy-load wd-lazy-fade\" alt=\"Verpackungsmaschinen Ti1000 Drucker Verpackungsdrucker Bagmatic\" decoding=\"async\" loading=\"lazy\" srcset=\"\" sizes=\"(max-width: 400px) 100vw, 400px\" data-wood-src=\"https:\/\/www.bagmatic.com\/wp-content\/uploads\/verpackungsmaschinen-ti1000-drucker-verpackungsdrucker-bagmatic-400x400.jpg\" data-srcset=\"https:\/\/www.bagmatic.com\/wp-content\/uploads\/verpackungsmaschinen-ti1000-drucker-verpackungsdrucker-bagmatic-400x400.jpg 400w, https:\/\/www.bagmatic.com\/wp-content\/uploads\/verpackungsmaschinen-ti1000-drucker-verpackungsdrucker-bagmatic-800x800.jpg 800w, https:\/\/www.bagmatic.com\/wp-content\/uploads\/verpackungsmaschinen-ti1000-drucker-verpackungsdrucker-bagmatic-100x100.jpg 100w\" \/>\t\t\t<\/a>\n\t\t<\/div>\n\t\t<div class=\"hover-mask\">\n\t\t\t<h3 class=\"wd-entities-title category-title\">\n\t\t\t\tDrucker\t\t\t<\/h3>\n\n\t\t\t\n\t\t\t\t\t<\/div>\n\n\t\t\t\t<a href=\"https:\/\/www.bagmatic.com\/de\/produkt-kategorie\/verpackungsmaschinen\/drucker\/\" class=\"category-link wd-fill\" aria-label=\"Product category drucker\"><\/a>\n\t\t\t<\/div>\n<\/div>\n\t\t\t\t\t<\/div>\n\t\t\t\t<\/div>\n\t\t\t\t[\/vc_column][\/vc_row][vc_row gap=&#8220;35&#8243; mobile_bg_img_hidden=&#8220;no&#8220; tablet_bg_img_hidden=&#8220;no&#8220; woodmart_parallax=&#8220;0&#8243; woodmart_gradient_switch=&#8220;no&#8220; row_reverse_mobile=&#8220;0&#8243; row_reverse_tablet=&#8220;0&#8243; woodmart_disable_overflow=&#8220;0&#8243;][vc_column width=&#8220;1\/2&#8243;][vc_column_text text_larger=&#8220;no&#8220; woodmart_inline=&#8220;no&#8220;]<\/p>\n<h2>Flexibler Spiralf\u00f6rderer \u2013 die Spiralf\u00f6rmige F\u00f6rdertechniken f\u00fcr gesteigerte Effizienz<\/h2>\n<p>Sie ben\u00f6tigen einen Schwerkraft-Spiralf\u00f6rderer f\u00fcr Ihren Betrieb? Bagmatic stattet Sie gerne mit leistungsstarker Technik aus. Spiralrollenf\u00f6rderer k\u00f6nnen in verschiedensten Bereichen eingesetzt werden und sind in unterschiedlichen Ausf\u00fchrungen erh\u00e4ltlich. Die Funktionalit\u00e4t der L\u00f6sung f\u00fcr Spiralaufz\u00fcge l\u00e4sst sich leicht erkl\u00e4ren. Ein Spiralf\u00f6rderer kann in der Industrie verwendet werden, um Produkte vertikal zu f\u00f6rdern. Demnach l\u00e4sst sich ein vertikaler Spiralf\u00f6rderer sowohl zur Bef\u00f6rderung aufw\u00e4rts als auch abw\u00e4rts zum Einsatz bringen. Durch die Implementierung unserer F\u00f6rdertechnik, l\u00e4sst sich die Produktionslinie hoch anheben. Bagmatic unterst\u00fctzt Sie dabei als Partner, Ihre Prozesse zu optimieren und Platz in Ihrem Produktionsbereich zu schaffen. Insbesondere f\u00fcr die effiziente Gestaltung von Prozessen k\u00f6nnen technische L\u00f6sungen wie unser Spiralf\u00f6rderer ein gro\u00dfer Hebel sein. Die modular entwickelte Maschine bietet hochwertige Technologie und kann als wichtige Komponente den Erfolg Ihres Unternehmens f\u00f6rdern. Machen Sie Gebrauch von den vielseitigen Vorteilen unserer vertikaler F\u00f6rderer, indem Sie sich zum Produkt beraten lassen oder es direkt anschaffen. Steigern Sie Ihre Effizienz und versehen Sie Ihren Produktionsbereich mit leistungsstarker und zuverl\u00e4ssiger F\u00f6rdertechnik von Bagmatic.<\/p>\n<h2>F\u00f6rdergut mit Hilfe vibrierender Spiralf\u00f6rderer schnell und effizient vertikal bef\u00f6rdern<\/h2>\n<p>Um den vertikalen Transport von Einzelst\u00fcckg\u00fctern zu erm\u00f6glichen, basiert der Aufbau von einem Schwerkraft-Spiralf\u00f6rderer auf einer spiralf\u00f6rmige Helix Bauweise. Aufgrund der vertikalen Ausrichtung der Spiral-Konstruktion ist die Maschine kompakt. Aus diesem Grund ben\u00f6tigt ein vibrierender Spiralf\u00f6rderer nur eine geringe Stellfl\u00e4che und kann zur optimalen Nutzung des Produktionsbereichs dienen. Wir bei Bagmatic wollen mit unseren Produkten dazu beitragen, dass Sie als Kunde eine ideale L\u00f6sung f\u00fcr Ihre Bed\u00fcrfnisse erhalten. Ein flexibler Spiralf\u00f6rderer l\u00e4sst sich Ihren individuellen Anforderungen ma\u00dfgeschneidert anpassen und ist demnach genau das richtige f\u00fcr Ihren Betrieb. Zum Beispiel kann die F\u00f6rderh\u00f6he auf den gegebenen Raum angepasst werden. Mit einem Spiralf\u00f6rderer k\u00f6nnen Sie sicherstellen, dass ein kontinuierlicher Produktfluss beibehalten wird. Au\u00dferdem besteht aufgrund der kompakten Bauweise die M\u00f6glichkeit, den Spiralrollenf\u00f6rderer flexibel an der ben\u00f6tigten Stelle in der Produktionskette anzubringen, um den maximalen Durchsatz und Nutzen des Spiralf\u00f6rderers innerhalb Ihrer Prozesse zu erh\u00f6hen. Die unterschiedlichen Arten von F\u00f6rderern reichen vom Standard-Modell bis hin zu Spezialanfertigungen und sind wahlweise aus Edelstahl oder Kunststoff erh\u00e4ltlich.[\/vc_column_text][\/vc_column][vc_column width=&#8220;1\/2&#8243;][vc_column_text text_larger=&#8220;no&#8220; woodmart_inline=&#8220;no&#8220;]<\/p>\n<h2>Flexibler Spiralf\u00f6rderer bietet verschiedene M\u00f6glichkeiten zur Verbesserung von Transportstrecken<\/h2>\n<p>Der Einsatz eines Spiralf\u00f6rderers bringt viele Vorteile mit sich, die das Produkt zu einer lohnenswerten Anschaffung machen. Bei dem Transport von verpackten Einzelst\u00fcckg\u00fctern gilt es in erster Linie eine zuverl\u00e4ssige und automatisierte L\u00f6sung zu finden. Zu bedenken sind dabei Faktoren wie Platz im Produktionsbereich sowie ankn\u00fcpfende Prozessschritte. Ein vertikaler Spiralf\u00f6rderer dient dazu, den verf\u00fcgbaren Platz effizient nutzen zu k\u00f6nnen. Durch die F\u00f6rderung auf der vertikalen Achse wird ein H\u00f6henunterschied geschaffen, der f\u00fcr den optimierten Nutzen des Raums bedeutend ist. Au\u00dferdem kann das Anheben der Produktionslinie weitere Vorteile bringen. Der vertikal gerichtete Transportweg schafft eine Pufferzone, die zum Linienausgleich genutzt werden kann. Somit bietet ein Spiralschneckenf\u00f6rderer einzigartige M\u00f6glichkeiten zur Optimierung des Produktionsbereichs. Die breite Auswahl an Optionen gew\u00e4hrleistet, dass f\u00fcr jede Branche die passende L\u00f6sung gefunden werden kann. Au\u00dferdem erweist sich die F\u00f6rderl\u00f6sung als kompakt und kosteng\u00fcnstig, sodass Sie in verschiedensten Bereichen zur Anwendung gebracht werden kann. Profitieren auch Sie von den unz\u00e4hligen Vorteilen der Spiralf\u00f6rderer von Bagmatic.<\/p>\n<h3>Vibrierende Spiralf\u00f6rderer von Bagmatic dienen als kosteng\u00fcnstige Alternative zur Verbesserung von Prozessen im Produktionsbereich<\/h3>\n<p>Bagmatic ist ein zuverl\u00e4ssiger und seri\u00f6ser Hersteller von Spiralf\u00f6rderern. Jahrelange Erfahrungen pr\u00e4gen unsere Expertise, sodass wir in der Lage sind hochwertige und zuverl\u00e4ssige F\u00f6rderl\u00f6sungen zu fertigen. Im Rahmen unserer Serviceleistungen bieten wir professionelle Beratung, rund um das Thema Spiralf\u00f6rderer. Beim Transportieren von F\u00f6rdergut muss man sich auf fehlerfreie und reibungslos verlaufende Prozesse verlassen k\u00f6nnen. Ist dies nicht gegeben, kann es im Laufe der Produktionsstrecke zu Wartezeiten oder Ausf\u00e4llen kommen, was sich wiederum negativ auf die Effizienz auswirkt. Unsere Produkte \u00fcberzeugen mit Ihrer Zuverl\u00e4ssigkeit und \u00fcberragender Qualit\u00e4t. Dies hat zur Folge, dass der vibrierende Spiralf\u00f6rderer reibungslos zum Einsatz gebracht werden kann.<\/p>\n<p>Besonders in kommunalen Kl\u00e4ranlagen hat sich unsere Maschine bei der Bef\u00f6rderung von Rechengut und Abfall bew\u00e4hrt. Die geschlossene Ausf\u00fchrung verhindert, dass Material austritt und reduziert gleichzeitig die Gefahr zu verstopfen auf ein Minimum. Auch die einfache Reinigung und Handhabung tr\u00e4gt dazu bei, dass s\u00e4mtliche Abl\u00e4ufe mit geringem Aufwand durchgef\u00fchrt und am Laufen gehalten werden k\u00f6nnen. Die Gesamtl\u00e4nge der Anlage kann individuell angepasst werden, um f\u00f6rdernde Funktionen einschlie\u00dflich der integrierten Merkmale optimal zu nutzen. Au\u00dferdem erleidet die f\u00fcr die Kl\u00e4ranlage entwickelte Anlage aufgrund der qualitativen Herstellung keinen Verschlei\u00df und kann somit lange Zeit dienen. Investieren Sie in Spiralf\u00f6rderer.[\/vc_column_text][\/vc_column][\/vc_row]<\/p>\n<\/section>","protected":false},"excerpt":{"rendered":"<p>[vc_row gap=&#8220;35&#8243; mobile_bg_img_hidden=&#8220;no&#8220; tablet_bg_img_hidden=&#8220;no&#8220; woodmart_parallax=&#8220;0&#8243; woodmart_gradient_switch=&#8220;no&#8220; row_reverse_mobile=&#8220;0&#8243; row_reverse_tablet=&#8220;0&#8243; woodmart_disable_overflow=&#8220;0&#8243;][vc_column width=&#8220;1\/2&#8243;][vc_single_image image=&#8220;135&#8243; img_size=&#8220;large&#8220; parallax_scroll=&#8220;no&#8220;][\/vc_column][vc_column width=&#8220;1\/2&#8243;][vc_column_text text_larger=&#8220;no&#8220;] Spiralf\u00f6rderer von Bagmatic &#8211; die<\/p>\n","protected":false},"author":1,"featured_media":0,"parent":0,"menu_order":0,"comment_status":"closed","ping_status":"closed","template":"","meta":[],"yoast_head":"<!-- This site is optimized with the Yoast SEO plugin v20.1 - https:\/\/yoast.com\/wordpress\/plugins\/seo\/ -->\n<title>Spiralf\u00f6rderer &amp; Spiralschneckenf\u00f6rderer | Hersteller Bagmatic<\/title>\n<meta name=\"description\" content=\"BagMatic ist Hersteller von Spiralf\u00f6rderern &amp; vibrierende, vertikale &amp; flexible Spiralf\u00f6rderer. Jetzt unverbindlich anfragen und beraten lassen!\" \/>\n<meta name=\"robots\" content=\"index, follow, max-snippet:-1, max-image-preview:large, max-video-preview:-1\" \/>\n<link rel=\"canonical\" href=\"https:\/\/www.bagmatic.com\/de\/spiralfoerderer\/\" \/>\n<meta property=\"og:locale\" content=\"de_DE\" \/>\n<meta property=\"og:type\" content=\"article\" \/>\n<meta property=\"og:title\" content=\"Spiralf\u00f6rderer &amp; Spiralschneckenf\u00f6rderer | Hersteller Bagmatic\" \/>\n<meta property=\"og:description\" content=\"BagMatic ist Hersteller von Spiralf\u00f6rderern &amp; vibrierende, vertikale &amp; flexible Spiralf\u00f6rderer. Jetzt unverbindlich anfragen und beraten lassen!\" \/>\n<meta property=\"og:url\" content=\"https:\/\/www.bagmatic.com\/de\/spiralfoerderer\/\" \/>\n<meta property=\"og:site_name\" content=\"BagMatic\" \/>\n<meta property=\"article:modified_time\" content=\"2025-04-28T07:04:34+00:00\" \/>\n<meta name=\"twitter:card\" content=\"summary_large_image\" \/>\n<meta name=\"twitter:label1\" content=\"Gesch\u00e4tzte Lesezeit\" \/>\n\t<meta name=\"twitter:data1\" content=\"6\u00a0Minuten\" \/>\n<script type=\"application\/ld+json\" class=\"yoast-schema-graph\">{\"@context\":\"https:\/\/schema.org\",\"@graph\":[{\"@type\":\"WebPage\",\"@id\":\"https:\/\/www.bagmatic.com\/de\/spiralfoerderer\/\",\"url\":\"https:\/\/www.bagmatic.com\/de\/spiralfoerderer\/\",\"name\":\"Spiralf\u00f6rderer & Spiralschneckenf\u00f6rderer | Hersteller Bagmatic\",\"isPartOf\":{\"@id\":\"https:\/\/www.bagmatic.com\/de\/#website\"},\"datePublished\":\"2023-01-25T11:20:35+00:00\",\"dateModified\":\"2025-04-28T07:04:34+00:00\",\"description\":\"BagMatic ist Hersteller von Spiralf\u00f6rderern & vibrierende, vertikale & flexible Spiralf\u00f6rderer. Jetzt unverbindlich anfragen und beraten lassen!\",\"breadcrumb\":{\"@id\":\"https:\/\/www.bagmatic.com\/de\/spiralfoerderer\/#breadcrumb\"},\"inLanguage\":\"de\",\"potentialAction\":[{\"@type\":\"ReadAction\",\"target\":[\"https:\/\/www.bagmatic.com\/de\/spiralfoerderer\/\"]}]},{\"@type\":\"BreadcrumbList\",\"@id\":\"https:\/\/www.bagmatic.com\/de\/spiralfoerderer\/#breadcrumb\",\"itemListElement\":[{\"@type\":\"ListItem\",\"position\":1,\"name\":\"Start\",\"item\":\"https:\/\/www.bagmatic.com\/de\/\"},{\"@type\":\"ListItem\",\"position\":2,\"name\":\"Spiralf\u00f6rderer\"}]},{\"@type\":\"WebSite\",\"@id\":\"https:\/\/www.bagmatic.com\/de\/#website\",\"url\":\"https:\/\/www.bagmatic.com\/de\/\",\"name\":\"BagMatic\",\"description\":\"\",\"publisher\":{\"@id\":\"https:\/\/www.bagmatic.com\/de\/#organization\"},\"potentialAction\":[{\"@type\":\"SearchAction\",\"target\":{\"@type\":\"EntryPoint\",\"urlTemplate\":\"https:\/\/www.bagmatic.com\/de\/?s={search_term_string}\"},\"query-input\":\"required name=search_term_string\"}],\"inLanguage\":\"de\"},{\"@type\":\"Organization\",\"@id\":\"https:\/\/www.bagmatic.com\/de\/#organization\",\"name\":\"BAGMATIC\u00ae GmbH\",\"url\":\"https:\/\/www.bagmatic.com\/de\/\",\"logo\":{\"@type\":\"ImageObject\",\"inLanguage\":\"de\",\"@id\":\"https:\/\/www.bagmatic.com\/de\/#\/schema\/logo\/image\/\",\"url\":\"https:\/\/www.bagmatic.com\/wp-content\/uploads\/bagmatic-logo.png\",\"contentUrl\":\"https:\/\/www.bagmatic.com\/wp-content\/uploads\/bagmatic-logo.png\",\"width\":500,\"height\":114,\"caption\":\"BAGMATIC\u00ae GmbH\"},\"image\":{\"@id\":\"https:\/\/www.bagmatic.com\/de\/#\/schema\/logo\/image\/\"}}]}<\/script>\n<!-- \/ Yoast SEO plugin. -->","yoast_head_json":{"title":"Spiralf\u00f6rderer & Spiralschneckenf\u00f6rderer | Hersteller Bagmatic","description":"BagMatic ist Hersteller von Spiralf\u00f6rderern & vibrierende, vertikale & flexible Spiralf\u00f6rderer. Jetzt unverbindlich anfragen und beraten lassen!","robots":{"index":"index","follow":"follow","max-snippet":"max-snippet:-1","max-image-preview":"max-image-preview:large","max-video-preview":"max-video-preview:-1"},"canonical":"https:\/\/www.bagmatic.com\/de\/spiralfoerderer\/","og_locale":"de_DE","og_type":"article","og_title":"Spiralf\u00f6rderer & Spiralschneckenf\u00f6rderer | Hersteller Bagmatic","og_description":"BagMatic ist Hersteller von Spiralf\u00f6rderern & vibrierende, vertikale & flexible Spiralf\u00f6rderer. Jetzt unverbindlich anfragen und beraten lassen!","og_url":"https:\/\/www.bagmatic.com\/de\/spiralfoerderer\/","og_site_name":"BagMatic","article_modified_time":"2025-04-28T07:04:34+00:00","twitter_card":"summary_large_image","twitter_misc":{"Gesch\u00e4tzte Lesezeit":"6\u00a0Minuten"},"schema":{"@context":"https:\/\/schema.org","@graph":[{"@type":"WebPage","@id":"https:\/\/www.bagmatic.com\/de\/spiralfoerderer\/","url":"https:\/\/www.bagmatic.com\/de\/spiralfoerderer\/","name":"Spiralf\u00f6rderer & Spiralschneckenf\u00f6rderer | Hersteller Bagmatic","isPartOf":{"@id":"https:\/\/www.bagmatic.com\/de\/#website"},"datePublished":"2023-01-25T11:20:35+00:00","dateModified":"2025-04-28T07:04:34+00:00","description":"BagMatic ist Hersteller von Spiralf\u00f6rderern & vibrierende, vertikale & flexible Spiralf\u00f6rderer. Jetzt unverbindlich anfragen und beraten lassen!","breadcrumb":{"@id":"https:\/\/www.bagmatic.com\/de\/spiralfoerderer\/#breadcrumb"},"inLanguage":"de","potentialAction":[{"@type":"ReadAction","target":["https:\/\/www.bagmatic.com\/de\/spiralfoerderer\/"]}]},{"@type":"BreadcrumbList","@id":"https:\/\/www.bagmatic.com\/de\/spiralfoerderer\/#breadcrumb","itemListElement":[{"@type":"ListItem","position":1,"name":"Start","item":"https:\/\/www.bagmatic.com\/de\/"},{"@type":"ListItem","position":2,"name":"Spiralf\u00f6rderer"}]},{"@type":"WebSite","@id":"https:\/\/www.bagmatic.com\/de\/#website","url":"https:\/\/www.bagmatic.com\/de\/","name":"BagMatic","description":"","publisher":{"@id":"https:\/\/www.bagmatic.com\/de\/#organization"},"potentialAction":[{"@type":"SearchAction","target":{"@type":"EntryPoint","urlTemplate":"https:\/\/www.bagmatic.com\/de\/?s={search_term_string}"},"query-input":"required name=search_term_string"}],"inLanguage":"de"},{"@type":"Organization","@id":"https:\/\/www.bagmatic.com\/de\/#organization","name":"BAGMATIC\u00ae GmbH","url":"https:\/\/www.bagmatic.com\/de\/","logo":{"@type":"ImageObject","inLanguage":"de","@id":"https:\/\/www.bagmatic.com\/de\/#\/schema\/logo\/image\/","url":"https:\/\/www.bagmatic.com\/wp-content\/uploads\/bagmatic-logo.png","contentUrl":"https:\/\/www.bagmatic.com\/wp-content\/uploads\/bagmatic-logo.png","width":500,"height":114,"caption":"BAGMATIC\u00ae GmbH"},"image":{"@id":"https:\/\/www.bagmatic.com\/de\/#\/schema\/logo\/image\/"}}]}},"_links":{"self":[{"href":"https:\/\/www.bagmatic.com\/de\/wp-json\/wp\/v2\/pages\/2240"}],"collection":[{"href":"https:\/\/www.bagmatic.com\/de\/wp-json\/wp\/v2\/pages"}],"about":[{"href":"https:\/\/www.bagmatic.com\/de\/wp-json\/wp\/v2\/types\/page"}],"author":[{"embeddable":true,"href":"https:\/\/www.bagmatic.com\/de\/wp-json\/wp\/v2\/users\/1"}],"replies":[{"embeddable":true,"href":"https:\/\/www.bagmatic.com\/de\/wp-json\/wp\/v2\/comments?post=2240"}],"version-history":[{"count":6,"href":"https:\/\/www.bagmatic.com\/de\/wp-json\/wp\/v2\/pages\/2240\/revisions"}],"predecessor-version":[{"id":2457,"href":"https:\/\/www.bagmatic.com\/de\/wp-json\/wp\/v2\/pages\/2240\/revisions\/2457"}],"wp:attachment":[{"href":"https:\/\/www.bagmatic.com\/de\/wp-json\/wp\/v2\/media?parent=2240"}],"curies":[{"name":"wp","href":"https:\/\/api.w.org\/{rel}","templated":true}]}}