{"id":24,"date":"2019-07-23T11:41:41","date_gmt":"2019-07-23T09:41:41","guid":{"rendered":"https:\/\/2019.bagmatic.com\/?page_id=24"},"modified":"2021-02-19T12:17:49","modified_gmt":"2021-02-19T11:17:49","slug":"service-dienstleistungen","status":"publish","type":"page","link":"https:\/\/www.bagmatic.com\/de\/service-dienstleistungen\/","title":{"rendered":"Service &#038; Dienstleistungen"},"content":{"rendered":"<section class=\"wpb-content-wrapper\"><p>[vc_row][vc_column width=&#8220;5\/6&#8243;][vc_column_text text_larger=&#8220;no&#8220;]<\/p>\n<h2>Wir bieten Ihnen eine Vielzahl von Dienstleistungen in Bezug auf unsere Verpackungsmaschinen an:<\/h2>\n<p>Sollten Fehler- oder St\u00f6rungsmeldungen auftreten, kontaktieren Sie unsere Serviceabteilung, die innerhalb von 48 Stunden reagiert, um Abhilfe zu schaffen.<\/p>\n<p>NEU: <a href=\"https:\/\/www.bagmatic.com\/de\/leasing-vermietung-kurzfristig-langfristig\/\" target=\"_blank\" rel=\"noopener noreferrer\">Leasing &amp; Vermietung (hier klicken)<\/a>[\/vc_column_text][\/vc_column][vc_column width=&#8220;1\/6&#8243;][\/vc_column][\/vc_row][vc_row gap=&#8220;30&#8243; equal_height=&#8220;yes&#8220; el_class=&#8220;borderboxes&#8220; mobile_bg_img_hidden=&#8220;no&#8220; tablet_bg_img_hidden=&#8220;no&#8220; woodmart_parallax=&#8220;0&#8243; woodmart_gradient_switch=&#8220;no&#8220; row_reverse_mobile=&#8220;0&#8243; row_reverse_tablet=&#8220;0&#8243; woodmart_disable_overflow=&#8220;0&#8243; css=&#8220;.vc_custom_1574343712694{padding-bottom: 30px !important;}&#8220;][vc_column width=&#8220;1\/3&#8243;][vc_single_image image=&#8220;387&#8243; img_size=&#8220;medium&#8220; alignment=&#8220;center&#8220; parallax_scroll=&#8220;no&#8220;][vc_column_text text_larger=&#8220;no&#8220; css=&#8220;.vc_custom_1576240443743{padding-top: 20px !important;}&#8220;]<\/p>\n<h3 style=\"text-align: left;\"><strong>Wartung \/ Reperatur<\/strong><\/h3>\n<p>Zuerst wird versucht, auftretende Probleme per Telefonat oder Email zu l\u00f6sen. Kann das Problem nicht extern behoben werden, schicken wir unser Team los, was in ganz Europa vor Ort Reparaturen und Ger\u00e4te-Wartungen durchf\u00fchrt. Die Mechaniker werden alle relevanten Ersatzteile und Software mitbringen. Wir bieten auch Bedienungstraining und Fortbildungskurse f\u00fcr unsere Kunden vor Ort und in Workshops bei uns an.[\/vc_column_text][\/vc_column][vc_column width=&#8220;1\/3&#8243;][vc_single_image image=&#8220;392&#8243; img_size=&#8220;medium&#8220; alignment=&#8220;center&#8220; parallax_scroll=&#8220;no&#8220;][vc_column_text text_larger=&#8220;no&#8220; css=&#8220;.vc_custom_1576240413882{padding-top: 20px !important;}&#8220;]<\/p>\n<h3><strong>Konzeption<\/strong><\/h3>\n<p>Wir bieten jedem Kunden Konzeptzeichnungen an, mit Programmen wie Solid Works. Dadurch erh\u00e4len Sie bereits Einblicke w\u00e4hrend der Design-Phase und wir k\u00f6nnen Missverst\u00e4ndnisse oder Unklarheiten von vornherein ausschlie\u00dfen.<\/p>\n<p>Diese Arbeitsweise gew\u00e4hrt maximale Zufriedenheit und beste Leistung f\u00fcr alle Parteien.[\/vc_column_text][\/vc_column][vc_column width=&#8220;1\/3&#8243;][vc_single_image image=&#8220;390&#8243; img_size=&#8220;medium&#8220; alignment=&#8220;center&#8220; parallax_scroll=&#8220;no&#8220;][vc_column_text text_larger=&#8220;no&#8220; css=&#8220;.vc_custom_1576240438803{padding-top: 20px !important;}&#8220;]<\/p>\n<h3><strong>Zusammenbau<\/strong><\/h3>\n<p>Bagmatic bietet Schnittstellen-L\u00f6sungen, sowohl bei Ihrem Equipment sowie bei unseren Systemen. Wir freuen uns \u00fcber Ihren Kontakt falls Sie eigene Roboter oder Systemerweiterungen einbauen m\u00f6chten.<\/p>\n<p>Wir haben ein spezielles Team f\u00fcr automatisierte Mechaniken welches Ihnen zur Verf\u00fcgung steht.[\/vc_column_text][\/vc_column][\/vc_row][vc_row full_width=&#8220;stretch_row&#8220; gap=&#8220;20&#8243; css=&#8220;.vc_custom_1572452456789{padding-top: 30px !important;padding-bottom: 30px !important;background-color: #0069b2 !important;}&#8220; mobile_bg_img_hidden=&#8220;no&#8220; tablet_bg_img_hidden=&#8220;no&#8220; woodmart_parallax=&#8220;0&#8243; woodmart_gradient_switch=&#8220;no&#8220; row_reverse_mobile=&#8220;0&#8243; row_reverse_tablet=&#8220;0&#8243; woodmart_disable_overflow=&#8220;0&#8243; el_class=&#8220;whitecolor&#8220;][vc_column width=&#8220;1\/6&#8243;][vc_icon icon_fontawesome=&#8220;fa fa-retweet&#8220; color=&#8220;white&#8220; size=&#8220;xl&#8220; align=&#8220;center&#8220;][vc_column_text text_larger=&#8220;no&#8220;]<\/p>\n<p style=\"text-align: center;\">Weniger Maschinenausfall. Nach Anschaffung m\u00fcssen die Maschinen auch f\u00fcr den Kunden verpacken.<\/p>\n<p>[\/vc_column_text][\/vc_column][vc_column width=&#8220;1\/6&#8243;][vc_icon icon_fontawesome=&#8220;fa fa-clock-o&#8220; color=&#8220;white&#8220; size=&#8220;xl&#8220; align=&#8220;center&#8220;][vc_column_text text_larger=&#8220;no&#8220;]<\/p>\n<p style=\"text-align: center;\">Feste Reaktionszeit \u00fcber E-Mail, Telefon, Skype und vor Ort.<\/p>\n<p>[\/vc_column_text][\/vc_column][vc_column width=&#8220;1\/6&#8243;][vc_icon icon_fontawesome=&#8220;fa fa-medkit&#8220; color=&#8220;white&#8220; size=&#8220;xl&#8220; align=&#8220;center&#8220;][vc_column_text text_larger=&#8220;no&#8220;]<\/p>\n<p style=\"text-align: center;\">Umfassendes Ersatzteillager bei allen Besuchen vor Ort oder zum Versand mit Kurier.<\/p>\n<p>[\/vc_column_text][\/vc_column][vc_column width=&#8220;1\/6&#8243;][vc_icon icon_fontawesome=&#8220;fa fa-eur&#8220; color=&#8220;white&#8220; size=&#8220;xl&#8220; align=&#8220;center&#8220;][vc_column_text text_larger=&#8220;no&#8220;]<\/p>\n<p style=\"text-align: center;\">Niedrige Wartungskosten, solange die Maschinen regelm\u00e4\u00dfig gewartet werden.<\/p>\n<p>[\/vc_column_text][\/vc_column][vc_column width=&#8220;1\/6&#8243;][vc_icon icon_fontawesome=&#8220;fa fa-wrench&#8220; color=&#8220;white&#8220; size=&#8220;xl&#8220; align=&#8220;center&#8220;][vc_column_text text_larger=&#8220;no&#8220;]<\/p>\n<p style=\"text-align: center;\">Reparaturwerkstatt bei uns oder Reparaturservice vor Ort, je nach Wunsch des Kunden.<\/p>\n<p>[\/vc_column_text][\/vc_column][vc_column width=&#8220;1\/6&#8243;][vc_icon icon_fontawesome=&#8220;fa fa-star&#8220; color=&#8220;white&#8220; size=&#8220;xl&#8220; align=&#8220;center&#8220;][vc_column_text text_larger=&#8220;no&#8220;]<\/p>\n<p style=\"text-align: center;\">Voll ausgebildete Feldingenieure mit qualifizierten F\u00e4higkeiten, die beim Follow-Up-Training an den Maschinen behilflich sind.<\/p>\n<p>[\/vc_column_text][\/vc_column][\/vc_row][vc_row gap=&#8220;35&#8243; mobile_bg_img_hidden=&#8220;no&#8220; tablet_bg_img_hidden=&#8220;no&#8220; woodmart_parallax=&#8220;0&#8243; woodmart_gradient_switch=&#8220;no&#8220; row_reverse_mobile=&#8220;0&#8243; row_reverse_tablet=&#8220;0&#8243; woodmart_disable_overflow=&#8220;0&#8243;][vc_column width=&#8220;1\/4&#8243;][\/vc_column][vc_column width=&#8220;1\/2&#8243;][vc_column_text text_larger=&#8220;no&#8220;]<strong>F\u00fcr ein komplettes Dienstleistungsprogramm, z.B. Wartung und Ersatzteile, stehen Ihnen unsere ausgebildeten Techniker zur Verf\u00fcgung.<\/strong>[\/vc_column_text]\n<div class=\"wpcf7 no-js\" id=\"wpcf7-f247-o1\" lang=\"de-DE\" dir=\"ltr\">\n<div class=\"screen-reader-response\"><p role=\"status\" aria-live=\"polite\" aria-atomic=\"true\"><\/p> <ul><\/ul><\/div>\n<form action=\"\/de\/wp-json\/wp\/v2\/pages\/24#wpcf7-f247-o1\" method=\"post\" class=\"wpcf7-form init\" aria-label=\"Kontaktformular\" novalidate=\"novalidate\" data-status=\"init\">\n<div style=\"display: none;\">\n<input type=\"hidden\" name=\"_wpcf7\" value=\"247\" \/>\n<input type=\"hidden\" name=\"_wpcf7_version\" value=\"5.7.3\" \/>\n<input type=\"hidden\" name=\"_wpcf7_locale\" value=\"de_DE\" \/>\n<input type=\"hidden\" name=\"_wpcf7_unit_tag\" value=\"wpcf7-f247-o1\" \/>\n<input type=\"hidden\" name=\"_wpcf7_container_post\" value=\"0\" \/>\n<input type=\"hidden\" name=\"_wpcf7_posted_data_hash\" value=\"\" \/>\n<\/div>\n<div class=\"row\">\n\t<div class=\"col-md-6\">\n\t\t<p><span class=\"wpcf7-form-control-wrap\" data-name=\"firma\"><input size=\"40\" class=\"wpcf7-form-control wpcf7-text\" aria-invalid=\"false\" placeholder=\"Firma\" value=\"\" type=\"text\" name=\"firma\" \/><\/span>\n\t\t<\/p>\n\t<\/div>\n\t<div class=\"col-md-6\">\n\t\t<p><span id=\"wpcf7-69e9da82620c4-wrapper\" class=\"wpcf7-form-control-wrap vorname-wrap\" style=\"display:none !important; visibility:hidden !important;\"><label for=\"wpcf7-69e9da82620c4-field\" class=\"hp-message\">Bitte lasse dieses Feld leer.<\/label><input id=\"wpcf7-69e9da82620c4-field\"  class=\"wpcf7-form-control wpcf7-text\" type=\"text\" name=\"vorname\" value=\"\" size=\"40\" tabindex=\"-1\" autocomplete=\"new-password\" \/><\/span><span class=\"wpcf7-form-control-wrap\" data-name=\"your-name\"><input size=\"40\" class=\"wpcf7-form-control wpcf7-text wpcf7-validates-as-required\" aria-required=\"true\" aria-invalid=\"false\" placeholder=\"Name*\" value=\"\" type=\"text\" name=\"your-name\" \/><\/span>\n\t\t<\/p>\n\t<\/div>\n<\/div>\n<div class=\"row\">\n\t<div class=\"col-md-6\">\n\t\t<p><span class=\"wpcf7-form-control-wrap\" data-name=\"your-email\"><input size=\"40\" class=\"wpcf7-form-control wpcf7-text wpcf7-email wpcf7-validates-as-required wpcf7-validates-as-email\" aria-required=\"true\" aria-invalid=\"false\" placeholder=\"Email*\" value=\"\" type=\"email\" name=\"your-email\" \/><\/span>\n\t\t<\/p>\n\t<\/div>\n\t<div class=\"col-md-6\">\n\t\t<p><span class=\"wpcf7-form-control-wrap\" data-name=\"telefon\"><input size=\"40\" class=\"wpcf7-form-control wpcf7-text wpcf7-tel wpcf7-validates-as-tel\" aria-invalid=\"false\" placeholder=\"Telefonnummer\" value=\"\" type=\"tel\" name=\"telefon\" \/><\/span>\n\t\t<\/p>\n\t<\/div>\n<\/div>\n<div class=\"row\">\n\t<div class=\"col-md-12\">\n\t\t<p><span class=\"wpcf7-form-control-wrap\" data-name=\"your-message\"><textarea cols=\"40\" rows=\"10\" class=\"wpcf7-form-control wpcf7-textarea wpcf7-validates-as-required\" aria-required=\"true\" aria-invalid=\"false\" placeholder=\"Wonach suchen Sie, was ben\u00f6tigen Sie?*\" name=\"your-message\"><\/textarea><\/span>\n\t\t<\/p>\n\t<\/div>\n<\/div>\n<p><input class=\"wpcf7-form-control has-spinner wpcf7-submit\" type=\"submit\" value=\"Anfrage absenden\" \/>\n<\/p>\n<div class=\"refdynhidden\">\n\t<p><span class=\"wpcf7-form-control-wrap seite\"><input name=\"seite\" class=\"wpcf7-form-control wpcf7dtx-dynamictext wpcf7-dynamichidden\" size=\"40\" aria-invalid=\"false\" type=\"hidden\" value=\"Service &amp; Dienstleistungen\" \/><\/span><br \/>\n<span class=\"wpcf7-form-control-wrap seitenurl\"><input name=\"seitenurl\" class=\"wpcf7-form-control wpcf7dtx-dynamictext wpcf7-dynamichidden\" size=\"40\" aria-invalid=\"false\" type=\"hidden\" value=\"Service &amp; Dienstleistungen\" \/><\/span><br \/>\n<span class=\"wpcf7-form-control-wrap referrer\"><input name=\"referrer\" class=\"wpcf7-form-control wpcf7dtx-dynamictext wpcf7-dynamictext\" size=\"40\" aria-invalid=\"false\" type=\"text\" value=\"\" \/><\/span>\n\t<\/p>\n<\/div><div class=\"wpcf7-response-output\" aria-hidden=\"true\"><\/div>\n<\/form>\n<\/div>\n[\/vc_column][vc_column width=&#8220;1\/4&#8243;][\/vc_column][\/vc_row]<\/p>\n<\/section>","protected":false},"excerpt":{"rendered":"<p>[vc_row][vc_column width=&#8220;5\/6&#8243;][vc_column_text text_larger=&#8220;no&#8220;] Wir bieten Ihnen eine Vielzahl von Dienstleistungen in Bezug auf unsere Verpackungsmaschinen an: Sollten Fehler- oder St\u00f6rungsmeldungen<\/p>\n","protected":false},"author":1,"featured_media":0,"parent":0,"menu_order":0,"comment_status":"closed","ping_status":"closed","template":"","meta":[],"yoast_head":"<!-- This site is optimized with the Yoast SEO plugin v20.1 - https:\/\/yoast.com\/wordpress\/plugins\/seo\/ -->\n<title>Service &amp; Dienstleistungen rund um Verpackungsmaschinen | BagMatic<\/title>\n<meta name=\"description\" content=\"Wir bieten Ihnen eine Vielzahl von Dienstleistungen in Bezug auf unsere Verpackungsmaschinen an. \u2705 Wartung \/ Reperatur \u2705 Konzeption \u2705 Zusammenbau\" \/>\n<meta name=\"robots\" content=\"index, follow, max-snippet:-1, max-image-preview:large, max-video-preview:-1\" \/>\n<link rel=\"canonical\" href=\"https:\/\/www.bagmatic.com\/de\/service-dienstleistungen\/\" \/>\n<meta property=\"og:locale\" content=\"de_DE\" \/>\n<meta property=\"og:type\" content=\"article\" \/>\n<meta property=\"og:title\" content=\"Service &amp; Dienstleistungen rund um Verpackungsmaschinen | BagMatic\" \/>\n<meta property=\"og:description\" content=\"Wir bieten Ihnen eine Vielzahl von Dienstleistungen in Bezug auf unsere Verpackungsmaschinen an. \u2705 Wartung \/ Reperatur \u2705 Konzeption \u2705 Zusammenbau\" \/>\n<meta property=\"og:url\" content=\"https:\/\/www.bagmatic.com\/de\/service-dienstleistungen\/\" \/>\n<meta property=\"og:site_name\" content=\"BagMatic\" \/>\n<meta property=\"article:modified_time\" content=\"2021-02-19T11:17:49+00:00\" \/>\n<meta name=\"twitter:card\" content=\"summary_large_image\" \/>\n<meta name=\"twitter:label1\" content=\"Gesch\u00e4tzte Lesezeit\" \/>\n\t<meta name=\"twitter:data1\" content=\"4\u00a0Minuten\" \/>\n<script type=\"application\/ld+json\" class=\"yoast-schema-graph\">{\"@context\":\"https:\/\/schema.org\",\"@graph\":[{\"@type\":\"WebPage\",\"@id\":\"https:\/\/www.bagmatic.com\/de\/service-dienstleistungen\/\",\"url\":\"https:\/\/www.bagmatic.com\/de\/service-dienstleistungen\/\",\"name\":\"Service & Dienstleistungen rund um Verpackungsmaschinen | BagMatic\",\"isPartOf\":{\"@id\":\"https:\/\/www.bagmatic.com\/de\/#website\"},\"datePublished\":\"2019-07-23T09:41:41+00:00\",\"dateModified\":\"2021-02-19T11:17:49+00:00\",\"description\":\"Wir bieten Ihnen eine Vielzahl von Dienstleistungen in Bezug auf unsere Verpackungsmaschinen an. \u2705 Wartung \/ Reperatur \u2705 Konzeption \u2705 Zusammenbau\",\"breadcrumb\":{\"@id\":\"https:\/\/www.bagmatic.com\/de\/service-dienstleistungen\/#breadcrumb\"},\"inLanguage\":\"de\",\"potentialAction\":[{\"@type\":\"ReadAction\",\"target\":[\"https:\/\/www.bagmatic.com\/de\/service-dienstleistungen\/\"]}]},{\"@type\":\"BreadcrumbList\",\"@id\":\"https:\/\/www.bagmatic.com\/de\/service-dienstleistungen\/#breadcrumb\",\"itemListElement\":[{\"@type\":\"ListItem\",\"position\":1,\"name\":\"Start\",\"item\":\"https:\/\/www.bagmatic.com\/de\/\"},{\"@type\":\"ListItem\",\"position\":2,\"name\":\"Service &#038; Dienstleistungen\"}]},{\"@type\":\"WebSite\",\"@id\":\"https:\/\/www.bagmatic.com\/de\/#website\",\"url\":\"https:\/\/www.bagmatic.com\/de\/\",\"name\":\"BagMatic\",\"description\":\"\",\"publisher\":{\"@id\":\"https:\/\/www.bagmatic.com\/de\/#organization\"},\"potentialAction\":[{\"@type\":\"SearchAction\",\"target\":{\"@type\":\"EntryPoint\",\"urlTemplate\":\"https:\/\/www.bagmatic.com\/de\/?s={search_term_string}\"},\"query-input\":\"required name=search_term_string\"}],\"inLanguage\":\"de\"},{\"@type\":\"Organization\",\"@id\":\"https:\/\/www.bagmatic.com\/de\/#organization\",\"name\":\"BAGMATIC\u00ae GmbH\",\"url\":\"https:\/\/www.bagmatic.com\/de\/\",\"logo\":{\"@type\":\"ImageObject\",\"inLanguage\":\"de\",\"@id\":\"https:\/\/www.bagmatic.com\/de\/#\/schema\/logo\/image\/\",\"url\":\"https:\/\/www.bagmatic.com\/wp-content\/uploads\/bagmatic-logo.png\",\"contentUrl\":\"https:\/\/www.bagmatic.com\/wp-content\/uploads\/bagmatic-logo.png\",\"width\":500,\"height\":114,\"caption\":\"BAGMATIC\u00ae GmbH\"},\"image\":{\"@id\":\"https:\/\/www.bagmatic.com\/de\/#\/schema\/logo\/image\/\"}}]}<\/script>\n<!-- \/ Yoast SEO plugin. -->","yoast_head_json":{"title":"Service & Dienstleistungen rund um Verpackungsmaschinen | BagMatic","description":"Wir bieten Ihnen eine Vielzahl von Dienstleistungen in Bezug auf unsere Verpackungsmaschinen an. \u2705 Wartung \/ Reperatur \u2705 Konzeption \u2705 Zusammenbau","robots":{"index":"index","follow":"follow","max-snippet":"max-snippet:-1","max-image-preview":"max-image-preview:large","max-video-preview":"max-video-preview:-1"},"canonical":"https:\/\/www.bagmatic.com\/de\/service-dienstleistungen\/","og_locale":"de_DE","og_type":"article","og_title":"Service & Dienstleistungen rund um Verpackungsmaschinen | BagMatic","og_description":"Wir bieten Ihnen eine Vielzahl von Dienstleistungen in Bezug auf unsere Verpackungsmaschinen an. \u2705 Wartung \/ Reperatur \u2705 Konzeption \u2705 Zusammenbau","og_url":"https:\/\/www.bagmatic.com\/de\/service-dienstleistungen\/","og_site_name":"BagMatic","article_modified_time":"2021-02-19T11:17:49+00:00","twitter_card":"summary_large_image","twitter_misc":{"Gesch\u00e4tzte Lesezeit":"4\u00a0Minuten"},"schema":{"@context":"https:\/\/schema.org","@graph":[{"@type":"WebPage","@id":"https:\/\/www.bagmatic.com\/de\/service-dienstleistungen\/","url":"https:\/\/www.bagmatic.com\/de\/service-dienstleistungen\/","name":"Service & Dienstleistungen rund um Verpackungsmaschinen | BagMatic","isPartOf":{"@id":"https:\/\/www.bagmatic.com\/de\/#website"},"datePublished":"2019-07-23T09:41:41+00:00","dateModified":"2021-02-19T11:17:49+00:00","description":"Wir bieten Ihnen eine Vielzahl von Dienstleistungen in Bezug auf unsere Verpackungsmaschinen an. \u2705 Wartung \/ Reperatur \u2705 Konzeption \u2705 Zusammenbau","breadcrumb":{"@id":"https:\/\/www.bagmatic.com\/de\/service-dienstleistungen\/#breadcrumb"},"inLanguage":"de","potentialAction":[{"@type":"ReadAction","target":["https:\/\/www.bagmatic.com\/de\/service-dienstleistungen\/"]}]},{"@type":"BreadcrumbList","@id":"https:\/\/www.bagmatic.com\/de\/service-dienstleistungen\/#breadcrumb","itemListElement":[{"@type":"ListItem","position":1,"name":"Start","item":"https:\/\/www.bagmatic.com\/de\/"},{"@type":"ListItem","position":2,"name":"Service &#038; Dienstleistungen"}]},{"@type":"WebSite","@id":"https:\/\/www.bagmatic.com\/de\/#website","url":"https:\/\/www.bagmatic.com\/de\/","name":"BagMatic","description":"","publisher":{"@id":"https:\/\/www.bagmatic.com\/de\/#organization"},"potentialAction":[{"@type":"SearchAction","target":{"@type":"EntryPoint","urlTemplate":"https:\/\/www.bagmatic.com\/de\/?s={search_term_string}"},"query-input":"required name=search_term_string"}],"inLanguage":"de"},{"@type":"Organization","@id":"https:\/\/www.bagmatic.com\/de\/#organization","name":"BAGMATIC\u00ae GmbH","url":"https:\/\/www.bagmatic.com\/de\/","logo":{"@type":"ImageObject","inLanguage":"de","@id":"https:\/\/www.bagmatic.com\/de\/#\/schema\/logo\/image\/","url":"https:\/\/www.bagmatic.com\/wp-content\/uploads\/bagmatic-logo.png","contentUrl":"https:\/\/www.bagmatic.com\/wp-content\/uploads\/bagmatic-logo.png","width":500,"height":114,"caption":"BAGMATIC\u00ae GmbH"},"image":{"@id":"https:\/\/www.bagmatic.com\/de\/#\/schema\/logo\/image\/"}}]}},"_links":{"self":[{"href":"https:\/\/www.bagmatic.com\/de\/wp-json\/wp\/v2\/pages\/24"}],"collection":[{"href":"https:\/\/www.bagmatic.com\/de\/wp-json\/wp\/v2\/pages"}],"about":[{"href":"https:\/\/www.bagmatic.com\/de\/wp-json\/wp\/v2\/types\/page"}],"author":[{"embeddable":true,"href":"https:\/\/www.bagmatic.com\/de\/wp-json\/wp\/v2\/users\/1"}],"replies":[{"embeddable":true,"href":"https:\/\/www.bagmatic.com\/de\/wp-json\/wp\/v2\/comments?post=24"}],"version-history":[{"count":11,"href":"https:\/\/www.bagmatic.com\/de\/wp-json\/wp\/v2\/pages\/24\/revisions"}],"predecessor-version":[{"id":1871,"href":"https:\/\/www.bagmatic.com\/de\/wp-json\/wp\/v2\/pages\/24\/revisions\/1871"}],"wp:attachment":[{"href":"https:\/\/www.bagmatic.com\/de\/wp-json\/wp\/v2\/media?parent=24"}],"curies":[{"name":"wp","href":"https:\/\/api.w.org\/{rel}","templated":true}]}}