{"id":2547,"date":"2026-03-04T03:41:25","date_gmt":"2026-03-04T02:41:25","guid":{"rendered":"https:\/\/www.bagmatic.com\/?page_id=2547"},"modified":"2026-03-04T03:41:25","modified_gmt":"2026-03-04T02:41:25","slug":"abpackmaschine","status":"publish","type":"page","link":"https:\/\/www.bagmatic.com\/de\/abpackmaschine\/","title":{"rendered":"Abpackmaschine"},"content":{"rendered":"<section class=\"wpb-content-wrapper\"><p>[vc_row gap=&#8220;35&#8243; mobile_bg_img_hidden=&#8220;no&#8220; tablet_bg_img_hidden=&#8220;no&#8220; woodmart_parallax=&#8220;0&#8243; woodmart_gradient_switch=&#8220;no&#8220; row_reverse_mobile=&#8220;0&#8243; row_reverse_tablet=&#8220;0&#8243; woodmart_disable_overflow=&#8220;0&#8243;][vc_column width=&#8220;1\/2&#8243;][vc_single_image image=&#8220;135&#8243; img_size=&#8220;large&#8220; parallax_scroll=&#8220;no&#8220;][\/vc_column][vc_column width=&#8220;1\/2&#8243;][vc_column_text text_larger=&#8220;no&#8220; woodmart_inline=&#8220;no&#8220;]<\/p>\n<h2>Abpackmaschinen f\u00fcr effiziente Verpackungsprozesse in Ihrer Produktion<\/h2>\n<p>Eine leistungsf\u00e4hige Abpackmaschine bildet das Fundament jeder automatisierten Verpackungslinie. Ob Kleinteile, Sch\u00fcttgut oder empfindliche Ware, mit der richtigen Technik reduzieren Sie manuelle Arbeitsschritte und steigern gleichzeitig Ihren Durchsatz. BagMatic bietet als Familienunternehmen in dritter Generation ein breites Sortiment an Abpackmaschinen, die mit vorgefertigten Kettenbeuteln auf Rollen arbeiten und sich flexibel in bestehende Produktionsumgebungen integrieren lassen.<\/p>\n<p>Mit Verpackungsgeschwindigkeiten von bis zu 100 Beuteln pro Minute eignen sich die <a href=\"https:\/\/www.bagmatic.com\/de\/verpackungsmaschinen\/industriemaschinen\/\">Industriemaschinen<\/a> von BagMatic f\u00fcr mittlere und hohe St\u00fcckzahlen. Durch den Einsatz vorgefertigter Beutel entf\u00e4llt die aufwendige Folienverarbeitung direkt an der Maschine. Das spart R\u00fcstzeiten und senkt die Fehlerquote im laufenden Betrieb. Gleichzeitig profitieren Sie von einem geringeren Materialverbrauch gegen\u00fcber klassischen Folienverpackungssystemen.[\/vc_column_text][\/vc_column][\/vc_row][vc_row css=&#8220;.vc_custom_1571211998246{padding-top: 20px !important;}&#8220; mobile_bg_img_hidden=&#8220;no&#8220; tablet_bg_img_hidden=&#8220;no&#8220; woodmart_parallax=&#8220;0&#8243; woodmart_gradient_switch=&#8220;no&#8220; row_reverse_mobile=&#8220;0&#8243; row_reverse_tablet=&#8220;0&#8243; woodmart_disable_overflow=&#8220;0&#8243;][vc_column]\t\t\t\t<div class=\"wd-categories-wrap wd-wpb\">\n\t\t\t\t\t<div class=\"products woocommerce row categories-style-default wd-spacing-30 columns-4\">\n\t\t\t\t\t\n<div class=\" col-lg-3 col-md-3 col-6 first  category-grid-item cat-design-default categories-with-shadow without-product-count product-category product first\" data-loop=\"1\">\n\t<div class=\"wrapp-category\">\n\t\t<div class=\"category-image-wrapp\">\n\t\t\t<a href=\"https:\/\/www.bagmatic.com\/de\/produkt-kategorie\/verpackungsmaschinen\/industriemaschinen\/\" class=\"category-image\">\n\t\t\t\t\n\t\t\t\t<img width=\"400\" height=\"400\" src=\"data:image\/jpg;base64,\/9j\/4AAQSkZJRgABAQAAAQABAAD\/2wBDAAYEBAUEBAYFBQUGBgYHCQ4JCQgICRINDQoOFRIWFhUSFBQXGiEcFxgfGRQUHScdHyIjJSUlFhwpLCgkKyEkJST\/2wBDAQYGBgkICREJCREkGBQYJCQkJCQkJCQkJCQkJCQkJCQkJCQkJCQkJCQkJCQkJCQkJCQkJCQkJCQkJCQkJCQkJCT\/wAARCAAKAAoDAREAAhEBAxEB\/8QAFwAAAwEAAAAAAAAAAAAAAAAAAwUGB\/\/EACUQAAIBAwMCBwAAAAAAAAAAAAECAwQFEQAGIRIxEyIkQVFT0f\/EABcBAAMBAAAAAAAAAAAAAAAAAAIEBQP\/xAAeEQACAgIDAQEAAAAAAAAAAAABAgADERIEITFRQf\/aAAwDAQACEQMRAD8A2G7VG7ZrvBbK16cwvL1o8aYXyjPBHPz3Gq1a0BC6eyRY15cI\/mZVxbloViQSXFC4UBj4RGT78aRPHfPQjw5CY7MBeKWCFbeY4YkLTHJVQM8HR1MTtkwLVA1wP2OEt1F0j0dP2+sfmsN2+xjRfk\/\/2Q==\" class=\"attachment-woocommerce_thumbnail size-woocommerce_thumbnail wd-lazy-load woodmart-lazy-load wd-lazy-fade\" alt=\"Verpackungsmaschine T1000m Industriemaschine Bagmatic\" decoding=\"async\" loading=\"lazy\" srcset=\"\" sizes=\"(max-width: 400px) 100vw, 400px\" data-wood-src=\"https:\/\/www.bagmatic.com\/wp-content\/uploads\/verpackungsmaschine-t1000m-industriemaschine-bagmatic-400x400.jpg\" data-srcset=\"https:\/\/www.bagmatic.com\/wp-content\/uploads\/verpackungsmaschine-t1000m-industriemaschine-bagmatic-400x400.jpg 400w, https:\/\/www.bagmatic.com\/wp-content\/uploads\/verpackungsmaschine-t1000m-industriemaschine-bagmatic-800x800.jpg 800w, https:\/\/www.bagmatic.com\/wp-content\/uploads\/verpackungsmaschine-t1000m-industriemaschine-bagmatic-100x100.jpg 100w\" \/>\t\t\t<\/a>\n\t\t<\/div>\n\t\t<div class=\"hover-mask\">\n\t\t\t<h3 class=\"wd-entities-title category-title\">\n\t\t\t\tIndustriemaschinen\t\t\t<\/h3>\n\n\t\t\t\n\t\t\t\t\t<\/div>\n\n\t\t\t\t<a href=\"https:\/\/www.bagmatic.com\/de\/produkt-kategorie\/verpackungsmaschinen\/industriemaschinen\/\" class=\"category-link wd-fill\" aria-label=\"Product category industriemaschinen\"><\/a>\n\t\t\t<\/div>\n<\/div>\n\n<div class=\" col-lg-3 col-md-3 col-6 category-grid-item cat-design-default categories-with-shadow without-product-count product-category product\" data-loop=\"2\">\n\t<div class=\"wrapp-category\">\n\t\t<div class=\"category-image-wrapp\">\n\t\t\t<a href=\"https:\/\/www.bagmatic.com\/de\/produkt-kategorie\/verpackungsmaschinen\/tischmaschinen\/\" class=\"category-image\">\n\t\t\t\t\n\t\t\t\t<img width=\"400\" height=\"400\" src=\"data:image\/jpg;base64,\/9j\/4AAQSkZJRgABAQAAAQABAAD\/2wBDAAYEBAUEBAYFBQUGBgYHCQ4JCQgICRINDQoOFRIWFhUSFBQXGiEcFxgfGRQUHScdHyIjJSUlFhwpLCgkKyEkJST\/2wBDAQYGBgkICREJCREkGBQYJCQkJCQkJCQkJCQkJCQkJCQkJCQkJCQkJCQkJCQkJCQkJCQkJCQkJCQkJCQkJCQkJCT\/wAARCAAKAAoDAREAAhEBAxEB\/8QAFwAAAwEAAAAAAAAAAAAAAAAABAUGB\/\/EACAQAAIBBAIDAQAAAAAAAAAAAAECAwAEBREGIRJRccL\/xAAXAQADAQAAAAAAAAAAAAAAAAADBAUC\/8QAIBEAAQMEAgMAAAAAAAAAAAAAAQACIQMREhMEFDGR4f\/aAAwDAQACEQMRAD8A1iTknJVzZWO+JtWbxCBFYgk9HWt6+VZbQo67kSoh5FfZBhU8T8yaJGabGAlQTuIj9UsepeAffxODtW8hEXdpbpl4isESns7CD1QmOOBlbe1uYhNwBodUBML\/2Q==\" class=\"attachment-woocommerce_thumbnail size-woocommerce_thumbnail wd-lazy-load woodmart-lazy-load wd-lazy-fade\" alt=\"Verpackungsmaschine Tischmaschine T300 Verschweisser Vollautomatic Bagmatic\" decoding=\"async\" loading=\"lazy\" srcset=\"\" sizes=\"(max-width: 400px) 100vw, 400px\" data-wood-src=\"https:\/\/www.bagmatic.com\/wp-content\/uploads\/verpackungsmaschine-tischmaschine-t300-verschweisser-vollautomatic-bagmatic-400x400.jpg\" data-srcset=\"https:\/\/www.bagmatic.com\/wp-content\/uploads\/verpackungsmaschine-tischmaschine-t300-verschweisser-vollautomatic-bagmatic-400x400.jpg 400w, https:\/\/www.bagmatic.com\/wp-content\/uploads\/verpackungsmaschine-tischmaschine-t300-verschweisser-vollautomatic-bagmatic-800x800.jpg 800w, https:\/\/www.bagmatic.com\/wp-content\/uploads\/verpackungsmaschine-tischmaschine-t300-verschweisser-vollautomatic-bagmatic-100x100.jpg 100w\" \/>\t\t\t<\/a>\n\t\t<\/div>\n\t\t<div class=\"hover-mask\">\n\t\t\t<h3 class=\"wd-entities-title category-title\">\n\t\t\t\tTischmaschinen\t\t\t<\/h3>\n\n\t\t\t\n\t\t\t\t\t<\/div>\n\n\t\t\t\t<a href=\"https:\/\/www.bagmatic.com\/de\/produkt-kategorie\/verpackungsmaschinen\/tischmaschinen\/\" class=\"category-link wd-fill\" aria-label=\"Product category tischmaschinen\"><\/a>\n\t\t\t<\/div>\n<\/div>\n\n<div class=\" col-lg-3 col-md-3 col-6 category-grid-item cat-design-default categories-with-shadow without-product-count product-category product\" data-loop=\"3\">\n\t<div class=\"wrapp-category\">\n\t\t<div class=\"category-image-wrapp\">\n\t\t\t<a href=\"https:\/\/www.bagmatic.com\/de\/produkt-kategorie\/eingabezubehoer\/\" class=\"category-image\">\n\t\t\t\t\n\t\t\t\t<img width=\"400\" height=\"400\" src=\"data:image\/jpg;base64,\/9j\/4AAQSkZJRgABAQAAAQABAAD\/2wBDAAYEBAUEBAYFBQUGBgYHCQ4JCQgICRINDQoOFRIWFhUSFBQXGiEcFxgfGRQUHScdHyIjJSUlFhwpLCgkKyEkJST\/2wBDAQYGBgkICREJCREkGBQYJCQkJCQkJCQkJCQkJCQkJCQkJCQkJCQkJCQkJCQkJCQkJCQkJCQkJCQkJCQkJCQkJCT\/wAARCAAKAAoDAREAAhEBAxEB\/8QAFgABAQEAAAAAAAAAAAAAAAAABwME\/8QAIRAAAgEDBAMBAAAAAAAAAAAAAQIDBBESAAUGIRMUQTH\/xAAWAQEBAQAAAAAAAAAAAAAAAAAFAgP\/xAAdEQABAwUBAAAAAAAAAAAAAAABAAIRAwQSITFh\/9oADAMBAAIRAxEAPwBO5LySqpuQVm3RbhLGsNUTIXkdVCFVONweh2e7WGnbeg11MPI6PEFcXJbULAeH1KsEUfgjwZmXEWbMm4t+3v3oRxM7TbQI0pLSU43Gaf14vLJEFd8Bk4B6BP0arI4gSpwbmTG1rAAAAFgPms1ov\/\/Z\" class=\"attachment-woocommerce_thumbnail size-woocommerce_thumbnail wd-lazy-load woodmart-lazy-load wd-lazy-fade\" alt=\"Ultrawaage Verpackungsmaschinen Eingabe Teilzaehler Us5000 Bagmatic\" decoding=\"async\" loading=\"lazy\" srcset=\"\" sizes=\"(max-width: 400px) 100vw, 400px\" data-wood-src=\"https:\/\/www.bagmatic.com\/wp-content\/uploads\/ultrawaage-verpackungsmaschinen-eingabe-teilzaehler-us5000-bagmatic-400x400.jpg\" data-srcset=\"https:\/\/www.bagmatic.com\/wp-content\/uploads\/ultrawaage-verpackungsmaschinen-eingabe-teilzaehler-us5000-bagmatic-400x400.jpg 400w, https:\/\/www.bagmatic.com\/wp-content\/uploads\/ultrawaage-verpackungsmaschinen-eingabe-teilzaehler-us5000-bagmatic-800x800.jpg 800w, https:\/\/www.bagmatic.com\/wp-content\/uploads\/ultrawaage-verpackungsmaschinen-eingabe-teilzaehler-us5000-bagmatic-100x100.jpg 100w\" \/>\t\t\t<\/a>\n\t\t<\/div>\n\t\t<div class=\"hover-mask\">\n\t\t\t<h3 class=\"wd-entities-title category-title\">\n\t\t\t\tEingabezubeh\u00f6r\t\t\t<\/h3>\n\n\t\t\t\n\t\t\t\t\t<\/div>\n\n\t\t\t\t<a href=\"https:\/\/www.bagmatic.com\/de\/produkt-kategorie\/eingabezubehoer\/\" class=\"category-link wd-fill\" aria-label=\"Product category eingabezubehoer\"><\/a>\n\t\t\t<\/div>\n<\/div>\n\n<div class=\" col-lg-3 col-md-3 col-6 last  category-grid-item cat-design-default categories-with-shadow without-product-count product-category product last\" data-loop=\"4\">\n\t<div class=\"wrapp-category\">\n\t\t<div class=\"category-image-wrapp\">\n\t\t\t<a href=\"https:\/\/www.bagmatic.com\/de\/produkt-kategorie\/verpackungsmaschinen\/drucker\/\" class=\"category-image\">\n\t\t\t\t\n\t\t\t\t<img width=\"400\" height=\"400\" src=\"data:image\/jpg;base64,\/9j\/4AAQSkZJRgABAQAAAQABAAD\/2wBDAAYEBAUEBAYFBQUGBgYHCQ4JCQgICRINDQoOFRIWFhUSFBQXGiEcFxgfGRQUHScdHyIjJSUlFhwpLCgkKyEkJST\/2wBDAQYGBgkICREJCREkGBQYJCQkJCQkJCQkJCQkJCQkJCQkJCQkJCQkJCQkJCQkJCQkJCQkJCQkJCQkJCQkJCQkJCT\/wAARCAAKAAoDAREAAhEBAxEB\/8QAFQABAQAAAAAAAAAAAAAAAAAABgf\/xAAnEAACAQIFAQkAAAAAAAAAAAABAgMABAUGESIxQQcSEyQyQ3HR8P\/EABUBAQEAAAAAAAAAAAAAAAAAAAUG\/8QAHxEAAgECBwAAAAAAAAAAAAAAAQIAAxEEBRIxM0HB\/9oADAMBAAIRAxEAPwCl9qcs9\/hjYfCz63Td4ltANpHP7pT+XAK2o9SfzQsyaB3AsFrBFBGjLOSqgHS4YDj4pIsSb+QtQALexjnLfm3C4m3Rkrqh4O89KPwvCxiWM51Ep8OF2HhJ5K29I9pfqhjUe+5jQppbYT\/\/2Q==\" class=\"attachment-woocommerce_thumbnail size-woocommerce_thumbnail wd-lazy-load woodmart-lazy-load wd-lazy-fade\" alt=\"Verpackungsmaschinen Ti1000 Drucker Verpackungsdrucker Bagmatic\" decoding=\"async\" loading=\"lazy\" srcset=\"\" sizes=\"(max-width: 400px) 100vw, 400px\" data-wood-src=\"https:\/\/www.bagmatic.com\/wp-content\/uploads\/verpackungsmaschinen-ti1000-drucker-verpackungsdrucker-bagmatic-400x400.jpg\" data-srcset=\"https:\/\/www.bagmatic.com\/wp-content\/uploads\/verpackungsmaschinen-ti1000-drucker-verpackungsdrucker-bagmatic-400x400.jpg 400w, https:\/\/www.bagmatic.com\/wp-content\/uploads\/verpackungsmaschinen-ti1000-drucker-verpackungsdrucker-bagmatic-800x800.jpg 800w, https:\/\/www.bagmatic.com\/wp-content\/uploads\/verpackungsmaschinen-ti1000-drucker-verpackungsdrucker-bagmatic-100x100.jpg 100w\" \/>\t\t\t<\/a>\n\t\t<\/div>\n\t\t<div class=\"hover-mask\">\n\t\t\t<h3 class=\"wd-entities-title category-title\">\n\t\t\t\tDrucker\t\t\t<\/h3>\n\n\t\t\t\n\t\t\t\t\t<\/div>\n\n\t\t\t\t<a href=\"https:\/\/www.bagmatic.com\/de\/produkt-kategorie\/verpackungsmaschinen\/drucker\/\" class=\"category-link wd-fill\" aria-label=\"Product category drucker\"><\/a>\n\t\t\t<\/div>\n<\/div>\n\t\t\t\t\t<\/div>\n\t\t\t\t<\/div>\n\t\t\t\t[\/vc_column][\/vc_row][vc_row gap=&#8220;35&#8243; mobile_bg_img_hidden=&#8220;no&#8220; tablet_bg_img_hidden=&#8220;no&#8220; woodmart_parallax=&#8220;0&#8243; woodmart_gradient_switch=&#8220;no&#8220; row_reverse_mobile=&#8220;0&#8243; row_reverse_tablet=&#8220;0&#8243; woodmart_disable_overflow=&#8220;0&#8243;][vc_column width=&#8220;1\/2&#8243;][vc_column_text text_larger=&#8220;no&#8220; woodmart_inline=&#8220;no&#8220;]<\/p>\n<h2>Halb und vollautomatische Modelle f\u00fcr jede Abpackleistung<\/h2>\n<p>Das Maschinenportfolio deckt halbautomatische und vollautomatische Abpackl\u00f6sungen f\u00fcr unterschiedliche Leistungsanforderungen ab. Die <a href=\"https:\/\/www.bagmatic.com\/de\/verpackungsmaschinen\/tischmaschinen\/\">Tischmaschinen<\/a> der T-Serie eignen sich ideal f\u00fcr kleinere Chargen oder den Einstieg in die automatisierte Beutelverpackung. W\u00e4hrend die T-200 manuell bedient wird, \u00f6ffnen die T-275 und T-300 Beutel bereits automatisch, bef\u00fcllen und verschwei\u00dfen sie in einem Arbeitsgang.<\/p>\n<p>F\u00fcr industrielle Produktionsmengen ist die T-1000 die erste Wahl. Als meistverkaufte Abpackmaschine im BagMatic Sortiment verarbeitet sie bis zu 100 Kettenbeutel pro Minute. Erg\u00e4nzt durch eine <a href=\"https:\/\/www.bagmatic.com\/de\/verpackungsroboter-vision-robot\/\">Roboterintegration<\/a> wird aus der Einzelmaschine eine vollautomatische Abpackanlage, die Teile selbstst\u00e4ndig aufnimmt und in die Beutel platziert. Das einzigartige Vision System \u00fcbernimmt dabei die optische Qualit\u00e4tskontrolle und z\u00e4hlt verpackte Produkte in Echtzeit.<\/p>\n<p>Zus\u00e4tzlich stehen Eingabeger\u00e4te wie die US-5000 Ultrawaage oder der UC-2400 Serienz\u00e4hler bereit. Diese Systeme arbeiten direkt mit der Abpackmaschine zusammen und gew\u00e4hrleisten exakte F\u00fcllmengen bei jedem Verpackungszyklus. Auch die US-5500 mit Pick-to-Light Technologie l\u00e4sst sich problemlos in Ihre Abpackanlage einbinden.<\/p>\n<h2>Individuelle Abpackmaschine passend zu Ihrem Produktionsvolumen<\/h2>\n<p>Kein Verpackungsprozess gleicht dem anderen. Deshalb entwickelt BagMatic jede Abpackmaschine individuell nach Ihren konkreten Anforderungen. Von der ersten Prozessanalyse \u00fcber die 3D-Konzeption mit SolidWorks bis zur fertigen Montage erhalten Sie eine L\u00f6sung, die exakt auf Ihre Produkte und Durchsatzmengen abgestimmt ist.<\/p>\n<p>Der Weg zu Ihrer Abpackanlage folgt einem strukturierten 5-Phasen-Prozess. In der Entdeckungsphase analysiert BagMatic Ihre bestehenden Abl\u00e4ufe anhand von Bildmaterial und technischen Daten. Darauf folgen ein prinzipielles Gutachten sowie ein technisches Konzept. Im hauseigenen Testcenter wird die gew\u00e4hlte Technologie mit Ihren realen Produkten erprobt, bevor ein vollst\u00e4ndiger Prototyp in Ihrer Produktionsumgebung demonstriert wird.<\/p>\n<p>Der modulare Aufbau jeder Abpackmaschine erm\u00f6glicht sp\u00e4tere Erweiterungen ohne kompletten Neuaufbau. Ein integrierter Inline-ZEBRA-Drucker f\u00fcr die Kennzeichnung im laufenden Prozess, zus\u00e4tzliche Zuf\u00fchrtechnik oder eine nachtr\u00e4gliche Roboterintegration lassen sich jederzeit erg\u00e4nzen. So w\u00e4chst Ihre Abpackanlage mit Ihrem Unternehmen.[\/vc_column_text][\/vc_column][vc_column width=&#8220;1\/2&#8243;][vc_column_text text_larger=&#8220;no&#8220; woodmart_inline=&#8220;no&#8220;]<\/p>\n<h2>Abpackmaschinen f\u00fcr Pharma, Lebensmittel und Kosmetik<\/h2>\n<p>Abpackmaschinen von BagMatic bew\u00e4hren sich in zahlreichen Branchen mit unterschiedlichsten Anforderungen. In der <a href=\"https:\/\/www.bagmatic.com\/de\/anwendungsbereiche\/verpackungsmaschinen-pharmaindustrie\/\">Pharmaindustrie<\/a> verpacken sie Sterilgutprodukte, Tabletten und Implantate unter strengen Hygienestandards. Die Neutralisierung statischer Elektrizit\u00e4t vor dem Abpackvorgang verhindert dabei unerw\u00fcnschte Partikelanhaftungen an empfindlichen Medizinprodukten.<\/p>\n<p>In der <a href=\"https:\/\/www.bagmatic.com\/de\/anwendungsbereiche\/verpackungsmaschinen-lebensmittelindustrie\/\">Lebensmittelindustrie<\/a> \u00fcberzeugen die Abpackmaschinen beim Verarbeiten von S\u00fc\u00dfwaren, Gew\u00fcrzen und Saatgut. Die Kleinteil-Z\u00e4hlermaschine erm\u00f6glicht das pr\u00e4zise Abz\u00e4hlen selbst kleinster Produkte wie Blumensamen oder pharmazeutischer Kleinstteile. F\u00fcr umweltbewusste Betriebe stehen <a href=\"https:\/\/www.bagmatic.com\/de\/beutel-folien\/umweltvertraegliche-folien\/\">biologisch abbaubare Beutel<\/a> als nachhaltige Verpackungsoption bereit.<\/p>\n<p>Im Bereich Kosmetik, Haushalt und Tierprodukte punkten die Abpackmaschinen durch ihre Anpassungsf\u00e4higkeit an verschiedene Produktformate. Von Kosmetikproben \u00fcber K\u00fcchent\u00fccher bis zu Haustierbedarfsartikeln verarbeitet die richtige Abpackmaschine jedes Format zuverl\u00e4ssig. Kundenspezifisch bedruckte Polyethylen-Beutel und verschiedene Folienqualit\u00e4ten runden das Angebot f\u00fcr jede Branche ab.<\/p>\n<h3>Wartung und Ersatzteile mit garantierter 48 Stunden Reaktionszeit<\/h3>\n<p>Der europaweit agierende <a href=\"https:\/\/www.bagmatic.com\/de\/service-dienstleistungen\/\">Kundendienst<\/a> von BagMatic garantiert eine Reaktionszeit von maximal 48 Stunden im Servicefall. Ob telefonisch, per E-Mail oder direkt vor Ort, die Serviceingenieure stehen Ihnen bei allen Fragen rund um Ihre Abpackmaschine zur Seite. Ein umfangreiches Ersatzteillager sorgt daf\u00fcr, dass ben\u00f6tigte Komponenten schnell verf\u00fcgbar sind und Stillstandszeiten minimiert werden.<\/p>\n<p>Neben der klassischen Wartung und Reparatur bietet BagMatic Schulungen und Fortbildungskurse f\u00fcr Ihr Bedienpersonal an. Gut geschulte Mitarbeiter erkennen Verschlei\u00df fr\u00fchzeitig und bedienen die Abpackmaschine effizienter. Das verl\u00e4ngert die Lebensdauer Ihrer Anlage und reduziert ungeplante Produktionsunterbrechungen sp\u00fcrbar.<\/p>\n<p>Als offizieller Partner von Advanced Poly Packaging hat BagMatic direkten Zugang zu Original-Ersatzteilen und aktuellen Technologie-Updates des Herstellers. Reparaturen werden sowohl in der hauseigenen Werkstatt als auch direkt auf Ihrem Betriebsgel\u00e4nde durchgef\u00fchrt. Nehmen Sie Kontakt auf f\u00fcr eine pers\u00f6nliche Beratung zu Wartungsintervallen und individuellen Servicevereinbarungen.[\/vc_column_text][\/vc_column][\/vc_row]<\/p>\n<\/section>","protected":false},"excerpt":{"rendered":"<p>[vc_row gap=&#8220;35&#8243; mobile_bg_img_hidden=&#8220;no&#8220; tablet_bg_img_hidden=&#8220;no&#8220; woodmart_parallax=&#8220;0&#8243; woodmart_gradient_switch=&#8220;no&#8220; row_reverse_mobile=&#8220;0&#8243; row_reverse_tablet=&#8220;0&#8243; woodmart_disable_overflow=&#8220;0&#8243;][vc_column width=&#8220;1\/2&#8243;][vc_single_image image=&#8220;135&#8243; img_size=&#8220;large&#8220; parallax_scroll=&#8220;no&#8220;][\/vc_column][vc_column width=&#8220;1\/2&#8243;][vc_column_text text_larger=&#8220;no&#8220; woodmart_inline=&#8220;no&#8220;] Abpackmaschinen f\u00fcr effiziente Verpackungsprozesse<\/p>\n","protected":false},"author":5,"featured_media":0,"parent":0,"menu_order":0,"comment_status":"closed","ping_status":"closed","template":"","meta":[],"yoast_head":"<!-- This site is optimized with the Yoast SEO plugin v20.1 - https:\/\/yoast.com\/wordpress\/plugins\/seo\/ -->\n<title>Abpackmaschine kaufen vom Hersteller | BagMatic<\/title>\n<meta name=\"description\" content=\"Abpackmaschinen f\u00fcr Industrie und Gewerbe. Bis zu 100 Beutel\/Min. Neue und \u00fcberholte Maschinen ab Lager verf\u00fcgbar. Jetzt anfragen.\" \/>\n<meta name=\"robots\" content=\"index, follow, max-snippet:-1, max-image-preview:large, max-video-preview:-1\" \/>\n<link rel=\"canonical\" href=\"https:\/\/www.bagmatic.com\/de\/abpackmaschine\/\" \/>\n<meta property=\"og:locale\" content=\"de_DE\" \/>\n<meta property=\"og:type\" content=\"article\" \/>\n<meta property=\"og:title\" content=\"Abpackmaschine kaufen vom Hersteller | BagMatic\" \/>\n<meta property=\"og:description\" content=\"Abpackmaschinen f\u00fcr Industrie und Gewerbe. Bis zu 100 Beutel\/Min. Neue und \u00fcberholte Maschinen ab Lager verf\u00fcgbar. Jetzt anfragen.\" \/>\n<meta property=\"og:url\" content=\"https:\/\/www.bagmatic.com\/de\/abpackmaschine\/\" \/>\n<meta property=\"og:site_name\" content=\"BagMatic\" \/>\n<meta name=\"twitter:card\" content=\"summary_large_image\" \/>\n<meta name=\"twitter:label1\" content=\"Gesch\u00e4tzte Lesezeit\" \/>\n\t<meta name=\"twitter:data1\" content=\"5\u00a0Minuten\" \/>\n<script type=\"application\/ld+json\" class=\"yoast-schema-graph\">{\"@context\":\"https:\/\/schema.org\",\"@graph\":[{\"@type\":\"WebPage\",\"@id\":\"https:\/\/www.bagmatic.com\/de\/abpackmaschine\/\",\"url\":\"https:\/\/www.bagmatic.com\/de\/abpackmaschine\/\",\"name\":\"Abpackmaschine kaufen vom Hersteller | BagMatic\",\"isPartOf\":{\"@id\":\"https:\/\/www.bagmatic.com\/de\/#website\"},\"datePublished\":\"2026-03-04T02:41:25+00:00\",\"dateModified\":\"2026-03-04T02:41:25+00:00\",\"description\":\"Abpackmaschinen f\u00fcr Industrie und Gewerbe. Bis zu 100 Beutel\/Min. Neue und \u00fcberholte Maschinen ab Lager verf\u00fcgbar. Jetzt anfragen.\",\"breadcrumb\":{\"@id\":\"https:\/\/www.bagmatic.com\/de\/abpackmaschine\/#breadcrumb\"},\"inLanguage\":\"de\",\"potentialAction\":[{\"@type\":\"ReadAction\",\"target\":[\"https:\/\/www.bagmatic.com\/de\/abpackmaschine\/\"]}]},{\"@type\":\"BreadcrumbList\",\"@id\":\"https:\/\/www.bagmatic.com\/de\/abpackmaschine\/#breadcrumb\",\"itemListElement\":[{\"@type\":\"ListItem\",\"position\":1,\"name\":\"Start\",\"item\":\"https:\/\/www.bagmatic.com\/de\/\"},{\"@type\":\"ListItem\",\"position\":2,\"name\":\"Abpackmaschine\"}]},{\"@type\":\"WebSite\",\"@id\":\"https:\/\/www.bagmatic.com\/de\/#website\",\"url\":\"https:\/\/www.bagmatic.com\/de\/\",\"name\":\"BagMatic\",\"description\":\"\",\"publisher\":{\"@id\":\"https:\/\/www.bagmatic.com\/de\/#organization\"},\"potentialAction\":[{\"@type\":\"SearchAction\",\"target\":{\"@type\":\"EntryPoint\",\"urlTemplate\":\"https:\/\/www.bagmatic.com\/de\/?s={search_term_string}\"},\"query-input\":\"required name=search_term_string\"}],\"inLanguage\":\"de\"},{\"@type\":\"Organization\",\"@id\":\"https:\/\/www.bagmatic.com\/de\/#organization\",\"name\":\"BAGMATIC\u00ae GmbH\",\"url\":\"https:\/\/www.bagmatic.com\/de\/\",\"logo\":{\"@type\":\"ImageObject\",\"inLanguage\":\"de\",\"@id\":\"https:\/\/www.bagmatic.com\/de\/#\/schema\/logo\/image\/\",\"url\":\"https:\/\/www.bagmatic.com\/wp-content\/uploads\/bagmatic-logo.png\",\"contentUrl\":\"https:\/\/www.bagmatic.com\/wp-content\/uploads\/bagmatic-logo.png\",\"width\":500,\"height\":114,\"caption\":\"BAGMATIC\u00ae GmbH\"},\"image\":{\"@id\":\"https:\/\/www.bagmatic.com\/de\/#\/schema\/logo\/image\/\"}}]}<\/script>\n<!-- \/ Yoast SEO plugin. -->","yoast_head_json":{"title":"Abpackmaschine kaufen vom Hersteller | BagMatic","description":"Abpackmaschinen f\u00fcr Industrie und Gewerbe. Bis zu 100 Beutel\/Min. Neue und \u00fcberholte Maschinen ab Lager verf\u00fcgbar. Jetzt anfragen.","robots":{"index":"index","follow":"follow","max-snippet":"max-snippet:-1","max-image-preview":"max-image-preview:large","max-video-preview":"max-video-preview:-1"},"canonical":"https:\/\/www.bagmatic.com\/de\/abpackmaschine\/","og_locale":"de_DE","og_type":"article","og_title":"Abpackmaschine kaufen vom Hersteller | BagMatic","og_description":"Abpackmaschinen f\u00fcr Industrie und Gewerbe. Bis zu 100 Beutel\/Min. Neue und \u00fcberholte Maschinen ab Lager verf\u00fcgbar. Jetzt anfragen.","og_url":"https:\/\/www.bagmatic.com\/de\/abpackmaschine\/","og_site_name":"BagMatic","twitter_card":"summary_large_image","twitter_misc":{"Gesch\u00e4tzte Lesezeit":"5\u00a0Minuten"},"schema":{"@context":"https:\/\/schema.org","@graph":[{"@type":"WebPage","@id":"https:\/\/www.bagmatic.com\/de\/abpackmaschine\/","url":"https:\/\/www.bagmatic.com\/de\/abpackmaschine\/","name":"Abpackmaschine kaufen vom Hersteller | BagMatic","isPartOf":{"@id":"https:\/\/www.bagmatic.com\/de\/#website"},"datePublished":"2026-03-04T02:41:25+00:00","dateModified":"2026-03-04T02:41:25+00:00","description":"Abpackmaschinen f\u00fcr Industrie und Gewerbe. Bis zu 100 Beutel\/Min. Neue und \u00fcberholte Maschinen ab Lager verf\u00fcgbar. Jetzt anfragen.","breadcrumb":{"@id":"https:\/\/www.bagmatic.com\/de\/abpackmaschine\/#breadcrumb"},"inLanguage":"de","potentialAction":[{"@type":"ReadAction","target":["https:\/\/www.bagmatic.com\/de\/abpackmaschine\/"]}]},{"@type":"BreadcrumbList","@id":"https:\/\/www.bagmatic.com\/de\/abpackmaschine\/#breadcrumb","itemListElement":[{"@type":"ListItem","position":1,"name":"Start","item":"https:\/\/www.bagmatic.com\/de\/"},{"@type":"ListItem","position":2,"name":"Abpackmaschine"}]},{"@type":"WebSite","@id":"https:\/\/www.bagmatic.com\/de\/#website","url":"https:\/\/www.bagmatic.com\/de\/","name":"BagMatic","description":"","publisher":{"@id":"https:\/\/www.bagmatic.com\/de\/#organization"},"potentialAction":[{"@type":"SearchAction","target":{"@type":"EntryPoint","urlTemplate":"https:\/\/www.bagmatic.com\/de\/?s={search_term_string}"},"query-input":"required name=search_term_string"}],"inLanguage":"de"},{"@type":"Organization","@id":"https:\/\/www.bagmatic.com\/de\/#organization","name":"BAGMATIC\u00ae GmbH","url":"https:\/\/www.bagmatic.com\/de\/","logo":{"@type":"ImageObject","inLanguage":"de","@id":"https:\/\/www.bagmatic.com\/de\/#\/schema\/logo\/image\/","url":"https:\/\/www.bagmatic.com\/wp-content\/uploads\/bagmatic-logo.png","contentUrl":"https:\/\/www.bagmatic.com\/wp-content\/uploads\/bagmatic-logo.png","width":500,"height":114,"caption":"BAGMATIC\u00ae GmbH"},"image":{"@id":"https:\/\/www.bagmatic.com\/de\/#\/schema\/logo\/image\/"}}]}},"_links":{"self":[{"href":"https:\/\/www.bagmatic.com\/de\/wp-json\/wp\/v2\/pages\/2547"}],"collection":[{"href":"https:\/\/www.bagmatic.com\/de\/wp-json\/wp\/v2\/pages"}],"about":[{"href":"https:\/\/www.bagmatic.com\/de\/wp-json\/wp\/v2\/types\/page"}],"author":[{"embeddable":true,"href":"https:\/\/www.bagmatic.com\/de\/wp-json\/wp\/v2\/users\/5"}],"replies":[{"embeddable":true,"href":"https:\/\/www.bagmatic.com\/de\/wp-json\/wp\/v2\/comments?post=2547"}],"version-history":[{"count":1,"href":"https:\/\/www.bagmatic.com\/de\/wp-json\/wp\/v2\/pages\/2547\/revisions"}],"predecessor-version":[{"id":2548,"href":"https:\/\/www.bagmatic.com\/de\/wp-json\/wp\/v2\/pages\/2547\/revisions\/2548"}],"wp:attachment":[{"href":"https:\/\/www.bagmatic.com\/de\/wp-json\/wp\/v2\/media?parent=2547"}],"curies":[{"name":"wp","href":"https:\/\/api.w.org\/{rel}","templated":true}]}}