{"id":2557,"date":"2026-04-02T15:06:30","date_gmt":"2026-04-02T13:06:30","guid":{"rendered":"https:\/\/www.bagmatic.com\/?page_id=2557"},"modified":"2026-04-02T15:06:30","modified_gmt":"2026-04-02T13:06:30","slug":"verpackungsanlage","status":"publish","type":"page","link":"https:\/\/www.bagmatic.com\/de\/verpackungsanlage\/","title":{"rendered":"Verpackungsanlage"},"content":{"rendered":"<section class=\"wpb-content-wrapper\"><p>[vc_row gap=&#8220;35&#8243; mobile_bg_img_hidden=&#8220;no&#8220; tablet_bg_img_hidden=&#8220;no&#8220; woodmart_parallax=&#8220;0&#8243; woodmart_gradient_switch=&#8220;no&#8220; row_reverse_mobile=&#8220;0&#8243; row_reverse_tablet=&#8220;0&#8243; woodmart_disable_overflow=&#8220;0&#8243;][vc_column width=&#8220;1\/2&#8243;][vc_single_image image=&#8220;135&#8243; img_size=&#8220;large&#8220; parallax_scroll=&#8220;no&#8220;][\/vc_column][vc_column width=&#8220;1\/2&#8243;][vc_column_text text_larger=&#8220;no&#8220; woodmart_inline=&#8220;no&#8220;]<\/p>\n<h2>Verpackungsanlagen f\u00fcr jede Branche und jeden Durchsatz<\/h2>\n<p>Leistungsf\u00e4hige Verpackungsanlagen entscheiden in der Produktion \u00fcber St\u00fcckkosten, Durchsatz und Prozesssicherheit. BagMatic bietet als Verpackungsanlagen Hersteller in dritter Generation ein breites Spektrum an Systemen, die sich exakt auf Ihre Anforderungen abstimmen lassen. Von der Kleinserie mit wenigen hundert Beuteln pro Stunde bis zur Gro\u00dfproduktion mit 100 Beuteln pro Minute deckt das Portfolio alle Leistungsklassen ab.<\/p>\n<p>Jede Verpackungsanlage wird vor der Fertigung mit SolidWorks als 3D-Konzept geplant. Dadurch erkennen Sie bereits in der Konzeptionsphase, wie sich die Anlage in Ihre Produktionsumgebung einf\u00fcgt. Als offizieller Partner von Advanced Poly Packaging greift BagMatic auf Maschinentechnik zur\u00fcck, die weltweit in Pharma, Lebensmittel und Kosmetik im Einsatz ist.<\/p>\n<p>Ob Sie eine erste Verpackungsanlage kaufen oder bestehende Prozesse erweitern m\u00f6chten, BagMatic ber\u00e4t Sie von der Analyse bis zur Inbetriebnahme. Standardmaschinen stehen bereits ab 2.600 Euro zur Verf\u00fcgung, individuelle Konfigurationen werden projektbezogen kalkuliert.[\/vc_column_text][\/vc_column][\/vc_row][vc_row css=&#8220;.vc_custom_1571211998246{padding-top: 20px !important;}&#8220; mobile_bg_img_hidden=&#8220;no&#8220; tablet_bg_img_hidden=&#8220;no&#8220; woodmart_parallax=&#8220;0&#8243; woodmart_gradient_switch=&#8220;no&#8220; row_reverse_mobile=&#8220;0&#8243; row_reverse_tablet=&#8220;0&#8243; woodmart_disable_overflow=&#8220;0&#8243;][vc_column]\t\t\t\t<div class=\"wd-categories-wrap wd-wpb\">\n\t\t\t\t\t<div class=\"products woocommerce row categories-style-default wd-spacing-30 columns-4\">\n\t\t\t\t\t\n<div class=\" col-lg-3 col-md-3 col-6 first  category-grid-item cat-design-default categories-with-shadow without-product-count product-category product first\" data-loop=\"1\">\n\t<div class=\"wrapp-category\">\n\t\t<div class=\"category-image-wrapp\">\n\t\t\t<a href=\"https:\/\/www.bagmatic.com\/de\/produkt-kategorie\/verpackungsmaschinen\/industriemaschinen\/\" class=\"category-image\">\n\t\t\t\t\n\t\t\t\t<img width=\"400\" height=\"400\" src=\"data:image\/jpg;base64,\/9j\/4AAQSkZJRgABAQAAAQABAAD\/2wBDAAYEBAUEBAYFBQUGBgYHCQ4JCQgICRINDQoOFRIWFhUSFBQXGiEcFxgfGRQUHScdHyIjJSUlFhwpLCgkKyEkJST\/2wBDAQYGBgkICREJCREkGBQYJCQkJCQkJCQkJCQkJCQkJCQkJCQkJCQkJCQkJCQkJCQkJCQkJCQkJCQkJCQkJCQkJCT\/wAARCAAKAAoDAREAAhEBAxEB\/8QAFwAAAwEAAAAAAAAAAAAAAAAAAwUGB\/\/EACUQAAIBAwMCBwAAAAAAAAAAAAECAwQFEQAGIRIxEyIkQVFT0f\/EABcBAAMBAAAAAAAAAAAAAAAAAAIEBQP\/xAAeEQACAgIDAQEAAAAAAAAAAAABAgADERIEITFRQf\/aAAwDAQACEQMRAD8A2G7VG7ZrvBbK16cwvL1o8aYXyjPBHPz3Gq1a0BC6eyRY15cI\/mZVxbloViQSXFC4UBj4RGT78aRPHfPQjw5CY7MBeKWCFbeY4YkLTHJVQM8HR1MTtkwLVA1wP2OEt1F0j0dP2+sfmsN2+xjRfk\/\/2Q==\" class=\"attachment-woocommerce_thumbnail size-woocommerce_thumbnail wd-lazy-load woodmart-lazy-load wd-lazy-fade\" alt=\"Verpackungsmaschine T1000m Industriemaschine Bagmatic\" decoding=\"async\" loading=\"lazy\" srcset=\"\" sizes=\"(max-width: 400px) 100vw, 400px\" data-wood-src=\"https:\/\/www.bagmatic.com\/wp-content\/uploads\/verpackungsmaschine-t1000m-industriemaschine-bagmatic-400x400.jpg\" data-srcset=\"https:\/\/www.bagmatic.com\/wp-content\/uploads\/verpackungsmaschine-t1000m-industriemaschine-bagmatic-400x400.jpg 400w, https:\/\/www.bagmatic.com\/wp-content\/uploads\/verpackungsmaschine-t1000m-industriemaschine-bagmatic-800x800.jpg 800w, https:\/\/www.bagmatic.com\/wp-content\/uploads\/verpackungsmaschine-t1000m-industriemaschine-bagmatic-100x100.jpg 100w\" \/>\t\t\t<\/a>\n\t\t<\/div>\n\t\t<div class=\"hover-mask\">\n\t\t\t<h3 class=\"wd-entities-title category-title\">\n\t\t\t\tIndustriemaschinen\t\t\t<\/h3>\n\n\t\t\t\n\t\t\t\t\t<\/div>\n\n\t\t\t\t<a href=\"https:\/\/www.bagmatic.com\/de\/produkt-kategorie\/verpackungsmaschinen\/industriemaschinen\/\" class=\"category-link wd-fill\" aria-label=\"Product category industriemaschinen\"><\/a>\n\t\t\t<\/div>\n<\/div>\n\n<div class=\" col-lg-3 col-md-3 col-6 category-grid-item cat-design-default categories-with-shadow without-product-count product-category product\" data-loop=\"2\">\n\t<div class=\"wrapp-category\">\n\t\t<div class=\"category-image-wrapp\">\n\t\t\t<a href=\"https:\/\/www.bagmatic.com\/de\/produkt-kategorie\/verpackungsmaschinen\/tischmaschinen\/\" class=\"category-image\">\n\t\t\t\t\n\t\t\t\t<img width=\"400\" height=\"400\" src=\"data:image\/jpg;base64,\/9j\/4AAQSkZJRgABAQAAAQABAAD\/2wBDAAYEBAUEBAYFBQUGBgYHCQ4JCQgICRINDQoOFRIWFhUSFBQXGiEcFxgfGRQUHScdHyIjJSUlFhwpLCgkKyEkJST\/2wBDAQYGBgkICREJCREkGBQYJCQkJCQkJCQkJCQkJCQkJCQkJCQkJCQkJCQkJCQkJCQkJCQkJCQkJCQkJCQkJCQkJCT\/wAARCAAKAAoDAREAAhEBAxEB\/8QAFwAAAwEAAAAAAAAAAAAAAAAABAUGB\/\/EACAQAAIBBAIDAQAAAAAAAAAAAAECAwAEBREGIRJRccL\/xAAXAQADAQAAAAAAAAAAAAAAAAADBAUC\/8QAIBEAAQMEAgMAAAAAAAAAAAAAAQACIQMREhMEFDGR4f\/aAAwDAQACEQMRAD8A1iTknJVzZWO+JtWbxCBFYgk9HWt6+VZbQo67kSoh5FfZBhU8T8yaJGabGAlQTuIj9UsepeAffxODtW8hEXdpbpl4isESns7CD1QmOOBlbe1uYhNwBodUBML\/2Q==\" class=\"attachment-woocommerce_thumbnail size-woocommerce_thumbnail wd-lazy-load woodmart-lazy-load wd-lazy-fade\" alt=\"Verpackungsmaschine Tischmaschine T300 Verschweisser Vollautomatic Bagmatic\" decoding=\"async\" loading=\"lazy\" srcset=\"\" sizes=\"(max-width: 400px) 100vw, 400px\" data-wood-src=\"https:\/\/www.bagmatic.com\/wp-content\/uploads\/verpackungsmaschine-tischmaschine-t300-verschweisser-vollautomatic-bagmatic-400x400.jpg\" data-srcset=\"https:\/\/www.bagmatic.com\/wp-content\/uploads\/verpackungsmaschine-tischmaschine-t300-verschweisser-vollautomatic-bagmatic-400x400.jpg 400w, https:\/\/www.bagmatic.com\/wp-content\/uploads\/verpackungsmaschine-tischmaschine-t300-verschweisser-vollautomatic-bagmatic-800x800.jpg 800w, https:\/\/www.bagmatic.com\/wp-content\/uploads\/verpackungsmaschine-tischmaschine-t300-verschweisser-vollautomatic-bagmatic-100x100.jpg 100w\" \/>\t\t\t<\/a>\n\t\t<\/div>\n\t\t<div class=\"hover-mask\">\n\t\t\t<h3 class=\"wd-entities-title category-title\">\n\t\t\t\tTischmaschinen\t\t\t<\/h3>\n\n\t\t\t\n\t\t\t\t\t<\/div>\n\n\t\t\t\t<a href=\"https:\/\/www.bagmatic.com\/de\/produkt-kategorie\/verpackungsmaschinen\/tischmaschinen\/\" class=\"category-link wd-fill\" aria-label=\"Product category tischmaschinen\"><\/a>\n\t\t\t<\/div>\n<\/div>\n\n<div class=\" col-lg-3 col-md-3 col-6 category-grid-item cat-design-default categories-with-shadow without-product-count product-category product\" data-loop=\"3\">\n\t<div class=\"wrapp-category\">\n\t\t<div class=\"category-image-wrapp\">\n\t\t\t<a href=\"https:\/\/www.bagmatic.com\/de\/produkt-kategorie\/eingabezubehoer\/\" class=\"category-image\">\n\t\t\t\t\n\t\t\t\t<img width=\"400\" height=\"400\" src=\"data:image\/jpg;base64,\/9j\/4AAQSkZJRgABAQAAAQABAAD\/2wBDAAYEBAUEBAYFBQUGBgYHCQ4JCQgICRINDQoOFRIWFhUSFBQXGiEcFxgfGRQUHScdHyIjJSUlFhwpLCgkKyEkJST\/2wBDAQYGBgkICREJCREkGBQYJCQkJCQkJCQkJCQkJCQkJCQkJCQkJCQkJCQkJCQkJCQkJCQkJCQkJCQkJCQkJCQkJCT\/wAARCAAKAAoDAREAAhEBAxEB\/8QAFgABAQEAAAAAAAAAAAAAAAAABwME\/8QAIRAAAgEDBAMBAAAAAAAAAAAAAQIDBBESAAUGIRMUQTH\/xAAWAQEBAQAAAAAAAAAAAAAAAAAFAgP\/xAAdEQABAwUBAAAAAAAAAAAAAAABAAIRAwQSITFh\/9oADAMBAAIRAxEAPwBO5LySqpuQVm3RbhLGsNUTIXkdVCFVONweh2e7WGnbeg11MPI6PEFcXJbULAeH1KsEUfgjwZmXEWbMm4t+3v3oRxM7TbQI0pLSU43Gaf14vLJEFd8Bk4B6BP0arI4gSpwbmTG1rAAAAFgPms1ov\/\/Z\" class=\"attachment-woocommerce_thumbnail size-woocommerce_thumbnail wd-lazy-load woodmart-lazy-load wd-lazy-fade\" alt=\"Ultrawaage Verpackungsmaschinen Eingabe Teilzaehler Us5000 Bagmatic\" decoding=\"async\" loading=\"lazy\" srcset=\"\" sizes=\"(max-width: 400px) 100vw, 400px\" data-wood-src=\"https:\/\/www.bagmatic.com\/wp-content\/uploads\/ultrawaage-verpackungsmaschinen-eingabe-teilzaehler-us5000-bagmatic-400x400.jpg\" data-srcset=\"https:\/\/www.bagmatic.com\/wp-content\/uploads\/ultrawaage-verpackungsmaschinen-eingabe-teilzaehler-us5000-bagmatic-400x400.jpg 400w, https:\/\/www.bagmatic.com\/wp-content\/uploads\/ultrawaage-verpackungsmaschinen-eingabe-teilzaehler-us5000-bagmatic-800x800.jpg 800w, https:\/\/www.bagmatic.com\/wp-content\/uploads\/ultrawaage-verpackungsmaschinen-eingabe-teilzaehler-us5000-bagmatic-100x100.jpg 100w\" \/>\t\t\t<\/a>\n\t\t<\/div>\n\t\t<div class=\"hover-mask\">\n\t\t\t<h3 class=\"wd-entities-title category-title\">\n\t\t\t\tEingabezubeh\u00f6r\t\t\t<\/h3>\n\n\t\t\t\n\t\t\t\t\t<\/div>\n\n\t\t\t\t<a href=\"https:\/\/www.bagmatic.com\/de\/produkt-kategorie\/eingabezubehoer\/\" class=\"category-link wd-fill\" aria-label=\"Product category eingabezubehoer\"><\/a>\n\t\t\t<\/div>\n<\/div>\n\n<div class=\" col-lg-3 col-md-3 col-6 last  category-grid-item cat-design-default categories-with-shadow without-product-count product-category product last\" data-loop=\"4\">\n\t<div class=\"wrapp-category\">\n\t\t<div class=\"category-image-wrapp\">\n\t\t\t<a href=\"https:\/\/www.bagmatic.com\/de\/produkt-kategorie\/verpackungsmaschinen\/drucker\/\" class=\"category-image\">\n\t\t\t\t\n\t\t\t\t<img width=\"400\" height=\"400\" src=\"data:image\/jpg;base64,\/9j\/4AAQSkZJRgABAQAAAQABAAD\/2wBDAAYEBAUEBAYFBQUGBgYHCQ4JCQgICRINDQoOFRIWFhUSFBQXGiEcFxgfGRQUHScdHyIjJSUlFhwpLCgkKyEkJST\/2wBDAQYGBgkICREJCREkGBQYJCQkJCQkJCQkJCQkJCQkJCQkJCQkJCQkJCQkJCQkJCQkJCQkJCQkJCQkJCQkJCQkJCT\/wAARCAAKAAoDAREAAhEBAxEB\/8QAFQABAQAAAAAAAAAAAAAAAAAABgf\/xAAnEAACAQIFAQkAAAAAAAAAAAABAgMABAUGESIxQQcSEyQyQ3HR8P\/EABUBAQEAAAAAAAAAAAAAAAAAAAUG\/8QAHxEAAgECBwAAAAAAAAAAAAAAAQIAAxEEBRIxM0HB\/9oADAMBAAIRAxEAPwCl9qcs9\/hjYfCz63Td4ltANpHP7pT+XAK2o9SfzQsyaB3AsFrBFBGjLOSqgHS4YDj4pIsSb+QtQALexjnLfm3C4m3Rkrqh4O89KPwvCxiWM51Ep8OF2HhJ5K29I9pfqhjUe+5jQppbYT\/\/2Q==\" class=\"attachment-woocommerce_thumbnail size-woocommerce_thumbnail wd-lazy-load woodmart-lazy-load wd-lazy-fade\" alt=\"Verpackungsmaschinen Ti1000 Drucker Verpackungsdrucker Bagmatic\" decoding=\"async\" loading=\"lazy\" srcset=\"\" sizes=\"(max-width: 400px) 100vw, 400px\" data-wood-src=\"https:\/\/www.bagmatic.com\/wp-content\/uploads\/verpackungsmaschinen-ti1000-drucker-verpackungsdrucker-bagmatic-400x400.jpg\" data-srcset=\"https:\/\/www.bagmatic.com\/wp-content\/uploads\/verpackungsmaschinen-ti1000-drucker-verpackungsdrucker-bagmatic-400x400.jpg 400w, https:\/\/www.bagmatic.com\/wp-content\/uploads\/verpackungsmaschinen-ti1000-drucker-verpackungsdrucker-bagmatic-800x800.jpg 800w, https:\/\/www.bagmatic.com\/wp-content\/uploads\/verpackungsmaschinen-ti1000-drucker-verpackungsdrucker-bagmatic-100x100.jpg 100w\" \/>\t\t\t<\/a>\n\t\t<\/div>\n\t\t<div class=\"hover-mask\">\n\t\t\t<h3 class=\"wd-entities-title category-title\">\n\t\t\t\tDrucker\t\t\t<\/h3>\n\n\t\t\t\n\t\t\t\t\t<\/div>\n\n\t\t\t\t<a href=\"https:\/\/www.bagmatic.com\/de\/produkt-kategorie\/verpackungsmaschinen\/drucker\/\" class=\"category-link wd-fill\" aria-label=\"Product category drucker\"><\/a>\n\t\t\t<\/div>\n<\/div>\n\t\t\t\t\t<\/div>\n\t\t\t\t<\/div>\n\t\t\t\t[\/vc_column][\/vc_row][vc_row gap=&#8220;35&#8243; mobile_bg_img_hidden=&#8220;no&#8220; tablet_bg_img_hidden=&#8220;no&#8220; woodmart_parallax=&#8220;0&#8243; woodmart_gradient_switch=&#8220;no&#8220; row_reverse_mobile=&#8220;0&#8243; row_reverse_tablet=&#8220;0&#8243; woodmart_disable_overflow=&#8220;0&#8243;][vc_column width=&#8220;1\/2&#8243;][vc_column_text text_larger=&#8220;no&#8220; woodmart_inline=&#8220;no&#8220;]<\/p>\n<h2>Vom Tischger\u00e4t bis zur Industrieanlage alles aus einer Hand<\/h2>\n<p>Das Maschinenprogramm von BagMatic umfasst <a href=\"https:\/\/www.bagmatic.com\/de\/verpackungsmaschinen\/tischmaschinen\/\">Tischmaschinen<\/a> f\u00fcr den manuellen und halbautomatischen Betrieb sowie <a href=\"https:\/\/www.bagmatic.com\/de\/verpackungsmaschinen\/industriemaschinen\/\">Industriemaschinen<\/a> f\u00fcr den Dauereinsatz in der Serienproduktion. Welche Verpackungsanlage zu Ihrem Bedarf passt, h\u00e4ngt von Durchsatz, Automatisierungsgrad und Produktart ab. Die folgende \u00dcbersicht zeigt die wichtigsten Modelle im Vergleich.<\/p>\n<table>\n<thead>\n<tr>\n<th>Modell<\/th>\n<th>Typ<\/th>\n<th>Automatisierung<\/th>\n<th>Besonderheit<\/th>\n<\/tr>\n<\/thead>\n<tbody>\n<tr>\n<td>T-200<\/td>\n<td>Tischmaschine<\/td>\n<td>Manuell<\/td>\n<td>Einstiegsmodell ab 2.600 Euro<\/td>\n<\/tr>\n<tr>\n<td>T-275<\/td>\n<td>Tischmaschine<\/td>\n<td>Automatisch<\/td>\n<td>Kompakt f\u00fcr mittlere Serien<\/td>\n<\/tr>\n<tr>\n<td>T-300<\/td>\n<td>Tischmaschine<\/td>\n<td>Automatisch<\/td>\n<td>Mit Verschwei\u00dfer oder Beutel\u00f6ffner<\/td>\n<\/tr>\n<tr>\n<td>T-375<\/td>\n<td>Tischmaschine<\/td>\n<td>Automatisch<\/td>\n<td>Integrierter Drucker<\/td>\n<\/tr>\n<tr>\n<td>T-1000<\/td>\n<td>Industriemaschine<\/td>\n<td>Vollautomatisch<\/td>\n<td>Bis zu 100 Beutel pro Minute<\/td>\n<\/tr>\n<tr>\n<td>T-1000H<\/td>\n<td>Industriemaschine<\/td>\n<td>Vollautomatisch<\/td>\n<td>Waagerechte Verarbeitung<\/td>\n<\/tr>\n<\/tbody>\n<\/table>\n<p>F\u00fcr kleinere Betriebe eignen sich die Tischmaschinen T-200 oder T-275 als Einstieg in die automatische Beutelverpackung. Produzierende Unternehmen mit hohem Durchsatz setzen auf die T-1000, die meistverkaufte Verpackungsanlage im BagMatic Sortiment. Erg\u00e4nzende Wiegesysteme wie die US-5000 und Inline-ZEBRA-Drucker lassen sich mit jedem Modell kombinieren.<\/p>\n<p>Alle Komponenten stammen aus einem aufeinander abgestimmten System. BagMatic liefert, montiert und nimmt die komplette Verpackungsanlage in Betrieb. Ihre Mitarbeiter erhalten eine umfassende Schulung vor Ort, damit die Anlage vom ersten Tag an produktiv arbeitet.<\/p>\n<h2>Automatische Verpackungsanlagen mit sofortiger Verf\u00fcgbarkeit<\/h2>\n<p>Automatische Verpackungsanlagen verk\u00fcrzen R\u00fcstzeiten und senken die Lohnkosten pro verpackter Einheit sp\u00fcrbar. BagMatic f\u00fchrt sowohl neue als auch \u00fcberholte Maschinen auf Lager, sodass Lieferzeiten von wenigen Tagen realistisch sind. Wer eine Verpackungsanlage kaufen und zeitnah in Betrieb nehmen m\u00f6chte, profitiert von dieser Lagerverf\u00fcgbarkeit.<\/p>\n<p>F\u00fcr Flexibilit\u00e4t bei der Finanzierung bietet BagMatic <a href=\"https:\/\/www.bagmatic.com\/de\/leasing-vermietung-kurzfristig-langfristig\/\">Leasing und Vermietung<\/a> als Alternative zum Direktkauf an. Kurzfristige Mietmodelle eignen sich besonders f\u00fcr saisonale Produktionsspitzen oder Testphasen vor einer langfristigen Investition. So lassen sich automatische Verpackungsanlagen im realen Betrieb evaluieren, bevor Sie sich festlegen.<\/p>\n<p>Die <a href=\"https:\/\/www.bagmatic.com\/de\/verpackungsroboter-vision-robot\/\">Roboterintegration<\/a> hebt den Automatisierungsgrad noch weiter an. Per Roboter werden Teile vollst\u00e4ndig ohne manuelle Handgriffe in Beutel geladen. In Kombination mit Zufuhrsystemen wie dem Flexible Feeder oder dem UF-5000 entstehen vollautomatische Verpackungsanlagen, die ohne permanente Bedieneraufsicht arbeiten.[\/vc_column_text][\/vc_column][vc_column width=&#8220;1\/2&#8243;][vc_column_text text_larger=&#8220;no&#8220; woodmart_inline=&#8220;no&#8220;]<\/p>\n<h2>Individuelle L\u00f6sungen f\u00fcr Pharma, Lebensmittel und Kosmetik<\/h2>\n<p>Verpackungsanlagen von BagMatic sind in zahlreichen <a href=\"https:\/\/www.bagmatic.com\/de\/anwendungsbereiche\/\">Anwendungsbereichen<\/a> im Einsatz. In der Pharmaindustrie verpacken sie Sterilgut, Implantate und Pillen unter strengen Hygieneanforderungen. Die Lebensmittelbranche nutzt die Maschinen f\u00fcr S\u00fc\u00dfigkeiten, Samen und Gew\u00fcrze, w\u00e4hrend in der Kosmetik Proben und Kleinverpackungen effizient bef\u00fcllt werden.<\/p>\n<p>F\u00fcr besonders kleine oder leichte Produkte wie Blumensamen oder Elektronikbauteile bietet BagMatic eine spezielle Kleinteil-Z\u00e4hlermaschine. Diese arbeitet mit Vibrationsf\u00f6rderung und optischer Erfassung, um auch Teile pr\u00e4zise zu z\u00e4hlen, die herk\u00f6mmliche Z\u00e4hlwaagen nicht registrieren. Ein Spezialverfahren neutralisiert zudem statische Elektrizit\u00e4t vor dem Bef\u00fcllen, damit Teile nicht am Beutelmaterial haften.<\/p>\n<p>Die <a href=\"https:\/\/www.bagmatic.com\/de\/beutel-folien\/\">Beutel und Folien<\/a> werden ebenfalls auf die jeweilige Branche abgestimmt. BagMatic liefert Kettenbeutel auf Rollen in verschiedenen Qualit\u00e4ten, darunter biologisch abbaubare Varianten und Tyvek Medical Beutel f\u00fcr den Pharmabereich. Kundenspezifische Bedruckung ist ab kleinen Auflagen m\u00f6glich.<\/p>\n<h3>Das Vision System sichert Qualit\u00e4t in Ihrer Verpackungsanlage<\/h3>\n<p>Das einzigartige Vision System von BagMatic kontrolliert den Inhalt jedes Beutels optisch und in Echtzeit. Es erkennt fehlende, \u00fcberz\u00e4hlige oder besch\u00e4digte Teile und stoppt die Verpackungsanlage automatisch bei Abweichungen. Dadurch reduzieren sich Reklamationen und Nacharbeitskosten messbar.<\/p>\n<p>Die Technologie eignet sich besonders f\u00fcr Branchen mit hohen Qualit\u00e4tsanforderungen wie Pharma und Medizintechnik. In Kombination mit den Z\u00e4hlsystemen der US-9000 Reihe entsteht eine doppelte Absicherung, die sowohl Gewicht als auch optische Vollst\u00e4ndigkeit \u00fcberwacht. BagMatic installiert und kalibriert das Vision System direkt an Ihrer Verpackungsanlage.<\/p>\n<p>Der europaweite <a href=\"https:\/\/www.bagmatic.com\/de\/service-dienstleistungen\/\">Kundendienst<\/a> garantiert eine Reaktionszeit von 48 Stunden. Servicetechniker kommen bei Bedarf direkt zu Ihnen und halten ein umfassendes Ersatzteillager vor. Schulungen und Fortbildungskurse f\u00fcr Ihre Bediener runden das Serviceangebot ab, damit Ihre Verpackungsanlage dauerhaft zuverl\u00e4ssig arbeitet.[\/vc_column_text][\/vc_column][\/vc_row]<\/p>\n<\/section>","protected":false},"excerpt":{"rendered":"<p>[vc_row gap=&#8220;35&#8243; mobile_bg_img_hidden=&#8220;no&#8220; tablet_bg_img_hidden=&#8220;no&#8220; woodmart_parallax=&#8220;0&#8243; woodmart_gradient_switch=&#8220;no&#8220; row_reverse_mobile=&#8220;0&#8243; row_reverse_tablet=&#8220;0&#8243; woodmart_disable_overflow=&#8220;0&#8243;][vc_column width=&#8220;1\/2&#8243;][vc_single_image image=&#8220;135&#8243; img_size=&#8220;large&#8220; parallax_scroll=&#8220;no&#8220;][\/vc_column][vc_column width=&#8220;1\/2&#8243;][vc_column_text text_larger=&#8220;no&#8220; woodmart_inline=&#8220;no&#8220;] Verpackungsanlagen f\u00fcr jede Branche<\/p>\n","protected":false},"author":5,"featured_media":0,"parent":0,"menu_order":0,"comment_status":"closed","ping_status":"closed","template":"","meta":[],"yoast_head":"<!-- This site is optimized with the Yoast SEO plugin v20.1 - https:\/\/yoast.com\/wordpress\/plugins\/seo\/ -->\n<title>Verpackungsanlagen kaufen vom Hersteller | BagMatic<\/title>\n<meta name=\"description\" content=\"Automatische Verpackungsanlagen von BagMatic. Neue und \u00fcberholte Maschinen auf Lager. Jetzt unverbindlich anfragen.\" \/>\n<meta name=\"robots\" content=\"index, follow, max-snippet:-1, max-image-preview:large, max-video-preview:-1\" \/>\n<link rel=\"canonical\" href=\"https:\/\/www.bagmatic.com\/de\/verpackungsanlage\/\" \/>\n<meta property=\"og:locale\" content=\"de_DE\" \/>\n<meta property=\"og:type\" content=\"article\" \/>\n<meta property=\"og:title\" content=\"Verpackungsanlagen kaufen vom Hersteller | BagMatic\" \/>\n<meta property=\"og:description\" content=\"Automatische Verpackungsanlagen von BagMatic. Neue und \u00fcberholte Maschinen auf Lager. Jetzt unverbindlich anfragen.\" \/>\n<meta property=\"og:url\" content=\"https:\/\/www.bagmatic.com\/de\/verpackungsanlage\/\" \/>\n<meta property=\"og:site_name\" content=\"BagMatic\" \/>\n<meta name=\"twitter:card\" content=\"summary_large_image\" \/>\n<meta name=\"twitter:label1\" content=\"Gesch\u00e4tzte Lesezeit\" \/>\n\t<meta name=\"twitter:data1\" content=\"5\u00a0Minuten\" \/>\n<script type=\"application\/ld+json\" class=\"yoast-schema-graph\">{\"@context\":\"https:\/\/schema.org\",\"@graph\":[{\"@type\":\"WebPage\",\"@id\":\"https:\/\/www.bagmatic.com\/de\/verpackungsanlage\/\",\"url\":\"https:\/\/www.bagmatic.com\/de\/verpackungsanlage\/\",\"name\":\"Verpackungsanlagen kaufen vom Hersteller | BagMatic\",\"isPartOf\":{\"@id\":\"https:\/\/www.bagmatic.com\/de\/#website\"},\"datePublished\":\"2026-04-02T13:06:30+00:00\",\"dateModified\":\"2026-04-02T13:06:30+00:00\",\"description\":\"Automatische Verpackungsanlagen von BagMatic. Neue und \u00fcberholte Maschinen auf Lager. Jetzt unverbindlich anfragen.\",\"breadcrumb\":{\"@id\":\"https:\/\/www.bagmatic.com\/de\/verpackungsanlage\/#breadcrumb\"},\"inLanguage\":\"de\",\"potentialAction\":[{\"@type\":\"ReadAction\",\"target\":[\"https:\/\/www.bagmatic.com\/de\/verpackungsanlage\/\"]}]},{\"@type\":\"BreadcrumbList\",\"@id\":\"https:\/\/www.bagmatic.com\/de\/verpackungsanlage\/#breadcrumb\",\"itemListElement\":[{\"@type\":\"ListItem\",\"position\":1,\"name\":\"Start\",\"item\":\"https:\/\/www.bagmatic.com\/de\/\"},{\"@type\":\"ListItem\",\"position\":2,\"name\":\"Verpackungsanlage\"}]},{\"@type\":\"WebSite\",\"@id\":\"https:\/\/www.bagmatic.com\/de\/#website\",\"url\":\"https:\/\/www.bagmatic.com\/de\/\",\"name\":\"BagMatic\",\"description\":\"\",\"publisher\":{\"@id\":\"https:\/\/www.bagmatic.com\/de\/#organization\"},\"potentialAction\":[{\"@type\":\"SearchAction\",\"target\":{\"@type\":\"EntryPoint\",\"urlTemplate\":\"https:\/\/www.bagmatic.com\/de\/?s={search_term_string}\"},\"query-input\":\"required name=search_term_string\"}],\"inLanguage\":\"de\"},{\"@type\":\"Organization\",\"@id\":\"https:\/\/www.bagmatic.com\/de\/#organization\",\"name\":\"BAGMATIC\u00ae GmbH\",\"url\":\"https:\/\/www.bagmatic.com\/de\/\",\"logo\":{\"@type\":\"ImageObject\",\"inLanguage\":\"de\",\"@id\":\"https:\/\/www.bagmatic.com\/de\/#\/schema\/logo\/image\/\",\"url\":\"https:\/\/www.bagmatic.com\/wp-content\/uploads\/bagmatic-logo.png\",\"contentUrl\":\"https:\/\/www.bagmatic.com\/wp-content\/uploads\/bagmatic-logo.png\",\"width\":500,\"height\":114,\"caption\":\"BAGMATIC\u00ae GmbH\"},\"image\":{\"@id\":\"https:\/\/www.bagmatic.com\/de\/#\/schema\/logo\/image\/\"}}]}<\/script>\n<!-- \/ Yoast SEO plugin. -->","yoast_head_json":{"title":"Verpackungsanlagen kaufen vom Hersteller | BagMatic","description":"Automatische Verpackungsanlagen von BagMatic. Neue und \u00fcberholte Maschinen auf Lager. Jetzt unverbindlich anfragen.","robots":{"index":"index","follow":"follow","max-snippet":"max-snippet:-1","max-image-preview":"max-image-preview:large","max-video-preview":"max-video-preview:-1"},"canonical":"https:\/\/www.bagmatic.com\/de\/verpackungsanlage\/","og_locale":"de_DE","og_type":"article","og_title":"Verpackungsanlagen kaufen vom Hersteller | BagMatic","og_description":"Automatische Verpackungsanlagen von BagMatic. Neue und \u00fcberholte Maschinen auf Lager. Jetzt unverbindlich anfragen.","og_url":"https:\/\/www.bagmatic.com\/de\/verpackungsanlage\/","og_site_name":"BagMatic","twitter_card":"summary_large_image","twitter_misc":{"Gesch\u00e4tzte Lesezeit":"5\u00a0Minuten"},"schema":{"@context":"https:\/\/schema.org","@graph":[{"@type":"WebPage","@id":"https:\/\/www.bagmatic.com\/de\/verpackungsanlage\/","url":"https:\/\/www.bagmatic.com\/de\/verpackungsanlage\/","name":"Verpackungsanlagen kaufen vom Hersteller | BagMatic","isPartOf":{"@id":"https:\/\/www.bagmatic.com\/de\/#website"},"datePublished":"2026-04-02T13:06:30+00:00","dateModified":"2026-04-02T13:06:30+00:00","description":"Automatische Verpackungsanlagen von BagMatic. Neue und \u00fcberholte Maschinen auf Lager. Jetzt unverbindlich anfragen.","breadcrumb":{"@id":"https:\/\/www.bagmatic.com\/de\/verpackungsanlage\/#breadcrumb"},"inLanguage":"de","potentialAction":[{"@type":"ReadAction","target":["https:\/\/www.bagmatic.com\/de\/verpackungsanlage\/"]}]},{"@type":"BreadcrumbList","@id":"https:\/\/www.bagmatic.com\/de\/verpackungsanlage\/#breadcrumb","itemListElement":[{"@type":"ListItem","position":1,"name":"Start","item":"https:\/\/www.bagmatic.com\/de\/"},{"@type":"ListItem","position":2,"name":"Verpackungsanlage"}]},{"@type":"WebSite","@id":"https:\/\/www.bagmatic.com\/de\/#website","url":"https:\/\/www.bagmatic.com\/de\/","name":"BagMatic","description":"","publisher":{"@id":"https:\/\/www.bagmatic.com\/de\/#organization"},"potentialAction":[{"@type":"SearchAction","target":{"@type":"EntryPoint","urlTemplate":"https:\/\/www.bagmatic.com\/de\/?s={search_term_string}"},"query-input":"required name=search_term_string"}],"inLanguage":"de"},{"@type":"Organization","@id":"https:\/\/www.bagmatic.com\/de\/#organization","name":"BAGMATIC\u00ae GmbH","url":"https:\/\/www.bagmatic.com\/de\/","logo":{"@type":"ImageObject","inLanguage":"de","@id":"https:\/\/www.bagmatic.com\/de\/#\/schema\/logo\/image\/","url":"https:\/\/www.bagmatic.com\/wp-content\/uploads\/bagmatic-logo.png","contentUrl":"https:\/\/www.bagmatic.com\/wp-content\/uploads\/bagmatic-logo.png","width":500,"height":114,"caption":"BAGMATIC\u00ae GmbH"},"image":{"@id":"https:\/\/www.bagmatic.com\/de\/#\/schema\/logo\/image\/"}}]}},"_links":{"self":[{"href":"https:\/\/www.bagmatic.com\/de\/wp-json\/wp\/v2\/pages\/2557"}],"collection":[{"href":"https:\/\/www.bagmatic.com\/de\/wp-json\/wp\/v2\/pages"}],"about":[{"href":"https:\/\/www.bagmatic.com\/de\/wp-json\/wp\/v2\/types\/page"}],"author":[{"embeddable":true,"href":"https:\/\/www.bagmatic.com\/de\/wp-json\/wp\/v2\/users\/5"}],"replies":[{"embeddable":true,"href":"https:\/\/www.bagmatic.com\/de\/wp-json\/wp\/v2\/comments?post=2557"}],"version-history":[{"count":1,"href":"https:\/\/www.bagmatic.com\/de\/wp-json\/wp\/v2\/pages\/2557\/revisions"}],"predecessor-version":[{"id":2558,"href":"https:\/\/www.bagmatic.com\/de\/wp-json\/wp\/v2\/pages\/2557\/revisions\/2558"}],"wp:attachment":[{"href":"https:\/\/www.bagmatic.com\/de\/wp-json\/wp\/v2\/media?parent=2557"}],"curies":[{"name":"wp","href":"https:\/\/api.w.org\/{rel}","templated":true}]}}