{"id":26,"date":"2019-07-23T11:42:12","date_gmt":"2019-07-23T09:42:12","guid":{"rendered":"https:\/\/2019.bagmatic.com\/?page_id=26"},"modified":"2022-10-06T13:43:52","modified_gmt":"2022-10-06T11:43:52","slug":"beutel-folien","status":"publish","type":"page","link":"https:\/\/www.bagmatic.com\/de\/beutel-folien\/","title":{"rendered":"Beutel &#038; Folien (Folienbeutel \/ Folienverpackung)"},"content":{"rendered":"<section class=\"wpb-content-wrapper\"><p>[vc_row][vc_column][vc_column_text text_larger=&#8220;no&#8220;]<\/p>\n<h1 style=\"text-align: center;\">Wir haben vorge\u00f6ffnete Beutel auf Rollen zur sofortigen Lieferung auf Lager<\/h1>\n<p>[\/vc_column_text][\/vc_column][\/vc_row][vc_row][vc_column width=&#8220;1\/2&#8243;][vc_single_image image=&#8220;98&#8243; img_size=&#8220;large&#8220; alignment=&#8220;center&#8220; parallax_scroll=&#8220;no&#8220;][vc_column_text text_larger=&#8220;no&#8220; css=&#8220;.vc_custom_1663766256176{padding-top: 20px !important;}&#8220;]<strong>Beuteldimensionen (Lager)<\/strong><\/p>\n<p>F\u00fcr St\u00e4rke 40 \u00b5: 50 mm x 75 mm bis 200 mm x 250 mm.<br \/>\nF\u00fcr St\u00e4rke 50 \u00b5: 50 mm x 75 mm bis 225 mm x 315 mm.<br \/>\nF\u00fcr St\u00e4rke 75 \u00b5: 75 mm x 75 mm bis 225 mm x 315 mm.<br \/>\nF\u00fcr St\u00e4rke 100 \u00b5: 75 mm x 100 mm bis 250 mm x 300 mm.<\/p>\n<p><strong>Beuteldimensionen (kundenspezifische)\u00a0<\/strong><\/p>\n<p>von 50 mm x 50 mm bis 450 mm x 900 mm \/\u00a0St\u00e4rke von 25 \u2013 125 \u00b5.<\/p>\n<p><strong>Beuteleigenschaften<\/strong><\/p>\n<ul>\n<li>Stark, klar, f\u00fcr schweren Inhalt<\/li>\n<li>Klarfolie, antistatisch, z.B. f\u00fcr elektronische Komponenten<\/li>\n<li>gef\u00e4rbter Beutel, antistatisch, z. B. f\u00fcr elektronische<br \/>\nKomponenten<\/li>\n<li>F\u00fcr allgemeine Industrieprodukte, Billigfolie<\/li>\n<li>Klar, hohe Festigkeit, z. B. f\u00fcr scharfe Produkte<\/li>\n<li>VCI, verhindert Korrosion, sauber und trocken<\/li>\n<li>Vorderseite klar, R\u00fcckseite wei\u00df (oder andere Farbe)<br \/>\ngeeignet f\u00fcr Thermodruck FDA, z. B. f\u00fcr Medizin<\/li>\n<li>Biomaterial, selbstaufl\u00f6slich f\u00fcr allgemeine industrielle<br \/>\nHardware<\/li>\n<li>Kombination aus Tyvek und Polyester, steril f\u00fcr Medizin<\/li>\n<\/ul>\n<p>[\/vc_column_text][\/vc_column][vc_column width=&#8220;1\/2&#8243;][vc_column_text text_larger=&#8220;no&#8220;]<strong>Verpackungskosten senken durch passende Beutel, d.h. Kettenbeutel auf Rollen<\/strong><\/p>\n<p>Bagmatic bietet Ihnen beste M\u00f6glichkeiten durch die Just-In-Time (JIT) &#8211; Bevorratung f\u00fcr Standard-Beutel, Beutel mit speziellen Folien und Eigenschaften sowie kundenspezifische Beutel. Alle unsere Beutel sind Flachbeutel, d.h. vorge\u00f6ffnete Kettenbeutel auf Rollen.<\/p>\n<p>Die konfektionierten Beutel sind eine hervorragende Alternative zu Schlauchbeuteln. Zwar ist der St\u00fcckpreis bei vorgefertigten Kettenbeuteln auf Rollen h\u00f6her als bei Schlauchbeuteln, aber die Produktion mit Beutelverpackungsmaschinen, kurz Beutelmaschinen, geht wesentlich schneller voran als das Bef\u00fcllen von Schlauchbeuteln. Durch die Zeiteinsparung beim Beladen der Beutel senken sich die Kosten trotz des h\u00f6heren St\u00fcckpreises der Beutel. Das Verpacken in Schlauchbeutel ist arbeitsintensiver als das Verpacken mit automatischen oder halbautomatischen Beutelmaschinen. Bei der Beutelmaschine k\u00f6nnen die Rollen mit Kettenbeuteln in den verschiedenen Gr\u00f6\u00dfen und Qualit\u00e4ten in unter zwei Minuten gewechselt werden.<\/p>\n<p><strong>Lagern Sie Ihre Kettenbeutel bei uns<\/strong><br \/>\nDurch kombinierte Bestellmengen der Kettenbeutel f\u00fcr die Beutelmaschine in Form eines Rahmenauftrages k\u00f6nnen Sie bei gr\u00f6\u00dferen Mengen von Staffelpreisen profitieren, wobei wir Ihnen durch rechtzeitige Lieferungen auch niedrigere Lagerhaltungskosten und verbesserten Cashflow zusichern k\u00f6nnen.<\/p>\n<p><strong>Wir bieten 100% biologisch abbaubare Folie f\u00fcr unsere Beutel an!<\/strong>[\/vc_column_text][\/vc_column][\/vc_row][vc_row gap=&#8220;20&#8243; equal_height=&#8220;yes&#8220; content_placement=&#8220;bottom&#8220; mobile_bg_img_hidden=&#8220;no&#8220; tablet_bg_img_hidden=&#8220;no&#8220; woodmart_parallax=&#8220;0&#8243; woodmart_gradient_switch=&#8220;no&#8220; row_reverse_mobile=&#8220;0&#8243; row_reverse_tablet=&#8220;0&#8243; woodmart_disable_overflow=&#8220;0&#8243;][vc_column width=&#8220;1\/4&#8243;][vc_single_image image=&#8220;106&#8243; alignment=&#8220;center&#8220; onclick=&#8220;custom_link&#8220; parallax_scroll=&#8220;no&#8220; link=&#8220;https:\/\/www.bagmatic.com\/de\/beutel-folien\/industriebeutel\/&#8220;][vc_column_text text_larger=&#8220;no&#8220; css=&#8220;.vc_custom_1571209065857{padding-top: 20px !important;}&#8220;]<\/p>\n<p style=\"text-align: center;\"><a href=\"https:\/\/www.bagmatic.com\/de\/beutel-folien\/industriebeutel\/\"><strong>Industriebeutel<\/strong><\/a><\/p>\n<p>[\/vc_column_text][\/vc_column][vc_column width=&#8220;1\/4&#8243;][vc_single_image image=&#8220;108&#8243; alignment=&#8220;center&#8220; onclick=&#8220;custom_link&#8220; parallax_scroll=&#8220;no&#8220; link=&#8220;https:\/\/www.bagmatic.com\/de\/beutel-folien\/kundenspezifische-beutel-bedruckung\/&#8220;][vc_column_text text_larger=&#8220;no&#8220; css=&#8220;.vc_custom_1571209070510{padding-top: 20px !important;}&#8220;]<\/p>\n<p style=\"text-align: center;\"><a href=\"https:\/\/www.bagmatic.com\/de\/beutel-folien\/kundenspezifische-beutel-bedruckung\/\"><strong>Bedruckte Beutel<\/strong><\/a><\/p>\n<p>[\/vc_column_text][\/vc_column][vc_column width=&#8220;1\/4&#8243;][vc_single_image image=&#8220;104&#8243; alignment=&#8220;center&#8220; onclick=&#8220;custom_link&#8220; parallax_scroll=&#8220;no&#8220; link=&#8220;https:\/\/www.bagmatic.com\/de\/beutel-folien\/verpackungsfolie\/&#8220;][vc_column_text text_larger=&#8220;no&#8220; css=&#8220;.vc_custom_1571209074528{padding-top: 20px !important;}&#8220;]<\/p>\n<p style=\"text-align: center;\"><a href=\"https:\/\/www.bagmatic.com\/de\/beutel-folien\/verpackungsfolie\/\"><strong>Verpackungsfolie<\/strong><\/a><\/p>\n<p>[\/vc_column_text][\/vc_column][vc_column width=&#8220;1\/4&#8243;][vc_single_image image=&#8220;100&#8243; alignment=&#8220;center&#8220; onclick=&#8220;custom_link&#8220; parallax_scroll=&#8220;no&#8220; link=&#8220;https:\/\/www.bagmatic.com\/de\/beutel-folien\/umweltvertraegliche-folien\/&#8220;][vc_column_text text_larger=&#8220;no&#8220; css=&#8220;.vc_custom_1571209078542{padding-top: 20px !important;}&#8220;]<\/p>\n<p style=\"text-align: center;\"><a href=\"https:\/\/www.bagmatic.com\/de\/beutel-folien\/umweltvertraegliche-folien\/\"><strong>Umweltvertr\u00e4gliche Folien<\/strong><\/a><\/p>\n<p>[\/vc_column_text][\/vc_column][\/vc_row][vc_row gap=&#8220;35&#8243; mobile_bg_img_hidden=&#8220;no&#8220; tablet_bg_img_hidden=&#8220;no&#8220; woodmart_parallax=&#8220;0&#8243; woodmart_gradient_switch=&#8220;no&#8220; row_reverse_mobile=&#8220;0&#8243; row_reverse_tablet=&#8220;0&#8243; woodmart_disable_overflow=&#8220;0&#8243;][vc_column width=&#8220;1\/2&#8243;][vc_column_text text_larger=&#8220;no&#8220;]Bagmatic ist der professionelle Partner, wenn es um hochwertigen Folienbedarf geht und unterst\u00fctzt Sie bei der Suche eines geeigneten <strong>Folienhersteller f\u00fcr Ihre Verpackungen und Verpackungsmaschinen<\/strong>. Advanced Poly Packaging ist eine Qualit\u00e4ts-Marke, die von Bagmatic exklusiv vertrieben wird und eine gro\u00dfe Auswahl an individuellen Verpackungsm\u00f6glichkeiten bietet<strong>. Stretchfolie<\/strong> und <strong>Folienbeutel,<\/strong> oder auch <strong>Luftpolsterfolie<\/strong> und<strong> Folien-T\u00fcten<\/strong>, z\u00e4hlen zum Qualit\u00e4ts-Sortiment von Bagmatic. Effiziente <strong>Verpackungsmaschinen,<\/strong> die voll automatisiert arbeiten, \u00fcbernehmen die fachgerechte Anbringung der <strong>PPC-Folien<\/strong>.<\/p>\n<p>Die richtige<strong> Folienverpackung<\/strong> hilft, ihre Produkte erfolgreich zu pr\u00e4sentieren. Da das Produkt nicht nur gesch\u00fctzt, sondern durch die Verpackung auch optisch perfekt in Szene gesetzt werden soll, ist es sehr wichtig, dass Sie die optimale Verpackungsl\u00f6sung f\u00fcr Ihre Produkte erhalten. Gerade Lebensmittel sind sehr Druck empfindlich und k\u00f6nnen durch die <strong>Folien<\/strong> vor Besch\u00e4digung gesch\u00fctzt werden.<strong> Folienbeutel<\/strong> sind zum Beispiel ideal f\u00fcr M\u00f6bel-Zubeh\u00f6r; kleine Schrauben-Sets k\u00f6nnen in den kleinen <strong>T\u00fcten<\/strong> sicher geliefert werden. Gebinde oder Pr\u00e4sente lassen sich in einem hochwertigen <strong>Folienbeutel<\/strong> sogar als h\u00fcbsche Geschenkverpackung verkaufen. Medikamente k\u00f6nnen in den Foliens\u00e4ckchen in der exakten Dosis abgepackt werden, damit die Medikamentenvergabe genau abgestimmt ist. Produkte mit <strong>Verpackungsmaschinenfolie folienverschwei\u00dfen<\/strong>, ist die beste L\u00f6sung f\u00fcr sicheren Transport und Pr\u00e4sentation.<\/p>\n<h2><strong>Dekorative Pr\u00e4sentation und bester Schutz durch hochwertige Folienverpackung &amp; Verpackungsfolie<\/strong><\/h2>\n<p>Schenken Sie ihren Produkten, mit einer perfekt abgestimmten <strong>Folienverpackung,<\/strong> Schutz und zugleich Transparenz. Der Kunde kann Frische und die Qualit\u00e4t trotz Verpackung erkennen und seine gekauften Produkte gesch\u00fctzt transportieren. F\u00fcr jede Branche pr\u00e4sentiert der Folienspezialist hochwertige <strong>Folien;<\/strong> finden Sie mit Bagmatic <strong>die individuelle Verpackungsl\u00f6sung f\u00fcr Ihre Produkte<\/strong>:<\/p>\n<ul>\n<li><strong>Beutelfolien <\/strong>sind optimal um Industrieprodukte zu verpacken. Die<strong> Folienbeutel<\/strong> sind sehr stark, so dass schwere Teile oder scharfe Gegenst\u00e4nde sicher umh\u00fcllt werden. Das Biomaterial ist selbstaufll\u00f6send und eignet sich f\u00fcr Thermodruck.<\/li>\n<li>Flowfresh<strong> Foliens\u00e4cke<\/strong> sind eine Kombination aus<strong> PP-Netz<\/strong> und<strong> PP Folie<\/strong>. Vorteil der Flowfresh <strong>Foliens\u00e4cke<\/strong> ist, eine hervorragende Bel\u00fcftung, die das Anlaufen der <strong>Folie <\/strong>verhindert. Die <strong>PP-Folie<\/strong> eignet sich zudem perfekt, um sie mit Firmenlogo zu bedrucken.<\/li>\n<li><strong>Twinpacks <\/strong>punkten ebenfalls durch eine gute Bel\u00fcftung, dies macht der Materialmix aus <strong>PE CLAF und PE Folie<\/strong> m\u00f6glich.<\/li>\n<li><strong>Stretchfolie <\/strong>ist optimal um unf\u00f6rmige Artikel, wie \u00c4pfel zu verpacken; sie kann manuell und maschinell angebracht werden. Die <strong>Dehnfolie<\/strong> verf\u00fcgt \u00fcber eine Antifog-Beschichtung.<\/li>\n<li>Der <strong>Doyback,<\/strong> auch <strong>Standbodenbeutel <\/strong>genannt, bietet neben dem gro\u00dfen F\u00fcllvolumen eine effektive Werbefl\u00e4che.<\/li>\n<\/ul>\n<p>[\/vc_column_text][\/vc_column][vc_column width=&#8220;1\/2&#8243;][vc_column_text text_larger=&#8220;no&#8220;]Die Folienauswahl, die von <strong>Kunststofffolie<\/strong> und <strong>Schlauchfolie (Folienschlauch)<\/strong>, bis zur <strong>Schrumpffolie<\/strong> und dem <strong>Folienschlauch<\/strong> reicht, macht die individuelle Wahl ihrer gew\u00fcnschten Verpackung ganz leicht. Mit dem <strong>Folienschwei\u00dfger\u00e4t<\/strong> werden die Folien professionell <strong>folienverschwei\u00dft<\/strong>.<\/p>\n<h4><strong>Die Folienbeutel lassen sich in vielen Bereichen einsetzen:<\/strong><\/h4>\n<ul>\n<li>Die Automobilindustrie profitiert von den Beutelverpackungsmaschinen, die durch <strong>Folienverschwei\u00dfung<\/strong> alle Kleinteile sicher aufbewahren.<\/li>\n<li>Elektronikverpackungen f\u00fcr Computer-Hardware lassen sich in <strong>Folienbeutel <\/strong>bestens <strong>folienverschwei\u00dfen.<\/strong><\/li>\n<li><strong>Kunststofffolie <\/strong>oder auch <strong>Schaumfolie <\/strong>schenken Produkten den n\u00f6tigen Schutz vor Besch\u00e4digung.<\/li>\n<li>Im Versandhandel geht heute nichts mehr ohne <strong>Verpackungsmaschinenfolie<\/strong>; die Folienverpackung ist dort nicht mehr wegzudenken, da sie Textilien vor Transportsch\u00e4den sch\u00fctzt.<\/li>\n<li>Luftfahrt- und Verteidigungsindustrie arbeiten schon seit Jahren mit <strong>Verpackungsmaschinenfolie<\/strong>, da diese beste Verpackungsoptionen liefert. <strong>Wickelfolie <\/strong>kommt dort sehr oft zum Einsatz.<\/li>\n<\/ul>\n<p>Die<strong> Folien<\/strong> sind einzeln oder zum Teil auch als Rollenware erh\u00e4ltlich; dazu beraten Sie die Folien-Spezialisten von Bagmatic gerne ganz ausf\u00fchrlich.<\/p>\n<h4><strong>Zeit gewinnen durch automatisierte Verpackungsmaschinen und passende Beutel und Folien<br \/>\n<\/strong><\/h4>\n<p>Verpackungsmaschinen lassen sich in vielen Branchen und Bereichen einsetzen und punkten durch eine lange Lebensdauer. Sollte Ihr Unternehmen einen gro\u00dfen Bedarf an<strong> Folienverpackung<\/strong> haben, dann sparen Sie Zeit und Geld, wenn die Arbeit von den automatisierten<strong> Verpackungsmaschinen<\/strong> \u00fcbernommen wird.<\/p>\n<p>In der Lebensmittelbranche sind die <strong>Verpackungsmaschinenfolien<\/strong> wirklich unentbehrlich, da hier durch die <strong>PP-Folien<\/strong>, die Haltbarkeit der Lebensmittel verl\u00e4ngert wird. In der Pharmaindustrie werden mit den Verpackungsger\u00e4ten viele Auflagen und hygienische Vorschriften erf\u00fcllt. Da die automatisierte Folienverpackung komplett optimiert ist, werden auch Logo-Druck und Strichcode problemlo<strong>s<\/strong> auf der <strong>Folie<\/strong> angebracht. Marketingstrategien k\u00f6nnen perfekt auf den <strong>Verpackungsmaschinenfolie <\/strong>umgesetzt werden. <strong>PP-Folie <\/strong>und s\u00e4mtliche Folienl\u00f6sungen, wie <strong>Folienbeutel, PPC-Folie, Stretchfolie<\/strong> oder <strong>Luftpolsterfolie<\/strong>, werden dazu vom Folien-Profi Bagmatic bereitgestellt.<\/p>\n<p>Bagmatic.com ist der richtige Ansprechpartner, wenn ein Fachbetrieb f\u00fcr Verpackungsoptimierung gefragt ist. Von der Verpackungsmaschine bis zur elastischen <strong>Dehnfolie,<\/strong> pr\u00e4sentiert der Verpackungsprofi alle Varianten einer optimalen <strong>Verpackungsmaschinenfolie<\/strong> f\u00fcr Ihre Produkte.<\/p>\n<p><strong>Profitieren Sie jetzt von den genialen Vorteilen einer fachgem\u00e4\u00dfen Folienverpackung!<\/strong>[\/vc_column_text][\/vc_column][\/vc_row]<\/p>\n<\/section>","protected":false},"excerpt":{"rendered":"<p>[vc_row][vc_column][vc_column_text text_larger=&#8220;no&#8220;] Wir haben vorge\u00f6ffnete Beutel auf Rollen zur sofortigen Lieferung auf Lager [\/vc_column_text][\/vc_column][\/vc_row][vc_row][vc_column width=&#8220;1\/2&#8243;][vc_single_image image=&#8220;98&#8243; img_size=&#8220;large&#8220; alignment=&#8220;center&#8220; parallax_scroll=&#8220;no&#8220;][vc_column_text text_larger=&#8220;no&#8220;<\/p>\n","protected":false},"author":1,"featured_media":0,"parent":0,"menu_order":0,"comment_status":"closed","ping_status":"closed","template":"","meta":[],"yoast_head":"<!-- This site is optimized with the Yoast SEO plugin v20.1 - https:\/\/yoast.com\/wordpress\/plugins\/seo\/ -->\n<title>Beutel &amp; Folie | Folienverpackung |\u00a0Verpackungsfolien | BagMatic<\/title>\n<meta name=\"description\" content=\"Dekorative Pr\u00e4sentation + bester Schutz durch Folienverpackung &amp; Verpackungsfolien \u2714 Industriebeutel \u2714 Beutel bedrucken \u2714 Umwelt biologisch abbaubare Beutel\" \/>\n<meta name=\"robots\" content=\"index, follow, max-snippet:-1, max-image-preview:large, max-video-preview:-1\" \/>\n<link rel=\"canonical\" href=\"https:\/\/www.bagmatic.com\/de\/beutel-folien\/\" \/>\n<meta property=\"og:locale\" content=\"de_DE\" \/>\n<meta property=\"og:type\" content=\"article\" \/>\n<meta property=\"og:title\" content=\"Beutel &amp; Folie | Folienverpackung |\u00a0Verpackungsfolien | BagMatic\" \/>\n<meta property=\"og:description\" content=\"Dekorative Pr\u00e4sentation + bester Schutz durch Folienverpackung &amp; Verpackungsfolien \u2714 Industriebeutel \u2714 Beutel bedrucken \u2714 Umwelt biologisch abbaubare Beutel\" \/>\n<meta property=\"og:url\" content=\"https:\/\/www.bagmatic.com\/de\/beutel-folien\/\" \/>\n<meta property=\"og:site_name\" content=\"BagMatic\" \/>\n<meta property=\"article:modified_time\" content=\"2022-10-06T11:43:52+00:00\" \/>\n<meta name=\"twitter:card\" content=\"summary_large_image\" \/>\n<meta name=\"twitter:label1\" content=\"Gesch\u00e4tzte Lesezeit\" \/>\n\t<meta name=\"twitter:data1\" content=\"7\u00a0Minuten\" \/>\n<script type=\"application\/ld+json\" class=\"yoast-schema-graph\">{\"@context\":\"https:\/\/schema.org\",\"@graph\":[{\"@type\":\"WebPage\",\"@id\":\"https:\/\/www.bagmatic.com\/de\/beutel-folien\/\",\"url\":\"https:\/\/www.bagmatic.com\/de\/beutel-folien\/\",\"name\":\"Beutel & Folie | Folienverpackung |\u00a0Verpackungsfolien | BagMatic\",\"isPartOf\":{\"@id\":\"https:\/\/www.bagmatic.com\/de\/#website\"},\"datePublished\":\"2019-07-23T09:42:12+00:00\",\"dateModified\":\"2022-10-06T11:43:52+00:00\",\"description\":\"Dekorative Pr\u00e4sentation + bester Schutz durch Folienverpackung & Verpackungsfolien \u2714 Industriebeutel \u2714 Beutel bedrucken \u2714 Umwelt biologisch abbaubare Beutel\",\"breadcrumb\":{\"@id\":\"https:\/\/www.bagmatic.com\/de\/beutel-folien\/#breadcrumb\"},\"inLanguage\":\"de\",\"potentialAction\":[{\"@type\":\"ReadAction\",\"target\":[\"https:\/\/www.bagmatic.com\/de\/beutel-folien\/\"]}]},{\"@type\":\"BreadcrumbList\",\"@id\":\"https:\/\/www.bagmatic.com\/de\/beutel-folien\/#breadcrumb\",\"itemListElement\":[{\"@type\":\"ListItem\",\"position\":1,\"name\":\"Start\",\"item\":\"https:\/\/www.bagmatic.com\/de\/\"},{\"@type\":\"ListItem\",\"position\":2,\"name\":\"Beutel &#038; Folien (Folienbeutel \/ Folienverpackung)\"}]},{\"@type\":\"WebSite\",\"@id\":\"https:\/\/www.bagmatic.com\/de\/#website\",\"url\":\"https:\/\/www.bagmatic.com\/de\/\",\"name\":\"BagMatic\",\"description\":\"\",\"publisher\":{\"@id\":\"https:\/\/www.bagmatic.com\/de\/#organization\"},\"potentialAction\":[{\"@type\":\"SearchAction\",\"target\":{\"@type\":\"EntryPoint\",\"urlTemplate\":\"https:\/\/www.bagmatic.com\/de\/?s={search_term_string}\"},\"query-input\":\"required name=search_term_string\"}],\"inLanguage\":\"de\"},{\"@type\":\"Organization\",\"@id\":\"https:\/\/www.bagmatic.com\/de\/#organization\",\"name\":\"BAGMATIC\u00ae GmbH\",\"url\":\"https:\/\/www.bagmatic.com\/de\/\",\"logo\":{\"@type\":\"ImageObject\",\"inLanguage\":\"de\",\"@id\":\"https:\/\/www.bagmatic.com\/de\/#\/schema\/logo\/image\/\",\"url\":\"https:\/\/www.bagmatic.com\/wp-content\/uploads\/bagmatic-logo.png\",\"contentUrl\":\"https:\/\/www.bagmatic.com\/wp-content\/uploads\/bagmatic-logo.png\",\"width\":500,\"height\":114,\"caption\":\"BAGMATIC\u00ae GmbH\"},\"image\":{\"@id\":\"https:\/\/www.bagmatic.com\/de\/#\/schema\/logo\/image\/\"}}]}<\/script>\n<!-- \/ Yoast SEO plugin. -->","yoast_head_json":{"title":"Beutel & Folie | Folienverpackung |\u00a0Verpackungsfolien | BagMatic","description":"Dekorative Pr\u00e4sentation + bester Schutz durch Folienverpackung & Verpackungsfolien \u2714 Industriebeutel \u2714 Beutel bedrucken \u2714 Umwelt biologisch abbaubare Beutel","robots":{"index":"index","follow":"follow","max-snippet":"max-snippet:-1","max-image-preview":"max-image-preview:large","max-video-preview":"max-video-preview:-1"},"canonical":"https:\/\/www.bagmatic.com\/de\/beutel-folien\/","og_locale":"de_DE","og_type":"article","og_title":"Beutel & Folie | Folienverpackung |\u00a0Verpackungsfolien | BagMatic","og_description":"Dekorative Pr\u00e4sentation + bester Schutz durch Folienverpackung & Verpackungsfolien \u2714 Industriebeutel \u2714 Beutel bedrucken \u2714 Umwelt biologisch abbaubare Beutel","og_url":"https:\/\/www.bagmatic.com\/de\/beutel-folien\/","og_site_name":"BagMatic","article_modified_time":"2022-10-06T11:43:52+00:00","twitter_card":"summary_large_image","twitter_misc":{"Gesch\u00e4tzte Lesezeit":"7\u00a0Minuten"},"schema":{"@context":"https:\/\/schema.org","@graph":[{"@type":"WebPage","@id":"https:\/\/www.bagmatic.com\/de\/beutel-folien\/","url":"https:\/\/www.bagmatic.com\/de\/beutel-folien\/","name":"Beutel & Folie | Folienverpackung |\u00a0Verpackungsfolien | BagMatic","isPartOf":{"@id":"https:\/\/www.bagmatic.com\/de\/#website"},"datePublished":"2019-07-23T09:42:12+00:00","dateModified":"2022-10-06T11:43:52+00:00","description":"Dekorative Pr\u00e4sentation + bester Schutz durch Folienverpackung & Verpackungsfolien \u2714 Industriebeutel \u2714 Beutel bedrucken \u2714 Umwelt biologisch abbaubare Beutel","breadcrumb":{"@id":"https:\/\/www.bagmatic.com\/de\/beutel-folien\/#breadcrumb"},"inLanguage":"de","potentialAction":[{"@type":"ReadAction","target":["https:\/\/www.bagmatic.com\/de\/beutel-folien\/"]}]},{"@type":"BreadcrumbList","@id":"https:\/\/www.bagmatic.com\/de\/beutel-folien\/#breadcrumb","itemListElement":[{"@type":"ListItem","position":1,"name":"Start","item":"https:\/\/www.bagmatic.com\/de\/"},{"@type":"ListItem","position":2,"name":"Beutel &#038; Folien (Folienbeutel \/ Folienverpackung)"}]},{"@type":"WebSite","@id":"https:\/\/www.bagmatic.com\/de\/#website","url":"https:\/\/www.bagmatic.com\/de\/","name":"BagMatic","description":"","publisher":{"@id":"https:\/\/www.bagmatic.com\/de\/#organization"},"potentialAction":[{"@type":"SearchAction","target":{"@type":"EntryPoint","urlTemplate":"https:\/\/www.bagmatic.com\/de\/?s={search_term_string}"},"query-input":"required name=search_term_string"}],"inLanguage":"de"},{"@type":"Organization","@id":"https:\/\/www.bagmatic.com\/de\/#organization","name":"BAGMATIC\u00ae GmbH","url":"https:\/\/www.bagmatic.com\/de\/","logo":{"@type":"ImageObject","inLanguage":"de","@id":"https:\/\/www.bagmatic.com\/de\/#\/schema\/logo\/image\/","url":"https:\/\/www.bagmatic.com\/wp-content\/uploads\/bagmatic-logo.png","contentUrl":"https:\/\/www.bagmatic.com\/wp-content\/uploads\/bagmatic-logo.png","width":500,"height":114,"caption":"BAGMATIC\u00ae GmbH"},"image":{"@id":"https:\/\/www.bagmatic.com\/de\/#\/schema\/logo\/image\/"}}]}},"_links":{"self":[{"href":"https:\/\/www.bagmatic.com\/de\/wp-json\/wp\/v2\/pages\/26"}],"collection":[{"href":"https:\/\/www.bagmatic.com\/de\/wp-json\/wp\/v2\/pages"}],"about":[{"href":"https:\/\/www.bagmatic.com\/de\/wp-json\/wp\/v2\/types\/page"}],"author":[{"embeddable":true,"href":"https:\/\/www.bagmatic.com\/de\/wp-json\/wp\/v2\/users\/1"}],"replies":[{"embeddable":true,"href":"https:\/\/www.bagmatic.com\/de\/wp-json\/wp\/v2\/comments?post=26"}],"version-history":[{"count":13,"href":"https:\/\/www.bagmatic.com\/de\/wp-json\/wp\/v2\/pages\/26\/revisions"}],"predecessor-version":[{"id":2116,"href":"https:\/\/www.bagmatic.com\/de\/wp-json\/wp\/v2\/pages\/26\/revisions\/2116"}],"wp:attachment":[{"href":"https:\/\/www.bagmatic.com\/de\/wp-json\/wp\/v2\/media?parent=26"}],"curies":[{"name":"wp","href":"https:\/\/api.w.org\/{rel}","templated":true}]}}