{"id":28,"date":"2019-07-23T11:43:39","date_gmt":"2019-07-23T09:43:39","guid":{"rendered":"https:\/\/2019.bagmatic.com\/?page_id=28"},"modified":"2023-08-29T16:39:04","modified_gmt":"2023-08-29T14:39:04","slug":"verpackungsmaschinen","status":"publish","type":"page","link":"https:\/\/www.bagmatic.com\/de\/verpackungsmaschinen\/","title":{"rendered":"Verpackungsmaschinen"},"content":{"rendered":"<section class=\"wpb-content-wrapper\"><p>[vc_row gap=&#8220;35&#8243; mobile_bg_img_hidden=&#8220;no&#8220; tablet_bg_img_hidden=&#8220;no&#8220; woodmart_parallax=&#8220;0&#8243; woodmart_gradient_switch=&#8220;no&#8220; row_reverse_mobile=&#8220;0&#8243; row_reverse_tablet=&#8220;0&#8243; woodmart_disable_overflow=&#8220;0&#8243;][vc_column width=&#8220;1\/2&#8243;][vc_single_image image=&#8220;135&#8243; img_size=&#8220;large&#8220; parallax_scroll=&#8220;no&#8220;][\/vc_column][vc_column width=&#8220;1\/2&#8243;][vc_column_text text_larger=&#8220;no&#8220;]Bagmatic vertreibt exklusiv die von Advanced Poly Packaging\u2122 hergestellten Produkte. Wir bieten Ihnen eine Vielfalt an Verpackungsl\u00f6sungen &#8211; von der halbautomatischen Verpackungsmaschine, bis zu v\u00f6llig automatisierten, <a href=\"https:\/\/www.bagmatic.com\/de\/verpackungsmaschinen\/verpackungssysteme-verpackungssystemtechnik\/\">mehrteiligen Verpackungssystemen<\/a>.<\/p>\n<p>Wenn Ihre Firma potentielle Kunden hat, f\u00fcr die unsere Produkte den Bedarf an Folien f\u00fcr Verpackungsbeutel, Kettenbeutel auf Rollen (<a href=\"https:\/\/www.bagmatic.com\/de\/schlauchbeutelmaschine-vertikale-horizontale\/\">Schlauchbeutel<\/a>) oder <a href=\"https:\/\/www.bagmatic.com\/de\/beutelverpackungsmaschinen\/\" target=\"_blank\" rel=\"noopener noreferrer\"><strong>halb- und vollautomatische Beutelmaschinen<\/strong><\/a> decken k\u00f6nnten, und wenn Sie dar\u00fcber hinaus unsere Produkte selbst\u00e4ndig als H\u00e4ndler anbieten wollen, dann besteht die M\u00f6glichkeit, dass wir mit Ihnen einen Vertrag schlie\u00dfen k\u00f6nnen, der sowohl f\u00fcr Sie als auch f\u00fcr uns vorteilhaft w\u00e4re.<\/p>\n<p>Bagmatic bietet Verpackungsoptimierung, mit automatischer Beutelverpackung, individuelles Beuteldesign, automatische Verpackung von Sets oder Einzelteilen &#8211; in Beutel mit Ihrem Logo und Strichcode.[\/vc_column_text][\/vc_column][\/vc_row][vc_row css=&#8220;.vc_custom_1571211998246{padding-top: 20px !important;}&#8220; mobile_bg_img_hidden=&#8220;no&#8220; tablet_bg_img_hidden=&#8220;no&#8220; woodmart_parallax=&#8220;0&#8243; woodmart_gradient_switch=&#8220;no&#8220; row_reverse_mobile=&#8220;0&#8243; row_reverse_tablet=&#8220;0&#8243; woodmart_disable_overflow=&#8220;0&#8243;][vc_column]\t\t\t\t<div class=\"wd-categories-wrap wd-wpb\">\n\t\t\t\t\t<div class=\"products woocommerce row categories-style-default wd-spacing-30 columns-4\">\n\t\t\t\t\t\n<div class=\" col-lg-3 col-md-3 col-6 first  category-grid-item cat-design-default categories-with-shadow without-product-count product-category product first\" data-loop=\"1\">\n\t<div class=\"wrapp-category\">\n\t\t<div class=\"category-image-wrapp\">\n\t\t\t<a href=\"https:\/\/www.bagmatic.com\/de\/produkt-kategorie\/verpackungsmaschinen\/industriemaschinen\/\" class=\"category-image\">\n\t\t\t\t\n\t\t\t\t<img width=\"400\" height=\"400\" src=\"data:image\/jpg;base64,\/9j\/4AAQSkZJRgABAQAAAQABAAD\/2wBDAAYEBAUEBAYFBQUGBgYHCQ4JCQgICRINDQoOFRIWFhUSFBQXGiEcFxgfGRQUHScdHyIjJSUlFhwpLCgkKyEkJST\/2wBDAQYGBgkICREJCREkGBQYJCQkJCQkJCQkJCQkJCQkJCQkJCQkJCQkJCQkJCQkJCQkJCQkJCQkJCQkJCQkJCQkJCT\/wAARCAAKAAoDAREAAhEBAxEB\/8QAFwAAAwEAAAAAAAAAAAAAAAAAAwUGB\/\/EACUQAAIBAwMCBwAAAAAAAAAAAAECAwQFEQAGIRIxEyIkQVFT0f\/EABcBAAMBAAAAAAAAAAAAAAAAAAIEBQP\/xAAeEQACAgIDAQEAAAAAAAAAAAABAgADERIEITFRQf\/aAAwDAQACEQMRAD8A2G7VG7ZrvBbK16cwvL1o8aYXyjPBHPz3Gq1a0BC6eyRY15cI\/mZVxbloViQSXFC4UBj4RGT78aRPHfPQjw5CY7MBeKWCFbeY4YkLTHJVQM8HR1MTtkwLVA1wP2OEt1F0j0dP2+sfmsN2+xjRfk\/\/2Q==\" class=\"attachment-woocommerce_thumbnail size-woocommerce_thumbnail wd-lazy-load woodmart-lazy-load wd-lazy-fade\" alt=\"Verpackungsmaschine T1000m Industriemaschine Bagmatic\" decoding=\"async\" loading=\"lazy\" srcset=\"\" sizes=\"(max-width: 400px) 100vw, 400px\" data-wood-src=\"https:\/\/www.bagmatic.com\/wp-content\/uploads\/verpackungsmaschine-t1000m-industriemaschine-bagmatic-400x400.jpg\" data-srcset=\"https:\/\/www.bagmatic.com\/wp-content\/uploads\/verpackungsmaschine-t1000m-industriemaschine-bagmatic-400x400.jpg 400w, https:\/\/www.bagmatic.com\/wp-content\/uploads\/verpackungsmaschine-t1000m-industriemaschine-bagmatic-800x800.jpg 800w, https:\/\/www.bagmatic.com\/wp-content\/uploads\/verpackungsmaschine-t1000m-industriemaschine-bagmatic-100x100.jpg 100w\" \/>\t\t\t<\/a>\n\t\t<\/div>\n\t\t<div class=\"hover-mask\">\n\t\t\t<h3 class=\"wd-entities-title category-title\">\n\t\t\t\tIndustriemaschinen\t\t\t<\/h3>\n\n\t\t\t\n\t\t\t\t\t<\/div>\n\n\t\t\t\t<a href=\"https:\/\/www.bagmatic.com\/de\/produkt-kategorie\/verpackungsmaschinen\/industriemaschinen\/\" class=\"category-link wd-fill\" aria-label=\"Product category industriemaschinen\"><\/a>\n\t\t\t<\/div>\n<\/div>\n\n<div class=\" col-lg-3 col-md-3 col-6 category-grid-item cat-design-default categories-with-shadow without-product-count product-category product\" data-loop=\"2\">\n\t<div class=\"wrapp-category\">\n\t\t<div class=\"category-image-wrapp\">\n\t\t\t<a href=\"https:\/\/www.bagmatic.com\/de\/produkt-kategorie\/verpackungsmaschinen\/tischmaschinen\/\" class=\"category-image\">\n\t\t\t\t\n\t\t\t\t<img width=\"400\" height=\"400\" src=\"data:image\/jpg;base64,\/9j\/4AAQSkZJRgABAQAAAQABAAD\/2wBDAAYEBAUEBAYFBQUGBgYHCQ4JCQgICRINDQoOFRIWFhUSFBQXGiEcFxgfGRQUHScdHyIjJSUlFhwpLCgkKyEkJST\/2wBDAQYGBgkICREJCREkGBQYJCQkJCQkJCQkJCQkJCQkJCQkJCQkJCQkJCQkJCQkJCQkJCQkJCQkJCQkJCQkJCQkJCT\/wAARCAAKAAoDAREAAhEBAxEB\/8QAFwAAAwEAAAAAAAAAAAAAAAAABAUGB\/\/EACAQAAIBBAIDAQAAAAAAAAAAAAECAwAEBREGIRJRccL\/xAAXAQADAQAAAAAAAAAAAAAAAAADBAUC\/8QAIBEAAQMEAgMAAAAAAAAAAAAAAQACIQMREhMEFDGR4f\/aAAwDAQACEQMRAD8A1iTknJVzZWO+JtWbxCBFYgk9HWt6+VZbQo67kSoh5FfZBhU8T8yaJGabGAlQTuIj9UsepeAffxODtW8hEXdpbpl4isESns7CD1QmOOBlbe1uYhNwBodUBML\/2Q==\" class=\"attachment-woocommerce_thumbnail size-woocommerce_thumbnail wd-lazy-load woodmart-lazy-load wd-lazy-fade\" alt=\"Verpackungsmaschine Tischmaschine T300 Verschweisser Vollautomatic Bagmatic\" decoding=\"async\" loading=\"lazy\" srcset=\"\" sizes=\"(max-width: 400px) 100vw, 400px\" data-wood-src=\"https:\/\/www.bagmatic.com\/wp-content\/uploads\/verpackungsmaschine-tischmaschine-t300-verschweisser-vollautomatic-bagmatic-400x400.jpg\" data-srcset=\"https:\/\/www.bagmatic.com\/wp-content\/uploads\/verpackungsmaschine-tischmaschine-t300-verschweisser-vollautomatic-bagmatic-400x400.jpg 400w, https:\/\/www.bagmatic.com\/wp-content\/uploads\/verpackungsmaschine-tischmaschine-t300-verschweisser-vollautomatic-bagmatic-800x800.jpg 800w, https:\/\/www.bagmatic.com\/wp-content\/uploads\/verpackungsmaschine-tischmaschine-t300-verschweisser-vollautomatic-bagmatic-100x100.jpg 100w\" \/>\t\t\t<\/a>\n\t\t<\/div>\n\t\t<div class=\"hover-mask\">\n\t\t\t<h3 class=\"wd-entities-title category-title\">\n\t\t\t\tTischmaschinen\t\t\t<\/h3>\n\n\t\t\t\n\t\t\t\t\t<\/div>\n\n\t\t\t\t<a href=\"https:\/\/www.bagmatic.com\/de\/produkt-kategorie\/verpackungsmaschinen\/tischmaschinen\/\" class=\"category-link wd-fill\" aria-label=\"Product category tischmaschinen\"><\/a>\n\t\t\t<\/div>\n<\/div>\n\n<div class=\" col-lg-3 col-md-3 col-6 category-grid-item cat-design-default categories-with-shadow without-product-count product-category product\" data-loop=\"3\">\n\t<div class=\"wrapp-category\">\n\t\t<div class=\"category-image-wrapp\">\n\t\t\t<a href=\"https:\/\/www.bagmatic.com\/de\/produkt-kategorie\/eingabezubehoer\/\" class=\"category-image\">\n\t\t\t\t\n\t\t\t\t<img width=\"400\" height=\"400\" src=\"data:image\/jpg;base64,\/9j\/4AAQSkZJRgABAQAAAQABAAD\/2wBDAAYEBAUEBAYFBQUGBgYHCQ4JCQgICRINDQoOFRIWFhUSFBQXGiEcFxgfGRQUHScdHyIjJSUlFhwpLCgkKyEkJST\/2wBDAQYGBgkICREJCREkGBQYJCQkJCQkJCQkJCQkJCQkJCQkJCQkJCQkJCQkJCQkJCQkJCQkJCQkJCQkJCQkJCQkJCT\/wAARCAAKAAoDAREAAhEBAxEB\/8QAFgABAQEAAAAAAAAAAAAAAAAABwME\/8QAIRAAAgEDBAMBAAAAAAAAAAAAAQIDBBESAAUGIRMUQTH\/xAAWAQEBAQAAAAAAAAAAAAAAAAAFAgP\/xAAdEQABAwUBAAAAAAAAAAAAAAABAAIRAwQSITFh\/9oADAMBAAIRAxEAPwBO5LySqpuQVm3RbhLGsNUTIXkdVCFVONweh2e7WGnbeg11MPI6PEFcXJbULAeH1KsEUfgjwZmXEWbMm4t+3v3oRxM7TbQI0pLSU43Gaf14vLJEFd8Bk4B6BP0arI4gSpwbmTG1rAAAAFgPms1ov\/\/Z\" class=\"attachment-woocommerce_thumbnail size-woocommerce_thumbnail wd-lazy-load woodmart-lazy-load wd-lazy-fade\" alt=\"Ultrawaage Verpackungsmaschinen Eingabe Teilzaehler Us5000 Bagmatic\" decoding=\"async\" loading=\"lazy\" srcset=\"\" sizes=\"(max-width: 400px) 100vw, 400px\" data-wood-src=\"https:\/\/www.bagmatic.com\/wp-content\/uploads\/ultrawaage-verpackungsmaschinen-eingabe-teilzaehler-us5000-bagmatic-400x400.jpg\" data-srcset=\"https:\/\/www.bagmatic.com\/wp-content\/uploads\/ultrawaage-verpackungsmaschinen-eingabe-teilzaehler-us5000-bagmatic-400x400.jpg 400w, https:\/\/www.bagmatic.com\/wp-content\/uploads\/ultrawaage-verpackungsmaschinen-eingabe-teilzaehler-us5000-bagmatic-800x800.jpg 800w, https:\/\/www.bagmatic.com\/wp-content\/uploads\/ultrawaage-verpackungsmaschinen-eingabe-teilzaehler-us5000-bagmatic-100x100.jpg 100w\" \/>\t\t\t<\/a>\n\t\t<\/div>\n\t\t<div class=\"hover-mask\">\n\t\t\t<h3 class=\"wd-entities-title category-title\">\n\t\t\t\tEingabezubeh\u00f6r\t\t\t<\/h3>\n\n\t\t\t\n\t\t\t\t\t<\/div>\n\n\t\t\t\t<a href=\"https:\/\/www.bagmatic.com\/de\/produkt-kategorie\/eingabezubehoer\/\" class=\"category-link wd-fill\" aria-label=\"Product category eingabezubehoer\"><\/a>\n\t\t\t<\/div>\n<\/div>\n\n<div class=\" col-lg-3 col-md-3 col-6 last  category-grid-item cat-design-default categories-with-shadow without-product-count product-category product last\" data-loop=\"4\">\n\t<div class=\"wrapp-category\">\n\t\t<div class=\"category-image-wrapp\">\n\t\t\t<a href=\"https:\/\/www.bagmatic.com\/de\/produkt-kategorie\/verpackungsmaschinen\/drucker\/\" class=\"category-image\">\n\t\t\t\t\n\t\t\t\t<img width=\"400\" height=\"400\" src=\"data:image\/jpg;base64,\/9j\/4AAQSkZJRgABAQAAAQABAAD\/2wBDAAYEBAUEBAYFBQUGBgYHCQ4JCQgICRINDQoOFRIWFhUSFBQXGiEcFxgfGRQUHScdHyIjJSUlFhwpLCgkKyEkJST\/2wBDAQYGBgkICREJCREkGBQYJCQkJCQkJCQkJCQkJCQkJCQkJCQkJCQkJCQkJCQkJCQkJCQkJCQkJCQkJCQkJCQkJCT\/wAARCAAKAAoDAREAAhEBAxEB\/8QAFQABAQAAAAAAAAAAAAAAAAAABgf\/xAAnEAACAQIFAQkAAAAAAAAAAAABAgMABAUGESIxQQcSEyQyQ3HR8P\/EABUBAQEAAAAAAAAAAAAAAAAAAAUG\/8QAHxEAAgECBwAAAAAAAAAAAAAAAQIAAxEEBRIxM0HB\/9oADAMBAAIRAxEAPwCl9qcs9\/hjYfCz63Td4ltANpHP7pT+XAK2o9SfzQsyaB3AsFrBFBGjLOSqgHS4YDj4pIsSb+QtQALexjnLfm3C4m3Rkrqh4O89KPwvCxiWM51Ep8OF2HhJ5K29I9pfqhjUe+5jQppbYT\/\/2Q==\" class=\"attachment-woocommerce_thumbnail size-woocommerce_thumbnail wd-lazy-load woodmart-lazy-load wd-lazy-fade\" alt=\"Verpackungsmaschinen Ti1000 Drucker Verpackungsdrucker Bagmatic\" decoding=\"async\" loading=\"lazy\" srcset=\"\" sizes=\"(max-width: 400px) 100vw, 400px\" data-wood-src=\"https:\/\/www.bagmatic.com\/wp-content\/uploads\/verpackungsmaschinen-ti1000-drucker-verpackungsdrucker-bagmatic-400x400.jpg\" data-srcset=\"https:\/\/www.bagmatic.com\/wp-content\/uploads\/verpackungsmaschinen-ti1000-drucker-verpackungsdrucker-bagmatic-400x400.jpg 400w, https:\/\/www.bagmatic.com\/wp-content\/uploads\/verpackungsmaschinen-ti1000-drucker-verpackungsdrucker-bagmatic-800x800.jpg 800w, https:\/\/www.bagmatic.com\/wp-content\/uploads\/verpackungsmaschinen-ti1000-drucker-verpackungsdrucker-bagmatic-100x100.jpg 100w\" \/>\t\t\t<\/a>\n\t\t<\/div>\n\t\t<div class=\"hover-mask\">\n\t\t\t<h3 class=\"wd-entities-title category-title\">\n\t\t\t\tDrucker\t\t\t<\/h3>\n\n\t\t\t\n\t\t\t\t\t<\/div>\n\n\t\t\t\t<a href=\"https:\/\/www.bagmatic.com\/de\/produkt-kategorie\/verpackungsmaschinen\/drucker\/\" class=\"category-link wd-fill\" aria-label=\"Product category drucker\"><\/a>\n\t\t\t<\/div>\n<\/div>\n\t\t\t\t\t<\/div>\n\t\t\t\t<\/div>\n\t\t\t\t[\/vc_column][\/vc_row][vc_row gap=&#8220;35&#8243; mobile_bg_img_hidden=&#8220;no&#8220; tablet_bg_img_hidden=&#8220;no&#8220; woodmart_parallax=&#8220;0&#8243; woodmart_gradient_switch=&#8220;no&#8220; row_reverse_mobile=&#8220;0&#8243; row_reverse_tablet=&#8220;0&#8243; woodmart_disable_overflow=&#8220;0&#8243;][vc_column width=&#8220;1\/2&#8243;][vc_column_text text_larger=&#8220;no&#8220; woodmart_inline=&#8220;no&#8220;]Einen wirtschaftlichen Faktor stellen Verpackungsmaschinen dar, denn hierdurch kann die Haltbarkeit und das Handling jedes einzelnen Produktes gef\u00f6rdert werden. Allerdings stellen sich je nach Produkt auch Herausforderungen mit der jeweiligen Verpackung, welche es zu l\u00f6sen gilt. Als <a href=\"https:\/\/www.bagmatic.com\/de\/verpackungsmaschinen-hersteller-deutschland\/\" target=\"_blank\" rel=\"noopener noreferrer\"><strong>Verpackungsmaschinen Hersteller<\/strong><\/a> ist es demnach von gro\u00dfer Bedeutung, dass eine individuelle L\u00f6sung f\u00fcr jedes noch so spezielle Produkt erarbeitet wird.<\/p>\n<p>Eine Verpackungsmaschine sichert die Produktivit\u00e4t, steigert die Effizienz und senkt erhebliche Kosten. Die <strong>Verpackungsmaschinen<\/strong> funktionieren dabei automatisch, wobei eine manuelle Bedienung nicht ausgeschlossen wird. Durch diese Technik sind bis zu 35 Beutel pro Minute m\u00f6glich, wobei zus\u00e4tzliche Arbeit durch den Drucker vermieden wird \u2014 Etiketten m\u00fcssen folglich nicht mehr per Hand aufgeklebt werden.<\/p>\n<h2>Halb- und vollautomatische Verpackungsmaschinen mit System f\u00fcr alle Verpackungsvarianten geeignet<\/h2>\n<p>Damit die Produktion flexibel bleibt ist ein Multifunktionsger\u00e4t von Vorteil. Somit sind insbesondere unsere\u00a0Verpackungsmaschinen daf\u00fcr ausgelegt, dass dieses auch als <strong>Folienverpackungsmaschine<\/strong> genutzt werden kann und selbstverst\u00e4ndlich auch f\u00fcr Karton und Beutel.<\/p>\n<p><strong>Verpackungsmaschinen Pharmaindustrie<\/strong>: F\u00fcr das Verpacken oder Abf\u00fcllen von pharmazeutischen Produkten gelten strenge Regeln, welche durch diese Maschine erf\u00fcllt werden k\u00f6nnen. Die Verpackungsmaschine eignet sich f\u00fcr Tabletten, Pulver und Fl\u00fcssigkeiten.<\/p>\n<p><strong>Lebensmittel Verpackungsmaschinen<\/strong>: Verpackungsanlagen und Maschinen k\u00f6nnen auch Lebensmittel, Nahrungsmittel, Tiefk\u00fchlprodukte oder S\u00fc\u00dfwaren abf\u00fcllen und verpacken. Diese Anlagen eignen sich zum Beispiel f\u00fcr Granulate, Pulver-Produkte und fl\u00fcssige Stoffe.<\/p>\n<p><strong>Nonwovens<\/strong>: Zur Verarbeitung von Verpackungsl\u00f6sungen f\u00fcr den Bereich Papierhygiene. Dabei geht es insbesondere um Damenbinden, Taschent\u00fcchern oder Windeln.<\/p>\n<p>Hieraus ergibt sich die passende Komplettl\u00f6sung f\u00fcr jede Verpackung. Unser BagMatic-Portfolio umfasst vollautomatische und spezialisierte Anlagen, Maschinen und Verpackungsmaschinen unter anderem f\u00fcr die Abf\u00fcllung oder Verpackung.<\/p>\n<p>Zus\u00e4tzlich besteht die Option eines Kartonierer, welcher selbst in einer bestehenden Anlage integriert werden kann. Somit eignet sich dieser f\u00fcr den Logistik- und Verpackungsprozess bei jedem Kunden. Die Bauweise ist \u00e4u\u00dferst modular und kann zum Beispiel mit einem Bef\u00fcllmodul oder Aufrichtemodul erweitert werden.<\/p>\n<p><strong>Unsere Verpackungsmaschinen haben allesamt folgende Vorteile:<\/strong><\/p>\n<ul>\n<li>Eigene Qualit\u00e4ts- und Konstruktionsprinzipien f\u00fcr einen langen Lebenszyklus<\/li>\n<li>Hohe Qualit\u00e4tsstandards bei Verarbeitung und Material<\/li>\n<li>Modulares und anpassungsf\u00e4higes Bauprinzip<\/li>\n<li>Innovative und fortschrittliche Technologien<\/li>\n<li>Leichte Modernisierung<\/li>\n<li>Zuverl\u00e4ssiger und schneller Service<\/li>\n<\/ul>\n<p>[\/vc_column_text][\/vc_column][vc_column width=&#8220;1\/2&#8243;][vc_column_text text_larger=&#8220;no&#8220;]Somit liefern wir eine Komplettl\u00f6sung mit Zubeh\u00f6r, welches sich nach Ihrem Bedarf richtet. Durch In-House-Zusammenarbeit zwischen Produktion und Entwicklung ist es uns m\u00f6glich, alle M\u00f6glichkeiten zu perfektionieren.<\/p>\n<h3>Erweiterung der Produktivit\u00e4t mit der Automatisierung beim Verpacken von Produkten aller Art<\/h3>\n<p>Durch die automatisierte Beutelverpackung wird die Produktivit\u00e4t langfristig gehoben. Es ist dabei v\u00f6llig sekund\u00e4r, ob es sich um Sets oder um Einzelteile handelt, denn die automatische L\u00f6sung hat ein verl\u00e4ssliches Z\u00e4hlsystem.<\/p>\n<p>Um welches Produkt es sich handelt ist ebenfalls nicht von Bedeutung, denn die Verpackungsmaschinen sind daf\u00fcr entwickelt worden, dass alle Produkte verpackt werden k\u00f6nnen. Ob aus der Lebensmittelbranche, Pharmaindustrie oder Hygienebranche. Es sind keine Grenzen gesetzt.<\/p>\n<p>Ein weiterer Bestandteil der Automatisierung ist die Verpackungsoptimierung, welche den Druck eines Logos mit Strichcode erm\u00f6glicht. Ein weiterer Handgriff ist dabei nicht n\u00f6tig.<\/p>\n<p>Die Erfahrung zeigt, wie wichtig geringer Wartungsaufwand ist. Hierf\u00fcr gibt es unter anderem bei der beliebten und <strong>vertikalen Verpackungsmaschine<\/strong> T-375 ein vierfarbiges Touchscreen-Display, welches auch Fehler kommuniziert. Somit aber auch, wenn das Wechseln von Rollen n\u00f6tig ist. Durch eine intelligente Bauart ist diese Wartung innerhalb von einer Minute abgeschlossen.<\/p>\n<p>Unsere Produkte sind so konzipiert, dass kaum Technikverst\u00e4ndnis n\u00f6tig ist. Durch das Touchscreen gibt es weitere Informationen, wie zum Beispiel, dass das Ende eines Durchlaufs geschehen ist.<\/p>\n<h3>Produktionskosten verringern mit Equipment<\/h3>\n<p>Die Verpackungsmaschinen von Advanced Poly Packaging stehen stets f\u00fcr h\u00f6chste Qualit\u00e4t, h\u00f6chste Effizienz und maximale Leistung. Somit sind wir stolz darauf, ein exklusiver Vertriebspartner dieser Marke zu sein.<\/p>\n<p>Die Zuverl\u00e4ssigkeit aller Maschinen maximiert die Produktivit\u00e4t Ihres Unternehmens. Der geringe Wartungsaufwand ist ebenfalls ein Grund, weshalb sich Produktionskosten stark vermindern lassen. Dadurch offenbaren sich neue Chancen in der Abteilung, wodurch eine Skalierung der Firma m\u00f6glich ist.<\/p>\n<p>Doch nicht nur die Maschinen erhalten Sie von uns. In unserem Shop finden sich alle Bedarfsartikel, die f\u00fcr einen ordnungsgem\u00e4\u00dfen Betrieb erforderlich sind.[\/vc_column_text][\/vc_column][\/vc_row]<\/p>\n<\/section>","protected":false},"excerpt":{"rendered":"<p>[vc_row gap=&#8220;35&#8243; mobile_bg_img_hidden=&#8220;no&#8220; tablet_bg_img_hidden=&#8220;no&#8220; woodmart_parallax=&#8220;0&#8243; woodmart_gradient_switch=&#8220;no&#8220; row_reverse_mobile=&#8220;0&#8243; row_reverse_tablet=&#8220;0&#8243; woodmart_disable_overflow=&#8220;0&#8243;][vc_column width=&#8220;1\/2&#8243;][vc_single_image image=&#8220;135&#8243; img_size=&#8220;large&#8220; parallax_scroll=&#8220;no&#8220;][\/vc_column][vc_column width=&#8220;1\/2&#8243;][vc_column_text text_larger=&#8220;no&#8220;]Bagmatic vertreibt exklusiv die von Advanced<\/p>\n","protected":false},"author":1,"featured_media":0,"parent":0,"menu_order":0,"comment_status":"closed","ping_status":"closed","template":"","meta":[],"yoast_head":"<!-- This site is optimized with the Yoast SEO plugin v20.1 - https:\/\/yoast.com\/wordpress\/plugins\/seo\/ -->\n<title>Halb- und vollautomatische Verpackungsmaschinen mit System | BagMatic<\/title>\n<meta name=\"description\" content=\"BagMatic bietet Ihnen Verpackungsl\u00f6sungen von halbautomatischen Verpackungsmaschinen, bis zu v\u00f6llig automatisierten, mehrteiligen Verpackungssystemen.\" \/>\n<meta name=\"robots\" content=\"index, follow, max-snippet:-1, max-image-preview:large, max-video-preview:-1\" \/>\n<link rel=\"canonical\" href=\"https:\/\/www.bagmatic.com\/de\/verpackungsmaschinen\/\" \/>\n<meta property=\"og:locale\" content=\"de_DE\" \/>\n<meta property=\"og:type\" content=\"article\" \/>\n<meta property=\"og:title\" content=\"Halb- und vollautomatische Verpackungsmaschinen mit System | BagMatic\" \/>\n<meta property=\"og:description\" content=\"BagMatic bietet Ihnen Verpackungsl\u00f6sungen von halbautomatischen Verpackungsmaschinen, bis zu v\u00f6llig automatisierten, mehrteiligen Verpackungssystemen.\" \/>\n<meta property=\"og:url\" content=\"https:\/\/www.bagmatic.com\/de\/verpackungsmaschinen\/\" \/>\n<meta property=\"og:site_name\" content=\"BagMatic\" \/>\n<meta property=\"article:modified_time\" content=\"2023-08-29T14:39:04+00:00\" \/>\n<meta name=\"twitter:card\" content=\"summary_large_image\" \/>\n<meta name=\"twitter:label1\" content=\"Gesch\u00e4tzte Lesezeit\" \/>\n\t<meta name=\"twitter:data1\" content=\"5\u00a0Minuten\" \/>\n<script type=\"application\/ld+json\" class=\"yoast-schema-graph\">{\"@context\":\"https:\/\/schema.org\",\"@graph\":[{\"@type\":\"WebPage\",\"@id\":\"https:\/\/www.bagmatic.com\/de\/verpackungsmaschinen\/\",\"url\":\"https:\/\/www.bagmatic.com\/de\/verpackungsmaschinen\/\",\"name\":\"Halb- und vollautomatische Verpackungsmaschinen mit System | BagMatic\",\"isPartOf\":{\"@id\":\"https:\/\/www.bagmatic.com\/de\/#website\"},\"datePublished\":\"2019-07-23T09:43:39+00:00\",\"dateModified\":\"2023-08-29T14:39:04+00:00\",\"description\":\"BagMatic bietet Ihnen Verpackungsl\u00f6sungen von halbautomatischen Verpackungsmaschinen, bis zu v\u00f6llig automatisierten, mehrteiligen Verpackungssystemen.\",\"breadcrumb\":{\"@id\":\"https:\/\/www.bagmatic.com\/de\/verpackungsmaschinen\/#breadcrumb\"},\"inLanguage\":\"de\",\"potentialAction\":[{\"@type\":\"ReadAction\",\"target\":[\"https:\/\/www.bagmatic.com\/de\/verpackungsmaschinen\/\"]}]},{\"@type\":\"BreadcrumbList\",\"@id\":\"https:\/\/www.bagmatic.com\/de\/verpackungsmaschinen\/#breadcrumb\",\"itemListElement\":[{\"@type\":\"ListItem\",\"position\":1,\"name\":\"Start\",\"item\":\"https:\/\/www.bagmatic.com\/de\/\"},{\"@type\":\"ListItem\",\"position\":2,\"name\":\"Verpackungsmaschinen\"}]},{\"@type\":\"WebSite\",\"@id\":\"https:\/\/www.bagmatic.com\/de\/#website\",\"url\":\"https:\/\/www.bagmatic.com\/de\/\",\"name\":\"BagMatic\",\"description\":\"\",\"publisher\":{\"@id\":\"https:\/\/www.bagmatic.com\/de\/#organization\"},\"potentialAction\":[{\"@type\":\"SearchAction\",\"target\":{\"@type\":\"EntryPoint\",\"urlTemplate\":\"https:\/\/www.bagmatic.com\/de\/?s={search_term_string}\"},\"query-input\":\"required name=search_term_string\"}],\"inLanguage\":\"de\"},{\"@type\":\"Organization\",\"@id\":\"https:\/\/www.bagmatic.com\/de\/#organization\",\"name\":\"BAGMATIC\u00ae GmbH\",\"url\":\"https:\/\/www.bagmatic.com\/de\/\",\"logo\":{\"@type\":\"ImageObject\",\"inLanguage\":\"de\",\"@id\":\"https:\/\/www.bagmatic.com\/de\/#\/schema\/logo\/image\/\",\"url\":\"https:\/\/www.bagmatic.com\/wp-content\/uploads\/bagmatic-logo.png\",\"contentUrl\":\"https:\/\/www.bagmatic.com\/wp-content\/uploads\/bagmatic-logo.png\",\"width\":500,\"height\":114,\"caption\":\"BAGMATIC\u00ae GmbH\"},\"image\":{\"@id\":\"https:\/\/www.bagmatic.com\/de\/#\/schema\/logo\/image\/\"}}]}<\/script>\n<!-- \/ Yoast SEO plugin. -->","yoast_head_json":{"title":"Halb- und vollautomatische Verpackungsmaschinen mit System | BagMatic","description":"BagMatic bietet Ihnen Verpackungsl\u00f6sungen von halbautomatischen Verpackungsmaschinen, bis zu v\u00f6llig automatisierten, mehrteiligen Verpackungssystemen.","robots":{"index":"index","follow":"follow","max-snippet":"max-snippet:-1","max-image-preview":"max-image-preview:large","max-video-preview":"max-video-preview:-1"},"canonical":"https:\/\/www.bagmatic.com\/de\/verpackungsmaschinen\/","og_locale":"de_DE","og_type":"article","og_title":"Halb- und vollautomatische Verpackungsmaschinen mit System | BagMatic","og_description":"BagMatic bietet Ihnen Verpackungsl\u00f6sungen von halbautomatischen Verpackungsmaschinen, bis zu v\u00f6llig automatisierten, mehrteiligen Verpackungssystemen.","og_url":"https:\/\/www.bagmatic.com\/de\/verpackungsmaschinen\/","og_site_name":"BagMatic","article_modified_time":"2023-08-29T14:39:04+00:00","twitter_card":"summary_large_image","twitter_misc":{"Gesch\u00e4tzte Lesezeit":"5\u00a0Minuten"},"schema":{"@context":"https:\/\/schema.org","@graph":[{"@type":"WebPage","@id":"https:\/\/www.bagmatic.com\/de\/verpackungsmaschinen\/","url":"https:\/\/www.bagmatic.com\/de\/verpackungsmaschinen\/","name":"Halb- und vollautomatische Verpackungsmaschinen mit System | BagMatic","isPartOf":{"@id":"https:\/\/www.bagmatic.com\/de\/#website"},"datePublished":"2019-07-23T09:43:39+00:00","dateModified":"2023-08-29T14:39:04+00:00","description":"BagMatic bietet Ihnen Verpackungsl\u00f6sungen von halbautomatischen Verpackungsmaschinen, bis zu v\u00f6llig automatisierten, mehrteiligen Verpackungssystemen.","breadcrumb":{"@id":"https:\/\/www.bagmatic.com\/de\/verpackungsmaschinen\/#breadcrumb"},"inLanguage":"de","potentialAction":[{"@type":"ReadAction","target":["https:\/\/www.bagmatic.com\/de\/verpackungsmaschinen\/"]}]},{"@type":"BreadcrumbList","@id":"https:\/\/www.bagmatic.com\/de\/verpackungsmaschinen\/#breadcrumb","itemListElement":[{"@type":"ListItem","position":1,"name":"Start","item":"https:\/\/www.bagmatic.com\/de\/"},{"@type":"ListItem","position":2,"name":"Verpackungsmaschinen"}]},{"@type":"WebSite","@id":"https:\/\/www.bagmatic.com\/de\/#website","url":"https:\/\/www.bagmatic.com\/de\/","name":"BagMatic","description":"","publisher":{"@id":"https:\/\/www.bagmatic.com\/de\/#organization"},"potentialAction":[{"@type":"SearchAction","target":{"@type":"EntryPoint","urlTemplate":"https:\/\/www.bagmatic.com\/de\/?s={search_term_string}"},"query-input":"required name=search_term_string"}],"inLanguage":"de"},{"@type":"Organization","@id":"https:\/\/www.bagmatic.com\/de\/#organization","name":"BAGMATIC\u00ae GmbH","url":"https:\/\/www.bagmatic.com\/de\/","logo":{"@type":"ImageObject","inLanguage":"de","@id":"https:\/\/www.bagmatic.com\/de\/#\/schema\/logo\/image\/","url":"https:\/\/www.bagmatic.com\/wp-content\/uploads\/bagmatic-logo.png","contentUrl":"https:\/\/www.bagmatic.com\/wp-content\/uploads\/bagmatic-logo.png","width":500,"height":114,"caption":"BAGMATIC\u00ae GmbH"},"image":{"@id":"https:\/\/www.bagmatic.com\/de\/#\/schema\/logo\/image\/"}}]}},"_links":{"self":[{"href":"https:\/\/www.bagmatic.com\/de\/wp-json\/wp\/v2\/pages\/28"}],"collection":[{"href":"https:\/\/www.bagmatic.com\/de\/wp-json\/wp\/v2\/pages"}],"about":[{"href":"https:\/\/www.bagmatic.com\/de\/wp-json\/wp\/v2\/types\/page"}],"author":[{"embeddable":true,"href":"https:\/\/www.bagmatic.com\/de\/wp-json\/wp\/v2\/users\/1"}],"replies":[{"embeddable":true,"href":"https:\/\/www.bagmatic.com\/de\/wp-json\/wp\/v2\/comments?post=28"}],"version-history":[{"count":12,"href":"https:\/\/www.bagmatic.com\/de\/wp-json\/wp\/v2\/pages\/28\/revisions"}],"predecessor-version":[{"id":2332,"href":"https:\/\/www.bagmatic.com\/de\/wp-json\/wp\/v2\/pages\/28\/revisions\/2332"}],"wp:attachment":[{"href":"https:\/\/www.bagmatic.com\/de\/wp-json\/wp\/v2\/media?parent=28"}],"curies":[{"name":"wp","href":"https:\/\/api.w.org\/{rel}","templated":true}]}}