{"id":502,"date":"2019-10-30T14:01:27","date_gmt":"2019-10-30T13:01:27","guid":{"rendered":"https:\/\/2019.bagmatic.com\/?page_id=502"},"modified":"2025-04-28T08:49:46","modified_gmt":"2025-04-28T06:49:46","slug":"verpackungsroboter-vision-robot","status":"publish","type":"page","link":"https:\/\/www.bagmatic.com\/de\/verpackungsroboter-vision-robot\/","title":{"rendered":"Vision &#038; Robot &#8211; Verpackungsroboter"},"content":{"rendered":"<section class=\"wpb-content-wrapper\"><p>[vc_row][vc_column width=&#8220;1\/2&#8243;][vc_column_text text_larger=&#8220;no&#8220;]<\/p>\n<h2>Roboter in der Verpackungstechnik \u2013 Verpackungsroboter zur Automation<\/h2>\n<p>Bagmatic bietet vollst\u00e4ndige Integrationen der Verpackung mit einer Vielzahl von Roboter- \/ Visionssystemen. Wir bieten auch eine schl\u00fcsselfertige L\u00f6sungen an, wenn Sie m\u00f6chten, dass wir die Verpackungslinie zur Komplettl\u00f6sung erg\u00e4nzen.[\/vc_column_text][vc_column_text text_larger=&#8220;no&#8220;]Wir haben Deutschlandweit mehrere Referenzl\u00f6sungen und zeigen Ihnen gerne, wie wir Ihren <strong>Verpackungs- und Abf\u00fcllprozess<\/strong> auf das Niveau der Anforderungen von Morgen mit <strong>Knickarm-Roboter<\/strong> bringen k\u00f6nnen. Diese <strong>Verpackungsroboter<\/strong> eignen sich ideal f\u00fcr Handhabungs- und Montageaufgaben.[\/vc_column_text][vc_column_text text_larger=&#8220;no&#8220;]<\/p>\n<ul>\n<li>Geschwindigkeit<\/li>\n<li>Richtigkeit<\/li>\n<li>Flexibilit\u00e4t<\/li>\n<li>Schnelle Einrichtungszeit und kurze Amortisationszeit<\/li>\n<li>starke Dokumentation (Visionssystem protokolliert alle Produktionsdaten)<\/li>\n<\/ul>\n<p>\u2026 sind von entscheidender Bedeutung.[\/vc_column_text][\/vc_column][vc_column width=&#8220;1\/2&#8243;][vc_single_image image=&#8220;600&#8243; img_size=&#8220;medium&#8220; parallax_scroll=&#8220;no&#8220;][vc_column_text text_larger=&#8220;no&#8220;]<\/p>\n<p style=\"text-align: center;\"><strong>Knickarm-Roboter als \u201epick and place roboter\u201d<\/strong><\/p>\n<p>[\/vc_column_text][\/vc_column][\/vc_row][vc_row gap=&#8220;20&#8243; equal_height=&#8220;yes&#8220; el_class=&#8220;whitecolor&#8220; mobile_bg_img_hidden=&#8220;no&#8220; tablet_bg_img_hidden=&#8220;no&#8220; woodmart_parallax=&#8220;0&#8243; woodmart_gradient_switch=&#8220;no&#8220; row_reverse_mobile=&#8220;0&#8243; row_reverse_tablet=&#8220;0&#8243; woodmart_disable_overflow=&#8220;0&#8243;][vc_column width=&#8220;1\/3&#8243; css=&#8220;.vc_custom_1573751950825{padding: 30px !important;background-color: #0069b2 !important;}&#8220; mobile_bg_img_hidden=&#8220;no&#8220; tablet_bg_img_hidden=&#8220;no&#8220; woodmart_parallax=&#8220;0&#8243; woodmart_sticky_column=&#8220;false&#8220; parallax_scroll=&#8220;no&#8220; mobile_reset_margin=&#8220;no&#8220; tablet_reset_margin=&#8220;no&#8220;][vc_column_text text_larger=&#8220;no&#8220;]<strong>L\u00f6sung 1<\/strong><\/p>\n<p>(Standard- oder kollaborativer Roboter (Cobots) + Visionssystem + Bagmatic Verpackungsmaschine und Zebra-Drucker = komplettes Bagmatic-System[\/vc_column_text][\/vc_column][vc_column width=&#8220;1\/3&#8243; css=&#8220;.vc_custom_1573751957492{padding: 30px !important;background-color: #0069b2 !important;}&#8220; mobile_bg_img_hidden=&#8220;no&#8220; tablet_bg_img_hidden=&#8220;no&#8220; woodmart_parallax=&#8220;0&#8243; woodmart_sticky_column=&#8220;false&#8220; parallax_scroll=&#8220;no&#8220; mobile_reset_margin=&#8220;no&#8220; tablet_reset_margin=&#8220;no&#8220;][vc_column_text text_larger=&#8220;no&#8220;]<strong>L\u00f6sung 2:<\/strong><\/p>\n<p>(flexibles Teilezuf\u00fchrungs- \/ Trennsystem mit + Visionssystem + Standardroboter oder kollaborativem Roboter (Cobots) + Bagmatic Verpackungsmaschine und Zebra-Drucker = komplettes Bagmatic-System). (Video-Link hinzuf\u00fcgen)[\/vc_column_text][\/vc_column][vc_column width=&#8220;1\/3&#8243; css=&#8220;.vc_custom_1573751965152{padding: 30px !important;background-color: #0069b2 !important;}&#8220; mobile_bg_img_hidden=&#8220;no&#8220; tablet_bg_img_hidden=&#8220;no&#8220; woodmart_parallax=&#8220;0&#8243; woodmart_sticky_column=&#8220;false&#8220; parallax_scroll=&#8220;no&#8220; mobile_reset_margin=&#8220;no&#8220; tablet_reset_margin=&#8220;no&#8220;][vc_column_text text_larger=&#8220;no&#8220;]<strong>L\u00f6sung 3<\/strong><\/p>\n<p>(flexibles Teilezuf\u00fchrungs- \/ Trennsystem mit + Visionssystem + Bagmatic Verpackungsmaschine und Zebra-Drucker = komplettes Bagmatic-System).[\/vc_column_text][\/vc_column][\/vc_row][vc_row gap=&#8220;35&#8243; css=&#8220;.vc_custom_1574424380986{padding-top: 50px !important;}&#8220; mobile_bg_img_hidden=&#8220;no&#8220; tablet_bg_img_hidden=&#8220;no&#8220; woodmart_parallax=&#8220;0&#8243; woodmart_gradient_switch=&#8220;no&#8220; row_reverse_mobile=&#8220;0&#8243; row_reverse_tablet=&#8220;0&#8243; woodmart_disable_overflow=&#8220;0&#8243;][vc_column width=&#8220;1\/2&#8243;][vc_video link=&#8220;https:\/\/www.youtube.com\/watch?v=dtjahPEwCDQ&#8220; image_poster_switch=&#8220;no&#8220;][vc_column_text text_larger=&#8220;no&#8220;]Wenn Sie eine flexible Einspeisel\u00f6sung mit integriertem Roboter und m\u00f6glichem Visionssystem oder eine flexible Einspeisel\u00f6sung mit einer zus\u00e4tzlichen Visionskamera als Qualit\u00e4tspr\u00fcfsystem w\u00fcnschen, wenden Sie sich bitte an unser Engineering-Team. Wir verf\u00fcgen \u00fcber langj\u00e4hrige Erfahrung und Fachkenntnisse in der Konstruktion, Produktion und Installation von fortschrittlichen und cleveren Verpackungslinien f\u00fcr die Teileverpackung mit Aufdruck auf die Verpackungsbeutel (Kettenbeutel auf Rollen).[\/vc_column_text][\/vc_column][vc_column width=&#8220;1\/2&#8243;][vc_column_text text_larger=&#8220;no&#8220;]<strong>Wir haben L\u00f6sungen verkauft f\u00fcr:<\/strong><\/p>\n<ul>\n<li>O-Ringe Gummiteile<\/li>\n<li>Lager, Muttern und Schrauben<\/li>\n<li>Federn,<\/li>\n<li>Metallteile bis 500 Gramm<\/li>\n<li>Abstandhalter,<\/li>\n<li>Elektronische Teile, Steckverbinder<\/li>\n<li>und vieles mehr \u2026.<\/li>\n<\/ul>\n<p>[\/vc_column_text][vc_column_text text_larger=&#8220;no&#8220;]Wir freuen uns darauf, gemeinsam mit Ihnen an Ihren zuk\u00fcnftigen Anforderungen an clevere und fortschrittliche Verpackungsl\u00f6sungen zu arbeiten.[\/vc_column_text][\/vc_column][\/vc_row][vc_row][vc_column width=&#8220;1\/2&#8243;][vc_column_text text_larger=&#8220;no&#8220; woodmart_inline=&#8220;no&#8220;]<\/p>\n<h2>Zukunftsweisende Systeme mit Verpackungsroboter<\/h2>\n<p>Wenn es um Verpackungs- und Abf\u00fcllprozesse geht, ist die Geschwindigkeit ein sehr wichtiger Faktor, um langfristig die Effizienz zu steigern. Solange in Ihrer Verpackungslinie monotone und eint\u00f6nige manuelle Prozesse mit inbegriffen sind, ergibt sich ein klares Limit daf\u00fcr, was m\u00f6glich ist. Neben der Geschwindigkeitsbegrenzung bei der Arbeit von Fachkr\u00e4ften erh\u00f6ht sich durch manuelle Arbeiten nat\u00fcrlich auch das Fehlerpotenzial beim Verpacken. Wenn Sie den n\u00e4chsten Schritt f\u00fcr Ihre Verpackungsprozesse wagen und Ihre Belegschaft entlasten m\u00f6chten, bietet sich der Einsatz von einem Verpackungsroboter an. Die hochmodernen Robotersysteme und Visionssysteme kombinieren Pr\u00e4zision und akkurate Ausf\u00fchrung der Prozesse mit einmalig reibungslosen und schnellen Abl\u00e4ufen. Die Roboter in der Verpackungstechnik k\u00f6nnen mit speziellen Schutzeinrichtungen ausgestattet werden, um h\u00f6chste Sicherheitsstandards zu gew\u00e4hrleisten. Dank der visuellen Qualit\u00e4tskontrolle m\u00fcssen Sie sich auch keine Sorgen um unbemerkte Fehler machen. Somit zeigen unsere Automation Roboter St\u00e4rken in der Dokumentation, aber auch in ihrer effizienten Arbeitsweise.<\/p>\n<h2>Mit Knickarm Roboter Ihre Prozesse automatisieren<\/h2>\n<p>F\u00fcr moderne Verpackungs- und Abf\u00fcllanlagen werden besonders h\u00e4ufig Knickarmroboter, auch genannt Gelenkarmroboter, verwendet. Hierbei handelt es sich um besonders flexible Verpackungsroboter, die sich f\u00fcr universelle Anwendungsm\u00f6glichkeiten in der Verpackungsindustrie eignen. Das Gelenk zwischen den Roboterarmen erm\u00f6glicht ein pr\u00e4zises Handling von Produkten unterschiedlicher Gr\u00f6\u00dfe. Besonders in der Automobilindustrie und in industriellen Fertigungslinien sind die leistungsstarken Industrieroboter sehr beliebt. Die vielseitigen Einsatzm\u00f6glichkeiten beim Knickarm Roboter ergeben sich dadurch, dass er \u00fcber serielle Kinematik verf\u00fcgt, also \u00fcber mehrere Gelenkarme und rotierende Achsen, die ihm dreidimensionale Bewegung erm\u00f6glichen. Wenn Sie einen Knickarmroboter f\u00fcr Ihre Produktion, Fertigung oder Abf\u00fcllung verwenden m\u00f6chten, haben Sie die Wahl zwischen einem Vertikal Knickarmroboter und einem Horizontal Knickarmroboter. Egal, welche Art von Verpackungsroboter Sie w\u00e4hlen, in jedem Fall gew\u00e4hrleisten wir leichte und vollst\u00e4ndige Integration in Ihre bestehenden Anlagen.<\/p>\n<h2>Noch mehr Flexibilit\u00e4t mit Pick &amp; Place Roboter<\/h2>\n<p>Der Knickarm Roboter kommt besonders h\u00e4ufig als Pick and Place Roboter zum Einsatz. Hierbei k\u00f6nnen selbst unterschiedliche Verpackungsmaterialien wie Karton problemlos von einem Verpackungsroboter verarbeitet werden, denn die vielseitigen Knickarmroboter k\u00f6nnen \u00fcber diverse Werkzeuge und Greifer verf\u00fcgen, die unterschiedliche Zwecke im Verpackungs- und Abf\u00fcllprozess erf\u00fcllen. Eine zus\u00e4tzliche Linearachse r\u00fcstet einen Vertikal Knickarmroboter oder Horizontal Knickarmroboter f\u00fcr weitere Einsatzm\u00f6glichkeiten. Durch eine Schiene kann der Pick and Place Roboter dann ohne Probleme die Distanz zwischen mehreren Arbeitspl\u00e4tzen \u00fcberbr\u00fccken und so unterschiedliche Aufgaben wie das Stapeln und Palettieren nacheinander ausf\u00fchren. Die Robotik hat sich hier besonders im Handling schwerer Lasten bew\u00e4hrt. Alternativ l\u00e4sst sich die Schiene auch an den W\u00e4nden oder der Decke montieren, sodass der Verpackungsroboter besonders mobil ist und kompakt in bestehende Packaging-L\u00f6sungen integriert werden kann.<\/p>\n<h2>Verschiedene Automation Roboter im Vergleich<\/h2>\n<p>Die Funktionen unserer Verpackungsroboter sind je nach Modell und Ausstattung unterschiedlich und eignen sich somit auch f\u00fcr verschiedene Abl\u00e4ufe in der Roboter Verpackungstechnik. Kontaktieren Sie uns oder einen unserer Vertriebspartner gerne, um sich zu dem passenden Ger\u00e4t beraten zu lassen.[\/vc_column_text][\/vc_column][vc_column width=&#8220;1\/2&#8243;][vc_column_text text_larger=&#8220;no&#8220; woodmart_inline=&#8220;no&#8220;]Der Vertikal Knickarmroboter und horizontal Knickarmroboter haben gemeinsam, dass sie zu technisch aufw\u00e4ndigen Vorg\u00e4ngen f\u00e4hig sind und ohne Unterbrechung mehrere Arbeitsschritte ausf\u00fchren k\u00f6nnen. Insbesondere Sechsarmige Pick &amp; Place Roboter erlauben hohe Automation mit nur einem Ger\u00e4t. Der Nachteil der eingeschr\u00e4nkten Reichweite im Gegensatz zu Portalrobotern l\u00e4sst sich mit der zuvor erw\u00e4hnten Linearachse kompensieren. Auch wenn f\u00fcr die Programmierung bei diesem Verpackungsroboter eine geschulte Fachkraft notwendig ist, die diese Maschine konfigurieren kann, lassen sich durch einen fortschrittlichen Automation Roboter eine Menge Ressourcen einsparen.<\/p>\n<h2>Die ideale L\u00f6sung f\u00fcr Ihr komplettes Verpackungssystem<\/h2>\n<p>Uns liegt es am Herzen, dass Sie Ihre bestehenden Systeme durch Verpackungsrobotern erg\u00e4nzen k\u00f6nnen, um sich nach und nach einem automatisierten System anzun\u00e4hern. Deswegen bieten wir ihnen unterschiedliche L\u00f6sungswege an, wie Sie Automation Roboter mit anderen Verpackungsger\u00e4ten kombinieren k\u00f6nnen. Sie k\u00f6nnen zum Beispiel kollaborative Roboter (Cobots) mit unserem Visionsystem und einer weiteren Bagmatic Verpackungsmaschine samt Zebra-Drucker kombinieren. Ein Cobot ist besonders bei der Optimierung von Verpackungsprozessen hilfreich, da er direkt mit Menschen zusammenarbeiten kann. Aber auch die Kombination mit einem Standardroboter ist m\u00f6glich. Das Packaging wird durch kompatible Komponenten besonders effizient gestaltet, und die Anschaffung eines solchen Systems zahlt sich schnell aus. Egal, ob Sie Cobots oder Standard Verpackungsroboter w\u00e4hlen, dieses effektive System kann ganz einfach durch ein flexibles Trenn- oder Teilzuf\u00fchrungssystem erweitert werden. Die Inbetriebnahme erfolgt einfach und schnell durch unsere Experten. Letzteres funktioniert auch ohne kollaborierende Roboter im Zusammenspiel mit einer Verpackungsmaschine und einem Zebra-Drucker. Kontaktieren Sie uns gerne und wir beraten Sie f\u00fcr die passenden Erweiterungsm\u00f6glichkeiten zu Ihrem Bagmatic Verpackungssystem und passendem Zubeh\u00f6r.<\/p>\n<h2>Fortschrittliche L\u00f6sungen durch Verpackungsroboter f\u00fcr diverse Branchen<\/h2>\n<p>Bei dem Einsatz von Cobots und Standardrobotern bieten sich eine Vielzahl von M\u00f6glichkeiten, um Ihre t\u00e4glichen Abl\u00e4ufe zu optimieren und zu automatisieren. Wir haben bereits Automation System f\u00fcr eine gro\u00dfe Bandbreite von Unternehmen verkauft, die von der Verarbeitung von kleinen Bauteilen wie Muttern und Schrauben \u00fcber Feldern bis zu elektronischen Teilen wie Steckverbindungen reichen. Durch unsere langj\u00e4hrige Erfahrung und Know-how mit Verpackungslinien k\u00f6nnen wir Sie sowohl zu der idealen Kombination unserer Ger\u00e4te beraten, als auch individuelle Konstruktionen f\u00fcr Ihren Bedarf entwerfen. Unsere Technologie erlaubt den Betrieb rund um die Uhr ohne Ausfall, was bei der Verpackung gr\u00f6\u00dferer St\u00fcckzahlen entscheidend ist. Die Roboter k\u00f6nnen Produkte pr\u00e4zise auf Paletten stapeln und so f\u00fcr einen reibungslosen Versandprozess sorgen. Wenn Sie kollaborative Roboter oder andere Verpackungsroboter in Ihre Verpackungslinie oder Verpackungsanlage integrieren m\u00f6chten, stehen wir Ihnen bei allen notwendigen Schritten zur Seite. Von der Konstruktion \u00fcber die Produktion und Installation k\u00f6nnen Sie sich auf unsere Profis f\u00fcr clevere Verpackungsl\u00f6sungen verlassen.<\/p>\n<h3>Ausgezeichnete Qualit\u00e4tspr\u00fcfung durch modernes Visionsystem<\/h3>\n<p>Wenn Unternehmen \u00fcberlegen, kollaborierende Roboter als Verpackungsroboter einzusetzen, fragen sie sich oft, inwieweit es zu unbemerkten Fehlern durch den hohen Grad an Automation kommen kann. Wir setzen bei unseren Robotern auf starke Pr\u00fcfsysteme, um nicht nur Schnelligkeit, sondern auch Richtigkeit der Abl\u00e4ufe zu garantieren. Verpackungsroboter k\u00f6nnen mit einem leistungsstarken Visionsystem kombiniert werden oder aber mit einer zus\u00e4tzlichen Visionkamera, die das Ablegen von Produkten \u00fcberwacht. In jedem Fall profitieren Sie von exzellenter Qualit\u00e4tskontrolle, die keine W\u00fcnsche offen l\u00e4sst. Durch eine vorherige Simulation k\u00f6nnen wir die Steuerung optimal auf Ihre Bed\u00fcrfnisse abstimmen und ein funktionierendes \u00d6kosystem schaffen, das Ihre monotonen Aufgaben \u00fcbernimmt. Wenn Sie durch smarte Automatisierung Ihre Verpackungstechnik revolutionieren und robust f\u00fcr die Zukunft aufstellen wollen, sind Sie bei uns an der richtigen Adresse!<\/p>\n<p>Fragen Sie uns jetzt zum Thema Verpackungsroboter und Knickarm Roboter unverbindlich an![\/vc_column_text][\/vc_column][\/vc_row]<\/p>\n<\/section>","protected":false},"excerpt":{"rendered":"<p>[vc_row][vc_column width=&#8220;1\/2&#8243;][vc_column_text text_larger=&#8220;no&#8220;] Roboter in der Verpackungstechnik \u2013 Verpackungsroboter zur Automation Bagmatic bietet vollst\u00e4ndige Integrationen der Verpackung mit einer Vielzahl<\/p>\n","protected":false},"author":2,"featured_media":0,"parent":0,"menu_order":0,"comment_status":"closed","ping_status":"closed","template":"","meta":[],"yoast_head":"<!-- This site is optimized with the Yoast SEO plugin v20.1 - https:\/\/yoast.com\/wordpress\/plugins\/seo\/ -->\n<title>Roboter in der Verpackungstechnik \u2013 Verpackungsroboter<\/title>\n<meta name=\"description\" content=\"Verpackungsroboter der Firma Bagmatic \u2714 vertikal &amp; horizontal Knickarmroboter \u2714 Pick and Place Roboter \u2714 Cobots \u2714 Jetzt anfragen!\" \/>\n<meta name=\"robots\" content=\"index, follow, max-snippet:-1, max-image-preview:large, max-video-preview:-1\" \/>\n<link rel=\"canonical\" href=\"https:\/\/www.bagmatic.com\/de\/verpackungsroboter-vision-robot\/\" \/>\n<meta property=\"og:locale\" content=\"de_DE\" \/>\n<meta property=\"og:type\" content=\"article\" \/>\n<meta property=\"og:title\" content=\"Roboter in der Verpackungstechnik \u2013 Verpackungsroboter\" \/>\n<meta property=\"og:description\" content=\"Verpackungsroboter der Firma Bagmatic \u2714 vertikal &amp; horizontal Knickarmroboter \u2714 Pick and Place Roboter \u2714 Cobots \u2714 Jetzt anfragen!\" \/>\n<meta property=\"og:url\" content=\"https:\/\/www.bagmatic.com\/de\/verpackungsroboter-vision-robot\/\" \/>\n<meta property=\"og:site_name\" content=\"BagMatic\" \/>\n<meta property=\"article:modified_time\" content=\"2025-04-28T06:49:46+00:00\" \/>\n<meta name=\"twitter:card\" content=\"summary_large_image\" \/>\n<meta name=\"twitter:label1\" content=\"Gesch\u00e4tzte Lesezeit\" \/>\n\t<meta name=\"twitter:data1\" content=\"8\u00a0Minuten\" \/>\n<script type=\"application\/ld+json\" class=\"yoast-schema-graph\">{\"@context\":\"https:\/\/schema.org\",\"@graph\":[{\"@type\":\"WebPage\",\"@id\":\"https:\/\/www.bagmatic.com\/de\/verpackungsroboter-vision-robot\/\",\"url\":\"https:\/\/www.bagmatic.com\/de\/verpackungsroboter-vision-robot\/\",\"name\":\"Roboter in der Verpackungstechnik \u2013 Verpackungsroboter\",\"isPartOf\":{\"@id\":\"https:\/\/www.bagmatic.com\/de\/#website\"},\"datePublished\":\"2019-10-30T13:01:27+00:00\",\"dateModified\":\"2025-04-28T06:49:46+00:00\",\"description\":\"Verpackungsroboter der Firma Bagmatic \u2714 vertikal & horizontal Knickarmroboter \u2714 Pick and Place Roboter \u2714 Cobots \u2714 Jetzt anfragen!\",\"breadcrumb\":{\"@id\":\"https:\/\/www.bagmatic.com\/de\/verpackungsroboter-vision-robot\/#breadcrumb\"},\"inLanguage\":\"de\",\"potentialAction\":[{\"@type\":\"ReadAction\",\"target\":[\"https:\/\/www.bagmatic.com\/de\/verpackungsroboter-vision-robot\/\"]}]},{\"@type\":\"BreadcrumbList\",\"@id\":\"https:\/\/www.bagmatic.com\/de\/verpackungsroboter-vision-robot\/#breadcrumb\",\"itemListElement\":[{\"@type\":\"ListItem\",\"position\":1,\"name\":\"Start\",\"item\":\"https:\/\/www.bagmatic.com\/de\/\"},{\"@type\":\"ListItem\",\"position\":2,\"name\":\"Vision &#038; Robot &#8211; Verpackungsroboter\"}]},{\"@type\":\"WebSite\",\"@id\":\"https:\/\/www.bagmatic.com\/de\/#website\",\"url\":\"https:\/\/www.bagmatic.com\/de\/\",\"name\":\"BagMatic\",\"description\":\"\",\"publisher\":{\"@id\":\"https:\/\/www.bagmatic.com\/de\/#organization\"},\"potentialAction\":[{\"@type\":\"SearchAction\",\"target\":{\"@type\":\"EntryPoint\",\"urlTemplate\":\"https:\/\/www.bagmatic.com\/de\/?s={search_term_string}\"},\"query-input\":\"required name=search_term_string\"}],\"inLanguage\":\"de\"},{\"@type\":\"Organization\",\"@id\":\"https:\/\/www.bagmatic.com\/de\/#organization\",\"name\":\"BAGMATIC\u00ae GmbH\",\"url\":\"https:\/\/www.bagmatic.com\/de\/\",\"logo\":{\"@type\":\"ImageObject\",\"inLanguage\":\"de\",\"@id\":\"https:\/\/www.bagmatic.com\/de\/#\/schema\/logo\/image\/\",\"url\":\"https:\/\/www.bagmatic.com\/wp-content\/uploads\/bagmatic-logo.png\",\"contentUrl\":\"https:\/\/www.bagmatic.com\/wp-content\/uploads\/bagmatic-logo.png\",\"width\":500,\"height\":114,\"caption\":\"BAGMATIC\u00ae GmbH\"},\"image\":{\"@id\":\"https:\/\/www.bagmatic.com\/de\/#\/schema\/logo\/image\/\"}}]}<\/script>\n<!-- \/ Yoast SEO plugin. -->","yoast_head_json":{"title":"Roboter in der Verpackungstechnik \u2013 Verpackungsroboter","description":"Verpackungsroboter der Firma Bagmatic \u2714 vertikal & horizontal Knickarmroboter \u2714 Pick and Place Roboter \u2714 Cobots \u2714 Jetzt anfragen!","robots":{"index":"index","follow":"follow","max-snippet":"max-snippet:-1","max-image-preview":"max-image-preview:large","max-video-preview":"max-video-preview:-1"},"canonical":"https:\/\/www.bagmatic.com\/de\/verpackungsroboter-vision-robot\/","og_locale":"de_DE","og_type":"article","og_title":"Roboter in der Verpackungstechnik \u2013 Verpackungsroboter","og_description":"Verpackungsroboter der Firma Bagmatic \u2714 vertikal & horizontal Knickarmroboter \u2714 Pick and Place Roboter \u2714 Cobots \u2714 Jetzt anfragen!","og_url":"https:\/\/www.bagmatic.com\/de\/verpackungsroboter-vision-robot\/","og_site_name":"BagMatic","article_modified_time":"2025-04-28T06:49:46+00:00","twitter_card":"summary_large_image","twitter_misc":{"Gesch\u00e4tzte Lesezeit":"8\u00a0Minuten"},"schema":{"@context":"https:\/\/schema.org","@graph":[{"@type":"WebPage","@id":"https:\/\/www.bagmatic.com\/de\/verpackungsroboter-vision-robot\/","url":"https:\/\/www.bagmatic.com\/de\/verpackungsroboter-vision-robot\/","name":"Roboter in der Verpackungstechnik \u2013 Verpackungsroboter","isPartOf":{"@id":"https:\/\/www.bagmatic.com\/de\/#website"},"datePublished":"2019-10-30T13:01:27+00:00","dateModified":"2025-04-28T06:49:46+00:00","description":"Verpackungsroboter der Firma Bagmatic \u2714 vertikal & horizontal Knickarmroboter \u2714 Pick and Place Roboter \u2714 Cobots \u2714 Jetzt anfragen!","breadcrumb":{"@id":"https:\/\/www.bagmatic.com\/de\/verpackungsroboter-vision-robot\/#breadcrumb"},"inLanguage":"de","potentialAction":[{"@type":"ReadAction","target":["https:\/\/www.bagmatic.com\/de\/verpackungsroboter-vision-robot\/"]}]},{"@type":"BreadcrumbList","@id":"https:\/\/www.bagmatic.com\/de\/verpackungsroboter-vision-robot\/#breadcrumb","itemListElement":[{"@type":"ListItem","position":1,"name":"Start","item":"https:\/\/www.bagmatic.com\/de\/"},{"@type":"ListItem","position":2,"name":"Vision &#038; Robot &#8211; Verpackungsroboter"}]},{"@type":"WebSite","@id":"https:\/\/www.bagmatic.com\/de\/#website","url":"https:\/\/www.bagmatic.com\/de\/","name":"BagMatic","description":"","publisher":{"@id":"https:\/\/www.bagmatic.com\/de\/#organization"},"potentialAction":[{"@type":"SearchAction","target":{"@type":"EntryPoint","urlTemplate":"https:\/\/www.bagmatic.com\/de\/?s={search_term_string}"},"query-input":"required name=search_term_string"}],"inLanguage":"de"},{"@type":"Organization","@id":"https:\/\/www.bagmatic.com\/de\/#organization","name":"BAGMATIC\u00ae GmbH","url":"https:\/\/www.bagmatic.com\/de\/","logo":{"@type":"ImageObject","inLanguage":"de","@id":"https:\/\/www.bagmatic.com\/de\/#\/schema\/logo\/image\/","url":"https:\/\/www.bagmatic.com\/wp-content\/uploads\/bagmatic-logo.png","contentUrl":"https:\/\/www.bagmatic.com\/wp-content\/uploads\/bagmatic-logo.png","width":500,"height":114,"caption":"BAGMATIC\u00ae GmbH"},"image":{"@id":"https:\/\/www.bagmatic.com\/de\/#\/schema\/logo\/image\/"}}]}},"_links":{"self":[{"href":"https:\/\/www.bagmatic.com\/de\/wp-json\/wp\/v2\/pages\/502"}],"collection":[{"href":"https:\/\/www.bagmatic.com\/de\/wp-json\/wp\/v2\/pages"}],"about":[{"href":"https:\/\/www.bagmatic.com\/de\/wp-json\/wp\/v2\/types\/page"}],"author":[{"embeddable":true,"href":"https:\/\/www.bagmatic.com\/de\/wp-json\/wp\/v2\/users\/2"}],"replies":[{"embeddable":true,"href":"https:\/\/www.bagmatic.com\/de\/wp-json\/wp\/v2\/comments?post=502"}],"version-history":[{"count":16,"href":"https:\/\/www.bagmatic.com\/de\/wp-json\/wp\/v2\/pages\/502\/revisions"}],"predecessor-version":[{"id":2455,"href":"https:\/\/www.bagmatic.com\/de\/wp-json\/wp\/v2\/pages\/502\/revisions\/2455"}],"wp:attachment":[{"href":"https:\/\/www.bagmatic.com\/de\/wp-json\/wp\/v2\/media?parent=502"}],"curies":[{"name":"wp","href":"https:\/\/api.w.org\/{rel}","templated":true}]}}