{"id":506,"date":"2019-10-30T14:19:28","date_gmt":"2019-10-30T13:19:28","guid":{"rendered":"https:\/\/2019.bagmatic.com\/?page_id=506"},"modified":"2019-11-12T15:00:10","modified_gmt":"2019-11-12T14:00:10","slug":"neutralisierung-statischer-elektrizitaet","status":"publish","type":"page","link":"https:\/\/www.bagmatic.com\/de\/neutralisierung-statischer-elektrizitaet\/","title":{"rendered":"Bagmatic l\u00f6st Ihr Problem mit statischer Elektrizit\u00e4t"},"content":{"rendered":"<section class=\"wpb-content-wrapper\"><p>[vc_row][vc_column][\/vc_column][\/vc_row][vc_row content_placement=&#8220;middle&#8220; mobile_bg_img_hidden=&#8220;no&#8220; tablet_bg_img_hidden=&#8220;no&#8220; woodmart_parallax=&#8220;0&#8243; woodmart_gradient_switch=&#8220;no&#8220; row_reverse_mobile=&#8220;0&#8243; row_reverse_tablet=&#8220;0&#8243; woodmart_disable_overflow=&#8220;0&#8243;][vc_column width=&#8220;1\/2&#8243;][vc_column_text text_larger=&#8220;no&#8220;]<strong>Wissen \u00fcber Elektrizit\u00e4t<\/strong><\/p>\n<p style=\"text-align: left;\">Schon die alten \u00c6gypter kannten elektrostatische Aufladung, aber der erste, der Versuche damit machte, war der Grieche Thales von Milet (635\u00a0 &#8211;\u00a0546 vor Christi). Er fand heraus, dass Bernstein (griech.\u1f24\u03bb\u03b5\u03ba\u03c4\u03c1\u03bf\u03bdkleine Teilchen anzog, nachdem er es an Wolle gerieben hatte. Der Name Elektrizit\u00e4t stammt also vom Bernstein. Heute spekulieren viele Fachleute dar\u00fcber, wie statische Elektrizit\u00e4t in unserem Zeitalter vermieden werden kann, denn fast jeder hat erlebt, dass man dadurch unangenehme, zum Teil gef\u00e4hrliche Stromschl\u00e4ge bekommt, z. B. wenn man auf einem Filzboden geht, die K\u00fchltruhe im Supermarkt ber\u00fchrt und der Herzschrittmacher wegen des Stromschlags ausf\u00e4llt.<\/p>\n<p>[\/vc_column_text][\/vc_column][vc_column width=&#8220;1\/2&#8243;][vc_single_image image=&#8220;572&#8243; img_size=&#8220;medium&#8220; parallax_scroll=&#8220;no&#8220;][\/vc_column][\/vc_row][vc_row][vc_column][vc_column_text text_larger=&#8220;no&#8220;]<b><span data-contrast=\"auto\">Was ist Elektrizit\u00e4t<\/span><\/b><span data-ccp-props=\"{&quot;201341983&quot;:0,&quot;335559739&quot;:160,&quot;335559740&quot;:259}\">\u00a0<\/span>[\/vc_column_text][vc_row_inner][vc_column_inner width=&#8220;1\/2&#8243;][vc_column_text text_larger=&#8220;no&#8220;]Jede Materie besteht aus Atomen in den verschiedensten oder gleichartigen Verbindungen, die man Molek\u00fcle nennt. Ein Atom besteht aus einem\u00a0den Elektronen kreisen. Ein Elektron hat die kleinste negative elektrische Ladung, die es gibt. Der Atomkern aber besteht aus der gleichen Anzahl positiver Ladungen wie die Anzahl der Elektronen, die um den Atomkern kreisen. Diese positiven Ladungen nennt man Protonen. Au\u00dferdem hat der Kern auch Neutronen, wenn er mehrere Protonen besitzt. Sie haben die Aufgabe, die Protonen zusammenzuhalten, weil sich gleiche elektrische Ladungen sonst absto\u00dfen w\u00fcrden. Die Neutronen haben aber keine elektrische Ladung.<\/p>\n<p>Deshalb: Die elektrischen Kr\u00e4fte in einem Atom oder Molek\u00fcl mit der gleichen Anzahl Elektronen und Protonen halten sich elektrisch die Waage, gleichen sich aus, sind daher\u00a0elektisch\u00a0neutral.[\/vc_column_text][\/vc_column_inner][vc_column_inner width=&#8220;1\/2&#8243;][vc_column_text text_larger=&#8220;no&#8220;]Aber was geschieht, wenn irgend eine Materie zu wenig oder zu viele Elektronen in der Menge ihrer Atome oder\u00a0Molek\u00fcle\u00a0 hat? Ganz einfach: bei zu wenig Elektronen ist sie elektrisch positiv geladen, bei zu vielen Elektronen aber elektrisch negativ. Zwei K\u00f6rper mit positiver Ladung sto\u00dfen sich ab, das gleiche gilt f\u00fcr zwei K\u00f6rper mit negativer Ladung. Aber zwei K\u00f6rper mit entgegengesetzter elektrischer Ladung ziehen sich an,\u00a0antistakleben\u00a0praktisch aneinander.<\/p>\n<p>Wenn sich die Elektronen in einem Material frei bewegen k\u00f6nnen, z. B. in Eisen oder Kupfer, dann nennt man dieses Material einen Leiter. Wasser z.B. ist ein recht guter Leiter, dagegen ist Luft kein guter Leiter.\u00a0Ein\u00a0 Material, in dem die Elektronen sich kaum oder gar nicht frei bewegen k\u00f6nnen, nennt man Nichtleiter\u00a0 oder Isolatoren. Plastik, Bernstein,\u00a0Porcellan\u00a0sind gute Isolatoren.[\/vc_column_text][\/vc_column_inner][\/vc_row_inner][\/vc_column][\/vc_row][vc_row css=&#8220;.vc_custom_1573566719418{padding-top: 30px !important;padding-bottom: 30px !important;}&#8220; mobile_bg_img_hidden=&#8220;no&#8220; tablet_bg_img_hidden=&#8220;no&#8220; woodmart_parallax=&#8220;0&#8243; woodmart_gradient_switch=&#8220;no&#8220; row_reverse_mobile=&#8220;0&#8243; row_reverse_tablet=&#8220;0&#8243; woodmart_disable_overflow=&#8220;0&#8243;][vc_column][vc_column_text text_larger=&#8220;no&#8220;]<b><\/b><span data-ccp-props=\"{&quot;201341983&quot;:0,&quot;335559739&quot;:160,&quot;335559740&quot;:259}\"><b>WAS IST STATISCHE ELEKTRIZIT\u00c4T?<\/b>\u00a0<\/span>[\/vc_column_text][vc_row_inner][vc_column_inner width=&#8220;1\/2&#8243;][vc_column_text text_larger=&#8220;no&#8220;]Statische Elektrizit\u00e4t besteht aus Ladungen (Elektronen), die auf der Oberfl\u00e4che eines Isoliermaterials sitzen. Die Anzahl dieser unbeweglichen Elektronen nennt man das elektrische Potential.\u00a0 Ein anderes Material mit einem anderen Potential, wird von dem ersten Material angezogen. Den Potentialunterschied nennt man elektrische\u00a0\u00a0die in Volt gemessen wird. Ber\u00fchrt man das erste Material mit einem Leiter, gleichen sich die beiden Potentiale aus. Diesen Ausgleich nennt man Strom. Auf diese Weise kann ein Mensch einen Stromschlag erleiden. Bei sehr hoher Spannung kann sogar die Luft leiten, obwohl die Luft ein schlechter Leiter ist. Das kennen wir von einem Funken, der\u00a0\u00a0trifft, wenn er die Hand dicht an eine K\u00fchltruhe im Supermarkt h\u00e4lt, oder von einem Blitz bei Gewitter.<\/p>\n<p>Die ungleiche Anzahl Elektronen in zwei verschiedenen Stoffen mit geringer Leitf\u00e4higkeit entsteht durch Statische Elektrizit\u00e4t tritt daher in vielen Prozessen auf. Sie entsteht durch Arbeiten mit den verschiedensten Materialien, z.B. durch Kontakt zwischen zwei Materialien oder durch Trennen der Materialien, beispielsweise durch Ausrollen. Sie kann durch Druck auf\u00a0zwei unterschiedliche Materialien oder durch Reibung auftreten.<\/p>\n<p>Auch beim Heizen und K\u00fchlen kann statische Elektrizit\u00e4t entstehen.[\/vc_column_text][\/vc_column_inner][vc_column_inner width=&#8220;1\/2&#8243;][vc_column_text text_larger=&#8220;no&#8220;]Wie bereits erw\u00e4hnt, kennt die Menschheit seit mehr als zweitausend Jahren statische Elektrizit\u00e4t, aber besonders in unserer Zeit bereitet sie uns wegen des trockenen Raumklimas und der Verwendung von Plastik und anderen synthetischen Stoffen Probleme, weil die unterschiedlichen elektrischen Ladungen verschiedener Stoffe einen Stromschlag bewirken k\u00f6nnen. Noch einmal sei gesagt: Das kann sehr weh tun oder ernste Folgen haben.<\/p>\n<p>Bei Prozessen, wo man mit verschiedenen,\u00a0nicht leitenden\u00a0Materialien arbeitet, typischerweise bei k\u00fcnstlichen Substanzen, ist statische Elektrizit\u00e4t \u00fcblich, und deshalb besteht Gefahr f\u00fcr Stromschl\u00e4ge.<\/p>\n<p>Viele Prozesse sind unproblematisch, aber in einigen F\u00e4llen kann unterschiedliche statische Elektrizit\u00e4t gro\u00dfe produktionstechnologische oder arbeitsmedizinische Probleme mit sich f\u00fchren.<\/p>\n<p>Zwei unterschiedlich elektrisch geladene Stoffe k\u00f6nnen versehentlich anhaften oder sich anziehen (z.B. Staub) oder zwei Stoffe mit gleicher elektrischer Ladung sto\u00dfen sich ab. Ersteres kann Funkenbildung, daraus resultierende Entz\u00fcndungen oder Schock f\u00fcr das Personal bewirken, letzteres Produktionsst\u00f6rungen.[\/vc_column_text][\/vc_column_inner][\/vc_row_inner][\/vc_column][\/vc_row][vc_row full_width=&#8220;stretch_row&#8220; css=&#8220;.vc_custom_1573566327823{padding-top: 30px !important;padding-bottom: 30px !important;background-color: #0069b2 !important;}&#8220; mobile_bg_img_hidden=&#8220;no&#8220; tablet_bg_img_hidden=&#8220;no&#8220; woodmart_parallax=&#8220;0&#8243; woodmart_gradient_switch=&#8220;no&#8220; row_reverse_mobile=&#8220;0&#8243; row_reverse_tablet=&#8220;0&#8243; woodmart_disable_overflow=&#8220;0&#8243; el_class=&#8220;whitecolor&#8220;][vc_column][vc_column_text text_larger=&#8220;no&#8220;]<\/p>\n<h4 style=\"text-align: center;\">DIE BEDINGUNGEN F\u00dcR DAS AUFTRETEN STATISCHER ELEKTRIZIT\u00c4T H\u00c4NGEN VON VIELEN FAKTOREN AB, ZB:<\/h4>\n<p>[\/vc_column_text][vc_row_inner equal_height=&#8220;yes&#8220; gap=&#8220;20&#8243; row_reverse_mobile=&#8220;0&#8243; row_reverse_tablet=&#8220;0&#8243;][vc_column_inner width=&#8220;1\/4&#8243;][vc_column_text text_larger=&#8220;no&#8220;]<strong>1) DEM MATERIAL\u00a0<\/strong><\/p>\n<p>Je weniger leitend (isolierend) das Material ist, desto h\u00f6her ist die Gefahr f\u00fcr statische Elektrizit\u00e4t. Und umgekehrt, je leitf\u00e4higer das Material ist, desto weniger tritt statische Elektrizit\u00e4t auf.[\/vc_column_text][\/vc_column_inner][vc_column_inner width=&#8220;1\/4&#8243;][vc_column_text text_larger=&#8220;no&#8220;]<strong>2) DEN PROZESSEN\u00a0<\/strong><\/p>\n<p>Je gr\u00f6\u00dfer die \u00c4nderung eines Materials und je h\u00f6her die Geschwindigkeit der \u00c4nderung ist, desto mehr statische Elektrizit\u00e4t entsteht.[\/vc_column_text][\/vc_column_inner][vc_column_inner width=&#8220;1\/4&#8243;][vc_column_text text_larger=&#8220;no&#8220;]<strong>3) DEM RAUMKLIMA\u00a0<\/strong><\/p>\n<p>Die Luftfeuchtigkeit ist von gro\u00dfer Bedeutung: je geringer die Luftfeuchtigkeit, desto gr\u00f6\u00dfer ist die statische Elektrizit\u00e4t.[\/vc_column_text][\/vc_column_inner][vc_column_inner width=&#8220;1\/4&#8243;][vc_column_text text_larger=&#8220;no&#8220;]<strong>4) DEM WETTER\u00a0<\/strong><\/p>\n<p>Oft beeinflusst die Luftfeuchtigkeit drau\u00dfen auch das Raumklima.[\/vc_column_text][\/vc_column_inner][\/vc_row_inner][\/vc_column][\/vc_row][vc_row css=&#8220;.vc_custom_1573566712530{padding-top: 30px !important;padding-bottom: 30px !important;}&#8220; mobile_bg_img_hidden=&#8220;no&#8220; tablet_bg_img_hidden=&#8220;no&#8220; woodmart_parallax=&#8220;0&#8243; woodmart_gradient_switch=&#8220;no&#8220; row_reverse_mobile=&#8220;0&#8243; row_reverse_tablet=&#8220;0&#8243; woodmart_disable_overflow=&#8220;0&#8243;][vc_column][vc_column_text text_larger=&#8220;no&#8220;]<\/p>\n<h4 style=\"text-align: center;\">WAS ZU TUN IST, UM DAS PROBLEM ZU L\u00d6SEN<\/h4>\n<p>[\/vc_column_text][vc_row_inner equal_height=&#8220;yes&#8220; gap=&#8220;20&#8243; row_reverse_mobile=&#8220;0&#8243; row_reverse_tablet=&#8220;0&#8243;][vc_column_inner width=&#8220;1\/5&#8243;][vc_column_text text_larger=&#8220;no&#8220;]<strong>1) PRODUKTIONSFORM \u00c4NDERN\u00a0\u00a0<\/strong><\/p>\n<p>Dies kann schwierig sein, jedoch w\u00e4re eine m\u00f6gliche L\u00f6sung, die Produktionsgeschwindigkeit zu verringern oder zu ver\u00e4ndern.[\/vc_column_text][\/vc_column_inner][vc_column_inner width=&#8220;1\/5&#8243;][vc_column_text text_larger=&#8220;no&#8220;]<strong>2) MATERIAL WECHSELN\u00a0<\/strong><\/p>\n<p>Man kann mehr leitf\u00e4higes Material verwenden, und ein nicht leitf\u00e4higes Material kann beispielsweise mit leitf\u00e4higen Additiven verbessert werden.[\/vc_column_text][\/vc_column_inner][vc_column_inner width=&#8220;1\/5&#8243;][vc_column_text text_larger=&#8220;no&#8220;]<strong>3) KLIMA \u00c4NDERN\u00a0<\/strong><\/p>\n<p>Man kann die Luftfeuchtigkeit genauer und auf einem h\u00f6heren Niveau steuern, wodurch bessere Eigenschaften der Leitf\u00e4higkeit des Materials und der Luft erreicht wird.[\/vc_column_text][\/vc_column_inner][vc_column_inner width=&#8220;1\/5&#8243;][vc_column_text text_larger=&#8220;no&#8220;]<strong>4) ERDUNG VERBESSERN\u00a0<\/strong><\/p>\n<p>Man kann f\u00fcr eine gute Erdung aller Maschinenteile, teilweise mit sehr hohen Belastungen, sorgen.<\/p>\n<p>Das Material sollte mit ordnungsgem\u00e4\u00df durchgef\u00fchrter\u00a0Erdung\u00a0 passiv\u00a0entladen werden.[\/vc_column_text][\/vc_column_inner][vc_column_inner width=&#8220;1\/5&#8243;][vc_column_text text_larger=&#8220;no&#8220;]<strong>5) DER LUFT IONEN HINZUF\u00dcGEN\u00a0<\/strong><\/p>\n<p>Eine sehr effektive Methode besteht darin, der Luft Ionen mit einer Ionisationsanlage geeigneter Gr\u00f6\u00dfe zuzuf\u00fchren.<\/p>\n<p>Diese entl\u00e4dt die entstandene statische Elektrizit\u00e4t des Materials.[\/vc_column_text][\/vc_column_inner][\/vc_row_inner][\/vc_column][\/vc_row][vc_row css=&#8220;.vc_custom_1573567157333{padding-bottom: 30px !important;}&#8220; mobile_bg_img_hidden=&#8220;no&#8220; tablet_bg_img_hidden=&#8220;no&#8220; woodmart_parallax=&#8220;0&#8243; woodmart_gradient_switch=&#8220;no&#8220; row_reverse_mobile=&#8220;0&#8243; row_reverse_tablet=&#8220;0&#8243; woodmart_disable_overflow=&#8220;0&#8243;][vc_column width=&#8220;1\/2&#8243;][vc_single_image image=&#8220;576&#8243; img_size=&#8220;medium&#8220; alignment=&#8220;center&#8220; parallax_scroll=&#8220;no&#8220; css=&#8220;.vc_custom_1573567204934{padding-bottom: 30px !important;}&#8220;][vc_column_text text_larger=&#8220;no&#8220;]<b>WAS SIND ANTISTATISCHE PRODUKTE<\/b><\/p>\n<p>Antistatische Produkte sind Produkte, die keine statische Elektrizit\u00e4t aufladen, d.h. leitf\u00e4hig sind. Der Bereich umfasst Kleidung, Schuhe, Fu\u00dfb\u00f6den, Verpackungen, Werkzeuge und so weiter. Ein typisches antistatisches Produkt sind Plastikbeutel f\u00fcr die Elektronik.<\/p>\n<p>Elektronische Komponenten sind sehr anf\u00e4llig f\u00fcr statische Aufladungen. In einem normalen Plastikbeutel besteht Gefahr f\u00fcr ihre Zerst\u00f6rung. Daher werden f\u00fcr solche Komponenten Beutel mit Zus\u00e4tzen verwendet, die leitende Eigenschaften besitzen, damit keine statische Elektrizit\u00e4t auftritt. Man nennt diese Beutel antistatische Beutel.[\/vc_column_text][\/vc_column][vc_column width=&#8220;1\/2&#8243;][vc_single_image image=&#8220;574&#8243; img_size=&#8220;medium&#8220; alignment=&#8220;center&#8220; parallax_scroll=&#8220;no&#8220; css=&#8220;.vc_custom_1573567210432{padding-bottom: 30px !important;}&#8220;][vc_column_text text_larger=&#8220;no&#8220;]<b>WELCHE M\u00d6GLICHKEITEN GIBT ES F\u00dcR DIE NEUTRALISIERUNG<\/b><\/p>\n<p>Eine Montagelinie verursacht Probleme bei der Platzierung von Gegenst\u00e4nden, die statisch elektrisch sind und aus diesem Grunde nicht korrekt platziert werden k\u00f6nnen.L\u00f6sung dieses Problems: Ein Ionengebl\u00e4se, das eine einfache Ionisierung in einem gr\u00f6\u00dferen Bereich erm\u00f6glicht.<\/p>\n<p>Ein Hersteller von sehr gro\u00dfen Glasfiberteilen hat Probleme mit statisch-elektrischen Ladungen in der Produktion. Dies f\u00fchrt zu schweren Stromschl\u00e4gen f\u00fcr den Bediener, die gesundheitssch\u00e4dlich sein k\u00f6nnen. L\u00f6sung: Ein LR-Ionenstab in Kombination mit tangentialem Gebl\u00e4se, der zum Arbeitsplatz gebracht wird und den Bereich von 1 &#8211; 6 m deckt. Der Effekt ist von der Entfernung abh\u00e4ngig.[\/vc_column_text][\/vc_column][\/vc_row][vc_row content_placement=&#8220;middle&#8220; css=&#8220;.vc_custom_1573566701761{padding-top: 30px !important;padding-bottom: 30px !important;}&#8220; mobile_bg_img_hidden=&#8220;no&#8220; tablet_bg_img_hidden=&#8220;no&#8220; woodmart_parallax=&#8220;0&#8243; woodmart_gradient_switch=&#8220;no&#8220; row_reverse_mobile=&#8220;0&#8243; row_reverse_tablet=&#8220;0&#8243; woodmart_disable_overflow=&#8220;0&#8243;][vc_column width=&#8220;1\/2&#8243;][vc_single_image image=&#8220;566&#8243; img_size=&#8220;medium&#8220; parallax_scroll=&#8220;no&#8220;][\/vc_column][vc_column width=&#8220;1\/2&#8243;][vc_column_text text_larger=&#8220;no&#8220;]<b>WAS IST EIN ION?<\/b><\/p>\n<p>Das Wort Ion kommt aus dem Griechischen und bedeutet eigentlich &#8222;wandern&#8220;, wird aber in der Bedeutung: positiv oder negativ elektrisch geladenes Atom, Molek\u00fcl oder Teilchen verwendet. Positiv geladene Ionen sind Atome oder Molek\u00fcle, von denen sich ein Elektron (oder mehrere Elektronen) losgerissen hat (haben).[\/vc_column_text][\/vc_column][\/vc_row]<\/p>\n<\/section>","protected":false},"excerpt":{"rendered":"<p>[vc_row][vc_column][\/vc_column][\/vc_row][vc_row content_placement=&#8220;middle&#8220; mobile_bg_img_hidden=&#8220;no&#8220; tablet_bg_img_hidden=&#8220;no&#8220; woodmart_parallax=&#8220;0&#8243; woodmart_gradient_switch=&#8220;no&#8220; row_reverse_mobile=&#8220;0&#8243; row_reverse_tablet=&#8220;0&#8243; woodmart_disable_overflow=&#8220;0&#8243;][vc_column width=&#8220;1\/2&#8243;][vc_column_text text_larger=&#8220;no&#8220;]Wissen \u00fcber Elektrizit\u00e4t Schon die alten \u00c6gypter kannten elektrostatische Aufladung,<\/p>\n","protected":false},"author":2,"featured_media":0,"parent":0,"menu_order":0,"comment_status":"closed","ping_status":"closed","template":"","meta":[],"yoast_head":"<!-- This site is optimized with the Yoast SEO plugin v20.1 - https:\/\/yoast.com\/wordpress\/plugins\/seo\/ -->\n<title>Bagmatic l\u00f6st Ihr Problem mit statischer Elektrizit\u00e4t | BagMatic<\/title>\n<meta name=\"robots\" content=\"index, follow, max-snippet:-1, max-image-preview:large, max-video-preview:-1\" \/>\n<link rel=\"canonical\" href=\"https:\/\/www.bagmatic.com\/de\/neutralisierung-statischer-elektrizitaet\/\" \/>\n<meta property=\"og:locale\" content=\"de_DE\" \/>\n<meta property=\"og:type\" content=\"article\" \/>\n<meta property=\"og:title\" content=\"Bagmatic l\u00f6st Ihr Problem mit statischer Elektrizit\u00e4t | BagMatic\" \/>\n<meta property=\"og:description\" content=\"[vc_row][vc_column][\/vc_column][\/vc_row][vc_row content_placement=&#8220;middle&#8220; mobile_bg_img_hidden=&#8220;no&#8220; tablet_bg_img_hidden=&#8220;no&#8220; woodmart_parallax=&#8220;0&#8243; woodmart_gradient_switch=&#8220;no&#8220; row_reverse_mobile=&#8220;0&#8243; row_reverse_tablet=&#8220;0&#8243; woodmart_disable_overflow=&#8220;0&#8243;][vc_column width=&#8220;1\/2&#8243;][vc_column_text text_larger=&#8220;no&#8220;]Wissen \u00fcber Elektrizit\u00e4t Schon die alten \u00c6gypter kannten elektrostatische Aufladung,\" \/>\n<meta property=\"og:url\" content=\"https:\/\/www.bagmatic.com\/de\/neutralisierung-statischer-elektrizitaet\/\" \/>\n<meta property=\"og:site_name\" content=\"BagMatic\" \/>\n<meta property=\"article:modified_time\" content=\"2019-11-12T14:00:10+00:00\" \/>\n<meta name=\"twitter:card\" content=\"summary_large_image\" \/>\n<meta name=\"twitter:label1\" content=\"Gesch\u00e4tzte Lesezeit\" \/>\n\t<meta name=\"twitter:data1\" content=\"9\u00a0Minuten\" \/>\n<script type=\"application\/ld+json\" class=\"yoast-schema-graph\">{\"@context\":\"https:\/\/schema.org\",\"@graph\":[{\"@type\":\"WebPage\",\"@id\":\"https:\/\/www.bagmatic.com\/de\/neutralisierung-statischer-elektrizitaet\/\",\"url\":\"https:\/\/www.bagmatic.com\/de\/neutralisierung-statischer-elektrizitaet\/\",\"name\":\"Bagmatic l\u00f6st Ihr Problem mit statischer Elektrizit\u00e4t | BagMatic\",\"isPartOf\":{\"@id\":\"https:\/\/www.bagmatic.com\/de\/#website\"},\"datePublished\":\"2019-10-30T13:19:28+00:00\",\"dateModified\":\"2019-11-12T14:00:10+00:00\",\"breadcrumb\":{\"@id\":\"https:\/\/www.bagmatic.com\/de\/neutralisierung-statischer-elektrizitaet\/#breadcrumb\"},\"inLanguage\":\"de\",\"potentialAction\":[{\"@type\":\"ReadAction\",\"target\":[\"https:\/\/www.bagmatic.com\/de\/neutralisierung-statischer-elektrizitaet\/\"]}]},{\"@type\":\"BreadcrumbList\",\"@id\":\"https:\/\/www.bagmatic.com\/de\/neutralisierung-statischer-elektrizitaet\/#breadcrumb\",\"itemListElement\":[{\"@type\":\"ListItem\",\"position\":1,\"name\":\"Start\",\"item\":\"https:\/\/www.bagmatic.com\/de\/\"},{\"@type\":\"ListItem\",\"position\":2,\"name\":\"Bagmatic l\u00f6st Ihr Problem mit statischer Elektrizit\u00e4t\"}]},{\"@type\":\"WebSite\",\"@id\":\"https:\/\/www.bagmatic.com\/de\/#website\",\"url\":\"https:\/\/www.bagmatic.com\/de\/\",\"name\":\"BagMatic\",\"description\":\"\",\"publisher\":{\"@id\":\"https:\/\/www.bagmatic.com\/de\/#organization\"},\"potentialAction\":[{\"@type\":\"SearchAction\",\"target\":{\"@type\":\"EntryPoint\",\"urlTemplate\":\"https:\/\/www.bagmatic.com\/de\/?s={search_term_string}\"},\"query-input\":\"required name=search_term_string\"}],\"inLanguage\":\"de\"},{\"@type\":\"Organization\",\"@id\":\"https:\/\/www.bagmatic.com\/de\/#organization\",\"name\":\"BAGMATIC\u00ae GmbH\",\"url\":\"https:\/\/www.bagmatic.com\/de\/\",\"logo\":{\"@type\":\"ImageObject\",\"inLanguage\":\"de\",\"@id\":\"https:\/\/www.bagmatic.com\/de\/#\/schema\/logo\/image\/\",\"url\":\"https:\/\/www.bagmatic.com\/wp-content\/uploads\/bagmatic-logo.png\",\"contentUrl\":\"https:\/\/www.bagmatic.com\/wp-content\/uploads\/bagmatic-logo.png\",\"width\":500,\"height\":114,\"caption\":\"BAGMATIC\u00ae GmbH\"},\"image\":{\"@id\":\"https:\/\/www.bagmatic.com\/de\/#\/schema\/logo\/image\/\"}}]}<\/script>\n<!-- \/ Yoast SEO plugin. -->","yoast_head_json":{"title":"Bagmatic l\u00f6st Ihr Problem mit statischer Elektrizit\u00e4t | BagMatic","robots":{"index":"index","follow":"follow","max-snippet":"max-snippet:-1","max-image-preview":"max-image-preview:large","max-video-preview":"max-video-preview:-1"},"canonical":"https:\/\/www.bagmatic.com\/de\/neutralisierung-statischer-elektrizitaet\/","og_locale":"de_DE","og_type":"article","og_title":"Bagmatic l\u00f6st Ihr Problem mit statischer Elektrizit\u00e4t | BagMatic","og_description":"[vc_row][vc_column][\/vc_column][\/vc_row][vc_row content_placement=&#8220;middle&#8220; mobile_bg_img_hidden=&#8220;no&#8220; tablet_bg_img_hidden=&#8220;no&#8220; woodmart_parallax=&#8220;0&#8243; woodmart_gradient_switch=&#8220;no&#8220; row_reverse_mobile=&#8220;0&#8243; row_reverse_tablet=&#8220;0&#8243; woodmart_disable_overflow=&#8220;0&#8243;][vc_column width=&#8220;1\/2&#8243;][vc_column_text text_larger=&#8220;no&#8220;]Wissen \u00fcber Elektrizit\u00e4t Schon die alten \u00c6gypter kannten elektrostatische Aufladung,","og_url":"https:\/\/www.bagmatic.com\/de\/neutralisierung-statischer-elektrizitaet\/","og_site_name":"BagMatic","article_modified_time":"2019-11-12T14:00:10+00:00","twitter_card":"summary_large_image","twitter_misc":{"Gesch\u00e4tzte Lesezeit":"9\u00a0Minuten"},"schema":{"@context":"https:\/\/schema.org","@graph":[{"@type":"WebPage","@id":"https:\/\/www.bagmatic.com\/de\/neutralisierung-statischer-elektrizitaet\/","url":"https:\/\/www.bagmatic.com\/de\/neutralisierung-statischer-elektrizitaet\/","name":"Bagmatic l\u00f6st Ihr Problem mit statischer Elektrizit\u00e4t | BagMatic","isPartOf":{"@id":"https:\/\/www.bagmatic.com\/de\/#website"},"datePublished":"2019-10-30T13:19:28+00:00","dateModified":"2019-11-12T14:00:10+00:00","breadcrumb":{"@id":"https:\/\/www.bagmatic.com\/de\/neutralisierung-statischer-elektrizitaet\/#breadcrumb"},"inLanguage":"de","potentialAction":[{"@type":"ReadAction","target":["https:\/\/www.bagmatic.com\/de\/neutralisierung-statischer-elektrizitaet\/"]}]},{"@type":"BreadcrumbList","@id":"https:\/\/www.bagmatic.com\/de\/neutralisierung-statischer-elektrizitaet\/#breadcrumb","itemListElement":[{"@type":"ListItem","position":1,"name":"Start","item":"https:\/\/www.bagmatic.com\/de\/"},{"@type":"ListItem","position":2,"name":"Bagmatic l\u00f6st Ihr Problem mit statischer Elektrizit\u00e4t"}]},{"@type":"WebSite","@id":"https:\/\/www.bagmatic.com\/de\/#website","url":"https:\/\/www.bagmatic.com\/de\/","name":"BagMatic","description":"","publisher":{"@id":"https:\/\/www.bagmatic.com\/de\/#organization"},"potentialAction":[{"@type":"SearchAction","target":{"@type":"EntryPoint","urlTemplate":"https:\/\/www.bagmatic.com\/de\/?s={search_term_string}"},"query-input":"required name=search_term_string"}],"inLanguage":"de"},{"@type":"Organization","@id":"https:\/\/www.bagmatic.com\/de\/#organization","name":"BAGMATIC\u00ae GmbH","url":"https:\/\/www.bagmatic.com\/de\/","logo":{"@type":"ImageObject","inLanguage":"de","@id":"https:\/\/www.bagmatic.com\/de\/#\/schema\/logo\/image\/","url":"https:\/\/www.bagmatic.com\/wp-content\/uploads\/bagmatic-logo.png","contentUrl":"https:\/\/www.bagmatic.com\/wp-content\/uploads\/bagmatic-logo.png","width":500,"height":114,"caption":"BAGMATIC\u00ae GmbH"},"image":{"@id":"https:\/\/www.bagmatic.com\/de\/#\/schema\/logo\/image\/"}}]}},"_links":{"self":[{"href":"https:\/\/www.bagmatic.com\/de\/wp-json\/wp\/v2\/pages\/506"}],"collection":[{"href":"https:\/\/www.bagmatic.com\/de\/wp-json\/wp\/v2\/pages"}],"about":[{"href":"https:\/\/www.bagmatic.com\/de\/wp-json\/wp\/v2\/types\/page"}],"author":[{"embeddable":true,"href":"https:\/\/www.bagmatic.com\/de\/wp-json\/wp\/v2\/users\/2"}],"replies":[{"embeddable":true,"href":"https:\/\/www.bagmatic.com\/de\/wp-json\/wp\/v2\/comments?post=506"}],"version-history":[{"count":10,"href":"https:\/\/www.bagmatic.com\/de\/wp-json\/wp\/v2\/pages\/506\/revisions"}],"predecessor-version":[{"id":580,"href":"https:\/\/www.bagmatic.com\/de\/wp-json\/wp\/v2\/pages\/506\/revisions\/580"}],"wp:attachment":[{"href":"https:\/\/www.bagmatic.com\/de\/wp-json\/wp\/v2\/media?parent=506"}],"curies":[{"name":"wp","href":"https:\/\/api.w.org\/{rel}","templated":true}]}}