{"id":52,"date":"2019-07-30T13:28:58","date_gmt":"2019-07-30T11:28:58","guid":{"rendered":"https:\/\/2019.bagmatic.com\/?page_id=52"},"modified":"2024-02-20T07:51:03","modified_gmt":"2024-02-20T06:51:03","slug":"verpackungssysteme-verpackungssystemtechnik","status":"publish","type":"page","link":"https:\/\/www.bagmatic.com\/de\/verpackungsmaschinen\/verpackungssysteme-verpackungssystemtechnik\/","title":{"rendered":"Verpackungssysteme &#038; Verpackungssystemtechnik"},"content":{"rendered":"<section class=\"wpb-content-wrapper\"><p>[vc_row][vc_column width=&#8220;1\/2&#8243;][vc_single_image image=&#8220;221&#8243; img_size=&#8220;medium&#8220; parallax_scroll=&#8220;no&#8220;][\/vc_column][vc_column width=&#8220;1\/2&#8243;][vc_column_text text_larger=&#8220;no&#8220; woodmart_inline=&#8220;no&#8220;]Ein effizienter halb- oder vollautomatischer Verpackungsvorgang spart Zeit und Geld. Mit den <strong>Verpackungssysteme<\/strong> von BagMatic k\u00f6nnen Sie nicht nur rasch und unkompliziert Ihre Produkte \u201eeint\u00fcten\u201c, auch der Inline Druck von Zahlen, Buchstaben, Logos, QR- oder Barcodes sowie der Etikettendruck auf die Verpackung selbst passiert dabei im gleichen Arbeitsschritt. Dabei bietet unsere <strong>Verpackungstechnik ein duales System (duale Verpackungs\u00adsystemtechnik &amp; Verpackungsanlagen)<\/strong>.<\/p>\n<p>Im ersten Schritt k\u00f6nnen Sie Ihre Klein- und Einzelteile sowie Ihre Kits pr\u00e4zise durch die Industriemaschine T-1000 in Beutel verpacken lassen. Zur weiteren Effizienzsteigerung k\u00f6nnen Sie mehrere der T-1000 zu einem Modul zusammenschlie\u00dfen. Im zweiten Schritt werden die einzeln verschwei\u00dften Beutel durch das BF-4000 Kartonf\u00fcllsystem automatisch in vorgefertigte Kartons gef\u00fcllt.<\/p>\n<p>Sie sehen, durch das zweistufige, also <strong>duale Verpackungssystem<\/strong> von BagMatic Verpackungsmaschinen und den automated packaging systems werden Ihre Produkte sauber und ordentlich auf den Versand zu Ihren Kunden vorbereitet. Mit unseren L\u00f6sungen k\u00f6nnen Sie ihren Verpackungsprozess vereinfachen.<\/p>\n<p>BagMatic verf\u00fcgt \u00fcber jahrelange Erfahrung und know how im Verpackungsbereich, um die beste Verpackungsl\u00f6sung mit System f\u00fcr Ihr Unternehmen zu finden. Informationen zu unserer Technologien und Verpackungssysteme zum effizienten halb- oder automatischen Verpacken Ihrer Produkte finden Sie auf dieser Seite.[\/vc_column_text][\/vc_column][\/vc_row][vc_row css=&#8220;.vc_custom_1572364486191{padding-top: 30px !important;}&#8220; mobile_bg_img_hidden=&#8220;no&#8220; tablet_bg_img_hidden=&#8220;no&#8220; woodmart_parallax=&#8220;0&#8243; woodmart_gradient_switch=&#8220;no&#8220; row_reverse_mobile=&#8220;0&#8243; row_reverse_tablet=&#8220;0&#8243; woodmart_disable_overflow=&#8220;0&#8243;][vc_column]\t\t\t<div class=\"wd-products-element\">\n\t\t\t\n\t\t\n\t\t\t\t\t<div class=\"products elements-grid align-items-start row wd-products-holder  wd-spacing-30 grid-columns-2 pagination- align-items-start\" data-paged=\"1\" data-atts=\"{&quot;element_title&quot;:&quot;&quot;,&quot;post_type&quot;:&quot;product&quot;,&quot;layout&quot;:&quot;grid&quot;,&quot;include&quot;:&quot;&quot;,&quot;custom_query&quot;:&quot;&quot;,&quot;taxonomies&quot;:&quot;23&quot;,&quot;pagination&quot;:&quot;&quot;,&quot;items_per_page&quot;:12,&quot;product_hover&quot;:&quot;inherit&quot;,&quot;spacing&quot;:&quot;30&quot;,&quot;columns&quot;:&quot;2&quot;,&quot;columns_tablet&quot;:&quot;auto&quot;,&quot;columns_mobile&quot;:&quot;auto&quot;,&quot;sale_countdown&quot;:&quot;0&quot;,&quot;stretch_product_desktop&quot;:0,&quot;stretch_product_tablet&quot;:0,&quot;stretch_product_mobile&quot;:0,&quot;stock_progress_bar&quot;:&quot;0&quot;,&quot;highlighted_products&quot;:&quot;0&quot;,&quot;products_bordered_grid&quot;:&quot;0&quot;,&quot;products_bordered_grid_style&quot;:&quot;outside&quot;,&quot;product_quantity&quot;:0,&quot;offset&quot;:&quot;&quot;,&quot;orderby&quot;:&quot;&quot;,&quot;query_type&quot;:&quot;OR&quot;,&quot;order&quot;:&quot;&quot;,&quot;meta_key&quot;:&quot;&quot;,&quot;exclude&quot;:&quot;&quot;,&quot;class&quot;:&quot;&quot;,&quot;ajax_page&quot;:&quot;&quot;,&quot;speed&quot;:&quot;5000&quot;,&quot;slides_per_view&quot;:&quot;4&quot;,&quot;slides_per_view_tablet&quot;:&quot;auto&quot;,&quot;slides_per_view_mobile&quot;:&quot;auto&quot;,&quot;wrap&quot;:&quot;&quot;,&quot;autoplay&quot;:&quot;no&quot;,&quot;center_mode&quot;:&quot;no&quot;,&quot;hide_pagination_control&quot;:&quot;&quot;,&quot;hide_prev_next_buttons&quot;:&quot;&quot;,&quot;scroll_per_page&quot;:&quot;yes&quot;,&quot;img_size&quot;:&quot;woocommerce_thumbnail&quot;,&quot;force_not_ajax&quot;:&quot;no&quot;,&quot;products_masonry&quot;:&quot;0&quot;,&quot;products_different_sizes&quot;:&quot;0&quot;,&quot;lazy_loading&quot;:&quot;no&quot;,&quot;scroll_carousel_init&quot;:&quot;no&quot;,&quot;el_class&quot;:&quot;&quot;,&quot;shop_tools&quot;:&quot;no&quot;,&quot;query_post_type&quot;:&quot;product&quot;,&quot;hide_out_of_stock&quot;:&quot;no&quot;,&quot;css&quot;:&quot;&quot;,&quot;woodmart_css_id&quot;:&quot;&quot;,&quot;ajax_recently_viewed&quot;:&quot;no&quot;,&quot;is_wishlist&quot;:&quot;&quot;}\" data-source=\"shortcode\" data-columns=\"2\">\n\t\t\t<div class=\"product-grid-item product product-no-swatches wd-hover-base woodmart-hover-base wd-hover-with-fade  col-lg-6 col-md-6 col-6 first  type-product post-195 status-publish instock product_cat-systeme product_cat-verpackungsmaschinen has-post-thumbnail shipping-taxable product-type-simple\" data-loop=\"1\" data-id=\"195\">\n\t\n\t\n<div class=\"product-wrapper\">\n\t<div class=\"content-product-imagin\"><\/div>\n\t<div class=\"product-element-top wd-quick-shop\">\n\t\t<a href=\"https:\/\/www.bagmatic.com\/de\/produkte-zubehoer\/verpackungsmaschinen\/systeme\/bf-4000-kartonfuellsystem\/\" class=\"product-image-link\">\n\t\t\t<img width=\"400\" height=\"400\" src=\"https:\/\/www.bagmatic.com\/wp-content\/uploads\/verpackungsmaschinen-systeme-kartonfuellsystem-BF4000-bagmatic-400x400.jpg\" class=\"attachment-woocommerce_thumbnail size-woocommerce_thumbnail\" alt=\"Verpackungsmaschinen Systeme Kartonfuellsystem Bf4000 Bagmatic\" decoding=\"async\" loading=\"lazy\" srcset=\"https:\/\/www.bagmatic.com\/wp-content\/uploads\/verpackungsmaschinen-systeme-kartonfuellsystem-BF4000-bagmatic-400x400.jpg 400w, https:\/\/www.bagmatic.com\/wp-content\/uploads\/verpackungsmaschinen-systeme-kartonfuellsystem-BF4000-bagmatic-100x100.jpg 100w\" sizes=\"(max-width: 400px) 100vw, 400px\" \/>\t\t<\/a>\n\t\t\t\t<div class=\"wrapp-swatches\">\t\t<div class=\"wd-compare-btn product-compare-button wd-action-btn wd-style-icon wd-compare-icon\">\n\t\t\t<a href=\"https:\/\/www.bagmatic.com\/de\/produktvergleich\/\" data-id=\"195\" rel=\"nofollow\" data-added-text=\"Produkte vergleichen\">\n\t\t\t\t<span>Produkte vergleichen<\/span>\n\t\t\t<\/a>\n\t\t<\/div>\n\t\t<\/div>\n\t<\/div>\n\n\t<div class=\"product-element-bottom product-information\">\n\t\t\t\t\t\t<div class=\"product-rating-price\">\n\t\t\t<div class=\"wrapp-product-price\">\n\t\t\t\t\t\t\t\t\t\t\t<\/div>\n\t\t<\/div>\n\t\t<div class=\"fade-in-block\">\n\t\t\t<div class=\"hover-content wd-more-desc woodmart-more-desc\">\n\t\t\t\t<div class=\"hover-content-inner wd-more-desc-inner woodmart-more-desc-inner\">\n\t\t\t\t\tNach Verpackung Ihrer Einzelteile oder Kits in Beutel k\u00f6nnen sie die Beutel automatisch in Kartons f\u00fcllen. Das Karton-F\u00fcllsystem f\u00e4hrt die Kartons auf einem F\u00f6rderband zur Ladestation, welche die Beutel z\u00e4hlt. Die gef\u00fcllten Kartons werden auf einem Rollenband entladen.\r\n\r\nDieses automatische Kartonf\u00fcllsystem nimmt vorgefertigte Kartons und bef\u00fcllt sie \u00fcber ein angetriebenes F\u00f6rderband. Einmal gef\u00fcllt, werden diese auf einem Abrollband abgesetzt. Nach Verpackung Ihrer Einzelteile oder Kits in Beutel k\u00f6nnen sie die Beutel automatisch in Kartons f\u00fcllen. Das Karton-F\u00fcllsystem f\u00e4hrt die Kartons auf einem F\u00f6rderband zur Ladestation, welche die Beutel z\u00e4hlt. Die gef\u00fcllten Kartons werden auf einem Rollenband entladen.\t\t\t\t<\/div>\n\t\t\t\t<a href=\"#\" rel=\"nofollow\" class=\"wd-more-desc-btn woodmart-more-desc-btn\" aria-label=\"Read more description\"><span><\/span><\/a>\n\t\t\t<\/div>\n\t\t\t<div class=\" wd-bottom-actions\">\n\t\t\t\t<div class=\"wrap-wishlist-button\"><\/div>\n\t\t\t\t<div class=\"wd-add-btn wd-add-btn-replace woodmart-add-btn\">\n\t\t\t\t\t<a href=\"https:\/\/www.bagmatic.com\/de\/produkte-zubehoer\/verpackungsmaschinen\/systeme\/bf-4000-kartonfuellsystem\/\" data-quantity=\"1\" class=\"button wp-element-button product_type_simple add-to-cart-loop\" data-product_id=\"195\" data-product_sku=\"\" aria-label=\"Lese mehr \u00fcber &#8222;BF-4000 Kartonf\u00fcllsystem&#8220;\" rel=\"nofollow\"><span>Weiterlesen<\/span><\/a>\t\t\t\t\t\t\t\t\t<\/div>\n\t\t\t\t<div class=\"wrap-quickview-button\"><\/div>\n\t\t\t<\/div>\n\n\n\t\t\t\t\t\t\n\t\t\t\t\t<\/div>\n\t<\/div>\n<\/div>\n<\/div>\n<div class=\"product-grid-item product product-no-swatches wd-hover-base woodmart-hover-base wd-hover-with-fade  col-lg-6 col-md-6 col-6 last  type-product post-199 status-publish instock product_cat-systeme product_cat-verpackungsmaschinen has-post-thumbnail shipping-taxable product-type-simple\" data-loop=\"2\" data-id=\"199\">\n\t\n\t\n<div class=\"product-wrapper\">\n\t<div class=\"content-product-imagin\"><\/div>\n\t<div class=\"product-element-top wd-quick-shop\">\n\t\t<a href=\"https:\/\/www.bagmatic.com\/de\/produkte-zubehoer\/verpackungsmaschinen\/systeme\/verpackungen-mit-mehreren-einzelteilen\/\" class=\"product-image-link\">\n\t\t\t<img width=\"400\" height=\"400\" src=\"https:\/\/www.bagmatic.com\/wp-content\/uploads\/einzelteile-verpackungsmaschine-system-bagmatic-walpak-400x400.jpg\" class=\"attachment-woocommerce_thumbnail size-woocommerce_thumbnail\" alt=\"Einzelteile Verpackungsmaschine System Bagmatic Walpak\" decoding=\"async\" loading=\"lazy\" srcset=\"https:\/\/www.bagmatic.com\/wp-content\/uploads\/einzelteile-verpackungsmaschine-system-bagmatic-walpak-400x400.jpg 400w, https:\/\/www.bagmatic.com\/wp-content\/uploads\/einzelteile-verpackungsmaschine-system-bagmatic-walpak-100x100.jpg 100w\" sizes=\"(max-width: 400px) 100vw, 400px\" \/>\t\t<\/a>\n\t\t\t\t<div class=\"wrapp-swatches\">\t\t<div class=\"wd-compare-btn product-compare-button wd-action-btn wd-style-icon wd-compare-icon\">\n\t\t\t<a href=\"https:\/\/www.bagmatic.com\/de\/produktvergleich\/\" data-id=\"199\" rel=\"nofollow\" data-added-text=\"Produkte vergleichen\">\n\t\t\t\t<span>Produkte vergleichen<\/span>\n\t\t\t<\/a>\n\t\t<\/div>\n\t\t<\/div>\n\t<\/div>\n\n\t<div class=\"product-element-bottom product-information\">\n\t\t\t\t\t\t<div class=\"product-rating-price\">\n\t\t\t<div class=\"wrapp-product-price\">\n\t\t\t\t\t\t\t\t\t\t\t<\/div>\n\t\t<\/div>\n\t\t<div class=\"fade-in-block\">\n\t\t\t<div class=\"hover-content wd-more-desc woodmart-more-desc\">\n\t\t\t\t<div class=\"hover-content-inner wd-more-desc-inner woodmart-more-desc-inner\">\n\t\t\t\t\tWenn Sie Kits vollautomatisch verpacken wollen, ist f\u00fcr jede Teilnummer des Kits eine Industriemaschine T-1000 erforderlich, Durch vorgefertigte Schnittstellen k\u00f6nnen die Maschinen als Modul zusammengeschlossen werden.\t\t\t\t<\/div>\n\t\t\t\t<a href=\"#\" rel=\"nofollow\" class=\"wd-more-desc-btn woodmart-more-desc-btn\" aria-label=\"Read more description\"><span><\/span><\/a>\n\t\t\t<\/div>\n\t\t\t<div class=\" wd-bottom-actions\">\n\t\t\t\t<div class=\"wrap-wishlist-button\"><\/div>\n\t\t\t\t<div class=\"wd-add-btn wd-add-btn-replace woodmart-add-btn\">\n\t\t\t\t\t<a href=\"https:\/\/www.bagmatic.com\/de\/produkte-zubehoer\/verpackungsmaschinen\/systeme\/verpackungen-mit-mehreren-einzelteilen\/\" data-quantity=\"1\" class=\"button wp-element-button product_type_simple add-to-cart-loop\" data-product_id=\"199\" data-product_sku=\"\" aria-label=\"Lese mehr \u00fcber &#8222;Verpackungen mit mehreren Einzelteilen&#8220;\" rel=\"nofollow\"><span>Weiterlesen<\/span><\/a>\t\t\t\t\t\t\t\t\t<\/div>\n\t\t\t\t<div class=\"wrap-quickview-button\"><\/div>\n\t\t\t<\/div>\n\n\n\t\t\t\t\t\t\n\t\t\t\t\t<\/div>\n\t<\/div>\n<\/div>\n<\/div>\n\t\t\t<\/div>\n\t\t\t<\/div>[\/vc_column][\/vc_row][vc_row gap=&#8220;35&#8243; mobile_bg_img_hidden=&#8220;no&#8220; tablet_bg_img_hidden=&#8220;no&#8220; woodmart_parallax=&#8220;0&#8243; woodmart_gradient_switch=&#8220;no&#8220; row_reverse_mobile=&#8220;0&#8243; row_reverse_tablet=&#8220;0&#8243; woodmart_disable_overflow=&#8220;0&#8243;][vc_column width=&#8220;1\/2&#8243;][vc_column_text text_larger=&#8220;no&#8220; woodmart_inline=&#8220;no&#8220;]<\/p>\n<h2>Die Vorteile von Bagmatic Maschinen \u2013 duales Verpackungssystem &amp; halb- oder vollautomatische Verpackungssystemtechnik und Verpackungsanlagen<strong><br \/>\n<\/strong><\/h2>\n<p>Auf dem Schutz des Inhalts und dem einfachen Transportieren liegt ein wichtiger Fokus. Die Verpackungssystemtechnik von Bagmatic\u00ae erlaubt es Ihnen, Ihre Waren nach Ihren Vorgaben zu verpacken und das auch innerhalb einer ganzheitlichen Verpackungsanlage.<\/p>\n<p>Wer die Bagmatic Verpackungssysteme &amp; -anlagen kauft, erh\u00e4lt auch das Qualit\u00e4tsversprechen eines jungen Familienunternehmens, deren Mitglieder bereits in der dritten Generation Verpackungsspezialisten sind. Jeder hat das know how hinter dem dualen Verpackungssystem von der Pike auf gelernt.<\/p>\n<p>Zu unseren Kernkompetenzen z\u00e4hlen die Ingenieursarbeit und die Erfahrung mit sowohl halb- wie auch vollautomatischen Verpackungsmaschinen. So bauen wir zum Beispiel unser einzigartiges \u201eVision-System\u201c zur Qualit\u00e4tskontrolle mit ein. Dabei werden die Kleinteile optisch kontrolliert und pr\u00e4zise gez\u00e4hlt. Eine Kamera erfasst innerhalb des dualen Verpackungssystems die Einzelteile und registriert diese, ehe sie in den vorgesehenen Beutel verpackt werden.<\/p>\n<h2>Verpackungsanlagen und Verpackungssysteme f\u00fcr alle Branchen<\/h2>\n<p>Die <strong>Verpackungsanlagen &amp; Verpackungssysteme<\/strong> von Bagmatic bieten unseren Kunden auch einzigartige L\u00f6sungen f\u00fcr das Z\u00e4hlen und Verpacken von kleinen sowie besonders leichten Produkten wie Blumensamen an. Selbstverst\u00e4ndlich entscheiden unsere Kunden, ob geschulte H\u00e4nde oder die Roboterintegration f\u00fcr die vollautomatische Verpackung besser zu ihrem Arbeitsumfeld passen.<\/p>\n<p>Wo Plastikbeutel und Kleinteile bewegt werden, kann elektrostatische Energie entstehen. Die <strong>Verpackungssystemtechnik <a href=\"https:\/\/www.bagmatic.com\/de\/neutralisierung-statischer-elektrizitaet\/\" target=\"_blank\" rel=\"noopener noreferrer\">neutralisieren die statische Elektrizit\u00e4t<\/a><\/strong> von Teilen noch rechtzeitig vor der Verpackung.<\/p>\n<p>Was den Kundenservice betrifft, setzen wir auf pers\u00f6nliche Gespr\u00e4che. Wichtig sind uns von BagMatic auch wettbewerbsf\u00e4hige Preise. Unsere Qualit\u00e4t hat ihren fairen und angemessenen Preis. Daf\u00fcr stecken wir einen Gro\u00dfteil unserer Einnahmen in unsere Mitarbeiter und nat\u00fcrlich in neue und fachm\u00e4nnisch \u00fcberholte Maschinen in unserem Lager. Zudem entwickeln wir immer weitere Prozessoptimierungen f\u00fcr Verpackungsanlagen mit Fokus auf <a href=\"https:\/\/www.bagmatic.com\/de\/schlauchbeutelmaschine-vertikale-horizontale\/\" target=\"_blank\" rel=\"noopener noreferrer\">vertikale und horizontale Schlauchbeutelmaschinen<\/a>.<\/p>\n<p>Vertrauen Sie auf unsere Verpackungsl\u00f6sungen.[\/vc_column_text][\/vc_column][vc_column width=&#8220;1\/2&#8243;][vc_column_text text_larger=&#8220;no&#8220;]<\/p>\n<h3>Anwendungsbereiche der Verpackungssysteme &amp; -technik<\/h3>\n<p>Die Bagmatic Industriemaschine T-1000 f\u00fcr die Beutelverpackung (samt Etikettendrucker) und das BF-4000 Kartonf\u00fcllsystem bilden eine perfekte Verpackungssymbiose. So k\u00f6nnen Sie die beiden zur einfachen und schnellen Verpackung verschiedenster Produkte einsetzen.<\/p>\n<p>Bedruckte Verpackungen f\u00fcr Einzel- und Kleinteile finden Sie \u2026<\/p>\n<ul>\n<li>in der Botanik-Abteilung jedes Gartencenters,<\/li>\n<li>bei Spielwaren,<\/li>\n<li>beim Modellbau,<\/li>\n<li>bei M\u00f6belzubeh\u00f6r,<\/li>\n<li>bei Eisenwaren (Muttern, Bolzen, Schrauben, Scheiben, \u2026),<\/li>\n<li>bei Ersatzteilen oder auch<\/li>\n<li>bei Normteilen wie kleinen Dichtungen<\/li>\n<li>uvm.<\/li>\n<\/ul>\n<h4><strong>Das duale System als vollwertige Verpackungsanlage in Perfektion mit der BagMatic T-375 Tischmaschine mit Drucker<br \/>\n<\/strong><\/h4>\n<p>Jeder Beutel wird sowohl sorgf\u00e4ltig einzeln sowie schnell bef\u00fcllt. Dank des integrierten Druckes kann jeder einzelne Beutel auch mit unterschiedlichen Informationen bedruckt werden. Einige unsere Kunden kennen die Grundfunktionen schon von der Verpackungs-Tischmaschine T-300.<\/p>\n<p>Die <a href=\"https:\/\/www.bagmatic.com\/de\/produkt\/t-375-tischmaschine-mit-drucker\/\" target=\"_blank\" rel=\"noopener noreferrer\">Verpackungsmaschine mit System T-375<\/a> macht allerdings das h\u00e4ndische Aufkleben von Etiketten \u00fcberfl\u00fcssig. Die bequeme und patentgesch\u00fctzte \u201enext-bag-out\u201c-Technik zur fortlaufenden Beutelbedruckung macht das Arbeiten simpel und effizient.[\/vc_column_text][\/vc_column][\/vc_row]<\/p>\n<\/section>","protected":false},"excerpt":{"rendered":"<p>[vc_row][vc_column width=&#8220;1\/2&#8243;][vc_single_image image=&#8220;221&#8243; img_size=&#8220;medium&#8220; parallax_scroll=&#8220;no&#8220;][\/vc_column][vc_column width=&#8220;1\/2&#8243;][vc_column_text text_larger=&#8220;no&#8220; woodmart_inline=&#8220;no&#8220;]Ein effizienter halb- oder vollautomatischer Verpackungsvorgang spart Zeit und Geld. Mit den Verpackungssysteme<\/p>\n","protected":false},"author":2,"featured_media":0,"parent":28,"menu_order":0,"comment_status":"closed","ping_status":"closed","template":"","meta":[],"yoast_head":"<!-- This site is optimized with the Yoast SEO plugin v20.1 - https:\/\/yoast.com\/wordpress\/plugins\/seo\/ -->\n<title>Verpackungssysteme &amp; Verpackungssystemtechnik | Bagmatic<\/title>\n<meta name=\"description\" content=\"Verpackungssysteme &amp; Verpackungssystemtechnik | BagMatic&#039;s Verpackungsl\u00f6sungen - duales Verpackungssystem + halb- oder vollautomatisch.\" \/>\n<meta name=\"robots\" content=\"index, follow, max-snippet:-1, max-image-preview:large, max-video-preview:-1\" \/>\n<link rel=\"canonical\" href=\"https:\/\/www.bagmatic.com\/de\/verpackungsmaschinen\/verpackungssysteme-verpackungssystemtechnik\/\" \/>\n<meta property=\"og:locale\" content=\"de_DE\" \/>\n<meta property=\"og:type\" content=\"article\" \/>\n<meta property=\"og:title\" content=\"Verpackungssysteme &amp; Verpackungssystemtechnik | Bagmatic\" \/>\n<meta property=\"og:description\" content=\"Verpackungssysteme &amp; Verpackungssystemtechnik | BagMatic&#039;s Verpackungsl\u00f6sungen - duales Verpackungssystem + halb- oder vollautomatisch.\" \/>\n<meta property=\"og:url\" content=\"https:\/\/www.bagmatic.com\/de\/verpackungsmaschinen\/verpackungssysteme-verpackungssystemtechnik\/\" \/>\n<meta property=\"og:site_name\" content=\"BagMatic\" \/>\n<meta property=\"article:modified_time\" content=\"2024-02-20T06:51:03+00:00\" \/>\n<meta name=\"twitter:card\" content=\"summary_large_image\" \/>\n<meta name=\"twitter:label1\" content=\"Gesch\u00e4tzte Lesezeit\" \/>\n\t<meta name=\"twitter:data1\" content=\"4\u00a0Minuten\" \/>\n<script type=\"application\/ld+json\" class=\"yoast-schema-graph\">{\"@context\":\"https:\/\/schema.org\",\"@graph\":[{\"@type\":\"WebPage\",\"@id\":\"https:\/\/www.bagmatic.com\/de\/verpackungsmaschinen\/verpackungssysteme-verpackungssystemtechnik\/\",\"url\":\"https:\/\/www.bagmatic.com\/de\/verpackungsmaschinen\/verpackungssysteme-verpackungssystemtechnik\/\",\"name\":\"Verpackungssysteme & Verpackungssystemtechnik | Bagmatic\",\"isPartOf\":{\"@id\":\"https:\/\/www.bagmatic.com\/de\/#website\"},\"datePublished\":\"2019-07-30T11:28:58+00:00\",\"dateModified\":\"2024-02-20T06:51:03+00:00\",\"description\":\"Verpackungssysteme & Verpackungssystemtechnik | BagMatic's Verpackungsl\u00f6sungen - duales Verpackungssystem + halb- oder vollautomatisch.\",\"breadcrumb\":{\"@id\":\"https:\/\/www.bagmatic.com\/de\/verpackungsmaschinen\/verpackungssysteme-verpackungssystemtechnik\/#breadcrumb\"},\"inLanguage\":\"de\",\"potentialAction\":[{\"@type\":\"ReadAction\",\"target\":[\"https:\/\/www.bagmatic.com\/de\/verpackungsmaschinen\/verpackungssysteme-verpackungssystemtechnik\/\"]}]},{\"@type\":\"BreadcrumbList\",\"@id\":\"https:\/\/www.bagmatic.com\/de\/verpackungsmaschinen\/verpackungssysteme-verpackungssystemtechnik\/#breadcrumb\",\"itemListElement\":[{\"@type\":\"ListItem\",\"position\":1,\"name\":\"Start\",\"item\":\"https:\/\/www.bagmatic.com\/de\/\"},{\"@type\":\"ListItem\",\"position\":2,\"name\":\"Verpackungsmaschinen\",\"item\":\"https:\/\/www.bagmatic.com\/de\/verpackungsmaschinen\/\"},{\"@type\":\"ListItem\",\"position\":3,\"name\":\"Verpackungssysteme &#038; Verpackungssystemtechnik\"}]},{\"@type\":\"WebSite\",\"@id\":\"https:\/\/www.bagmatic.com\/de\/#website\",\"url\":\"https:\/\/www.bagmatic.com\/de\/\",\"name\":\"BagMatic\",\"description\":\"\",\"publisher\":{\"@id\":\"https:\/\/www.bagmatic.com\/de\/#organization\"},\"potentialAction\":[{\"@type\":\"SearchAction\",\"target\":{\"@type\":\"EntryPoint\",\"urlTemplate\":\"https:\/\/www.bagmatic.com\/de\/?s={search_term_string}\"},\"query-input\":\"required name=search_term_string\"}],\"inLanguage\":\"de\"},{\"@type\":\"Organization\",\"@id\":\"https:\/\/www.bagmatic.com\/de\/#organization\",\"name\":\"BAGMATIC\u00ae GmbH\",\"url\":\"https:\/\/www.bagmatic.com\/de\/\",\"logo\":{\"@type\":\"ImageObject\",\"inLanguage\":\"de\",\"@id\":\"https:\/\/www.bagmatic.com\/de\/#\/schema\/logo\/image\/\",\"url\":\"https:\/\/www.bagmatic.com\/wp-content\/uploads\/bagmatic-logo.png\",\"contentUrl\":\"https:\/\/www.bagmatic.com\/wp-content\/uploads\/bagmatic-logo.png\",\"width\":500,\"height\":114,\"caption\":\"BAGMATIC\u00ae GmbH\"},\"image\":{\"@id\":\"https:\/\/www.bagmatic.com\/de\/#\/schema\/logo\/image\/\"}}]}<\/script>\n<!-- \/ Yoast SEO plugin. -->","yoast_head_json":{"title":"Verpackungssysteme & Verpackungssystemtechnik | Bagmatic","description":"Verpackungssysteme & Verpackungssystemtechnik | BagMatic's Verpackungsl\u00f6sungen - duales Verpackungssystem + halb- oder vollautomatisch.","robots":{"index":"index","follow":"follow","max-snippet":"max-snippet:-1","max-image-preview":"max-image-preview:large","max-video-preview":"max-video-preview:-1"},"canonical":"https:\/\/www.bagmatic.com\/de\/verpackungsmaschinen\/verpackungssysteme-verpackungssystemtechnik\/","og_locale":"de_DE","og_type":"article","og_title":"Verpackungssysteme & Verpackungssystemtechnik | Bagmatic","og_description":"Verpackungssysteme & Verpackungssystemtechnik | BagMatic's Verpackungsl\u00f6sungen - duales Verpackungssystem + halb- oder vollautomatisch.","og_url":"https:\/\/www.bagmatic.com\/de\/verpackungsmaschinen\/verpackungssysteme-verpackungssystemtechnik\/","og_site_name":"BagMatic","article_modified_time":"2024-02-20T06:51:03+00:00","twitter_card":"summary_large_image","twitter_misc":{"Gesch\u00e4tzte Lesezeit":"4\u00a0Minuten"},"schema":{"@context":"https:\/\/schema.org","@graph":[{"@type":"WebPage","@id":"https:\/\/www.bagmatic.com\/de\/verpackungsmaschinen\/verpackungssysteme-verpackungssystemtechnik\/","url":"https:\/\/www.bagmatic.com\/de\/verpackungsmaschinen\/verpackungssysteme-verpackungssystemtechnik\/","name":"Verpackungssysteme & Verpackungssystemtechnik | Bagmatic","isPartOf":{"@id":"https:\/\/www.bagmatic.com\/de\/#website"},"datePublished":"2019-07-30T11:28:58+00:00","dateModified":"2024-02-20T06:51:03+00:00","description":"Verpackungssysteme & Verpackungssystemtechnik | BagMatic's Verpackungsl\u00f6sungen - duales Verpackungssystem + halb- oder vollautomatisch.","breadcrumb":{"@id":"https:\/\/www.bagmatic.com\/de\/verpackungsmaschinen\/verpackungssysteme-verpackungssystemtechnik\/#breadcrumb"},"inLanguage":"de","potentialAction":[{"@type":"ReadAction","target":["https:\/\/www.bagmatic.com\/de\/verpackungsmaschinen\/verpackungssysteme-verpackungssystemtechnik\/"]}]},{"@type":"BreadcrumbList","@id":"https:\/\/www.bagmatic.com\/de\/verpackungsmaschinen\/verpackungssysteme-verpackungssystemtechnik\/#breadcrumb","itemListElement":[{"@type":"ListItem","position":1,"name":"Start","item":"https:\/\/www.bagmatic.com\/de\/"},{"@type":"ListItem","position":2,"name":"Verpackungsmaschinen","item":"https:\/\/www.bagmatic.com\/de\/verpackungsmaschinen\/"},{"@type":"ListItem","position":3,"name":"Verpackungssysteme &#038; Verpackungssystemtechnik"}]},{"@type":"WebSite","@id":"https:\/\/www.bagmatic.com\/de\/#website","url":"https:\/\/www.bagmatic.com\/de\/","name":"BagMatic","description":"","publisher":{"@id":"https:\/\/www.bagmatic.com\/de\/#organization"},"potentialAction":[{"@type":"SearchAction","target":{"@type":"EntryPoint","urlTemplate":"https:\/\/www.bagmatic.com\/de\/?s={search_term_string}"},"query-input":"required name=search_term_string"}],"inLanguage":"de"},{"@type":"Organization","@id":"https:\/\/www.bagmatic.com\/de\/#organization","name":"BAGMATIC\u00ae GmbH","url":"https:\/\/www.bagmatic.com\/de\/","logo":{"@type":"ImageObject","inLanguage":"de","@id":"https:\/\/www.bagmatic.com\/de\/#\/schema\/logo\/image\/","url":"https:\/\/www.bagmatic.com\/wp-content\/uploads\/bagmatic-logo.png","contentUrl":"https:\/\/www.bagmatic.com\/wp-content\/uploads\/bagmatic-logo.png","width":500,"height":114,"caption":"BAGMATIC\u00ae GmbH"},"image":{"@id":"https:\/\/www.bagmatic.com\/de\/#\/schema\/logo\/image\/"}}]}},"_links":{"self":[{"href":"https:\/\/www.bagmatic.com\/de\/wp-json\/wp\/v2\/pages\/52"}],"collection":[{"href":"https:\/\/www.bagmatic.com\/de\/wp-json\/wp\/v2\/pages"}],"about":[{"href":"https:\/\/www.bagmatic.com\/de\/wp-json\/wp\/v2\/types\/page"}],"author":[{"embeddable":true,"href":"https:\/\/www.bagmatic.com\/de\/wp-json\/wp\/v2\/users\/2"}],"replies":[{"embeddable":true,"href":"https:\/\/www.bagmatic.com\/de\/wp-json\/wp\/v2\/comments?post=52"}],"version-history":[{"count":15,"href":"https:\/\/www.bagmatic.com\/de\/wp-json\/wp\/v2\/pages\/52\/revisions"}],"predecessor-version":[{"id":2362,"href":"https:\/\/www.bagmatic.com\/de\/wp-json\/wp\/v2\/pages\/52\/revisions\/2362"}],"up":[{"embeddable":true,"href":"https:\/\/www.bagmatic.com\/de\/wp-json\/wp\/v2\/pages\/28"}],"wp:attachment":[{"href":"https:\/\/www.bagmatic.com\/de\/wp-json\/wp\/v2\/media?parent=52"}],"curies":[{"name":"wp","href":"https:\/\/api.w.org\/{rel}","templated":true}]}}