{"id":53,"date":"2019-07-30T13:29:38","date_gmt":"2019-07-30T11:29:38","guid":{"rendered":"https:\/\/2019.bagmatic.com\/?page_id=53"},"modified":"2022-09-21T15:15:54","modified_gmt":"2022-09-21T13:15:54","slug":"industriebeutel","status":"publish","type":"page","link":"https:\/\/www.bagmatic.com\/de\/beutel-folien\/industriebeutel\/","title":{"rendered":"Industriebeutel"},"content":{"rendered":"<section class=\"wpb-content-wrapper\"><p>[vc_row][vc_column width=&#8220;1\/2&#8243;][vc_single_image image=&#8220;106&#8243; img_size=&#8220;large&#8220; alignment=&#8220;center&#8220; parallax_scroll=&#8220;no&#8220;][\/vc_column][vc_column width=&#8220;1\/2&#8243;][vc_column_text text_larger=&#8220;no&#8220;]BagMatic\u00ae hat immer Standardbeutel auf Lager.<\/p>\n<p><strong>Beutelbestand<\/strong><\/p>\n<p>Unsere Auswahl der Beutel auf Lager reicht von 50 x 75 mm bis 250 x 300 mm (2&#8243; x 3&#8243; bis 10&#8243; x 12&#8243;) in der St\u00e4rke von 35\u00b5 bis 125\u00b5.<\/p>\n<p>Wir k\u00f6nnen innerhalb von 24 Stunden, nach Erhalt Ihres Auftrages liefern. Unsere hochwertigen, vorgefertigten Rollenbeutel erm\u00f6glichen maximale Produktion durch automatische und halbautomatische Ausstattung.<\/p>\n<p>Optionen: Logos, Luftloch, wiederverschlie\u00dfbare Beutel<\/p>\n<p><strong>Beuteldimensionen (Lager)<\/strong><\/p>\n<p>F\u00fcr St\u00e4rke 40 \u00b5: 50 mm x 75 mm bis 200 mm x 250 mm<br \/>\nF\u00fcr St\u00e4rke 50 \u00b5: 50 mm x 75 mm bis 225 mm x 315 mm<br \/>\nF\u00fcr St\u00e4rke 75 \u00b5: 75 mm x 75 mm bis 225 mm x 315 mm<br \/>\nF\u00fcr St\u00e4rke 100 \u00b5: 75 mm x 100 mm bis 250 mm x 300 mm<\/p>\n<p><strong>Beuteldimensionen (kundenspezifische)\u00a0<\/strong><\/p>\n<p>Gr\u00f6\u00dfen von 50 mm x 50 mm bis 450 mm x 900 mm und St\u00e4rke von 25 &#8211; 125 \u00b5[\/vc_column_text][\/vc_column][\/vc_row]<\/p>\n<\/section>","protected":false},"excerpt":{"rendered":"<p>[vc_row][vc_column width=&#8220;1\/2&#8243;][vc_single_image image=&#8220;106&#8243; img_size=&#8220;large&#8220; alignment=&#8220;center&#8220; parallax_scroll=&#8220;no&#8220;][\/vc_column][vc_column width=&#8220;1\/2&#8243;][vc_column_text text_larger=&#8220;no&#8220;]BagMatic\u00ae hat immer Standardbeutel auf Lager. Beutelbestand Unsere Auswahl der Beutel auf Lager<\/p>\n","protected":false},"author":2,"featured_media":0,"parent":26,"menu_order":0,"comment_status":"closed","ping_status":"closed","template":"","meta":[],"yoast_head":"<!-- This site is optimized with the Yoast SEO plugin v20.1 - https:\/\/yoast.com\/wordpress\/plugins\/seo\/ -->\n<title>Industriebeutel | BagMatic<\/title>\n<meta name=\"robots\" content=\"index, follow, max-snippet:-1, max-image-preview:large, max-video-preview:-1\" \/>\n<link rel=\"canonical\" href=\"https:\/\/www.bagmatic.com\/de\/beutel-folien\/industriebeutel\/\" \/>\n<meta property=\"og:locale\" content=\"de_DE\" \/>\n<meta property=\"og:type\" content=\"article\" \/>\n<meta property=\"og:title\" content=\"Industriebeutel | BagMatic\" \/>\n<meta property=\"og:description\" content=\"[vc_row][vc_column width=&#8220;1\/2&#8243;][vc_single_image image=&#8220;106&#8243; img_size=&#8220;large&#8220; alignment=&#8220;center&#8220; parallax_scroll=&#8220;no&#8220;][\/vc_column][vc_column width=&#8220;1\/2&#8243;][vc_column_text text_larger=&#8220;no&#8220;]BagMatic\u00ae hat immer Standardbeutel auf Lager. Beutelbestand Unsere Auswahl der Beutel auf Lager\" \/>\n<meta property=\"og:url\" content=\"https:\/\/www.bagmatic.com\/de\/beutel-folien\/industriebeutel\/\" \/>\n<meta property=\"og:site_name\" content=\"BagMatic\" \/>\n<meta property=\"article:modified_time\" content=\"2022-09-21T13:15:54+00:00\" \/>\n<meta name=\"twitter:card\" content=\"summary_large_image\" \/>\n<meta name=\"twitter:label1\" content=\"Gesch\u00e4tzte Lesezeit\" \/>\n\t<meta name=\"twitter:data1\" content=\"1\u00a0Minute\" \/>\n<script type=\"application\/ld+json\" class=\"yoast-schema-graph\">{\"@context\":\"https:\/\/schema.org\",\"@graph\":[{\"@type\":\"WebPage\",\"@id\":\"https:\/\/www.bagmatic.com\/de\/beutel-folien\/industriebeutel\/\",\"url\":\"https:\/\/www.bagmatic.com\/de\/beutel-folien\/industriebeutel\/\",\"name\":\"Industriebeutel | BagMatic\",\"isPartOf\":{\"@id\":\"https:\/\/www.bagmatic.com\/de\/#website\"},\"datePublished\":\"2019-07-30T11:29:38+00:00\",\"dateModified\":\"2022-09-21T13:15:54+00:00\",\"breadcrumb\":{\"@id\":\"https:\/\/www.bagmatic.com\/de\/beutel-folien\/industriebeutel\/#breadcrumb\"},\"inLanguage\":\"de\",\"potentialAction\":[{\"@type\":\"ReadAction\",\"target\":[\"https:\/\/www.bagmatic.com\/de\/beutel-folien\/industriebeutel\/\"]}]},{\"@type\":\"BreadcrumbList\",\"@id\":\"https:\/\/www.bagmatic.com\/de\/beutel-folien\/industriebeutel\/#breadcrumb\",\"itemListElement\":[{\"@type\":\"ListItem\",\"position\":1,\"name\":\"Start\",\"item\":\"https:\/\/www.bagmatic.com\/de\/\"},{\"@type\":\"ListItem\",\"position\":2,\"name\":\"Beutel &#038; Folien (Folienbeutel \/ Folienverpackung)\",\"item\":\"https:\/\/www.bagmatic.com\/de\/beutel-folien\/\"},{\"@type\":\"ListItem\",\"position\":3,\"name\":\"Industriebeutel\"}]},{\"@type\":\"WebSite\",\"@id\":\"https:\/\/www.bagmatic.com\/de\/#website\",\"url\":\"https:\/\/www.bagmatic.com\/de\/\",\"name\":\"BagMatic\",\"description\":\"\",\"publisher\":{\"@id\":\"https:\/\/www.bagmatic.com\/de\/#organization\"},\"potentialAction\":[{\"@type\":\"SearchAction\",\"target\":{\"@type\":\"EntryPoint\",\"urlTemplate\":\"https:\/\/www.bagmatic.com\/de\/?s={search_term_string}\"},\"query-input\":\"required name=search_term_string\"}],\"inLanguage\":\"de\"},{\"@type\":\"Organization\",\"@id\":\"https:\/\/www.bagmatic.com\/de\/#organization\",\"name\":\"BAGMATIC\u00ae GmbH\",\"url\":\"https:\/\/www.bagmatic.com\/de\/\",\"logo\":{\"@type\":\"ImageObject\",\"inLanguage\":\"de\",\"@id\":\"https:\/\/www.bagmatic.com\/de\/#\/schema\/logo\/image\/\",\"url\":\"https:\/\/www.bagmatic.com\/wp-content\/uploads\/bagmatic-logo.png\",\"contentUrl\":\"https:\/\/www.bagmatic.com\/wp-content\/uploads\/bagmatic-logo.png\",\"width\":500,\"height\":114,\"caption\":\"BAGMATIC\u00ae GmbH\"},\"image\":{\"@id\":\"https:\/\/www.bagmatic.com\/de\/#\/schema\/logo\/image\/\"}}]}<\/script>\n<!-- \/ Yoast SEO plugin. -->","yoast_head_json":{"title":"Industriebeutel | BagMatic","robots":{"index":"index","follow":"follow","max-snippet":"max-snippet:-1","max-image-preview":"max-image-preview:large","max-video-preview":"max-video-preview:-1"},"canonical":"https:\/\/www.bagmatic.com\/de\/beutel-folien\/industriebeutel\/","og_locale":"de_DE","og_type":"article","og_title":"Industriebeutel | BagMatic","og_description":"[vc_row][vc_column width=&#8220;1\/2&#8243;][vc_single_image image=&#8220;106&#8243; img_size=&#8220;large&#8220; alignment=&#8220;center&#8220; parallax_scroll=&#8220;no&#8220;][\/vc_column][vc_column width=&#8220;1\/2&#8243;][vc_column_text text_larger=&#8220;no&#8220;]BagMatic\u00ae hat immer Standardbeutel auf Lager. Beutelbestand Unsere Auswahl der Beutel auf Lager","og_url":"https:\/\/www.bagmatic.com\/de\/beutel-folien\/industriebeutel\/","og_site_name":"BagMatic","article_modified_time":"2022-09-21T13:15:54+00:00","twitter_card":"summary_large_image","twitter_misc":{"Gesch\u00e4tzte Lesezeit":"1\u00a0Minute"},"schema":{"@context":"https:\/\/schema.org","@graph":[{"@type":"WebPage","@id":"https:\/\/www.bagmatic.com\/de\/beutel-folien\/industriebeutel\/","url":"https:\/\/www.bagmatic.com\/de\/beutel-folien\/industriebeutel\/","name":"Industriebeutel | BagMatic","isPartOf":{"@id":"https:\/\/www.bagmatic.com\/de\/#website"},"datePublished":"2019-07-30T11:29:38+00:00","dateModified":"2022-09-21T13:15:54+00:00","breadcrumb":{"@id":"https:\/\/www.bagmatic.com\/de\/beutel-folien\/industriebeutel\/#breadcrumb"},"inLanguage":"de","potentialAction":[{"@type":"ReadAction","target":["https:\/\/www.bagmatic.com\/de\/beutel-folien\/industriebeutel\/"]}]},{"@type":"BreadcrumbList","@id":"https:\/\/www.bagmatic.com\/de\/beutel-folien\/industriebeutel\/#breadcrumb","itemListElement":[{"@type":"ListItem","position":1,"name":"Start","item":"https:\/\/www.bagmatic.com\/de\/"},{"@type":"ListItem","position":2,"name":"Beutel &#038; Folien (Folienbeutel \/ Folienverpackung)","item":"https:\/\/www.bagmatic.com\/de\/beutel-folien\/"},{"@type":"ListItem","position":3,"name":"Industriebeutel"}]},{"@type":"WebSite","@id":"https:\/\/www.bagmatic.com\/de\/#website","url":"https:\/\/www.bagmatic.com\/de\/","name":"BagMatic","description":"","publisher":{"@id":"https:\/\/www.bagmatic.com\/de\/#organization"},"potentialAction":[{"@type":"SearchAction","target":{"@type":"EntryPoint","urlTemplate":"https:\/\/www.bagmatic.com\/de\/?s={search_term_string}"},"query-input":"required name=search_term_string"}],"inLanguage":"de"},{"@type":"Organization","@id":"https:\/\/www.bagmatic.com\/de\/#organization","name":"BAGMATIC\u00ae GmbH","url":"https:\/\/www.bagmatic.com\/de\/","logo":{"@type":"ImageObject","inLanguage":"de","@id":"https:\/\/www.bagmatic.com\/de\/#\/schema\/logo\/image\/","url":"https:\/\/www.bagmatic.com\/wp-content\/uploads\/bagmatic-logo.png","contentUrl":"https:\/\/www.bagmatic.com\/wp-content\/uploads\/bagmatic-logo.png","width":500,"height":114,"caption":"BAGMATIC\u00ae GmbH"},"image":{"@id":"https:\/\/www.bagmatic.com\/de\/#\/schema\/logo\/image\/"}}]}},"_links":{"self":[{"href":"https:\/\/www.bagmatic.com\/de\/wp-json\/wp\/v2\/pages\/53"}],"collection":[{"href":"https:\/\/www.bagmatic.com\/de\/wp-json\/wp\/v2\/pages"}],"about":[{"href":"https:\/\/www.bagmatic.com\/de\/wp-json\/wp\/v2\/types\/page"}],"author":[{"embeddable":true,"href":"https:\/\/www.bagmatic.com\/de\/wp-json\/wp\/v2\/users\/2"}],"replies":[{"embeddable":true,"href":"https:\/\/www.bagmatic.com\/de\/wp-json\/wp\/v2\/comments?post=53"}],"version-history":[{"count":7,"href":"https:\/\/www.bagmatic.com\/de\/wp-json\/wp\/v2\/pages\/53\/revisions"}],"predecessor-version":[{"id":2096,"href":"https:\/\/www.bagmatic.com\/de\/wp-json\/wp\/v2\/pages\/53\/revisions\/2096"}],"up":[{"embeddable":true,"href":"https:\/\/www.bagmatic.com\/de\/wp-json\/wp\/v2\/pages\/26"}],"wp:attachment":[{"href":"https:\/\/www.bagmatic.com\/de\/wp-json\/wp\/v2\/media?parent=53"}],"curies":[{"name":"wp","href":"https:\/\/api.w.org\/{rel}","templated":true}]}}