{"id":534,"date":"2019-10-30T17:46:36","date_gmt":"2019-10-30T16:46:36","guid":{"rendered":"https:\/\/2019.bagmatic.com\/?page_id=534"},"modified":"2020-07-15T15:46:22","modified_gmt":"2020-07-15T13:46:22","slug":"qr-barcode-beutel-verpackung","status":"publish","type":"page","link":"https:\/\/www.bagmatic.com\/de\/verpackungsmaschinen\/drucker\/qr-barcode-beutel-verpackung\/","title":{"rendered":"QR &#038; Barcode f\u00fcr Beutel-Verpackungen"},"content":{"rendered":"<section class=\"wpb-content-wrapper\"><p>[vc_row gap=&#8220;35&#8243; mobile_bg_img_hidden=&#8220;no&#8220; tablet_bg_img_hidden=&#8220;no&#8220; woodmart_parallax=&#8220;0&#8243; woodmart_gradient_switch=&#8220;no&#8220; row_reverse_mobile=&#8220;0&#8243; row_reverse_tablet=&#8220;0&#8243; woodmart_disable_overflow=&#8220;0&#8243; css=&#8220;.vc_custom_1576240760069{margin-bottom: 50px !important;}&#8220;][vc_column width=&#8220;1\/2&#8243;][vc_single_image image=&#8220;620&#8243; img_size=&#8220;medium&#8220; parallax_scroll=&#8220;no&#8220;][\/vc_column][vc_column width=&#8220;1\/2&#8243;][vc_column_text text_larger=&#8220;no&#8220;]Codes helfen allgemein beim <strong>sortieren<\/strong> und bei der <strong>\u00dcbersicht<\/strong> von Produkten und <strong>Sortimenten in allen Branchen.<\/strong><\/p>\n<p><strong>Barcodes<\/strong> sind die Klassiker auf Endprodukten und entwickeln sich stetig weiter. Sie enthalten <strong>Informationen<\/strong> die bei <strong>Lager und Logistik<\/strong> enorm weiterhelfen k\u00f6nnen.<\/p>\n<p><strong>QR Codes<\/strong> hingegen sind eine <strong>Schnittstelle<\/strong> aus der realen &#8222;offline&#8220; Welt in eine digital Umgebung. So kann zum Beispiel auf einer Produktverpackung oder auf einem Plakat dieser Code \u00fcber eine Smartphone Kamera direkt auf eine entsprechende Landing Page auf der Webseite f\u00fchren.[\/vc_column_text][\/vc_column][\/vc_row][vc_row css=&#8220;.vc_custom_1576240691980{border-top-width: 2px !important;border-right-width: 2px !important;border-bottom-width: 2px !important;border-left-width: 2px !important;padding-top: 5px !important;padding-right: 25px !important;padding-bottom: 5px !important;padding-left: 25px !important;border-left-color: #f0f0f0 !important;border-left-style: solid !important;border-right-color: #f0f0f0 !important;border-right-style: solid !important;border-top-color: #f0f0f0 !important;border-top-style: solid !important;border-bottom-color: #f0f0f0 !important;border-bottom-style: solid !important;}&#8220; mobile_bg_img_hidden=&#8220;no&#8220; tablet_bg_img_hidden=&#8220;no&#8220; woodmart_parallax=&#8220;0&#8243; woodmart_gradient_switch=&#8220;no&#8220; row_reverse_mobile=&#8220;0&#8243; row_reverse_tablet=&#8220;0&#8243; woodmart_disable_overflow=&#8220;0&#8243;][vc_column][vc_column_text text_larger=&#8220;no&#8220; css=&#8220;.vc_custom_1576240643271{margin-bottom: 0px !important;padding-bottom: 0px !important;}&#8220;]<\/p>\n<h2><strong>Warum Sie QR-Codes \/ Barcodes auf Ihren Beuteln verwenden und aufdrucken sollten?<\/strong><\/h2>\n<p>[\/vc_column_text][vc_row_inner gap=&#8220;35&#8243; row_reverse_mobile=&#8220;0&#8243; row_reverse_tablet=&#8220;0&#8243;][vc_column_inner width=&#8220;1\/2&#8243;][vc_column_text text_larger=&#8220;no&#8220;]QR-Codes sind eine bew\u00e4hrte und leicht verst\u00e4ndliche Technologie, mit der die L\u00fccke zwischen der physischen Welt (auch bekannt als Meatspace) und der digitalen Welt geschlossen werden kann. Sie k\u00f6nnen jede Art von Textinformation in einem QR-Code kodieren, zum Beispiel die Adresse Ihrer Website, eine Facebook-Seite, einen Gutschein, einen Kontakt. Sobald sie auf Papier oder in anderen Medien (oder sogar im Internet) ver\u00f6ffentlicht wurden, k\u00f6nnen Personen mit einer QR-App Ihren QR-Code scannen. Durch das Scannen entschl\u00fcsseln sie die Informationen und die App rendert dann die Website, die Facebook-Seite, den Gutschein oder den Kontakt.[\/vc_column_text][vc_column_text text_larger=&#8220;no&#8220;]Hier ist eine einfache Methode, um die Funktionsweise von Barcodes zu verstehen: Stellen Sie sich diese als technisch versierter Methode zum \u00dcbertragen von Zeichenfolgen vor. Es handelt sich also um eine Art\u00a0 Nummernschild, das mit Datendateien verkn\u00fcpft ist.[\/vc_column_text][\/vc_column_inner][vc_column_inner width=&#8220;1\/2&#8243;][vc_column_text text_larger=&#8220;no&#8220;]Diese Zeichenfolgen k\u00f6nnen alle Arten von Informationen bezeichnen. Anstatt diese Informationen manuell zu schreiben und zu kopieren, werden sie in Barcodesprachen (Symbologien) verschl\u00fcsselt, um sie schnell \u00fcber einen Scanner auf den Computer zu \u00fcbertragen. Jede Symbologie folgt einem Algorithmus zum Standardisieren der Codierung und Speicherung dieser Zeichen.<\/p>\n<p>Andere Sprache sprechen: Barcode-Symbologien unterscheiden sich in Eigenschaften wie Kapazit\u00e4t und Linearit\u00e4t. Das macht einige von ihnen f\u00fcr bestimmte Anwendungen und Branchen vorteilhaft. Die Barcode-Technologie entwickelt sich st\u00e4ndig weiter. Zum Beispiel hat sich die Zunahme von 2D-Barcodes in letzter Zeit als beliebt erwiesen, da Sie direkt von Ihrem Smartphone aus nach einer F\u00fclle von Daten suchen k\u00f6nnen. Erfahren Sie mehr dar\u00fcber, wie Barcodes Ihnen besser dienen k\u00f6nnen.[\/vc_column_text][\/vc_column_inner][\/vc_row_inner][\/vc_column][\/vc_row][vc_row css=&#8220;.vc_custom_1574426417508{padding-top: 50px !important;}&#8220; mobile_bg_img_hidden=&#8220;no&#8220; tablet_bg_img_hidden=&#8220;no&#8220; woodmart_parallax=&#8220;0&#8243; woodmart_gradient_switch=&#8220;no&#8220; row_reverse_mobile=&#8220;0&#8243; row_reverse_tablet=&#8220;0&#8243; woodmart_disable_overflow=&#8220;0&#8243;][vc_column][vc_row_inner content_placement=&#8220;middle&#8220; row_reverse_mobile=&#8220;0&#8243; row_reverse_tablet=&#8220;0&#8243;][vc_column_inner width=&#8220;1\/3&#8243;][vc_single_image image=&#8220;622&#8243; img_size=&#8220;medium&#8220; alignment=&#8220;center&#8220; parallax_scroll=&#8220;no&#8220;][\/vc_column_inner][vc_column_inner width=&#8220;2\/3&#8243;][vc_column_text text_larger=&#8220;no&#8220;]<strong>Code 39<\/strong><\/p>\n<p>Dies ist einer der \u00e4ltesten Barcodes der Welt und eine verbreitete Symbologie in der Elektronik, im Gesundheitswesen und in der Regierung. Es handelt sich um einen linearen, 1D-alphanumerischen Code mit der M\u00f6glichkeit, den gesamten 128-ASCII-Zeichensatz einzuschlie\u00dfen und auf eine beliebige L\u00e4nge zu erweitern, die nur durch die Gr\u00f6\u00dfe des Etiketts begrenzt ist. Wenn Platz ein Problem ist, ist Code 128 die bessere Wahl.[\/vc_column_text][\/vc_column_inner][\/vc_row_inner][vc_row_inner content_placement=&#8220;middle&#8220; row_reverse_mobile=&#8220;0&#8243; row_reverse_tablet=&#8220;0&#8243;][vc_column_inner width=&#8220;1\/3&#8243;][vc_single_image image=&#8220;624&#8243; img_size=&#8220;medium&#8220; alignment=&#8220;center&#8220; parallax_scroll=&#8220;no&#8220;][\/vc_column_inner][vc_column_inner width=&#8220;2\/3&#8243;][vc_column_text text_larger=&#8220;no&#8220;]<strong>Code 128<br \/>\n<\/strong><\/p>\n<p>Dieser kompakte Barcode basiert auf dem ASCII-128-Zeichensatz (0-9, a-z, a-z und einige Sonderzeichen) und wird weltweit h\u00e4ufig in Verpackungs- und Versandanwendungen verwendet. Code 128 verf\u00fcgt \u00fcber eine automatische Umschalteinstellung, mit der Benutzer ihn f\u00fcr die Barcodel\u00e4nge optimieren k\u00f6nnen[\/vc_column_text][\/vc_column_inner][\/vc_row_inner][vc_row_inner content_placement=&#8220;middle&#8220; row_reverse_mobile=&#8220;0&#8243; row_reverse_tablet=&#8220;0&#8243;][vc_column_inner width=&#8220;1\/3&#8243;][vc_single_image image=&#8220;626&#8243; img_size=&#8220;medium&#8220; alignment=&#8220;center&#8220; parallax_scroll=&#8220;no&#8220;][\/vc_column_inner][vc_column_inner width=&#8220;2\/3&#8243;][vc_column_text text_larger=&#8220;no&#8220;]<strong>Code I 2 von 5<\/strong><\/p>\n<p>Code I 2 von 5 ist ein Barcode, der ausschlie\u00dflich aus Zahlen besteht und zum Verschl\u00fcsseln von Zahlenpaaren verwendet wird. Jeweils zwei Ziffern werden gepaart, um ein Symbol zu erstellen. Die Anzahl der verwendeten Ziffern muss gerade sein, damit dieses Format funktioniert. Daher wird am Ende eines ungeraden Satzes von Zahlen h\u00e4ufig eine Null hinzugef\u00fcgt[\/vc_column_text][\/vc_column_inner][\/vc_row_inner][vc_row_inner content_placement=&#8220;middle&#8220; row_reverse_mobile=&#8220;0&#8243; row_reverse_tablet=&#8220;0&#8243;][vc_column_inner width=&#8220;1\/3&#8243;][vc_single_image image=&#8220;634&#8243; img_size=&#8220;medium&#8220; alignment=&#8220;center&#8220; parallax_scroll=&#8220;no&#8220;][\/vc_column_inner][vc_column_inner width=&#8220;2\/3&#8243;][vc_column_text text_larger=&#8220;no&#8220;]<strong>Universelle Produktcodes (UPC)<br \/>\n<\/strong><\/p>\n<p>Diese Barcodes wurden urspr\u00fcnglich f\u00fcr Lebensmittelgesch\u00e4fte entwickelt, um einen schnellen Belegdruck und eine schnelle Bestandsverfolgung zu erm\u00f6glichen. Nach dem Sichern einer UPC-Nummer erh\u00e4lt ein Hersteller eine eindeutige Firmennummer, die mit seinem individuellen Produkt kombiniert werden kann.[\/vc_column_text][\/vc_column_inner][\/vc_row_inner][vc_row_inner content_placement=&#8220;middle&#8220; row_reverse_mobile=&#8220;0&#8243; row_reverse_tablet=&#8220;0&#8243;][vc_column_inner width=&#8220;1\/3&#8243;][vc_single_image image=&#8220;630&#8243; img_size=&#8220;medium&#8220; alignment=&#8220;center&#8220; parallax_scroll=&#8220;no&#8220;][\/vc_column_inner][vc_column_inner width=&#8220;2\/3&#8243;][vc_column_text text_larger=&#8220;no&#8220;]<strong>Internationale Artikelnummer (EAN)<br \/>\n<\/strong><\/p>\n<p>Diese Barcodes gelten als Oberklasse der UPC und werden speziell von Buchh\u00e4ndlern, Bibliotheken, Universit\u00e4ten und Gro\u00dfh\u00e4ndlern zur R\u00fcckverfolgbarkeit von B\u00fcchern verwendet. Diese 13-stelligen Codes werden aus den International Standard Book Numbers (ISBN) f\u00fcr jedes erfasste Buch erstellt. Diese sind wie UPCs f\u00fcr die eindeutige Identifizierung von Verlagen standardisiert[\/vc_column_text][\/vc_column_inner][\/vc_row_inner][vc_row_inner][vc_column_inner width=&#8220;1\/3&#8243;][vc_single_image image=&#8220;636&#8243; img_size=&#8220;medium&#8220; alignment=&#8220;center&#8220; parallax_scroll=&#8220;no&#8220;][\/vc_column_inner][vc_column_inner width=&#8220;2\/3&#8243;][vc_column_text text_larger=&#8220;no&#8220;]Dieser gestapelte, lineare 2D-Barcode ist in vielen Arten von Ausweisen zu finden, z. B. im F\u00fchrerschein. Es ist auch der von USPS und dem Department of Homeland Security gew\u00e4hlte Standard, da es \u00fcber erweiterte Funktionen verf\u00fcgt, z. B. das Codieren von Links zu mehr als einer Datendatei. Es kann jedoch sehr gro\u00df sein &#8211; viermal so gro\u00df wie andere 2D-Barcodes wie Datamatrix und QR-Codes.[\/vc_column_text][\/vc_column_inner][\/vc_row_inner][vc_row_inner content_placement=&#8220;middle&#8220; row_reverse_mobile=&#8220;0&#8243; row_reverse_tablet=&#8220;0&#8243;][vc_column_inner width=&#8220;1\/3&#8243;][vc_single_image image=&#8220;628&#8243; img_size=&#8220;medium&#8220; alignment=&#8220;center&#8220; parallax_scroll=&#8220;no&#8220;][\/vc_column_inner][vc_column_inner width=&#8220;2\/3&#8243;][vc_column_text text_larger=&#8220;no&#8220;]<strong>Data Matrix<br \/>\n<\/strong><\/p>\n<p>Dies ist einer der h\u00e4ufigsten 2D-Barcodes geworden. Es ist ein quadratischer Code und kann gro\u00dfe &#8211; wie auch gro\u00dfe &#8211; Informationsmengen auf kleinstem Raum codieren. Aus diesem Grund ist es in der Elektronikfertigung und im Gesundheitswesen sehr beliebt. 2D-Codes erfordern ausgekl\u00fcgelte Scanner wie Smartphones, um im Grunde genommen ein Bild aufzunehmen und das gesamte Bild auf einmal zu \u00fcbersetzen. Wenn Unternehmen mehr Barcode-Speicherkapazit\u00e4t ben\u00f6tigen, haben 2D-Barcodes Vorrang vor ihren 1D-Kollegen[\/vc_column_text][\/vc_column_inner][\/vc_row_inner][vc_row_inner content_placement=&#8220;middle&#8220; row_reverse_mobile=&#8220;0&#8243; row_reverse_tablet=&#8220;0&#8243;][vc_column_inner width=&#8220;1\/3&#8243;][vc_single_image image=&#8220;632&#8243; img_size=&#8220;medium&#8220; alignment=&#8220;center&#8220; parallax_scroll=&#8220;no&#8220;][\/vc_column_inner][vc_column_inner width=&#8220;2\/3&#8243;][vc_column_text text_larger=&#8220;no&#8220;]<strong>QR-Codes (Quick Response)<br \/>\n<\/strong><\/p>\n<p>Die QR-Codes, der neueste Barcode-Trend, erfreuen sich immer gr\u00f6\u00dferer Beliebtheit als Marketing-Tools zur Verkn\u00fcpfung mit webbasierten Informationen. Sie sind nicht so kompakt wie Data Matrix und werden h\u00e4ufig f\u00fcr Werbematerialien und Schaufenster verwendet, um auf Sonderaktionen oder Details zu einem bestimmten Produkt zu verweisen.[\/vc_column_text][\/vc_column_inner][\/vc_row_inner][\/vc_column][\/vc_row]<\/p>\n<\/section>","protected":false},"excerpt":{"rendered":"<p>[vc_row gap=&#8220;35&#8243; mobile_bg_img_hidden=&#8220;no&#8220; tablet_bg_img_hidden=&#8220;no&#8220; woodmart_parallax=&#8220;0&#8243; woodmart_gradient_switch=&#8220;no&#8220; row_reverse_mobile=&#8220;0&#8243; row_reverse_tablet=&#8220;0&#8243; woodmart_disable_overflow=&#8220;0&#8243; css=&#8220;.vc_custom_1576240760069{margin-bottom: 50px !important;}&#8220;][vc_column width=&#8220;1\/2&#8243;][vc_single_image image=&#8220;620&#8243; img_size=&#8220;medium&#8220; parallax_scroll=&#8220;no&#8220;][\/vc_column][vc_column width=&#8220;1\/2&#8243;][vc_column_text text_larger=&#8220;no&#8220;]Codes helfen allgemein<\/p>\n","protected":false},"author":2,"featured_media":0,"parent":50,"menu_order":0,"comment_status":"closed","ping_status":"closed","template":"","meta":[],"yoast_head":"<!-- This site is optimized with the Yoast SEO plugin v20.1 - https:\/\/yoast.com\/wordpress\/plugins\/seo\/ -->\n<title>QR &amp; Barcodes Drucker f\u00fcr Beutel-Verpackungen (Maschinen) | BagMatic<\/title>\n<meta name=\"description\" content=\"Warum Sie QR-Codes \/ Barcodes auf Ihren Beuteln verwenden und aufdrucken sollten? Wir bieten die beste L\u00f6sung f\u00fcr Beutelverpackungen mit direktem Aufdruck.\" \/>\n<meta name=\"robots\" content=\"index, follow, max-snippet:-1, max-image-preview:large, max-video-preview:-1\" \/>\n<link rel=\"canonical\" href=\"https:\/\/www.bagmatic.com\/de\/verpackungsmaschinen\/drucker\/qr-barcode-beutel-verpackung\/\" \/>\n<meta property=\"og:locale\" content=\"de_DE\" \/>\n<meta property=\"og:type\" content=\"article\" \/>\n<meta property=\"og:title\" content=\"QR &amp; Barcodes Drucker f\u00fcr Beutel-Verpackungen (Maschinen) | BagMatic\" \/>\n<meta property=\"og:description\" content=\"Warum Sie QR-Codes \/ Barcodes auf Ihren Beuteln verwenden und aufdrucken sollten? Wir bieten die beste L\u00f6sung f\u00fcr Beutelverpackungen mit direktem Aufdruck.\" \/>\n<meta property=\"og:url\" content=\"https:\/\/www.bagmatic.com\/de\/verpackungsmaschinen\/drucker\/qr-barcode-beutel-verpackung\/\" \/>\n<meta property=\"og:site_name\" content=\"BagMatic\" \/>\n<meta property=\"article:modified_time\" content=\"2020-07-15T13:46:22+00:00\" \/>\n<meta name=\"twitter:card\" content=\"summary_large_image\" \/>\n<meta name=\"twitter:label1\" content=\"Gesch\u00e4tzte Lesezeit\" \/>\n\t<meta name=\"twitter:data1\" content=\"7\u00a0Minuten\" \/>\n<script type=\"application\/ld+json\" class=\"yoast-schema-graph\">{\"@context\":\"https:\/\/schema.org\",\"@graph\":[{\"@type\":\"WebPage\",\"@id\":\"https:\/\/www.bagmatic.com\/de\/verpackungsmaschinen\/drucker\/qr-barcode-beutel-verpackung\/\",\"url\":\"https:\/\/www.bagmatic.com\/de\/verpackungsmaschinen\/drucker\/qr-barcode-beutel-verpackung\/\",\"name\":\"QR & Barcodes Drucker f\u00fcr Beutel-Verpackungen (Maschinen) | BagMatic\",\"isPartOf\":{\"@id\":\"https:\/\/www.bagmatic.com\/de\/#website\"},\"datePublished\":\"2019-10-30T16:46:36+00:00\",\"dateModified\":\"2020-07-15T13:46:22+00:00\",\"description\":\"Warum Sie QR-Codes \/ Barcodes auf Ihren Beuteln verwenden und aufdrucken sollten? Wir bieten die beste L\u00f6sung f\u00fcr Beutelverpackungen mit direktem Aufdruck.\",\"breadcrumb\":{\"@id\":\"https:\/\/www.bagmatic.com\/de\/verpackungsmaschinen\/drucker\/qr-barcode-beutel-verpackung\/#breadcrumb\"},\"inLanguage\":\"de\",\"potentialAction\":[{\"@type\":\"ReadAction\",\"target\":[\"https:\/\/www.bagmatic.com\/de\/verpackungsmaschinen\/drucker\/qr-barcode-beutel-verpackung\/\"]}]},{\"@type\":\"BreadcrumbList\",\"@id\":\"https:\/\/www.bagmatic.com\/de\/verpackungsmaschinen\/drucker\/qr-barcode-beutel-verpackung\/#breadcrumb\",\"itemListElement\":[{\"@type\":\"ListItem\",\"position\":1,\"name\":\"Start\",\"item\":\"https:\/\/www.bagmatic.com\/de\/\"},{\"@type\":\"ListItem\",\"position\":2,\"name\":\"Verpackungsmaschinen\",\"item\":\"https:\/\/www.bagmatic.com\/de\/verpackungsmaschinen\/\"},{\"@type\":\"ListItem\",\"position\":3,\"name\":\"Inline Drucker von Bagmatic f\u00fcr Verpackungen\",\"item\":\"https:\/\/www.bagmatic.com\/de\/verpackungsmaschinen\/drucker\/\"},{\"@type\":\"ListItem\",\"position\":4,\"name\":\"QR &#038; Barcode f\u00fcr Beutel-Verpackungen\"}]},{\"@type\":\"WebSite\",\"@id\":\"https:\/\/www.bagmatic.com\/de\/#website\",\"url\":\"https:\/\/www.bagmatic.com\/de\/\",\"name\":\"BagMatic\",\"description\":\"\",\"publisher\":{\"@id\":\"https:\/\/www.bagmatic.com\/de\/#organization\"},\"potentialAction\":[{\"@type\":\"SearchAction\",\"target\":{\"@type\":\"EntryPoint\",\"urlTemplate\":\"https:\/\/www.bagmatic.com\/de\/?s={search_term_string}\"},\"query-input\":\"required name=search_term_string\"}],\"inLanguage\":\"de\"},{\"@type\":\"Organization\",\"@id\":\"https:\/\/www.bagmatic.com\/de\/#organization\",\"name\":\"BAGMATIC\u00ae GmbH\",\"url\":\"https:\/\/www.bagmatic.com\/de\/\",\"logo\":{\"@type\":\"ImageObject\",\"inLanguage\":\"de\",\"@id\":\"https:\/\/www.bagmatic.com\/de\/#\/schema\/logo\/image\/\",\"url\":\"https:\/\/www.bagmatic.com\/wp-content\/uploads\/bagmatic-logo.png\",\"contentUrl\":\"https:\/\/www.bagmatic.com\/wp-content\/uploads\/bagmatic-logo.png\",\"width\":500,\"height\":114,\"caption\":\"BAGMATIC\u00ae GmbH\"},\"image\":{\"@id\":\"https:\/\/www.bagmatic.com\/de\/#\/schema\/logo\/image\/\"}}]}<\/script>\n<!-- \/ Yoast SEO plugin. -->","yoast_head_json":{"title":"QR & Barcodes Drucker f\u00fcr Beutel-Verpackungen (Maschinen) | BagMatic","description":"Warum Sie QR-Codes \/ Barcodes auf Ihren Beuteln verwenden und aufdrucken sollten? Wir bieten die beste L\u00f6sung f\u00fcr Beutelverpackungen mit direktem Aufdruck.","robots":{"index":"index","follow":"follow","max-snippet":"max-snippet:-1","max-image-preview":"max-image-preview:large","max-video-preview":"max-video-preview:-1"},"canonical":"https:\/\/www.bagmatic.com\/de\/verpackungsmaschinen\/drucker\/qr-barcode-beutel-verpackung\/","og_locale":"de_DE","og_type":"article","og_title":"QR & Barcodes Drucker f\u00fcr Beutel-Verpackungen (Maschinen) | BagMatic","og_description":"Warum Sie QR-Codes \/ Barcodes auf Ihren Beuteln verwenden und aufdrucken sollten? Wir bieten die beste L\u00f6sung f\u00fcr Beutelverpackungen mit direktem Aufdruck.","og_url":"https:\/\/www.bagmatic.com\/de\/verpackungsmaschinen\/drucker\/qr-barcode-beutel-verpackung\/","og_site_name":"BagMatic","article_modified_time":"2020-07-15T13:46:22+00:00","twitter_card":"summary_large_image","twitter_misc":{"Gesch\u00e4tzte Lesezeit":"7\u00a0Minuten"},"schema":{"@context":"https:\/\/schema.org","@graph":[{"@type":"WebPage","@id":"https:\/\/www.bagmatic.com\/de\/verpackungsmaschinen\/drucker\/qr-barcode-beutel-verpackung\/","url":"https:\/\/www.bagmatic.com\/de\/verpackungsmaschinen\/drucker\/qr-barcode-beutel-verpackung\/","name":"QR & Barcodes Drucker f\u00fcr Beutel-Verpackungen (Maschinen) | BagMatic","isPartOf":{"@id":"https:\/\/www.bagmatic.com\/de\/#website"},"datePublished":"2019-10-30T16:46:36+00:00","dateModified":"2020-07-15T13:46:22+00:00","description":"Warum Sie QR-Codes \/ Barcodes auf Ihren Beuteln verwenden und aufdrucken sollten? Wir bieten die beste L\u00f6sung f\u00fcr Beutelverpackungen mit direktem Aufdruck.","breadcrumb":{"@id":"https:\/\/www.bagmatic.com\/de\/verpackungsmaschinen\/drucker\/qr-barcode-beutel-verpackung\/#breadcrumb"},"inLanguage":"de","potentialAction":[{"@type":"ReadAction","target":["https:\/\/www.bagmatic.com\/de\/verpackungsmaschinen\/drucker\/qr-barcode-beutel-verpackung\/"]}]},{"@type":"BreadcrumbList","@id":"https:\/\/www.bagmatic.com\/de\/verpackungsmaschinen\/drucker\/qr-barcode-beutel-verpackung\/#breadcrumb","itemListElement":[{"@type":"ListItem","position":1,"name":"Start","item":"https:\/\/www.bagmatic.com\/de\/"},{"@type":"ListItem","position":2,"name":"Verpackungsmaschinen","item":"https:\/\/www.bagmatic.com\/de\/verpackungsmaschinen\/"},{"@type":"ListItem","position":3,"name":"Inline Drucker von Bagmatic f\u00fcr Verpackungen","item":"https:\/\/www.bagmatic.com\/de\/verpackungsmaschinen\/drucker\/"},{"@type":"ListItem","position":4,"name":"QR &#038; Barcode f\u00fcr Beutel-Verpackungen"}]},{"@type":"WebSite","@id":"https:\/\/www.bagmatic.com\/de\/#website","url":"https:\/\/www.bagmatic.com\/de\/","name":"BagMatic","description":"","publisher":{"@id":"https:\/\/www.bagmatic.com\/de\/#organization"},"potentialAction":[{"@type":"SearchAction","target":{"@type":"EntryPoint","urlTemplate":"https:\/\/www.bagmatic.com\/de\/?s={search_term_string}"},"query-input":"required name=search_term_string"}],"inLanguage":"de"},{"@type":"Organization","@id":"https:\/\/www.bagmatic.com\/de\/#organization","name":"BAGMATIC\u00ae GmbH","url":"https:\/\/www.bagmatic.com\/de\/","logo":{"@type":"ImageObject","inLanguage":"de","@id":"https:\/\/www.bagmatic.com\/de\/#\/schema\/logo\/image\/","url":"https:\/\/www.bagmatic.com\/wp-content\/uploads\/bagmatic-logo.png","contentUrl":"https:\/\/www.bagmatic.com\/wp-content\/uploads\/bagmatic-logo.png","width":500,"height":114,"caption":"BAGMATIC\u00ae GmbH"},"image":{"@id":"https:\/\/www.bagmatic.com\/de\/#\/schema\/logo\/image\/"}}]}},"_links":{"self":[{"href":"https:\/\/www.bagmatic.com\/de\/wp-json\/wp\/v2\/pages\/534"}],"collection":[{"href":"https:\/\/www.bagmatic.com\/de\/wp-json\/wp\/v2\/pages"}],"about":[{"href":"https:\/\/www.bagmatic.com\/de\/wp-json\/wp\/v2\/types\/page"}],"author":[{"embeddable":true,"href":"https:\/\/www.bagmatic.com\/de\/wp-json\/wp\/v2\/users\/2"}],"replies":[{"embeddable":true,"href":"https:\/\/www.bagmatic.com\/de\/wp-json\/wp\/v2\/comments?post=534"}],"version-history":[{"count":11,"href":"https:\/\/www.bagmatic.com\/de\/wp-json\/wp\/v2\/pages\/534\/revisions"}],"predecessor-version":[{"id":1453,"href":"https:\/\/www.bagmatic.com\/de\/wp-json\/wp\/v2\/pages\/534\/revisions\/1453"}],"up":[{"embeddable":true,"href":"https:\/\/www.bagmatic.com\/de\/wp-json\/wp\/v2\/pages\/50"}],"wp:attachment":[{"href":"https:\/\/www.bagmatic.com\/de\/wp-json\/wp\/v2\/media?parent=534"}],"curies":[{"name":"wp","href":"https:\/\/api.w.org\/{rel}","templated":true}]}}