{"id":61,"date":"2019-07-30T13:29:52","date_gmt":"2019-07-30T11:29:52","guid":{"rendered":"https:\/\/2019.bagmatic.com\/?page_id=61"},"modified":"2019-07-30T20:26:21","modified_gmt":"2019-07-30T18:26:21","slug":"kundenspezifische-beutel-bedruckung","status":"publish","type":"page","link":"https:\/\/www.bagmatic.com\/de\/beutel-folien\/kundenspezifische-beutel-bedruckung\/","title":{"rendered":"Kundenspezifische Beutel (Bedruckung)"},"content":{"rendered":"<section class=\"wpb-content-wrapper\"><p>[vc_row][vc_column width=&#8220;1\/2&#8243;][vc_single_image image=&#8220;108&#8243; img_size=&#8220;large&#8220; alignment=&#8220;center&#8220; parallax_scroll=&#8220;no&#8220;][\/vc_column][vc_column width=&#8220;1\/2&#8243;][vc_column_text text_larger=&#8220;no&#8220;]BagMatic\u00ae liefert kundenspezifisch bedruckte oder unbedruckte Polyethylen-Beutel auf Rollen oder in Kartons mit einer gro\u00dfen Auswahl an seitlich verschwei\u00dften, stapelbaren Doppelwandbeuteln. Beachten Sie unsere biologisch abbaubaren Beutel!<\/p>\n<p>Durch flexible Druckm\u00f6glichkeiten, einschlie\u00dflich Liniendruck, Bildschirmdruck, Prozessdruck von bis zu sechs Farben, auf zwei Seiten, werden Sie nicht mehr nach einem PE-Beutel-Lieferanten suchen m\u00fcssen, sondern k\u00f6nnen die Vorz\u00fcge von individuellem Beuteldruckdesign erleben.<\/p>\n<p>Die bedruckten Beutel sind auch f\u00fcr den Einzelhandel geeignet.<\/p>\n<p><strong>Besondere Eigenschaften\u00a0<\/strong><br \/>\nWir bieten viele Beutelvarianten, einschlie\u00dflich besonderer Aufh\u00e4ng-L\u00f6cher (Osha, Schmetterling, Dreieck, rund), Perforation zum leichten \u00d6ffnen (vertikal, horizontal, eingeschnitten, versiegelt), hochwertige, feste Versiegelungen, Kopfleiste (versiegelt oder verst\u00e4rkt) und viele andere.<\/p>\n<p><strong>Beuteldesign-Generation\u00a0<\/strong><br \/>\nErlauben Sie uns, Ihre Beutel nach Ihren W\u00fcnschen zu designen. Wir werden au\u00dferdem das Setzen und die Farbkomposition f\u00fcr Sie \u00fcbernehmen und uns dabei ganz nach Ihren individuellen Vorstellungen und Erfordernissen richten.[\/vc_column_text][\/vc_column][\/vc_row]<\/p>\n<\/section>","protected":false},"excerpt":{"rendered":"<p>[vc_row][vc_column width=&#8220;1\/2&#8243;][vc_single_image image=&#8220;108&#8243; img_size=&#8220;large&#8220; alignment=&#8220;center&#8220; parallax_scroll=&#8220;no&#8220;][\/vc_column][vc_column width=&#8220;1\/2&#8243;][vc_column_text text_larger=&#8220;no&#8220;]BagMatic\u00ae liefert kundenspezifisch bedruckte oder unbedruckte Polyethylen-Beutel auf Rollen oder in Kartons mit<\/p>\n","protected":false},"author":2,"featured_media":0,"parent":26,"menu_order":0,"comment_status":"closed","ping_status":"closed","template":"","meta":[],"yoast_head":"<!-- This site is optimized with the Yoast SEO plugin v20.1 - https:\/\/yoast.com\/wordpress\/plugins\/seo\/ -->\n<title>Kundenspezifische Beutel (Bedruckung) | BagMatic<\/title>\n<meta name=\"robots\" content=\"index, follow, max-snippet:-1, max-image-preview:large, max-video-preview:-1\" \/>\n<link rel=\"canonical\" href=\"https:\/\/www.bagmatic.com\/de\/beutel-folien\/kundenspezifische-beutel-bedruckung\/\" \/>\n<meta property=\"og:locale\" content=\"de_DE\" \/>\n<meta property=\"og:type\" content=\"article\" \/>\n<meta property=\"og:title\" content=\"Kundenspezifische Beutel (Bedruckung) | BagMatic\" \/>\n<meta property=\"og:description\" content=\"[vc_row][vc_column width=&#8220;1\/2&#8243;][vc_single_image image=&#8220;108&#8243; img_size=&#8220;large&#8220; alignment=&#8220;center&#8220; parallax_scroll=&#8220;no&#8220;][\/vc_column][vc_column width=&#8220;1\/2&#8243;][vc_column_text text_larger=&#8220;no&#8220;]BagMatic\u00ae liefert kundenspezifisch bedruckte oder unbedruckte Polyethylen-Beutel auf Rollen oder in Kartons mit\" \/>\n<meta property=\"og:url\" content=\"https:\/\/www.bagmatic.com\/de\/beutel-folien\/kundenspezifische-beutel-bedruckung\/\" \/>\n<meta property=\"og:site_name\" content=\"BagMatic\" \/>\n<meta property=\"article:modified_time\" content=\"2019-07-30T18:26:21+00:00\" \/>\n<meta name=\"twitter:card\" content=\"summary_large_image\" \/>\n<meta name=\"twitter:label1\" content=\"Gesch\u00e4tzte Lesezeit\" \/>\n\t<meta name=\"twitter:data1\" content=\"1\u00a0Minute\" \/>\n<script type=\"application\/ld+json\" class=\"yoast-schema-graph\">{\"@context\":\"https:\/\/schema.org\",\"@graph\":[{\"@type\":\"WebPage\",\"@id\":\"https:\/\/www.bagmatic.com\/de\/beutel-folien\/kundenspezifische-beutel-bedruckung\/\",\"url\":\"https:\/\/www.bagmatic.com\/de\/beutel-folien\/kundenspezifische-beutel-bedruckung\/\",\"name\":\"Kundenspezifische Beutel (Bedruckung) | BagMatic\",\"isPartOf\":{\"@id\":\"https:\/\/www.bagmatic.com\/de\/#website\"},\"datePublished\":\"2019-07-30T11:29:52+00:00\",\"dateModified\":\"2019-07-30T18:26:21+00:00\",\"breadcrumb\":{\"@id\":\"https:\/\/www.bagmatic.com\/de\/beutel-folien\/kundenspezifische-beutel-bedruckung\/#breadcrumb\"},\"inLanguage\":\"de\",\"potentialAction\":[{\"@type\":\"ReadAction\",\"target\":[\"https:\/\/www.bagmatic.com\/de\/beutel-folien\/kundenspezifische-beutel-bedruckung\/\"]}]},{\"@type\":\"BreadcrumbList\",\"@id\":\"https:\/\/www.bagmatic.com\/de\/beutel-folien\/kundenspezifische-beutel-bedruckung\/#breadcrumb\",\"itemListElement\":[{\"@type\":\"ListItem\",\"position\":1,\"name\":\"Start\",\"item\":\"https:\/\/www.bagmatic.com\/de\/\"},{\"@type\":\"ListItem\",\"position\":2,\"name\":\"Beutel &#038; Folien (Folienbeutel \/ Folienverpackung)\",\"item\":\"https:\/\/www.bagmatic.com\/de\/beutel-folien\/\"},{\"@type\":\"ListItem\",\"position\":3,\"name\":\"Kundenspezifische Beutel (Bedruckung)\"}]},{\"@type\":\"WebSite\",\"@id\":\"https:\/\/www.bagmatic.com\/de\/#website\",\"url\":\"https:\/\/www.bagmatic.com\/de\/\",\"name\":\"BagMatic\",\"description\":\"\",\"publisher\":{\"@id\":\"https:\/\/www.bagmatic.com\/de\/#organization\"},\"potentialAction\":[{\"@type\":\"SearchAction\",\"target\":{\"@type\":\"EntryPoint\",\"urlTemplate\":\"https:\/\/www.bagmatic.com\/de\/?s={search_term_string}\"},\"query-input\":\"required name=search_term_string\"}],\"inLanguage\":\"de\"},{\"@type\":\"Organization\",\"@id\":\"https:\/\/www.bagmatic.com\/de\/#organization\",\"name\":\"BAGMATIC\u00ae GmbH\",\"url\":\"https:\/\/www.bagmatic.com\/de\/\",\"logo\":{\"@type\":\"ImageObject\",\"inLanguage\":\"de\",\"@id\":\"https:\/\/www.bagmatic.com\/de\/#\/schema\/logo\/image\/\",\"url\":\"https:\/\/www.bagmatic.com\/wp-content\/uploads\/bagmatic-logo.png\",\"contentUrl\":\"https:\/\/www.bagmatic.com\/wp-content\/uploads\/bagmatic-logo.png\",\"width\":500,\"height\":114,\"caption\":\"BAGMATIC\u00ae GmbH\"},\"image\":{\"@id\":\"https:\/\/www.bagmatic.com\/de\/#\/schema\/logo\/image\/\"}}]}<\/script>\n<!-- \/ Yoast SEO plugin. -->","yoast_head_json":{"title":"Kundenspezifische Beutel (Bedruckung) | BagMatic","robots":{"index":"index","follow":"follow","max-snippet":"max-snippet:-1","max-image-preview":"max-image-preview:large","max-video-preview":"max-video-preview:-1"},"canonical":"https:\/\/www.bagmatic.com\/de\/beutel-folien\/kundenspezifische-beutel-bedruckung\/","og_locale":"de_DE","og_type":"article","og_title":"Kundenspezifische Beutel (Bedruckung) | BagMatic","og_description":"[vc_row][vc_column width=&#8220;1\/2&#8243;][vc_single_image image=&#8220;108&#8243; img_size=&#8220;large&#8220; alignment=&#8220;center&#8220; parallax_scroll=&#8220;no&#8220;][\/vc_column][vc_column width=&#8220;1\/2&#8243;][vc_column_text text_larger=&#8220;no&#8220;]BagMatic\u00ae liefert kundenspezifisch bedruckte oder unbedruckte Polyethylen-Beutel auf Rollen oder in Kartons mit","og_url":"https:\/\/www.bagmatic.com\/de\/beutel-folien\/kundenspezifische-beutel-bedruckung\/","og_site_name":"BagMatic","article_modified_time":"2019-07-30T18:26:21+00:00","twitter_card":"summary_large_image","twitter_misc":{"Gesch\u00e4tzte Lesezeit":"1\u00a0Minute"},"schema":{"@context":"https:\/\/schema.org","@graph":[{"@type":"WebPage","@id":"https:\/\/www.bagmatic.com\/de\/beutel-folien\/kundenspezifische-beutel-bedruckung\/","url":"https:\/\/www.bagmatic.com\/de\/beutel-folien\/kundenspezifische-beutel-bedruckung\/","name":"Kundenspezifische Beutel (Bedruckung) | BagMatic","isPartOf":{"@id":"https:\/\/www.bagmatic.com\/de\/#website"},"datePublished":"2019-07-30T11:29:52+00:00","dateModified":"2019-07-30T18:26:21+00:00","breadcrumb":{"@id":"https:\/\/www.bagmatic.com\/de\/beutel-folien\/kundenspezifische-beutel-bedruckung\/#breadcrumb"},"inLanguage":"de","potentialAction":[{"@type":"ReadAction","target":["https:\/\/www.bagmatic.com\/de\/beutel-folien\/kundenspezifische-beutel-bedruckung\/"]}]},{"@type":"BreadcrumbList","@id":"https:\/\/www.bagmatic.com\/de\/beutel-folien\/kundenspezifische-beutel-bedruckung\/#breadcrumb","itemListElement":[{"@type":"ListItem","position":1,"name":"Start","item":"https:\/\/www.bagmatic.com\/de\/"},{"@type":"ListItem","position":2,"name":"Beutel &#038; Folien (Folienbeutel \/ Folienverpackung)","item":"https:\/\/www.bagmatic.com\/de\/beutel-folien\/"},{"@type":"ListItem","position":3,"name":"Kundenspezifische Beutel (Bedruckung)"}]},{"@type":"WebSite","@id":"https:\/\/www.bagmatic.com\/de\/#website","url":"https:\/\/www.bagmatic.com\/de\/","name":"BagMatic","description":"","publisher":{"@id":"https:\/\/www.bagmatic.com\/de\/#organization"},"potentialAction":[{"@type":"SearchAction","target":{"@type":"EntryPoint","urlTemplate":"https:\/\/www.bagmatic.com\/de\/?s={search_term_string}"},"query-input":"required name=search_term_string"}],"inLanguage":"de"},{"@type":"Organization","@id":"https:\/\/www.bagmatic.com\/de\/#organization","name":"BAGMATIC\u00ae GmbH","url":"https:\/\/www.bagmatic.com\/de\/","logo":{"@type":"ImageObject","inLanguage":"de","@id":"https:\/\/www.bagmatic.com\/de\/#\/schema\/logo\/image\/","url":"https:\/\/www.bagmatic.com\/wp-content\/uploads\/bagmatic-logo.png","contentUrl":"https:\/\/www.bagmatic.com\/wp-content\/uploads\/bagmatic-logo.png","width":500,"height":114,"caption":"BAGMATIC\u00ae GmbH"},"image":{"@id":"https:\/\/www.bagmatic.com\/de\/#\/schema\/logo\/image\/"}}]}},"_links":{"self":[{"href":"https:\/\/www.bagmatic.com\/de\/wp-json\/wp\/v2\/pages\/61"}],"collection":[{"href":"https:\/\/www.bagmatic.com\/de\/wp-json\/wp\/v2\/pages"}],"about":[{"href":"https:\/\/www.bagmatic.com\/de\/wp-json\/wp\/v2\/types\/page"}],"author":[{"embeddable":true,"href":"https:\/\/www.bagmatic.com\/de\/wp-json\/wp\/v2\/users\/2"}],"replies":[{"embeddable":true,"href":"https:\/\/www.bagmatic.com\/de\/wp-json\/wp\/v2\/comments?post=61"}],"version-history":[{"count":7,"href":"https:\/\/www.bagmatic.com\/de\/wp-json\/wp\/v2\/pages\/61\/revisions"}],"predecessor-version":[{"id":115,"href":"https:\/\/www.bagmatic.com\/de\/wp-json\/wp\/v2\/pages\/61\/revisions\/115"}],"up":[{"embeddable":true,"href":"https:\/\/www.bagmatic.com\/de\/wp-json\/wp\/v2\/pages\/26"}],"wp:attachment":[{"href":"https:\/\/www.bagmatic.com\/de\/wp-json\/wp\/v2\/media?parent=61"}],"curies":[{"name":"wp","href":"https:\/\/api.w.org\/{rel}","templated":true}]}}