{"id":63,"date":"2019-07-30T13:30:17","date_gmt":"2019-07-30T11:30:17","guid":{"rendered":"https:\/\/2019.bagmatic.com\/?page_id=63"},"modified":"2021-08-16T09:39:04","modified_gmt":"2021-08-16T07:39:04","slug":"verpackungsfolie","status":"publish","type":"page","link":"https:\/\/www.bagmatic.com\/de\/beutel-folien\/verpackungsfolie\/","title":{"rendered":"Verpackungsfolie"},"content":{"rendered":"<section class=\"wpb-content-wrapper\"><p>[vc_row][vc_column width=&#8220;1\/2&#8243;][vc_column_text text_larger=&#8220;no&#8220;]<strong>Folien aus hochwertigen Harzen und Mischungen<\/strong>\u00a0Unsere Rohstoffe sind aus h\u00f6chstwertiger Qualit\u00e4t, von den besten Lieferanten und ergeben eine konstante Produktqualit\u00e4t. Eigenschaften von hoher Klarheit, Rei\u00dffestigkeit, Druckhaftf\u00e4higkeit und Konsistenz. Wir bieten eine komplexe Linie an Spezialfolien, inklusive:<\/p>\n<ul>\n<li>LLDPE\/ LDPE, klar, opak oder get\u00f6nt<\/li>\n<li>EVA LDPE, verschiedene Konzentrationen der EVA<\/li>\n<li>HDPE (hohe Dichtigkeit)<\/li>\n<li>Antistatisch<\/li>\n<li>klar, rosa oder blau (bedruckbar)<\/li>\n<li>Wandfolien, Sauerstoff-, Chemische- und Aromabarrieren<\/li>\n<li>Polypropylene,mit beeindruckender Klarheit, hoher Rei\u00dffestigkeit<\/li>\n<li>Multischicht &#8211; Folien, co-extrudiert<\/li>\n<li>Biologisch abbaubare Beutel<\/li>\n<li>Wir k\u00f6nnen Beutel f\u00fcr fast alle Produkte liefern<\/li>\n<\/ul>\n<p><strong>Spezielle Folien<\/strong><\/p>\n<p>Unsere breite Produktlinie liefert Ihnen, mit dem Vorzug einer einzigen Lieferquelle, alle Polyethylene, und PP-Qualit\u00e4tsfolien.[\/vc_column_text][\/vc_column][vc_column width=&#8220;1\/2&#8243;][vc_single_image image=&#8220;104&#8243; img_size=&#8220;large&#8220; alignment=&#8220;center&#8220; parallax_scroll=&#8220;no&#8220;][vc_column_text text_larger=&#8220;no&#8220; css=&#8220;.vc_custom_1571208625946{padding-top: 20px !important;}&#8220;]<strong>Folien f\u00fcr alle Produkte\u00a0<\/strong><br \/>\nVorausschauend testen wir st\u00e4ndig neue Produkte und verbessern die schon vorhandenen, um die von Ihnen geforderten Eigenschaften zu erzielen. Nutzen Sie die Gelegenheit und Fordern Sie Probeauftr\u00e4ge an, die Sie zur endg\u00fcltigen Qualit\u00e4tskontrolle erhalten.<\/p>\n<p><strong>Erh\u00e4ltliche Standardfolien\u00a0<\/strong><br \/>\nWir k\u00f6nnen Ihnen mehrere Standardfolien zur Verf\u00fcgung stellen. Bitte ersehen Sie aus beigef\u00fcgter Liste, welche Folie Sie ben\u00f6tigen.<\/p>\n<p><a href=\"https:\/\/www.bagmatic.com\/de\/beutel-folien\/umweltvertraegliche-folien\/\"><strong>Beachten Sie auch unsere biologisch abbaubaren Folien!<\/strong><\/a>[\/vc_column_text][\/vc_column][\/vc_row][vc_row][vc_column][vc_column_text text_larger=&#8220;no&#8220;]<strong>Standardfolien<\/strong><\/p>\n<p>Der untenstehenden Tabelle (englisch) k\u00f6nnen Sie unser breites Folienspektrum entnehmen. Z\u00f6gern Sie nicht uns anzurufen, wenn Sie Fragen zu unserem Angebot haben. Wir machen Sie besonders auf unsere biologisch abbaubaren Folien f\u00fcr die Beutel aufmerksam.<\/p>\n<table border=\"1\" cellspacing=\"1\" cellpadding=\"1\" align=\"left\">\n<tbody>\n<tr>\n<td>FILM NR.<\/td>\n<td>GENERAL DESCRIPTION<\/td>\n<td>THICKNESS AVAILABLE<\/td>\n<td>SPECIFICATIONS &amp; CHARACTERISTICS<\/td>\n<td>APPLICATIONS<\/td>\n<td>ADVANTAGES<\/td>\n<\/tr>\n<tr>\n<td align=\"left\" valign=\"top\">1<\/td>\n<td align=\"left\" valign=\"top\">Linear Low \/ Low Density Blend (LDPE\/LLDPE)<\/td>\n<td align=\"left\" valign=\"top\">1-5 mil<\/td>\n<td align=\"left\" valign=\"top\">Strong, industrial clarity film, virgin grade<\/td>\n<td align=\"left\" valign=\"top\">Stock bags, heavy products (fasteners), FDA, Medical<\/td>\n<td align=\"left\" valign=\"top\">Down gauge from LDPE, tear\/cut resistant, strong seals<\/td>\n<\/tr>\n<tr>\n<td align=\"left\" valign=\"top\">2<\/td>\n<td align=\"left\" valign=\"top\">High Clarity, LDPE w\/EVA<\/td>\n<td align=\"left\" valign=\"top\">1-4 mil<\/td>\n<td align=\"left\" valign=\"top\">Retail clarity LDPE, virgin grade<\/td>\n<td align=\"left\" valign=\"top\">Retail printed bags, freezer applications, FDA, medical<\/td>\n<td align=\"left\" valign=\"top\">Enhances product, higher gloss levels<\/td>\n<\/tr>\n<tr>\n<td align=\"left\" valign=\"top\">3<\/td>\n<td align=\"left\" valign=\"top\">Shrink LDPE<\/td>\n<td align=\"left\" valign=\"top\">1.25 mil<\/td>\n<td align=\"left\" valign=\"top\">Shrinks with minimal amounts of heat<\/td>\n<td align=\"left\" valign=\"top\">Applications that need to fit into a small carton<\/td>\n<td align=\"left\" valign=\"top\">Keeps product covered with no excess film<\/td>\n<\/tr>\n<tr>\n<td align=\"left\" valign=\"top\">4<\/td>\n<td align=\"left\" valign=\"top\">Opaque (or tinted) \/ Clear LLDPE Combination<\/td>\n<td align=\"left\" valign=\"top\">1-5 mil<\/td>\n<td align=\"left\" valign=\"top\">White (or other colour) opaque or tinted on one side\/clear on other side, virgin grade<\/td>\n<td align=\"left\" valign=\"top\">Thermal printing, bar coding, FDA, medical<\/td>\n<td align=\"left\" valign=\"top\">Lower cost than printed bags, larger print area for thermal printing, extended print head life<\/td>\n<\/tr>\n<tr>\n<td align=\"left\" valign=\"top\">5<\/td>\n<td align=\"left\" valign=\"top\">High Density Polyethylene (HDPE)<\/td>\n<td align=\"left\" valign=\"top\">1-2 mil<\/td>\n<td align=\"left\" valign=\"top\">Stiff, strong film, higher haze levels, natural, virgin grade<\/td>\n<td align=\"left\" valign=\"top\">Non-scratch products (silverware, lenses, or non coated plastics), FDA, medical<\/td>\n<td align=\"left\" valign=\"top\">Natural high slip surface, down-gauge from LDPE<\/td>\n<\/tr>\n<tr>\n<td align=\"left\" valign=\"top\">6<\/td>\n<td align=\"left\" valign=\"top\">Non-scratch (LDPE)<\/td>\n<td align=\"left\" valign=\"top\">1-4 mil<\/td>\n<td align=\"left\" valign=\"top\">Retail clarity<\/td>\n<td align=\"left\" valign=\"top\">Lenses, silverware, cutlery, delicate pieces<\/td>\n<td align=\"left\" valign=\"top\">No scratches<\/td>\n<\/tr>\n<tr>\n<td align=\"left\" valign=\"top\">7<\/td>\n<td align=\"left\" valign=\"top\">Opaque, (LDPE)<\/td>\n<td align=\"left\" valign=\"top\">1-5 mil<\/td>\n<td align=\"left\" valign=\"top\">White opaque film front and back, virgin grade<\/td>\n<td align=\"left\" valign=\"top\">FDA<\/td>\n<td align=\"left\" valign=\"top\">Thermally printed on<\/td>\n<\/tr>\n<tr>\n<td align=\"left\" valign=\"top\">8<\/td>\n<td align=\"left\" valign=\"top\">Tinted, (LDPE)<\/td>\n<td align=\"left\" valign=\"top\">1-5 mil<\/td>\n<td align=\"left\" valign=\"top\">Color tinted film, virgin grade<\/td>\n<td align=\"left\" valign=\"top\">FDA<\/td>\n<td align=\"left\" valign=\"top\">Lower cost than printed bags, larger print area for thermal printing, extended print head life<\/td>\n<\/tr>\n<tr>\n<td align=\"left\" valign=\"top\">9<\/td>\n<td align=\"left\" valign=\"top\">Antistat, Clear<\/td>\n<td align=\"left\" valign=\"top\">1.5-4 mil<\/td>\n<td align=\"left\" valign=\"top\">Clean\/Dry (non greasy) clarity dependent upon concentrate level<\/td>\n<td align=\"left\" valign=\"top\">Dust control, static control, electronic components dusting products (i.e. Sand)<\/td>\n<td align=\"left\" valign=\"top\">Printable antistatic, nonirritant, mil spec. requirements met<\/td>\n<\/tr>\n<tr>\n<td align=\"left\" valign=\"top\">10<\/td>\n<td align=\"left\" valign=\"top\">Antistat, Tinted (Pink or Blue)<\/td>\n<td align=\"left\" valign=\"top\">1.5-4 mil<\/td>\n<td align=\"left\" valign=\"top\">Clean\/Dry (non greasy) clarity dependent upon concentrate level<\/td>\n<td align=\"left\" valign=\"top\">Dust control, static control, electronic components dusting products (i.e. Sand)<\/td>\n<td align=\"left\" valign=\"top\">Tint helps identify easy contrast from clear polyethylene bags<\/td>\n<\/tr>\n<tr>\n<td align=\"left\" valign=\"top\">11<\/td>\n<td align=\"left\" valign=\"top\">High Strength LLDPE<\/td>\n<td align=\"left\" valign=\"top\">1.5-4 mil<\/td>\n<td align=\"left\" valign=\"top\">Stronger, clearer, higher productivity<\/td>\n<td align=\"left\" valign=\"top\">Heavy products, larger bag volumes, sharp products<\/td>\n<td align=\"left\" valign=\"top\">Linear low density blended films, heavy products, dart impact, tear strength<\/td>\n<\/tr>\n<tr>\n<td align=\"left\" valign=\"top\">12<\/td>\n<td align=\"left\" valign=\"top\">VCI<\/td>\n<td align=\"left\" valign=\"top\">2-4 mil<\/td>\n<td align=\"left\" valign=\"top\">Non-greasy VCI, Strong film<\/td>\n<td align=\"left\" valign=\"top\">Rust\/corrosion inhibitor, bearings fasteners, firearms<\/td>\n<td align=\"left\" valign=\"top\">Long shelf life, clean &amp; dry<\/td>\n<\/tr>\n<tr>\n<td align=\"left\" valign=\"top\">13<\/td>\n<td align=\"left\" valign=\"top\">Tyvek\/Polyester combination<\/td>\n<td align=\"left\" valign=\"top\">Varies<\/td>\n<td align=\"left\" valign=\"top\">Type1: A732-1073B uncoated, heat sealed to 48g polyester\/2 mil polyethylene Type 2: A5920-1059B uncoated, heat sealed to 48g polyester\/2mil polyethylene<\/td>\n<td align=\"left\" valign=\"top\">Medical<\/td>\n<td align=\"left\" valign=\"top\">Makeup for tyvek pouches, micron clear front material, heat lamination<\/td>\n<\/tr>\n<tr>\n<td align=\"left\" valign=\"top\">14<\/td>\n<td align=\"left\" valign=\"top\">Repro LLDPE<\/td>\n<td align=\"left\" valign=\"top\">1-5 mil<\/td>\n<td align=\"left\" valign=\"top\">Higher haze level<\/td>\n<td align=\"left\" valign=\"top\">General purpose<\/td>\n<td align=\"left\" valign=\"top\">Economical\/Environmental<\/td>\n<\/tr>\n<tr>\n<td align=\"left\" valign=\"top\">15<\/td>\n<td align=\"left\" valign=\"top\">Cast Polypropylene (CPP)<\/td>\n<td align=\"left\" valign=\"top\">1-3 mil<\/td>\n<td align=\"left\" valign=\"top\">Outstanding clarity, strong film, brittle, high gloss, barrier properties: WVTR; .4, OTR 130<\/td>\n<td align=\"left\" valign=\"top\">Candy, wreaths, retail products, FDA, medical, novelty items<\/td>\n<td align=\"left\" valign=\"top\">Excellent clarity, stronger seals, printable, low haze, high gloss<\/td>\n<\/tr>\n<tr>\n<td align=\"left\" valign=\"top\">16<\/td>\n<td align=\"left\" valign=\"top\">High Barrier Film<\/td>\n<td align=\"left\" valign=\"top\">1.5-4 mil<\/td>\n<td align=\"left\" valign=\"top\">Strong film moisture, chemical and aroma barrier: WVTR; .4, OTR 7.5<\/td>\n<td align=\"left\" valign=\"top\">Silverware, coffee, chocolate, migrating chemicals, aroma emitting products<\/td>\n<td align=\"left\" valign=\"top\">Excellent impact strength, good clarity, good barrier, long shelf life<\/td>\n<\/tr>\n<tr>\n<td align=\"left\" valign=\"top\">17<\/td>\n<td align=\"left\" valign=\"top\">Foil<\/td>\n<td align=\"left\" valign=\"top\">1.5-3 mil<\/td>\n<td align=\"left\" valign=\"top\">Excellent optical properties, high oxygen barrier: WVTR; .05-.105, OTR; .25-18<\/td>\n<td align=\"left\" valign=\"top\">Products which require oxygen barrier<\/td>\n<td align=\"left\" valign=\"top\">Superior Permeability<\/td>\n<\/tr>\n<tr>\n<td align=\"left\" valign=\"top\">18<\/td>\n<td align=\"left\" valign=\"top\">LLDPE\/EVOH<\/td>\n<td align=\"left\" valign=\"top\">1.5-4.9 mil<\/td>\n<td align=\"left\" valign=\"top\">Superior oxygen and barrier: WVTR; .18, OTR; .05<\/td>\n<td align=\"left\" valign=\"top\">Laminators<\/td>\n<td align=\"left\" valign=\"top\">Superior oxygen barriers, optical properties, flat film caliper<\/td>\n<\/tr>\n<tr>\n<td align=\"left\" valign=\"top\">19<\/td>\n<td align=\"left\" valign=\"top\">USPS Polywrap Film<\/td>\n<td align=\"left\" valign=\"top\">1-3 mil<\/td>\n<td align=\"left\" valign=\"top\">Meets the United States Postal Service Materials<\/td>\n<td align=\"left\" valign=\"top\">United States Postal Service Mail Pouches<\/td>\n<td align=\"left\" valign=\"top\">Used on automatic bagger equipment<\/td>\n<\/tr>\n<tr>\n<td align=\"left\" valign=\"top\">20<\/td>\n<td align=\"left\" valign=\"top\">PP\/LDPE\/EVA<\/td>\n<td align=\"left\" valign=\"top\">1-2 mil<\/td>\n<td align=\"left\" valign=\"top\">Barrier film, high clarity, high strength<\/td>\n<td align=\"left\" valign=\"top\">Bakery products, dairy, novelties, plastic cutlery<\/td>\n<td align=\"left\" valign=\"top\">Bakery products, dairy products, plastic novelties<\/td>\n<\/tr>\n<\/tbody>\n<\/table>\n<p>[\/vc_column_text][\/vc_column][\/vc_row][vc_row][vc_column][vc_column_text text_larger=&#8220;no&#8220;]<\/p>\n<h2>Jetzt bei uns hochwertige Verpackungsfolie kaufen f\u00fcr ihre individuellen Verpackungen<\/h2>\n<p>Betriebe, die in der Logistikbranche t\u00e4tig sind, sind in der Regel f\u00fcr das Einpacken der behandelten Produkte durch Verpackungsfolien verantwortlich. Gern gew\u00e4hlte Verpackungsfolien sind unter anderem schwarze oder durchsichtige Verpackungsfolien, sowie auch hochwertige glatte Folien. Unsere Auswahl an Verpackungsfolien ist gro\u00df und es lohnt sich f\u00fcr interessierte Kunden, sich in unserem Sortiment umzuschauen und auch \u00fcber eine gute Auswahl an Verpackungsfolien beraten zu lassen. Der Step des Verpackens von Produkten sollte in den einschl\u00e4gigen Branchen in der Regel schnell und zuverl\u00e4ssig organisiert sein und die von uns angebotenen Verpackungsfolien sind qualitativ so hochwertig, dass die Produkte garantiert gut transportabel und luftsicher eingepackt sind. Fragen Sie und jetzt unverbindlich an um Ihre Verpackungsfolie zu kaufen!<\/p>\n<h3>In diesen Formen sind unsere Verpackungsfolien von Bagmatic erh\u00e4ltlich<\/h3>\n<p>Unsere hochwertigen Verpackungsfolien von Bagmatic sind in vielen verschiedenen Formen und Arten in unserem Sortiment erh\u00e4ltlich. Unsere Verpackungsfolien schwarz, durchsichtig, mit oder ohne Luftpolster sind aus erlesenen Harzen und Mischungen derselben gefertigt. Die von uns gefertigten Rohstoffe sind aus aller h\u00f6chster Qualit\u00e4t, stammen von den besten Lieferanten und so entsteht eine konstante Qualit\u00e4t. Die Verpackungsfolien unseres Sortiments sind von hoher Flexibilit\u00e4t, Robustheit, Druckhaftf\u00e4higkeit und auch Konsistenz. Unsere Verpackungsfolien erscheinen in den Formen EVA LDPE oder LLDPE\/ LDPE in einer klaren, opak oder get\u00f6nten Form. Die Folien weisen dank HDPE eine besonders hohe Dichtigkeit auf. Egal, ob die Verpackungsfolien rosa, schwarz, blau oder transparent sind, sie sind individuell bedruckbar. F\u00fcr unsere umweltbewussten Kunden bieten wir auch biologisch abbaubare Verpackungsfolien und -beutel an. Jetzt Verpackungsfolie kaufen bei Ihrem Verpackungsfolien Hersteller Bagmatic!<\/p>\n<h2>Die Verpackungsfolien von Bagmatic auch als Werbefl\u00e4che f\u00fcr sich nutzen<\/h2>\n<p>Das Sortiment der auf dem Markt erh\u00e4ltlichen Verpackungsfolien und auch Schrumpffolien und Schlauchfolien ist sehr gro\u00df und variiert in Dichte, Robustheit und auch Flexibilit\u00e4t. F\u00fcr unsere Kunden, die ihre gekauften Verpackungsfolie nicht nur zum zuverl\u00e4ssigen Verpacken von Ware verwenden wollen, sondern sie auch dar\u00fcber hinaus als Fl\u00e4che zum Werben benutzen wollen, bietet es sich an, ihre Logos oder Slogans auf unsere Verpackungsfolien drucken zu lassen. So k\u00f6nnen unsere Verpackungsfolien ebenfalls als Werbetr\u00e4ger benutzt werden. Dar\u00fcber hinaus k\u00f6nnen unsere Verpackungsfolien auch in vielen m\u00f6glichen Farben eingef\u00e4rbt werden, wodurch eine noch gr\u00f6\u00dfere Individualisierung erm\u00f6glicht wird. Durch ein F\u00e4rben der Verpackungsfolien transparent kann die Ware auch bei der Lagerung in den Betrieben noch besser unterschieden werden. Wir bieten Ihnen durchsichtige Verpackungsfolie (transparent) aber auch schwarze Verpackungsfolie f\u00fcr Ihre Produkte an. Aber auch Verpackungsfolie Luftpolster k\u00f6nnen Sie in unserem Sortiment finden.<\/p>\n<h2>Verpackungsfolien Hersteller: Diesen Service bieten wir von Bagmatic an<\/h2>\n<p>Egal, welche Art, Struktur und Dichte von Verpackungsfolien unsere Kunden ausw\u00e4hlen und von unserem Shop erwerben, der Service, der rund um unsere Verpackungsfolien geboten wird, ist weitreichend f\u00fcr unsere Kunden. Als Verpackungsfolien Hersteller vertrauen uns unsere Kunden seit Jahren. Als erster erhalten unsere Kunden ihrer individuellen Branche und Ware entsprechend eine breite Beratung, um eine geeignete Auswahl zu treffen. Es wird unseren Kunden ein Auswahl an Folien zugeschickt, sodass sie die Folien einmal begutachten k\u00f6nnen. Danach werden die ausgesuchten Verpackungsfolien in der Regel in einem Zeitraum von 48h geliefert und in Form eines Abos immer wieder und automatisch nachgeliefert. Wenn die gew\u00fcnschten Verpackungsfolien einen Mangel aufweisen sollten, werden so schnell es uns m\u00f6glich ist, neue nachgeliefert, sodass es zu einem m\u00f6glichst kleinen Zeitverlust f\u00fcr unserer Kunden kommt.<\/p>\n<h3>Verpackungsfolien sind bei uns in verschiedenen Arten f\u00fcr alle erdenklichen Produkte erh\u00e4ltlich<\/h3>\n<p>Uns von Bagmatic ist es ein Anliegen, ihnen Verpackungsfolien f\u00fcr alle m\u00f6glichen Produkte sowie die Eigenarten und Eigenschaften f\u00fcr ihr individuelles Unternehmen anbieten zu k\u00f6nnen. Die von uns angebotenen Verpackungsfolien verschiedener Hersteller werden st\u00e4ndig auf ihre hohe Qualit\u00e4t getestet, um stets h\u00f6chste Anforderungen erf\u00fcllen zu k\u00f6nnen. Entdecken Sie unsere Vielfalt an Verpackungsfolien schwarz, durchsichtig, farbig, mit oder ohne Luftpolster f\u00fcr ihre eigene Vielfalt an Produkten, die Sie verpacken m\u00f6chten. Sie k\u00f6nnen die lohnende Gelegenheit und unseren kundenfreundlichen Service nutzen und Probeauftr\u00e4ge unserer Verpackungsfolien ordern, um sich f\u00fcr am besten zu ihnen passende Folien entscheiden zu k\u00f6nnen. Oder Sie treten mit einem unserer erfahrenen Mitarbeiter f\u00fcr eine erste unverbindliche Beratung in Kontakt, um sich eine erste Meinung einzuholen. Fragen Sie uns jetzt, Ihren Verpackungsfolien Hersteller auch gerne f\u00fcr individuelle Verpackungsfolien an.[\/vc_column_text][\/vc_column][\/vc_row]<\/p>\n<\/section>","protected":false},"excerpt":{"rendered":"<p>[vc_row][vc_column width=&#8220;1\/2&#8243;][vc_column_text text_larger=&#8220;no&#8220;]Folien aus hochwertigen Harzen und Mischungen\u00a0Unsere Rohstoffe sind aus h\u00f6chstwertiger Qualit\u00e4t, von den besten Lieferanten und ergeben eine<\/p>\n","protected":false},"author":2,"featured_media":0,"parent":26,"menu_order":0,"comment_status":"closed","ping_status":"closed","template":"","meta":[],"yoast_head":"<!-- This site is optimized with the Yoast SEO plugin v20.1 - https:\/\/yoast.com\/wordpress\/plugins\/seo\/ -->\n<title>Verpackungsfolie kaufen beim Verpackungsfolien Hersteller Bagmatic<\/title>\n<meta name=\"description\" content=\"Verpackungsfolie kaufen - Sie suchen Verpackungsfolien Hersteller oder suchen bestimmte Formate wie durchsichtig, Luftpolster oder in Farbe? Jetzt anfragen!\" \/>\n<meta name=\"robots\" content=\"index, follow, max-snippet:-1, max-image-preview:large, max-video-preview:-1\" \/>\n<link rel=\"canonical\" href=\"https:\/\/www.bagmatic.com\/de\/beutel-folien\/verpackungsfolie\/\" \/>\n<meta property=\"og:locale\" content=\"de_DE\" \/>\n<meta property=\"og:type\" content=\"article\" \/>\n<meta property=\"og:title\" content=\"Verpackungsfolie kaufen beim Verpackungsfolien Hersteller Bagmatic\" \/>\n<meta property=\"og:description\" content=\"Verpackungsfolie kaufen - Sie suchen Verpackungsfolien Hersteller oder suchen bestimmte Formate wie durchsichtig, Luftpolster oder in Farbe? Jetzt anfragen!\" \/>\n<meta property=\"og:url\" content=\"https:\/\/www.bagmatic.com\/de\/beutel-folien\/verpackungsfolie\/\" \/>\n<meta property=\"og:site_name\" content=\"BagMatic\" \/>\n<meta property=\"article:modified_time\" content=\"2021-08-16T07:39:04+00:00\" \/>\n<meta name=\"twitter:card\" content=\"summary_large_image\" \/>\n<meta name=\"twitter:label1\" content=\"Gesch\u00e4tzte Lesezeit\" \/>\n\t<meta name=\"twitter:data1\" content=\"8\u00a0Minuten\" \/>\n<script type=\"application\/ld+json\" class=\"yoast-schema-graph\">{\"@context\":\"https:\/\/schema.org\",\"@graph\":[{\"@type\":\"WebPage\",\"@id\":\"https:\/\/www.bagmatic.com\/de\/beutel-folien\/verpackungsfolie\/\",\"url\":\"https:\/\/www.bagmatic.com\/de\/beutel-folien\/verpackungsfolie\/\",\"name\":\"Verpackungsfolie kaufen beim Verpackungsfolien Hersteller Bagmatic\",\"isPartOf\":{\"@id\":\"https:\/\/www.bagmatic.com\/de\/#website\"},\"datePublished\":\"2019-07-30T11:30:17+00:00\",\"dateModified\":\"2021-08-16T07:39:04+00:00\",\"description\":\"Verpackungsfolie kaufen - Sie suchen Verpackungsfolien Hersteller oder suchen bestimmte Formate wie durchsichtig, Luftpolster oder in Farbe? Jetzt anfragen!\",\"breadcrumb\":{\"@id\":\"https:\/\/www.bagmatic.com\/de\/beutel-folien\/verpackungsfolie\/#breadcrumb\"},\"inLanguage\":\"de\",\"potentialAction\":[{\"@type\":\"ReadAction\",\"target\":[\"https:\/\/www.bagmatic.com\/de\/beutel-folien\/verpackungsfolie\/\"]}]},{\"@type\":\"BreadcrumbList\",\"@id\":\"https:\/\/www.bagmatic.com\/de\/beutel-folien\/verpackungsfolie\/#breadcrumb\",\"itemListElement\":[{\"@type\":\"ListItem\",\"position\":1,\"name\":\"Start\",\"item\":\"https:\/\/www.bagmatic.com\/de\/\"},{\"@type\":\"ListItem\",\"position\":2,\"name\":\"Beutel &#038; Folien (Folienbeutel \/ Folienverpackung)\",\"item\":\"https:\/\/www.bagmatic.com\/de\/beutel-folien\/\"},{\"@type\":\"ListItem\",\"position\":3,\"name\":\"Verpackungsfolie\"}]},{\"@type\":\"WebSite\",\"@id\":\"https:\/\/www.bagmatic.com\/de\/#website\",\"url\":\"https:\/\/www.bagmatic.com\/de\/\",\"name\":\"BagMatic\",\"description\":\"\",\"publisher\":{\"@id\":\"https:\/\/www.bagmatic.com\/de\/#organization\"},\"potentialAction\":[{\"@type\":\"SearchAction\",\"target\":{\"@type\":\"EntryPoint\",\"urlTemplate\":\"https:\/\/www.bagmatic.com\/de\/?s={search_term_string}\"},\"query-input\":\"required name=search_term_string\"}],\"inLanguage\":\"de\"},{\"@type\":\"Organization\",\"@id\":\"https:\/\/www.bagmatic.com\/de\/#organization\",\"name\":\"BAGMATIC\u00ae GmbH\",\"url\":\"https:\/\/www.bagmatic.com\/de\/\",\"logo\":{\"@type\":\"ImageObject\",\"inLanguage\":\"de\",\"@id\":\"https:\/\/www.bagmatic.com\/de\/#\/schema\/logo\/image\/\",\"url\":\"https:\/\/www.bagmatic.com\/wp-content\/uploads\/bagmatic-logo.png\",\"contentUrl\":\"https:\/\/www.bagmatic.com\/wp-content\/uploads\/bagmatic-logo.png\",\"width\":500,\"height\":114,\"caption\":\"BAGMATIC\u00ae GmbH\"},\"image\":{\"@id\":\"https:\/\/www.bagmatic.com\/de\/#\/schema\/logo\/image\/\"}}]}<\/script>\n<!-- \/ Yoast SEO plugin. -->","yoast_head_json":{"title":"Verpackungsfolie kaufen beim Verpackungsfolien Hersteller Bagmatic","description":"Verpackungsfolie kaufen - Sie suchen Verpackungsfolien Hersteller oder suchen bestimmte Formate wie durchsichtig, Luftpolster oder in Farbe? Jetzt anfragen!","robots":{"index":"index","follow":"follow","max-snippet":"max-snippet:-1","max-image-preview":"max-image-preview:large","max-video-preview":"max-video-preview:-1"},"canonical":"https:\/\/www.bagmatic.com\/de\/beutel-folien\/verpackungsfolie\/","og_locale":"de_DE","og_type":"article","og_title":"Verpackungsfolie kaufen beim Verpackungsfolien Hersteller Bagmatic","og_description":"Verpackungsfolie kaufen - Sie suchen Verpackungsfolien Hersteller oder suchen bestimmte Formate wie durchsichtig, Luftpolster oder in Farbe? Jetzt anfragen!","og_url":"https:\/\/www.bagmatic.com\/de\/beutel-folien\/verpackungsfolie\/","og_site_name":"BagMatic","article_modified_time":"2021-08-16T07:39:04+00:00","twitter_card":"summary_large_image","twitter_misc":{"Gesch\u00e4tzte Lesezeit":"8\u00a0Minuten"},"schema":{"@context":"https:\/\/schema.org","@graph":[{"@type":"WebPage","@id":"https:\/\/www.bagmatic.com\/de\/beutel-folien\/verpackungsfolie\/","url":"https:\/\/www.bagmatic.com\/de\/beutel-folien\/verpackungsfolie\/","name":"Verpackungsfolie kaufen beim Verpackungsfolien Hersteller Bagmatic","isPartOf":{"@id":"https:\/\/www.bagmatic.com\/de\/#website"},"datePublished":"2019-07-30T11:30:17+00:00","dateModified":"2021-08-16T07:39:04+00:00","description":"Verpackungsfolie kaufen - Sie suchen Verpackungsfolien Hersteller oder suchen bestimmte Formate wie durchsichtig, Luftpolster oder in Farbe? Jetzt anfragen!","breadcrumb":{"@id":"https:\/\/www.bagmatic.com\/de\/beutel-folien\/verpackungsfolie\/#breadcrumb"},"inLanguage":"de","potentialAction":[{"@type":"ReadAction","target":["https:\/\/www.bagmatic.com\/de\/beutel-folien\/verpackungsfolie\/"]}]},{"@type":"BreadcrumbList","@id":"https:\/\/www.bagmatic.com\/de\/beutel-folien\/verpackungsfolie\/#breadcrumb","itemListElement":[{"@type":"ListItem","position":1,"name":"Start","item":"https:\/\/www.bagmatic.com\/de\/"},{"@type":"ListItem","position":2,"name":"Beutel &#038; Folien (Folienbeutel \/ Folienverpackung)","item":"https:\/\/www.bagmatic.com\/de\/beutel-folien\/"},{"@type":"ListItem","position":3,"name":"Verpackungsfolie"}]},{"@type":"WebSite","@id":"https:\/\/www.bagmatic.com\/de\/#website","url":"https:\/\/www.bagmatic.com\/de\/","name":"BagMatic","description":"","publisher":{"@id":"https:\/\/www.bagmatic.com\/de\/#organization"},"potentialAction":[{"@type":"SearchAction","target":{"@type":"EntryPoint","urlTemplate":"https:\/\/www.bagmatic.com\/de\/?s={search_term_string}"},"query-input":"required name=search_term_string"}],"inLanguage":"de"},{"@type":"Organization","@id":"https:\/\/www.bagmatic.com\/de\/#organization","name":"BAGMATIC\u00ae GmbH","url":"https:\/\/www.bagmatic.com\/de\/","logo":{"@type":"ImageObject","inLanguage":"de","@id":"https:\/\/www.bagmatic.com\/de\/#\/schema\/logo\/image\/","url":"https:\/\/www.bagmatic.com\/wp-content\/uploads\/bagmatic-logo.png","contentUrl":"https:\/\/www.bagmatic.com\/wp-content\/uploads\/bagmatic-logo.png","width":500,"height":114,"caption":"BAGMATIC\u00ae GmbH"},"image":{"@id":"https:\/\/www.bagmatic.com\/de\/#\/schema\/logo\/image\/"}}]}},"_links":{"self":[{"href":"https:\/\/www.bagmatic.com\/de\/wp-json\/wp\/v2\/pages\/63"}],"collection":[{"href":"https:\/\/www.bagmatic.com\/de\/wp-json\/wp\/v2\/pages"}],"about":[{"href":"https:\/\/www.bagmatic.com\/de\/wp-json\/wp\/v2\/types\/page"}],"author":[{"embeddable":true,"href":"https:\/\/www.bagmatic.com\/de\/wp-json\/wp\/v2\/users\/2"}],"replies":[{"embeddable":true,"href":"https:\/\/www.bagmatic.com\/de\/wp-json\/wp\/v2\/comments?post=63"}],"version-history":[{"count":13,"href":"https:\/\/www.bagmatic.com\/de\/wp-json\/wp\/v2\/pages\/63\/revisions"}],"predecessor-version":[{"id":1937,"href":"https:\/\/www.bagmatic.com\/de\/wp-json\/wp\/v2\/pages\/63\/revisions\/1937"}],"up":[{"embeddable":true,"href":"https:\/\/www.bagmatic.com\/de\/wp-json\/wp\/v2\/pages\/26"}],"wp:attachment":[{"href":"https:\/\/www.bagmatic.com\/de\/wp-json\/wp\/v2\/media?parent=63"}],"curies":[{"name":"wp","href":"https:\/\/api.w.org\/{rel}","templated":true}]}}