{"id":66,"date":"2019-07-30T13:33:09","date_gmt":"2019-07-30T11:33:09","guid":{"rendered":"https:\/\/2019.bagmatic.com\/?page_id=66"},"modified":"2021-08-03T10:59:57","modified_gmt":"2021-08-03T08:59:57","slug":"umweltvertraegliche-folien","status":"publish","type":"page","link":"https:\/\/www.bagmatic.com\/de\/beutel-folien\/umweltvertraegliche-folien\/","title":{"rendered":"Umweltvertr\u00e4gliche Folien | Biologisch abbaubare Folie"},"content":{"rendered":"<section class=\"wpb-content-wrapper\"><p>[vc_row][vc_column width=&#8220;1\/2&#8243;][vc_single_image image=&#8220;100&#8243; img_size=&#8220;large&#8220; alignment=&#8220;center&#8220; parallax_scroll=&#8220;no&#8220;][\/vc_column][vc_column width=&#8220;1\/2&#8243;][vc_column_text text_larger=&#8220;no&#8220;]<strong>Wir bieten 100% biologisch abbaubare Folie f\u00fcr unsere Beutel an!<\/strong><\/p>\n<p>Verf\u00fcgbar in:<\/p>\n<p>Black Op Biodegradable LLDPE<br \/>\nClear Bio-degradable LLDPE<br \/>\nGreen Tint BioDegradable LLDPE<br \/>\nWhite Op Biodegradable LLDPE<\/p>\n<p><a href=\"https:\/\/www.bagmatic.com\/wp-content\/uploads\/bio-film-data-sheet.pdf\">PDF Link Biofolie<\/a>[\/vc_column_text][vc_column_text text_larger=&#8220;no&#8220;]<strong>Folient\u00fctchen aus PLA sind nachhaltig<\/strong><\/p>\n<p>F\u00fcr den Biokunststoff Polymilchs\u00e4ure werden ausschlie\u00dflich regenerative Ressourcen verwendet. PLA wird mit einem geringeren Energieverbrauch hergestellt als konventionelle Polymere und ist gem\u00e4\u00df DIN13432 vollst\u00e4ndig biologisch abbaubar.[\/vc_column_text][\/vc_column][\/vc_row][vc_row][vc_column][vc_column_text text_larger=&#8220;no&#8220;]<\/p>\n<h2>Biologisch abbaubare Folie \u2013 Der Schritt in Richtung Nachhaltigkeit mit Bagmatic<\/h2>\n<p>Mit den alternativen Folienverpackungen und Folienbeutel bieten wir Ihrem Unternehmen die Chance im und f\u00fcr den Umweltschutz t\u00e4tig zu werden. Nachweislich und mit Tests belegt ist die Folie biologisch abbaubar und dass bei der gleichen Rei\u00dffestigkeit und Qualit\u00e4t wie unsere anderen Verpackungsprodukte. Die Bio Folie LLDPE und Folient\u00fctchen aus PLA sind zwei unterschiedliche Varianten unserer umweltvertr\u00e4glichen Produkte, die es in verschiedenen Ausf\u00fchrungen zu erwerben gibt. Geeignet f\u00fcr eine Vielzahl an Anwendungsgebieten von Nahrungsmitteln bis medizinische Komponenten steht die biologisch abbaubare Folie anderen Verpackungsfolien in nichts nach. Die abbaubare Folie LLDPE und der Biokunststoff PLA besitzen zwei grundlegend unterschiedliche Ans\u00e4tze f\u00fcr die biologisch abbaubare Verpackungsfolie, machen es Firmen jedoch einfach umweltbewusst sowie schadstoffarm zu handeln. Nutzen Sie also die M\u00f6glichkeit Ihre Ware innovativ und zukunftsweisend einzufassen, ohne auf unser Qualit\u00e4tsversprechen verzichten zu m\u00fcssen. Setzen Sie sich mit uns in Verbindung und wir beraten Sie gern zum Thema biologisch abbaubare Folie<\/p>\n<h3>Die abbaubare Folie aus LLDPE, die Option f\u00fcr umweltbewusste Unternehmen<\/h3>\n<p>Vielseitig und doch umweltschonend ist die biologisch abbaubare Stretchfolie aus dem Linear Low Density Polyethylen (LLDPE). Der Zusatzstoff D<sub>2<\/sub>W im aus Erd\u00f6l hergestellten Kunststoff macht ihn zu 100% abbaubar, ohne toxische R\u00fcckst\u00e4nde von Methan oder anderen Bestandteilen des Polyethylens zu hinterlassen. Die biologisch abbaubare Folie weist weiterhin die charakteristischen Eigenschaften der hohen Widerstandskraft, Rei\u00dffestigkeit sowie der geringen Dichte und Dehnbarkeit auf, die es zur idealen Schutzverpackung oder Schrumpfschlauch f\u00fcr Ihre Produkte macht. Dank der modernen D<sub>2<\/sub>W Technologie ist es m\u00f6glich die Makromolek\u00fcle der LLDPE Plastikverpackung nach Gebrauch mit Hilfe von UV-Licht und unter sauerstoffreicher Atmosph\u00e4re molekular zu ver\u00e4ndern, sodass Bakterien und Pilze diese verstoffwechseln k\u00f6nnen. So kann das LLDPE die wertvollen Merkmale beibehalten und als biologisch abbaubare Folie in der freien Natur r\u00fcckstandslos verwertet werden. Nutzen Sie die Alternative f\u00fcr die Verpackungsindustrie und w\u00e4hlen die umweltfreundliche L\u00f6sung f\u00fcr Ihre Beutel.<\/p>\n<h2>Die Facetten der biologisch abbaubare Folie LLDPE von Bagmatic<\/h2>\n<p>Die Anwendungsm\u00f6glichkeiten sind mit unseren Verpackungsfolien \u201eBiodegradable LLDPE\u201c ann\u00e4hernd unbegrenzt. Als einfache Beutel f\u00fcr Eisenwaren, technischen Bauteilen sowie Kleinteilen f\u00fcr die Produktionsindustrie, f\u00fcr medizinische und zahntechnische Produkte oder als Bio Folie f\u00fcr Lebensmittel. Die Folie biologisch abbaubar wird bei uns in unterschiedlichen Farben angeboten und kann zudem mit einem Label oder Druck versehen werden. W\u00e4hlen Sie die biologisch abbaubare Verpackungsfolie, die zu Ihren Waren passen. In unserem Sortiment erhalten Sie durchsichtige, sowie opake in Schwarz oder Wei\u00df und gr\u00fcn gef\u00e4rbte biologisch abbaubare Folie. Von der technischen Errungenschaft der Folie mit der Bezeichnung AF 0900 k\u00f6nnen auch Sie und Ihr Unternehmen profitieren. Mit dem Kauf der biologisch abbaubare Stretchfolie bringen Sie Ihre Produkte in Form und k\u00f6nnen Ihren \u00f6kologischen Fu\u00dfabdruck verringern. Nutzen Sie auch hier die M\u00f6glichkeit der Probeauftr\u00e4ge und \u00fcberzeugen sich selbst von der Qualit\u00e4t der biologisch abbaubare Folie aus LLDPE.<\/p>\n<h3>Die Bio Folie aus PLA &#8211; Ressourcenschonend und aus synthetischen Ursprung<\/h3>\n<p>Auf der Suche nach neuen und verbesserten Folienverpackungen, ist die PLA Folie biologisch abbaubar ein Gewinn f\u00fcr unser Angebotsspektrum. Die Polyalactide, auch Polymilchs\u00e4uren genannt, bestehen grundlegend aus der Milchs\u00e4ure. Daf\u00fcr wird Zucker \u00fcber einen mehrstufigen Fermentationsprozess zu Milchs\u00e4ure synthetisiert, welche dann \u00fcber die Polymerase zu dem Biokunststoff PLA aufbereitet wird. Die biologisch abbaubare Folie aus PLA besitzt wie vergleichbare Verpackungsprodukte eine hohe Festigkeit und ist ebenfalls thermoplastisch verformbar. Die Best\u00e4ndigkeit angesichts Alkohol, Fetten sowie \u00d6len ist sehr hoch, sodass sich die abbaubare Folie hervorragend f\u00fcr den Einsatz im Food-, Pharma-Bereich und der industriellen Umgebung eignet. Die erstklassige Transparenz wie auch Widerstandsf\u00e4higkeit gegen\u00fcber Kratzern zeichnet die PLA biologisch abbaubare Folie aus. Die Kompostierbarkeit ist nach EN 13432 zertifiziert und stellt somit eine ausgezeichnete Alternative f\u00fcr die herk\u00f6mmliche Standardfolie dar. Die biologisch abbaubare Verpackungsfolie wird nicht nur ressourcen-, sondern auch energiesparend hergestellt und bietet f\u00fcr Sie die umweltfreundliche Option.<\/p>\n<h2>Die biologisch abbaubare Folie als Teil unseres Folienspektrums<\/h2>\n<p>Ob die \u201eBiodegradable LLDPE\u201c oder die PLA Folient\u00fctchen f\u00fcr Sie und Ihre Anforderung die richtige Wahl sind entscheiden letztendlich Sie. M\u00fcssen die Folien spezielle Kriterien entsprechen oder besondere Gesichtspunkte bei der Auswahl beachtet werden? Wir bieten Ihnen ein umfassendes Beratungsgespr\u00e4ch an, bei dem wir die Details kl\u00e4ren und gemeinsam die ideale Verpackungsform finden. Bei Bagmatic finden Sie neben biologisch abbaubare Folie alle g\u00e4ngigen Standards mit Farb- wie auch Funktionsvielfalt. Als erfahrener Verpackungsoptimierer, liefern wir Folien, Schlauchbeutel und konventionelle Verpackungsbeutel in allen Gr\u00f6\u00dfenordnungen f\u00fcr alle Branchen. Mit einem einzigartigen Design, Strichcode oder Logo versehen wird auch die biologisch abbaubare Folie zu einem naturfreundlichen Blickfang. Mit dem Angebot der automatischen sowie halbautomatischen Verpackungsmaschinen, die mit all unseren Folien kompatibel sind, und Zubeh\u00f6r runden wir unseren Service ab. Testen Sie unsere Auswahl innerhalb der biologisch abbaubare Folie und lassen sich von der gewohnten Qualit\u00e4t \u00fcberzeugen.[\/vc_column_text][\/vc_column][\/vc_row]<\/p>\n<\/section>","protected":false},"excerpt":{"rendered":"<p>[vc_row][vc_column width=&#8220;1\/2&#8243;][vc_single_image image=&#8220;100&#8243; img_size=&#8220;large&#8220; alignment=&#8220;center&#8220; parallax_scroll=&#8220;no&#8220;][\/vc_column][vc_column width=&#8220;1\/2&#8243;][vc_column_text text_larger=&#8220;no&#8220;]Wir bieten 100% biologisch abbaubare Folie f\u00fcr unsere Beutel an! Verf\u00fcgbar in: Black<\/p>\n","protected":false},"author":2,"featured_media":0,"parent":26,"menu_order":0,"comment_status":"closed","ping_status":"closed","template":"","meta":[],"yoast_head":"<!-- This site is optimized with the Yoast SEO plugin v20.1 - https:\/\/yoast.com\/wordpress\/plugins\/seo\/ -->\n<title>Umweltvertr\u00e4gliche Folien | biologisch abbaubare Folie kaufen<\/title>\n<meta name=\"description\" content=\"Umweltvertr\u00e4gliche Folien sind beliebt und schonen unsere Umwelt. Sie m\u00f6chten biologisch abbaubare Folie kaufen? Dann sind Sie bei BAGMATIC richtig.\" \/>\n<meta name=\"robots\" content=\"index, follow, max-snippet:-1, max-image-preview:large, max-video-preview:-1\" \/>\n<link rel=\"canonical\" href=\"https:\/\/www.bagmatic.com\/de\/beutel-folien\/umweltvertraegliche-folien\/\" \/>\n<meta property=\"og:locale\" content=\"de_DE\" \/>\n<meta property=\"og:type\" content=\"article\" \/>\n<meta property=\"og:title\" content=\"Umweltvertr\u00e4gliche Folien | biologisch abbaubare Folie kaufen\" \/>\n<meta property=\"og:description\" content=\"Umweltvertr\u00e4gliche Folien sind beliebt und schonen unsere Umwelt. Sie m\u00f6chten biologisch abbaubare Folie kaufen? Dann sind Sie bei BAGMATIC richtig.\" \/>\n<meta property=\"og:url\" content=\"https:\/\/www.bagmatic.com\/de\/beutel-folien\/umweltvertraegliche-folien\/\" \/>\n<meta property=\"og:site_name\" content=\"BagMatic\" \/>\n<meta property=\"article:modified_time\" content=\"2021-08-03T08:59:57+00:00\" \/>\n<meta name=\"twitter:card\" content=\"summary_large_image\" \/>\n<meta name=\"twitter:label1\" content=\"Gesch\u00e4tzte Lesezeit\" \/>\n\t<meta name=\"twitter:data1\" content=\"5\u00a0Minuten\" \/>\n<script type=\"application\/ld+json\" class=\"yoast-schema-graph\">{\"@context\":\"https:\/\/schema.org\",\"@graph\":[{\"@type\":\"WebPage\",\"@id\":\"https:\/\/www.bagmatic.com\/de\/beutel-folien\/umweltvertraegliche-folien\/\",\"url\":\"https:\/\/www.bagmatic.com\/de\/beutel-folien\/umweltvertraegliche-folien\/\",\"name\":\"Umweltvertr\u00e4gliche Folien | biologisch abbaubare Folie kaufen\",\"isPartOf\":{\"@id\":\"https:\/\/www.bagmatic.com\/de\/#website\"},\"datePublished\":\"2019-07-30T11:33:09+00:00\",\"dateModified\":\"2021-08-03T08:59:57+00:00\",\"description\":\"Umweltvertr\u00e4gliche Folien sind beliebt und schonen unsere Umwelt. Sie m\u00f6chten biologisch abbaubare Folie kaufen? Dann sind Sie bei BAGMATIC richtig.\",\"breadcrumb\":{\"@id\":\"https:\/\/www.bagmatic.com\/de\/beutel-folien\/umweltvertraegliche-folien\/#breadcrumb\"},\"inLanguage\":\"de\",\"potentialAction\":[{\"@type\":\"ReadAction\",\"target\":[\"https:\/\/www.bagmatic.com\/de\/beutel-folien\/umweltvertraegliche-folien\/\"]}]},{\"@type\":\"BreadcrumbList\",\"@id\":\"https:\/\/www.bagmatic.com\/de\/beutel-folien\/umweltvertraegliche-folien\/#breadcrumb\",\"itemListElement\":[{\"@type\":\"ListItem\",\"position\":1,\"name\":\"Start\",\"item\":\"https:\/\/www.bagmatic.com\/de\/\"},{\"@type\":\"ListItem\",\"position\":2,\"name\":\"Beutel &#038; Folien (Folienbeutel \/ Folienverpackung)\",\"item\":\"https:\/\/www.bagmatic.com\/de\/beutel-folien\/\"},{\"@type\":\"ListItem\",\"position\":3,\"name\":\"Umweltvertr\u00e4gliche Folien | Biologisch abbaubare Folie\"}]},{\"@type\":\"WebSite\",\"@id\":\"https:\/\/www.bagmatic.com\/de\/#website\",\"url\":\"https:\/\/www.bagmatic.com\/de\/\",\"name\":\"BagMatic\",\"description\":\"\",\"publisher\":{\"@id\":\"https:\/\/www.bagmatic.com\/de\/#organization\"},\"potentialAction\":[{\"@type\":\"SearchAction\",\"target\":{\"@type\":\"EntryPoint\",\"urlTemplate\":\"https:\/\/www.bagmatic.com\/de\/?s={search_term_string}\"},\"query-input\":\"required name=search_term_string\"}],\"inLanguage\":\"de\"},{\"@type\":\"Organization\",\"@id\":\"https:\/\/www.bagmatic.com\/de\/#organization\",\"name\":\"BAGMATIC\u00ae GmbH\",\"url\":\"https:\/\/www.bagmatic.com\/de\/\",\"logo\":{\"@type\":\"ImageObject\",\"inLanguage\":\"de\",\"@id\":\"https:\/\/www.bagmatic.com\/de\/#\/schema\/logo\/image\/\",\"url\":\"https:\/\/www.bagmatic.com\/wp-content\/uploads\/bagmatic-logo.png\",\"contentUrl\":\"https:\/\/www.bagmatic.com\/wp-content\/uploads\/bagmatic-logo.png\",\"width\":500,\"height\":114,\"caption\":\"BAGMATIC\u00ae GmbH\"},\"image\":{\"@id\":\"https:\/\/www.bagmatic.com\/de\/#\/schema\/logo\/image\/\"}}]}<\/script>\n<!-- \/ Yoast SEO plugin. -->","yoast_head_json":{"title":"Umweltvertr\u00e4gliche Folien | biologisch abbaubare Folie kaufen","description":"Umweltvertr\u00e4gliche Folien sind beliebt und schonen unsere Umwelt. Sie m\u00f6chten biologisch abbaubare Folie kaufen? Dann sind Sie bei BAGMATIC richtig.","robots":{"index":"index","follow":"follow","max-snippet":"max-snippet:-1","max-image-preview":"max-image-preview:large","max-video-preview":"max-video-preview:-1"},"canonical":"https:\/\/www.bagmatic.com\/de\/beutel-folien\/umweltvertraegliche-folien\/","og_locale":"de_DE","og_type":"article","og_title":"Umweltvertr\u00e4gliche Folien | biologisch abbaubare Folie kaufen","og_description":"Umweltvertr\u00e4gliche Folien sind beliebt und schonen unsere Umwelt. Sie m\u00f6chten biologisch abbaubare Folie kaufen? Dann sind Sie bei BAGMATIC richtig.","og_url":"https:\/\/www.bagmatic.com\/de\/beutel-folien\/umweltvertraegliche-folien\/","og_site_name":"BagMatic","article_modified_time":"2021-08-03T08:59:57+00:00","twitter_card":"summary_large_image","twitter_misc":{"Gesch\u00e4tzte Lesezeit":"5\u00a0Minuten"},"schema":{"@context":"https:\/\/schema.org","@graph":[{"@type":"WebPage","@id":"https:\/\/www.bagmatic.com\/de\/beutel-folien\/umweltvertraegliche-folien\/","url":"https:\/\/www.bagmatic.com\/de\/beutel-folien\/umweltvertraegliche-folien\/","name":"Umweltvertr\u00e4gliche Folien | biologisch abbaubare Folie kaufen","isPartOf":{"@id":"https:\/\/www.bagmatic.com\/de\/#website"},"datePublished":"2019-07-30T11:33:09+00:00","dateModified":"2021-08-03T08:59:57+00:00","description":"Umweltvertr\u00e4gliche Folien sind beliebt und schonen unsere Umwelt. Sie m\u00f6chten biologisch abbaubare Folie kaufen? Dann sind Sie bei BAGMATIC richtig.","breadcrumb":{"@id":"https:\/\/www.bagmatic.com\/de\/beutel-folien\/umweltvertraegliche-folien\/#breadcrumb"},"inLanguage":"de","potentialAction":[{"@type":"ReadAction","target":["https:\/\/www.bagmatic.com\/de\/beutel-folien\/umweltvertraegliche-folien\/"]}]},{"@type":"BreadcrumbList","@id":"https:\/\/www.bagmatic.com\/de\/beutel-folien\/umweltvertraegliche-folien\/#breadcrumb","itemListElement":[{"@type":"ListItem","position":1,"name":"Start","item":"https:\/\/www.bagmatic.com\/de\/"},{"@type":"ListItem","position":2,"name":"Beutel &#038; Folien (Folienbeutel \/ Folienverpackung)","item":"https:\/\/www.bagmatic.com\/de\/beutel-folien\/"},{"@type":"ListItem","position":3,"name":"Umweltvertr\u00e4gliche Folien | Biologisch abbaubare Folie"}]},{"@type":"WebSite","@id":"https:\/\/www.bagmatic.com\/de\/#website","url":"https:\/\/www.bagmatic.com\/de\/","name":"BagMatic","description":"","publisher":{"@id":"https:\/\/www.bagmatic.com\/de\/#organization"},"potentialAction":[{"@type":"SearchAction","target":{"@type":"EntryPoint","urlTemplate":"https:\/\/www.bagmatic.com\/de\/?s={search_term_string}"},"query-input":"required name=search_term_string"}],"inLanguage":"de"},{"@type":"Organization","@id":"https:\/\/www.bagmatic.com\/de\/#organization","name":"BAGMATIC\u00ae GmbH","url":"https:\/\/www.bagmatic.com\/de\/","logo":{"@type":"ImageObject","inLanguage":"de","@id":"https:\/\/www.bagmatic.com\/de\/#\/schema\/logo\/image\/","url":"https:\/\/www.bagmatic.com\/wp-content\/uploads\/bagmatic-logo.png","contentUrl":"https:\/\/www.bagmatic.com\/wp-content\/uploads\/bagmatic-logo.png","width":500,"height":114,"caption":"BAGMATIC\u00ae GmbH"},"image":{"@id":"https:\/\/www.bagmatic.com\/de\/#\/schema\/logo\/image\/"}}]}},"_links":{"self":[{"href":"https:\/\/www.bagmatic.com\/de\/wp-json\/wp\/v2\/pages\/66"}],"collection":[{"href":"https:\/\/www.bagmatic.com\/de\/wp-json\/wp\/v2\/pages"}],"about":[{"href":"https:\/\/www.bagmatic.com\/de\/wp-json\/wp\/v2\/types\/page"}],"author":[{"embeddable":true,"href":"https:\/\/www.bagmatic.com\/de\/wp-json\/wp\/v2\/users\/2"}],"replies":[{"embeddable":true,"href":"https:\/\/www.bagmatic.com\/de\/wp-json\/wp\/v2\/comments?post=66"}],"version-history":[{"count":9,"href":"https:\/\/www.bagmatic.com\/de\/wp-json\/wp\/v2\/pages\/66\/revisions"}],"predecessor-version":[{"id":1933,"href":"https:\/\/www.bagmatic.com\/de\/wp-json\/wp\/v2\/pages\/66\/revisions\/1933"}],"up":[{"embeddable":true,"href":"https:\/\/www.bagmatic.com\/de\/wp-json\/wp\/v2\/pages\/26"}],"wp:attachment":[{"href":"https:\/\/www.bagmatic.com\/de\/wp-json\/wp\/v2\/media?parent=66"}],"curies":[{"name":"wp","href":"https:\/\/api.w.org\/{rel}","templated":true}]}}