{"id":691,"date":"2019-11-21T18:10:00","date_gmt":"2019-11-21T17:10:00","guid":{"rendered":"https:\/\/www.bagmatic.com\/?page_id=691"},"modified":"2020-07-15T15:07:11","modified_gmt":"2020-07-15T13:07:11","slug":"beutelverpackungsmaschinen","status":"publish","type":"page","link":"https:\/\/www.bagmatic.com\/de\/beutelverpackungsmaschinen\/","title":{"rendered":"Beutelverpackungsmaschinen | Beutelmaschine Automation"},"content":{"rendered":"<section class=\"wpb-content-wrapper\"><p>[vc_row gap=&#8220;35&#8243; mobile_bg_img_hidden=&#8220;no&#8220; tablet_bg_img_hidden=&#8220;no&#8220; woodmart_parallax=&#8220;0&#8243; woodmart_gradient_switch=&#8220;no&#8220; row_reverse_mobile=&#8220;0&#8243; row_reverse_tablet=&#8220;0&#8243; woodmart_disable_overflow=&#8220;0&#8243;][vc_column width=&#8220;1\/2&#8243;][vc_single_image image=&#8220;135&#8243; img_size=&#8220;large&#8220; parallax_scroll=&#8220;no&#8220;][\/vc_column][vc_column width=&#8220;1\/2&#8243;][vc_column_text text_larger=&#8220;no&#8220;]Bekannterma\u00dfen gibt es heutzutage tats\u00e4chlich, weder weltweit, noch in Deutschland, kaum noch einen Wirtschaftszweig, welcher nicht auf Verpackungen angewiesen ist und von diesen t\u00e4glich Gebrauch macht. Eine gute Verpackung dient nicht nur dem Schutz Ihrer G\u00fcter, sie kann au\u00dferdem den Transport dieser vereinfachen und dar\u00fcber hinaus verkaufsf\u00f6rdernde Zwecke erf\u00fcllen. Eine <strong>Schlauchbeutelmaschine<\/strong>, bzw. <strong>Beutelverpackungsmaschinen <\/strong>lassen sich mittlerweile nicht mehr aus den produktiven und effizienten Verpackungsprozessen weg denken.<\/p>\n<p>Wir, von Bagmatic, haben es uns zu unserer Aufgabe gemacht, Unternehmen mit innovativen und effektiven Verpackungsl<span lang=\"sv-SE\">\u00f6<\/span>sungen von der halbautomatischen Verpackungsmaschine, bis zu v\u00f6llig automatisierten, <a href=\"https:\/\/www.bagmatic.com\/de\/verpackungsmaschinen\/verpackungssysteme-verpackungssystemtechnik\/\">mehrteiligen Verpackungssystemen<\/a> zu unterst\u00fctzen.<\/p>\n<p>Bagmatic bietet <strong>Beutelverpackungsmaschinen<\/strong> mit automatischer Beutelverpackung, individuelles Beuteldesign, automatische Verpackung von Sets oder Einzelteilen in Beutel mit Ihrem Logo und Strichcode.[\/vc_column_text][\/vc_column][\/vc_row][vc_row css=&#8220;.vc_custom_1571211998246{padding-top: 20px !important;}&#8220; mobile_bg_img_hidden=&#8220;no&#8220; tablet_bg_img_hidden=&#8220;no&#8220; woodmart_parallax=&#8220;0&#8243; woodmart_gradient_switch=&#8220;no&#8220; row_reverse_mobile=&#8220;0&#8243; row_reverse_tablet=&#8220;0&#8243; woodmart_disable_overflow=&#8220;0&#8243;][vc_column]\t\t\t\t<div class=\"wd-categories-wrap wd-wpb\">\n\t\t\t\t\t<div class=\"products woocommerce row categories-style-default wd-spacing-30 columns-4\">\n\t\t\t\t\t\n<div class=\" col-lg-3 col-md-3 col-6 first  category-grid-item cat-design-default categories-with-shadow without-product-count product-category product first\" data-loop=\"1\">\n\t<div class=\"wrapp-category\">\n\t\t<div class=\"category-image-wrapp\">\n\t\t\t<a href=\"https:\/\/www.bagmatic.com\/de\/produkt-kategorie\/verpackungsmaschinen\/industriemaschinen\/\" class=\"category-image\">\n\t\t\t\t\n\t\t\t\t<img width=\"400\" height=\"400\" src=\"data:image\/jpg;base64,\/9j\/4AAQSkZJRgABAQAAAQABAAD\/2wBDAAYEBAUEBAYFBQUGBgYHCQ4JCQgICRINDQoOFRIWFhUSFBQXGiEcFxgfGRQUHScdHyIjJSUlFhwpLCgkKyEkJST\/2wBDAQYGBgkICREJCREkGBQYJCQkJCQkJCQkJCQkJCQkJCQkJCQkJCQkJCQkJCQkJCQkJCQkJCQkJCQkJCQkJCQkJCT\/wAARCAAKAAoDAREAAhEBAxEB\/8QAFwAAAwEAAAAAAAAAAAAAAAAAAwUGB\/\/EACUQAAIBAwMCBwAAAAAAAAAAAAECAwQFEQAGIRIxEyIkQVFT0f\/EABcBAAMBAAAAAAAAAAAAAAAAAAIEBQP\/xAAeEQACAgIDAQEAAAAAAAAAAAABAgADERIEITFRQf\/aAAwDAQACEQMRAD8A2G7VG7ZrvBbK16cwvL1o8aYXyjPBHPz3Gq1a0BC6eyRY15cI\/mZVxbloViQSXFC4UBj4RGT78aRPHfPQjw5CY7MBeKWCFbeY4YkLTHJVQM8HR1MTtkwLVA1wP2OEt1F0j0dP2+sfmsN2+xjRfk\/\/2Q==\" class=\"attachment-woocommerce_thumbnail size-woocommerce_thumbnail wd-lazy-load woodmart-lazy-load wd-lazy-fade\" alt=\"Verpackungsmaschine T1000m Industriemaschine Bagmatic\" decoding=\"async\" loading=\"lazy\" srcset=\"\" sizes=\"(max-width: 400px) 100vw, 400px\" data-wood-src=\"https:\/\/www.bagmatic.com\/wp-content\/uploads\/verpackungsmaschine-t1000m-industriemaschine-bagmatic-400x400.jpg\" data-srcset=\"https:\/\/www.bagmatic.com\/wp-content\/uploads\/verpackungsmaschine-t1000m-industriemaschine-bagmatic-400x400.jpg 400w, https:\/\/www.bagmatic.com\/wp-content\/uploads\/verpackungsmaschine-t1000m-industriemaschine-bagmatic-800x800.jpg 800w, https:\/\/www.bagmatic.com\/wp-content\/uploads\/verpackungsmaschine-t1000m-industriemaschine-bagmatic-100x100.jpg 100w\" \/>\t\t\t<\/a>\n\t\t<\/div>\n\t\t<div class=\"hover-mask\">\n\t\t\t<h3 class=\"wd-entities-title category-title\">\n\t\t\t\tIndustriemaschinen\t\t\t<\/h3>\n\n\t\t\t\n\t\t\t\t\t<\/div>\n\n\t\t\t\t<a href=\"https:\/\/www.bagmatic.com\/de\/produkt-kategorie\/verpackungsmaschinen\/industriemaschinen\/\" class=\"category-link wd-fill\" aria-label=\"Product category industriemaschinen\"><\/a>\n\t\t\t<\/div>\n<\/div>\n\n<div class=\" col-lg-3 col-md-3 col-6 category-grid-item cat-design-default categories-with-shadow without-product-count product-category product\" data-loop=\"2\">\n\t<div class=\"wrapp-category\">\n\t\t<div class=\"category-image-wrapp\">\n\t\t\t<a href=\"https:\/\/www.bagmatic.com\/de\/produkt-kategorie\/verpackungsmaschinen\/tischmaschinen\/\" class=\"category-image\">\n\t\t\t\t\n\t\t\t\t<img width=\"400\" height=\"400\" src=\"data:image\/jpg;base64,\/9j\/4AAQSkZJRgABAQAAAQABAAD\/2wBDAAYEBAUEBAYFBQUGBgYHCQ4JCQgICRINDQoOFRIWFhUSFBQXGiEcFxgfGRQUHScdHyIjJSUlFhwpLCgkKyEkJST\/2wBDAQYGBgkICREJCREkGBQYJCQkJCQkJCQkJCQkJCQkJCQkJCQkJCQkJCQkJCQkJCQkJCQkJCQkJCQkJCQkJCQkJCT\/wAARCAAKAAoDAREAAhEBAxEB\/8QAFwAAAwEAAAAAAAAAAAAAAAAABAUGB\/\/EACAQAAIBBAIDAQAAAAAAAAAAAAECAwAEBREGIRJRccL\/xAAXAQADAQAAAAAAAAAAAAAAAAADBAUC\/8QAIBEAAQMEAgMAAAAAAAAAAAAAAQACIQMREhMEFDGR4f\/aAAwDAQACEQMRAD8A1iTknJVzZWO+JtWbxCBFYgk9HWt6+VZbQo67kSoh5FfZBhU8T8yaJGabGAlQTuIj9UsepeAffxODtW8hEXdpbpl4isESns7CD1QmOOBlbe1uYhNwBodUBML\/2Q==\" class=\"attachment-woocommerce_thumbnail size-woocommerce_thumbnail wd-lazy-load woodmart-lazy-load wd-lazy-fade\" alt=\"Verpackungsmaschine Tischmaschine T300 Verschweisser Vollautomatic Bagmatic\" decoding=\"async\" loading=\"lazy\" srcset=\"\" sizes=\"(max-width: 400px) 100vw, 400px\" data-wood-src=\"https:\/\/www.bagmatic.com\/wp-content\/uploads\/verpackungsmaschine-tischmaschine-t300-verschweisser-vollautomatic-bagmatic-400x400.jpg\" data-srcset=\"https:\/\/www.bagmatic.com\/wp-content\/uploads\/verpackungsmaschine-tischmaschine-t300-verschweisser-vollautomatic-bagmatic-400x400.jpg 400w, https:\/\/www.bagmatic.com\/wp-content\/uploads\/verpackungsmaschine-tischmaschine-t300-verschweisser-vollautomatic-bagmatic-800x800.jpg 800w, https:\/\/www.bagmatic.com\/wp-content\/uploads\/verpackungsmaschine-tischmaschine-t300-verschweisser-vollautomatic-bagmatic-100x100.jpg 100w\" \/>\t\t\t<\/a>\n\t\t<\/div>\n\t\t<div class=\"hover-mask\">\n\t\t\t<h3 class=\"wd-entities-title category-title\">\n\t\t\t\tTischmaschinen\t\t\t<\/h3>\n\n\t\t\t\n\t\t\t\t\t<\/div>\n\n\t\t\t\t<a href=\"https:\/\/www.bagmatic.com\/de\/produkt-kategorie\/verpackungsmaschinen\/tischmaschinen\/\" class=\"category-link wd-fill\" aria-label=\"Product category tischmaschinen\"><\/a>\n\t\t\t<\/div>\n<\/div>\n\n<div class=\" col-lg-3 col-md-3 col-6 category-grid-item cat-design-default categories-with-shadow without-product-count product-category product\" data-loop=\"3\">\n\t<div class=\"wrapp-category\">\n\t\t<div class=\"category-image-wrapp\">\n\t\t\t<a href=\"https:\/\/www.bagmatic.com\/de\/produkt-kategorie\/eingabezubehoer\/\" class=\"category-image\">\n\t\t\t\t\n\t\t\t\t<img width=\"400\" height=\"400\" src=\"data:image\/jpg;base64,\/9j\/4AAQSkZJRgABAQAAAQABAAD\/2wBDAAYEBAUEBAYFBQUGBgYHCQ4JCQgICRINDQoOFRIWFhUSFBQXGiEcFxgfGRQUHScdHyIjJSUlFhwpLCgkKyEkJST\/2wBDAQYGBgkICREJCREkGBQYJCQkJCQkJCQkJCQkJCQkJCQkJCQkJCQkJCQkJCQkJCQkJCQkJCQkJCQkJCQkJCQkJCT\/wAARCAAKAAoDAREAAhEBAxEB\/8QAFgABAQEAAAAAAAAAAAAAAAAABwME\/8QAIRAAAgEDBAMBAAAAAAAAAAAAAQIDBBESAAUGIRMUQTH\/xAAWAQEBAQAAAAAAAAAAAAAAAAAFAgP\/xAAdEQABAwUBAAAAAAAAAAAAAAABAAIRAwQSITFh\/9oADAMBAAIRAxEAPwBO5LySqpuQVm3RbhLGsNUTIXkdVCFVONweh2e7WGnbeg11MPI6PEFcXJbULAeH1KsEUfgjwZmXEWbMm4t+3v3oRxM7TbQI0pLSU43Gaf14vLJEFd8Bk4B6BP0arI4gSpwbmTG1rAAAAFgPms1ov\/\/Z\" class=\"attachment-woocommerce_thumbnail size-woocommerce_thumbnail wd-lazy-load woodmart-lazy-load wd-lazy-fade\" alt=\"Ultrawaage Verpackungsmaschinen Eingabe Teilzaehler Us5000 Bagmatic\" decoding=\"async\" loading=\"lazy\" srcset=\"\" sizes=\"(max-width: 400px) 100vw, 400px\" data-wood-src=\"https:\/\/www.bagmatic.com\/wp-content\/uploads\/ultrawaage-verpackungsmaschinen-eingabe-teilzaehler-us5000-bagmatic-400x400.jpg\" data-srcset=\"https:\/\/www.bagmatic.com\/wp-content\/uploads\/ultrawaage-verpackungsmaschinen-eingabe-teilzaehler-us5000-bagmatic-400x400.jpg 400w, https:\/\/www.bagmatic.com\/wp-content\/uploads\/ultrawaage-verpackungsmaschinen-eingabe-teilzaehler-us5000-bagmatic-800x800.jpg 800w, https:\/\/www.bagmatic.com\/wp-content\/uploads\/ultrawaage-verpackungsmaschinen-eingabe-teilzaehler-us5000-bagmatic-100x100.jpg 100w\" \/>\t\t\t<\/a>\n\t\t<\/div>\n\t\t<div class=\"hover-mask\">\n\t\t\t<h3 class=\"wd-entities-title category-title\">\n\t\t\t\tEingabezubeh\u00f6r\t\t\t<\/h3>\n\n\t\t\t\n\t\t\t\t\t<\/div>\n\n\t\t\t\t<a href=\"https:\/\/www.bagmatic.com\/de\/produkt-kategorie\/eingabezubehoer\/\" class=\"category-link wd-fill\" aria-label=\"Product category eingabezubehoer\"><\/a>\n\t\t\t<\/div>\n<\/div>\n\n<div class=\" col-lg-3 col-md-3 col-6 last  category-grid-item cat-design-default categories-with-shadow without-product-count product-category product last\" data-loop=\"4\">\n\t<div class=\"wrapp-category\">\n\t\t<div class=\"category-image-wrapp\">\n\t\t\t<a href=\"https:\/\/www.bagmatic.com\/de\/produkt-kategorie\/verpackungsmaschinen\/drucker\/\" class=\"category-image\">\n\t\t\t\t\n\t\t\t\t<img width=\"400\" height=\"400\" src=\"data:image\/jpg;base64,\/9j\/4AAQSkZJRgABAQAAAQABAAD\/2wBDAAYEBAUEBAYFBQUGBgYHCQ4JCQgICRINDQoOFRIWFhUSFBQXGiEcFxgfGRQUHScdHyIjJSUlFhwpLCgkKyEkJST\/2wBDAQYGBgkICREJCREkGBQYJCQkJCQkJCQkJCQkJCQkJCQkJCQkJCQkJCQkJCQkJCQkJCQkJCQkJCQkJCQkJCQkJCT\/wAARCAAKAAoDAREAAhEBAxEB\/8QAFQABAQAAAAAAAAAAAAAAAAAABgf\/xAAnEAACAQIFAQkAAAAAAAAAAAABAgMABAUGESIxQQcSEyQyQ3HR8P\/EABUBAQEAAAAAAAAAAAAAAAAAAAUG\/8QAHxEAAgECBwAAAAAAAAAAAAAAAQIAAxEEBRIxM0HB\/9oADAMBAAIRAxEAPwCl9qcs9\/hjYfCz63Td4ltANpHP7pT+XAK2o9SfzQsyaB3AsFrBFBGjLOSqgHS4YDj4pIsSb+QtQALexjnLfm3C4m3Rkrqh4O89KPwvCxiWM51Ep8OF2HhJ5K29I9pfqhjUe+5jQppbYT\/\/2Q==\" class=\"attachment-woocommerce_thumbnail size-woocommerce_thumbnail wd-lazy-load woodmart-lazy-load wd-lazy-fade\" alt=\"Verpackungsmaschinen Ti1000 Drucker Verpackungsdrucker Bagmatic\" decoding=\"async\" loading=\"lazy\" srcset=\"\" sizes=\"(max-width: 400px) 100vw, 400px\" data-wood-src=\"https:\/\/www.bagmatic.com\/wp-content\/uploads\/verpackungsmaschinen-ti1000-drucker-verpackungsdrucker-bagmatic-400x400.jpg\" data-srcset=\"https:\/\/www.bagmatic.com\/wp-content\/uploads\/verpackungsmaschinen-ti1000-drucker-verpackungsdrucker-bagmatic-400x400.jpg 400w, https:\/\/www.bagmatic.com\/wp-content\/uploads\/verpackungsmaschinen-ti1000-drucker-verpackungsdrucker-bagmatic-800x800.jpg 800w, https:\/\/www.bagmatic.com\/wp-content\/uploads\/verpackungsmaschinen-ti1000-drucker-verpackungsdrucker-bagmatic-100x100.jpg 100w\" \/>\t\t\t<\/a>\n\t\t<\/div>\n\t\t<div class=\"hover-mask\">\n\t\t\t<h3 class=\"wd-entities-title category-title\">\n\t\t\t\tDrucker\t\t\t<\/h3>\n\n\t\t\t\n\t\t\t\t\t<\/div>\n\n\t\t\t\t<a href=\"https:\/\/www.bagmatic.com\/de\/produkt-kategorie\/verpackungsmaschinen\/drucker\/\" class=\"category-link wd-fill\" aria-label=\"Product category drucker\"><\/a>\n\t\t\t<\/div>\n<\/div>\n\t\t\t\t\t<\/div>\n\t\t\t\t<\/div>\n\t\t\t\t[\/vc_column][\/vc_row][vc_row gap=&#8220;35&#8243; mobile_bg_img_hidden=&#8220;no&#8220; tablet_bg_img_hidden=&#8220;no&#8220; woodmart_parallax=&#8220;0&#8243; woodmart_gradient_switch=&#8220;no&#8220; row_reverse_mobile=&#8220;0&#8243; row_reverse_tablet=&#8220;0&#8243; woodmart_disable_overflow=&#8220;0&#8243;][vc_column width=&#8220;1\/2&#8243;][vc_column_text text_larger=&#8220;no&#8220;]<\/p>\n<h2><strong>Modernste Beutelverpackungsmaschinen f\u00fcr Beutelverpackung aller Art<\/strong><\/h2>\n<p>Sowohl unsere <strong>Beutelverpackungsmaschinen<\/strong>, als auch unsere <a href=\"https:\/\/www.bagmatic.com\/de\/schlauchbeutelmaschine-vertikale-horizontale\/\" target=\"_blank\" rel=\"noopener noreferrer\"><strong>Schlauchbeutelverpackungsmaschinen<\/strong><\/a> k\u00f6nnen in Ihre bestehenden Anlagen integriert werden und automatisieren Ihre Verpackungsprozesse. Die halbautomatische <strong>Beutelmaschine<\/strong> steigert zudem Ihre Produktivit\u00e4t und liefert Ihnen einheitliche und exzellente Verpackungen. Dieses Verpackungssystem erweist sich als \u00e4u\u00dferst schnell und dazu noch sehr benutzerfreundlich. Der teilautomatisierte Produktionsablauf erfolgt einfach und unkompliziert.<\/p>\n<p>Die gew\u00fcnschten Beutel werden eingeh\u00e4ngt und mit den essenziellen Daten bedruckt. Auch \u00c4nderungen der Druckauftr\u00e4ge lassen sich aufgrund der innovativen Technologie problemlos \u00fcbernehmen und verursachen keine St\u00f6rungen im Verpackungsprozess.<\/p>\n<p>Durch ein <strong>\u201ePlug &amp; Pack\u201c -System<\/strong>, welches die Beutel aufbl\u00e4st, wird der eigentliche Bef\u00fcllungsvorgang erleichtert. Der Prozess der Bef\u00fcllung kann manuell von Mitarbeiterinnen und Mitarbeitern \u00fcbernommen werden oder kann auch automatisch erfolgen. Unser einzigartiges \u201e<span lang=\"en-US\">Vision System<\/span>\u201c zur Qualit\u00e4tskontrolle erm\u00f6glicht zudem noch das genaue Z\u00e4hlen von Produkten in der Verpackung.<\/p>\n<p>Die Verpackungsgr\u00f6\u00dfen der Beutel sind selbstverst\u00e4ndlich einstellbar und lassen sich nach Belieben variieren. Im \u00fcbrigen bieten wir Ihnen eine diverse Auswahl an Beuteln aus den verschiedensten Materialien und Farben an. Darunter verstehen sich Beutel aus der Kategorie der Klarfolien, gef\u00e4rbte Beutel, Billigfolie f\u00fcr allgemeine Industrieprodukte, Verpackungen aus der Kombination aus Tyvek und Polyester, welche in der Medizinbranche aufgrund ihrer sterilen Funktion Anwendung finden und zu guter Letzt unsere Beutel aus Biomaterial, welche umweltfreundlich sind und sich selbst aufl\u00f6sen.<\/p>\n<p>Unsere Beutel sind meist Flachbeutel, d.h. vorge<span lang=\"sv-SE\">\u00f6<\/span>ffnete Kettenbeutel auf Rollen. Die <strong>Beutelverpackungsmaschine<\/strong> kann sogar durch die gro\u00dfe Auswahl an Beuteln sowohl als <strong>Standbodenbeutel Maschine<\/strong>, als auch <strong>Papierbeutelmaschine <\/strong>fungieren. Bei gewissen Bestellmengen bieten wir Ihnen au\u00dferdem auch an, Ihre Kettenbeutel bei uns zu lagern.<\/p>\n<p>Wir bieten ein gro\u00dfes Sortiment an <a href=\"https:\/\/www.bagmatic.com\/de\/beutel-folien\/\">Beutel &amp; Folien<\/a> f\u00fcr Verpackungen.[\/vc_column_text][\/vc_column][vc_column width=&#8220;1\/2&#8243;][vc_column_text text_larger=&#8220;no&#8220;]<\/p>\n<h3><strong>Effiziente halb- und vollautomatische Beutelmaschine \u2013 die BagMatic Verpackungsmaschine f\u00fcr Beutel aller Art<\/strong><\/h3>\n<p><strong>Beutelverpackungsmaschinen<\/strong> werden in diversen Branchen angewendet. Zum Verpacken von Kleinteilen in der Luftfahrt- und Verteidigungsindustrie, der Automobilbranche, oder zum Verpacken von Elektronikteilen. Weitere typische Einsatzbereiche der <strong>Beutelf\u00fcllmaschinen <\/strong>sind die medizinische Versorgung, B\u00e4ckereien, Lebensmittelverpackungen, sowie auch Verpackungen f\u00fcr Tierfutter. Gleicherma\u00dfen von gro\u00dfer Bedeutung sind unsere <strong>Beutelverpackungsmaschinen <\/strong>in der Kosmetikindustrie, im Bereich des Versandhandels und auch im Hobby- und Kunsthandwerk.<\/p>\n<h4><strong>Wieso Sie sich f\u00fcr unsere Beutel Packmaschine entscheiden sollten?<\/strong><\/h4>\n<ul>\n<li>Einfach und unkompliziert, sehr benutzerfreundlich<\/li>\n<li>Langer Lebenszyklus aufgrund von eigenen Qualit\u00e4ts- und Konstruktionsprinzipen<\/li>\n<li>Hochwertige Verpackungsarten, diverse Auswahl an Beuteln<\/li>\n<li>Fairer <strong>Preis<\/strong><\/li>\n<li>Moderne und innovative Technologie<\/li>\n<li>\u201eVision System\u201c, welches das genaue Abz\u00e4hlen der Produkte erm\u00f6glicht<\/li>\n<li>Unschlagbar guter Kundenservice und gute Beratung<\/li>\n<\/ul>\n<p>Das m\u00fchsame und zeitaufw\u00e4ndige Verpacken Ihrer Produkte kann einpacken!<\/p>\n<p>Holen Sie sich die <strong>Verpackungsmaschine f\u00fcr Beutel<\/strong> von <span lang=\"it-IT\">Bagmatic<\/span>\u00ae und steigern Sie die Produktivit\u00e4t Ihres Verpackungsprozesses.[\/vc_column_text][\/vc_column][\/vc_row]<\/p>\n<\/section>","protected":false},"excerpt":{"rendered":"<p>[vc_row gap=&#8220;35&#8243; mobile_bg_img_hidden=&#8220;no&#8220; tablet_bg_img_hidden=&#8220;no&#8220; woodmart_parallax=&#8220;0&#8243; woodmart_gradient_switch=&#8220;no&#8220; row_reverse_mobile=&#8220;0&#8243; row_reverse_tablet=&#8220;0&#8243; woodmart_disable_overflow=&#8220;0&#8243;][vc_column width=&#8220;1\/2&#8243;][vc_single_image image=&#8220;135&#8243; img_size=&#8220;large&#8220; parallax_scroll=&#8220;no&#8220;][\/vc_column][vc_column width=&#8220;1\/2&#8243;][vc_column_text text_larger=&#8220;no&#8220;]Bekannterma\u00dfen gibt es heutzutage tats\u00e4chlich, weder<\/p>\n","protected":false},"author":1,"featured_media":0,"parent":0,"menu_order":0,"comment_status":"closed","ping_status":"closed","template":"","meta":[],"yoast_head":"<!-- This site is optimized with the Yoast SEO plugin v20.1 - https:\/\/yoast.com\/wordpress\/plugins\/seo\/ -->\n<title>Beutelverpackungsmaschinen (Beutelmaschine) | BagMatic<\/title>\n<meta name=\"description\" content=\"Sie sind auf der Suche nach Beutelverpackungsmaschinen? BagMatic bietet halb- und vollautomatische Beutelmaschinen zum g\u00fcnstigen Preis.\" \/>\n<meta name=\"robots\" content=\"index, follow, max-snippet:-1, max-image-preview:large, max-video-preview:-1\" \/>\n<link rel=\"canonical\" href=\"https:\/\/www.bagmatic.com\/de\/beutelverpackungsmaschinen\/\" \/>\n<meta property=\"og:locale\" content=\"de_DE\" \/>\n<meta property=\"og:type\" content=\"article\" \/>\n<meta property=\"og:title\" content=\"Beutelverpackungsmaschinen (Beutelmaschine) | BagMatic\" \/>\n<meta property=\"og:description\" content=\"Sie sind auf der Suche nach Beutelverpackungsmaschinen? BagMatic bietet halb- und vollautomatische Beutelmaschinen zum g\u00fcnstigen Preis.\" \/>\n<meta property=\"og:url\" content=\"https:\/\/www.bagmatic.com\/de\/beutelverpackungsmaschinen\/\" \/>\n<meta property=\"og:site_name\" content=\"BagMatic\" \/>\n<meta property=\"article:modified_time\" content=\"2020-07-15T13:07:11+00:00\" \/>\n<meta name=\"twitter:card\" content=\"summary_large_image\" \/>\n<meta name=\"twitter:label1\" content=\"Gesch\u00e4tzte Lesezeit\" \/>\n\t<meta name=\"twitter:data1\" content=\"4\u00a0Minuten\" \/>\n<script type=\"application\/ld+json\" class=\"yoast-schema-graph\">{\"@context\":\"https:\/\/schema.org\",\"@graph\":[{\"@type\":\"WebPage\",\"@id\":\"https:\/\/www.bagmatic.com\/de\/beutelverpackungsmaschinen\/\",\"url\":\"https:\/\/www.bagmatic.com\/de\/beutelverpackungsmaschinen\/\",\"name\":\"Beutelverpackungsmaschinen (Beutelmaschine) | BagMatic\",\"isPartOf\":{\"@id\":\"https:\/\/www.bagmatic.com\/de\/#website\"},\"datePublished\":\"2019-11-21T17:10:00+00:00\",\"dateModified\":\"2020-07-15T13:07:11+00:00\",\"description\":\"Sie sind auf der Suche nach Beutelverpackungsmaschinen? BagMatic bietet halb- und vollautomatische Beutelmaschinen zum g\u00fcnstigen Preis.\",\"breadcrumb\":{\"@id\":\"https:\/\/www.bagmatic.com\/de\/beutelverpackungsmaschinen\/#breadcrumb\"},\"inLanguage\":\"de\",\"potentialAction\":[{\"@type\":\"ReadAction\",\"target\":[\"https:\/\/www.bagmatic.com\/de\/beutelverpackungsmaschinen\/\"]}]},{\"@type\":\"BreadcrumbList\",\"@id\":\"https:\/\/www.bagmatic.com\/de\/beutelverpackungsmaschinen\/#breadcrumb\",\"itemListElement\":[{\"@type\":\"ListItem\",\"position\":1,\"name\":\"Start\",\"item\":\"https:\/\/www.bagmatic.com\/de\/\"},{\"@type\":\"ListItem\",\"position\":2,\"name\":\"Beutelverpackungsmaschinen | Beutelmaschine Automation\"}]},{\"@type\":\"WebSite\",\"@id\":\"https:\/\/www.bagmatic.com\/de\/#website\",\"url\":\"https:\/\/www.bagmatic.com\/de\/\",\"name\":\"BagMatic\",\"description\":\"\",\"publisher\":{\"@id\":\"https:\/\/www.bagmatic.com\/de\/#organization\"},\"potentialAction\":[{\"@type\":\"SearchAction\",\"target\":{\"@type\":\"EntryPoint\",\"urlTemplate\":\"https:\/\/www.bagmatic.com\/de\/?s={search_term_string}\"},\"query-input\":\"required name=search_term_string\"}],\"inLanguage\":\"de\"},{\"@type\":\"Organization\",\"@id\":\"https:\/\/www.bagmatic.com\/de\/#organization\",\"name\":\"BAGMATIC\u00ae GmbH\",\"url\":\"https:\/\/www.bagmatic.com\/de\/\",\"logo\":{\"@type\":\"ImageObject\",\"inLanguage\":\"de\",\"@id\":\"https:\/\/www.bagmatic.com\/de\/#\/schema\/logo\/image\/\",\"url\":\"https:\/\/www.bagmatic.com\/wp-content\/uploads\/bagmatic-logo.png\",\"contentUrl\":\"https:\/\/www.bagmatic.com\/wp-content\/uploads\/bagmatic-logo.png\",\"width\":500,\"height\":114,\"caption\":\"BAGMATIC\u00ae GmbH\"},\"image\":{\"@id\":\"https:\/\/www.bagmatic.com\/de\/#\/schema\/logo\/image\/\"}}]}<\/script>\n<!-- \/ Yoast SEO plugin. -->","yoast_head_json":{"title":"Beutelverpackungsmaschinen (Beutelmaschine) | BagMatic","description":"Sie sind auf der Suche nach Beutelverpackungsmaschinen? BagMatic bietet halb- und vollautomatische Beutelmaschinen zum g\u00fcnstigen Preis.","robots":{"index":"index","follow":"follow","max-snippet":"max-snippet:-1","max-image-preview":"max-image-preview:large","max-video-preview":"max-video-preview:-1"},"canonical":"https:\/\/www.bagmatic.com\/de\/beutelverpackungsmaschinen\/","og_locale":"de_DE","og_type":"article","og_title":"Beutelverpackungsmaschinen (Beutelmaschine) | BagMatic","og_description":"Sie sind auf der Suche nach Beutelverpackungsmaschinen? BagMatic bietet halb- und vollautomatische Beutelmaschinen zum g\u00fcnstigen Preis.","og_url":"https:\/\/www.bagmatic.com\/de\/beutelverpackungsmaschinen\/","og_site_name":"BagMatic","article_modified_time":"2020-07-15T13:07:11+00:00","twitter_card":"summary_large_image","twitter_misc":{"Gesch\u00e4tzte Lesezeit":"4\u00a0Minuten"},"schema":{"@context":"https:\/\/schema.org","@graph":[{"@type":"WebPage","@id":"https:\/\/www.bagmatic.com\/de\/beutelverpackungsmaschinen\/","url":"https:\/\/www.bagmatic.com\/de\/beutelverpackungsmaschinen\/","name":"Beutelverpackungsmaschinen (Beutelmaschine) | BagMatic","isPartOf":{"@id":"https:\/\/www.bagmatic.com\/de\/#website"},"datePublished":"2019-11-21T17:10:00+00:00","dateModified":"2020-07-15T13:07:11+00:00","description":"Sie sind auf der Suche nach Beutelverpackungsmaschinen? BagMatic bietet halb- und vollautomatische Beutelmaschinen zum g\u00fcnstigen Preis.","breadcrumb":{"@id":"https:\/\/www.bagmatic.com\/de\/beutelverpackungsmaschinen\/#breadcrumb"},"inLanguage":"de","potentialAction":[{"@type":"ReadAction","target":["https:\/\/www.bagmatic.com\/de\/beutelverpackungsmaschinen\/"]}]},{"@type":"BreadcrumbList","@id":"https:\/\/www.bagmatic.com\/de\/beutelverpackungsmaschinen\/#breadcrumb","itemListElement":[{"@type":"ListItem","position":1,"name":"Start","item":"https:\/\/www.bagmatic.com\/de\/"},{"@type":"ListItem","position":2,"name":"Beutelverpackungsmaschinen | Beutelmaschine Automation"}]},{"@type":"WebSite","@id":"https:\/\/www.bagmatic.com\/de\/#website","url":"https:\/\/www.bagmatic.com\/de\/","name":"BagMatic","description":"","publisher":{"@id":"https:\/\/www.bagmatic.com\/de\/#organization"},"potentialAction":[{"@type":"SearchAction","target":{"@type":"EntryPoint","urlTemplate":"https:\/\/www.bagmatic.com\/de\/?s={search_term_string}"},"query-input":"required name=search_term_string"}],"inLanguage":"de"},{"@type":"Organization","@id":"https:\/\/www.bagmatic.com\/de\/#organization","name":"BAGMATIC\u00ae GmbH","url":"https:\/\/www.bagmatic.com\/de\/","logo":{"@type":"ImageObject","inLanguage":"de","@id":"https:\/\/www.bagmatic.com\/de\/#\/schema\/logo\/image\/","url":"https:\/\/www.bagmatic.com\/wp-content\/uploads\/bagmatic-logo.png","contentUrl":"https:\/\/www.bagmatic.com\/wp-content\/uploads\/bagmatic-logo.png","width":500,"height":114,"caption":"BAGMATIC\u00ae GmbH"},"image":{"@id":"https:\/\/www.bagmatic.com\/de\/#\/schema\/logo\/image\/"}}]}},"_links":{"self":[{"href":"https:\/\/www.bagmatic.com\/de\/wp-json\/wp\/v2\/pages\/691"}],"collection":[{"href":"https:\/\/www.bagmatic.com\/de\/wp-json\/wp\/v2\/pages"}],"about":[{"href":"https:\/\/www.bagmatic.com\/de\/wp-json\/wp\/v2\/types\/page"}],"author":[{"embeddable":true,"href":"https:\/\/www.bagmatic.com\/de\/wp-json\/wp\/v2\/users\/1"}],"replies":[{"embeddable":true,"href":"https:\/\/www.bagmatic.com\/de\/wp-json\/wp\/v2\/comments?post=691"}],"version-history":[{"count":10,"href":"https:\/\/www.bagmatic.com\/de\/wp-json\/wp\/v2\/pages\/691\/revisions"}],"predecessor-version":[{"id":1430,"href":"https:\/\/www.bagmatic.com\/de\/wp-json\/wp\/v2\/pages\/691\/revisions\/1430"}],"wp:attachment":[{"href":"https:\/\/www.bagmatic.com\/de\/wp-json\/wp\/v2\/media?parent=691"}],"curies":[{"name":"wp","href":"https:\/\/api.w.org\/{rel}","templated":true}]}}