{"id":795,"date":"2019-12-28T15:41:19","date_gmt":"2019-12-28T14:41:19","guid":{"rendered":"https:\/\/www.bagmatic.com\/?page_id=795"},"modified":"2020-03-05T17:14:38","modified_gmt":"2020-03-05T16:14:38","slug":"anwendungsbereiche","status":"publish","type":"page","link":"https:\/\/www.bagmatic.com\/de\/anwendungsbereiche\/","title":{"rendered":"Anwendungsbereiche f\u00fcr Verpackungsmaschinen &#038; Zubeh\u00f6r"},"content":{"rendered":"<section class=\"wpb-content-wrapper\"><p>[vc_row][vc_column width=&#8220;5\/6&#8243;][vc_column_text text_larger=&#8220;no&#8220;]Verpackungsmaschinen und das passende Zubeh\u00f6r dienen f\u00fcr die unterschiedlichsten Anwendungsbereiche. Die Verpackungen, Arten der Produkte und auch die Verarbeitungstechniken unterscheiden sich ma\u00dfgeblich. BagMatic bietet f\u00fcr jeden Anwendungsbereich die passende Industriemaschine oder Tischmaschine sowie Folien, Beutel und Eingabezubeh\u00f6r aus einer Hand zum fairen Preis.[\/vc_column_text][\/vc_column][vc_column width=&#8220;1\/6&#8243;][\/vc_column][\/vc_row][vc_row gap=&#8220;20&#8243; equal_height=&#8220;yes&#8220; el_class=&#8220;borderboxes&#8220; mobile_bg_img_hidden=&#8220;no&#8220; tablet_bg_img_hidden=&#8220;no&#8220; woodmart_parallax=&#8220;0&#8243; woodmart_gradient_switch=&#8220;no&#8220; row_reverse_mobile=&#8220;0&#8243; row_reverse_tablet=&#8220;0&#8243; woodmart_disable_overflow=&#8220;0&#8243; css=&#8220;.vc_custom_1577539172496{padding-top: 30px !important;padding-bottom: 20px !important;}&#8220;][vc_column width=&#8220;1\/4&#8243;][vc_single_image image=&#8220;845&#8243; img_size=&#8220;medium&#8220; onclick=&#8220;custom_link&#8220; parallax_scroll=&#8220;no&#8220; link=&#8220;https:\/\/www.bagmatic.com\/de\/anwendungsbereiche\/verpackungsmaschinen-eisenwaren-ersatz-und-normteile\/&#8220;][vc_column_text text_larger=&#8220;no&#8220; css=&#8220;.vc_custom_1583424537593{padding-top: 20px !important;}&#8220;]<a href=\"https:\/\/www.bagmatic.com\/de\/anwendungsbereiche\/verpackungsmaschinen-eisenwaren-ersatz-und-normteile\/\"><strong>Eisenwaren, Ersatz- und Normteile<\/strong><\/a><\/p>\n<p>Robuste Klein- und Normteile erfordern eine perfekte Sortier- und Logistik Anbindung.<\/p>\n<ul>\n<li>Muttern, Bolzen, Schrauben, Scheiben, Stifte<\/li>\n<li>Fittings, Verbindungsteile, Ventile<\/li>\n<li>Schaltschrank-, T\u00fcr- und Schlossteile<\/li>\n<li>Pumpen, Schl\u00e4uche und Dichtungen<\/li>\n<li>Montages\u00e4tze<\/li>\n<li>Ersatzteile f\u00fcr Haushaltsger\u00e4te<\/li>\n<li>O-Ringe aller Gr\u00f6\u00dfen<\/li>\n<li>Verbindungselemente<\/li>\n<\/ul>\n<p>[\/vc_column_text][\/vc_column][vc_column width=&#8220;1\/4&#8243;][vc_single_image image=&#8220;829&#8243; img_size=&#8220;medium&#8220; onclick=&#8220;custom_link&#8220; parallax_scroll=&#8220;no&#8220; link=&#8220;https:\/\/www.bagmatic.com\/de\/anwendungsbereiche\/verpackungsmaschinen-installationsprodukte\/&#8220;][vc_column_text text_larger=&#8220;no&#8220; css=&#8220;.vc_custom_1583424554258{padding-top: 20px !important;}&#8220;]<a href=\"https:\/\/www.bagmatic.com\/de\/anwendungsbereiche\/verpackungsmaschinen-installationsprodukte\/\"><strong>Installationsbedarf<\/strong><\/a><\/p>\n<p>Einfacher Zugriff um schnelle Einsatzbereitschaft bei Installationen zu gew\u00e4hrleisten. Eine klare Identifikation der Pakete ist notwendig.<\/p>\n<ul>\n<li>Fittinge, Muffen, Ventile<\/li>\n<li>Pumpen, Schl\u00e4uche<\/li>\n<li>Montage- und Ersatzteilsets<\/li>\n<li>O-Ringe aller Gr\u00f6\u00dfen<\/li>\n<li>Verbindungselemente<\/li>\n<\/ul>\n<p>[\/vc_column_text][\/vc_column][vc_column width=&#8220;1\/4&#8243;][vc_single_image image=&#8220;822&#8243; img_size=&#8220;medium&#8220; onclick=&#8220;custom_link&#8220; parallax_scroll=&#8220;no&#8220; link=&#8220;https:\/\/www.bagmatic.com\/de\/anwendungsbereiche\/verpackungsmaschinen-automobilindustrie\/&#8220;][vc_column_text text_larger=&#8220;no&#8220; css=&#8220;.vc_custom_1583424570791{padding-top: 20px !important;}&#8220;]<a href=\"https:\/\/www.bagmatic.com\/de\/anwendungsbereiche\/verpackungsmaschinen-automobilindustrie\/\"><strong>Automobilindustrie<\/strong><\/a><\/p>\n<p>Beim Herstellungsprozess werden viele unterschiedliche (Klein-)Teile ben\u00f6tigt, die meist v\u00f6llig unterschiedliche Formen und Gr\u00f6\u00dfen haben.<\/p>\n<ul>\n<li>Nieten und Clips<\/li>\n<li>Kabelbinder und Kabelstecker<\/li>\n<li>Scheibenwischer<\/li>\n<li>Filter<\/li>\n<li>Einzelteile<\/li>\n<li>Teile-S\u00e4tze<\/li>\n<\/ul>\n<p>[\/vc_column_text][\/vc_column][vc_column width=&#8220;1\/4&#8243;][vc_single_image image=&#8220;837&#8243; img_size=&#8220;medium&#8220; onclick=&#8220;custom_link&#8220; parallax_scroll=&#8220;no&#8220; link=&#8220;https:\/\/www.bagmatic.com\/de\/anwendungsbereiche\/verpackungsmaschinen-luftfahrt-verteidigungsindustrie\/&#8220;][vc_column_text text_larger=&#8220;no&#8220; css=&#8220;.vc_custom_1583424588429{padding-top: 20px !important;}&#8220;]<a href=\"https:\/\/www.bagmatic.com\/de\/anwendungsbereiche\/verpackungsmaschinen-luftfahrt-verteidigungsindustrie\/\"><strong>Luftfahrt- und Verteidigungsindustrie<\/strong><\/a><\/p>\n<p>Besondere Anforderungen an die Ersatzteillogistik meistern. Luftfahrt- und Verteidigungsfirmen sind auf schnelle zuverl\u00e4ssige Logistik angewiesen.<\/p>\n<ul>\n<li>O-Ringe aller Gr\u00f6\u00dfen<\/li>\n<li>Empfindliche Dichtungen<\/li>\n<li>Ersatzteile<\/li>\n<li>Muttern, Bolzen, Schrauben und andere Kleinteile<\/li>\n<li>Verbindungselemente<\/li>\n<li>Komplette Teiles\u00e4tze<\/li>\n<li>Federn<\/li>\n<\/ul>\n<p>[\/vc_column_text][\/vc_column][\/vc_row][vc_row gap=&#8220;20&#8243; equal_height=&#8220;yes&#8220; el_class=&#8220;borderboxes&#8220; mobile_bg_img_hidden=&#8220;no&#8220; tablet_bg_img_hidden=&#8220;no&#8220; woodmart_parallax=&#8220;0&#8243; woodmart_gradient_switch=&#8220;no&#8220; row_reverse_mobile=&#8220;0&#8243; row_reverse_tablet=&#8220;0&#8243; woodmart_disable_overflow=&#8220;0&#8243;][vc_column width=&#8220;1\/4&#8243;][vc_single_image image=&#8220;843&#8243; img_size=&#8220;medium&#8220; onclick=&#8220;custom_link&#8220; parallax_scroll=&#8220;no&#8220; link=&#8220;https:\/\/www.bagmatic.com\/de\/anwendungsbereiche\/verpackungsmaschinen-elektronikbauteile-elektro-industrie\/&#8220;][vc_column_text text_larger=&#8220;no&#8220; css=&#8220;.vc_custom_1583424698520{padding-top: 20px !important;}&#8220;]<a href=\"https:\/\/www.bagmatic.com\/de\/anwendungsbereiche\/verpackungsmaschinen-elektronikbauteile-elektro-industrie\/\"><strong>Elektronik Verpackungen<\/strong><\/a><\/p>\n<p>Diese Produkte sind auf unterschiedlichste Verpackungen angewiesen.<\/p>\n<ul>\n<li>Computer-Hardware und -Zubeh\u00f6r<\/li>\n<li>Komponenten der Industrie-Elektronik<\/li>\n<li>Elektronische Ger\u00e4te und Zubeh\u00f6r<\/li>\n<li>Elektrische und elektronische Teile f\u00fcr den Hobby- und Heimwerker-Bereich<\/li>\n<li>Ersatzteile<\/li>\n<\/ul>\n<p>[\/vc_column_text][\/vc_column][vc_column width=&#8220;1\/4&#8243;][vc_single_image image=&#8220;839&#8243; img_size=&#8220;medium&#8220; onclick=&#8220;custom_link&#8220; parallax_scroll=&#8220;no&#8220; link=&#8220;https:\/\/www.bagmatic.com\/de\/anwendungsbereiche\/verpackungsmaschinen-pharmaindustrie\/&#8220;][vc_column_text text_larger=&#8220;no&#8220; css=&#8220;.vc_custom_1583424717049{padding-top: 20px !important;}&#8220;]<a href=\"https:\/\/www.bagmatic.com\/de\/anwendungsbereiche\/verpackungsmaschinen-pharmaindustrie\/\"><strong>Medizinische Versorgung<\/strong><\/a><\/p>\n<p>Bei diesen Produkten sind Kennzeichnungen und Schutzverpackungen besonders wichtig. Klare Sortierung, Starke Sicherheitsma\u00dfnahmen.<\/p>\n<ul>\n<li>Medizinische Versorgungprodukte wie Erste Hilfe-Sets und Produkte f\u00fcr die Dentalhygiene<\/li>\n<li>Medizinprodukte wie Spritzen und Glukose-Monitore<\/li>\n<li>Brillen und Kontaktlinsen<\/li>\n<\/ul>\n<p>[\/vc_column_text][\/vc_column][vc_column width=&#8220;1\/4&#8243;][vc_single_image image=&#8220;833&#8243; img_size=&#8220;medium&#8220; onclick=&#8220;custom_link&#8220; parallax_scroll=&#8220;no&#8220; link=&#8220;https:\/\/www.bagmatic.com\/de\/anwendungsbereiche\/verpackungsmaschinen-hobby-kunsthandwerk\/&#8220;][vc_column_text text_larger=&#8220;no&#8220; css=&#8220;.vc_custom_1583424741203{padding-top: 20px !important;}&#8220;]<a href=\"https:\/\/www.bagmatic.com\/de\/anwendungsbereiche\/verpackungsmaschinen-hobby-kunsthandwerk\/\"><strong>Hobby und Kunsthandwerk<\/strong><\/a><\/p>\n<p>Zerbrechliche Unikate sind auf besonderen Schutz angewiesen, da es meist keinen schnellen Ersatz gibt.<\/p>\n<ul>\n<li>Modell-Autos, Modell-Baus\u00e4tze<\/li>\n<li>Glasperlen, Kristalle, Nieten und Bastlerbedarf<\/li>\n<li>Kn\u00f6pfe, Rei\u00dfverschl\u00fcsse, Schnallen und anderes N\u00e4hzubeh\u00f6r<\/li>\n<li>Zwirn, Garn und Nadeln<\/li>\n<li>Farben, Bleistifte, Pinsel, Pastellfarben und Kunstdruckkarton<\/li>\n<\/ul>\n<p>[\/vc_column_text][\/vc_column][vc_column width=&#8220;1\/4&#8243;][vc_single_image image=&#8220;847&#8243; img_size=&#8220;medium&#8220; onclick=&#8220;custom_link&#8220; parallax_scroll=&#8220;no&#8220; link=&#8220;https:\/\/www.bagmatic.com\/de\/anwendungsbereiche\/verpackungsmaschinen-haushaltsprodukte\/&#8220;][vc_column_text text_larger=&#8220;no&#8220; css=&#8220;.vc_custom_1583424756363{padding-top: 20px !important;}&#8220;]<a href=\"https:\/\/www.bagmatic.com\/de\/anwendungsbereiche\/verpackungsmaschinen-haushaltsprodukte\/\"><strong>Haushaltsartikel<\/strong><\/a><\/p>\n<p>Effiziente Verpackungsm\u00f6glichkeiten im Sinne von Geschwindigkeit, Prozessoptimiert und Platzsparend.<\/p>\n<ul>\n<li>Schw\u00e4mme, T\u00fccher, Wischmopps und andere Reinigungsartikel<\/li>\n<li>Topflappen und K\u00fcchenartikel<\/li>\n<li>Montageteile<\/li>\n<li>Ersatzteile<\/li>\n<li>Montageanleitungen und Packungsbeilagen<\/li>\n<\/ul>\n<p>[\/vc_column_text][\/vc_column][\/vc_row][vc_row gap=&#8220;20&#8243; equal_height=&#8220;yes&#8220; el_class=&#8220;borderboxes&#8220; mobile_bg_img_hidden=&#8220;no&#8220; tablet_bg_img_hidden=&#8220;no&#8220; woodmart_parallax=&#8220;0&#8243; woodmart_gradient_switch=&#8220;no&#8220; row_reverse_mobile=&#8220;0&#8243; row_reverse_tablet=&#8220;0&#8243; woodmart_disable_overflow=&#8220;0&#8243; css=&#8220;.vc_custom_1577539511926{padding-top: 20px !important;padding-bottom: 20px !important;}&#8220;][vc_column width=&#8220;1\/4&#8243;][vc_single_image image=&#8220;841&#8243; img_size=&#8220;medium&#8220; onclick=&#8220;custom_link&#8220; parallax_scroll=&#8220;no&#8220; link=&#8220;https:\/\/www.bagmatic.com\/de\/anwendungsbereiche\/verpackungsmaschinen-versandhandel\/&#8220;][vc_column_text text_larger=&#8220;no&#8220; css=&#8220;.vc_custom_1583424805199{padding-top: 20px !important;}&#8220;]<a href=\"https:\/\/www.bagmatic.com\/de\/anwendungsbereiche\/verpackungsmaschinen-versandhandel\/\"><strong>Versandhandel<\/strong><\/a><\/p>\n<p>Viele Verpackungen zu verschicken und sortieren ist aufwendig. Ideal, wenn hier ein prozessoptimiertes System zur Seite steht um alles autonom durchzuf\u00fchren.<\/p>\n<ul>\n<li>Versandbeutel<\/li>\n<li>Pakete<\/li>\n<li>Schutzverpackungen<\/li>\n<li>\u00dcbergr\u00f6\u00dfen<\/li>\n<\/ul>\n<p>[\/vc_column_text][\/vc_column][vc_column width=&#8220;1\/4&#8243;][vc_single_image image=&#8220;831&#8243; img_size=&#8220;medium&#8220; onclick=&#8220;custom_link&#8220; parallax_scroll=&#8220;no&#8220; link=&#8220;https:\/\/www.bagmatic.com\/de\/anwendungsbereiche\/verpackungsmaschinen-kosmetikindustrie\/&#8220;][vc_column_text text_larger=&#8220;no&#8220; css=&#8220;.vc_custom_1583424819270{padding-top: 20px !important;}&#8220;]<a href=\"https:\/\/www.bagmatic.com\/de\/anwendungsbereiche\/verpackungsmaschinen-kosmetikindustrie\/\"><strong>Kosmetik-Artikel<\/strong><\/a><\/p>\n<p>Verpackungen in allen Formen und Gr\u00f6\u00dfen, besondere Gestaltungsfreiheit um Verpackungsdesign zu betonen.<\/p>\n<ul>\n<li>Schmink-Pinsel und Zubeh\u00f6r f\u00fcr die Sch\u00f6nheitspflege<\/li>\n<li>Haarpflege-Bedarf<\/li>\n<li>Zubeh\u00f6r f\u00fcr die Dental-Reinigung<\/li>\n<li>Promotion-Verpackungen<\/li>\n<\/ul>\n<p>[\/vc_column_text][\/vc_column][vc_column width=&#8220;1\/4&#8243;][vc_single_image image=&#8220;849&#8243; img_size=&#8220;medium&#8220; onclick=&#8220;custom_link&#8220; parallax_scroll=&#8220;no&#8220; link=&#8220;https:\/\/www.bagmatic.com\/de\/anwendungsbereiche\/verpackungsmaschinen-haustierprodukte\/&#8220;][vc_column_text text_larger=&#8220;no&#8220; css=&#8220;.vc_custom_1583424876393{padding-top: 20px !important;}&#8220;]<a href=\"https:\/\/www.bagmatic.com\/de\/anwendungsbereiche\/verpackungsmaschinen-haustierprodukte\/\"><strong>Haustierbedarf<\/strong><\/a><\/p>\n<p>Unterschiedlichste M\u00f6glichkeiten Tierbedarf platzsparend und ansprechend zu verpacken.<\/p>\n<ul>\n<li>Leckerbissen<\/li>\n<li>Tierfutter<\/li>\n<li>Spielzeuge<\/li>\n<li>Leinen und Halsb\u00e4nder<\/li>\n<li>Produkte zur Identifizierung<\/li>\n<\/ul>\n<p>[\/vc_column_text][\/vc_column][vc_column width=&#8220;1\/4&#8243;][vc_single_image image=&#8220;835&#8243; img_size=&#8220;medium&#8220; onclick=&#8220;custom_link&#8220; parallax_scroll=&#8220;no&#8220; link=&#8220;https:\/\/www.bagmatic.com\/de\/anwendungsbereiche\/verpackungsmaschinen-lebensmittelindustrie\/&#8220;][vc_column_text text_larger=&#8220;no&#8220; css=&#8220;.vc_custom_1583424853829{padding-top: 20px !important;}&#8220;]<a href=\"https:\/\/www.bagmatic.com\/de\/anwendungsbereiche\/verpackungsmaschinen-lebensmittelindustrie\/\"><strong>Lebensmittel<\/strong><\/a><\/p>\n<p>In diesem Industriebereich spielt Haltbarkeit und Formtreue eine entscheidende Rolle.<\/p>\n<ul>\n<li>Frischobst und Gem\u00fcse<\/li>\n<li>Tiefk\u00fchlfleisch, -gefl\u00fcgel und -fisch<\/li>\n<li>Backwaren<\/li>\n<li>Snacks<\/li>\n<li>Fertiggerichte<\/li>\n<li>Zutaten in Rezeptboxen<\/li>\n<\/ul>\n<p>[\/vc_column_text][\/vc_column][\/vc_row]<\/p>\n<\/section>","protected":false},"excerpt":{"rendered":"<p>[vc_row][vc_column width=&#8220;5\/6&#8243;][vc_column_text text_larger=&#8220;no&#8220;]Verpackungsmaschinen und das passende Zubeh\u00f6r dienen f\u00fcr die unterschiedlichsten Anwendungsbereiche. Die Verpackungen, Arten der Produkte und auch die<\/p>\n","protected":false},"author":2,"featured_media":0,"parent":0,"menu_order":0,"comment_status":"closed","ping_status":"closed","template":"","meta":[],"yoast_head":"<!-- This site is optimized with the Yoast SEO plugin v20.1 - https:\/\/yoast.com\/wordpress\/plugins\/seo\/ -->\n<title>Anwendungsbereiche f\u00fcr Verpackungsmaschinen &amp; Zubeh\u00f6r | BagMatic<\/title>\n<meta name=\"description\" content=\"BagMatic bietet f\u00fcr jeden Anwendungsbereich die passende Industriemaschine oder Tischmaschine sowie Folien, Beutel und Eingabezubeh\u00f6r aus einer Hand.\" \/>\n<meta name=\"robots\" content=\"index, follow, max-snippet:-1, max-image-preview:large, max-video-preview:-1\" \/>\n<link rel=\"canonical\" href=\"https:\/\/www.bagmatic.com\/de\/anwendungsbereiche\/\" \/>\n<meta property=\"og:locale\" content=\"de_DE\" \/>\n<meta property=\"og:type\" content=\"article\" \/>\n<meta property=\"og:title\" content=\"Anwendungsbereiche f\u00fcr Verpackungsmaschinen &amp; Zubeh\u00f6r | BagMatic\" \/>\n<meta property=\"og:description\" content=\"BagMatic bietet f\u00fcr jeden Anwendungsbereich die passende Industriemaschine oder Tischmaschine sowie Folien, Beutel und Eingabezubeh\u00f6r aus einer Hand.\" \/>\n<meta property=\"og:url\" content=\"https:\/\/www.bagmatic.com\/de\/anwendungsbereiche\/\" \/>\n<meta property=\"og:site_name\" content=\"BagMatic\" \/>\n<meta property=\"article:modified_time\" content=\"2020-03-05T16:14:38+00:00\" \/>\n<meta name=\"twitter:card\" content=\"summary_large_image\" \/>\n<meta name=\"twitter:label1\" content=\"Gesch\u00e4tzte Lesezeit\" \/>\n\t<meta name=\"twitter:data1\" content=\"5\u00a0Minuten\" \/>\n<script type=\"application\/ld+json\" class=\"yoast-schema-graph\">{\"@context\":\"https:\/\/schema.org\",\"@graph\":[{\"@type\":\"WebPage\",\"@id\":\"https:\/\/www.bagmatic.com\/de\/anwendungsbereiche\/\",\"url\":\"https:\/\/www.bagmatic.com\/de\/anwendungsbereiche\/\",\"name\":\"Anwendungsbereiche f\u00fcr Verpackungsmaschinen & Zubeh\u00f6r | BagMatic\",\"isPartOf\":{\"@id\":\"https:\/\/www.bagmatic.com\/de\/#website\"},\"datePublished\":\"2019-12-28T14:41:19+00:00\",\"dateModified\":\"2020-03-05T16:14:38+00:00\",\"description\":\"BagMatic bietet f\u00fcr jeden Anwendungsbereich die passende Industriemaschine oder Tischmaschine sowie Folien, Beutel und Eingabezubeh\u00f6r aus einer Hand.\",\"breadcrumb\":{\"@id\":\"https:\/\/www.bagmatic.com\/de\/anwendungsbereiche\/#breadcrumb\"},\"inLanguage\":\"de\",\"potentialAction\":[{\"@type\":\"ReadAction\",\"target\":[\"https:\/\/www.bagmatic.com\/de\/anwendungsbereiche\/\"]}]},{\"@type\":\"BreadcrumbList\",\"@id\":\"https:\/\/www.bagmatic.com\/de\/anwendungsbereiche\/#breadcrumb\",\"itemListElement\":[{\"@type\":\"ListItem\",\"position\":1,\"name\":\"Start\",\"item\":\"https:\/\/www.bagmatic.com\/de\/\"},{\"@type\":\"ListItem\",\"position\":2,\"name\":\"Anwendungsbereiche f\u00fcr Verpackungsmaschinen &#038; Zubeh\u00f6r\"}]},{\"@type\":\"WebSite\",\"@id\":\"https:\/\/www.bagmatic.com\/de\/#website\",\"url\":\"https:\/\/www.bagmatic.com\/de\/\",\"name\":\"BagMatic\",\"description\":\"\",\"publisher\":{\"@id\":\"https:\/\/www.bagmatic.com\/de\/#organization\"},\"potentialAction\":[{\"@type\":\"SearchAction\",\"target\":{\"@type\":\"EntryPoint\",\"urlTemplate\":\"https:\/\/www.bagmatic.com\/de\/?s={search_term_string}\"},\"query-input\":\"required name=search_term_string\"}],\"inLanguage\":\"de\"},{\"@type\":\"Organization\",\"@id\":\"https:\/\/www.bagmatic.com\/de\/#organization\",\"name\":\"BAGMATIC\u00ae GmbH\",\"url\":\"https:\/\/www.bagmatic.com\/de\/\",\"logo\":{\"@type\":\"ImageObject\",\"inLanguage\":\"de\",\"@id\":\"https:\/\/www.bagmatic.com\/de\/#\/schema\/logo\/image\/\",\"url\":\"https:\/\/www.bagmatic.com\/wp-content\/uploads\/bagmatic-logo.png\",\"contentUrl\":\"https:\/\/www.bagmatic.com\/wp-content\/uploads\/bagmatic-logo.png\",\"width\":500,\"height\":114,\"caption\":\"BAGMATIC\u00ae GmbH\"},\"image\":{\"@id\":\"https:\/\/www.bagmatic.com\/de\/#\/schema\/logo\/image\/\"}}]}<\/script>\n<!-- \/ Yoast SEO plugin. -->","yoast_head_json":{"title":"Anwendungsbereiche f\u00fcr Verpackungsmaschinen & Zubeh\u00f6r | BagMatic","description":"BagMatic bietet f\u00fcr jeden Anwendungsbereich die passende Industriemaschine oder Tischmaschine sowie Folien, Beutel und Eingabezubeh\u00f6r aus einer Hand.","robots":{"index":"index","follow":"follow","max-snippet":"max-snippet:-1","max-image-preview":"max-image-preview:large","max-video-preview":"max-video-preview:-1"},"canonical":"https:\/\/www.bagmatic.com\/de\/anwendungsbereiche\/","og_locale":"de_DE","og_type":"article","og_title":"Anwendungsbereiche f\u00fcr Verpackungsmaschinen & Zubeh\u00f6r | BagMatic","og_description":"BagMatic bietet f\u00fcr jeden Anwendungsbereich die passende Industriemaschine oder Tischmaschine sowie Folien, Beutel und Eingabezubeh\u00f6r aus einer Hand.","og_url":"https:\/\/www.bagmatic.com\/de\/anwendungsbereiche\/","og_site_name":"BagMatic","article_modified_time":"2020-03-05T16:14:38+00:00","twitter_card":"summary_large_image","twitter_misc":{"Gesch\u00e4tzte Lesezeit":"5\u00a0Minuten"},"schema":{"@context":"https:\/\/schema.org","@graph":[{"@type":"WebPage","@id":"https:\/\/www.bagmatic.com\/de\/anwendungsbereiche\/","url":"https:\/\/www.bagmatic.com\/de\/anwendungsbereiche\/","name":"Anwendungsbereiche f\u00fcr Verpackungsmaschinen & Zubeh\u00f6r | BagMatic","isPartOf":{"@id":"https:\/\/www.bagmatic.com\/de\/#website"},"datePublished":"2019-12-28T14:41:19+00:00","dateModified":"2020-03-05T16:14:38+00:00","description":"BagMatic bietet f\u00fcr jeden Anwendungsbereich die passende Industriemaschine oder Tischmaschine sowie Folien, Beutel und Eingabezubeh\u00f6r aus einer Hand.","breadcrumb":{"@id":"https:\/\/www.bagmatic.com\/de\/anwendungsbereiche\/#breadcrumb"},"inLanguage":"de","potentialAction":[{"@type":"ReadAction","target":["https:\/\/www.bagmatic.com\/de\/anwendungsbereiche\/"]}]},{"@type":"BreadcrumbList","@id":"https:\/\/www.bagmatic.com\/de\/anwendungsbereiche\/#breadcrumb","itemListElement":[{"@type":"ListItem","position":1,"name":"Start","item":"https:\/\/www.bagmatic.com\/de\/"},{"@type":"ListItem","position":2,"name":"Anwendungsbereiche f\u00fcr Verpackungsmaschinen &#038; Zubeh\u00f6r"}]},{"@type":"WebSite","@id":"https:\/\/www.bagmatic.com\/de\/#website","url":"https:\/\/www.bagmatic.com\/de\/","name":"BagMatic","description":"","publisher":{"@id":"https:\/\/www.bagmatic.com\/de\/#organization"},"potentialAction":[{"@type":"SearchAction","target":{"@type":"EntryPoint","urlTemplate":"https:\/\/www.bagmatic.com\/de\/?s={search_term_string}"},"query-input":"required name=search_term_string"}],"inLanguage":"de"},{"@type":"Organization","@id":"https:\/\/www.bagmatic.com\/de\/#organization","name":"BAGMATIC\u00ae GmbH","url":"https:\/\/www.bagmatic.com\/de\/","logo":{"@type":"ImageObject","inLanguage":"de","@id":"https:\/\/www.bagmatic.com\/de\/#\/schema\/logo\/image\/","url":"https:\/\/www.bagmatic.com\/wp-content\/uploads\/bagmatic-logo.png","contentUrl":"https:\/\/www.bagmatic.com\/wp-content\/uploads\/bagmatic-logo.png","width":500,"height":114,"caption":"BAGMATIC\u00ae GmbH"},"image":{"@id":"https:\/\/www.bagmatic.com\/de\/#\/schema\/logo\/image\/"}}]}},"_links":{"self":[{"href":"https:\/\/www.bagmatic.com\/de\/wp-json\/wp\/v2\/pages\/795"}],"collection":[{"href":"https:\/\/www.bagmatic.com\/de\/wp-json\/wp\/v2\/pages"}],"about":[{"href":"https:\/\/www.bagmatic.com\/de\/wp-json\/wp\/v2\/types\/page"}],"author":[{"embeddable":true,"href":"https:\/\/www.bagmatic.com\/de\/wp-json\/wp\/v2\/users\/2"}],"replies":[{"embeddable":true,"href":"https:\/\/www.bagmatic.com\/de\/wp-json\/wp\/v2\/comments?post=795"}],"version-history":[{"count":10,"href":"https:\/\/www.bagmatic.com\/de\/wp-json\/wp\/v2\/pages\/795\/revisions"}],"predecessor-version":[{"id":1258,"href":"https:\/\/www.bagmatic.com\/de\/wp-json\/wp\/v2\/pages\/795\/revisions\/1258"}],"wp:attachment":[{"href":"https:\/\/www.bagmatic.com\/de\/wp-json\/wp\/v2\/media?parent=795"}],"curies":[{"name":"wp","href":"https:\/\/api.w.org\/{rel}","templated":true}]}}