{"id":160,"date":"2019-07-30T15:42:54","date_gmt":"2019-07-30T13:42:54","guid":{"rendered":"https:\/\/2019.bagmatic.com\/de\/?post_type=product&#038;p=160"},"modified":"2023-06-26T10:03:22","modified_gmt":"2023-06-26T08:03:22","slug":"t-375-tischmaschine-mit-drucker","status":"publish","type":"product","link":"https:\/\/www.bagmatic.com\/de\/produkte-zubehoer\/verpackungsmaschinen\/tischmaschinen\/t-375-tischmaschine-mit-drucker\/","title":{"rendered":"T-375 Tischmaschine mit Drucker"},"content":{"rendered":"<section class=\"wpb-content-wrapper\"><p>[vc_row][vc_column][vc_column_text text_larger=&#8220;no&#8220;]<\/p>\n<h2>Halbautomatisches Verpacken mit der Verpackungs-Tischmaschine T-375<\/h2>\n<p><img decoding=\"async\" loading=\"lazy\" class=\"wp-image-898 alignright\" src=\"https:\/\/www.bagmatic.com\/wp-content\/uploads\/automatische-verpackungsmaschine-verpackungssystem-technik-automatic-packaging-machine-t375-touch-screen-800x533.jpg\" alt=\"Automatische Verpackungsmaschine Verpackungssystem Technik Automatic Packaging Machine T375 Touch Screen\" width=\"434\" height=\"289\" srcset=\"https:\/\/www.bagmatic.com\/wp-content\/uploads\/automatische-verpackungsmaschine-verpackungssystem-technik-automatic-packaging-machine-t375-touch-screen-800x533.jpg 800w, https:\/\/www.bagmatic.com\/wp-content\/uploads\/automatische-verpackungsmaschine-verpackungssystem-technik-automatic-packaging-machine-t375-touch-screen-150x100.jpg 150w, https:\/\/www.bagmatic.com\/wp-content\/uploads\/automatische-verpackungsmaschine-verpackungssystem-technik-automatic-packaging-machine-t375-touch-screen-1200x800.jpg 1200w, https:\/\/www.bagmatic.com\/wp-content\/uploads\/automatische-verpackungsmaschine-verpackungssystem-technik-automatic-packaging-machine-t375-touch-screen-768x512.jpg 768w, https:\/\/www.bagmatic.com\/wp-content\/uploads\/automatische-verpackungsmaschine-verpackungssystem-technik-automatic-packaging-machine-t375-touch-screen-1536x1024.jpg 1536w, https:\/\/www.bagmatic.com\/wp-content\/uploads\/automatische-verpackungsmaschine-verpackungssystem-technik-automatic-packaging-machine-t375-touch-screen.jpg 1920w\" sizes=\"(max-width: 434px) 100vw, 434px\" \/>Zus\u00e4tzlich zu allen Eigenschaften der T-300, bietet die T-375 einen Drucker zur fortlaufenden Beutelbedruckung. Diese patentgesch\u00fctzte Funktion erm\u00f6glicht die Beutelbedruckung unmittelbar vor dem F\u00fcllen, was eine genaue Kennzeichnung Ihrer Produkte gew\u00e4hrleistet. Dadurch wird das Verpacken von gro\u00dfen Mengen und versehen mit Artikelnummer erm\u00f6glicht.<\/p>\n<ul>\n<li>Vierfarbiger Bildschirm mit Pop-Up-Fenster<\/li>\n<li>Diagnose- und St\u00f6rungssuche-Bildschirme<\/li>\n<li>Vorab einzustellender Z\u00e4hler und Gesamtanzahl-Anzeiger<\/li>\n<li>Universale Trichter<\/li>\n<li>Einstellbare F\u00fcllgutunterst\u00fctzung<\/li>\n<li>L\u00fcfter mit Durchlaufsteuerorgan<\/li>\n<li>Einj\u00e4hrige Garantie der Teile<\/li>\n<\/ul>\n<p><strong>Spezifikationen<\/strong><\/p>\n<ul>\n<li>3 mm (1\/8 \u2018\u2019) eindrahtiger Schwei\u00dfbalken (mit kontrolliertem Doppelthermoelement)<\/li>\n<li>Ma\u00dfe:<br \/>\nBreite: 56 cm (22\u2019\u2019)<br \/>\nH\u00f6he 56 cm (22\u201c)<br \/>\nTiefe: 51 cm (20\u2019\u2019)<\/li>\n<li>Produktdurchzug: 8 cm (3\u2019\u2019) (kann vergr\u00f6\u00dfert werden)<\/li>\n<li>Beutelgr\u00f6\u00dfen: Von 5 cm x 8 cm bis 28 cm x 41 cm (2\u2019\u2019 x 3\u2019\u2019 bis 11\u2019\u2019 x 16\u2019\u2019)<\/li>\n<li>203 DPI Druckeraufl\u00f6sung (entspricht 203 Druckpunkten pro 2,54 cm)<\/li>\n<li>Druckbreite: 10 cm (4\u2019\u2019)<\/li>\n<li>Strom: 220V\/50Hz<\/li>\n<li>Luftdruck: 60 PSI (entspricht: 4 bar)<\/li>\n<li>Gewicht: 57 kg (125 lbs)<\/li>\n<\/ul>\n<h3><strong>Einfach in Beutel verpacken und direkt bedrucken \u2013 Lichtvorhang, Sensor, sicheres manuelles F\u00fcttern<\/strong><\/h3>\n<p>[\/vc_column_text][vc_row_inner][vc_column_inner width=&#8220;1\/2&#8243;][vc_video link=&#8220;https:\/\/youtu.be\/kPSrCTvav7o&#8220; image_poster_switch=&#8220;no&#8220;][\/vc_column_inner][vc_column_inner width=&#8220;1\/2&#8243;][vc_video link=&#8220;https:\/\/youtu.be\/KgBGfU55yoE&#8220; image_poster_switch=&#8220;no&#8220;][\/vc_column_inner][\/vc_row_inner][vc_row_inner][vc_column_inner width=&#8220;1\/2&#8243;][vc_video link=&#8220;https:\/\/youtu.be\/mivFCkkK2vI&#8220; image_poster_switch=&#8220;no&#8220;][\/vc_column_inner][vc_column_inner width=&#8220;1\/2&#8243;][vc_video link=&#8220;https:\/\/youtu.be\/dtjahPEwCDQ&#8220; image_poster_switch=&#8220;no&#8220;][\/vc_column_inner][\/vc_row_inner][\/vc_column][\/vc_row]<\/p>\n<\/section>","protected":false},"excerpt":{"rendered":"<p>Tischmaschine mit ZEBRA-Thermodrucker und der \u201cnext bag out\u201d-Methode, d.h. schon der n\u00e4chste Beutel tr\u00e4gt einen ge\u00e4nderten Aufdruck. Diese Maschine funktioniert wie die Tischmaschine T-300, aber der Drucker macht ein Aufkleben von Etiketten \u00fcberfl\u00fcssig.<\/p>\n<p>Unsere automatische Tischmaschine mit Drucker bietet die patentgesch\u00fctzte \u201cnext bag out\u201d &#8211; Technik zur fortlaufenden Beutelbedruckung. Ausgestattet mit einem vierfarbigen Touch-Screen und \u201cPop-up\u201d Mitteilungen, die das Ende eines Durchlaufs anzeigen, sowie Operationsmitteilungen und Fehlermitteilungen. Einstellungen f\u00fcr den Durchlaufzyklus k\u00f6nnen f\u00fcr sofortige Konfiguration gespeichert werden. Das Wechseln von Rollen dauert weniger als eine Minute. Der universale Trichter ist in der Standartausstattung enthalten.<\/p>\n","protected":false},"featured_media":894,"template":"","meta":[],"product_cat":[19,20],"product_tag":[],"yoast_head":"<!-- This site is optimized with the Yoast SEO plugin v20.1 - https:\/\/yoast.com\/wordpress\/plugins\/seo\/ -->\n<title>T-375 Tischmaschine mit Drucker | BagMatic Verpackungsmaschinen<\/title>\n<meta name=\"description\" content=\"Halbautomatisches Verpacken mit der Verpackungsmaschine T-375 Tischmaschine mit Drucker \u2705 Jetzt unverbindlich anfragen!\" \/>\n<meta name=\"robots\" content=\"index, follow, max-snippet:-1, max-image-preview:large, max-video-preview:-1\" \/>\n<link rel=\"canonical\" href=\"https:\/\/www.bagmatic.com\/de\/produkte-zubehoer\/verpackungsmaschinen\/tischmaschinen\/t-375-tischmaschine-mit-drucker\/\" \/>\n<meta property=\"og:locale\" content=\"de_DE\" \/>\n<meta property=\"og:type\" content=\"article\" \/>\n<meta property=\"og:title\" content=\"T-375 Tischmaschine mit Drucker | BagMatic Verpackungsmaschinen\" \/>\n<meta property=\"og:description\" content=\"Halbautomatisches Verpacken mit der Verpackungsmaschine T-375 Tischmaschine mit Drucker \u2705 Jetzt unverbindlich anfragen!\" \/>\n<meta property=\"og:url\" content=\"https:\/\/www.bagmatic.com\/de\/produkte-zubehoer\/verpackungsmaschinen\/tischmaschinen\/t-375-tischmaschine-mit-drucker\/\" \/>\n<meta property=\"og:site_name\" content=\"BagMatic\" \/>\n<meta property=\"article:modified_time\" content=\"2023-06-26T08:03:22+00:00\" \/>\n<meta property=\"og:image\" content=\"https:\/\/www.bagmatic.com\/wp-content\/uploads\/automatische-verpackungsmaschine-verpackungssystem-technik-automatic-packaging-machine-t375-front.jpg\" \/>\n\t<meta property=\"og:image:width\" content=\"1920\" \/>\n\t<meta property=\"og:image:height\" content=\"1280\" \/>\n\t<meta property=\"og:image:type\" content=\"image\/jpeg\" \/>\n<meta name=\"twitter:card\" content=\"summary_large_image\" \/>\n<meta name=\"twitter:label1\" content=\"Gesch\u00e4tzte Lesezeit\" \/>\n\t<meta name=\"twitter:data1\" content=\"2\u00a0Minuten\" \/>\n<script type=\"application\/ld+json\" class=\"yoast-schema-graph\">{\"@context\":\"https:\/\/schema.org\",\"@graph\":[{\"@type\":\"WebPage\",\"@id\":\"https:\/\/www.bagmatic.com\/de\/produkte-zubehoer\/verpackungsmaschinen\/tischmaschinen\/t-375-tischmaschine-mit-drucker\/\",\"url\":\"https:\/\/www.bagmatic.com\/de\/produkte-zubehoer\/verpackungsmaschinen\/tischmaschinen\/t-375-tischmaschine-mit-drucker\/\",\"name\":\"T-375 Tischmaschine mit Drucker | BagMatic Verpackungsmaschinen\",\"isPartOf\":{\"@id\":\"https:\/\/www.bagmatic.com\/de\/#website\"},\"datePublished\":\"2019-07-30T13:42:54+00:00\",\"dateModified\":\"2023-06-26T08:03:22+00:00\",\"description\":\"Halbautomatisches Verpacken mit der Verpackungsmaschine T-375 Tischmaschine mit Drucker \u2705 Jetzt unverbindlich anfragen!\",\"breadcrumb\":{\"@id\":\"https:\/\/www.bagmatic.com\/de\/produkte-zubehoer\/verpackungsmaschinen\/tischmaschinen\/t-375-tischmaschine-mit-drucker\/#breadcrumb\"},\"inLanguage\":\"de\",\"potentialAction\":[{\"@type\":\"ReadAction\",\"target\":[\"https:\/\/www.bagmatic.com\/de\/produkte-zubehoer\/verpackungsmaschinen\/tischmaschinen\/t-375-tischmaschine-mit-drucker\/\"]}]},{\"@type\":\"BreadcrumbList\",\"@id\":\"https:\/\/www.bagmatic.com\/de\/produkte-zubehoer\/verpackungsmaschinen\/tischmaschinen\/t-375-tischmaschine-mit-drucker\/#breadcrumb\",\"itemListElement\":[{\"@type\":\"ListItem\",\"position\":1,\"name\":\"Start\",\"item\":\"https:\/\/www.bagmatic.com\/de\/\"},{\"@type\":\"ListItem\",\"position\":2,\"name\":\"Produkte &#038; Zubeh\u00f6r\",\"item\":\"https:\/\/www.bagmatic.com\/de\/produkte-zubehoer\/\"},{\"@type\":\"ListItem\",\"position\":3,\"name\":\"Verpackungsmaschinen\",\"item\":\"https:\/\/www.bagmatic.com\/de\/produkt-kategorie\/verpackungsmaschinen\/\"},{\"@type\":\"ListItem\",\"position\":4,\"name\":\"Tischmaschinen\",\"item\":\"https:\/\/www.bagmatic.com\/de\/produkt-kategorie\/verpackungsmaschinen\/tischmaschinen\/\"},{\"@type\":\"ListItem\",\"position\":5,\"name\":\"T-375 Tischmaschine mit Drucker\"}]},{\"@type\":\"WebSite\",\"@id\":\"https:\/\/www.bagmatic.com\/de\/#website\",\"url\":\"https:\/\/www.bagmatic.com\/de\/\",\"name\":\"BagMatic\",\"description\":\"\",\"publisher\":{\"@id\":\"https:\/\/www.bagmatic.com\/de\/#organization\"},\"potentialAction\":[{\"@type\":\"SearchAction\",\"target\":{\"@type\":\"EntryPoint\",\"urlTemplate\":\"https:\/\/www.bagmatic.com\/de\/?s={search_term_string}\"},\"query-input\":\"required name=search_term_string\"}],\"inLanguage\":\"de\"},{\"@type\":\"Organization\",\"@id\":\"https:\/\/www.bagmatic.com\/de\/#organization\",\"name\":\"BAGMATIC\u00ae GmbH\",\"url\":\"https:\/\/www.bagmatic.com\/de\/\",\"logo\":{\"@type\":\"ImageObject\",\"inLanguage\":\"de\",\"@id\":\"https:\/\/www.bagmatic.com\/de\/#\/schema\/logo\/image\/\",\"url\":\"https:\/\/www.bagmatic.com\/wp-content\/uploads\/bagmatic-logo.png\",\"contentUrl\":\"https:\/\/www.bagmatic.com\/wp-content\/uploads\/bagmatic-logo.png\",\"width\":500,\"height\":114,\"caption\":\"BAGMATIC\u00ae GmbH\"},\"image\":{\"@id\":\"https:\/\/www.bagmatic.com\/de\/#\/schema\/logo\/image\/\"}}]}<\/script>\n<!-- \/ Yoast SEO plugin. -->","yoast_head_json":{"title":"T-375 Tischmaschine mit Drucker | BagMatic Verpackungsmaschinen","description":"Halbautomatisches Verpacken mit der Verpackungsmaschine T-375 Tischmaschine mit Drucker \u2705 Jetzt unverbindlich anfragen!","robots":{"index":"index","follow":"follow","max-snippet":"max-snippet:-1","max-image-preview":"max-image-preview:large","max-video-preview":"max-video-preview:-1"},"canonical":"https:\/\/www.bagmatic.com\/de\/produkte-zubehoer\/verpackungsmaschinen\/tischmaschinen\/t-375-tischmaschine-mit-drucker\/","og_locale":"de_DE","og_type":"article","og_title":"T-375 Tischmaschine mit Drucker | BagMatic Verpackungsmaschinen","og_description":"Halbautomatisches Verpacken mit der Verpackungsmaschine T-375 Tischmaschine mit Drucker \u2705 Jetzt unverbindlich anfragen!","og_url":"https:\/\/www.bagmatic.com\/de\/produkte-zubehoer\/verpackungsmaschinen\/tischmaschinen\/t-375-tischmaschine-mit-drucker\/","og_site_name":"BagMatic","article_modified_time":"2023-06-26T08:03:22+00:00","og_image":[{"width":1920,"height":1280,"url":"https:\/\/www.bagmatic.com\/wp-content\/uploads\/automatische-verpackungsmaschine-verpackungssystem-technik-automatic-packaging-machine-t375-front.jpg","type":"image\/jpeg"}],"twitter_card":"summary_large_image","twitter_misc":{"Gesch\u00e4tzte Lesezeit":"2\u00a0Minuten"},"schema":{"@context":"https:\/\/schema.org","@graph":[{"@type":"WebPage","@id":"https:\/\/www.bagmatic.com\/de\/produkte-zubehoer\/verpackungsmaschinen\/tischmaschinen\/t-375-tischmaschine-mit-drucker\/","url":"https:\/\/www.bagmatic.com\/de\/produkte-zubehoer\/verpackungsmaschinen\/tischmaschinen\/t-375-tischmaschine-mit-drucker\/","name":"T-375 Tischmaschine mit Drucker | BagMatic Verpackungsmaschinen","isPartOf":{"@id":"https:\/\/www.bagmatic.com\/de\/#website"},"datePublished":"2019-07-30T13:42:54+00:00","dateModified":"2023-06-26T08:03:22+00:00","description":"Halbautomatisches Verpacken mit der Verpackungsmaschine T-375 Tischmaschine mit Drucker \u2705 Jetzt unverbindlich anfragen!","breadcrumb":{"@id":"https:\/\/www.bagmatic.com\/de\/produkte-zubehoer\/verpackungsmaschinen\/tischmaschinen\/t-375-tischmaschine-mit-drucker\/#breadcrumb"},"inLanguage":"de","potentialAction":[{"@type":"ReadAction","target":["https:\/\/www.bagmatic.com\/de\/produkte-zubehoer\/verpackungsmaschinen\/tischmaschinen\/t-375-tischmaschine-mit-drucker\/"]}]},{"@type":"BreadcrumbList","@id":"https:\/\/www.bagmatic.com\/de\/produkte-zubehoer\/verpackungsmaschinen\/tischmaschinen\/t-375-tischmaschine-mit-drucker\/#breadcrumb","itemListElement":[{"@type":"ListItem","position":1,"name":"Start","item":"https:\/\/www.bagmatic.com\/de\/"},{"@type":"ListItem","position":2,"name":"Produkte &#038; Zubeh\u00f6r","item":"https:\/\/www.bagmatic.com\/de\/produkte-zubehoer\/"},{"@type":"ListItem","position":3,"name":"Verpackungsmaschinen","item":"https:\/\/www.bagmatic.com\/de\/produkt-kategorie\/verpackungsmaschinen\/"},{"@type":"ListItem","position":4,"name":"Tischmaschinen","item":"https:\/\/www.bagmatic.com\/de\/produkt-kategorie\/verpackungsmaschinen\/tischmaschinen\/"},{"@type":"ListItem","position":5,"name":"T-375 Tischmaschine mit Drucker"}]},{"@type":"WebSite","@id":"https:\/\/www.bagmatic.com\/de\/#website","url":"https:\/\/www.bagmatic.com\/de\/","name":"BagMatic","description":"","publisher":{"@id":"https:\/\/www.bagmatic.com\/de\/#organization"},"potentialAction":[{"@type":"SearchAction","target":{"@type":"EntryPoint","urlTemplate":"https:\/\/www.bagmatic.com\/de\/?s={search_term_string}"},"query-input":"required name=search_term_string"}],"inLanguage":"de"},{"@type":"Organization","@id":"https:\/\/www.bagmatic.com\/de\/#organization","name":"BAGMATIC\u00ae GmbH","url":"https:\/\/www.bagmatic.com\/de\/","logo":{"@type":"ImageObject","inLanguage":"de","@id":"https:\/\/www.bagmatic.com\/de\/#\/schema\/logo\/image\/","url":"https:\/\/www.bagmatic.com\/wp-content\/uploads\/bagmatic-logo.png","contentUrl":"https:\/\/www.bagmatic.com\/wp-content\/uploads\/bagmatic-logo.png","width":500,"height":114,"caption":"BAGMATIC\u00ae GmbH"},"image":{"@id":"https:\/\/www.bagmatic.com\/de\/#\/schema\/logo\/image\/"}}]}},"_links":{"self":[{"href":"https:\/\/www.bagmatic.com\/de\/wp-json\/wp\/v2\/product\/160"}],"collection":[{"href":"https:\/\/www.bagmatic.com\/de\/wp-json\/wp\/v2\/product"}],"about":[{"href":"https:\/\/www.bagmatic.com\/de\/wp-json\/wp\/v2\/types\/product"}],"wp:featuredmedia":[{"embeddable":true,"href":"https:\/\/www.bagmatic.com\/de\/wp-json\/wp\/v2\/media\/894"}],"wp:attachment":[{"href":"https:\/\/www.bagmatic.com\/de\/wp-json\/wp\/v2\/media?parent=160"}],"wp:term":[{"taxonomy":"product_cat","embeddable":true,"href":"https:\/\/www.bagmatic.com\/de\/wp-json\/wp\/v2\/product_cat?post=160"},{"taxonomy":"product_tag","embeddable":true,"href":"https:\/\/www.bagmatic.com\/de\/wp-json\/wp\/v2\/product_tag?post=160"}],"curies":[{"name":"wp","href":"https:\/\/api.w.org\/{rel}","templated":true}]}}