{"id":163,"date":"2019-07-30T15:53:19","date_gmt":"2019-07-30T13:53:19","guid":{"rendered":"https:\/\/2019.bagmatic.com\/de\/?post_type=product&#038;p=163"},"modified":"2019-10-30T11:11:05","modified_gmt":"2019-10-30T10:11:05","slug":"t-200-manuelle-tischmaschine-fuer-verpackungen","status":"publish","type":"product","link":"https:\/\/www.bagmatic.com\/de\/produkte-zubehoer\/verpackungsmaschinen\/tischmaschinen\/t-200-manuelle-tischmaschine-fuer-verpackungen\/","title":{"rendered":"T-200 manuelle Tischmaschine f\u00fcr Verpackungen"},"content":{"rendered":"<p>Werfen Sie Ihr Hand-Verschwei\u00dfungsger\u00e4t weg und verpacken Sie Ihre Produkte mindestens doppelt so schnell mit der Tischmaschine T-200. Au\u00dfer der schnelleren Beutelverpackung vereinfacht sich auch der Verpackungsprozess, und Sie senken die Kosten.<\/p>\n<p>Sie k\u00f6nnen elektronische Komponenten, Literatur, Handb\u00fccher, verschiedene Lebensmittel, Schmuck, Handwerkszeug und vieles mehr mit der T-200 wesentlich schneller verpacken als mit dem Handger\u00e4t, indem Sie statt losen Beuteln unsere vorge\u00f6ffneten Kettenbeutel auf Rollen benutzen. Ziehen Sie den Beutel mit der Hand in die Lade- und Verschwei\u00dfposition, dann wird er sofort durch einen Luftstrom zum Laden ge\u00f6ffnet. F\u00fcllen Sie Ihre Produkte ein und bedienen Sie den Fu\u00dfschalter oder den Sicherheitsschalter, damit die Maschine den Beutel automatisch verschwei\u00dft. So einfach ist das.<\/p>\n<p><strong>Standardeigenschaften:<\/strong><\/p>\n<ul>\n<li>Verweilzeit- und W\u00e4rmekontrolle<\/li>\n<li>W\u00e4rme\/Verweilen &amp; Kalt LED-Lampen zeigen die zyklische Operation des Verschwei\u00dfmechanismusses an.<\/li>\n<li>Der patentierte Teflonbalken verbessert die Haltbarkeit des Teflons ungemein, weil das Teflon nur w\u00e4hrend der Verschwei\u00dfung mit dem Heizelement in Kontakt kommt; das Heizelement bleibt sauber und hat daher eine lange Lebensdauer.<\/li>\n<li>Fu\u00dfpedal zur Aktivierung der Maschine<\/li>\n<li>Die patentierte Anti-St\u00f6reinrichtung sorgt daf\u00fcr, dass keine st\u00f6renden Objekte verschwei\u00dft werden.<\/li>\n<li>Der universale Trichterzusatz als Standard erlaubt dem Bediener, das Produkt direkt in den Beutel gleiten zu lassen.<\/li>\n<li>Der einstellbare Luftvolumenregler filtert einen gleichm\u00e4\u00dfigen Strom sauberer Luft mit einem 4-MicronFilter.<\/li>\n<li>Das einstellbare Ladebord unterst\u00fctzt den Beutel und erleichtert es dem Bediener, den Beutel in die richtige Verschwei\u00dfposition zu bringen.<\/li>\n<li>Die Einrichtung zum schnellen Wechsel der Beutelrollen und zum schnellen Einf\u00e4deln der Beutelkette erlaubt es dem Bediener, die Beutelrollen in weniger als einer Minute zu wechseln.<\/li>\n<\/ul>\n","protected":false},"excerpt":{"rendered":"<p>Manuelle Tischmaschine f\u00fcr Beutelverpackung. Es handelt sich um Kettenbeutel auf Rollen. Die Beutel werden per Hand in F\u00fcllposition gezogen, aber automatisch ge\u00f6ffnet und nach dem Einf\u00fcllen von Teilen automatisch verschwei\u00dft.<\/p>\n<p>Vergessen Sie das Verschwei\u00dfen mit der Hand, denn die Tischmaschine f\u00fcr Beutelverpackung T-200, die auch automatisch verschwei\u00dft, steigert die Produktion dramatisch und<br \/>\nvermindert die Verpackungskosten durch Vereinfachung der Verpackungsoperation.<\/p>\n<p>Verpackt jede Art von Produkten \u2013 von elektronischen Komponenten, Literatur, Handb\u00fcchern, Lebensmitteln, Schmuck bis zu Handwerkszeug!<\/p>\n<p>Die T-200 verwendet unsere vorge\u00f6ffneten Kettenbeutel auf Rollen. Einfach nur den Beutel in die Lade- und Verschwei\u00dfposition ziehen, so dass ein Luftstrom den Beutel \u00f6ffnet und aufbl\u00e4st, das zu verpackende Produkt in den Beutel hineinwerfen, das Fu\u00dfpedal oder den Knopf dr\u00fccken, um den Beutel zu verschwei\u00dfen \u2013 fertig. So einfach und schnell geht das.<\/p>\n","protected":false},"featured_media":488,"template":"","meta":[],"product_cat":[19,20],"product_tag":[],"yoast_head":"<!-- This site is optimized with the Yoast SEO plugin v20.1 - https:\/\/yoast.com\/wordpress\/plugins\/seo\/ -->\n<title>T-200 manuelle Tischmaschine f\u00fcr Verpackungen | BagMatic Verpackungsmaschinen<\/title>\n<meta name=\"description\" content=\"Halbautomatisches Verpacken mit der Verpackungsmaschine T-200 manuelle Tischmaschine f\u00fcr Verpackungen \u2705 Jetzt unverbindlich anfragen!\" \/>\n<meta name=\"robots\" content=\"index, follow, max-snippet:-1, max-image-preview:large, max-video-preview:-1\" \/>\n<link rel=\"canonical\" href=\"https:\/\/www.bagmatic.com\/de\/produkte-zubehoer\/verpackungsmaschinen\/tischmaschinen\/t-200-manuelle-tischmaschine-fuer-verpackungen\/\" \/>\n<meta property=\"og:locale\" content=\"de_DE\" \/>\n<meta property=\"og:type\" content=\"article\" \/>\n<meta property=\"og:title\" content=\"T-200 manuelle Tischmaschine f\u00fcr Verpackungen | BagMatic Verpackungsmaschinen\" \/>\n<meta property=\"og:description\" content=\"Halbautomatisches Verpacken mit der Verpackungsmaschine T-200 manuelle Tischmaschine f\u00fcr Verpackungen \u2705 Jetzt unverbindlich anfragen!\" \/>\n<meta property=\"og:url\" content=\"https:\/\/www.bagmatic.com\/de\/produkte-zubehoer\/verpackungsmaschinen\/tischmaschinen\/t-200-manuelle-tischmaschine-fuer-verpackungen\/\" \/>\n<meta property=\"og:site_name\" content=\"BagMatic\" \/>\n<meta property=\"article:modified_time\" content=\"2019-10-30T10:11:05+00:00\" \/>\n<meta property=\"og:image\" content=\"https:\/\/www.bagmatic.com\/wp-content\/uploads\/T-200-tischmaschine-verpackungsmaschine-walpak-bagmatic.jpg\" \/>\n\t<meta property=\"og:image:width\" content=\"2000\" \/>\n\t<meta property=\"og:image:height\" content=\"2000\" \/>\n\t<meta property=\"og:image:type\" content=\"image\/jpeg\" \/>\n<meta name=\"twitter:card\" content=\"summary_large_image\" \/>\n<meta name=\"twitter:label1\" content=\"Gesch\u00e4tzte Lesezeit\" \/>\n\t<meta name=\"twitter:data1\" content=\"1\u00a0Minute\" \/>\n<script type=\"application\/ld+json\" class=\"yoast-schema-graph\">{\"@context\":\"https:\/\/schema.org\",\"@graph\":[{\"@type\":\"WebPage\",\"@id\":\"https:\/\/www.bagmatic.com\/de\/produkte-zubehoer\/verpackungsmaschinen\/tischmaschinen\/t-200-manuelle-tischmaschine-fuer-verpackungen\/\",\"url\":\"https:\/\/www.bagmatic.com\/de\/produkte-zubehoer\/verpackungsmaschinen\/tischmaschinen\/t-200-manuelle-tischmaschine-fuer-verpackungen\/\",\"name\":\"T-200 manuelle Tischmaschine f\u00fcr Verpackungen | BagMatic Verpackungsmaschinen\",\"isPartOf\":{\"@id\":\"https:\/\/www.bagmatic.com\/de\/#website\"},\"datePublished\":\"2019-07-30T13:53:19+00:00\",\"dateModified\":\"2019-10-30T10:11:05+00:00\",\"description\":\"Halbautomatisches Verpacken mit der Verpackungsmaschine T-200 manuelle Tischmaschine f\u00fcr Verpackungen \u2705 Jetzt unverbindlich anfragen!\",\"breadcrumb\":{\"@id\":\"https:\/\/www.bagmatic.com\/de\/produkte-zubehoer\/verpackungsmaschinen\/tischmaschinen\/t-200-manuelle-tischmaschine-fuer-verpackungen\/#breadcrumb\"},\"inLanguage\":\"de\",\"potentialAction\":[{\"@type\":\"ReadAction\",\"target\":[\"https:\/\/www.bagmatic.com\/de\/produkte-zubehoer\/verpackungsmaschinen\/tischmaschinen\/t-200-manuelle-tischmaschine-fuer-verpackungen\/\"]}]},{\"@type\":\"BreadcrumbList\",\"@id\":\"https:\/\/www.bagmatic.com\/de\/produkte-zubehoer\/verpackungsmaschinen\/tischmaschinen\/t-200-manuelle-tischmaschine-fuer-verpackungen\/#breadcrumb\",\"itemListElement\":[{\"@type\":\"ListItem\",\"position\":1,\"name\":\"Start\",\"item\":\"https:\/\/www.bagmatic.com\/de\/\"},{\"@type\":\"ListItem\",\"position\":2,\"name\":\"Produkte &#038; Zubeh\u00f6r\",\"item\":\"https:\/\/www.bagmatic.com\/de\/produkte-zubehoer\/\"},{\"@type\":\"ListItem\",\"position\":3,\"name\":\"Verpackungsmaschinen\",\"item\":\"https:\/\/www.bagmatic.com\/de\/produkt-kategorie\/verpackungsmaschinen\/\"},{\"@type\":\"ListItem\",\"position\":4,\"name\":\"Tischmaschinen\",\"item\":\"https:\/\/www.bagmatic.com\/de\/produkt-kategorie\/verpackungsmaschinen\/tischmaschinen\/\"},{\"@type\":\"ListItem\",\"position\":5,\"name\":\"T-200 manuelle Tischmaschine f\u00fcr Verpackungen\"}]},{\"@type\":\"WebSite\",\"@id\":\"https:\/\/www.bagmatic.com\/de\/#website\",\"url\":\"https:\/\/www.bagmatic.com\/de\/\",\"name\":\"BagMatic\",\"description\":\"\",\"publisher\":{\"@id\":\"https:\/\/www.bagmatic.com\/de\/#organization\"},\"potentialAction\":[{\"@type\":\"SearchAction\",\"target\":{\"@type\":\"EntryPoint\",\"urlTemplate\":\"https:\/\/www.bagmatic.com\/de\/?s={search_term_string}\"},\"query-input\":\"required name=search_term_string\"}],\"inLanguage\":\"de\"},{\"@type\":\"Organization\",\"@id\":\"https:\/\/www.bagmatic.com\/de\/#organization\",\"name\":\"BAGMATIC\u00ae GmbH\",\"url\":\"https:\/\/www.bagmatic.com\/de\/\",\"logo\":{\"@type\":\"ImageObject\",\"inLanguage\":\"de\",\"@id\":\"https:\/\/www.bagmatic.com\/de\/#\/schema\/logo\/image\/\",\"url\":\"https:\/\/www.bagmatic.com\/wp-content\/uploads\/bagmatic-logo.png\",\"contentUrl\":\"https:\/\/www.bagmatic.com\/wp-content\/uploads\/bagmatic-logo.png\",\"width\":500,\"height\":114,\"caption\":\"BAGMATIC\u00ae GmbH\"},\"image\":{\"@id\":\"https:\/\/www.bagmatic.com\/de\/#\/schema\/logo\/image\/\"}}]}<\/script>\n<!-- \/ Yoast SEO plugin. -->","yoast_head_json":{"title":"T-200 manuelle Tischmaschine f\u00fcr Verpackungen | BagMatic Verpackungsmaschinen","description":"Halbautomatisches Verpacken mit der Verpackungsmaschine T-200 manuelle Tischmaschine f\u00fcr Verpackungen \u2705 Jetzt unverbindlich anfragen!","robots":{"index":"index","follow":"follow","max-snippet":"max-snippet:-1","max-image-preview":"max-image-preview:large","max-video-preview":"max-video-preview:-1"},"canonical":"https:\/\/www.bagmatic.com\/de\/produkte-zubehoer\/verpackungsmaschinen\/tischmaschinen\/t-200-manuelle-tischmaschine-fuer-verpackungen\/","og_locale":"de_DE","og_type":"article","og_title":"T-200 manuelle Tischmaschine f\u00fcr Verpackungen | BagMatic Verpackungsmaschinen","og_description":"Halbautomatisches Verpacken mit der Verpackungsmaschine T-200 manuelle Tischmaschine f\u00fcr Verpackungen \u2705 Jetzt unverbindlich anfragen!","og_url":"https:\/\/www.bagmatic.com\/de\/produkte-zubehoer\/verpackungsmaschinen\/tischmaschinen\/t-200-manuelle-tischmaschine-fuer-verpackungen\/","og_site_name":"BagMatic","article_modified_time":"2019-10-30T10:11:05+00:00","og_image":[{"width":2000,"height":2000,"url":"https:\/\/www.bagmatic.com\/wp-content\/uploads\/T-200-tischmaschine-verpackungsmaschine-walpak-bagmatic.jpg","type":"image\/jpeg"}],"twitter_card":"summary_large_image","twitter_misc":{"Gesch\u00e4tzte Lesezeit":"1\u00a0Minute"},"schema":{"@context":"https:\/\/schema.org","@graph":[{"@type":"WebPage","@id":"https:\/\/www.bagmatic.com\/de\/produkte-zubehoer\/verpackungsmaschinen\/tischmaschinen\/t-200-manuelle-tischmaschine-fuer-verpackungen\/","url":"https:\/\/www.bagmatic.com\/de\/produkte-zubehoer\/verpackungsmaschinen\/tischmaschinen\/t-200-manuelle-tischmaschine-fuer-verpackungen\/","name":"T-200 manuelle Tischmaschine f\u00fcr Verpackungen | BagMatic Verpackungsmaschinen","isPartOf":{"@id":"https:\/\/www.bagmatic.com\/de\/#website"},"datePublished":"2019-07-30T13:53:19+00:00","dateModified":"2019-10-30T10:11:05+00:00","description":"Halbautomatisches Verpacken mit der Verpackungsmaschine T-200 manuelle Tischmaschine f\u00fcr Verpackungen \u2705 Jetzt unverbindlich anfragen!","breadcrumb":{"@id":"https:\/\/www.bagmatic.com\/de\/produkte-zubehoer\/verpackungsmaschinen\/tischmaschinen\/t-200-manuelle-tischmaschine-fuer-verpackungen\/#breadcrumb"},"inLanguage":"de","potentialAction":[{"@type":"ReadAction","target":["https:\/\/www.bagmatic.com\/de\/produkte-zubehoer\/verpackungsmaschinen\/tischmaschinen\/t-200-manuelle-tischmaschine-fuer-verpackungen\/"]}]},{"@type":"BreadcrumbList","@id":"https:\/\/www.bagmatic.com\/de\/produkte-zubehoer\/verpackungsmaschinen\/tischmaschinen\/t-200-manuelle-tischmaschine-fuer-verpackungen\/#breadcrumb","itemListElement":[{"@type":"ListItem","position":1,"name":"Start","item":"https:\/\/www.bagmatic.com\/de\/"},{"@type":"ListItem","position":2,"name":"Produkte &#038; Zubeh\u00f6r","item":"https:\/\/www.bagmatic.com\/de\/produkte-zubehoer\/"},{"@type":"ListItem","position":3,"name":"Verpackungsmaschinen","item":"https:\/\/www.bagmatic.com\/de\/produkt-kategorie\/verpackungsmaschinen\/"},{"@type":"ListItem","position":4,"name":"Tischmaschinen","item":"https:\/\/www.bagmatic.com\/de\/produkt-kategorie\/verpackungsmaschinen\/tischmaschinen\/"},{"@type":"ListItem","position":5,"name":"T-200 manuelle Tischmaschine f\u00fcr Verpackungen"}]},{"@type":"WebSite","@id":"https:\/\/www.bagmatic.com\/de\/#website","url":"https:\/\/www.bagmatic.com\/de\/","name":"BagMatic","description":"","publisher":{"@id":"https:\/\/www.bagmatic.com\/de\/#organization"},"potentialAction":[{"@type":"SearchAction","target":{"@type":"EntryPoint","urlTemplate":"https:\/\/www.bagmatic.com\/de\/?s={search_term_string}"},"query-input":"required name=search_term_string"}],"inLanguage":"de"},{"@type":"Organization","@id":"https:\/\/www.bagmatic.com\/de\/#organization","name":"BAGMATIC\u00ae GmbH","url":"https:\/\/www.bagmatic.com\/de\/","logo":{"@type":"ImageObject","inLanguage":"de","@id":"https:\/\/www.bagmatic.com\/de\/#\/schema\/logo\/image\/","url":"https:\/\/www.bagmatic.com\/wp-content\/uploads\/bagmatic-logo.png","contentUrl":"https:\/\/www.bagmatic.com\/wp-content\/uploads\/bagmatic-logo.png","width":500,"height":114,"caption":"BAGMATIC\u00ae GmbH"},"image":{"@id":"https:\/\/www.bagmatic.com\/de\/#\/schema\/logo\/image\/"}}]}},"_links":{"self":[{"href":"https:\/\/www.bagmatic.com\/de\/wp-json\/wp\/v2\/product\/163"}],"collection":[{"href":"https:\/\/www.bagmatic.com\/de\/wp-json\/wp\/v2\/product"}],"about":[{"href":"https:\/\/www.bagmatic.com\/de\/wp-json\/wp\/v2\/types\/product"}],"wp:featuredmedia":[{"embeddable":true,"href":"https:\/\/www.bagmatic.com\/de\/wp-json\/wp\/v2\/media\/488"}],"wp:attachment":[{"href":"https:\/\/www.bagmatic.com\/de\/wp-json\/wp\/v2\/media?parent=163"}],"wp:term":[{"taxonomy":"product_cat","embeddable":true,"href":"https:\/\/www.bagmatic.com\/de\/wp-json\/wp\/v2\/product_cat?post=163"},{"taxonomy":"product_tag","embeddable":true,"href":"https:\/\/www.bagmatic.com\/de\/wp-json\/wp\/v2\/product_tag?post=163"}],"curies":[{"name":"wp","href":"https:\/\/api.w.org\/{rel}","templated":true}]}}