{"id":171,"date":"2019-07-30T16:03:14","date_gmt":"2019-07-30T14:03:14","guid":{"rendered":"https:\/\/2019.bagmatic.com\/de\/?post_type=product&#038;p=171"},"modified":"2021-02-18T12:56:42","modified_gmt":"2021-02-18T11:56:42","slug":"t-300-automatische-tischmaschine-und-verschweisser","status":"publish","type":"product","link":"https:\/\/www.bagmatic.com\/de\/produkte-zubehoer\/verpackungsmaschinen\/tischmaschinen\/t-300-automatische-tischmaschine-und-verschweisser\/","title":{"rendered":"T-300 automatische Tischmaschine und Verschwei\u00dfer"},"content":{"rendered":"<p>Unsere kleinste, automatische Verpackungsmaschine bietet\u00a0mit dem neuen, externen &#8222;Touch-Screen&#8220; zur einfachen Bedienung\u00a0mehrere Verpackungsm\u00f6glichkeiten. Der neue, externe Touch-Screen hat eine Gr\u00f6\u00dfe von 215 mm x 156 mm. Er kann auf oder neben der Maschine angebracht werden. &#8222;Pop-up&#8220;- Nachrichtenfenster zeigen Status- und Fehler an. Dar\u00fcber hinaus enth\u00e4lt die Maschine Speicher- und Abruffunktion f\u00fcr variable Auftr\u00e4ge, und der Anschluss f\u00fcr automatische Beuteleinf\u00fchrung ist m\u00f6glich. Die fertigen Beutel werden automatisch registriert und versiegelt. Sie entscheiden, ob die einzelnen Beutel abegrissen oder eine fortlaufende Kette von fertigen Beuteln hergestellt werden soll.<\/p>\n<p><strong>T-300 Merkmale:<\/strong><\/p>\n<ul>\n<li>Voller Farbschirm mit Pop-up-Fenstern<\/li>\n<li>Fenster f\u00fcr Diagnose und St\u00f6rungshilfe<\/li>\n<li>Voreinstellung der Beutelanzahl und Durchlaufz\u00e4hler<\/li>\n<li>Automatischer Operationsschrittmacher mit Einstellung f\u00fcr Zeitverz\u00f6gerung zum<br \/>\nEinf\u00fcllen<\/li>\n<li>Universaleinstellbare Rutsche f\u00fcr Einf\u00fcllteile<\/li>\n<li>Einstellbares St\u00fctzbord<\/li>\n<li>Bl\u00e4ser bei der Kontrolle des Durchlaufflusses<\/li>\n<li>Einj\u00e4hrige Garantie f\u00fcr Maschinenteile (Verschlei\u00dfteile ausgenommen )<\/li>\n<\/ul>\n","protected":false},"excerpt":{"rendered":"<p>Tischmaschine f\u00fcr Beutelverpackung. Diese Maschine ist wesentlich schneller als die T-200 und die T-275. Sie hat einen Touch-Screen mit &#8222;Pop-up&#8220;-Fenstern f\u00fcr Nachrichten, Status- und Fehleranzeige sowie Speicher- und Abruffunktion f\u00fcr verschiedene Auftr\u00e4ge.<\/p>\n<p>Unsere kleinste, vollautomatische Verpackungsmaschine bietet erh\u00f6hte Produktionsleistung. Sie enth\u00e4lt viele neue Module und Eigenschaften einschlie\u00dflich Touch-Screen-Operation, \u201ePop-up\u201c- Mitteilungen, Jobspeicherung\/ Jobaufruf und automatischen Lauf mit Schrittmacher.<\/p>\n<p>M\u00f6glichkeit f\u00fcr automatisches Indexieren, Verschwei\u00dfen, Abtrennen von gef\u00fcllten Einzelbeuteln oder Beutelketten. Verf\u00fcgbare Zusatzoptionen sind u.a. der BF-10 Beutelentl\u00fcfter, der CF-10 Z\u00e4hltrichter, der CS-10 Beutelaufteiler, die LS-10\/LS15 Ladeborde, die BL-10 Abblasvorrichtung, Handscanner, Edelstahltrichter und der Wagen (siehe unten).<\/p>\n","protected":false},"featured_media":1835,"template":"","meta":[],"product_cat":[19,20],"product_tag":[],"yoast_head":"<!-- This site is optimized with the Yoast SEO plugin v20.1 - https:\/\/yoast.com\/wordpress\/plugins\/seo\/ -->\n<title>T-300 automatische Tischmaschine und Verschwei\u00dfer | BagMatic Verpackungsmaschinen<\/title>\n<meta name=\"description\" content=\"Halbautomatisches Verpacken mit der Verpackungsmaschine T-300 automatische Tischmaschine und Verschwei\u00dfer \u2705 Jetzt unverbindlich anfragen!\" \/>\n<meta name=\"robots\" content=\"index, follow, max-snippet:-1, max-image-preview:large, max-video-preview:-1\" \/>\n<link rel=\"canonical\" href=\"https:\/\/www.bagmatic.com\/de\/produkte-zubehoer\/verpackungsmaschinen\/tischmaschinen\/t-300-automatische-tischmaschine-und-verschweisser\/\" \/>\n<meta property=\"og:locale\" content=\"de_DE\" \/>\n<meta property=\"og:type\" content=\"article\" \/>\n<meta property=\"og:title\" content=\"T-300 automatische Tischmaschine und Verschwei\u00dfer | BagMatic Verpackungsmaschinen\" \/>\n<meta property=\"og:description\" content=\"Halbautomatisches Verpacken mit der Verpackungsmaschine T-300 automatische Tischmaschine und Verschwei\u00dfer \u2705 Jetzt unverbindlich anfragen!\" \/>\n<meta property=\"og:url\" content=\"https:\/\/www.bagmatic.com\/de\/produkte-zubehoer\/verpackungsmaschinen\/tischmaschinen\/t-300-automatische-tischmaschine-und-verschweisser\/\" \/>\n<meta property=\"og:site_name\" content=\"BagMatic\" \/>\n<meta property=\"article:modified_time\" content=\"2021-02-18T11:56:42+00:00\" \/>\n<meta property=\"og:image\" content=\"https:\/\/www.bagmatic.com\/wp-content\/uploads\/T375-front-.jpg\" \/>\n\t<meta property=\"og:image:width\" content=\"2500\" \/>\n\t<meta property=\"og:image:height\" content=\"1875\" \/>\n\t<meta property=\"og:image:type\" content=\"image\/jpeg\" \/>\n<meta name=\"twitter:card\" content=\"summary_large_image\" \/>\n<meta name=\"twitter:label1\" content=\"Gesch\u00e4tzte Lesezeit\" \/>\n\t<meta name=\"twitter:data1\" content=\"1\u00a0Minute\" \/>\n<script type=\"application\/ld+json\" class=\"yoast-schema-graph\">{\"@context\":\"https:\/\/schema.org\",\"@graph\":[{\"@type\":\"WebPage\",\"@id\":\"https:\/\/www.bagmatic.com\/de\/produkte-zubehoer\/verpackungsmaschinen\/tischmaschinen\/t-300-automatische-tischmaschine-und-verschweisser\/\",\"url\":\"https:\/\/www.bagmatic.com\/de\/produkte-zubehoer\/verpackungsmaschinen\/tischmaschinen\/t-300-automatische-tischmaschine-und-verschweisser\/\",\"name\":\"T-300 automatische Tischmaschine und Verschwei\u00dfer | BagMatic Verpackungsmaschinen\",\"isPartOf\":{\"@id\":\"https:\/\/www.bagmatic.com\/de\/#website\"},\"datePublished\":\"2019-07-30T14:03:14+00:00\",\"dateModified\":\"2021-02-18T11:56:42+00:00\",\"description\":\"Halbautomatisches Verpacken mit der Verpackungsmaschine T-300 automatische Tischmaschine und Verschwei\u00dfer \u2705 Jetzt unverbindlich anfragen!\",\"breadcrumb\":{\"@id\":\"https:\/\/www.bagmatic.com\/de\/produkte-zubehoer\/verpackungsmaschinen\/tischmaschinen\/t-300-automatische-tischmaschine-und-verschweisser\/#breadcrumb\"},\"inLanguage\":\"de\",\"potentialAction\":[{\"@type\":\"ReadAction\",\"target\":[\"https:\/\/www.bagmatic.com\/de\/produkte-zubehoer\/verpackungsmaschinen\/tischmaschinen\/t-300-automatische-tischmaschine-und-verschweisser\/\"]}]},{\"@type\":\"BreadcrumbList\",\"@id\":\"https:\/\/www.bagmatic.com\/de\/produkte-zubehoer\/verpackungsmaschinen\/tischmaschinen\/t-300-automatische-tischmaschine-und-verschweisser\/#breadcrumb\",\"itemListElement\":[{\"@type\":\"ListItem\",\"position\":1,\"name\":\"Start\",\"item\":\"https:\/\/www.bagmatic.com\/de\/\"},{\"@type\":\"ListItem\",\"position\":2,\"name\":\"Produkte &#038; Zubeh\u00f6r\",\"item\":\"https:\/\/www.bagmatic.com\/de\/produkte-zubehoer\/\"},{\"@type\":\"ListItem\",\"position\":3,\"name\":\"Verpackungsmaschinen\",\"item\":\"https:\/\/www.bagmatic.com\/de\/produkt-kategorie\/verpackungsmaschinen\/\"},{\"@type\":\"ListItem\",\"position\":4,\"name\":\"Tischmaschinen\",\"item\":\"https:\/\/www.bagmatic.com\/de\/produkt-kategorie\/verpackungsmaschinen\/tischmaschinen\/\"},{\"@type\":\"ListItem\",\"position\":5,\"name\":\"T-300 automatische Tischmaschine und Verschwei\u00dfer\"}]},{\"@type\":\"WebSite\",\"@id\":\"https:\/\/www.bagmatic.com\/de\/#website\",\"url\":\"https:\/\/www.bagmatic.com\/de\/\",\"name\":\"BagMatic\",\"description\":\"\",\"publisher\":{\"@id\":\"https:\/\/www.bagmatic.com\/de\/#organization\"},\"potentialAction\":[{\"@type\":\"SearchAction\",\"target\":{\"@type\":\"EntryPoint\",\"urlTemplate\":\"https:\/\/www.bagmatic.com\/de\/?s={search_term_string}\"},\"query-input\":\"required name=search_term_string\"}],\"inLanguage\":\"de\"},{\"@type\":\"Organization\",\"@id\":\"https:\/\/www.bagmatic.com\/de\/#organization\",\"name\":\"BAGMATIC\u00ae GmbH\",\"url\":\"https:\/\/www.bagmatic.com\/de\/\",\"logo\":{\"@type\":\"ImageObject\",\"inLanguage\":\"de\",\"@id\":\"https:\/\/www.bagmatic.com\/de\/#\/schema\/logo\/image\/\",\"url\":\"https:\/\/www.bagmatic.com\/wp-content\/uploads\/bagmatic-logo.png\",\"contentUrl\":\"https:\/\/www.bagmatic.com\/wp-content\/uploads\/bagmatic-logo.png\",\"width\":500,\"height\":114,\"caption\":\"BAGMATIC\u00ae GmbH\"},\"image\":{\"@id\":\"https:\/\/www.bagmatic.com\/de\/#\/schema\/logo\/image\/\"}}]}<\/script>\n<!-- \/ Yoast SEO plugin. -->","yoast_head_json":{"title":"T-300 automatische Tischmaschine und Verschwei\u00dfer | BagMatic Verpackungsmaschinen","description":"Halbautomatisches Verpacken mit der Verpackungsmaschine T-300 automatische Tischmaschine und Verschwei\u00dfer \u2705 Jetzt unverbindlich anfragen!","robots":{"index":"index","follow":"follow","max-snippet":"max-snippet:-1","max-image-preview":"max-image-preview:large","max-video-preview":"max-video-preview:-1"},"canonical":"https:\/\/www.bagmatic.com\/de\/produkte-zubehoer\/verpackungsmaschinen\/tischmaschinen\/t-300-automatische-tischmaschine-und-verschweisser\/","og_locale":"de_DE","og_type":"article","og_title":"T-300 automatische Tischmaschine und Verschwei\u00dfer | BagMatic Verpackungsmaschinen","og_description":"Halbautomatisches Verpacken mit der Verpackungsmaschine T-300 automatische Tischmaschine und Verschwei\u00dfer \u2705 Jetzt unverbindlich anfragen!","og_url":"https:\/\/www.bagmatic.com\/de\/produkte-zubehoer\/verpackungsmaschinen\/tischmaschinen\/t-300-automatische-tischmaschine-und-verschweisser\/","og_site_name":"BagMatic","article_modified_time":"2021-02-18T11:56:42+00:00","og_image":[{"width":2500,"height":1875,"url":"https:\/\/www.bagmatic.com\/wp-content\/uploads\/T375-front-.jpg","type":"image\/jpeg"}],"twitter_card":"summary_large_image","twitter_misc":{"Gesch\u00e4tzte Lesezeit":"1\u00a0Minute"},"schema":{"@context":"https:\/\/schema.org","@graph":[{"@type":"WebPage","@id":"https:\/\/www.bagmatic.com\/de\/produkte-zubehoer\/verpackungsmaschinen\/tischmaschinen\/t-300-automatische-tischmaschine-und-verschweisser\/","url":"https:\/\/www.bagmatic.com\/de\/produkte-zubehoer\/verpackungsmaschinen\/tischmaschinen\/t-300-automatische-tischmaschine-und-verschweisser\/","name":"T-300 automatische Tischmaschine und Verschwei\u00dfer | BagMatic Verpackungsmaschinen","isPartOf":{"@id":"https:\/\/www.bagmatic.com\/de\/#website"},"datePublished":"2019-07-30T14:03:14+00:00","dateModified":"2021-02-18T11:56:42+00:00","description":"Halbautomatisches Verpacken mit der Verpackungsmaschine T-300 automatische Tischmaschine und Verschwei\u00dfer \u2705 Jetzt unverbindlich anfragen!","breadcrumb":{"@id":"https:\/\/www.bagmatic.com\/de\/produkte-zubehoer\/verpackungsmaschinen\/tischmaschinen\/t-300-automatische-tischmaschine-und-verschweisser\/#breadcrumb"},"inLanguage":"de","potentialAction":[{"@type":"ReadAction","target":["https:\/\/www.bagmatic.com\/de\/produkte-zubehoer\/verpackungsmaschinen\/tischmaschinen\/t-300-automatische-tischmaschine-und-verschweisser\/"]}]},{"@type":"BreadcrumbList","@id":"https:\/\/www.bagmatic.com\/de\/produkte-zubehoer\/verpackungsmaschinen\/tischmaschinen\/t-300-automatische-tischmaschine-und-verschweisser\/#breadcrumb","itemListElement":[{"@type":"ListItem","position":1,"name":"Start","item":"https:\/\/www.bagmatic.com\/de\/"},{"@type":"ListItem","position":2,"name":"Produkte &#038; Zubeh\u00f6r","item":"https:\/\/www.bagmatic.com\/de\/produkte-zubehoer\/"},{"@type":"ListItem","position":3,"name":"Verpackungsmaschinen","item":"https:\/\/www.bagmatic.com\/de\/produkt-kategorie\/verpackungsmaschinen\/"},{"@type":"ListItem","position":4,"name":"Tischmaschinen","item":"https:\/\/www.bagmatic.com\/de\/produkt-kategorie\/verpackungsmaschinen\/tischmaschinen\/"},{"@type":"ListItem","position":5,"name":"T-300 automatische Tischmaschine und Verschwei\u00dfer"}]},{"@type":"WebSite","@id":"https:\/\/www.bagmatic.com\/de\/#website","url":"https:\/\/www.bagmatic.com\/de\/","name":"BagMatic","description":"","publisher":{"@id":"https:\/\/www.bagmatic.com\/de\/#organization"},"potentialAction":[{"@type":"SearchAction","target":{"@type":"EntryPoint","urlTemplate":"https:\/\/www.bagmatic.com\/de\/?s={search_term_string}"},"query-input":"required name=search_term_string"}],"inLanguage":"de"},{"@type":"Organization","@id":"https:\/\/www.bagmatic.com\/de\/#organization","name":"BAGMATIC\u00ae GmbH","url":"https:\/\/www.bagmatic.com\/de\/","logo":{"@type":"ImageObject","inLanguage":"de","@id":"https:\/\/www.bagmatic.com\/de\/#\/schema\/logo\/image\/","url":"https:\/\/www.bagmatic.com\/wp-content\/uploads\/bagmatic-logo.png","contentUrl":"https:\/\/www.bagmatic.com\/wp-content\/uploads\/bagmatic-logo.png","width":500,"height":114,"caption":"BAGMATIC\u00ae GmbH"},"image":{"@id":"https:\/\/www.bagmatic.com\/de\/#\/schema\/logo\/image\/"}}]}},"_links":{"self":[{"href":"https:\/\/www.bagmatic.com\/de\/wp-json\/wp\/v2\/product\/171"}],"collection":[{"href":"https:\/\/www.bagmatic.com\/de\/wp-json\/wp\/v2\/product"}],"about":[{"href":"https:\/\/www.bagmatic.com\/de\/wp-json\/wp\/v2\/types\/product"}],"wp:featuredmedia":[{"embeddable":true,"href":"https:\/\/www.bagmatic.com\/de\/wp-json\/wp\/v2\/media\/1835"}],"wp:attachment":[{"href":"https:\/\/www.bagmatic.com\/de\/wp-json\/wp\/v2\/media?parent=171"}],"wp:term":[{"taxonomy":"product_cat","embeddable":true,"href":"https:\/\/www.bagmatic.com\/de\/wp-json\/wp\/v2\/product_cat?post=171"},{"taxonomy":"product_tag","embeddable":true,"href":"https:\/\/www.bagmatic.com\/de\/wp-json\/wp\/v2\/product_tag?post=171"}],"curies":[{"name":"wp","href":"https:\/\/api.w.org\/{rel}","templated":true}]}}