{"id":174,"date":"2019-07-30T16:07:14","date_gmt":"2019-07-30T14:07:14","guid":{"rendered":"https:\/\/2019.bagmatic.com\/de\/?post_type=product&#038;p=174"},"modified":"2019-10-30T11:17:44","modified_gmt":"2019-10-30T10:17:44","slug":"t-300-tischmaschine-mit-bo-30-beuteloeffner","status":"publish","type":"product","link":"https:\/\/www.bagmatic.com\/de\/produkte-zubehoer\/verpackungsmaschinen\/tischmaschinen\/t-300-tischmaschine-mit-bo-30-beuteloeffner\/","title":{"rendered":"T-300 Tischmaschine mit BO-30 Beutel\u00f6ffner"},"content":{"rendered":"<p>Der B\u00d6-30 ist ein Beutel\u00f6ffner, den es bis April 2014 nur f\u00fcr die Industriemaschine T-1000 gab (Siehe PDF-Datei Zubeh\u00f6r zur T-1000 unter Industriemaschinen), jetzt aber auch f\u00fcr die Tischmaschine T-300 konstruiert wurde.<\/p>\n<p>Sie werden sich sicher fragen, wozu es eines Beutel\u00f6ffners bedarf, wenn doch die einzelnen Beutel der Beutelkette in Ladeposition gefahren und dort mit Hilfe eines Luftstroms ge\u00f6ffnet werden. Das ist im Prizip richtig, aber es passiert in seltenen F\u00e4llen, dass sich ein Beutel trotz des Luftstroms nicht \u00f6ffnet. Bei manuellem Laden des Beutels w\u00e4re das kein Problem, denn dann f\u00fcllt man eben den n\u00e4chsten Beutel und macht nicht den Versuch, den unge\u00f6ffneten Beutel zu f\u00fcllen.<\/p>\n<p>Bei automatischem Laden muss jedoch die hundertprozentige Sicherheit bestehen, dass jeder Beutel ohne Ausnahme geladen werden kann, und das leistet der Beutel\u00f6ffner B\u00d6-30.<\/p>\n<p>Der folgende Film zeigt den Beutel\u00f6ffner nur mit manueller Bedienung. Ein Video, das die T-300 mit Beutel\u00f6ffner in der Funktion als vollautomatische Verpackungsmaschine zeigt, folgt in K\u00fcrze.<\/p>\n","protected":false},"excerpt":{"rendered":"<p>Die Tischmaschine mit Beutel\u00f6ffner erlaubt vollautomatische Beutelverpackung ohne Ausschuss. In seltenen F\u00e4llen kommt es vor, dass sich ein Beutel durch den Luftstrom nicht \u00f6ffnet. Beim Laden w\u00fcrden die Einf\u00fcllteile nicht in den Beutel fallen. Das verhindert der Beutel\u00f6ffner.<\/p>\n<p>Als einzige Firma in Europa bieten wir eine Tischmaschine f\u00fcr Verpackung, die sich nicht nur manuell, sondern automatisch mit Ihren zu verpackenden Produkten f\u00fcttern l\u00e4sst. Das ist das Besondere an diesem Verpackungssystem: Sie k\u00f6nnen die Maschine T-300 mit dem Zubeh\u00f6r B\u00d6-30 als letztes Glied an eine vollautomatische Produktionslinie anschlie\u00dfen und erhalten als Resultat verkaufsfertige Beutel mit Ihren Produkten.<\/p>\n","protected":false},"featured_media":490,"template":"","meta":[],"product_cat":[19,20],"product_tag":[],"yoast_head":"<!-- This site is optimized with the Yoast SEO plugin v20.1 - https:\/\/yoast.com\/wordpress\/plugins\/seo\/ -->\n<title>T-300 Tischmaschine mit BO-30 Beutel\u00f6ffner | BagMatic Verpackungsmaschinen<\/title>\n<meta name=\"description\" content=\"Halbautomatisches Verpacken mit der Verpackungsmaschine T-300 Tischmaschine mit BO-30 Beutel\u00f6ffner \u2705 Jetzt unverbindlich anfragen!\" \/>\n<meta name=\"robots\" content=\"index, follow, max-snippet:-1, max-image-preview:large, max-video-preview:-1\" \/>\n<link rel=\"canonical\" href=\"https:\/\/www.bagmatic.com\/de\/produkte-zubehoer\/verpackungsmaschinen\/tischmaschinen\/t-300-tischmaschine-mit-bo-30-beuteloeffner\/\" \/>\n<meta property=\"og:locale\" content=\"de_DE\" \/>\n<meta property=\"og:type\" content=\"article\" \/>\n<meta property=\"og:title\" content=\"T-300 Tischmaschine mit BO-30 Beutel\u00f6ffner | BagMatic Verpackungsmaschinen\" \/>\n<meta property=\"og:description\" content=\"Halbautomatisches Verpacken mit der Verpackungsmaschine T-300 Tischmaschine mit BO-30 Beutel\u00f6ffner \u2705 Jetzt unverbindlich anfragen!\" \/>\n<meta property=\"og:url\" content=\"https:\/\/www.bagmatic.com\/de\/produkte-zubehoer\/verpackungsmaschinen\/tischmaschinen\/t-300-tischmaschine-mit-bo-30-beuteloeffner\/\" \/>\n<meta property=\"og:site_name\" content=\"BagMatic\" \/>\n<meta property=\"article:modified_time\" content=\"2019-10-30T10:17:44+00:00\" \/>\n<meta property=\"og:image\" content=\"https:\/\/www.bagmatic.com\/wp-content\/uploads\/t-300-tischmaschine-verpackungsmaschine-mit-beuteloeffner-bo-30-walpak-bagmatic-1024x1024.jpg\" \/>\n\t<meta property=\"og:image:width\" content=\"1024\" \/>\n\t<meta property=\"og:image:height\" content=\"1024\" \/>\n\t<meta property=\"og:image:type\" content=\"image\/jpeg\" \/>\n<meta name=\"twitter:card\" content=\"summary_large_image\" \/>\n<meta name=\"twitter:label1\" content=\"Gesch\u00e4tzte Lesezeit\" \/>\n\t<meta name=\"twitter:data1\" content=\"1\u00a0Minute\" \/>\n<script type=\"application\/ld+json\" class=\"yoast-schema-graph\">{\"@context\":\"https:\/\/schema.org\",\"@graph\":[{\"@type\":\"WebPage\",\"@id\":\"https:\/\/www.bagmatic.com\/de\/produkte-zubehoer\/verpackungsmaschinen\/tischmaschinen\/t-300-tischmaschine-mit-bo-30-beuteloeffner\/\",\"url\":\"https:\/\/www.bagmatic.com\/de\/produkte-zubehoer\/verpackungsmaschinen\/tischmaschinen\/t-300-tischmaschine-mit-bo-30-beuteloeffner\/\",\"name\":\"T-300 Tischmaschine mit BO-30 Beutel\u00f6ffner | BagMatic Verpackungsmaschinen\",\"isPartOf\":{\"@id\":\"https:\/\/www.bagmatic.com\/de\/#website\"},\"datePublished\":\"2019-07-30T14:07:14+00:00\",\"dateModified\":\"2019-10-30T10:17:44+00:00\",\"description\":\"Halbautomatisches Verpacken mit der Verpackungsmaschine T-300 Tischmaschine mit BO-30 Beutel\u00f6ffner \u2705 Jetzt unverbindlich anfragen!\",\"breadcrumb\":{\"@id\":\"https:\/\/www.bagmatic.com\/de\/produkte-zubehoer\/verpackungsmaschinen\/tischmaschinen\/t-300-tischmaschine-mit-bo-30-beuteloeffner\/#breadcrumb\"},\"inLanguage\":\"de\",\"potentialAction\":[{\"@type\":\"ReadAction\",\"target\":[\"https:\/\/www.bagmatic.com\/de\/produkte-zubehoer\/verpackungsmaschinen\/tischmaschinen\/t-300-tischmaschine-mit-bo-30-beuteloeffner\/\"]}]},{\"@type\":\"BreadcrumbList\",\"@id\":\"https:\/\/www.bagmatic.com\/de\/produkte-zubehoer\/verpackungsmaschinen\/tischmaschinen\/t-300-tischmaschine-mit-bo-30-beuteloeffner\/#breadcrumb\",\"itemListElement\":[{\"@type\":\"ListItem\",\"position\":1,\"name\":\"Start\",\"item\":\"https:\/\/www.bagmatic.com\/de\/\"},{\"@type\":\"ListItem\",\"position\":2,\"name\":\"Produkte &#038; Zubeh\u00f6r\",\"item\":\"https:\/\/www.bagmatic.com\/de\/produkte-zubehoer\/\"},{\"@type\":\"ListItem\",\"position\":3,\"name\":\"Verpackungsmaschinen\",\"item\":\"https:\/\/www.bagmatic.com\/de\/produkt-kategorie\/verpackungsmaschinen\/\"},{\"@type\":\"ListItem\",\"position\":4,\"name\":\"Tischmaschinen\",\"item\":\"https:\/\/www.bagmatic.com\/de\/produkt-kategorie\/verpackungsmaschinen\/tischmaschinen\/\"},{\"@type\":\"ListItem\",\"position\":5,\"name\":\"T-300 Tischmaschine mit BO-30 Beutel\u00f6ffner\"}]},{\"@type\":\"WebSite\",\"@id\":\"https:\/\/www.bagmatic.com\/de\/#website\",\"url\":\"https:\/\/www.bagmatic.com\/de\/\",\"name\":\"BagMatic\",\"description\":\"\",\"publisher\":{\"@id\":\"https:\/\/www.bagmatic.com\/de\/#organization\"},\"potentialAction\":[{\"@type\":\"SearchAction\",\"target\":{\"@type\":\"EntryPoint\",\"urlTemplate\":\"https:\/\/www.bagmatic.com\/de\/?s={search_term_string}\"},\"query-input\":\"required name=search_term_string\"}],\"inLanguage\":\"de\"},{\"@type\":\"Organization\",\"@id\":\"https:\/\/www.bagmatic.com\/de\/#organization\",\"name\":\"BAGMATIC\u00ae GmbH\",\"url\":\"https:\/\/www.bagmatic.com\/de\/\",\"logo\":{\"@type\":\"ImageObject\",\"inLanguage\":\"de\",\"@id\":\"https:\/\/www.bagmatic.com\/de\/#\/schema\/logo\/image\/\",\"url\":\"https:\/\/www.bagmatic.com\/wp-content\/uploads\/bagmatic-logo.png\",\"contentUrl\":\"https:\/\/www.bagmatic.com\/wp-content\/uploads\/bagmatic-logo.png\",\"width\":500,\"height\":114,\"caption\":\"BAGMATIC\u00ae GmbH\"},\"image\":{\"@id\":\"https:\/\/www.bagmatic.com\/de\/#\/schema\/logo\/image\/\"}}]}<\/script>\n<!-- \/ Yoast SEO plugin. -->","yoast_head_json":{"title":"T-300 Tischmaschine mit BO-30 Beutel\u00f6ffner | BagMatic Verpackungsmaschinen","description":"Halbautomatisches Verpacken mit der Verpackungsmaschine T-300 Tischmaschine mit BO-30 Beutel\u00f6ffner \u2705 Jetzt unverbindlich anfragen!","robots":{"index":"index","follow":"follow","max-snippet":"max-snippet:-1","max-image-preview":"max-image-preview:large","max-video-preview":"max-video-preview:-1"},"canonical":"https:\/\/www.bagmatic.com\/de\/produkte-zubehoer\/verpackungsmaschinen\/tischmaschinen\/t-300-tischmaschine-mit-bo-30-beuteloeffner\/","og_locale":"de_DE","og_type":"article","og_title":"T-300 Tischmaschine mit BO-30 Beutel\u00f6ffner | BagMatic Verpackungsmaschinen","og_description":"Halbautomatisches Verpacken mit der Verpackungsmaschine T-300 Tischmaschine mit BO-30 Beutel\u00f6ffner \u2705 Jetzt unverbindlich anfragen!","og_url":"https:\/\/www.bagmatic.com\/de\/produkte-zubehoer\/verpackungsmaschinen\/tischmaschinen\/t-300-tischmaschine-mit-bo-30-beuteloeffner\/","og_site_name":"BagMatic","article_modified_time":"2019-10-30T10:17:44+00:00","og_image":[{"width":1024,"height":1024,"url":"https:\/\/www.bagmatic.com\/wp-content\/uploads\/t-300-tischmaschine-verpackungsmaschine-mit-beuteloeffner-bo-30-walpak-bagmatic-1024x1024.jpg","type":"image\/jpeg"}],"twitter_card":"summary_large_image","twitter_misc":{"Gesch\u00e4tzte Lesezeit":"1\u00a0Minute"},"schema":{"@context":"https:\/\/schema.org","@graph":[{"@type":"WebPage","@id":"https:\/\/www.bagmatic.com\/de\/produkte-zubehoer\/verpackungsmaschinen\/tischmaschinen\/t-300-tischmaschine-mit-bo-30-beuteloeffner\/","url":"https:\/\/www.bagmatic.com\/de\/produkte-zubehoer\/verpackungsmaschinen\/tischmaschinen\/t-300-tischmaschine-mit-bo-30-beuteloeffner\/","name":"T-300 Tischmaschine mit BO-30 Beutel\u00f6ffner | BagMatic Verpackungsmaschinen","isPartOf":{"@id":"https:\/\/www.bagmatic.com\/de\/#website"},"datePublished":"2019-07-30T14:07:14+00:00","dateModified":"2019-10-30T10:17:44+00:00","description":"Halbautomatisches Verpacken mit der Verpackungsmaschine T-300 Tischmaschine mit BO-30 Beutel\u00f6ffner \u2705 Jetzt unverbindlich anfragen!","breadcrumb":{"@id":"https:\/\/www.bagmatic.com\/de\/produkte-zubehoer\/verpackungsmaschinen\/tischmaschinen\/t-300-tischmaschine-mit-bo-30-beuteloeffner\/#breadcrumb"},"inLanguage":"de","potentialAction":[{"@type":"ReadAction","target":["https:\/\/www.bagmatic.com\/de\/produkte-zubehoer\/verpackungsmaschinen\/tischmaschinen\/t-300-tischmaschine-mit-bo-30-beuteloeffner\/"]}]},{"@type":"BreadcrumbList","@id":"https:\/\/www.bagmatic.com\/de\/produkte-zubehoer\/verpackungsmaschinen\/tischmaschinen\/t-300-tischmaschine-mit-bo-30-beuteloeffner\/#breadcrumb","itemListElement":[{"@type":"ListItem","position":1,"name":"Start","item":"https:\/\/www.bagmatic.com\/de\/"},{"@type":"ListItem","position":2,"name":"Produkte &#038; Zubeh\u00f6r","item":"https:\/\/www.bagmatic.com\/de\/produkte-zubehoer\/"},{"@type":"ListItem","position":3,"name":"Verpackungsmaschinen","item":"https:\/\/www.bagmatic.com\/de\/produkt-kategorie\/verpackungsmaschinen\/"},{"@type":"ListItem","position":4,"name":"Tischmaschinen","item":"https:\/\/www.bagmatic.com\/de\/produkt-kategorie\/verpackungsmaschinen\/tischmaschinen\/"},{"@type":"ListItem","position":5,"name":"T-300 Tischmaschine mit BO-30 Beutel\u00f6ffner"}]},{"@type":"WebSite","@id":"https:\/\/www.bagmatic.com\/de\/#website","url":"https:\/\/www.bagmatic.com\/de\/","name":"BagMatic","description":"","publisher":{"@id":"https:\/\/www.bagmatic.com\/de\/#organization"},"potentialAction":[{"@type":"SearchAction","target":{"@type":"EntryPoint","urlTemplate":"https:\/\/www.bagmatic.com\/de\/?s={search_term_string}"},"query-input":"required name=search_term_string"}],"inLanguage":"de"},{"@type":"Organization","@id":"https:\/\/www.bagmatic.com\/de\/#organization","name":"BAGMATIC\u00ae GmbH","url":"https:\/\/www.bagmatic.com\/de\/","logo":{"@type":"ImageObject","inLanguage":"de","@id":"https:\/\/www.bagmatic.com\/de\/#\/schema\/logo\/image\/","url":"https:\/\/www.bagmatic.com\/wp-content\/uploads\/bagmatic-logo.png","contentUrl":"https:\/\/www.bagmatic.com\/wp-content\/uploads\/bagmatic-logo.png","width":500,"height":114,"caption":"BAGMATIC\u00ae GmbH"},"image":{"@id":"https:\/\/www.bagmatic.com\/de\/#\/schema\/logo\/image\/"}}]}},"_links":{"self":[{"href":"https:\/\/www.bagmatic.com\/de\/wp-json\/wp\/v2\/product\/174"}],"collection":[{"href":"https:\/\/www.bagmatic.com\/de\/wp-json\/wp\/v2\/product"}],"about":[{"href":"https:\/\/www.bagmatic.com\/de\/wp-json\/wp\/v2\/types\/product"}],"wp:featuredmedia":[{"embeddable":true,"href":"https:\/\/www.bagmatic.com\/de\/wp-json\/wp\/v2\/media\/490"}],"wp:attachment":[{"href":"https:\/\/www.bagmatic.com\/de\/wp-json\/wp\/v2\/media?parent=174"}],"wp:term":[{"taxonomy":"product_cat","embeddable":true,"href":"https:\/\/www.bagmatic.com\/de\/wp-json\/wp\/v2\/product_cat?post=174"},{"taxonomy":"product_tag","embeddable":true,"href":"https:\/\/www.bagmatic.com\/de\/wp-json\/wp\/v2\/product_tag?post=174"}],"curies":[{"name":"wp","href":"https:\/\/api.w.org\/{rel}","templated":true}]}}