{"id":178,"date":"2019-07-30T16:15:30","date_gmt":"2019-07-30T14:15:30","guid":{"rendered":"https:\/\/2019.bagmatic.com\/de\/?post_type=product&#038;p=178"},"modified":"2023-06-26T10:01:16","modified_gmt":"2023-06-26T08:01:16","slug":"t-1000-industriemaschine","status":"publish","type":"product","link":"https:\/\/www.bagmatic.com\/de\/produkte-zubehoer\/verpackungsmaschinen\/industriemaschinen\/t-1000-industriemaschine\/","title":{"rendered":"T-1000 Industriemaschine"},"content":{"rendered":"<h2><strong>Die Industrie-Verpackungsmaschine T-1000 f\u00fcr hohe Geschwindigkeiten<\/strong><\/h2>\n<p><img decoding=\"async\" loading=\"lazy\" class=\"wp-image-888 alignright\" src=\"https:\/\/www.bagmatic.com\/wp-content\/uploads\/automatische-verpackungsmaschine-verpackungssystem-technik-automatic-packaging-machine-t1000-front-800x533.jpg\" alt=\"Automatische Verpackungsmaschine Verpackungssystem Technik Automatic Packaging Machine T1000 Front\" width=\"461\" height=\"307\" srcset=\"https:\/\/www.bagmatic.com\/wp-content\/uploads\/automatische-verpackungsmaschine-verpackungssystem-technik-automatic-packaging-machine-t1000-front-800x533.jpg 800w, https:\/\/www.bagmatic.com\/wp-content\/uploads\/automatische-verpackungsmaschine-verpackungssystem-technik-automatic-packaging-machine-t1000-front-150x100.jpg 150w, https:\/\/www.bagmatic.com\/wp-content\/uploads\/automatische-verpackungsmaschine-verpackungssystem-technik-automatic-packaging-machine-t1000-front-1200x800.jpg 1200w, https:\/\/www.bagmatic.com\/wp-content\/uploads\/automatische-verpackungsmaschine-verpackungssystem-technik-automatic-packaging-machine-t1000-front-768x512.jpg 768w, https:\/\/www.bagmatic.com\/wp-content\/uploads\/automatische-verpackungsmaschine-verpackungssystem-technik-automatic-packaging-machine-t1000-front-1536x1024.jpg 1536w, https:\/\/www.bagmatic.com\/wp-content\/uploads\/automatische-verpackungsmaschine-verpackungssystem-technik-automatic-packaging-machine-t1000-front.jpg 1920w\" sizes=\"(max-width: 461px) 100vw, 461px\" \/>Eine gro\u00dfe Anzahl Arbeitszyklen pro Minute, d.h. Beutelindexierung, \u00d6ffnen, Versiegeln und Abrei\u00dfen der Beutel. <strong>Einsatzflexibilit\u00e4t:<\/strong>\u00a0Beutel f\u00fcr jedes Produkt oder Produkts\u00e4tze. Anwendbar f\u00fcr alle Arten von Beuteln.<strong>Funktionssicherheit:<\/strong>\u00a0Hochwertige Bestandteile und Materialien entsprechen den strengsten Bedingungen des Produktionsumfeldes.\u00a0<strong>Einfache Handhabung:<\/strong>\u00a0Touch-Screen und Dialogfenster, Optionen f\u00fcr Beutel und Zusatzeinrichtungen einfach und unmittelbar \u00e4nderbar.<\/p>\n<p>Die T-1000 Advanced Poly Bagger\u2122 Industriemaschine ist unsere &#8222;<strong>TOP-Beutelverpackungsmaschine<\/strong>&#8222;. Kein Wunder, dass die T-1000 auch die <strong>meistverkaufte Maschine f\u00fcr Verpackung in Beutel<\/strong> ist. F\u00fcr Dauer- und Kurzbetriebszeit konzipiert, hat die T-1000 die M\u00f6glichkeit, bis zu 100(*) Beutel pro Minute periodisch durchlaufen zu lassen, schneller als ein Bediener sie je manuell f\u00fcllen k\u00f6nnte. Die T-1000 ist auch schnell genug, um mit dem Tempo der automatischen Zuf\u00fchranlage mitzuhalten.<\/p>\n<p>Die T-1000 Advanced Poly Bagger\u2122 Industriemaschine <strong>kann zudem mit anderen Ger\u00e4ten, z.B. Stanzpressen, Spritzgussmaschinen etc. kombiniert werden<\/strong> &#8211; f\u00fcr reibungslosen Betrieb und schnelles Verpacken. Sie verpackt Teile aller Art einschlie\u00dflich Befestigungsteile, Hardware, Spritzgussteile, Ersatzteil-Kits, Werkzeugteile, Nahrungsmittel, medizinische Teile und mehr.<\/p>\n<p>Die T-1000 Advanced Poly Bagger\u2122 Industriemaschine <strong>senkt Ihre Verpackungskosten durch hohe Geschwindigkeit, Einsatzflexibilit\u00e4t, Funktionssicherheit und einfache Handhabung mit anwenderfreundlichem Touch-Screen und Dialogfenstern<\/strong>, die es dem Bediener erlauben, Optionen f\u00fcr Beutel und Zusatzeinrichtungen einfach und unmittelbar einzugeben, die Einstellungen zu speichern und Aufgabeneinstellungen f\u00fcr zu wiederholende Arbeitsvorg\u00e4nge abzurufen. Der Handbetrieb ist ebenso leicht wie das Einwerfen eines Produktes und Bet\u00e4tigen einer Fu\u00dfschaltung.<\/p>\n<p><strong>Produktbeschreibung der T-1000:<\/strong><\/p>\n<ul>\n<li>Touchscreen in 32 Farben mit Dialogfensterprogramm<br \/>\nzum leichten \u00c4ndern der Einstellungen.<\/li>\n<li>Versiegelt, trennt, \u00f6ffnet und indiziert vorgeformte<br \/>\nBeutel auf Rollen (Advanced Poly-Bags TM) automatisch bis zu HUNDERT(*) Stck. pro Minute.<\/li>\n<li>Speichert Job-Einstellungen mit 32 Einstellungsm\u00f6glichkeiten f\u00fcr bis zu hundert Jobs.<\/li>\n<li>\u00d6lfreie Operation, Design f\u00fcr schnell auswechselbare<br \/>\nTeile und Standardteile direkt vom Regal.<\/li>\n<li>Verpackt eine Vielzahl von Produkten in Beutelgr\u00f6\u00dfen<br \/>\nvon 2\u201d x 3\u201d (5mm x 7,5mm) bis 14\u201d x 24\u201d (35mm x<br \/>\n60mm) und Folienst\u00e4rke von 25\u03bc bis 125\u00b5.<\/li>\n<li>Kann Folien aus Poly\u00e4thylen, Polypropylen, Laminatfolie u.a.m verarbeiten<\/li>\n<li>Teflonschutzschild (patentiert) mit verl\u00e4ngerter Lebensdauer des Teflons .<\/li>\n<li>Unabh\u00e4ngige Prozessverschwei\u00dfung (patentiert) sorgt<br \/>\nf\u00fcr perfekte Dichte bei jedem Beutel, ohne die<br \/>\nSchwei\u00dfnaht anpassen zu m\u00fcssen.<\/li>\n<li>Schnellauszug bei der Beutelabtrennung (patentiert)<br \/>\nund damit verbundene erh\u00f6hte Produktion.<\/li>\n<li>Patentiertes Schutzsystem, um das Produkt, die Maschinen-teile oder die Finger zu sch\u00fctzen.<\/li>\n<li>Wasserfilter, der 99% Kondenswasser entfernt.<\/li>\n<\/ul>\n<p><strong>Spezifikationen:<\/strong><\/p>\n<ul>\n<li>Standardh\u00f6he oder gesenkte H\u00f6he der Schwei\u00dfnaht<\/li>\n<li>Beutelgr\u00f6\u00dfe: (B x L) 5 cm x 7,5 cm bis 35 cm x 75 cm<\/li>\n<li>Foliendicke: 35 \u03bc bis 100 \u03bc<\/li>\n<li>Trichtergr\u00f6\u00dfen: Gr\u00f6\u00dfe 2 bis Gr\u00f6\u00dfe 14 (25 mm bis 175 mm)<\/li>\n<li>Elektrizit\u00e4t 220 V\/50hz<\/li>\n<\/ul>\n<p><strong>Die Maschine enth\u00e4lt:<\/strong><\/p>\n<ul>\n<li>Vorauseinstellbaren Z\u00e4hler, Zyklusz\u00e4hler mit Angabe der St\u00fcckzahl der<br \/>\nBeutel,Totalzahl der gleichen Arbeitszyklen und Wartungsanzeige<\/li>\n<li>M\u00f6glichkeit f\u00fcr Kettenf\u00fcllung und \u2013verschwei\u00dfung ohne Abriss der Beutel<\/li>\n<li>Netzwerkf\u00e4higkeit\/Kommunikations-Anschlussstecker<\/li>\n<li>Ersatzr\u00e4der, Schutzschild, Standardtrichter, Fu\u00dfschalter, Druckknopf f\u00fcr<br \/>\nmanuelle Afb\u00fcllaktivierung<\/li>\n<li>Ein Jahr Garantie<\/li>\n<\/ul>\n<p>Optionales Zubeh\u00f6r ist ein <a href=\"https:\/\/www.bagmatic.com\/de\/produkt\/t-1000-hoehenverstellbar\/\" target=\"_blank\" rel=\"noopener noreferrer\">h\u00f6henverstellbarer Standfu\u00df\/St\u00e4nder<\/a>.<\/p>\n","protected":false},"excerpt":{"rendered":"<p>Die Industriemaschine T-1000 ist das Herzst\u00fcck der automatischen Beutelverpackung. Das Laden der Beutel geschieht manuell oder mit Eingabezubeh\u00f6r vollautomatisch. Die Inline-Zubeh\u00f6rger\u00e4te werden vom Touchscreen der Maschine aus bedient.<\/p>\n<p>Die schnellste, einfachste und vielseitigste vollautomatische Beutelverpackungsmaschine ihrer Art mit der l\u00e4ngsten Garantieperiode auf dem Markt ist noch besser geworden. Die neue T-1000S Industrie-maschine f\u00fcr Beutelverpackung (Advanced Poly-Bagger) mit dem Steppermotor \u00fcbertrifft die alte Industriemaschine T-1000 bei weitem. Ein Grund daf\u00fcr sind die Schnittstellen innerhalb der Maschine. Heute bietet die T-1000S eine verbesserte Verschwei\u00dfregistrierung, weniger Komponenten &#8211; und damit geringeren Wartungsauf-wand als zuvor \u2013 und eine ruhigere, umweltschonende Produktion.<\/p>\n<p>Die Packgeschwindigkeit ist abh\u00e4ngig von der Beschaffenheit (Form, Gr\u00f6\u00dfe) und der Anzahl sowie der Verschiedenheit der F\u00fcllteile, dem eventuellen Aufdruck. Bei manueller Bedienung spielt die Schnelligkeit des Bedieners ebenfalls eine Rolle. Deshalb kann nur ein ungef\u00e4hrer Wert angegeben werden.<\/p>\n","protected":false},"featured_media":888,"template":"","meta":[],"product_cat":[19,21],"product_tag":[],"yoast_head":"<!-- This site is optimized with the Yoast SEO plugin v20.1 - https:\/\/yoast.com\/wordpress\/plugins\/seo\/ -->\n<title>T-1000 Industriemaschine | BagMatic Verpackungsmaschinen<\/title>\n<meta name=\"description\" content=\"Halbautomatisches Verpacken mit der Verpackungsmaschine T-1000 Industriemaschine \u2705 Jetzt unverbindlich anfragen!\" \/>\n<meta name=\"robots\" content=\"index, follow, max-snippet:-1, max-image-preview:large, max-video-preview:-1\" \/>\n<link rel=\"canonical\" href=\"https:\/\/www.bagmatic.com\/de\/produkte-zubehoer\/verpackungsmaschinen\/industriemaschinen\/t-1000-industriemaschine\/\" \/>\n<meta property=\"og:locale\" content=\"de_DE\" \/>\n<meta property=\"og:type\" content=\"article\" \/>\n<meta property=\"og:title\" content=\"T-1000 Industriemaschine | BagMatic Verpackungsmaschinen\" \/>\n<meta property=\"og:description\" content=\"Halbautomatisches Verpacken mit der Verpackungsmaschine T-1000 Industriemaschine \u2705 Jetzt unverbindlich anfragen!\" \/>\n<meta property=\"og:url\" content=\"https:\/\/www.bagmatic.com\/de\/produkte-zubehoer\/verpackungsmaschinen\/industriemaschinen\/t-1000-industriemaschine\/\" \/>\n<meta property=\"og:site_name\" content=\"BagMatic\" \/>\n<meta property=\"article:modified_time\" content=\"2023-06-26T08:01:16+00:00\" \/>\n<meta property=\"og:image\" content=\"https:\/\/www.bagmatic.com\/wp-content\/uploads\/automatische-verpackungsmaschine-verpackungssystem-technik-automatic-packaging-machine-t1000-front.jpg\" \/>\n\t<meta property=\"og:image:width\" content=\"1920\" \/>\n\t<meta property=\"og:image:height\" content=\"1280\" \/>\n\t<meta property=\"og:image:type\" content=\"image\/jpeg\" \/>\n<meta name=\"twitter:card\" content=\"summary_large_image\" \/>\n<meta name=\"twitter:label1\" content=\"Gesch\u00e4tzte Lesezeit\" \/>\n\t<meta name=\"twitter:data1\" content=\"3\u00a0Minuten\" \/>\n<script type=\"application\/ld+json\" class=\"yoast-schema-graph\">{\"@context\":\"https:\/\/schema.org\",\"@graph\":[{\"@type\":\"WebPage\",\"@id\":\"https:\/\/www.bagmatic.com\/de\/produkte-zubehoer\/verpackungsmaschinen\/industriemaschinen\/t-1000-industriemaschine\/\",\"url\":\"https:\/\/www.bagmatic.com\/de\/produkte-zubehoer\/verpackungsmaschinen\/industriemaschinen\/t-1000-industriemaschine\/\",\"name\":\"T-1000 Industriemaschine | BagMatic Verpackungsmaschinen\",\"isPartOf\":{\"@id\":\"https:\/\/www.bagmatic.com\/de\/#website\"},\"datePublished\":\"2019-07-30T14:15:30+00:00\",\"dateModified\":\"2023-06-26T08:01:16+00:00\",\"description\":\"Halbautomatisches Verpacken mit der Verpackungsmaschine T-1000 Industriemaschine \u2705 Jetzt unverbindlich anfragen!\",\"breadcrumb\":{\"@id\":\"https:\/\/www.bagmatic.com\/de\/produkte-zubehoer\/verpackungsmaschinen\/industriemaschinen\/t-1000-industriemaschine\/#breadcrumb\"},\"inLanguage\":\"de\",\"potentialAction\":[{\"@type\":\"ReadAction\",\"target\":[\"https:\/\/www.bagmatic.com\/de\/produkte-zubehoer\/verpackungsmaschinen\/industriemaschinen\/t-1000-industriemaschine\/\"]}]},{\"@type\":\"BreadcrumbList\",\"@id\":\"https:\/\/www.bagmatic.com\/de\/produkte-zubehoer\/verpackungsmaschinen\/industriemaschinen\/t-1000-industriemaschine\/#breadcrumb\",\"itemListElement\":[{\"@type\":\"ListItem\",\"position\":1,\"name\":\"Start\",\"item\":\"https:\/\/www.bagmatic.com\/de\/\"},{\"@type\":\"ListItem\",\"position\":2,\"name\":\"Produkte &#038; Zubeh\u00f6r\",\"item\":\"https:\/\/www.bagmatic.com\/de\/produkte-zubehoer\/\"},{\"@type\":\"ListItem\",\"position\":3,\"name\":\"Verpackungsmaschinen\",\"item\":\"https:\/\/www.bagmatic.com\/de\/produkt-kategorie\/verpackungsmaschinen\/\"},{\"@type\":\"ListItem\",\"position\":4,\"name\":\"Industriemaschinen\",\"item\":\"https:\/\/www.bagmatic.com\/de\/produkt-kategorie\/verpackungsmaschinen\/industriemaschinen\/\"},{\"@type\":\"ListItem\",\"position\":5,\"name\":\"T-1000 Industriemaschine\"}]},{\"@type\":\"WebSite\",\"@id\":\"https:\/\/www.bagmatic.com\/de\/#website\",\"url\":\"https:\/\/www.bagmatic.com\/de\/\",\"name\":\"BagMatic\",\"description\":\"\",\"publisher\":{\"@id\":\"https:\/\/www.bagmatic.com\/de\/#organization\"},\"potentialAction\":[{\"@type\":\"SearchAction\",\"target\":{\"@type\":\"EntryPoint\",\"urlTemplate\":\"https:\/\/www.bagmatic.com\/de\/?s={search_term_string}\"},\"query-input\":\"required name=search_term_string\"}],\"inLanguage\":\"de\"},{\"@type\":\"Organization\",\"@id\":\"https:\/\/www.bagmatic.com\/de\/#organization\",\"name\":\"BAGMATIC\u00ae GmbH\",\"url\":\"https:\/\/www.bagmatic.com\/de\/\",\"logo\":{\"@type\":\"ImageObject\",\"inLanguage\":\"de\",\"@id\":\"https:\/\/www.bagmatic.com\/de\/#\/schema\/logo\/image\/\",\"url\":\"https:\/\/www.bagmatic.com\/wp-content\/uploads\/bagmatic-logo.png\",\"contentUrl\":\"https:\/\/www.bagmatic.com\/wp-content\/uploads\/bagmatic-logo.png\",\"width\":500,\"height\":114,\"caption\":\"BAGMATIC\u00ae GmbH\"},\"image\":{\"@id\":\"https:\/\/www.bagmatic.com\/de\/#\/schema\/logo\/image\/\"}}]}<\/script>\n<!-- \/ Yoast SEO plugin. -->","yoast_head_json":{"title":"T-1000 Industriemaschine | BagMatic Verpackungsmaschinen","description":"Halbautomatisches Verpacken mit der Verpackungsmaschine T-1000 Industriemaschine \u2705 Jetzt unverbindlich anfragen!","robots":{"index":"index","follow":"follow","max-snippet":"max-snippet:-1","max-image-preview":"max-image-preview:large","max-video-preview":"max-video-preview:-1"},"canonical":"https:\/\/www.bagmatic.com\/de\/produkte-zubehoer\/verpackungsmaschinen\/industriemaschinen\/t-1000-industriemaschine\/","og_locale":"de_DE","og_type":"article","og_title":"T-1000 Industriemaschine | BagMatic Verpackungsmaschinen","og_description":"Halbautomatisches Verpacken mit der Verpackungsmaschine T-1000 Industriemaschine \u2705 Jetzt unverbindlich anfragen!","og_url":"https:\/\/www.bagmatic.com\/de\/produkte-zubehoer\/verpackungsmaschinen\/industriemaschinen\/t-1000-industriemaschine\/","og_site_name":"BagMatic","article_modified_time":"2023-06-26T08:01:16+00:00","og_image":[{"width":1920,"height":1280,"url":"https:\/\/www.bagmatic.com\/wp-content\/uploads\/automatische-verpackungsmaschine-verpackungssystem-technik-automatic-packaging-machine-t1000-front.jpg","type":"image\/jpeg"}],"twitter_card":"summary_large_image","twitter_misc":{"Gesch\u00e4tzte Lesezeit":"3\u00a0Minuten"},"schema":{"@context":"https:\/\/schema.org","@graph":[{"@type":"WebPage","@id":"https:\/\/www.bagmatic.com\/de\/produkte-zubehoer\/verpackungsmaschinen\/industriemaschinen\/t-1000-industriemaschine\/","url":"https:\/\/www.bagmatic.com\/de\/produkte-zubehoer\/verpackungsmaschinen\/industriemaschinen\/t-1000-industriemaschine\/","name":"T-1000 Industriemaschine | BagMatic Verpackungsmaschinen","isPartOf":{"@id":"https:\/\/www.bagmatic.com\/de\/#website"},"datePublished":"2019-07-30T14:15:30+00:00","dateModified":"2023-06-26T08:01:16+00:00","description":"Halbautomatisches Verpacken mit der Verpackungsmaschine T-1000 Industriemaschine \u2705 Jetzt unverbindlich anfragen!","breadcrumb":{"@id":"https:\/\/www.bagmatic.com\/de\/produkte-zubehoer\/verpackungsmaschinen\/industriemaschinen\/t-1000-industriemaschine\/#breadcrumb"},"inLanguage":"de","potentialAction":[{"@type":"ReadAction","target":["https:\/\/www.bagmatic.com\/de\/produkte-zubehoer\/verpackungsmaschinen\/industriemaschinen\/t-1000-industriemaschine\/"]}]},{"@type":"BreadcrumbList","@id":"https:\/\/www.bagmatic.com\/de\/produkte-zubehoer\/verpackungsmaschinen\/industriemaschinen\/t-1000-industriemaschine\/#breadcrumb","itemListElement":[{"@type":"ListItem","position":1,"name":"Start","item":"https:\/\/www.bagmatic.com\/de\/"},{"@type":"ListItem","position":2,"name":"Produkte &#038; Zubeh\u00f6r","item":"https:\/\/www.bagmatic.com\/de\/produkte-zubehoer\/"},{"@type":"ListItem","position":3,"name":"Verpackungsmaschinen","item":"https:\/\/www.bagmatic.com\/de\/produkt-kategorie\/verpackungsmaschinen\/"},{"@type":"ListItem","position":4,"name":"Industriemaschinen","item":"https:\/\/www.bagmatic.com\/de\/produkt-kategorie\/verpackungsmaschinen\/industriemaschinen\/"},{"@type":"ListItem","position":5,"name":"T-1000 Industriemaschine"}]},{"@type":"WebSite","@id":"https:\/\/www.bagmatic.com\/de\/#website","url":"https:\/\/www.bagmatic.com\/de\/","name":"BagMatic","description":"","publisher":{"@id":"https:\/\/www.bagmatic.com\/de\/#organization"},"potentialAction":[{"@type":"SearchAction","target":{"@type":"EntryPoint","urlTemplate":"https:\/\/www.bagmatic.com\/de\/?s={search_term_string}"},"query-input":"required name=search_term_string"}],"inLanguage":"de"},{"@type":"Organization","@id":"https:\/\/www.bagmatic.com\/de\/#organization","name":"BAGMATIC\u00ae GmbH","url":"https:\/\/www.bagmatic.com\/de\/","logo":{"@type":"ImageObject","inLanguage":"de","@id":"https:\/\/www.bagmatic.com\/de\/#\/schema\/logo\/image\/","url":"https:\/\/www.bagmatic.com\/wp-content\/uploads\/bagmatic-logo.png","contentUrl":"https:\/\/www.bagmatic.com\/wp-content\/uploads\/bagmatic-logo.png","width":500,"height":114,"caption":"BAGMATIC\u00ae GmbH"},"image":{"@id":"https:\/\/www.bagmatic.com\/de\/#\/schema\/logo\/image\/"}}]}},"_links":{"self":[{"href":"https:\/\/www.bagmatic.com\/de\/wp-json\/wp\/v2\/product\/178"}],"collection":[{"href":"https:\/\/www.bagmatic.com\/de\/wp-json\/wp\/v2\/product"}],"about":[{"href":"https:\/\/www.bagmatic.com\/de\/wp-json\/wp\/v2\/types\/product"}],"wp:featuredmedia":[{"embeddable":true,"href":"https:\/\/www.bagmatic.com\/de\/wp-json\/wp\/v2\/media\/888"}],"wp:attachment":[{"href":"https:\/\/www.bagmatic.com\/de\/wp-json\/wp\/v2\/media?parent=178"}],"wp:term":[{"taxonomy":"product_cat","embeddable":true,"href":"https:\/\/www.bagmatic.com\/de\/wp-json\/wp\/v2\/product_cat?post=178"},{"taxonomy":"product_tag","embeddable":true,"href":"https:\/\/www.bagmatic.com\/de\/wp-json\/wp\/v2\/product_tag?post=178"}],"curies":[{"name":"wp","href":"https:\/\/api.w.org\/{rel}","templated":true}]}}