{"id":182,"date":"2019-07-30T16:23:31","date_gmt":"2019-07-30T14:23:31","guid":{"rendered":"https:\/\/2019.bagmatic.com\/de\/?post_type=product&#038;p=182"},"modified":"2024-10-21T09:17:39","modified_gmt":"2024-10-21T07:17:39","slug":"t-1000h-waagerechte-industriemaschine-fuer-verpackungen","status":"publish","type":"product","link":"https:\/\/www.bagmatic.com\/de\/produkte-zubehoer\/eingabezubehoer\/wiegesystem-wiegemaschine\/t-1000h-waagerechte-industriemaschine-fuer-verpackungen\/","title":{"rendered":"T-1000H waagerechte Industriemaschine f\u00fcr Verpackungen"},"content":{"rendered":"<p>Die Industriemaschine T-1000H f\u00fcr Beutelverpackung hat dieselben Eigenschaften wie Modell T-1000. Im Gegensatz zur Industriemasche T-1000 geschieht das Laden von Produkten jedoch waagerecht, was f\u00fcr\u00a0 eine gro\u00dfe Anzahl von Einf\u00fcllteilen einfacher ist. Die Maschine l\u00e4sst sich sogar neigen, so dass die Schwerkraft einen Teil der Ladearbeit \u00fcbernimmt.<\/p>\n<p><strong>Standardausstattung:<\/strong><br \/>\n<strong>Touch-Screen-Panel f\u00fcr den Bediener<\/strong>, das es ihm erlaubt, die Produktion zu regulieren, Einstellungen anzupassen und technische Informationen zu erhalten. Bis zu 32 Jobs k\u00f6nnen f\u00fcr Sofortwechsel gelagert werden. Pop-up-Fenster mit Schl\u00fcsselkn\u00f6pfen und andere Fenster und Mitteilungsschirme erlauben schnelles Einstellen bei \u00c4nderungen der Produktion und sofortige Information f\u00fcr den Bediener. Ein solider Heizbalken sorgt f\u00fcr konstante Temperatur bei unabh\u00e4ngiger Verschwei\u00dfung. Verbunden mit unserem patentierten Teflonbalken und der Sofortanzeige bei eventuellen St\u00f6rf\u00e4llen garantieren wir perfekte Schwei\u00dfn\u00e4hte und geringe Wartung.<\/p>\n<p><strong>Das Standard-Lichtschrankenfeld<\/strong> erlaubt Verschwei\u00dfung nach der von OSHA gepr\u00fcften Methode f\u00fcr wunschweises Programmieren von automatischen Durchl\u00e4ufen, welches eine bis zu 40% erh\u00f6hte Produktion bewirkt. Der automatische Durchlauf wird durch Lichtsignale des Lichtschrankenfeldes gesteuert.<\/p>\n<p><strong>Ein waagerechtes F\u00f6rderband<\/strong> frachtet den fertigen Beutel von der Verschwei\u00dfeinheit zu weiteren Packstationen. Erh\u00f6hte Durchlaufgeschwindigkeit bei bis zu 20 cm dicken gef\u00fcllten Beuteln.<\/p>\n<p><strong>Die Beutelladung<\/strong> kann aus einer Vielzahl von Produkten bestehen, einschlie\u00dflich Dichtungss\u00e4tzen, Kleidung, Handt\u00fcchern und Laken, gro\u00dfen Dichtungen, Filtern, Handb\u00fcchern, Kits mit Anleitungen, Garn- und Bandspulen oder Kabelrollen, Brot oder anderen Backwaren, Medizin und vielen anderen Dingen.<\/p>\n<p><strong>Kompaktes Design<\/strong>, in das sich jede andere Packoperation einf\u00fcgen l\u00e4sst (hier gezeigt mit dem optionalen Ti-1000 Inline-Thermal-Transferdrucker). Drucken Sie inline beim Einf\u00fcllen Ihres Produkts. Vermeiden Sie das Aufkleben von druckempfindlichen Etiketten. Drucken Sie Erzeugnisnummern, Texte, Logos, Grafiken und Strichkodes direkt auf die Oberfl\u00e4che des Beutels.<\/p>\n<p><strong>Eine Gleitplatte aus Edelstahl<\/strong> (hier gezeigt mit den optionalen pneumatischen Fingern des Beutelgl\u00e4tters) sorgt f\u00fcr eine Oberfl\u00e4che mit geringer Reibung mit leicht zu \u00f6ffnenden Beuteln und Einf\u00fcllanweisungen f\u00fcr das Produkt.<\/p>\n<p><strong>Kippen Sie die Maschine,<\/strong> um das Laden zu erleichtern. Die Schwerkraft allein reicht nicht aus<\/p>\n","protected":false},"excerpt":{"rendered":"<p>Die horizontale Industriemaschine funktioniert wie die T-1000, aber sie kann zur Erleichterung des Beutelladens in die richtige Stellung gebracht werden, entweder waagerecht oder geneigt. Siehe auch Eingabezubeh\u00f6r und TIZ-Drucker.<\/p>\n<p>Die waagerechte Industriemaschine bietet unz\u00e4hlige Verpackungsl\u00f6sungen f\u00fcr die verschiedensten Produkte, die sich nur schwer auf der senkrechten Industriemaschine T1000 laden lassen. F\u00fchren Sie Ihr Produkt waagerecht in den Beutel ein \u2013 entweder manuell oder automatisch: die Maschine besorgt dann den Rest. Sie verschwei\u00dft den Beutel an der Ladestation und entl\u00e4dt den gef\u00fcllten Beutel auf dem waagerechten F\u00f6rderband. Der n\u00e4chste Beutel ist dann schon offen geblasen und in Position gebracht \u2013 bereit, das n\u00e4chste Produkt zu empfangen.<\/p>\n","protected":false},"featured_media":492,"template":"","meta":[],"product_cat":[112,109,99,19,21],"product_tag":[],"yoast_head":"<!-- This site is optimized with the Yoast SEO plugin v20.1 - https:\/\/yoast.com\/wordpress\/plugins\/seo\/ -->\n<title>T-1000H waagerechte Industriemaschine f\u00fcr Verpackungen | BagMatic Verpackungsmaschinen<\/title>\n<meta name=\"description\" content=\"Halbautomatisches Verpacken mit der Verpackungsmaschine T-1000H waagerechte Industriemaschine f\u00fcr Verpackungen \u2705 Jetzt unverbindlich anfragen!\" \/>\n<meta name=\"robots\" content=\"index, follow, max-snippet:-1, max-image-preview:large, max-video-preview:-1\" \/>\n<link rel=\"canonical\" href=\"https:\/\/www.bagmatic.com\/de\/produkte-zubehoer\/eingabezubehoer\/wiegesystem-wiegemaschine\/t-1000h-waagerechte-industriemaschine-fuer-verpackungen\/\" \/>\n<meta property=\"og:locale\" content=\"de_DE\" \/>\n<meta property=\"og:type\" content=\"article\" \/>\n<meta property=\"og:title\" content=\"T-1000H waagerechte Industriemaschine f\u00fcr Verpackungen | BagMatic Verpackungsmaschinen\" \/>\n<meta property=\"og:description\" content=\"Halbautomatisches Verpacken mit der Verpackungsmaschine T-1000H waagerechte Industriemaschine f\u00fcr Verpackungen \u2705 Jetzt unverbindlich anfragen!\" \/>\n<meta property=\"og:url\" content=\"https:\/\/www.bagmatic.com\/de\/produkte-zubehoer\/eingabezubehoer\/wiegesystem-wiegemaschine\/t-1000h-waagerechte-industriemaschine-fuer-verpackungen\/\" \/>\n<meta property=\"og:site_name\" content=\"BagMatic\" \/>\n<meta property=\"article:modified_time\" content=\"2024-10-21T07:17:39+00:00\" \/>\n<meta property=\"og:image\" content=\"https:\/\/www.bagmatic.com\/wp-content\/uploads\/verpackungsmaschine-t1000h-industriemaschine-verpackung-bagmatic.jpg\" \/>\n\t<meta property=\"og:image:width\" content=\"2000\" \/>\n\t<meta property=\"og:image:height\" content=\"2000\" \/>\n\t<meta property=\"og:image:type\" content=\"image\/jpeg\" \/>\n<meta name=\"twitter:card\" content=\"summary_large_image\" \/>\n<meta name=\"twitter:label1\" content=\"Gesch\u00e4tzte Lesezeit\" \/>\n\t<meta name=\"twitter:data1\" content=\"2\u00a0Minuten\" \/>\n<script type=\"application\/ld+json\" class=\"yoast-schema-graph\">{\"@context\":\"https:\/\/schema.org\",\"@graph\":[{\"@type\":\"WebPage\",\"@id\":\"https:\/\/www.bagmatic.com\/de\/produkte-zubehoer\/eingabezubehoer\/wiegesystem-wiegemaschine\/t-1000h-waagerechte-industriemaschine-fuer-verpackungen\/\",\"url\":\"https:\/\/www.bagmatic.com\/de\/produkte-zubehoer\/eingabezubehoer\/wiegesystem-wiegemaschine\/t-1000h-waagerechte-industriemaschine-fuer-verpackungen\/\",\"name\":\"T-1000H waagerechte Industriemaschine f\u00fcr Verpackungen | BagMatic Verpackungsmaschinen\",\"isPartOf\":{\"@id\":\"https:\/\/www.bagmatic.com\/de\/#website\"},\"datePublished\":\"2019-07-30T14:23:31+00:00\",\"dateModified\":\"2024-10-21T07:17:39+00:00\",\"description\":\"Halbautomatisches Verpacken mit der Verpackungsmaschine T-1000H waagerechte Industriemaschine f\u00fcr Verpackungen \u2705 Jetzt unverbindlich anfragen!\",\"breadcrumb\":{\"@id\":\"https:\/\/www.bagmatic.com\/de\/produkte-zubehoer\/eingabezubehoer\/wiegesystem-wiegemaschine\/t-1000h-waagerechte-industriemaschine-fuer-verpackungen\/#breadcrumb\"},\"inLanguage\":\"de\",\"potentialAction\":[{\"@type\":\"ReadAction\",\"target\":[\"https:\/\/www.bagmatic.com\/de\/produkte-zubehoer\/eingabezubehoer\/wiegesystem-wiegemaschine\/t-1000h-waagerechte-industriemaschine-fuer-verpackungen\/\"]}]},{\"@type\":\"BreadcrumbList\",\"@id\":\"https:\/\/www.bagmatic.com\/de\/produkte-zubehoer\/eingabezubehoer\/wiegesystem-wiegemaschine\/t-1000h-waagerechte-industriemaschine-fuer-verpackungen\/#breadcrumb\",\"itemListElement\":[{\"@type\":\"ListItem\",\"position\":1,\"name\":\"Start\",\"item\":\"https:\/\/www.bagmatic.com\/de\/\"},{\"@type\":\"ListItem\",\"position\":2,\"name\":\"Produkte &#038; Zubeh\u00f6r\",\"item\":\"https:\/\/www.bagmatic.com\/de\/produkte-zubehoer\/\"},{\"@type\":\"ListItem\",\"position\":3,\"name\":\"Verpackungsmaschinen\",\"item\":\"https:\/\/www.bagmatic.com\/de\/produkt-kategorie\/verpackungsmaschinen\/\"},{\"@type\":\"ListItem\",\"position\":4,\"name\":\"T-1000H waagerechte Industriemaschine f\u00fcr Verpackungen\"}]},{\"@type\":\"WebSite\",\"@id\":\"https:\/\/www.bagmatic.com\/de\/#website\",\"url\":\"https:\/\/www.bagmatic.com\/de\/\",\"name\":\"BagMatic\",\"description\":\"\",\"publisher\":{\"@id\":\"https:\/\/www.bagmatic.com\/de\/#organization\"},\"potentialAction\":[{\"@type\":\"SearchAction\",\"target\":{\"@type\":\"EntryPoint\",\"urlTemplate\":\"https:\/\/www.bagmatic.com\/de\/?s={search_term_string}\"},\"query-input\":\"required name=search_term_string\"}],\"inLanguage\":\"de\"},{\"@type\":\"Organization\",\"@id\":\"https:\/\/www.bagmatic.com\/de\/#organization\",\"name\":\"BAGMATIC\u00ae GmbH\",\"url\":\"https:\/\/www.bagmatic.com\/de\/\",\"logo\":{\"@type\":\"ImageObject\",\"inLanguage\":\"de\",\"@id\":\"https:\/\/www.bagmatic.com\/de\/#\/schema\/logo\/image\/\",\"url\":\"https:\/\/www.bagmatic.com\/wp-content\/uploads\/bagmatic-logo.png\",\"contentUrl\":\"https:\/\/www.bagmatic.com\/wp-content\/uploads\/bagmatic-logo.png\",\"width\":500,\"height\":114,\"caption\":\"BAGMATIC\u00ae GmbH\"},\"image\":{\"@id\":\"https:\/\/www.bagmatic.com\/de\/#\/schema\/logo\/image\/\"}}]}<\/script>\n<!-- \/ Yoast SEO plugin. -->","yoast_head_json":{"title":"T-1000H waagerechte Industriemaschine f\u00fcr Verpackungen | BagMatic Verpackungsmaschinen","description":"Halbautomatisches Verpacken mit der Verpackungsmaschine T-1000H waagerechte Industriemaschine f\u00fcr Verpackungen \u2705 Jetzt unverbindlich anfragen!","robots":{"index":"index","follow":"follow","max-snippet":"max-snippet:-1","max-image-preview":"max-image-preview:large","max-video-preview":"max-video-preview:-1"},"canonical":"https:\/\/www.bagmatic.com\/de\/produkte-zubehoer\/eingabezubehoer\/wiegesystem-wiegemaschine\/t-1000h-waagerechte-industriemaschine-fuer-verpackungen\/","og_locale":"de_DE","og_type":"article","og_title":"T-1000H waagerechte Industriemaschine f\u00fcr Verpackungen | BagMatic Verpackungsmaschinen","og_description":"Halbautomatisches Verpacken mit der Verpackungsmaschine T-1000H waagerechte Industriemaschine f\u00fcr Verpackungen \u2705 Jetzt unverbindlich anfragen!","og_url":"https:\/\/www.bagmatic.com\/de\/produkte-zubehoer\/eingabezubehoer\/wiegesystem-wiegemaschine\/t-1000h-waagerechte-industriemaschine-fuer-verpackungen\/","og_site_name":"BagMatic","article_modified_time":"2024-10-21T07:17:39+00:00","og_image":[{"width":2000,"height":2000,"url":"https:\/\/www.bagmatic.com\/wp-content\/uploads\/verpackungsmaschine-t1000h-industriemaschine-verpackung-bagmatic.jpg","type":"image\/jpeg"}],"twitter_card":"summary_large_image","twitter_misc":{"Gesch\u00e4tzte Lesezeit":"2\u00a0Minuten"},"schema":{"@context":"https:\/\/schema.org","@graph":[{"@type":"WebPage","@id":"https:\/\/www.bagmatic.com\/de\/produkte-zubehoer\/eingabezubehoer\/wiegesystem-wiegemaschine\/t-1000h-waagerechte-industriemaschine-fuer-verpackungen\/","url":"https:\/\/www.bagmatic.com\/de\/produkte-zubehoer\/eingabezubehoer\/wiegesystem-wiegemaschine\/t-1000h-waagerechte-industriemaschine-fuer-verpackungen\/","name":"T-1000H waagerechte Industriemaschine f\u00fcr Verpackungen | BagMatic Verpackungsmaschinen","isPartOf":{"@id":"https:\/\/www.bagmatic.com\/de\/#website"},"datePublished":"2019-07-30T14:23:31+00:00","dateModified":"2024-10-21T07:17:39+00:00","description":"Halbautomatisches Verpacken mit der Verpackungsmaschine T-1000H waagerechte Industriemaschine f\u00fcr Verpackungen \u2705 Jetzt unverbindlich anfragen!","breadcrumb":{"@id":"https:\/\/www.bagmatic.com\/de\/produkte-zubehoer\/eingabezubehoer\/wiegesystem-wiegemaschine\/t-1000h-waagerechte-industriemaschine-fuer-verpackungen\/#breadcrumb"},"inLanguage":"de","potentialAction":[{"@type":"ReadAction","target":["https:\/\/www.bagmatic.com\/de\/produkte-zubehoer\/eingabezubehoer\/wiegesystem-wiegemaschine\/t-1000h-waagerechte-industriemaschine-fuer-verpackungen\/"]}]},{"@type":"BreadcrumbList","@id":"https:\/\/www.bagmatic.com\/de\/produkte-zubehoer\/eingabezubehoer\/wiegesystem-wiegemaschine\/t-1000h-waagerechte-industriemaschine-fuer-verpackungen\/#breadcrumb","itemListElement":[{"@type":"ListItem","position":1,"name":"Start","item":"https:\/\/www.bagmatic.com\/de\/"},{"@type":"ListItem","position":2,"name":"Produkte &#038; Zubeh\u00f6r","item":"https:\/\/www.bagmatic.com\/de\/produkte-zubehoer\/"},{"@type":"ListItem","position":3,"name":"Verpackungsmaschinen","item":"https:\/\/www.bagmatic.com\/de\/produkt-kategorie\/verpackungsmaschinen\/"},{"@type":"ListItem","position":4,"name":"T-1000H waagerechte Industriemaschine f\u00fcr Verpackungen"}]},{"@type":"WebSite","@id":"https:\/\/www.bagmatic.com\/de\/#website","url":"https:\/\/www.bagmatic.com\/de\/","name":"BagMatic","description":"","publisher":{"@id":"https:\/\/www.bagmatic.com\/de\/#organization"},"potentialAction":[{"@type":"SearchAction","target":{"@type":"EntryPoint","urlTemplate":"https:\/\/www.bagmatic.com\/de\/?s={search_term_string}"},"query-input":"required name=search_term_string"}],"inLanguage":"de"},{"@type":"Organization","@id":"https:\/\/www.bagmatic.com\/de\/#organization","name":"BAGMATIC\u00ae GmbH","url":"https:\/\/www.bagmatic.com\/de\/","logo":{"@type":"ImageObject","inLanguage":"de","@id":"https:\/\/www.bagmatic.com\/de\/#\/schema\/logo\/image\/","url":"https:\/\/www.bagmatic.com\/wp-content\/uploads\/bagmatic-logo.png","contentUrl":"https:\/\/www.bagmatic.com\/wp-content\/uploads\/bagmatic-logo.png","width":500,"height":114,"caption":"BAGMATIC\u00ae GmbH"},"image":{"@id":"https:\/\/www.bagmatic.com\/de\/#\/schema\/logo\/image\/"}}]}},"_links":{"self":[{"href":"https:\/\/www.bagmatic.com\/de\/wp-json\/wp\/v2\/product\/182"}],"collection":[{"href":"https:\/\/www.bagmatic.com\/de\/wp-json\/wp\/v2\/product"}],"about":[{"href":"https:\/\/www.bagmatic.com\/de\/wp-json\/wp\/v2\/types\/product"}],"wp:featuredmedia":[{"embeddable":true,"href":"https:\/\/www.bagmatic.com\/de\/wp-json\/wp\/v2\/media\/492"}],"wp:attachment":[{"href":"https:\/\/www.bagmatic.com\/de\/wp-json\/wp\/v2\/media?parent=182"}],"wp:term":[{"taxonomy":"product_cat","embeddable":true,"href":"https:\/\/www.bagmatic.com\/de\/wp-json\/wp\/v2\/product_cat?post=182"},{"taxonomy":"product_tag","embeddable":true,"href":"https:\/\/www.bagmatic.com\/de\/wp-json\/wp\/v2\/product_tag?post=182"}],"curies":[{"name":"wp","href":"https:\/\/api.w.org\/{rel}","templated":true}]}}