{"id":185,"date":"2019-07-30T16:27:41","date_gmt":"2019-07-30T14:27:41","guid":{"rendered":"https:\/\/2019.bagmatic.com\/de\/?post_type=product&#038;p=185"},"modified":"2019-11-14T17:41:08","modified_gmt":"2019-11-14T16:41:08","slug":"t-1000m-industriemaschine-fuer-beutelverpackung","status":"publish","type":"product","link":"https:\/\/www.bagmatic.com\/de\/produkte-zubehoer\/verpackungsmaschinen\/industriemaschinen\/t-1000m-industriemaschine-fuer-beutelverpackung\/","title":{"rendered":"T-1000M Industriemaschine f\u00fcr die Medizin"},"content":{"rendered":"<p>Die Industriemaschine T-1000M f\u00fcr Beutelverpackung hat dieselben Eigenschaften wie das Modell T-1000, bietet dar\u00fcber hinaus aber eine f\u00fcr medizinische Verpackung geeignete Sauberkeit beim Verpackungsprozess sowie eine Qualit\u00e4tsschwei\u00dfnaht, die von au\u00dfen kommende Verunreinigungen unm\u00f6glich macht.<\/p>\n<p><strong>Standardeigenschaften:<\/strong><\/p>\n<ul>\n<li>9,5 mm Verschwei\u00df Balken mit konstanter Temperatur<\/li>\n<li>Verschwei\u00dft Tyvek\u00ae\/Polyester, Polyethylen, Folienlaminate und andere Barrierefolien einschlie\u00dflich HDPE,LDPE, LLDPE, Polypropylen und Nylonfolien.<\/li>\n<li>Der Detektor f\u00fcr zu niedrigen Druck verhindert Verschwei\u00dfung, wenn der Druck sich unter dem erforderlichen Niveau befindet.<\/li>\n<li>Der Verschwei\u00dfprozess wird ebenfalls verhindert, wenn die Temperatur niedriger ist als f\u00fcr medizinische Verpackungnotwendig.<\/li>\n<li>Die Edelstahlkonstruktion, die nicht-rostenden Komponenten und die \u00f6lfreie Produktion sichern einen sauberen Verpackungsprozess.<\/li>\n<li>Die in den Beutel eintretende Luft wird vorher von einem 4-Mikron-Filter gereinigt.<\/li>\n<li>Pr\u00fcfung der Verschwei\u00df- und Verweilzeit, des Drucks und der Temperatur sind Standard.<\/li>\n<li>Die Maschine ist f\u00fcr den Gebrauch in sauberen R\u00e4umen gepr\u00fcft<\/li>\n<\/ul>\n","protected":false},"excerpt":{"rendered":"<p>Die Industriemaschine T-1000M funktioniert wie die T-1000 mit dem wesentlichen Unterschied, dass die Beutelverpackung klinisch sauber geschieht. Deshalb eignet sich diese Maschine f\u00fcr die Verpackung von Lebensmitteln und f\u00fcr Medizin.<\/p>\n<p>Die Industriemaschine T-1000 f\u00fcr Verpackung enth\u00e4lt alle Eigenschaften der T-1000 einschlie\u00dflich \u201dPop-Up\u201d- Fenster,Jobspeicherung, Produktionsgraphen und Fehlermitteilungen. Dar\u00fcber hinaus erf\u00fcllt sie die notwendigen Bedingungen f\u00fcr medizinische Verpackung, z.B. durch Benutzung von Tyvek\u00ae-Beuteln mit 6,35 mm Schwei\u00dfnaht und Aufrei\u00dfm\u00f6glichkeit.<\/p>\n","protected":false},"featured_media":188,"template":"","meta":[],"product_cat":[19,21],"product_tag":[],"yoast_head":"<!-- This site is optimized with the Yoast SEO plugin v20.1 - https:\/\/yoast.com\/wordpress\/plugins\/seo\/ -->\n<title>T-1000M Industriemaschine f\u00fcr die Medizin | BagMatic Verpackungsmaschinen<\/title>\n<meta name=\"description\" content=\"Halbautomatisches Verpacken mit der Verpackungsmaschine T-1000M Industriemaschine f\u00fcr die Medizin \u2705 Jetzt unverbindlich anfragen!\" \/>\n<meta name=\"robots\" content=\"index, follow, max-snippet:-1, max-image-preview:large, max-video-preview:-1\" \/>\n<link rel=\"canonical\" href=\"https:\/\/www.bagmatic.com\/de\/produkte-zubehoer\/verpackungsmaschinen\/industriemaschinen\/t-1000m-industriemaschine-fuer-beutelverpackung\/\" \/>\n<meta property=\"og:locale\" content=\"de_DE\" \/>\n<meta property=\"og:type\" content=\"article\" \/>\n<meta property=\"og:title\" content=\"T-1000M Industriemaschine f\u00fcr die Medizin | BagMatic Verpackungsmaschinen\" \/>\n<meta property=\"og:description\" content=\"Halbautomatisches Verpacken mit der Verpackungsmaschine T-1000M Industriemaschine f\u00fcr die Medizin \u2705 Jetzt unverbindlich anfragen!\" \/>\n<meta property=\"og:url\" content=\"https:\/\/www.bagmatic.com\/de\/produkte-zubehoer\/verpackungsmaschinen\/industriemaschinen\/t-1000m-industriemaschine-fuer-beutelverpackung\/\" \/>\n<meta property=\"og:site_name\" content=\"BagMatic\" \/>\n<meta property=\"article:modified_time\" content=\"2019-11-14T16:41:08+00:00\" \/>\n<meta property=\"og:image\" content=\"https:\/\/www.bagmatic.com\/wp-content\/uploads\/verpackungsmaschine-t1000m-industriemaschinemedizinische-verpackungen-bagmatic.jpg\" \/>\n\t<meta property=\"og:image:width\" content=\"1680\" \/>\n\t<meta property=\"og:image:height\" content=\"1024\" \/>\n\t<meta property=\"og:image:type\" content=\"image\/jpeg\" \/>\n<meta name=\"twitter:card\" content=\"summary_large_image\" \/>\n<meta name=\"twitter:label1\" content=\"Gesch\u00e4tzte Lesezeit\" \/>\n\t<meta name=\"twitter:data1\" content=\"1\u00a0Minute\" \/>\n<script type=\"application\/ld+json\" class=\"yoast-schema-graph\">{\"@context\":\"https:\/\/schema.org\",\"@graph\":[{\"@type\":\"WebPage\",\"@id\":\"https:\/\/www.bagmatic.com\/de\/produkte-zubehoer\/verpackungsmaschinen\/industriemaschinen\/t-1000m-industriemaschine-fuer-beutelverpackung\/\",\"url\":\"https:\/\/www.bagmatic.com\/de\/produkte-zubehoer\/verpackungsmaschinen\/industriemaschinen\/t-1000m-industriemaschine-fuer-beutelverpackung\/\",\"name\":\"T-1000M Industriemaschine f\u00fcr die Medizin | BagMatic Verpackungsmaschinen\",\"isPartOf\":{\"@id\":\"https:\/\/www.bagmatic.com\/de\/#website\"},\"datePublished\":\"2019-07-30T14:27:41+00:00\",\"dateModified\":\"2019-11-14T16:41:08+00:00\",\"description\":\"Halbautomatisches Verpacken mit der Verpackungsmaschine T-1000M Industriemaschine f\u00fcr die Medizin \u2705 Jetzt unverbindlich anfragen!\",\"breadcrumb\":{\"@id\":\"https:\/\/www.bagmatic.com\/de\/produkte-zubehoer\/verpackungsmaschinen\/industriemaschinen\/t-1000m-industriemaschine-fuer-beutelverpackung\/#breadcrumb\"},\"inLanguage\":\"de\",\"potentialAction\":[{\"@type\":\"ReadAction\",\"target\":[\"https:\/\/www.bagmatic.com\/de\/produkte-zubehoer\/verpackungsmaschinen\/industriemaschinen\/t-1000m-industriemaschine-fuer-beutelverpackung\/\"]}]},{\"@type\":\"BreadcrumbList\",\"@id\":\"https:\/\/www.bagmatic.com\/de\/produkte-zubehoer\/verpackungsmaschinen\/industriemaschinen\/t-1000m-industriemaschine-fuer-beutelverpackung\/#breadcrumb\",\"itemListElement\":[{\"@type\":\"ListItem\",\"position\":1,\"name\":\"Start\",\"item\":\"https:\/\/www.bagmatic.com\/de\/\"},{\"@type\":\"ListItem\",\"position\":2,\"name\":\"Produkte &#038; Zubeh\u00f6r\",\"item\":\"https:\/\/www.bagmatic.com\/de\/produkte-zubehoer\/\"},{\"@type\":\"ListItem\",\"position\":3,\"name\":\"Verpackungsmaschinen\",\"item\":\"https:\/\/www.bagmatic.com\/de\/produkt-kategorie\/verpackungsmaschinen\/\"},{\"@type\":\"ListItem\",\"position\":4,\"name\":\"Industriemaschinen\",\"item\":\"https:\/\/www.bagmatic.com\/de\/produkt-kategorie\/verpackungsmaschinen\/industriemaschinen\/\"},{\"@type\":\"ListItem\",\"position\":5,\"name\":\"T-1000M Industriemaschine f\u00fcr die Medizin\"}]},{\"@type\":\"WebSite\",\"@id\":\"https:\/\/www.bagmatic.com\/de\/#website\",\"url\":\"https:\/\/www.bagmatic.com\/de\/\",\"name\":\"BagMatic\",\"description\":\"\",\"publisher\":{\"@id\":\"https:\/\/www.bagmatic.com\/de\/#organization\"},\"potentialAction\":[{\"@type\":\"SearchAction\",\"target\":{\"@type\":\"EntryPoint\",\"urlTemplate\":\"https:\/\/www.bagmatic.com\/de\/?s={search_term_string}\"},\"query-input\":\"required name=search_term_string\"}],\"inLanguage\":\"de\"},{\"@type\":\"Organization\",\"@id\":\"https:\/\/www.bagmatic.com\/de\/#organization\",\"name\":\"BAGMATIC\u00ae GmbH\",\"url\":\"https:\/\/www.bagmatic.com\/de\/\",\"logo\":{\"@type\":\"ImageObject\",\"inLanguage\":\"de\",\"@id\":\"https:\/\/www.bagmatic.com\/de\/#\/schema\/logo\/image\/\",\"url\":\"https:\/\/www.bagmatic.com\/wp-content\/uploads\/bagmatic-logo.png\",\"contentUrl\":\"https:\/\/www.bagmatic.com\/wp-content\/uploads\/bagmatic-logo.png\",\"width\":500,\"height\":114,\"caption\":\"BAGMATIC\u00ae GmbH\"},\"image\":{\"@id\":\"https:\/\/www.bagmatic.com\/de\/#\/schema\/logo\/image\/\"}}]}<\/script>\n<!-- \/ Yoast SEO plugin. -->","yoast_head_json":{"title":"T-1000M Industriemaschine f\u00fcr die Medizin | BagMatic Verpackungsmaschinen","description":"Halbautomatisches Verpacken mit der Verpackungsmaschine T-1000M Industriemaschine f\u00fcr die Medizin \u2705 Jetzt unverbindlich anfragen!","robots":{"index":"index","follow":"follow","max-snippet":"max-snippet:-1","max-image-preview":"max-image-preview:large","max-video-preview":"max-video-preview:-1"},"canonical":"https:\/\/www.bagmatic.com\/de\/produkte-zubehoer\/verpackungsmaschinen\/industriemaschinen\/t-1000m-industriemaschine-fuer-beutelverpackung\/","og_locale":"de_DE","og_type":"article","og_title":"T-1000M Industriemaschine f\u00fcr die Medizin | BagMatic Verpackungsmaschinen","og_description":"Halbautomatisches Verpacken mit der Verpackungsmaschine T-1000M Industriemaschine f\u00fcr die Medizin \u2705 Jetzt unverbindlich anfragen!","og_url":"https:\/\/www.bagmatic.com\/de\/produkte-zubehoer\/verpackungsmaschinen\/industriemaschinen\/t-1000m-industriemaschine-fuer-beutelverpackung\/","og_site_name":"BagMatic","article_modified_time":"2019-11-14T16:41:08+00:00","og_image":[{"width":1680,"height":1024,"url":"https:\/\/www.bagmatic.com\/wp-content\/uploads\/verpackungsmaschine-t1000m-industriemaschinemedizinische-verpackungen-bagmatic.jpg","type":"image\/jpeg"}],"twitter_card":"summary_large_image","twitter_misc":{"Gesch\u00e4tzte Lesezeit":"1\u00a0Minute"},"schema":{"@context":"https:\/\/schema.org","@graph":[{"@type":"WebPage","@id":"https:\/\/www.bagmatic.com\/de\/produkte-zubehoer\/verpackungsmaschinen\/industriemaschinen\/t-1000m-industriemaschine-fuer-beutelverpackung\/","url":"https:\/\/www.bagmatic.com\/de\/produkte-zubehoer\/verpackungsmaschinen\/industriemaschinen\/t-1000m-industriemaschine-fuer-beutelverpackung\/","name":"T-1000M Industriemaschine f\u00fcr die Medizin | BagMatic Verpackungsmaschinen","isPartOf":{"@id":"https:\/\/www.bagmatic.com\/de\/#website"},"datePublished":"2019-07-30T14:27:41+00:00","dateModified":"2019-11-14T16:41:08+00:00","description":"Halbautomatisches Verpacken mit der Verpackungsmaschine T-1000M Industriemaschine f\u00fcr die Medizin \u2705 Jetzt unverbindlich anfragen!","breadcrumb":{"@id":"https:\/\/www.bagmatic.com\/de\/produkte-zubehoer\/verpackungsmaschinen\/industriemaschinen\/t-1000m-industriemaschine-fuer-beutelverpackung\/#breadcrumb"},"inLanguage":"de","potentialAction":[{"@type":"ReadAction","target":["https:\/\/www.bagmatic.com\/de\/produkte-zubehoer\/verpackungsmaschinen\/industriemaschinen\/t-1000m-industriemaschine-fuer-beutelverpackung\/"]}]},{"@type":"BreadcrumbList","@id":"https:\/\/www.bagmatic.com\/de\/produkte-zubehoer\/verpackungsmaschinen\/industriemaschinen\/t-1000m-industriemaschine-fuer-beutelverpackung\/#breadcrumb","itemListElement":[{"@type":"ListItem","position":1,"name":"Start","item":"https:\/\/www.bagmatic.com\/de\/"},{"@type":"ListItem","position":2,"name":"Produkte &#038; Zubeh\u00f6r","item":"https:\/\/www.bagmatic.com\/de\/produkte-zubehoer\/"},{"@type":"ListItem","position":3,"name":"Verpackungsmaschinen","item":"https:\/\/www.bagmatic.com\/de\/produkt-kategorie\/verpackungsmaschinen\/"},{"@type":"ListItem","position":4,"name":"Industriemaschinen","item":"https:\/\/www.bagmatic.com\/de\/produkt-kategorie\/verpackungsmaschinen\/industriemaschinen\/"},{"@type":"ListItem","position":5,"name":"T-1000M Industriemaschine f\u00fcr die Medizin"}]},{"@type":"WebSite","@id":"https:\/\/www.bagmatic.com\/de\/#website","url":"https:\/\/www.bagmatic.com\/de\/","name":"BagMatic","description":"","publisher":{"@id":"https:\/\/www.bagmatic.com\/de\/#organization"},"potentialAction":[{"@type":"SearchAction","target":{"@type":"EntryPoint","urlTemplate":"https:\/\/www.bagmatic.com\/de\/?s={search_term_string}"},"query-input":"required name=search_term_string"}],"inLanguage":"de"},{"@type":"Organization","@id":"https:\/\/www.bagmatic.com\/de\/#organization","name":"BAGMATIC\u00ae GmbH","url":"https:\/\/www.bagmatic.com\/de\/","logo":{"@type":"ImageObject","inLanguage":"de","@id":"https:\/\/www.bagmatic.com\/de\/#\/schema\/logo\/image\/","url":"https:\/\/www.bagmatic.com\/wp-content\/uploads\/bagmatic-logo.png","contentUrl":"https:\/\/www.bagmatic.com\/wp-content\/uploads\/bagmatic-logo.png","width":500,"height":114,"caption":"BAGMATIC\u00ae GmbH"},"image":{"@id":"https:\/\/www.bagmatic.com\/de\/#\/schema\/logo\/image\/"}}]}},"_links":{"self":[{"href":"https:\/\/www.bagmatic.com\/de\/wp-json\/wp\/v2\/product\/185"}],"collection":[{"href":"https:\/\/www.bagmatic.com\/de\/wp-json\/wp\/v2\/product"}],"about":[{"href":"https:\/\/www.bagmatic.com\/de\/wp-json\/wp\/v2\/types\/product"}],"wp:featuredmedia":[{"embeddable":true,"href":"https:\/\/www.bagmatic.com\/de\/wp-json\/wp\/v2\/media\/188"}],"wp:attachment":[{"href":"https:\/\/www.bagmatic.com\/de\/wp-json\/wp\/v2\/media?parent=185"}],"wp:term":[{"taxonomy":"product_cat","embeddable":true,"href":"https:\/\/www.bagmatic.com\/de\/wp-json\/wp\/v2\/product_cat?post=185"},{"taxonomy":"product_tag","embeddable":true,"href":"https:\/\/www.bagmatic.com\/de\/wp-json\/wp\/v2\/product_tag?post=185"}],"curies":[{"name":"wp","href":"https:\/\/api.w.org\/{rel}","templated":true}]}}