{"id":191,"date":"2019-07-30T16:32:27","date_gmt":"2019-07-30T14:32:27","guid":{"rendered":"https:\/\/2019.bagmatic.com\/de\/?post_type=product&#038;p=191"},"modified":"2019-11-15T15:29:35","modified_gmt":"2019-11-15T14:29:35","slug":"ti-1000-inline-drucker","status":"publish","type":"product","link":"https:\/\/www.bagmatic.com\/de\/produkte-zubehoer\/verpackungsmaschinen\/drucker\/ti-1000-inline-drucker\/","title":{"rendered":"Ti-1000 Inline Drucker"},"content":{"rendered":"<p><strong>Graphische F\u00e4higkeit:<\/strong>\u00a0Druckt mit einer Auswahl von \u00fcber 60 Schriftarten, 20 Arten von Barcodes (einschlie\u00dflich Strich-Codes) und graphischen Bildern.\u00a0<strong>Hochwertiges Drucken:<\/strong>\u00a0Drucken mit Geschwindigkeiten von bis zu 25,4cm (10&#8220;) pro Sekunde und bis zu 305 dpi. Die Ti-1000 erm\u00f6glicht klares, sauberes Drucken.\u00a0<strong>Dauerhaftigkeit:<\/strong>\u00a0Die dauerhafte Art der Konstruktion bietet Schutz unter schweren Produktionsbedingungen.<\/p>\n<p><strong>Hochleistungssysteme:<\/strong>\u00a0Hoher Durchlauf mittels &#8222;fliegender&#8220; Formatierung. Schnelles Herunterladen gro\u00dfer Etikettenformate wird durch 16 bit Prozessor und hohe Speicherkapazit\u00e4t erzielt.<\/p>\n","protected":false},"excerpt":{"rendered":"<p>Der Drucker Ti-1000 ist ein Thermaldrucker, der inline zusammen mit der Industriemaschine T-1000 funktioniert. Bei \u00c4nderungen des Aufdrucks hat schon der n\u00e4chste Beutel den neuen Inhalt oder das neue Design. Kein Wegwerfen von \u00fcberfl\u00fcssigen Papieretiketten oder Beuteln mit altem Aufdruck.<\/p>\n<p>Die neueste Druckkopf-Technologie ist hier! Schnelles, qualitativ hochwertiges Drucken ist nun mit dem Ti-1000 Inline-Drucker m\u00f6glich. Entwerfen und drucken Sie Ihre eigenen Strich-Codes, Grafiken oder Logos direkt auf die Beuteloberfl\u00e4che.<\/p>\n","protected":false},"featured_media":496,"template":"","meta":[],"product_cat":[19,22],"product_tag":[],"yoast_head":"<!-- This site is optimized with the Yoast SEO plugin v20.1 - https:\/\/yoast.com\/wordpress\/plugins\/seo\/ -->\n<title>Ti-1000 Inline Drucker | BagMatic Verpackungsmaschinen<\/title>\n<meta name=\"description\" content=\"Halbautomatisches Verpacken mit der Verpackungsmaschine Ti-1000 Inline Drucker \u2705 Jetzt unverbindlich anfragen!\" \/>\n<meta name=\"robots\" content=\"index, follow, max-snippet:-1, max-image-preview:large, max-video-preview:-1\" \/>\n<link rel=\"canonical\" href=\"https:\/\/www.bagmatic.com\/de\/produkte-zubehoer\/verpackungsmaschinen\/drucker\/ti-1000-inline-drucker\/\" \/>\n<meta property=\"og:locale\" content=\"de_DE\" \/>\n<meta property=\"og:type\" content=\"article\" \/>\n<meta property=\"og:title\" content=\"Ti-1000 Inline Drucker | BagMatic Verpackungsmaschinen\" \/>\n<meta property=\"og:description\" content=\"Halbautomatisches Verpacken mit der Verpackungsmaschine Ti-1000 Inline Drucker \u2705 Jetzt unverbindlich anfragen!\" \/>\n<meta property=\"og:url\" content=\"https:\/\/www.bagmatic.com\/de\/produkte-zubehoer\/verpackungsmaschinen\/drucker\/ti-1000-inline-drucker\/\" \/>\n<meta property=\"og:site_name\" content=\"BagMatic\" \/>\n<meta property=\"article:modified_time\" content=\"2019-11-15T14:29:35+00:00\" \/>\n<meta property=\"og:image\" content=\"https:\/\/www.bagmatic.com\/wp-content\/uploads\/Ti-1000-inline-druvker-verpackungsmaschinen-walpak-bagmatic.jpg\" \/>\n\t<meta property=\"og:image:width\" content=\"2000\" \/>\n\t<meta property=\"og:image:height\" content=\"2000\" \/>\n\t<meta property=\"og:image:type\" content=\"image\/jpeg\" \/>\n<meta name=\"twitter:card\" content=\"summary_large_image\" \/>\n<script type=\"application\/ld+json\" class=\"yoast-schema-graph\">{\"@context\":\"https:\/\/schema.org\",\"@graph\":[{\"@type\":\"WebPage\",\"@id\":\"https:\/\/www.bagmatic.com\/de\/produkte-zubehoer\/verpackungsmaschinen\/drucker\/ti-1000-inline-drucker\/\",\"url\":\"https:\/\/www.bagmatic.com\/de\/produkte-zubehoer\/verpackungsmaschinen\/drucker\/ti-1000-inline-drucker\/\",\"name\":\"Ti-1000 Inline Drucker | BagMatic Verpackungsmaschinen\",\"isPartOf\":{\"@id\":\"https:\/\/www.bagmatic.com\/de\/#website\"},\"datePublished\":\"2019-07-30T14:32:27+00:00\",\"dateModified\":\"2019-11-15T14:29:35+00:00\",\"description\":\"Halbautomatisches Verpacken mit der Verpackungsmaschine Ti-1000 Inline Drucker \u2705 Jetzt unverbindlich anfragen!\",\"breadcrumb\":{\"@id\":\"https:\/\/www.bagmatic.com\/de\/produkte-zubehoer\/verpackungsmaschinen\/drucker\/ti-1000-inline-drucker\/#breadcrumb\"},\"inLanguage\":\"de\",\"potentialAction\":[{\"@type\":\"ReadAction\",\"target\":[\"https:\/\/www.bagmatic.com\/de\/produkte-zubehoer\/verpackungsmaschinen\/drucker\/ti-1000-inline-drucker\/\"]}]},{\"@type\":\"BreadcrumbList\",\"@id\":\"https:\/\/www.bagmatic.com\/de\/produkte-zubehoer\/verpackungsmaschinen\/drucker\/ti-1000-inline-drucker\/#breadcrumb\",\"itemListElement\":[{\"@type\":\"ListItem\",\"position\":1,\"name\":\"Start\",\"item\":\"https:\/\/www.bagmatic.com\/de\/\"},{\"@type\":\"ListItem\",\"position\":2,\"name\":\"Produkte &#038; Zubeh\u00f6r\",\"item\":\"https:\/\/www.bagmatic.com\/de\/produkte-zubehoer\/\"},{\"@type\":\"ListItem\",\"position\":3,\"name\":\"Verpackungsmaschinen\",\"item\":\"https:\/\/www.bagmatic.com\/de\/produkt-kategorie\/verpackungsmaschinen\/\"},{\"@type\":\"ListItem\",\"position\":4,\"name\":\"Drucker\",\"item\":\"https:\/\/www.bagmatic.com\/de\/produkt-kategorie\/verpackungsmaschinen\/drucker\/\"},{\"@type\":\"ListItem\",\"position\":5,\"name\":\"Ti-1000 Inline Drucker\"}]},{\"@type\":\"WebSite\",\"@id\":\"https:\/\/www.bagmatic.com\/de\/#website\",\"url\":\"https:\/\/www.bagmatic.com\/de\/\",\"name\":\"BagMatic\",\"description\":\"\",\"publisher\":{\"@id\":\"https:\/\/www.bagmatic.com\/de\/#organization\"},\"potentialAction\":[{\"@type\":\"SearchAction\",\"target\":{\"@type\":\"EntryPoint\",\"urlTemplate\":\"https:\/\/www.bagmatic.com\/de\/?s={search_term_string}\"},\"query-input\":\"required name=search_term_string\"}],\"inLanguage\":\"de\"},{\"@type\":\"Organization\",\"@id\":\"https:\/\/www.bagmatic.com\/de\/#organization\",\"name\":\"BAGMATIC\u00ae GmbH\",\"url\":\"https:\/\/www.bagmatic.com\/de\/\",\"logo\":{\"@type\":\"ImageObject\",\"inLanguage\":\"de\",\"@id\":\"https:\/\/www.bagmatic.com\/de\/#\/schema\/logo\/image\/\",\"url\":\"https:\/\/www.bagmatic.com\/wp-content\/uploads\/bagmatic-logo.png\",\"contentUrl\":\"https:\/\/www.bagmatic.com\/wp-content\/uploads\/bagmatic-logo.png\",\"width\":500,\"height\":114,\"caption\":\"BAGMATIC\u00ae GmbH\"},\"image\":{\"@id\":\"https:\/\/www.bagmatic.com\/de\/#\/schema\/logo\/image\/\"}}]}<\/script>\n<!-- \/ Yoast SEO plugin. -->","yoast_head_json":{"title":"Ti-1000 Inline Drucker | BagMatic Verpackungsmaschinen","description":"Halbautomatisches Verpacken mit der Verpackungsmaschine Ti-1000 Inline Drucker \u2705 Jetzt unverbindlich anfragen!","robots":{"index":"index","follow":"follow","max-snippet":"max-snippet:-1","max-image-preview":"max-image-preview:large","max-video-preview":"max-video-preview:-1"},"canonical":"https:\/\/www.bagmatic.com\/de\/produkte-zubehoer\/verpackungsmaschinen\/drucker\/ti-1000-inline-drucker\/","og_locale":"de_DE","og_type":"article","og_title":"Ti-1000 Inline Drucker | BagMatic Verpackungsmaschinen","og_description":"Halbautomatisches Verpacken mit der Verpackungsmaschine Ti-1000 Inline Drucker \u2705 Jetzt unverbindlich anfragen!","og_url":"https:\/\/www.bagmatic.com\/de\/produkte-zubehoer\/verpackungsmaschinen\/drucker\/ti-1000-inline-drucker\/","og_site_name":"BagMatic","article_modified_time":"2019-11-15T14:29:35+00:00","og_image":[{"width":2000,"height":2000,"url":"https:\/\/www.bagmatic.com\/wp-content\/uploads\/Ti-1000-inline-druvker-verpackungsmaschinen-walpak-bagmatic.jpg","type":"image\/jpeg"}],"twitter_card":"summary_large_image","schema":{"@context":"https:\/\/schema.org","@graph":[{"@type":"WebPage","@id":"https:\/\/www.bagmatic.com\/de\/produkte-zubehoer\/verpackungsmaschinen\/drucker\/ti-1000-inline-drucker\/","url":"https:\/\/www.bagmatic.com\/de\/produkte-zubehoer\/verpackungsmaschinen\/drucker\/ti-1000-inline-drucker\/","name":"Ti-1000 Inline Drucker | BagMatic Verpackungsmaschinen","isPartOf":{"@id":"https:\/\/www.bagmatic.com\/de\/#website"},"datePublished":"2019-07-30T14:32:27+00:00","dateModified":"2019-11-15T14:29:35+00:00","description":"Halbautomatisches Verpacken mit der Verpackungsmaschine Ti-1000 Inline Drucker \u2705 Jetzt unverbindlich anfragen!","breadcrumb":{"@id":"https:\/\/www.bagmatic.com\/de\/produkte-zubehoer\/verpackungsmaschinen\/drucker\/ti-1000-inline-drucker\/#breadcrumb"},"inLanguage":"de","potentialAction":[{"@type":"ReadAction","target":["https:\/\/www.bagmatic.com\/de\/produkte-zubehoer\/verpackungsmaschinen\/drucker\/ti-1000-inline-drucker\/"]}]},{"@type":"BreadcrumbList","@id":"https:\/\/www.bagmatic.com\/de\/produkte-zubehoer\/verpackungsmaschinen\/drucker\/ti-1000-inline-drucker\/#breadcrumb","itemListElement":[{"@type":"ListItem","position":1,"name":"Start","item":"https:\/\/www.bagmatic.com\/de\/"},{"@type":"ListItem","position":2,"name":"Produkte &#038; Zubeh\u00f6r","item":"https:\/\/www.bagmatic.com\/de\/produkte-zubehoer\/"},{"@type":"ListItem","position":3,"name":"Verpackungsmaschinen","item":"https:\/\/www.bagmatic.com\/de\/produkt-kategorie\/verpackungsmaschinen\/"},{"@type":"ListItem","position":4,"name":"Drucker","item":"https:\/\/www.bagmatic.com\/de\/produkt-kategorie\/verpackungsmaschinen\/drucker\/"},{"@type":"ListItem","position":5,"name":"Ti-1000 Inline Drucker"}]},{"@type":"WebSite","@id":"https:\/\/www.bagmatic.com\/de\/#website","url":"https:\/\/www.bagmatic.com\/de\/","name":"BagMatic","description":"","publisher":{"@id":"https:\/\/www.bagmatic.com\/de\/#organization"},"potentialAction":[{"@type":"SearchAction","target":{"@type":"EntryPoint","urlTemplate":"https:\/\/www.bagmatic.com\/de\/?s={search_term_string}"},"query-input":"required name=search_term_string"}],"inLanguage":"de"},{"@type":"Organization","@id":"https:\/\/www.bagmatic.com\/de\/#organization","name":"BAGMATIC\u00ae GmbH","url":"https:\/\/www.bagmatic.com\/de\/","logo":{"@type":"ImageObject","inLanguage":"de","@id":"https:\/\/www.bagmatic.com\/de\/#\/schema\/logo\/image\/","url":"https:\/\/www.bagmatic.com\/wp-content\/uploads\/bagmatic-logo.png","contentUrl":"https:\/\/www.bagmatic.com\/wp-content\/uploads\/bagmatic-logo.png","width":500,"height":114,"caption":"BAGMATIC\u00ae GmbH"},"image":{"@id":"https:\/\/www.bagmatic.com\/de\/#\/schema\/logo\/image\/"}}]}},"_links":{"self":[{"href":"https:\/\/www.bagmatic.com\/de\/wp-json\/wp\/v2\/product\/191"}],"collection":[{"href":"https:\/\/www.bagmatic.com\/de\/wp-json\/wp\/v2\/product"}],"about":[{"href":"https:\/\/www.bagmatic.com\/de\/wp-json\/wp\/v2\/types\/product"}],"wp:featuredmedia":[{"embeddable":true,"href":"https:\/\/www.bagmatic.com\/de\/wp-json\/wp\/v2\/media\/496"}],"wp:attachment":[{"href":"https:\/\/www.bagmatic.com\/de\/wp-json\/wp\/v2\/media?parent=191"}],"wp:term":[{"taxonomy":"product_cat","embeddable":true,"href":"https:\/\/www.bagmatic.com\/de\/wp-json\/wp\/v2\/product_cat?post=191"},{"taxonomy":"product_tag","embeddable":true,"href":"https:\/\/www.bagmatic.com\/de\/wp-json\/wp\/v2\/product_tag?post=191"}],"curies":[{"name":"wp","href":"https:\/\/api.w.org\/{rel}","templated":true}]}}