{"id":195,"date":"2019-07-30T16:38:30","date_gmt":"2019-07-30T14:38:30","guid":{"rendered":"https:\/\/2019.bagmatic.com\/de\/?post_type=product&#038;p=195"},"modified":"2023-03-13T13:15:29","modified_gmt":"2023-03-13T12:15:29","slug":"bf-4000-kartonfuellsystem","status":"publish","type":"product","link":"https:\/\/www.bagmatic.com\/de\/produkte-zubehoer\/verpackungsmaschinen\/systeme\/bf-4000-kartonfuellsystem\/","title":{"rendered":"BF-4000 Kartonf\u00fcllsystem"},"content":{"rendered":"<p>Die BF-4000 l\u00e4sst sich einfach mit anderen Bef\u00fcllungseinheiten kombinieren, wie zum Beispiel horizontalen oder vertikalen Zuf\u00fchrb\u00e4ndern, Verpackungsmaschinen und drehbaren Waagen.<\/p>\n<p>Die Produkte (Beutel oder lose Teile) werden dann gez\u00e4hlt, wenn sie in die Kartons gef\u00fcllt werden. Wenn ein Karton gef\u00fcllt ist, schlie\u00dft ein Akkumulator den Karton, der n\u00e4chste leere Karton wird in die F\u00fcllposition gef\u00fchrt und dadurch ist f\u00fcr fortlaufende Bef\u00fcllung gesorgt.<\/p>\n<p>Es sind auch andere Anordnungen lieferbar, einschlie\u00dflich Inline-Ausstattungen, Top- &amp; Grundkonfiguration, sowie Z\u00e4hl- oder Nettowiegesysteme.<\/p>\n","protected":false},"excerpt":{"rendered":"<p>Nach Verpackung Ihrer Einzelteile oder Kits in Beutel k\u00f6nnen sie die Beutel automatisch in Kartons f\u00fcllen. Das Karton-F\u00fcllsystem f\u00e4hrt die Kartons auf einem F\u00f6rderband zur Ladestation, welche die Beutel z\u00e4hlt. Die gef\u00fcllten Kartons werden auf einem Rollenband entladen.<\/p>\n<p>Dieses automatische Kartonf\u00fcllsystem nimmt vorgefertigte Kartons und bef\u00fcllt sie \u00fcber ein angetriebenes F\u00f6rderband. Einmal gef\u00fcllt, werden diese auf einem Abrollband abgesetzt. Nach Verpackung Ihrer Einzelteile oder Kits in Beutel k\u00f6nnen sie die Beutel automatisch in Kartons f\u00fcllen. Das Karton-F\u00fcllsystem f\u00e4hrt die Kartons auf einem F\u00f6rderband zur Ladestation, welche die Beutel z\u00e4hlt. Die gef\u00fcllten Kartons werden auf einem Rollenband entladen.<\/p>\n","protected":false},"featured_media":196,"template":"","meta":[],"product_cat":[19,23],"product_tag":[],"yoast_head":"<!-- This site is optimized with the Yoast SEO plugin v20.1 - https:\/\/yoast.com\/wordpress\/plugins\/seo\/ -->\n<title>BF-4000 Kartonf\u00fcllsystem | BagMatic Verpackungsmaschinen<\/title>\n<meta name=\"description\" content=\"Halbautomatisches Verpacken mit der Verpackungsmaschine BF-4000 Kartonf\u00fcllsystem \u2705 Jetzt unverbindlich anfragen!\" \/>\n<meta name=\"robots\" content=\"index, follow, max-snippet:-1, max-image-preview:large, max-video-preview:-1\" \/>\n<link rel=\"canonical\" href=\"https:\/\/www.bagmatic.com\/de\/produkte-zubehoer\/verpackungsmaschinen\/systeme\/bf-4000-kartonfuellsystem\/\" \/>\n<meta property=\"og:locale\" content=\"de_DE\" \/>\n<meta property=\"og:type\" content=\"article\" \/>\n<meta property=\"og:title\" content=\"BF-4000 Kartonf\u00fcllsystem | BagMatic Verpackungsmaschinen\" \/>\n<meta property=\"og:description\" content=\"Halbautomatisches Verpacken mit der Verpackungsmaschine BF-4000 Kartonf\u00fcllsystem \u2705 Jetzt unverbindlich anfragen!\" \/>\n<meta property=\"og:url\" content=\"https:\/\/www.bagmatic.com\/de\/produkte-zubehoer\/verpackungsmaschinen\/systeme\/bf-4000-kartonfuellsystem\/\" \/>\n<meta property=\"og:site_name\" content=\"BagMatic\" \/>\n<meta property=\"article:modified_time\" content=\"2023-03-13T12:15:29+00:00\" \/>\n<meta property=\"og:image\" content=\"https:\/\/www.bagmatic.com\/wp-content\/uploads\/verpackungsmaschinen-systeme-kartonfuellsystem-BF4000-bagmatic.jpg\" \/>\n\t<meta property=\"og:image:width\" content=\"1680\" \/>\n\t<meta property=\"og:image:height\" content=\"1024\" \/>\n\t<meta property=\"og:image:type\" content=\"image\/jpeg\" \/>\n<meta name=\"twitter:card\" content=\"summary_large_image\" \/>\n<meta name=\"twitter:label1\" content=\"Gesch\u00e4tzte Lesezeit\" \/>\n\t<meta name=\"twitter:data1\" content=\"1\u00a0Minute\" \/>\n<script type=\"application\/ld+json\" class=\"yoast-schema-graph\">{\"@context\":\"https:\/\/schema.org\",\"@graph\":[{\"@type\":\"WebPage\",\"@id\":\"https:\/\/www.bagmatic.com\/de\/produkte-zubehoer\/verpackungsmaschinen\/systeme\/bf-4000-kartonfuellsystem\/\",\"url\":\"https:\/\/www.bagmatic.com\/de\/produkte-zubehoer\/verpackungsmaschinen\/systeme\/bf-4000-kartonfuellsystem\/\",\"name\":\"BF-4000 Kartonf\u00fcllsystem | BagMatic Verpackungsmaschinen\",\"isPartOf\":{\"@id\":\"https:\/\/www.bagmatic.com\/de\/#website\"},\"datePublished\":\"2019-07-30T14:38:30+00:00\",\"dateModified\":\"2023-03-13T12:15:29+00:00\",\"description\":\"Halbautomatisches Verpacken mit der Verpackungsmaschine BF-4000 Kartonf\u00fcllsystem \u2705 Jetzt unverbindlich anfragen!\",\"breadcrumb\":{\"@id\":\"https:\/\/www.bagmatic.com\/de\/produkte-zubehoer\/verpackungsmaschinen\/systeme\/bf-4000-kartonfuellsystem\/#breadcrumb\"},\"inLanguage\":\"de\",\"potentialAction\":[{\"@type\":\"ReadAction\",\"target\":[\"https:\/\/www.bagmatic.com\/de\/produkte-zubehoer\/verpackungsmaschinen\/systeme\/bf-4000-kartonfuellsystem\/\"]}]},{\"@type\":\"BreadcrumbList\",\"@id\":\"https:\/\/www.bagmatic.com\/de\/produkte-zubehoer\/verpackungsmaschinen\/systeme\/bf-4000-kartonfuellsystem\/#breadcrumb\",\"itemListElement\":[{\"@type\":\"ListItem\",\"position\":1,\"name\":\"Start\",\"item\":\"https:\/\/www.bagmatic.com\/de\/\"},{\"@type\":\"ListItem\",\"position\":2,\"name\":\"Produkte &#038; Zubeh\u00f6r\",\"item\":\"https:\/\/www.bagmatic.com\/de\/produkte-zubehoer\/\"},{\"@type\":\"ListItem\",\"position\":3,\"name\":\"Verpackungsmaschinen\",\"item\":\"https:\/\/www.bagmatic.com\/de\/produkt-kategorie\/verpackungsmaschinen\/\"},{\"@type\":\"ListItem\",\"position\":4,\"name\":\"Systeme\",\"item\":\"https:\/\/www.bagmatic.com\/de\/produkt-kategorie\/verpackungsmaschinen\/systeme\/\"},{\"@type\":\"ListItem\",\"position\":5,\"name\":\"BF-4000 Kartonf\u00fcllsystem\"}]},{\"@type\":\"WebSite\",\"@id\":\"https:\/\/www.bagmatic.com\/de\/#website\",\"url\":\"https:\/\/www.bagmatic.com\/de\/\",\"name\":\"BagMatic\",\"description\":\"\",\"publisher\":{\"@id\":\"https:\/\/www.bagmatic.com\/de\/#organization\"},\"potentialAction\":[{\"@type\":\"SearchAction\",\"target\":{\"@type\":\"EntryPoint\",\"urlTemplate\":\"https:\/\/www.bagmatic.com\/de\/?s={search_term_string}\"},\"query-input\":\"required name=search_term_string\"}],\"inLanguage\":\"de\"},{\"@type\":\"Organization\",\"@id\":\"https:\/\/www.bagmatic.com\/de\/#organization\",\"name\":\"BAGMATIC\u00ae GmbH\",\"url\":\"https:\/\/www.bagmatic.com\/de\/\",\"logo\":{\"@type\":\"ImageObject\",\"inLanguage\":\"de\",\"@id\":\"https:\/\/www.bagmatic.com\/de\/#\/schema\/logo\/image\/\",\"url\":\"https:\/\/www.bagmatic.com\/wp-content\/uploads\/bagmatic-logo.png\",\"contentUrl\":\"https:\/\/www.bagmatic.com\/wp-content\/uploads\/bagmatic-logo.png\",\"width\":500,\"height\":114,\"caption\":\"BAGMATIC\u00ae GmbH\"},\"image\":{\"@id\":\"https:\/\/www.bagmatic.com\/de\/#\/schema\/logo\/image\/\"}}]}<\/script>\n<!-- \/ Yoast SEO plugin. -->","yoast_head_json":{"title":"BF-4000 Kartonf\u00fcllsystem | BagMatic Verpackungsmaschinen","description":"Halbautomatisches Verpacken mit der Verpackungsmaschine BF-4000 Kartonf\u00fcllsystem \u2705 Jetzt unverbindlich anfragen!","robots":{"index":"index","follow":"follow","max-snippet":"max-snippet:-1","max-image-preview":"max-image-preview:large","max-video-preview":"max-video-preview:-1"},"canonical":"https:\/\/www.bagmatic.com\/de\/produkte-zubehoer\/verpackungsmaschinen\/systeme\/bf-4000-kartonfuellsystem\/","og_locale":"de_DE","og_type":"article","og_title":"BF-4000 Kartonf\u00fcllsystem | BagMatic Verpackungsmaschinen","og_description":"Halbautomatisches Verpacken mit der Verpackungsmaschine BF-4000 Kartonf\u00fcllsystem \u2705 Jetzt unverbindlich anfragen!","og_url":"https:\/\/www.bagmatic.com\/de\/produkte-zubehoer\/verpackungsmaschinen\/systeme\/bf-4000-kartonfuellsystem\/","og_site_name":"BagMatic","article_modified_time":"2023-03-13T12:15:29+00:00","og_image":[{"width":1680,"height":1024,"url":"https:\/\/www.bagmatic.com\/wp-content\/uploads\/verpackungsmaschinen-systeme-kartonfuellsystem-BF4000-bagmatic.jpg","type":"image\/jpeg"}],"twitter_card":"summary_large_image","twitter_misc":{"Gesch\u00e4tzte Lesezeit":"1\u00a0Minute"},"schema":{"@context":"https:\/\/schema.org","@graph":[{"@type":"WebPage","@id":"https:\/\/www.bagmatic.com\/de\/produkte-zubehoer\/verpackungsmaschinen\/systeme\/bf-4000-kartonfuellsystem\/","url":"https:\/\/www.bagmatic.com\/de\/produkte-zubehoer\/verpackungsmaschinen\/systeme\/bf-4000-kartonfuellsystem\/","name":"BF-4000 Kartonf\u00fcllsystem | BagMatic Verpackungsmaschinen","isPartOf":{"@id":"https:\/\/www.bagmatic.com\/de\/#website"},"datePublished":"2019-07-30T14:38:30+00:00","dateModified":"2023-03-13T12:15:29+00:00","description":"Halbautomatisches Verpacken mit der Verpackungsmaschine BF-4000 Kartonf\u00fcllsystem \u2705 Jetzt unverbindlich anfragen!","breadcrumb":{"@id":"https:\/\/www.bagmatic.com\/de\/produkte-zubehoer\/verpackungsmaschinen\/systeme\/bf-4000-kartonfuellsystem\/#breadcrumb"},"inLanguage":"de","potentialAction":[{"@type":"ReadAction","target":["https:\/\/www.bagmatic.com\/de\/produkte-zubehoer\/verpackungsmaschinen\/systeme\/bf-4000-kartonfuellsystem\/"]}]},{"@type":"BreadcrumbList","@id":"https:\/\/www.bagmatic.com\/de\/produkte-zubehoer\/verpackungsmaschinen\/systeme\/bf-4000-kartonfuellsystem\/#breadcrumb","itemListElement":[{"@type":"ListItem","position":1,"name":"Start","item":"https:\/\/www.bagmatic.com\/de\/"},{"@type":"ListItem","position":2,"name":"Produkte &#038; Zubeh\u00f6r","item":"https:\/\/www.bagmatic.com\/de\/produkte-zubehoer\/"},{"@type":"ListItem","position":3,"name":"Verpackungsmaschinen","item":"https:\/\/www.bagmatic.com\/de\/produkt-kategorie\/verpackungsmaschinen\/"},{"@type":"ListItem","position":4,"name":"Systeme","item":"https:\/\/www.bagmatic.com\/de\/produkt-kategorie\/verpackungsmaschinen\/systeme\/"},{"@type":"ListItem","position":5,"name":"BF-4000 Kartonf\u00fcllsystem"}]},{"@type":"WebSite","@id":"https:\/\/www.bagmatic.com\/de\/#website","url":"https:\/\/www.bagmatic.com\/de\/","name":"BagMatic","description":"","publisher":{"@id":"https:\/\/www.bagmatic.com\/de\/#organization"},"potentialAction":[{"@type":"SearchAction","target":{"@type":"EntryPoint","urlTemplate":"https:\/\/www.bagmatic.com\/de\/?s={search_term_string}"},"query-input":"required name=search_term_string"}],"inLanguage":"de"},{"@type":"Organization","@id":"https:\/\/www.bagmatic.com\/de\/#organization","name":"BAGMATIC\u00ae GmbH","url":"https:\/\/www.bagmatic.com\/de\/","logo":{"@type":"ImageObject","inLanguage":"de","@id":"https:\/\/www.bagmatic.com\/de\/#\/schema\/logo\/image\/","url":"https:\/\/www.bagmatic.com\/wp-content\/uploads\/bagmatic-logo.png","contentUrl":"https:\/\/www.bagmatic.com\/wp-content\/uploads\/bagmatic-logo.png","width":500,"height":114,"caption":"BAGMATIC\u00ae GmbH"},"image":{"@id":"https:\/\/www.bagmatic.com\/de\/#\/schema\/logo\/image\/"}}]}},"_links":{"self":[{"href":"https:\/\/www.bagmatic.com\/de\/wp-json\/wp\/v2\/product\/195"}],"collection":[{"href":"https:\/\/www.bagmatic.com\/de\/wp-json\/wp\/v2\/product"}],"about":[{"href":"https:\/\/www.bagmatic.com\/de\/wp-json\/wp\/v2\/types\/product"}],"wp:featuredmedia":[{"embeddable":true,"href":"https:\/\/www.bagmatic.com\/de\/wp-json\/wp\/v2\/media\/196"}],"wp:attachment":[{"href":"https:\/\/www.bagmatic.com\/de\/wp-json\/wp\/v2\/media?parent=195"}],"wp:term":[{"taxonomy":"product_cat","embeddable":true,"href":"https:\/\/www.bagmatic.com\/de\/wp-json\/wp\/v2\/product_cat?post=195"},{"taxonomy":"product_tag","embeddable":true,"href":"https:\/\/www.bagmatic.com\/de\/wp-json\/wp\/v2\/product_tag?post=195"}],"curies":[{"name":"wp","href":"https:\/\/api.w.org\/{rel}","templated":true}]}}