{"id":202,"date":"2019-07-30T16:45:02","date_gmt":"2019-07-30T14:45:02","guid":{"rendered":"https:\/\/2019.bagmatic.com\/de\/?post_type=product&#038;p=202"},"modified":"2021-07-16T10:49:05","modified_gmt":"2021-07-16T08:49:05","slug":"flexible-feeder","status":"publish","type":"product","link":"https:\/\/www.bagmatic.com\/de\/produkte-zubehoer\/verpackungsmaschinen\/flexible-feeder\/","title":{"rendered":"Flexible Feeder"},"content":{"rendered":"<p><strong>Vorteile:<\/strong><\/p>\n<ul>\n<li>ist sehr flexibel<\/li>\n<li>kann viele verschiedenartige und irregul\u00e4re Produkte zuf\u00fchren und laden.<\/li>\n<li>z\u00e4hlt die Einf\u00fcllteile schnell und 99,9% genau.<\/li>\n<li>l\u00e4sst sich schnell auf verschiedene Einf\u00fcllteile umstellen.<\/li>\n<li>ist extrem leise.<\/li>\n<li>hat bis zu vier Videokameras zur Inspektion und Kontrolle der Produkte, bevor die Produkte in den Verpackungsbeutel gelangen (Produktionsdatenlog mit Foto).<\/li>\n<li>besitzt eine Datenbase zur Registrierung der Anzahl gutgehei\u00dfener Teile\/der Kontrolldaten\/ der Produktionsdaten sowie der M\u00f6glichkeit zur Fotoregistrierung.<\/li>\n<li>ist leicht integrierbar in die Bagmatic-Verpackungslinie.<\/li>\n<\/ul>\n<p>Das System wurde an eine Reihe Gesellschaften in Europa verkauft. Als Refernzkunden k\u00f6nnen wir nennen:<\/p>\n<ul>\n<li>Ikea<\/li>\n<li>Siemens<\/li>\n<li>Schneider Electric<\/li>\n<li>Electrolux<\/li>\n<\/ul>\n<p>Senden Sie uns sobald wie m\u00f6glich Ihre Produkte, deren Form und Gr\u00f6\u00dfe wir von dem Flex Feeder berechnen lassen, um schnell, sicher und in der Anzahl genau\u00a0 verpacken zu k\u00f6nnen.<\/p>\n<p><em>Der Flex Feeder z\u00e4hlt Produkte mit einer L\u00e4nge von 3 mm bis 200 mm. Wenn Sie Produkte von 0,2 bis 18 mm L\u00e4nge oder Durchmesser z\u00e4hlen und verpacken m\u00f6chten, verweisen wir auf unsere Z\u00e4hlmaschine BM 1.<\/em><\/p>\n","protected":false},"excerpt":{"rendered":"<p>Der Flex Feeder ist als Eingabeeinheit un\u00fcbertroffen. Die Einf\u00fcllteile flie\u00dfen auf einem Schwingf\u00f6rderband an Sensoren vorbei, durch die genau berechnet und festgestellt wird, ob ein Teil vereinzelt und regul\u00e4r ist oder nicht. Die Einheit weist verhakte oder irregul\u00e4re Teile ab und bef\u00f6rdert sie zur\u00fcck zur Vereinzelung. Irregul\u00e4re Teile werden nie zum Laden zugelassen.<\/p>\n<p>Der patentierte\u00a0<strong>Flex Feeder<\/strong>\u00a0als Eingabezubeh\u00f6r zur Industriemaschine T-1000 f\u00fcr Verpackung ist einzigartig und hat viele Vorteile gegen\u00fcber den meisten bekannten Verpackungssystemen. Er z\u00e4hlt Produkte von mit einer L\u00e4nge von 3 mm bis 200 mm. Wenn Sie kleinere Produkte von 0,2 bis 18 mm L\u00e4nge oder Durchmesser z\u00e4hlen und verpacken m\u00f6chten, verweisen wir auf unsere Z\u00e4hlmaschine BM 1<\/p>\n","protected":false},"featured_media":203,"template":"","meta":[],"product_cat":[19,24],"product_tag":[],"yoast_head":"<!-- This site is optimized with the Yoast SEO plugin v20.1 - https:\/\/yoast.com\/wordpress\/plugins\/seo\/ -->\n<title>Flexible Feeder | BagMatic Verpackungsmaschinen<\/title>\n<meta name=\"description\" content=\"Halbautomatisches Verpacken mit der Verpackungsmaschine Flexible Feeder \u2705 Jetzt unverbindlich anfragen!\" \/>\n<meta name=\"robots\" content=\"index, follow, max-snippet:-1, max-image-preview:large, max-video-preview:-1\" \/>\n<link rel=\"canonical\" href=\"https:\/\/www.bagmatic.com\/de\/produkte-zubehoer\/verpackungsmaschinen\/flexible-feeder\/\" \/>\n<meta property=\"og:locale\" content=\"de_DE\" \/>\n<meta property=\"og:type\" content=\"article\" \/>\n<meta property=\"og:title\" content=\"Flexible Feeder | BagMatic Verpackungsmaschinen\" \/>\n<meta property=\"og:description\" content=\"Halbautomatisches Verpacken mit der Verpackungsmaschine Flexible Feeder \u2705 Jetzt unverbindlich anfragen!\" \/>\n<meta property=\"og:url\" content=\"https:\/\/www.bagmatic.com\/de\/produkte-zubehoer\/verpackungsmaschinen\/flexible-feeder\/\" \/>\n<meta property=\"og:site_name\" content=\"BagMatic\" \/>\n<meta property=\"article:modified_time\" content=\"2021-07-16T08:49:05+00:00\" \/>\n<meta property=\"og:image\" content=\"https:\/\/www.bagmatic.com\/wp-content\/uploads\/flex-feeder-verpackungsmaschine-eingabezubehoer-bagmatic.jpg\" \/>\n\t<meta property=\"og:image:width\" content=\"1680\" \/>\n\t<meta property=\"og:image:height\" content=\"1024\" \/>\n\t<meta property=\"og:image:type\" content=\"image\/jpeg\" \/>\n<meta name=\"twitter:card\" content=\"summary_large_image\" \/>\n<meta name=\"twitter:label1\" content=\"Gesch\u00e4tzte Lesezeit\" \/>\n\t<meta name=\"twitter:data1\" content=\"1\u00a0Minute\" \/>\n<script type=\"application\/ld+json\" class=\"yoast-schema-graph\">{\"@context\":\"https:\/\/schema.org\",\"@graph\":[{\"@type\":\"WebPage\",\"@id\":\"https:\/\/www.bagmatic.com\/de\/produkte-zubehoer\/verpackungsmaschinen\/flexible-feeder\/\",\"url\":\"https:\/\/www.bagmatic.com\/de\/produkte-zubehoer\/verpackungsmaschinen\/flexible-feeder\/\",\"name\":\"Flexible Feeder | BagMatic Verpackungsmaschinen\",\"isPartOf\":{\"@id\":\"https:\/\/www.bagmatic.com\/de\/#website\"},\"datePublished\":\"2019-07-30T14:45:02+00:00\",\"dateModified\":\"2021-07-16T08:49:05+00:00\",\"description\":\"Halbautomatisches Verpacken mit der Verpackungsmaschine Flexible Feeder \u2705 Jetzt unverbindlich anfragen!\",\"breadcrumb\":{\"@id\":\"https:\/\/www.bagmatic.com\/de\/produkte-zubehoer\/verpackungsmaschinen\/flexible-feeder\/#breadcrumb\"},\"inLanguage\":\"de\",\"potentialAction\":[{\"@type\":\"ReadAction\",\"target\":[\"https:\/\/www.bagmatic.com\/de\/produkte-zubehoer\/verpackungsmaschinen\/flexible-feeder\/\"]}]},{\"@type\":\"BreadcrumbList\",\"@id\":\"https:\/\/www.bagmatic.com\/de\/produkte-zubehoer\/verpackungsmaschinen\/flexible-feeder\/#breadcrumb\",\"itemListElement\":[{\"@type\":\"ListItem\",\"position\":1,\"name\":\"Start\",\"item\":\"https:\/\/www.bagmatic.com\/de\/\"},{\"@type\":\"ListItem\",\"position\":2,\"name\":\"Produkte &#038; Zubeh\u00f6r\",\"item\":\"https:\/\/www.bagmatic.com\/de\/produkte-zubehoer\/\"},{\"@type\":\"ListItem\",\"position\":3,\"name\":\"Eingabezubeh\u00f6r\",\"item\":\"https:\/\/www.bagmatic.com\/de\/produkt-kategorie\/eingabezubehoer\/\"},{\"@type\":\"ListItem\",\"position\":4,\"name\":\"Flexible Feeder\"}]},{\"@type\":\"WebSite\",\"@id\":\"https:\/\/www.bagmatic.com\/de\/#website\",\"url\":\"https:\/\/www.bagmatic.com\/de\/\",\"name\":\"BagMatic\",\"description\":\"\",\"publisher\":{\"@id\":\"https:\/\/www.bagmatic.com\/de\/#organization\"},\"potentialAction\":[{\"@type\":\"SearchAction\",\"target\":{\"@type\":\"EntryPoint\",\"urlTemplate\":\"https:\/\/www.bagmatic.com\/de\/?s={search_term_string}\"},\"query-input\":\"required name=search_term_string\"}],\"inLanguage\":\"de\"},{\"@type\":\"Organization\",\"@id\":\"https:\/\/www.bagmatic.com\/de\/#organization\",\"name\":\"BAGMATIC\u00ae GmbH\",\"url\":\"https:\/\/www.bagmatic.com\/de\/\",\"logo\":{\"@type\":\"ImageObject\",\"inLanguage\":\"de\",\"@id\":\"https:\/\/www.bagmatic.com\/de\/#\/schema\/logo\/image\/\",\"url\":\"https:\/\/www.bagmatic.com\/wp-content\/uploads\/bagmatic-logo.png\",\"contentUrl\":\"https:\/\/www.bagmatic.com\/wp-content\/uploads\/bagmatic-logo.png\",\"width\":500,\"height\":114,\"caption\":\"BAGMATIC\u00ae GmbH\"},\"image\":{\"@id\":\"https:\/\/www.bagmatic.com\/de\/#\/schema\/logo\/image\/\"}}]}<\/script>\n<!-- \/ Yoast SEO plugin. -->","yoast_head_json":{"title":"Flexible Feeder | BagMatic Verpackungsmaschinen","description":"Halbautomatisches Verpacken mit der Verpackungsmaschine Flexible Feeder \u2705 Jetzt unverbindlich anfragen!","robots":{"index":"index","follow":"follow","max-snippet":"max-snippet:-1","max-image-preview":"max-image-preview:large","max-video-preview":"max-video-preview:-1"},"canonical":"https:\/\/www.bagmatic.com\/de\/produkte-zubehoer\/verpackungsmaschinen\/flexible-feeder\/","og_locale":"de_DE","og_type":"article","og_title":"Flexible Feeder | BagMatic Verpackungsmaschinen","og_description":"Halbautomatisches Verpacken mit der Verpackungsmaschine Flexible Feeder \u2705 Jetzt unverbindlich anfragen!","og_url":"https:\/\/www.bagmatic.com\/de\/produkte-zubehoer\/verpackungsmaschinen\/flexible-feeder\/","og_site_name":"BagMatic","article_modified_time":"2021-07-16T08:49:05+00:00","og_image":[{"width":1680,"height":1024,"url":"https:\/\/www.bagmatic.com\/wp-content\/uploads\/flex-feeder-verpackungsmaschine-eingabezubehoer-bagmatic.jpg","type":"image\/jpeg"}],"twitter_card":"summary_large_image","twitter_misc":{"Gesch\u00e4tzte Lesezeit":"1\u00a0Minute"},"schema":{"@context":"https:\/\/schema.org","@graph":[{"@type":"WebPage","@id":"https:\/\/www.bagmatic.com\/de\/produkte-zubehoer\/verpackungsmaschinen\/flexible-feeder\/","url":"https:\/\/www.bagmatic.com\/de\/produkte-zubehoer\/verpackungsmaschinen\/flexible-feeder\/","name":"Flexible Feeder | BagMatic Verpackungsmaschinen","isPartOf":{"@id":"https:\/\/www.bagmatic.com\/de\/#website"},"datePublished":"2019-07-30T14:45:02+00:00","dateModified":"2021-07-16T08:49:05+00:00","description":"Halbautomatisches Verpacken mit der Verpackungsmaschine Flexible Feeder \u2705 Jetzt unverbindlich anfragen!","breadcrumb":{"@id":"https:\/\/www.bagmatic.com\/de\/produkte-zubehoer\/verpackungsmaschinen\/flexible-feeder\/#breadcrumb"},"inLanguage":"de","potentialAction":[{"@type":"ReadAction","target":["https:\/\/www.bagmatic.com\/de\/produkte-zubehoer\/verpackungsmaschinen\/flexible-feeder\/"]}]},{"@type":"BreadcrumbList","@id":"https:\/\/www.bagmatic.com\/de\/produkte-zubehoer\/verpackungsmaschinen\/flexible-feeder\/#breadcrumb","itemListElement":[{"@type":"ListItem","position":1,"name":"Start","item":"https:\/\/www.bagmatic.com\/de\/"},{"@type":"ListItem","position":2,"name":"Produkte &#038; Zubeh\u00f6r","item":"https:\/\/www.bagmatic.com\/de\/produkte-zubehoer\/"},{"@type":"ListItem","position":3,"name":"Eingabezubeh\u00f6r","item":"https:\/\/www.bagmatic.com\/de\/produkt-kategorie\/eingabezubehoer\/"},{"@type":"ListItem","position":4,"name":"Flexible Feeder"}]},{"@type":"WebSite","@id":"https:\/\/www.bagmatic.com\/de\/#website","url":"https:\/\/www.bagmatic.com\/de\/","name":"BagMatic","description":"","publisher":{"@id":"https:\/\/www.bagmatic.com\/de\/#organization"},"potentialAction":[{"@type":"SearchAction","target":{"@type":"EntryPoint","urlTemplate":"https:\/\/www.bagmatic.com\/de\/?s={search_term_string}"},"query-input":"required name=search_term_string"}],"inLanguage":"de"},{"@type":"Organization","@id":"https:\/\/www.bagmatic.com\/de\/#organization","name":"BAGMATIC\u00ae GmbH","url":"https:\/\/www.bagmatic.com\/de\/","logo":{"@type":"ImageObject","inLanguage":"de","@id":"https:\/\/www.bagmatic.com\/de\/#\/schema\/logo\/image\/","url":"https:\/\/www.bagmatic.com\/wp-content\/uploads\/bagmatic-logo.png","contentUrl":"https:\/\/www.bagmatic.com\/wp-content\/uploads\/bagmatic-logo.png","width":500,"height":114,"caption":"BAGMATIC\u00ae GmbH"},"image":{"@id":"https:\/\/www.bagmatic.com\/de\/#\/schema\/logo\/image\/"}}]}},"_links":{"self":[{"href":"https:\/\/www.bagmatic.com\/de\/wp-json\/wp\/v2\/product\/202"}],"collection":[{"href":"https:\/\/www.bagmatic.com\/de\/wp-json\/wp\/v2\/product"}],"about":[{"href":"https:\/\/www.bagmatic.com\/de\/wp-json\/wp\/v2\/types\/product"}],"wp:featuredmedia":[{"embeddable":true,"href":"https:\/\/www.bagmatic.com\/de\/wp-json\/wp\/v2\/media\/203"}],"wp:attachment":[{"href":"https:\/\/www.bagmatic.com\/de\/wp-json\/wp\/v2\/media?parent=202"}],"wp:term":[{"taxonomy":"product_cat","embeddable":true,"href":"https:\/\/www.bagmatic.com\/de\/wp-json\/wp\/v2\/product_cat?post=202"},{"taxonomy":"product_tag","embeddable":true,"href":"https:\/\/www.bagmatic.com\/de\/wp-json\/wp\/v2\/product_tag?post=202"}],"curies":[{"name":"wp","href":"https:\/\/api.w.org\/{rel}","templated":true}]}}