{"id":205,"date":"2019-07-30T16:47:58","date_gmt":"2019-07-30T14:47:58","guid":{"rendered":"https:\/\/2019.bagmatic.com\/de\/?post_type=product&#038;p=205"},"modified":"2019-07-30T18:17:13","modified_gmt":"2019-07-30T16:17:13","slug":"uf-5000-eingabezubehoer","status":"publish","type":"product","link":"https:\/\/www.bagmatic.com\/de\/produkte-zubehoer\/verpackungsmaschinen\/uf-5000-eingabezubehoer\/","title":{"rendered":"UF-5000 Eingabezubeh\u00f6r"},"content":{"rendered":"<p>Mit dem UF-5000 k\u00f6nnen Sie die Produktionsgeschwindigkeiten f\u00fcr beste Verpackungsergebnisse einstellen oder Sie k\u00f6nnen die Geschwindigkeitsrate f\u00fcr den Bediener festlegen, f\u00fcr eine schnelle, einfache und sichere Verpackung. Sie k\u00f6nnen auch fortlaufend mehrere Beutelkammern ohne Unterbrechung bef\u00fcllen. Kein Warten, auf das \u00d6ffnen der Beutel mit Luft oder auf Beutelversiegelung ist n\u00f6tig. Die UF-5000 erlaubt Ihnen ein gro\u00dfes Spektrum an Artikeln (oder Packs\u00e4tzen) kosteng\u00fcnstig und direkt in PE-Beutel zu verpacken, wie zum Beispiel Hardware-S\u00e4tze, Anwendungss\u00e4tze, Fahrrads\u00e4tze, Spielzeugmontages\u00e4tze und Handwerkss\u00e4tze.<\/p>\n","protected":false},"excerpt":{"rendered":"<p>Mit dem Zufuhrf\u00f6rderband UF-5000 k\u00f6nnen Sie alle m\u00f6glichen Einf\u00fcllteile oder S\u00e4tze von Teilen gleichm\u00e4\u00dfig zum Laden in den ge\u00f6ffneten Beutel transportieren, wenn Sie die richtige Geschwindigkeit einstellen &#8211; gleichg\u00fcltig, ob es sich um vollautomatische oder manuelle Eingabe der Teile handelt.<\/p>\n<p>Mit dem Zufuhrsortierband UF-5000 k\u00f6nnen Sie die Produktionsgeschwindigkeiten f\u00fcr die besten Verpackungsergebnisse einstellen oder die Geschwindigkeitsrate f\u00fcr den Bediener festlegen &#8211; f\u00fcr eine schnelle, einfache und sichere Verpackung. Sie k\u00f6nnen auch fortlaufend mehrere Beutelkammern ohne Unterbrechung bef\u00fcllen. Kein Warten auf das \u00d6ffnen der Beutel mit Luft oder auf die Beutelverschwei\u00dfung ist n\u00f6tig. Das UF-5000 erlaubt Ihnen, ein gro\u00dfes Spektrum an Artikeln (oder Packs\u00e4tzen) kosteng\u00fcnstig und direkt in PEBeutel zu verpacken, z.B. Hardware-S\u00e4tze, Werkzeugs\u00e4tze, S\u00e4tze von Fahrradteilen, Montages\u00e4tze f\u00fcr Spielzeug oder M\u00f6bel.<\/p>\n","protected":false},"featured_media":206,"template":"","meta":[],"product_cat":[19,24],"product_tag":[],"yoast_head":"<!-- This site is optimized with the Yoast SEO plugin v20.1 - https:\/\/yoast.com\/wordpress\/plugins\/seo\/ -->\n<title>UF-5000 Eingabezubeh\u00f6r | BagMatic Verpackungsmaschinen<\/title>\n<meta name=\"description\" content=\"Halbautomatisches Verpacken mit der Verpackungsmaschine UF-5000 Eingabezubeh\u00f6r \u2705 Jetzt unverbindlich anfragen!\" \/>\n<meta name=\"robots\" content=\"index, follow, max-snippet:-1, max-image-preview:large, max-video-preview:-1\" \/>\n<link rel=\"canonical\" href=\"https:\/\/www.bagmatic.com\/de\/produkte-zubehoer\/verpackungsmaschinen\/uf-5000-eingabezubehoer\/\" \/>\n<meta property=\"og:locale\" content=\"de_DE\" \/>\n<meta property=\"og:type\" content=\"article\" \/>\n<meta property=\"og:title\" content=\"UF-5000 Eingabezubeh\u00f6r | BagMatic Verpackungsmaschinen\" \/>\n<meta property=\"og:description\" content=\"Halbautomatisches Verpacken mit der Verpackungsmaschine UF-5000 Eingabezubeh\u00f6r \u2705 Jetzt unverbindlich anfragen!\" \/>\n<meta property=\"og:url\" content=\"https:\/\/www.bagmatic.com\/de\/produkte-zubehoer\/verpackungsmaschinen\/uf-5000-eingabezubehoer\/\" \/>\n<meta property=\"og:site_name\" content=\"BagMatic\" \/>\n<meta property=\"article:modified_time\" content=\"2019-07-30T16:17:13+00:00\" \/>\n<meta property=\"og:image\" content=\"https:\/\/www.bagmatic.com\/wp-content\/uploads\/verpackungsmaschinen-Zufuhrsortierband-UF5000-bagmatic.jpg\" \/>\n\t<meta property=\"og:image:width\" content=\"1680\" \/>\n\t<meta property=\"og:image:height\" content=\"1024\" \/>\n\t<meta property=\"og:image:type\" content=\"image\/jpeg\" \/>\n<meta name=\"twitter:card\" content=\"summary_large_image\" \/>\n<script type=\"application\/ld+json\" class=\"yoast-schema-graph\">{\"@context\":\"https:\/\/schema.org\",\"@graph\":[{\"@type\":\"WebPage\",\"@id\":\"https:\/\/www.bagmatic.com\/de\/produkte-zubehoer\/verpackungsmaschinen\/uf-5000-eingabezubehoer\/\",\"url\":\"https:\/\/www.bagmatic.com\/de\/produkte-zubehoer\/verpackungsmaschinen\/uf-5000-eingabezubehoer\/\",\"name\":\"UF-5000 Eingabezubeh\u00f6r | BagMatic Verpackungsmaschinen\",\"isPartOf\":{\"@id\":\"https:\/\/www.bagmatic.com\/de\/#website\"},\"datePublished\":\"2019-07-30T14:47:58+00:00\",\"dateModified\":\"2019-07-30T16:17:13+00:00\",\"description\":\"Halbautomatisches Verpacken mit der Verpackungsmaschine UF-5000 Eingabezubeh\u00f6r \u2705 Jetzt unverbindlich anfragen!\",\"breadcrumb\":{\"@id\":\"https:\/\/www.bagmatic.com\/de\/produkte-zubehoer\/verpackungsmaschinen\/uf-5000-eingabezubehoer\/#breadcrumb\"},\"inLanguage\":\"de\",\"potentialAction\":[{\"@type\":\"ReadAction\",\"target\":[\"https:\/\/www.bagmatic.com\/de\/produkte-zubehoer\/verpackungsmaschinen\/uf-5000-eingabezubehoer\/\"]}]},{\"@type\":\"BreadcrumbList\",\"@id\":\"https:\/\/www.bagmatic.com\/de\/produkte-zubehoer\/verpackungsmaschinen\/uf-5000-eingabezubehoer\/#breadcrumb\",\"itemListElement\":[{\"@type\":\"ListItem\",\"position\":1,\"name\":\"Start\",\"item\":\"https:\/\/www.bagmatic.com\/de\/\"},{\"@type\":\"ListItem\",\"position\":2,\"name\":\"Produkte &#038; Zubeh\u00f6r\",\"item\":\"https:\/\/www.bagmatic.com\/de\/produkte-zubehoer\/\"},{\"@type\":\"ListItem\",\"position\":3,\"name\":\"Verpackungsmaschinen\",\"item\":\"https:\/\/www.bagmatic.com\/de\/produkt-kategorie\/verpackungsmaschinen\/\"},{\"@type\":\"ListItem\",\"position\":4,\"name\":\"UF-5000 Eingabezubeh\u00f6r\"}]},{\"@type\":\"WebSite\",\"@id\":\"https:\/\/www.bagmatic.com\/de\/#website\",\"url\":\"https:\/\/www.bagmatic.com\/de\/\",\"name\":\"BagMatic\",\"description\":\"\",\"publisher\":{\"@id\":\"https:\/\/www.bagmatic.com\/de\/#organization\"},\"potentialAction\":[{\"@type\":\"SearchAction\",\"target\":{\"@type\":\"EntryPoint\",\"urlTemplate\":\"https:\/\/www.bagmatic.com\/de\/?s={search_term_string}\"},\"query-input\":\"required name=search_term_string\"}],\"inLanguage\":\"de\"},{\"@type\":\"Organization\",\"@id\":\"https:\/\/www.bagmatic.com\/de\/#organization\",\"name\":\"BAGMATIC\u00ae GmbH\",\"url\":\"https:\/\/www.bagmatic.com\/de\/\",\"logo\":{\"@type\":\"ImageObject\",\"inLanguage\":\"de\",\"@id\":\"https:\/\/www.bagmatic.com\/de\/#\/schema\/logo\/image\/\",\"url\":\"https:\/\/www.bagmatic.com\/wp-content\/uploads\/bagmatic-logo.png\",\"contentUrl\":\"https:\/\/www.bagmatic.com\/wp-content\/uploads\/bagmatic-logo.png\",\"width\":500,\"height\":114,\"caption\":\"BAGMATIC\u00ae GmbH\"},\"image\":{\"@id\":\"https:\/\/www.bagmatic.com\/de\/#\/schema\/logo\/image\/\"}}]}<\/script>\n<!-- \/ Yoast SEO plugin. -->","yoast_head_json":{"title":"UF-5000 Eingabezubeh\u00f6r | BagMatic Verpackungsmaschinen","description":"Halbautomatisches Verpacken mit der Verpackungsmaschine UF-5000 Eingabezubeh\u00f6r \u2705 Jetzt unverbindlich anfragen!","robots":{"index":"index","follow":"follow","max-snippet":"max-snippet:-1","max-image-preview":"max-image-preview:large","max-video-preview":"max-video-preview:-1"},"canonical":"https:\/\/www.bagmatic.com\/de\/produkte-zubehoer\/verpackungsmaschinen\/uf-5000-eingabezubehoer\/","og_locale":"de_DE","og_type":"article","og_title":"UF-5000 Eingabezubeh\u00f6r | BagMatic Verpackungsmaschinen","og_description":"Halbautomatisches Verpacken mit der Verpackungsmaschine UF-5000 Eingabezubeh\u00f6r \u2705 Jetzt unverbindlich anfragen!","og_url":"https:\/\/www.bagmatic.com\/de\/produkte-zubehoer\/verpackungsmaschinen\/uf-5000-eingabezubehoer\/","og_site_name":"BagMatic","article_modified_time":"2019-07-30T16:17:13+00:00","og_image":[{"width":1680,"height":1024,"url":"https:\/\/www.bagmatic.com\/wp-content\/uploads\/verpackungsmaschinen-Zufuhrsortierband-UF5000-bagmatic.jpg","type":"image\/jpeg"}],"twitter_card":"summary_large_image","schema":{"@context":"https:\/\/schema.org","@graph":[{"@type":"WebPage","@id":"https:\/\/www.bagmatic.com\/de\/produkte-zubehoer\/verpackungsmaschinen\/uf-5000-eingabezubehoer\/","url":"https:\/\/www.bagmatic.com\/de\/produkte-zubehoer\/verpackungsmaschinen\/uf-5000-eingabezubehoer\/","name":"UF-5000 Eingabezubeh\u00f6r | BagMatic Verpackungsmaschinen","isPartOf":{"@id":"https:\/\/www.bagmatic.com\/de\/#website"},"datePublished":"2019-07-30T14:47:58+00:00","dateModified":"2019-07-30T16:17:13+00:00","description":"Halbautomatisches Verpacken mit der Verpackungsmaschine UF-5000 Eingabezubeh\u00f6r \u2705 Jetzt unverbindlich anfragen!","breadcrumb":{"@id":"https:\/\/www.bagmatic.com\/de\/produkte-zubehoer\/verpackungsmaschinen\/uf-5000-eingabezubehoer\/#breadcrumb"},"inLanguage":"de","potentialAction":[{"@type":"ReadAction","target":["https:\/\/www.bagmatic.com\/de\/produkte-zubehoer\/verpackungsmaschinen\/uf-5000-eingabezubehoer\/"]}]},{"@type":"BreadcrumbList","@id":"https:\/\/www.bagmatic.com\/de\/produkte-zubehoer\/verpackungsmaschinen\/uf-5000-eingabezubehoer\/#breadcrumb","itemListElement":[{"@type":"ListItem","position":1,"name":"Start","item":"https:\/\/www.bagmatic.com\/de\/"},{"@type":"ListItem","position":2,"name":"Produkte &#038; Zubeh\u00f6r","item":"https:\/\/www.bagmatic.com\/de\/produkte-zubehoer\/"},{"@type":"ListItem","position":3,"name":"Verpackungsmaschinen","item":"https:\/\/www.bagmatic.com\/de\/produkt-kategorie\/verpackungsmaschinen\/"},{"@type":"ListItem","position":4,"name":"UF-5000 Eingabezubeh\u00f6r"}]},{"@type":"WebSite","@id":"https:\/\/www.bagmatic.com\/de\/#website","url":"https:\/\/www.bagmatic.com\/de\/","name":"BagMatic","description":"","publisher":{"@id":"https:\/\/www.bagmatic.com\/de\/#organization"},"potentialAction":[{"@type":"SearchAction","target":{"@type":"EntryPoint","urlTemplate":"https:\/\/www.bagmatic.com\/de\/?s={search_term_string}"},"query-input":"required name=search_term_string"}],"inLanguage":"de"},{"@type":"Organization","@id":"https:\/\/www.bagmatic.com\/de\/#organization","name":"BAGMATIC\u00ae GmbH","url":"https:\/\/www.bagmatic.com\/de\/","logo":{"@type":"ImageObject","inLanguage":"de","@id":"https:\/\/www.bagmatic.com\/de\/#\/schema\/logo\/image\/","url":"https:\/\/www.bagmatic.com\/wp-content\/uploads\/bagmatic-logo.png","contentUrl":"https:\/\/www.bagmatic.com\/wp-content\/uploads\/bagmatic-logo.png","width":500,"height":114,"caption":"BAGMATIC\u00ae GmbH"},"image":{"@id":"https:\/\/www.bagmatic.com\/de\/#\/schema\/logo\/image\/"}}]}},"_links":{"self":[{"href":"https:\/\/www.bagmatic.com\/de\/wp-json\/wp\/v2\/product\/205"}],"collection":[{"href":"https:\/\/www.bagmatic.com\/de\/wp-json\/wp\/v2\/product"}],"about":[{"href":"https:\/\/www.bagmatic.com\/de\/wp-json\/wp\/v2\/types\/product"}],"wp:featuredmedia":[{"embeddable":true,"href":"https:\/\/www.bagmatic.com\/de\/wp-json\/wp\/v2\/media\/206"}],"wp:attachment":[{"href":"https:\/\/www.bagmatic.com\/de\/wp-json\/wp\/v2\/media?parent=205"}],"wp:term":[{"taxonomy":"product_cat","embeddable":true,"href":"https:\/\/www.bagmatic.com\/de\/wp-json\/wp\/v2\/product_cat?post=205"},{"taxonomy":"product_tag","embeddable":true,"href":"https:\/\/www.bagmatic.com\/de\/wp-json\/wp\/v2\/product_tag?post=205"}],"curies":[{"name":"wp","href":"https:\/\/api.w.org\/{rel}","templated":true}]}}