{"id":208,"date":"2019-07-30T16:50:46","date_gmt":"2019-07-30T14:50:46","guid":{"rendered":"https:\/\/2019.bagmatic.com\/de\/?post_type=product&#038;p=208"},"modified":"2024-10-21T09:17:33","modified_gmt":"2024-10-21T07:17:33","slug":"uc-2400-serienzaehler","status":"publish","type":"product","link":"https:\/\/www.bagmatic.com\/de\/produkte-zubehoer\/eingabezubehoer\/wiegesystem-wiegemaschine\/uc-2400-serienzaehler\/","title":{"rendered":"UC-2400 Serienz\u00e4hler"},"content":{"rendered":"<p><strong>Standardeigenschaften:<\/strong><\/p>\n<ul>\n<li>32 Farben-&#8222;Touch-Screen&#8220;-Bildschirm mit Dialogfenster (zeigt Nachrichten und St\u00f6rungsmeldungen)<\/li>\n<li>Anwenderfreundlicher Mikroprozessor-Kontroller<\/li>\n<li>Edelstahlbeh\u00e4lter, dick beschichtet f\u00fcr garantierte Dauerhaftigkeit, auch wenn abreibende oder scharfe Teile verwendet werden<\/li>\n<li>durch Falltore und justierbare Kontrollschleusen wird der Transport der Teile geregelt und Pr\u00e4zision gew\u00e4hrleistet<\/li>\n<li>Programmierbare Fotozelle oder Waage, als Selektions und Kontrollinstanz, weist auf \u00fcberz\u00e4hlige Ausschussteile hin<\/li>\n<li>Der B\u00e4nderantrieb transportiert nicht nur das Produkt zum Verpackungstrichter, sondern erm\u00f6glicht die Trennung der Teile f\u00fcr ein genaues Z\u00e4hlen um Fehler in der F\u00fcllmenge zu vermeiden<\/li>\n<li>Die Bandkonfiguration\/-ausrichtung erm\u00f6glicht einen niedrigeren Beh\u00e4lter, der leicht gef\u00fcllt werden kann und mit einem zus\u00e4tzlichen Bevorratungsbeh\u00e4lter bzw. Hochgeschwindigkeitszuf\u00fchrband erg\u00e4nzt werden kann<\/li>\n<li>Einfacher oder Doppel-Akkumulator f\u00fcr genaue Trennung und Aufsch\u00fcttung der Teile<\/li>\n<li>Das integrierte f\u00f6rderbandbetriebene Stepper-System erh\u00f6ht oder senkt automatisch die Geschwindigkeit des Vibrationsbeh\u00e4lters f\u00fcr maximale Produktion<\/li>\n<li>Stabiler und schwerer Rahmen mit gepolsterter Aufh\u00e4ngung sorgt f\u00fcr den glatten und genauen Teiledurchlauf<\/li>\n<li>Standardbefestigungsteile k\u00f6nnen aus einer Datenbank abgerufen werden, zur Einstellung des automatischen Auges und des Vibrations-Beh\u00e4lters<\/li>\n<\/ul>\n","protected":false},"excerpt":{"rendered":"<p>Der Ultra-Count Serienz\u00e4hler UC-2400 ist ein Zusatzger\u00e4t zum Z\u00e4hlen von Einzelteilen und Teilen von S\u00e4tzen. Z\u00e4hl-kontrolle durch eine programmierbare Fotozelle. Ein Touchscreen sendet Mitteilungen \u00fcber Ladeprozess oder St\u00f6rungen. Er arbeitet inline zusammen mit der Industriemaschine T-1000.<\/p>\n<p>Mit dem Ultra-Count\u2122 Serienz\u00e4hler k\u00f6nnen Sie Einzelteile oder Teile von S\u00e4tzen problemlos z\u00e4hlen. Somit k\u00f6nnen alle Arten von Teilen (Befestigungsteile, medizinische Teile, Elektrikteile oder andere Komponenten) st\u00fcckzahl genau und zeitsparend verpackt werden. Der UC-2400 bietet Flexibilit\u00e4t und Geschwindigkeit, um die Aufgabe genau und schnell zu erledigen.<\/p>\n","protected":false},"featured_media":209,"template":"","meta":[],"product_cat":[112,109,99,19,24],"product_tag":[],"yoast_head":"<!-- This site is optimized with the Yoast SEO plugin v20.1 - https:\/\/yoast.com\/wordpress\/plugins\/seo\/ -->\n<title>UC-2400 Serienz\u00e4hler | BagMatic Verpackungsmaschinen<\/title>\n<meta name=\"description\" content=\"Halbautomatisches Verpacken mit der Verpackungsmaschine UC-2400 Serienz\u00e4hler \u2705 Jetzt unverbindlich anfragen!\" \/>\n<meta name=\"robots\" content=\"index, follow, max-snippet:-1, max-image-preview:large, max-video-preview:-1\" \/>\n<link rel=\"canonical\" href=\"https:\/\/www.bagmatic.com\/de\/produkte-zubehoer\/eingabezubehoer\/wiegesystem-wiegemaschine\/uc-2400-serienzaehler\/\" \/>\n<meta property=\"og:locale\" content=\"de_DE\" \/>\n<meta property=\"og:type\" content=\"article\" \/>\n<meta property=\"og:title\" content=\"UC-2400 Serienz\u00e4hler | BagMatic Verpackungsmaschinen\" \/>\n<meta property=\"og:description\" content=\"Halbautomatisches Verpacken mit der Verpackungsmaschine UC-2400 Serienz\u00e4hler \u2705 Jetzt unverbindlich anfragen!\" \/>\n<meta property=\"og:url\" content=\"https:\/\/www.bagmatic.com\/de\/produkte-zubehoer\/eingabezubehoer\/wiegesystem-wiegemaschine\/uc-2400-serienzaehler\/\" \/>\n<meta property=\"og:site_name\" content=\"BagMatic\" \/>\n<meta property=\"article:modified_time\" content=\"2024-10-21T07:17:33+00:00\" \/>\n<meta property=\"og:image\" content=\"https:\/\/www.bagmatic.com\/wp-content\/uploads\/verpackungsmaschinen-serienzaehler-UC2400-bagmatic.jpg\" \/>\n\t<meta property=\"og:image:width\" content=\"1680\" \/>\n\t<meta property=\"og:image:height\" content=\"1024\" \/>\n\t<meta property=\"og:image:type\" content=\"image\/jpeg\" \/>\n<meta name=\"twitter:card\" content=\"summary_large_image\" \/>\n<meta name=\"twitter:label1\" content=\"Gesch\u00e4tzte Lesezeit\" \/>\n\t<meta name=\"twitter:data1\" content=\"1\u00a0Minute\" \/>\n<script type=\"application\/ld+json\" class=\"yoast-schema-graph\">{\"@context\":\"https:\/\/schema.org\",\"@graph\":[{\"@type\":\"WebPage\",\"@id\":\"https:\/\/www.bagmatic.com\/de\/produkte-zubehoer\/eingabezubehoer\/wiegesystem-wiegemaschine\/uc-2400-serienzaehler\/\",\"url\":\"https:\/\/www.bagmatic.com\/de\/produkte-zubehoer\/eingabezubehoer\/wiegesystem-wiegemaschine\/uc-2400-serienzaehler\/\",\"name\":\"UC-2400 Serienz\u00e4hler | BagMatic Verpackungsmaschinen\",\"isPartOf\":{\"@id\":\"https:\/\/www.bagmatic.com\/de\/#website\"},\"datePublished\":\"2019-07-30T14:50:46+00:00\",\"dateModified\":\"2024-10-21T07:17:33+00:00\",\"description\":\"Halbautomatisches Verpacken mit der Verpackungsmaschine UC-2400 Serienz\u00e4hler \u2705 Jetzt unverbindlich anfragen!\",\"breadcrumb\":{\"@id\":\"https:\/\/www.bagmatic.com\/de\/produkte-zubehoer\/eingabezubehoer\/wiegesystem-wiegemaschine\/uc-2400-serienzaehler\/#breadcrumb\"},\"inLanguage\":\"de\",\"potentialAction\":[{\"@type\":\"ReadAction\",\"target\":[\"https:\/\/www.bagmatic.com\/de\/produkte-zubehoer\/eingabezubehoer\/wiegesystem-wiegemaschine\/uc-2400-serienzaehler\/\"]}]},{\"@type\":\"BreadcrumbList\",\"@id\":\"https:\/\/www.bagmatic.com\/de\/produkte-zubehoer\/eingabezubehoer\/wiegesystem-wiegemaschine\/uc-2400-serienzaehler\/#breadcrumb\",\"itemListElement\":[{\"@type\":\"ListItem\",\"position\":1,\"name\":\"Start\",\"item\":\"https:\/\/www.bagmatic.com\/de\/\"},{\"@type\":\"ListItem\",\"position\":2,\"name\":\"Produkte &#038; Zubeh\u00f6r\",\"item\":\"https:\/\/www.bagmatic.com\/de\/produkte-zubehoer\/\"},{\"@type\":\"ListItem\",\"position\":3,\"name\":\"Eingabezubeh\u00f6r\",\"item\":\"https:\/\/www.bagmatic.com\/de\/produkt-kategorie\/eingabezubehoer\/\"},{\"@type\":\"ListItem\",\"position\":4,\"name\":\"UC-2400 Serienz\u00e4hler\"}]},{\"@type\":\"WebSite\",\"@id\":\"https:\/\/www.bagmatic.com\/de\/#website\",\"url\":\"https:\/\/www.bagmatic.com\/de\/\",\"name\":\"BagMatic\",\"description\":\"\",\"publisher\":{\"@id\":\"https:\/\/www.bagmatic.com\/de\/#organization\"},\"potentialAction\":[{\"@type\":\"SearchAction\",\"target\":{\"@type\":\"EntryPoint\",\"urlTemplate\":\"https:\/\/www.bagmatic.com\/de\/?s={search_term_string}\"},\"query-input\":\"required name=search_term_string\"}],\"inLanguage\":\"de\"},{\"@type\":\"Organization\",\"@id\":\"https:\/\/www.bagmatic.com\/de\/#organization\",\"name\":\"BAGMATIC\u00ae GmbH\",\"url\":\"https:\/\/www.bagmatic.com\/de\/\",\"logo\":{\"@type\":\"ImageObject\",\"inLanguage\":\"de\",\"@id\":\"https:\/\/www.bagmatic.com\/de\/#\/schema\/logo\/image\/\",\"url\":\"https:\/\/www.bagmatic.com\/wp-content\/uploads\/bagmatic-logo.png\",\"contentUrl\":\"https:\/\/www.bagmatic.com\/wp-content\/uploads\/bagmatic-logo.png\",\"width\":500,\"height\":114,\"caption\":\"BAGMATIC\u00ae GmbH\"},\"image\":{\"@id\":\"https:\/\/www.bagmatic.com\/de\/#\/schema\/logo\/image\/\"}}]}<\/script>\n<!-- \/ Yoast SEO plugin. -->","yoast_head_json":{"title":"UC-2400 Serienz\u00e4hler | BagMatic Verpackungsmaschinen","description":"Halbautomatisches Verpacken mit der Verpackungsmaschine UC-2400 Serienz\u00e4hler \u2705 Jetzt unverbindlich anfragen!","robots":{"index":"index","follow":"follow","max-snippet":"max-snippet:-1","max-image-preview":"max-image-preview:large","max-video-preview":"max-video-preview:-1"},"canonical":"https:\/\/www.bagmatic.com\/de\/produkte-zubehoer\/eingabezubehoer\/wiegesystem-wiegemaschine\/uc-2400-serienzaehler\/","og_locale":"de_DE","og_type":"article","og_title":"UC-2400 Serienz\u00e4hler | BagMatic Verpackungsmaschinen","og_description":"Halbautomatisches Verpacken mit der Verpackungsmaschine UC-2400 Serienz\u00e4hler \u2705 Jetzt unverbindlich anfragen!","og_url":"https:\/\/www.bagmatic.com\/de\/produkte-zubehoer\/eingabezubehoer\/wiegesystem-wiegemaschine\/uc-2400-serienzaehler\/","og_site_name":"BagMatic","article_modified_time":"2024-10-21T07:17:33+00:00","og_image":[{"width":1680,"height":1024,"url":"https:\/\/www.bagmatic.com\/wp-content\/uploads\/verpackungsmaschinen-serienzaehler-UC2400-bagmatic.jpg","type":"image\/jpeg"}],"twitter_card":"summary_large_image","twitter_misc":{"Gesch\u00e4tzte Lesezeit":"1\u00a0Minute"},"schema":{"@context":"https:\/\/schema.org","@graph":[{"@type":"WebPage","@id":"https:\/\/www.bagmatic.com\/de\/produkte-zubehoer\/eingabezubehoer\/wiegesystem-wiegemaschine\/uc-2400-serienzaehler\/","url":"https:\/\/www.bagmatic.com\/de\/produkte-zubehoer\/eingabezubehoer\/wiegesystem-wiegemaschine\/uc-2400-serienzaehler\/","name":"UC-2400 Serienz\u00e4hler | BagMatic Verpackungsmaschinen","isPartOf":{"@id":"https:\/\/www.bagmatic.com\/de\/#website"},"datePublished":"2019-07-30T14:50:46+00:00","dateModified":"2024-10-21T07:17:33+00:00","description":"Halbautomatisches Verpacken mit der Verpackungsmaschine UC-2400 Serienz\u00e4hler \u2705 Jetzt unverbindlich anfragen!","breadcrumb":{"@id":"https:\/\/www.bagmatic.com\/de\/produkte-zubehoer\/eingabezubehoer\/wiegesystem-wiegemaschine\/uc-2400-serienzaehler\/#breadcrumb"},"inLanguage":"de","potentialAction":[{"@type":"ReadAction","target":["https:\/\/www.bagmatic.com\/de\/produkte-zubehoer\/eingabezubehoer\/wiegesystem-wiegemaschine\/uc-2400-serienzaehler\/"]}]},{"@type":"BreadcrumbList","@id":"https:\/\/www.bagmatic.com\/de\/produkte-zubehoer\/eingabezubehoer\/wiegesystem-wiegemaschine\/uc-2400-serienzaehler\/#breadcrumb","itemListElement":[{"@type":"ListItem","position":1,"name":"Start","item":"https:\/\/www.bagmatic.com\/de\/"},{"@type":"ListItem","position":2,"name":"Produkte &#038; Zubeh\u00f6r","item":"https:\/\/www.bagmatic.com\/de\/produkte-zubehoer\/"},{"@type":"ListItem","position":3,"name":"Eingabezubeh\u00f6r","item":"https:\/\/www.bagmatic.com\/de\/produkt-kategorie\/eingabezubehoer\/"},{"@type":"ListItem","position":4,"name":"UC-2400 Serienz\u00e4hler"}]},{"@type":"WebSite","@id":"https:\/\/www.bagmatic.com\/de\/#website","url":"https:\/\/www.bagmatic.com\/de\/","name":"BagMatic","description":"","publisher":{"@id":"https:\/\/www.bagmatic.com\/de\/#organization"},"potentialAction":[{"@type":"SearchAction","target":{"@type":"EntryPoint","urlTemplate":"https:\/\/www.bagmatic.com\/de\/?s={search_term_string}"},"query-input":"required name=search_term_string"}],"inLanguage":"de"},{"@type":"Organization","@id":"https:\/\/www.bagmatic.com\/de\/#organization","name":"BAGMATIC\u00ae GmbH","url":"https:\/\/www.bagmatic.com\/de\/","logo":{"@type":"ImageObject","inLanguage":"de","@id":"https:\/\/www.bagmatic.com\/de\/#\/schema\/logo\/image\/","url":"https:\/\/www.bagmatic.com\/wp-content\/uploads\/bagmatic-logo.png","contentUrl":"https:\/\/www.bagmatic.com\/wp-content\/uploads\/bagmatic-logo.png","width":500,"height":114,"caption":"BAGMATIC\u00ae GmbH"},"image":{"@id":"https:\/\/www.bagmatic.com\/de\/#\/schema\/logo\/image\/"}}]}},"_links":{"self":[{"href":"https:\/\/www.bagmatic.com\/de\/wp-json\/wp\/v2\/product\/208"}],"collection":[{"href":"https:\/\/www.bagmatic.com\/de\/wp-json\/wp\/v2\/product"}],"about":[{"href":"https:\/\/www.bagmatic.com\/de\/wp-json\/wp\/v2\/types\/product"}],"wp:featuredmedia":[{"embeddable":true,"href":"https:\/\/www.bagmatic.com\/de\/wp-json\/wp\/v2\/media\/209"}],"wp:attachment":[{"href":"https:\/\/www.bagmatic.com\/de\/wp-json\/wp\/v2\/media?parent=208"}],"wp:term":[{"taxonomy":"product_cat","embeddable":true,"href":"https:\/\/www.bagmatic.com\/de\/wp-json\/wp\/v2\/product_cat?post=208"},{"taxonomy":"product_tag","embeddable":true,"href":"https:\/\/www.bagmatic.com\/de\/wp-json\/wp\/v2\/product_tag?post=208"}],"curies":[{"name":"wp","href":"https:\/\/api.w.org\/{rel}","templated":true}]}}