{"id":211,"date":"2019-07-30T16:54:03","date_gmt":"2019-07-30T14:54:03","guid":{"rendered":"https:\/\/2019.bagmatic.com\/de\/?post_type=product&#038;p=211"},"modified":"2024-10-21T09:17:27","modified_gmt":"2024-10-21T07:17:27","slug":"ucs-2400-zaehler-waage","status":"publish","type":"product","link":"https:\/\/www.bagmatic.com\/de\/produkte-zubehoer\/eingabezubehoer\/wiegesystem-wiegemaschine\/ucs-2400-zaehler-waage\/","title":{"rendered":"UCS-2400 Z\u00e4hler &#038; Waage"},"content":{"rendered":"<p>Die Ultrawaage UCS-2400 erf\u00fcllt drei Funktionen in einem. Das gab es bisher noch nie auf dem Markt. Sie enth\u00e4lt:<\/p>\n<p>1. einen Vibrations-Teilz\u00e4hler<\/p>\n<p>2.eine Waage zur Gewichtskontrolle<\/p>\n<p>3. eine Nettowaage<\/p>\n<p>Die Funktionalit\u00e4t der zus\u00e4tzlichen Waage zur Gewichtskontrolle ist ideal f\u00fcr Kunden, die perfektes Z\u00e4hlen verlangen. Nach der vollendeten Portionsz\u00e4hlung w\u00e4gt die Waage die Portion und akzeptiert das Gewicht oder weist es ab. Eine automatisches\u00a0 Autokorrektionsger\u00e4t ist erh\u00e4ltlich, wenn die Anzahlt der Einf\u00fcllteile das Zielgewicht der Portion unterschreitet.<\/p>\n<p>&nbsp;<\/p>\n","protected":false},"excerpt":{"rendered":"<p>Die UCS-2400 funktioniert als Z\u00e4hler wie der Serienz\u00e4hler UC-2400, ist dar\u00fcber hinaus aber auch eine Waage zur Gewichtskontrolle und eine Nettowaage. Sie ist mit einem Gro\u00dfvorratstrichter und einem Schwingf\u00f6rderer ausgestattet und besser geeignet f\u00fcr vollautomatische Verpackung.<\/p>\n<p>Sie funktioniert als Teilz\u00e4hler wie das Standardmodell UC-2400 und enth\u00e4lt einen Gro\u00dfvorratstrichter, eine Hochgeschwindigkeits-R\u00fcttelschale aus rostfreiem Stahl als Antrieb, ein V-F\u00f6rderband zur Trennung der Einf\u00fcllteile, einen optischen Hochgeschwindigkeitsrahmen und ein Akkumulierungsger\u00e4t zur Portionierung.<\/p>\n","protected":false},"featured_media":212,"template":"","meta":[],"product_cat":[112,109,99,19,24],"product_tag":[],"yoast_head":"<!-- This site is optimized with the Yoast SEO plugin v20.1 - https:\/\/yoast.com\/wordpress\/plugins\/seo\/ -->\n<title>UCS-2400 Z\u00e4hler &amp; Waage | BagMatic Verpackungsmaschinen<\/title>\n<meta name=\"description\" content=\"Halbautomatisches Verpacken mit der Verpackungsmaschine UCS-2400 Z\u00e4hler &amp; Waage \u2705 Jetzt unverbindlich anfragen!\" \/>\n<meta name=\"robots\" content=\"index, follow, max-snippet:-1, max-image-preview:large, max-video-preview:-1\" \/>\n<link rel=\"canonical\" href=\"https:\/\/www.bagmatic.com\/de\/produkte-zubehoer\/eingabezubehoer\/wiegesystem-wiegemaschine\/ucs-2400-zaehler-waage\/\" \/>\n<meta property=\"og:locale\" content=\"de_DE\" \/>\n<meta property=\"og:type\" content=\"article\" \/>\n<meta property=\"og:title\" content=\"UCS-2400 Z\u00e4hler &amp; Waage | BagMatic Verpackungsmaschinen\" \/>\n<meta property=\"og:description\" content=\"Halbautomatisches Verpacken mit der Verpackungsmaschine UCS-2400 Z\u00e4hler &amp; Waage \u2705 Jetzt unverbindlich anfragen!\" \/>\n<meta property=\"og:url\" content=\"https:\/\/www.bagmatic.com\/de\/produkte-zubehoer\/eingabezubehoer\/wiegesystem-wiegemaschine\/ucs-2400-zaehler-waage\/\" \/>\n<meta property=\"og:site_name\" content=\"BagMatic\" \/>\n<meta property=\"article:modified_time\" content=\"2024-10-21T07:17:27+00:00\" \/>\n<meta property=\"og:image\" content=\"https:\/\/www.bagmatic.com\/wp-content\/uploads\/verpackungsmaschinen-teilzaehler-waage-uc2400-bagmatic.jpg\" \/>\n\t<meta property=\"og:image:width\" content=\"1680\" \/>\n\t<meta property=\"og:image:height\" content=\"1024\" \/>\n\t<meta property=\"og:image:type\" content=\"image\/jpeg\" \/>\n<meta name=\"twitter:card\" content=\"summary_large_image\" \/>\n<script type=\"application\/ld+json\" class=\"yoast-schema-graph\">{\"@context\":\"https:\/\/schema.org\",\"@graph\":[{\"@type\":\"WebPage\",\"@id\":\"https:\/\/www.bagmatic.com\/de\/produkte-zubehoer\/eingabezubehoer\/wiegesystem-wiegemaschine\/ucs-2400-zaehler-waage\/\",\"url\":\"https:\/\/www.bagmatic.com\/de\/produkte-zubehoer\/eingabezubehoer\/wiegesystem-wiegemaschine\/ucs-2400-zaehler-waage\/\",\"name\":\"UCS-2400 Z\u00e4hler & Waage | BagMatic Verpackungsmaschinen\",\"isPartOf\":{\"@id\":\"https:\/\/www.bagmatic.com\/de\/#website\"},\"datePublished\":\"2019-07-30T14:54:03+00:00\",\"dateModified\":\"2024-10-21T07:17:27+00:00\",\"description\":\"Halbautomatisches Verpacken mit der Verpackungsmaschine UCS-2400 Z\u00e4hler & Waage \u2705 Jetzt unverbindlich anfragen!\",\"breadcrumb\":{\"@id\":\"https:\/\/www.bagmatic.com\/de\/produkte-zubehoer\/eingabezubehoer\/wiegesystem-wiegemaschine\/ucs-2400-zaehler-waage\/#breadcrumb\"},\"inLanguage\":\"de\",\"potentialAction\":[{\"@type\":\"ReadAction\",\"target\":[\"https:\/\/www.bagmatic.com\/de\/produkte-zubehoer\/eingabezubehoer\/wiegesystem-wiegemaschine\/ucs-2400-zaehler-waage\/\"]}]},{\"@type\":\"BreadcrumbList\",\"@id\":\"https:\/\/www.bagmatic.com\/de\/produkte-zubehoer\/eingabezubehoer\/wiegesystem-wiegemaschine\/ucs-2400-zaehler-waage\/#breadcrumb\",\"itemListElement\":[{\"@type\":\"ListItem\",\"position\":1,\"name\":\"Start\",\"item\":\"https:\/\/www.bagmatic.com\/de\/\"},{\"@type\":\"ListItem\",\"position\":2,\"name\":\"Produkte &#038; Zubeh\u00f6r\",\"item\":\"https:\/\/www.bagmatic.com\/de\/produkte-zubehoer\/\"},{\"@type\":\"ListItem\",\"position\":3,\"name\":\"Eingabezubeh\u00f6r\",\"item\":\"https:\/\/www.bagmatic.com\/de\/produkt-kategorie\/eingabezubehoer\/\"},{\"@type\":\"ListItem\",\"position\":4,\"name\":\"UCS-2400 Z\u00e4hler &#038; Waage\"}]},{\"@type\":\"WebSite\",\"@id\":\"https:\/\/www.bagmatic.com\/de\/#website\",\"url\":\"https:\/\/www.bagmatic.com\/de\/\",\"name\":\"BagMatic\",\"description\":\"\",\"publisher\":{\"@id\":\"https:\/\/www.bagmatic.com\/de\/#organization\"},\"potentialAction\":[{\"@type\":\"SearchAction\",\"target\":{\"@type\":\"EntryPoint\",\"urlTemplate\":\"https:\/\/www.bagmatic.com\/de\/?s={search_term_string}\"},\"query-input\":\"required name=search_term_string\"}],\"inLanguage\":\"de\"},{\"@type\":\"Organization\",\"@id\":\"https:\/\/www.bagmatic.com\/de\/#organization\",\"name\":\"BAGMATIC\u00ae GmbH\",\"url\":\"https:\/\/www.bagmatic.com\/de\/\",\"logo\":{\"@type\":\"ImageObject\",\"inLanguage\":\"de\",\"@id\":\"https:\/\/www.bagmatic.com\/de\/#\/schema\/logo\/image\/\",\"url\":\"https:\/\/www.bagmatic.com\/wp-content\/uploads\/bagmatic-logo.png\",\"contentUrl\":\"https:\/\/www.bagmatic.com\/wp-content\/uploads\/bagmatic-logo.png\",\"width\":500,\"height\":114,\"caption\":\"BAGMATIC\u00ae GmbH\"},\"image\":{\"@id\":\"https:\/\/www.bagmatic.com\/de\/#\/schema\/logo\/image\/\"}}]}<\/script>\n<!-- \/ Yoast SEO plugin. -->","yoast_head_json":{"title":"UCS-2400 Z\u00e4hler & Waage | BagMatic Verpackungsmaschinen","description":"Halbautomatisches Verpacken mit der Verpackungsmaschine UCS-2400 Z\u00e4hler & Waage \u2705 Jetzt unverbindlich anfragen!","robots":{"index":"index","follow":"follow","max-snippet":"max-snippet:-1","max-image-preview":"max-image-preview:large","max-video-preview":"max-video-preview:-1"},"canonical":"https:\/\/www.bagmatic.com\/de\/produkte-zubehoer\/eingabezubehoer\/wiegesystem-wiegemaschine\/ucs-2400-zaehler-waage\/","og_locale":"de_DE","og_type":"article","og_title":"UCS-2400 Z\u00e4hler & Waage | BagMatic Verpackungsmaschinen","og_description":"Halbautomatisches Verpacken mit der Verpackungsmaschine UCS-2400 Z\u00e4hler & Waage \u2705 Jetzt unverbindlich anfragen!","og_url":"https:\/\/www.bagmatic.com\/de\/produkte-zubehoer\/eingabezubehoer\/wiegesystem-wiegemaschine\/ucs-2400-zaehler-waage\/","og_site_name":"BagMatic","article_modified_time":"2024-10-21T07:17:27+00:00","og_image":[{"width":1680,"height":1024,"url":"https:\/\/www.bagmatic.com\/wp-content\/uploads\/verpackungsmaschinen-teilzaehler-waage-uc2400-bagmatic.jpg","type":"image\/jpeg"}],"twitter_card":"summary_large_image","schema":{"@context":"https:\/\/schema.org","@graph":[{"@type":"WebPage","@id":"https:\/\/www.bagmatic.com\/de\/produkte-zubehoer\/eingabezubehoer\/wiegesystem-wiegemaschine\/ucs-2400-zaehler-waage\/","url":"https:\/\/www.bagmatic.com\/de\/produkte-zubehoer\/eingabezubehoer\/wiegesystem-wiegemaschine\/ucs-2400-zaehler-waage\/","name":"UCS-2400 Z\u00e4hler & Waage | BagMatic Verpackungsmaschinen","isPartOf":{"@id":"https:\/\/www.bagmatic.com\/de\/#website"},"datePublished":"2019-07-30T14:54:03+00:00","dateModified":"2024-10-21T07:17:27+00:00","description":"Halbautomatisches Verpacken mit der Verpackungsmaschine UCS-2400 Z\u00e4hler & Waage \u2705 Jetzt unverbindlich anfragen!","breadcrumb":{"@id":"https:\/\/www.bagmatic.com\/de\/produkte-zubehoer\/eingabezubehoer\/wiegesystem-wiegemaschine\/ucs-2400-zaehler-waage\/#breadcrumb"},"inLanguage":"de","potentialAction":[{"@type":"ReadAction","target":["https:\/\/www.bagmatic.com\/de\/produkte-zubehoer\/eingabezubehoer\/wiegesystem-wiegemaschine\/ucs-2400-zaehler-waage\/"]}]},{"@type":"BreadcrumbList","@id":"https:\/\/www.bagmatic.com\/de\/produkte-zubehoer\/eingabezubehoer\/wiegesystem-wiegemaschine\/ucs-2400-zaehler-waage\/#breadcrumb","itemListElement":[{"@type":"ListItem","position":1,"name":"Start","item":"https:\/\/www.bagmatic.com\/de\/"},{"@type":"ListItem","position":2,"name":"Produkte &#038; Zubeh\u00f6r","item":"https:\/\/www.bagmatic.com\/de\/produkte-zubehoer\/"},{"@type":"ListItem","position":3,"name":"Eingabezubeh\u00f6r","item":"https:\/\/www.bagmatic.com\/de\/produkt-kategorie\/eingabezubehoer\/"},{"@type":"ListItem","position":4,"name":"UCS-2400 Z\u00e4hler &#038; Waage"}]},{"@type":"WebSite","@id":"https:\/\/www.bagmatic.com\/de\/#website","url":"https:\/\/www.bagmatic.com\/de\/","name":"BagMatic","description":"","publisher":{"@id":"https:\/\/www.bagmatic.com\/de\/#organization"},"potentialAction":[{"@type":"SearchAction","target":{"@type":"EntryPoint","urlTemplate":"https:\/\/www.bagmatic.com\/de\/?s={search_term_string}"},"query-input":"required name=search_term_string"}],"inLanguage":"de"},{"@type":"Organization","@id":"https:\/\/www.bagmatic.com\/de\/#organization","name":"BAGMATIC\u00ae GmbH","url":"https:\/\/www.bagmatic.com\/de\/","logo":{"@type":"ImageObject","inLanguage":"de","@id":"https:\/\/www.bagmatic.com\/de\/#\/schema\/logo\/image\/","url":"https:\/\/www.bagmatic.com\/wp-content\/uploads\/bagmatic-logo.png","contentUrl":"https:\/\/www.bagmatic.com\/wp-content\/uploads\/bagmatic-logo.png","width":500,"height":114,"caption":"BAGMATIC\u00ae GmbH"},"image":{"@id":"https:\/\/www.bagmatic.com\/de\/#\/schema\/logo\/image\/"}}]}},"_links":{"self":[{"href":"https:\/\/www.bagmatic.com\/de\/wp-json\/wp\/v2\/product\/211"}],"collection":[{"href":"https:\/\/www.bagmatic.com\/de\/wp-json\/wp\/v2\/product"}],"about":[{"href":"https:\/\/www.bagmatic.com\/de\/wp-json\/wp\/v2\/types\/product"}],"wp:featuredmedia":[{"embeddable":true,"href":"https:\/\/www.bagmatic.com\/de\/wp-json\/wp\/v2\/media\/212"}],"wp:attachment":[{"href":"https:\/\/www.bagmatic.com\/de\/wp-json\/wp\/v2\/media?parent=211"}],"wp:term":[{"taxonomy":"product_cat","embeddable":true,"href":"https:\/\/www.bagmatic.com\/de\/wp-json\/wp\/v2\/product_cat?post=211"},{"taxonomy":"product_tag","embeddable":true,"href":"https:\/\/www.bagmatic.com\/de\/wp-json\/wp\/v2\/product_tag?post=211"}],"curies":[{"name":"wp","href":"https:\/\/api.w.org\/{rel}","templated":true}]}}