{"id":214,"date":"2019-07-30T16:58:15","date_gmt":"2019-07-30T14:58:15","guid":{"rendered":"https:\/\/2019.bagmatic.com\/de\/?post_type=product&#038;p=214"},"modified":"2024-10-21T09:17:20","modified_gmt":"2024-10-21T07:17:20","slug":"us-5000-halbautomatisches-wiege-zaehlsystem","status":"publish","type":"product","link":"https:\/\/www.bagmatic.com\/de\/produkte-zubehoer\/eingabezubehoer\/wiegesystem-wiegemaschine\/us-5000-halbautomatisches-wiege-zaehlsystem\/","title":{"rendered":"US-5000 halbautomatisches Wiege-\/Z\u00e4hlsystem"},"content":{"rendered":"<p>Die Ultrawaage US-5000 ist ein halbautomatisches W\u00e4ge-\/Z\u00e4hlsystem in Verbindung mit den Industriemaschinen T-1000, T-1000H und T-1000M. Sie ist besonders geeignet f\u00fcr schnelle Produktionswechsel und Verpackung von Kits und bietet eine Vielzahl von Auftragsspeicherungen.<\/p>\n<p><strong>Spezifikationen:<\/strong><\/p>\n<ul>\n<li>Pneumatischer Kipp-MessBeh\u00e4lter<\/li>\n<li>Touch-Screen-Bedienung<br \/>\n(gesteuert mit dem T-1000 PLC\/<br \/>\nSPS)<\/li>\n<li>Max. Gewicht\/ Last: 10 kg<\/li>\n<li>Verpackung von S\u00e4tzen: packt bis zu 6 verschiedene Elemente per Satz; mit bis zu (insgesamt) 50.000 Einzelst\u00fccken per Satz<\/li>\n<li>Z\u00e4hlfunktion in St\u00fcck und Waagefunktion in lbs, kg oder g<\/li>\n<li>Gewicht: 69 kg (153 lbs)<\/li>\n<\/ul>\n<p><strong>Auf Wunsch:<\/strong><\/p>\n<ul>\n<li>Zusatz-Beh\u00e4lter<\/li>\n<li>Teilbereiche (Trennw\u00e4nde) zur leichteren Verpackung von S\u00e4tzen<\/li>\n<\/ul>\n","protected":false},"excerpt":{"rendered":"<p>Die Ultrawaage US-5000 ist eine W\u00e4ge- und Z\u00e4hleinheit, die sich mit den verschiedenen Industriemaschinen T-1000 problemlos und dann mit Inlinefunktion verbinden l\u00e4sst. Das Ger\u00e4t ist besonders gut geeignet, wenn Sie schnell die Serien der zu verpackenden Teile oder Kits \u00e4ndern m\u00fcssen\/wollen.<\/p>\n<p>Die Ultrawaage US 5000 ist ein halbautomatisches W\u00e4ge-\/ Z\u00e4hlsystem, das unmittelbare Produktions\u00fcberg\u00e4nge, Satzverpackung und eine Vielzahl von Auftragsspeicherungen bietet.<\/p>\n","protected":false},"featured_media":215,"template":"","meta":[],"product_cat":[112,109,99,19,24],"product_tag":[],"yoast_head":"<!-- This site is optimized with the Yoast SEO plugin v20.1 - https:\/\/yoast.com\/wordpress\/plugins\/seo\/ -->\n<title>US-5000 halbautomatisches Wiege-\/Z\u00e4hlsystem | BagMatic Verpackungsmaschinen<\/title>\n<meta name=\"description\" content=\"Halbautomatisches Verpacken mit der Verpackungsmaschine US-5000 halbautomatisches Wiege-\/Z\u00e4hlsystem \u2705 Jetzt unverbindlich anfragen!\" \/>\n<meta name=\"robots\" content=\"index, follow, max-snippet:-1, max-image-preview:large, max-video-preview:-1\" \/>\n<link rel=\"canonical\" href=\"https:\/\/www.bagmatic.com\/de\/produkte-zubehoer\/eingabezubehoer\/wiegesystem-wiegemaschine\/us-5000-halbautomatisches-wiege-zaehlsystem\/\" \/>\n<meta property=\"og:locale\" content=\"de_DE\" \/>\n<meta property=\"og:type\" content=\"article\" \/>\n<meta property=\"og:title\" content=\"US-5000 halbautomatisches Wiege-\/Z\u00e4hlsystem | BagMatic Verpackungsmaschinen\" \/>\n<meta property=\"og:description\" content=\"Halbautomatisches Verpacken mit der Verpackungsmaschine US-5000 halbautomatisches Wiege-\/Z\u00e4hlsystem \u2705 Jetzt unverbindlich anfragen!\" \/>\n<meta property=\"og:url\" content=\"https:\/\/www.bagmatic.com\/de\/produkte-zubehoer\/eingabezubehoer\/wiegesystem-wiegemaschine\/us-5000-halbautomatisches-wiege-zaehlsystem\/\" \/>\n<meta property=\"og:site_name\" content=\"BagMatic\" \/>\n<meta property=\"article:modified_time\" content=\"2024-10-21T07:17:20+00:00\" \/>\n<meta property=\"og:image\" content=\"https:\/\/www.bagmatic.com\/wp-content\/uploads\/ultrawaage-verpackungsmaschinen-teilzaehler-us5000-bagmatic.jpg\" \/>\n\t<meta property=\"og:image:width\" content=\"1680\" \/>\n\t<meta property=\"og:image:height\" content=\"1024\" \/>\n\t<meta property=\"og:image:type\" content=\"image\/jpeg\" \/>\n<meta name=\"twitter:card\" content=\"summary_large_image\" \/>\n<meta name=\"twitter:label1\" content=\"Gesch\u00e4tzte Lesezeit\" \/>\n\t<meta name=\"twitter:data1\" content=\"1\u00a0Minute\" \/>\n<script type=\"application\/ld+json\" class=\"yoast-schema-graph\">{\"@context\":\"https:\/\/schema.org\",\"@graph\":[{\"@type\":\"WebPage\",\"@id\":\"https:\/\/www.bagmatic.com\/de\/produkte-zubehoer\/eingabezubehoer\/wiegesystem-wiegemaschine\/us-5000-halbautomatisches-wiege-zaehlsystem\/\",\"url\":\"https:\/\/www.bagmatic.com\/de\/produkte-zubehoer\/eingabezubehoer\/wiegesystem-wiegemaschine\/us-5000-halbautomatisches-wiege-zaehlsystem\/\",\"name\":\"US-5000 halbautomatisches Wiege-\/Z\u00e4hlsystem | BagMatic Verpackungsmaschinen\",\"isPartOf\":{\"@id\":\"https:\/\/www.bagmatic.com\/de\/#website\"},\"datePublished\":\"2019-07-30T14:58:15+00:00\",\"dateModified\":\"2024-10-21T07:17:20+00:00\",\"description\":\"Halbautomatisches Verpacken mit der Verpackungsmaschine US-5000 halbautomatisches Wiege-\/Z\u00e4hlsystem \u2705 Jetzt unverbindlich anfragen!\",\"breadcrumb\":{\"@id\":\"https:\/\/www.bagmatic.com\/de\/produkte-zubehoer\/eingabezubehoer\/wiegesystem-wiegemaschine\/us-5000-halbautomatisches-wiege-zaehlsystem\/#breadcrumb\"},\"inLanguage\":\"de\",\"potentialAction\":[{\"@type\":\"ReadAction\",\"target\":[\"https:\/\/www.bagmatic.com\/de\/produkte-zubehoer\/eingabezubehoer\/wiegesystem-wiegemaschine\/us-5000-halbautomatisches-wiege-zaehlsystem\/\"]}]},{\"@type\":\"BreadcrumbList\",\"@id\":\"https:\/\/www.bagmatic.com\/de\/produkte-zubehoer\/eingabezubehoer\/wiegesystem-wiegemaschine\/us-5000-halbautomatisches-wiege-zaehlsystem\/#breadcrumb\",\"itemListElement\":[{\"@type\":\"ListItem\",\"position\":1,\"name\":\"Start\",\"item\":\"https:\/\/www.bagmatic.com\/de\/\"},{\"@type\":\"ListItem\",\"position\":2,\"name\":\"Produkte &#038; Zubeh\u00f6r\",\"item\":\"https:\/\/www.bagmatic.com\/de\/produkte-zubehoer\/\"},{\"@type\":\"ListItem\",\"position\":3,\"name\":\"Eingabezubeh\u00f6r\",\"item\":\"https:\/\/www.bagmatic.com\/de\/produkt-kategorie\/eingabezubehoer\/\"},{\"@type\":\"ListItem\",\"position\":4,\"name\":\"US-5000 halbautomatisches Wiege-\/Z\u00e4hlsystem\"}]},{\"@type\":\"WebSite\",\"@id\":\"https:\/\/www.bagmatic.com\/de\/#website\",\"url\":\"https:\/\/www.bagmatic.com\/de\/\",\"name\":\"BagMatic\",\"description\":\"\",\"publisher\":{\"@id\":\"https:\/\/www.bagmatic.com\/de\/#organization\"},\"potentialAction\":[{\"@type\":\"SearchAction\",\"target\":{\"@type\":\"EntryPoint\",\"urlTemplate\":\"https:\/\/www.bagmatic.com\/de\/?s={search_term_string}\"},\"query-input\":\"required name=search_term_string\"}],\"inLanguage\":\"de\"},{\"@type\":\"Organization\",\"@id\":\"https:\/\/www.bagmatic.com\/de\/#organization\",\"name\":\"BAGMATIC\u00ae GmbH\",\"url\":\"https:\/\/www.bagmatic.com\/de\/\",\"logo\":{\"@type\":\"ImageObject\",\"inLanguage\":\"de\",\"@id\":\"https:\/\/www.bagmatic.com\/de\/#\/schema\/logo\/image\/\",\"url\":\"https:\/\/www.bagmatic.com\/wp-content\/uploads\/bagmatic-logo.png\",\"contentUrl\":\"https:\/\/www.bagmatic.com\/wp-content\/uploads\/bagmatic-logo.png\",\"width\":500,\"height\":114,\"caption\":\"BAGMATIC\u00ae GmbH\"},\"image\":{\"@id\":\"https:\/\/www.bagmatic.com\/de\/#\/schema\/logo\/image\/\"}}]}<\/script>\n<!-- \/ Yoast SEO plugin. -->","yoast_head_json":{"title":"US-5000 halbautomatisches Wiege-\/Z\u00e4hlsystem | BagMatic Verpackungsmaschinen","description":"Halbautomatisches Verpacken mit der Verpackungsmaschine US-5000 halbautomatisches Wiege-\/Z\u00e4hlsystem \u2705 Jetzt unverbindlich anfragen!","robots":{"index":"index","follow":"follow","max-snippet":"max-snippet:-1","max-image-preview":"max-image-preview:large","max-video-preview":"max-video-preview:-1"},"canonical":"https:\/\/www.bagmatic.com\/de\/produkte-zubehoer\/eingabezubehoer\/wiegesystem-wiegemaschine\/us-5000-halbautomatisches-wiege-zaehlsystem\/","og_locale":"de_DE","og_type":"article","og_title":"US-5000 halbautomatisches Wiege-\/Z\u00e4hlsystem | BagMatic Verpackungsmaschinen","og_description":"Halbautomatisches Verpacken mit der Verpackungsmaschine US-5000 halbautomatisches Wiege-\/Z\u00e4hlsystem \u2705 Jetzt unverbindlich anfragen!","og_url":"https:\/\/www.bagmatic.com\/de\/produkte-zubehoer\/eingabezubehoer\/wiegesystem-wiegemaschine\/us-5000-halbautomatisches-wiege-zaehlsystem\/","og_site_name":"BagMatic","article_modified_time":"2024-10-21T07:17:20+00:00","og_image":[{"width":1680,"height":1024,"url":"https:\/\/www.bagmatic.com\/wp-content\/uploads\/ultrawaage-verpackungsmaschinen-teilzaehler-us5000-bagmatic.jpg","type":"image\/jpeg"}],"twitter_card":"summary_large_image","twitter_misc":{"Gesch\u00e4tzte Lesezeit":"1\u00a0Minute"},"schema":{"@context":"https:\/\/schema.org","@graph":[{"@type":"WebPage","@id":"https:\/\/www.bagmatic.com\/de\/produkte-zubehoer\/eingabezubehoer\/wiegesystem-wiegemaschine\/us-5000-halbautomatisches-wiege-zaehlsystem\/","url":"https:\/\/www.bagmatic.com\/de\/produkte-zubehoer\/eingabezubehoer\/wiegesystem-wiegemaschine\/us-5000-halbautomatisches-wiege-zaehlsystem\/","name":"US-5000 halbautomatisches Wiege-\/Z\u00e4hlsystem | BagMatic Verpackungsmaschinen","isPartOf":{"@id":"https:\/\/www.bagmatic.com\/de\/#website"},"datePublished":"2019-07-30T14:58:15+00:00","dateModified":"2024-10-21T07:17:20+00:00","description":"Halbautomatisches Verpacken mit der Verpackungsmaschine US-5000 halbautomatisches Wiege-\/Z\u00e4hlsystem \u2705 Jetzt unverbindlich anfragen!","breadcrumb":{"@id":"https:\/\/www.bagmatic.com\/de\/produkte-zubehoer\/eingabezubehoer\/wiegesystem-wiegemaschine\/us-5000-halbautomatisches-wiege-zaehlsystem\/#breadcrumb"},"inLanguage":"de","potentialAction":[{"@type":"ReadAction","target":["https:\/\/www.bagmatic.com\/de\/produkte-zubehoer\/eingabezubehoer\/wiegesystem-wiegemaschine\/us-5000-halbautomatisches-wiege-zaehlsystem\/"]}]},{"@type":"BreadcrumbList","@id":"https:\/\/www.bagmatic.com\/de\/produkte-zubehoer\/eingabezubehoer\/wiegesystem-wiegemaschine\/us-5000-halbautomatisches-wiege-zaehlsystem\/#breadcrumb","itemListElement":[{"@type":"ListItem","position":1,"name":"Start","item":"https:\/\/www.bagmatic.com\/de\/"},{"@type":"ListItem","position":2,"name":"Produkte &#038; Zubeh\u00f6r","item":"https:\/\/www.bagmatic.com\/de\/produkte-zubehoer\/"},{"@type":"ListItem","position":3,"name":"Eingabezubeh\u00f6r","item":"https:\/\/www.bagmatic.com\/de\/produkt-kategorie\/eingabezubehoer\/"},{"@type":"ListItem","position":4,"name":"US-5000 halbautomatisches Wiege-\/Z\u00e4hlsystem"}]},{"@type":"WebSite","@id":"https:\/\/www.bagmatic.com\/de\/#website","url":"https:\/\/www.bagmatic.com\/de\/","name":"BagMatic","description":"","publisher":{"@id":"https:\/\/www.bagmatic.com\/de\/#organization"},"potentialAction":[{"@type":"SearchAction","target":{"@type":"EntryPoint","urlTemplate":"https:\/\/www.bagmatic.com\/de\/?s={search_term_string}"},"query-input":"required name=search_term_string"}],"inLanguage":"de"},{"@type":"Organization","@id":"https:\/\/www.bagmatic.com\/de\/#organization","name":"BAGMATIC\u00ae GmbH","url":"https:\/\/www.bagmatic.com\/de\/","logo":{"@type":"ImageObject","inLanguage":"de","@id":"https:\/\/www.bagmatic.com\/de\/#\/schema\/logo\/image\/","url":"https:\/\/www.bagmatic.com\/wp-content\/uploads\/bagmatic-logo.png","contentUrl":"https:\/\/www.bagmatic.com\/wp-content\/uploads\/bagmatic-logo.png","width":500,"height":114,"caption":"BAGMATIC\u00ae GmbH"},"image":{"@id":"https:\/\/www.bagmatic.com\/de\/#\/schema\/logo\/image\/"}}]}},"_links":{"self":[{"href":"https:\/\/www.bagmatic.com\/de\/wp-json\/wp\/v2\/product\/214"}],"collection":[{"href":"https:\/\/www.bagmatic.com\/de\/wp-json\/wp\/v2\/product"}],"about":[{"href":"https:\/\/www.bagmatic.com\/de\/wp-json\/wp\/v2\/types\/product"}],"wp:featuredmedia":[{"embeddable":true,"href":"https:\/\/www.bagmatic.com\/de\/wp-json\/wp\/v2\/media\/215"}],"wp:attachment":[{"href":"https:\/\/www.bagmatic.com\/de\/wp-json\/wp\/v2\/media?parent=214"}],"wp:term":[{"taxonomy":"product_cat","embeddable":true,"href":"https:\/\/www.bagmatic.com\/de\/wp-json\/wp\/v2\/product_cat?post=214"},{"taxonomy":"product_tag","embeddable":true,"href":"https:\/\/www.bagmatic.com\/de\/wp-json\/wp\/v2\/product_tag?post=214"}],"curies":[{"name":"wp","href":"https:\/\/api.w.org\/{rel}","templated":true}]}}