{"id":217,"date":"2019-07-30T17:02:41","date_gmt":"2019-07-30T15:02:41","guid":{"rendered":"https:\/\/2019.bagmatic.com\/de\/?post_type=product&#038;p=217"},"modified":"2024-10-21T09:17:13","modified_gmt":"2024-10-21T07:17:13","slug":"us-5500-ultrawaage-mit-ptl-pick-to-light","status":"publish","type":"product","link":"https:\/\/www.bagmatic.com\/de\/produkte-zubehoer\/eingabezubehoer\/wiegesystem-wiegemaschine\/us-5500-ultrawaage-mit-ptl-pick-to-light\/","title":{"rendered":"US-5500 Ultrawaage mit PTL (Pick-to-Light)"},"content":{"rendered":"<p>Die Ultrawaage US-5500 macht das Verpacken von Kits so einfach wie noch nie. Sie ist die Weiterentwicklung der US-5000, \u00fcber die Sie sich im Video informieren k\u00f6nnen. Aber die entscheidende Verbesserung<\/p>\n<p>ist die Anzeige f\u00fcr den Bediener, der mit der PTL (Pick-to-Light)-Technologie arbeiten kann.<\/p>\n<p>Auf dem Touch-Screen der Ultrawaage US-5500 werden die Gewichte der Portionen des Satzes eingegeben, z.B. das Gewicht von f\u00fcnfzig Schrauben, das Gewicht von drei Steckern etc. \u2013 bis zu acht verschiedenen Portionen. Die Teile f\u00fcr die Portionen liegen jeweils in ungez\u00e4hlter gro\u00dfer Anzahl in den Sektionen eines Sortiertisches. Jede Sektion ist mit einer LED-Lampe versehen. Das Laden der Satzportionen geschieht nun mit gro\u00dfer Geschwindigkeit: Der Reihe nach von Sektion 1 bis Sektion 8 werden die Teile in den Sektionen in einen auf dem Sortiertisch befindlichen Zwei-Kammer-Trichter geschoben \u2013 so lange, bis die LED-Lampe der einzelnen Sektion von gr\u00fcn auf orange umschaltet. Dann Ist die gew\u00fcnschte Anzahl der Kitportion erreicht, und die Portion in der ersten Kammer des Trichters wird in die zweite Kammer entleert. Gewichttoleranz f\u00fcr jede einzelne Portion:\u00a0 0,45 g. Es kommt vor, dass die Anzahl der geladenen Teile einer Sektion die Zielanzahl der Portion \u00fcberschreitet. Dann erscheint auf dem Touch-Screen eine STOP-Mitteilung, die bedeutet, dass einige Teile aus der Sektion wieder aus der ersten Trichterkammer herausgenommen werden m\u00fcssen, so lange bis die STOP-Mitteilung auf dem Touch-Screen verschwindet und der Inhalt der ersten Kammer des Trichters in die zweite Kammer entleert wird. Erst dann geht das Laden der folgenden Portion des Satzes (Kits) aus der n\u00e4chsten Sektion mit gr\u00fcnem LED-Licht weiter. (Das ist die \u00fcberlegene Pick-to-Light \u2013 Technologie).<\/p>\n<p>Leuchten alle LED-Lampen orange, f\u00e4llt der Inhalt der zweiten Trichterkammer automatisch in einen Beutel, der von der Industriemaschine T-1000 schon in Ladestellung gefahren ist. Der Beutel wird automatisch verschwei\u00dft und abgeblasen. Der gew\u00fcnschte Satz (Kit) ist fertig.<\/p>\n<p><strong>Spezifikationen:<\/strong><br \/>\nBeschreibung: US-5500 mit PTL zum Z\u00e4hlen durch W\u00e4gen<br \/>\nGewicht: 175 lbs (79,4 kg nur die Waage)<br \/>\nDimensionen: 35\u201c x 28\u201c (L 889 mm x B 711 mm)<br \/>\nGewichtstoleranz: bis zu 0,45 g per Portion<br \/>\nGeschwindigkeit : bis zu 30 W\u00e4gungen per Minute, abh\u00e4ngig vom Bediener<br \/>\nLade h\u00f6he : einstellbar 36\u201c bis 46\u201c (914 mm bis 1168 mm)<br \/>\nLadezelle : 5, 10 oder 20 lbs (2,3; 4,5 oder 9,1 kg)<br \/>\nLadekapazit\u00e4t: bis 5 lbs (2,3 kg) Standard<br \/>\nAktualisierungsrate: bis 10 mal pro Sekunde<br \/>\n\u00d6ffnung der Waage: 3,75\u201c L x 6,25\u201c B (L 95,25 mm x B 158,75 mm)<br \/>\nStrom: 110\/220 V, 60\/50 Hz<\/p>\n","protected":false},"excerpt":{"rendered":"<p>Die Ultrawaage US-5500 ist eine wesentliche Verbesserung des Z\u00e4hl- und W\u00e4gesystems der US-5000. Am angeschlossenen Sortiertisch befinden sich Lampen an den F\u00e4chern f\u00fcr die zu ladenden Kitteile. Bei &#8222;gr\u00fcn&#8220; ist noch zu laden, bei &#8222;orange&#8220; nicht mehr. Das ist die &#8222;Pick-to-Light&#8220;-Methode.<\/p>\n<p>Die Ultrawaage US-5500 kann zusammen mit der Industriemaschine T-1000 S\u00e4tze aus verschiedenen Teilen auf einem neuen Niveau verpacken: mit Hilfe der \u00fcberlegenen Pick-to-Light-Technologie. Das Laden der S\u00e4tze (Kits) ist noch nie einfacher gewesen als mit dem mit LED-Lampen versehenen Sortiertisch. Wenn am Anfang des Ladens die Gewichte der Portionen des Satzes auf dem Touch-Screen der US-5500 eingegeben sind, signalisieren die Lampen und die Anzeige des Touch-Screens dem Bediener, wann die Zielanzahl einer Portion des Satzes erreicht ist. Die n\u00e4chste Portion des Satzes (Kits) kann nun geladen werden usw.,bis das Zielgewicht aller Portionen des Satzes erreicht ist. Dann erst fallen alle Teile des Satzes (Kitteile) in den Beutel, der von der T-1000 automatisch verschwei\u00dft und abgeblasen wird. Das Laden des n\u00e4chsten Satzes kann beginnen. (Portion = Anzahl der Teile einer Teilnummer)<\/p>\n","protected":false},"featured_media":218,"template":"","meta":[],"product_cat":[112,109,99,19,24],"product_tag":[],"yoast_head":"<!-- This site is optimized with the Yoast SEO plugin v20.1 - https:\/\/yoast.com\/wordpress\/plugins\/seo\/ -->\n<title>US-5500 Ultrawaage mit PTL (Pick-to-Light) | BagMatic Verpackungsmaschinen<\/title>\n<meta name=\"description\" content=\"Halbautomatisches Verpacken mit der Verpackungsmaschine US-5500 Ultrawaage mit PTL (Pick-to-Light) \u2705 Jetzt unverbindlich anfragen!\" \/>\n<meta name=\"robots\" content=\"index, follow, max-snippet:-1, max-image-preview:large, max-video-preview:-1\" \/>\n<link rel=\"canonical\" href=\"https:\/\/www.bagmatic.com\/de\/produkte-zubehoer\/eingabezubehoer\/wiegesystem-wiegemaschine\/us-5500-ultrawaage-mit-ptl-pick-to-light\/\" \/>\n<meta property=\"og:locale\" content=\"de_DE\" \/>\n<meta property=\"og:type\" content=\"article\" \/>\n<meta property=\"og:title\" content=\"US-5500 Ultrawaage mit PTL (Pick-to-Light) | BagMatic Verpackungsmaschinen\" \/>\n<meta property=\"og:description\" content=\"Halbautomatisches Verpacken mit der Verpackungsmaschine US-5500 Ultrawaage mit PTL (Pick-to-Light) \u2705 Jetzt unverbindlich anfragen!\" \/>\n<meta property=\"og:url\" content=\"https:\/\/www.bagmatic.com\/de\/produkte-zubehoer\/eingabezubehoer\/wiegesystem-wiegemaschine\/us-5500-ultrawaage-mit-ptl-pick-to-light\/\" \/>\n<meta property=\"og:site_name\" content=\"BagMatic\" \/>\n<meta property=\"article:modified_time\" content=\"2024-10-21T07:17:13+00:00\" \/>\n<meta property=\"og:image\" content=\"https:\/\/www.bagmatic.com\/wp-content\/uploads\/ultrawaage-verpackungsmaschinen-verpackung-us5500-bagmatic.jpg\" \/>\n\t<meta property=\"og:image:width\" content=\"1680\" \/>\n\t<meta property=\"og:image:height\" content=\"1024\" \/>\n\t<meta property=\"og:image:type\" content=\"image\/jpeg\" \/>\n<meta name=\"twitter:card\" content=\"summary_large_image\" \/>\n<meta name=\"twitter:label1\" content=\"Gesch\u00e4tzte Lesezeit\" \/>\n\t<meta name=\"twitter:data1\" content=\"2\u00a0Minuten\" \/>\n<script type=\"application\/ld+json\" class=\"yoast-schema-graph\">{\"@context\":\"https:\/\/schema.org\",\"@graph\":[{\"@type\":\"WebPage\",\"@id\":\"https:\/\/www.bagmatic.com\/de\/produkte-zubehoer\/eingabezubehoer\/wiegesystem-wiegemaschine\/us-5500-ultrawaage-mit-ptl-pick-to-light\/\",\"url\":\"https:\/\/www.bagmatic.com\/de\/produkte-zubehoer\/eingabezubehoer\/wiegesystem-wiegemaschine\/us-5500-ultrawaage-mit-ptl-pick-to-light\/\",\"name\":\"US-5500 Ultrawaage mit PTL (Pick-to-Light) | BagMatic Verpackungsmaschinen\",\"isPartOf\":{\"@id\":\"https:\/\/www.bagmatic.com\/de\/#website\"},\"datePublished\":\"2019-07-30T15:02:41+00:00\",\"dateModified\":\"2024-10-21T07:17:13+00:00\",\"description\":\"Halbautomatisches Verpacken mit der Verpackungsmaschine US-5500 Ultrawaage mit PTL (Pick-to-Light) \u2705 Jetzt unverbindlich anfragen!\",\"breadcrumb\":{\"@id\":\"https:\/\/www.bagmatic.com\/de\/produkte-zubehoer\/eingabezubehoer\/wiegesystem-wiegemaschine\/us-5500-ultrawaage-mit-ptl-pick-to-light\/#breadcrumb\"},\"inLanguage\":\"de\",\"potentialAction\":[{\"@type\":\"ReadAction\",\"target\":[\"https:\/\/www.bagmatic.com\/de\/produkte-zubehoer\/eingabezubehoer\/wiegesystem-wiegemaschine\/us-5500-ultrawaage-mit-ptl-pick-to-light\/\"]}]},{\"@type\":\"BreadcrumbList\",\"@id\":\"https:\/\/www.bagmatic.com\/de\/produkte-zubehoer\/eingabezubehoer\/wiegesystem-wiegemaschine\/us-5500-ultrawaage-mit-ptl-pick-to-light\/#breadcrumb\",\"itemListElement\":[{\"@type\":\"ListItem\",\"position\":1,\"name\":\"Start\",\"item\":\"https:\/\/www.bagmatic.com\/de\/\"},{\"@type\":\"ListItem\",\"position\":2,\"name\":\"Produkte &#038; Zubeh\u00f6r\",\"item\":\"https:\/\/www.bagmatic.com\/de\/produkte-zubehoer\/\"},{\"@type\":\"ListItem\",\"position\":3,\"name\":\"Eingabezubeh\u00f6r\",\"item\":\"https:\/\/www.bagmatic.com\/de\/produkt-kategorie\/eingabezubehoer\/\"},{\"@type\":\"ListItem\",\"position\":4,\"name\":\"US-5500 Ultrawaage mit PTL (Pick-to-Light)\"}]},{\"@type\":\"WebSite\",\"@id\":\"https:\/\/www.bagmatic.com\/de\/#website\",\"url\":\"https:\/\/www.bagmatic.com\/de\/\",\"name\":\"BagMatic\",\"description\":\"\",\"publisher\":{\"@id\":\"https:\/\/www.bagmatic.com\/de\/#organization\"},\"potentialAction\":[{\"@type\":\"SearchAction\",\"target\":{\"@type\":\"EntryPoint\",\"urlTemplate\":\"https:\/\/www.bagmatic.com\/de\/?s={search_term_string}\"},\"query-input\":\"required name=search_term_string\"}],\"inLanguage\":\"de\"},{\"@type\":\"Organization\",\"@id\":\"https:\/\/www.bagmatic.com\/de\/#organization\",\"name\":\"BAGMATIC\u00ae GmbH\",\"url\":\"https:\/\/www.bagmatic.com\/de\/\",\"logo\":{\"@type\":\"ImageObject\",\"inLanguage\":\"de\",\"@id\":\"https:\/\/www.bagmatic.com\/de\/#\/schema\/logo\/image\/\",\"url\":\"https:\/\/www.bagmatic.com\/wp-content\/uploads\/bagmatic-logo.png\",\"contentUrl\":\"https:\/\/www.bagmatic.com\/wp-content\/uploads\/bagmatic-logo.png\",\"width\":500,\"height\":114,\"caption\":\"BAGMATIC\u00ae GmbH\"},\"image\":{\"@id\":\"https:\/\/www.bagmatic.com\/de\/#\/schema\/logo\/image\/\"}}]}<\/script>\n<!-- \/ Yoast SEO plugin. -->","yoast_head_json":{"title":"US-5500 Ultrawaage mit PTL (Pick-to-Light) | BagMatic Verpackungsmaschinen","description":"Halbautomatisches Verpacken mit der Verpackungsmaschine US-5500 Ultrawaage mit PTL (Pick-to-Light) \u2705 Jetzt unverbindlich anfragen!","robots":{"index":"index","follow":"follow","max-snippet":"max-snippet:-1","max-image-preview":"max-image-preview:large","max-video-preview":"max-video-preview:-1"},"canonical":"https:\/\/www.bagmatic.com\/de\/produkte-zubehoer\/eingabezubehoer\/wiegesystem-wiegemaschine\/us-5500-ultrawaage-mit-ptl-pick-to-light\/","og_locale":"de_DE","og_type":"article","og_title":"US-5500 Ultrawaage mit PTL (Pick-to-Light) | BagMatic Verpackungsmaschinen","og_description":"Halbautomatisches Verpacken mit der Verpackungsmaschine US-5500 Ultrawaage mit PTL (Pick-to-Light) \u2705 Jetzt unverbindlich anfragen!","og_url":"https:\/\/www.bagmatic.com\/de\/produkte-zubehoer\/eingabezubehoer\/wiegesystem-wiegemaschine\/us-5500-ultrawaage-mit-ptl-pick-to-light\/","og_site_name":"BagMatic","article_modified_time":"2024-10-21T07:17:13+00:00","og_image":[{"width":1680,"height":1024,"url":"https:\/\/www.bagmatic.com\/wp-content\/uploads\/ultrawaage-verpackungsmaschinen-verpackung-us5500-bagmatic.jpg","type":"image\/jpeg"}],"twitter_card":"summary_large_image","twitter_misc":{"Gesch\u00e4tzte Lesezeit":"2\u00a0Minuten"},"schema":{"@context":"https:\/\/schema.org","@graph":[{"@type":"WebPage","@id":"https:\/\/www.bagmatic.com\/de\/produkte-zubehoer\/eingabezubehoer\/wiegesystem-wiegemaschine\/us-5500-ultrawaage-mit-ptl-pick-to-light\/","url":"https:\/\/www.bagmatic.com\/de\/produkte-zubehoer\/eingabezubehoer\/wiegesystem-wiegemaschine\/us-5500-ultrawaage-mit-ptl-pick-to-light\/","name":"US-5500 Ultrawaage mit PTL (Pick-to-Light) | BagMatic Verpackungsmaschinen","isPartOf":{"@id":"https:\/\/www.bagmatic.com\/de\/#website"},"datePublished":"2019-07-30T15:02:41+00:00","dateModified":"2024-10-21T07:17:13+00:00","description":"Halbautomatisches Verpacken mit der Verpackungsmaschine US-5500 Ultrawaage mit PTL (Pick-to-Light) \u2705 Jetzt unverbindlich anfragen!","breadcrumb":{"@id":"https:\/\/www.bagmatic.com\/de\/produkte-zubehoer\/eingabezubehoer\/wiegesystem-wiegemaschine\/us-5500-ultrawaage-mit-ptl-pick-to-light\/#breadcrumb"},"inLanguage":"de","potentialAction":[{"@type":"ReadAction","target":["https:\/\/www.bagmatic.com\/de\/produkte-zubehoer\/eingabezubehoer\/wiegesystem-wiegemaschine\/us-5500-ultrawaage-mit-ptl-pick-to-light\/"]}]},{"@type":"BreadcrumbList","@id":"https:\/\/www.bagmatic.com\/de\/produkte-zubehoer\/eingabezubehoer\/wiegesystem-wiegemaschine\/us-5500-ultrawaage-mit-ptl-pick-to-light\/#breadcrumb","itemListElement":[{"@type":"ListItem","position":1,"name":"Start","item":"https:\/\/www.bagmatic.com\/de\/"},{"@type":"ListItem","position":2,"name":"Produkte &#038; Zubeh\u00f6r","item":"https:\/\/www.bagmatic.com\/de\/produkte-zubehoer\/"},{"@type":"ListItem","position":3,"name":"Eingabezubeh\u00f6r","item":"https:\/\/www.bagmatic.com\/de\/produkt-kategorie\/eingabezubehoer\/"},{"@type":"ListItem","position":4,"name":"US-5500 Ultrawaage mit PTL (Pick-to-Light)"}]},{"@type":"WebSite","@id":"https:\/\/www.bagmatic.com\/de\/#website","url":"https:\/\/www.bagmatic.com\/de\/","name":"BagMatic","description":"","publisher":{"@id":"https:\/\/www.bagmatic.com\/de\/#organization"},"potentialAction":[{"@type":"SearchAction","target":{"@type":"EntryPoint","urlTemplate":"https:\/\/www.bagmatic.com\/de\/?s={search_term_string}"},"query-input":"required name=search_term_string"}],"inLanguage":"de"},{"@type":"Organization","@id":"https:\/\/www.bagmatic.com\/de\/#organization","name":"BAGMATIC\u00ae GmbH","url":"https:\/\/www.bagmatic.com\/de\/","logo":{"@type":"ImageObject","inLanguage":"de","@id":"https:\/\/www.bagmatic.com\/de\/#\/schema\/logo\/image\/","url":"https:\/\/www.bagmatic.com\/wp-content\/uploads\/bagmatic-logo.png","contentUrl":"https:\/\/www.bagmatic.com\/wp-content\/uploads\/bagmatic-logo.png","width":500,"height":114,"caption":"BAGMATIC\u00ae GmbH"},"image":{"@id":"https:\/\/www.bagmatic.com\/de\/#\/schema\/logo\/image\/"}}]}},"_links":{"self":[{"href":"https:\/\/www.bagmatic.com\/de\/wp-json\/wp\/v2\/product\/217"}],"collection":[{"href":"https:\/\/www.bagmatic.com\/de\/wp-json\/wp\/v2\/product"}],"about":[{"href":"https:\/\/www.bagmatic.com\/de\/wp-json\/wp\/v2\/types\/product"}],"wp:featuredmedia":[{"embeddable":true,"href":"https:\/\/www.bagmatic.com\/de\/wp-json\/wp\/v2\/media\/218"}],"wp:attachment":[{"href":"https:\/\/www.bagmatic.com\/de\/wp-json\/wp\/v2\/media?parent=217"}],"wp:term":[{"taxonomy":"product_cat","embeddable":true,"href":"https:\/\/www.bagmatic.com\/de\/wp-json\/wp\/v2\/product_cat?post=217"},{"taxonomy":"product_tag","embeddable":true,"href":"https:\/\/www.bagmatic.com\/de\/wp-json\/wp\/v2\/product_tag?post=217"}],"curies":[{"name":"wp","href":"https:\/\/api.w.org\/{rel}","templated":true}]}}