{"id":220,"date":"2019-07-30T17:07:15","date_gmt":"2019-07-30T15:07:15","guid":{"rendered":"https:\/\/2019.bagmatic.com\/de\/?post_type=product&#038;p=220"},"modified":"2024-10-21T09:17:04","modified_gmt":"2024-10-21T07:17:04","slug":"us-9000-ultrawaage-nettowaage-zaehleinheit","status":"publish","type":"product","link":"https:\/\/www.bagmatic.com\/de\/produkte-zubehoer\/eingabezubehoer\/wiegesystem-wiegemaschine\/us-9000-ultrawaage-nettowaage-zaehleinheit\/","title":{"rendered":"US-9000 Ultrawaage Nettowaage &#038; Z\u00e4hleinheit"},"content":{"rendered":"<p>Die Ultrawaage US-9000 ist das ideale Eingabezubeh\u00f6r f\u00fcr die Beutelverpackung mit den Industriemaschinen T-1000 und T-1000M. Sie ist sowohl eine Nettowaage als auch eine Z\u00e4hleinheit, die sich als Modul an die Beutelverpackungs-maschinen anschlie\u00dfen l\u00e4sst und dann vom Touchscreen der Maschine aus gesteuert wird und inline funktioniert. Sie ist besonders f\u00fcr kleine und\/oder schwer trennbare Einf\u00fcllteile geeignet. Wenn Sie daran interessiert sind, die Einf\u00fcllteile zu z\u00e4hlen, werden verhakte Teile abgesondert und nur die wirklich vereinzelten Teile gez\u00e4hlt, so dass die genaue St\u00fcckzahl in den Beutel kommt. Wenn Sie aber das Gesamtgewicht der als Ziel angegebenen St\u00fcckzahl kennen, l\u00e4sst sich die genaue St\u00fcckzahl in einem Beutel auch durch W\u00e4gen von eventuell zusammenh\u00e4ngenden Einf\u00fcllteilen berechnen, und zwar mit einer Toleranz von 0,45 g per Beutel. Und dann geht das Laden der Einf\u00fcllteile in den Beutel wesentlich schneller als jedwede andere Einf\u00fcllmethode. Abh\u00e4ngig von den Teilen k\u00f6nnen bis zu 100 Beutel pro Minute bef\u00fcllt, bedruckt und verschwei\u00dft werden. Selbst f\u00fcr verschiedene Kits und f\u00fcr automatisches Bef\u00fcllen ist die US-9000 ein phantastisches Eingabehilfsmittel.<\/p>\n<p><strong>Spezifikationen<\/strong><br \/>\nBeschreibung: US-9000 Schwingf\u00f6rderer\/Z\u00e4hlwaage<br \/>\nGewicht : 220 kg (485 lbs)<br \/>\nDimensionen (Boden): 137 cm x 122 cm x 137 cm<br \/>\n(54\u201c x 48\u201c x 54\u201c)<br \/>\nLadeh\u00f6he : Justierbar von 140 cm bis 183 cm<br \/>\n(55\u201c bis 72\u201c)<br \/>\nLadebeh\u00e4lter f\u00fcr die Waage: 11 cm x 25 cm x 10 cm<br \/>\n(4,5\u201c x 10\u201c x 4\u201cH\u00f6he)*<br \/>\nSchwingf\u00f6rderer: 61 cm \u00f8 rostfreier Stahl, evt. mit<br \/>\nSchutz\u00fcberzug<br \/>\nLaderichtung des<br \/>\nSchwingf\u00f6rderers: gegen den Uhr zeigersinn<br \/>\nLadezelle : 10 kg<br \/>\nGenauigkeit : bis 0,45 g<br \/>\nElektrizit\u00e4t : 110\/220V, 60\/50 Hz<br \/>\nLuftdruck : 2,75 bar<br \/>\nWaagekontrolleur, Stand, Ladebeh\u00e4lter, Entladetrichter, Handbuch, einj\u00e4hrige Garantie auf Teile.<\/p>\n<p>*Der Ladebeh\u00e4lter kann auch gr\u00f6\u00dfer geliefert werden, um Gr\u00f6\u00dfe und Volumen der Einf\u00fcllteile zu entsprechen.<\/p>\n<p><strong>Standardaussteuer:<\/strong><\/p>\n<ul>\n<li>Anzeige von \u00dcberschreitung\/Unterschreitung des Zielgewichts.<\/li>\n<li>Klar zur Integration mit der T-1000 Industriemaschine<br \/>\nf\u00fcr Verpackung.<\/li>\n<li>Die vibrierende Bodenplatte mit dem NiveauMessarm\/-schalter ist Standard.<\/li>\n<li>Zehnmal pro Sekunde wird das Gewicht auf den neuesten Stand gebracht und angezeigt.<\/li>\n<li>Die Teile gleiten in gleichm\u00e4\u00dfigem Fluss von einem<br \/>\nLadebeh\u00e4lter und vermindern St\u00f6rungen, die in einem<br \/>\nTrichter auftreten w\u00fcrden.<\/li>\n<li>\u00dcbergewicht-Programmierung, um das System zu<br \/>\nstoppen, wenn die Grenzen des programmierten Gewichts \u00fcberschritten werden.<\/li>\n<li>61 cm \u00f8 (24\u201c \u00f8) Ladef\u00f6rderer mit Gleitausgang aus<br \/>\nrostfreiem Stahl. Zur Regulierung des OutputVolumens k\u00f6nnen die Seiten des Ausgangs justiert<br \/>\nwerden.<\/li>\n<li>Variable Entnahme von Proben, automatische Nullstellung, Kalibrierung mit der Tastatur als Standard.<\/li>\n<li>Z\u00e4hlanzeige bis zu 50.000 St\u00fcck oder Gewichtsanzeige in lbs, kg oder g.<\/li>\n<\/ul>\n","protected":false},"excerpt":{"rendered":"<p>Die Ultrawaage US-9000 ist sowohl Nettowaage als a\u00fach Z\u00e4hleineit. Sie l\u00e4sst sich problemlos an die Industriemaschinen T-1000 f\u00fcr Verpackung anschlie\u00dfen und funktioniert danach inline. F\u00fcr kleine und\/oder schwer trennbare Teile, die verpackt werden m\u00fcssen, ist die US-9000 besonders gut geeignet.<\/p>\n<p>Der US-9000 ist ideal f\u00fcr das pr\u00e4zise Z\u00e4hlen von Einf\u00fcllteilen, die auch miteinander verkettet sein k\u00f6nnen und deshalb nicht durch einen Teilz\u00e4hler flie\u00dfen k\u00f6nnen. Deshalb bietet der Schwingf\u00f6rderer ein Optimum an Geschwindigkeit beim Einf\u00fcllen. N\u00e4hert sich das Gewicht der eingef\u00fcllten Teile dem vorausbestimmten Zielgewicht, verlangsamt sich die Einf\u00fcllgeschwindigkeit, so dass das Einf\u00fcllgewicht nur minimal vom Zielgewicht abweicht. Das W\u00e4gen geschieht mit einer Toleranz von bis zu 0,45 g Abweichung vom eingestellten Zielgewicht. Erh\u00f6ht man das Zielgewicht mit der Toleranz, erreicht man, dass die gew\u00fcnschte Anzahl von Teilen h\u00f6chstens \u00fcberschritten, niemals aber unterschritten wird. Deshalb eignet<br \/>\nsich der US-9000 perfekt f\u00fcr leichte und kleinere Teile, die auf einer typischen Nettowaage nicht gez\u00e4hlt werden k\u00f6nnen.<\/p>\n","protected":false},"featured_media":221,"template":"","meta":[],"product_cat":[112,109,99,19,24],"product_tag":[],"yoast_head":"<!-- This site is optimized with the Yoast SEO plugin v20.1 - https:\/\/yoast.com\/wordpress\/plugins\/seo\/ -->\n<title>US-9000 Ultrawaage Nettowaage &amp; Z\u00e4hleinheit | BagMatic Verpackungsmaschinen<\/title>\n<meta name=\"description\" content=\"Halbautomatisches Verpacken mit der Verpackungsmaschine US-9000 Ultrawaage Nettowaage &amp; Z\u00e4hleinheit \u2705 Jetzt unverbindlich anfragen!\" \/>\n<meta name=\"robots\" content=\"index, follow, max-snippet:-1, max-image-preview:large, max-video-preview:-1\" \/>\n<link rel=\"canonical\" href=\"https:\/\/www.bagmatic.com\/de\/produkte-zubehoer\/eingabezubehoer\/wiegesystem-wiegemaschine\/us-9000-ultrawaage-nettowaage-zaehleinheit\/\" \/>\n<meta property=\"og:locale\" content=\"de_DE\" \/>\n<meta property=\"og:type\" content=\"article\" \/>\n<meta property=\"og:title\" content=\"US-9000 Ultrawaage Nettowaage &amp; Z\u00e4hleinheit | BagMatic Verpackungsmaschinen\" \/>\n<meta property=\"og:description\" content=\"Halbautomatisches Verpacken mit der Verpackungsmaschine US-9000 Ultrawaage Nettowaage &amp; Z\u00e4hleinheit \u2705 Jetzt unverbindlich anfragen!\" \/>\n<meta property=\"og:url\" content=\"https:\/\/www.bagmatic.com\/de\/produkte-zubehoer\/eingabezubehoer\/wiegesystem-wiegemaschine\/us-9000-ultrawaage-nettowaage-zaehleinheit\/\" \/>\n<meta property=\"og:site_name\" content=\"BagMatic\" \/>\n<meta property=\"article:modified_time\" content=\"2024-10-21T07:17:04+00:00\" \/>\n<meta property=\"og:image\" content=\"https:\/\/www.bagmatic.com\/wp-content\/uploads\/ultrawaage-verpackungsmaschinen-industriemaschine-waage-zaehleinheit-us9000-bagmatic.jpg\" \/>\n\t<meta property=\"og:image:width\" content=\"1680\" \/>\n\t<meta property=\"og:image:height\" content=\"1024\" \/>\n\t<meta property=\"og:image:type\" content=\"image\/jpeg\" \/>\n<meta name=\"twitter:card\" content=\"summary_large_image\" \/>\n<meta name=\"twitter:label1\" content=\"Gesch\u00e4tzte Lesezeit\" \/>\n\t<meta name=\"twitter:data1\" content=\"2\u00a0Minuten\" \/>\n<script type=\"application\/ld+json\" class=\"yoast-schema-graph\">{\"@context\":\"https:\/\/schema.org\",\"@graph\":[{\"@type\":\"WebPage\",\"@id\":\"https:\/\/www.bagmatic.com\/de\/produkte-zubehoer\/eingabezubehoer\/wiegesystem-wiegemaschine\/us-9000-ultrawaage-nettowaage-zaehleinheit\/\",\"url\":\"https:\/\/www.bagmatic.com\/de\/produkte-zubehoer\/eingabezubehoer\/wiegesystem-wiegemaschine\/us-9000-ultrawaage-nettowaage-zaehleinheit\/\",\"name\":\"US-9000 Ultrawaage Nettowaage & Z\u00e4hleinheit | BagMatic Verpackungsmaschinen\",\"isPartOf\":{\"@id\":\"https:\/\/www.bagmatic.com\/de\/#website\"},\"datePublished\":\"2019-07-30T15:07:15+00:00\",\"dateModified\":\"2024-10-21T07:17:04+00:00\",\"description\":\"Halbautomatisches Verpacken mit der Verpackungsmaschine US-9000 Ultrawaage Nettowaage & Z\u00e4hleinheit \u2705 Jetzt unverbindlich anfragen!\",\"breadcrumb\":{\"@id\":\"https:\/\/www.bagmatic.com\/de\/produkte-zubehoer\/eingabezubehoer\/wiegesystem-wiegemaschine\/us-9000-ultrawaage-nettowaage-zaehleinheit\/#breadcrumb\"},\"inLanguage\":\"de\",\"potentialAction\":[{\"@type\":\"ReadAction\",\"target\":[\"https:\/\/www.bagmatic.com\/de\/produkte-zubehoer\/eingabezubehoer\/wiegesystem-wiegemaschine\/us-9000-ultrawaage-nettowaage-zaehleinheit\/\"]}]},{\"@type\":\"BreadcrumbList\",\"@id\":\"https:\/\/www.bagmatic.com\/de\/produkte-zubehoer\/eingabezubehoer\/wiegesystem-wiegemaschine\/us-9000-ultrawaage-nettowaage-zaehleinheit\/#breadcrumb\",\"itemListElement\":[{\"@type\":\"ListItem\",\"position\":1,\"name\":\"Start\",\"item\":\"https:\/\/www.bagmatic.com\/de\/\"},{\"@type\":\"ListItem\",\"position\":2,\"name\":\"Produkte &#038; Zubeh\u00f6r\",\"item\":\"https:\/\/www.bagmatic.com\/de\/produkte-zubehoer\/\"},{\"@type\":\"ListItem\",\"position\":3,\"name\":\"Eingabezubeh\u00f6r\",\"item\":\"https:\/\/www.bagmatic.com\/de\/produkt-kategorie\/eingabezubehoer\/\"},{\"@type\":\"ListItem\",\"position\":4,\"name\":\"US-9000 Ultrawaage Nettowaage &#038; Z\u00e4hleinheit\"}]},{\"@type\":\"WebSite\",\"@id\":\"https:\/\/www.bagmatic.com\/de\/#website\",\"url\":\"https:\/\/www.bagmatic.com\/de\/\",\"name\":\"BagMatic\",\"description\":\"\",\"publisher\":{\"@id\":\"https:\/\/www.bagmatic.com\/de\/#organization\"},\"potentialAction\":[{\"@type\":\"SearchAction\",\"target\":{\"@type\":\"EntryPoint\",\"urlTemplate\":\"https:\/\/www.bagmatic.com\/de\/?s={search_term_string}\"},\"query-input\":\"required name=search_term_string\"}],\"inLanguage\":\"de\"},{\"@type\":\"Organization\",\"@id\":\"https:\/\/www.bagmatic.com\/de\/#organization\",\"name\":\"BAGMATIC\u00ae GmbH\",\"url\":\"https:\/\/www.bagmatic.com\/de\/\",\"logo\":{\"@type\":\"ImageObject\",\"inLanguage\":\"de\",\"@id\":\"https:\/\/www.bagmatic.com\/de\/#\/schema\/logo\/image\/\",\"url\":\"https:\/\/www.bagmatic.com\/wp-content\/uploads\/bagmatic-logo.png\",\"contentUrl\":\"https:\/\/www.bagmatic.com\/wp-content\/uploads\/bagmatic-logo.png\",\"width\":500,\"height\":114,\"caption\":\"BAGMATIC\u00ae GmbH\"},\"image\":{\"@id\":\"https:\/\/www.bagmatic.com\/de\/#\/schema\/logo\/image\/\"}}]}<\/script>\n<!-- \/ Yoast SEO plugin. -->","yoast_head_json":{"title":"US-9000 Ultrawaage Nettowaage & Z\u00e4hleinheit | BagMatic Verpackungsmaschinen","description":"Halbautomatisches Verpacken mit der Verpackungsmaschine US-9000 Ultrawaage Nettowaage & Z\u00e4hleinheit \u2705 Jetzt unverbindlich anfragen!","robots":{"index":"index","follow":"follow","max-snippet":"max-snippet:-1","max-image-preview":"max-image-preview:large","max-video-preview":"max-video-preview:-1"},"canonical":"https:\/\/www.bagmatic.com\/de\/produkte-zubehoer\/eingabezubehoer\/wiegesystem-wiegemaschine\/us-9000-ultrawaage-nettowaage-zaehleinheit\/","og_locale":"de_DE","og_type":"article","og_title":"US-9000 Ultrawaage Nettowaage & Z\u00e4hleinheit | BagMatic Verpackungsmaschinen","og_description":"Halbautomatisches Verpacken mit der Verpackungsmaschine US-9000 Ultrawaage Nettowaage & Z\u00e4hleinheit \u2705 Jetzt unverbindlich anfragen!","og_url":"https:\/\/www.bagmatic.com\/de\/produkte-zubehoer\/eingabezubehoer\/wiegesystem-wiegemaschine\/us-9000-ultrawaage-nettowaage-zaehleinheit\/","og_site_name":"BagMatic","article_modified_time":"2024-10-21T07:17:04+00:00","og_image":[{"width":1680,"height":1024,"url":"https:\/\/www.bagmatic.com\/wp-content\/uploads\/ultrawaage-verpackungsmaschinen-industriemaschine-waage-zaehleinheit-us9000-bagmatic.jpg","type":"image\/jpeg"}],"twitter_card":"summary_large_image","twitter_misc":{"Gesch\u00e4tzte Lesezeit":"2\u00a0Minuten"},"schema":{"@context":"https:\/\/schema.org","@graph":[{"@type":"WebPage","@id":"https:\/\/www.bagmatic.com\/de\/produkte-zubehoer\/eingabezubehoer\/wiegesystem-wiegemaschine\/us-9000-ultrawaage-nettowaage-zaehleinheit\/","url":"https:\/\/www.bagmatic.com\/de\/produkte-zubehoer\/eingabezubehoer\/wiegesystem-wiegemaschine\/us-9000-ultrawaage-nettowaage-zaehleinheit\/","name":"US-9000 Ultrawaage Nettowaage & Z\u00e4hleinheit | BagMatic Verpackungsmaschinen","isPartOf":{"@id":"https:\/\/www.bagmatic.com\/de\/#website"},"datePublished":"2019-07-30T15:07:15+00:00","dateModified":"2024-10-21T07:17:04+00:00","description":"Halbautomatisches Verpacken mit der Verpackungsmaschine US-9000 Ultrawaage Nettowaage & Z\u00e4hleinheit \u2705 Jetzt unverbindlich anfragen!","breadcrumb":{"@id":"https:\/\/www.bagmatic.com\/de\/produkte-zubehoer\/eingabezubehoer\/wiegesystem-wiegemaschine\/us-9000-ultrawaage-nettowaage-zaehleinheit\/#breadcrumb"},"inLanguage":"de","potentialAction":[{"@type":"ReadAction","target":["https:\/\/www.bagmatic.com\/de\/produkte-zubehoer\/eingabezubehoer\/wiegesystem-wiegemaschine\/us-9000-ultrawaage-nettowaage-zaehleinheit\/"]}]},{"@type":"BreadcrumbList","@id":"https:\/\/www.bagmatic.com\/de\/produkte-zubehoer\/eingabezubehoer\/wiegesystem-wiegemaschine\/us-9000-ultrawaage-nettowaage-zaehleinheit\/#breadcrumb","itemListElement":[{"@type":"ListItem","position":1,"name":"Start","item":"https:\/\/www.bagmatic.com\/de\/"},{"@type":"ListItem","position":2,"name":"Produkte &#038; Zubeh\u00f6r","item":"https:\/\/www.bagmatic.com\/de\/produkte-zubehoer\/"},{"@type":"ListItem","position":3,"name":"Eingabezubeh\u00f6r","item":"https:\/\/www.bagmatic.com\/de\/produkt-kategorie\/eingabezubehoer\/"},{"@type":"ListItem","position":4,"name":"US-9000 Ultrawaage Nettowaage &#038; Z\u00e4hleinheit"}]},{"@type":"WebSite","@id":"https:\/\/www.bagmatic.com\/de\/#website","url":"https:\/\/www.bagmatic.com\/de\/","name":"BagMatic","description":"","publisher":{"@id":"https:\/\/www.bagmatic.com\/de\/#organization"},"potentialAction":[{"@type":"SearchAction","target":{"@type":"EntryPoint","urlTemplate":"https:\/\/www.bagmatic.com\/de\/?s={search_term_string}"},"query-input":"required name=search_term_string"}],"inLanguage":"de"},{"@type":"Organization","@id":"https:\/\/www.bagmatic.com\/de\/#organization","name":"BAGMATIC\u00ae GmbH","url":"https:\/\/www.bagmatic.com\/de\/","logo":{"@type":"ImageObject","inLanguage":"de","@id":"https:\/\/www.bagmatic.com\/de\/#\/schema\/logo\/image\/","url":"https:\/\/www.bagmatic.com\/wp-content\/uploads\/bagmatic-logo.png","contentUrl":"https:\/\/www.bagmatic.com\/wp-content\/uploads\/bagmatic-logo.png","width":500,"height":114,"caption":"BAGMATIC\u00ae GmbH"},"image":{"@id":"https:\/\/www.bagmatic.com\/de\/#\/schema\/logo\/image\/"}}]}},"_links":{"self":[{"href":"https:\/\/www.bagmatic.com\/de\/wp-json\/wp\/v2\/product\/220"}],"collection":[{"href":"https:\/\/www.bagmatic.com\/de\/wp-json\/wp\/v2\/product"}],"about":[{"href":"https:\/\/www.bagmatic.com\/de\/wp-json\/wp\/v2\/types\/product"}],"wp:featuredmedia":[{"embeddable":true,"href":"https:\/\/www.bagmatic.com\/de\/wp-json\/wp\/v2\/media\/221"}],"wp:attachment":[{"href":"https:\/\/www.bagmatic.com\/de\/wp-json\/wp\/v2\/media?parent=220"}],"wp:term":[{"taxonomy":"product_cat","embeddable":true,"href":"https:\/\/www.bagmatic.com\/de\/wp-json\/wp\/v2\/product_cat?post=220"},{"taxonomy":"product_tag","embeddable":true,"href":"https:\/\/www.bagmatic.com\/de\/wp-json\/wp\/v2\/product_tag?post=220"}],"curies":[{"name":"wp","href":"https:\/\/api.w.org\/{rel}","templated":true}]}}