{"id":500,"date":"2019-10-30T11:31:38","date_gmt":"2019-10-30T10:31:38","guid":{"rendered":"https:\/\/2019.bagmatic.com\/de\/?post_type=product&#038;p=500"},"modified":"2023-05-24T14:24:36","modified_gmt":"2023-05-24T12:24:36","slug":"kleinteil-zaehlermaschine","status":"publish","type":"product","link":"https:\/\/www.bagmatic.com\/de\/produkte-zubehoer\/eingabezubehoer\/kleinteil-zaehlermaschine\/","title":{"rendered":"Kleinteil-Z\u00e4hlermaschine"},"content":{"rendered":"<section class=\"wpb-content-wrapper\"><p>[vc_row][vc_column width=&#8220;3\/6&#8243;][vc_video link=&#8220;https:\/\/www.youtube.com\/watch?v=WBpXb-jrVcQ&#8220; image_poster_switch=&#8220;no&#8220;][vc_column_text woodmart_inline=&#8220;no&#8220; text_larger=&#8220;no&#8220;]<\/p>\n<h2>Leistungsf\u00e4hige Z\u00e4hlmaschinen f\u00fcr zuverl\u00e4ssige Prozesse<\/h2>\n<p>Die Quantifizierung von Kleinteilen ist in vielen Branchen der Industrie ein wichtiger Prozess f\u00fcr die Verpackung und zuverl\u00e4ssige Qualit\u00e4tskontrollen. Das manuelle Z\u00e4hlen ist bei vielen Produkten kaum m\u00f6glich und vor allem extrem zeitaufw\u00e4ndig. Eine herk\u00f6mmliche Z\u00e4hlmaschine ist in der Regel auf gr\u00f6\u00dfere und vor allem regelm\u00e4\u00dfig geformte Teile ausgerichtet. Auch das Quantifizieren von kleinen Teilen \u00fcber Gewicht ist vor allem dann schwierig, wenn es um eine kleine und sehr unregelm\u00e4\u00dfige Form geht. Hier kommt die leistungsf\u00e4hige Kleinteilz\u00e4hlmaschine zum Einsatz. Sie ist so konstruiert, dass sie universell einsetzbar ist f\u00fcr eine Vielzahl unregelm\u00e4\u00dfig geformter kleiner Produkte wie zum Beispiel kleine Pflanzensamen, Gem\u00fcsesamen oder auch Getreide wie Reis oder Mais. Deswegen spricht man bei diesem Ger\u00e4t auch h\u00e4ufig von einer Samenz\u00e4hlmaschine.<\/p>\n<h3>Die passende Kleinteilz\u00e4hlmaschine f\u00fcr unregelm\u00e4\u00dfige Kleinteile<\/h3>\n<p>Wenn Sie eine Z\u00e4hlmaschine Kleinteile w\u00e4hlen, sind Sie am besten mit einem Universal-Ger\u00e4t ausger\u00fcstet, das f\u00fcr m\u00f6glichst viele Produkte geeignet ist. Mit unseren modernen Z\u00e4hlmaschinen k\u00f6nnen neben Samen und anderen kleinteiligen Lebensmitteln auch Pharmazeutika wie Pillen oder Kapseln verarbeitet werden, genauso wie Edelsteine, mechanische Teile, Schrauben oder Implantate.[\/vc_column_text][\/vc_column][vc_column width=&#8220;3\/6&#8243;][vc_column_text woodmart_inline=&#8220;no&#8220; text_larger=&#8220;no&#8220;]Mit unserer Schrauben Z\u00e4hlmaschine sind Sie ebenfalls bestens ausgestattet, da Kleinteile mit einem Durchmesser von 0,3-18 mm verarbeitet werden k\u00f6nnen, sodass eine gro\u00dfe Bandbreite an Produkten mit nur einem Ger\u00e4t quantifiziert werden kann. Auch Z\u00e4hlmaschinen f\u00fcr Teile bis 25 mm sind mit einem gr\u00f6\u00dferen externen F\u00f6rderer erh\u00e4ltlich und bieten so die ideale Schnittstelle zwischen den kleinsten Produkten und einer mittleren Gr\u00f6\u00dfe. Eine Z\u00e4hlmaschine Kleinteile arbeitet genau und ist exakt auf die Bed\u00fcrfnisse von der Quantifizierung kleiner bis mittlerer Mengen an unregelm\u00e4\u00dfig geformten Produkten zugeschnitten. Durch eine Schrauben Z\u00e4hlmaschine oder Samenz\u00e4hlmaschine wird Ihnen zus\u00e4tzliche, zeitaufwendige Arbeit automatisch abgenommen.<\/p>\n<h2>Ihre Z\u00e4hlmaschine f\u00fcr Schrauben und Distanzst\u00fccke<\/h2>\n<p>Moderne Z\u00e4hlmaschinen aber auch Z\u00e4hlmaschine f\u00fcr Schrauben zeichnen sich nicht nur durch ihre zuverl\u00e4ssige und genaue Funktionsweise aus, sondern auch durch intuitive Bedienung und robuste Konstruktion. Eine Z\u00e4hlmaschine Schrauben bedarf weder einer komplizierten Einweisung, noch anspruchsvollen Wartungsleistungen. Stattdessen kann mit einem gro\u00dfen LED Display sowohl bei ged\u00e4mmtem Zimmerlicht, als auch bei Tageslicht problemlos der Z\u00e4hlerstand abgelesen werden. Eine Z\u00e4hlmaschine Kleinteile ist mit einem Mikroprozessor konstruiert, der auch schwierige Formen erkennt und \u00fcber viele Jahre hinweg zuverl\u00e4ssig funktioniert. Besonders praktisch ist es bei dieser Art von Z\u00e4hlmaschinen, das sie ganz einfach mit anderen Ger\u00e4ten wie zum Beispiel Verpackungsmaschinen kombiniert werden k\u00f6nnen, um die Ware \u00fcbergangslos und unkompliziert weiterzuverarbeiten.<\/p>\n<h2>Die Z\u00e4hlmaschine Kleinteile, die Ihren Alltag einfacher macht<\/h2>\n<p>Kaum etwas ist so nervenzehrend in der Produktion, wie wenn ein Z\u00e4hlger\u00e4t immer wieder falsche Ergebnisse liefert oder Vorg\u00e4nge komplett unterbricht, sobald Teile mit zu abweichender Form erkannt werden. Eine Samen Z\u00e4hlmaschine ist genau auf diese Anforderungen ausgerichtet und kann deswegen genau und ohne manuelles nachjustieren Kleinteile aller Art quantifizieren. Besonders praktisch ist bei unseren Z\u00e4hlmaschinen, dass sie bereits f\u00fcr g\u00fcnstige Preise angemietet werden k\u00f6nnen, um sowohl die kurzfristige Nutzung, als auch die volle Zufriedenheit von Ihnen als Kunden zu garantieren. Auch Unternehmen, die mit einer Z\u00e4hlmaschine Kleinteile nur \u00fcbergangsweise arbeiten, k\u00f6nnen so von der leistungsstarken Technik profitieren. Mit flexiblen Leasingvertr\u00e4gen bis zu 60 Monaten und der M\u00f6glichkeit zur permanenten \u00dcbernahme des Ger\u00e4tes zum Ende der Leasingperioden bleiben Sie flexibel. Auch Dienstleistungen f\u00fcr die Installation und Einrichtung von Z\u00e4hlmaschinen k\u00f6nnen problemlos in Auftrag gegeben werden, genauso wie kurzfristige Mietanfragen.[\/vc_column_text][\/vc_column][\/vc_row]<\/p>\n<\/section>","protected":false},"excerpt":{"rendered":"<p><strong>BAGMATIC Seed Counter, Z\u00e4hler f\u00fcr verschiedene Kleinteile<\/strong><\/p>\n<p>Der Bagmatic Saatgutz\u00e4hler ist eine universelle Z\u00e4hlmaschine f\u00fcr kleine und unregelm\u00e4\u00dfig geformte Teile wie:<\/p>\n<ul>\n<li>Feinste Pflanzensamen wie Tomaten, Kartoffeln, Karotten etc.<\/li>\n<li>Gem\u00fcsesamen<\/li>\n<li>Cannabis<\/li>\n<li>Getreide, Mais, Reis, M\u00fcsli<\/li>\n<li>Insekten, Puppen<\/li>\n<li>Pharmazeutika, Pillen, Casules<\/li>\n<li>Juwelen, Diamanten und Edelsteine<\/li>\n<li>Kleine mechanische Teile, Distanzst\u00fccke, Lager<\/li>\n<li>Implantate<\/li>\n<\/ul>\n<p>Allen diesen Produkten ist gemeinsam, dass es <strong>schwierig und zeitaufw\u00e4ndig ist, sie manuell zu z\u00e4hlen.<\/strong><br \/>\nEntweder sind sie <strong>unregelm\u00e4\u00dfig geformt<\/strong> oder sie sind sehr leicht oder klein. Aus diesem Grund st\u00f6\u00dft die <strong>Quantifizierung<\/strong> dieser Teile nach Gewicht an Grenzen.<\/p>\n<p>Der Bagmatic Saatgutz\u00e4hler eignet sich besonders, um solche Teile St\u00fcck f\u00fcr St\u00fcck in kleinen bis mittleren Mengen genau zu z\u00e4hlen.<br \/>\nWichtige Anwendungen des Bagmatic-Saatgutz\u00e4hlers sind die wiederholte, genaue Z\u00e4hlung einer vorgew\u00e4hlten Anzahl von Teilen oder die konventionelle Bestimmung des 1000-Korngewichts nach ISO 520.<\/p>\n<p>Mit dem Bagmatic Seed Counter k\u00f6nnen Teile mit Durchmessern von 0,3 mm bis ca. 18 mm k\u00f6nnen gez\u00e4hlt werden. Alle Gr\u00f6\u00dfen k\u00f6nnen mit derselben einstellbaren F\u00f6rderschale verarbeitet werden. Unterschiedliche Futterbeh\u00e4lter f\u00fcr unterschiedlich gro\u00dfe Produkte sind nicht erforderlich. F\u00fcr Teile mit Durchmessern bis 25 mm ist eine Version mit einem externen, gr\u00f6\u00dferen F\u00f6rderer, dem Bagmatic MAXI, erh\u00e4ltlich.<\/p>\n<p>Der Bagmatic Saatgutz\u00e4hler zeichnet sich durch seine robuste Konstruktion und eine einfache, kinderleichte Bedienung aus. Das gro\u00dfe, helle LED-Display ist auch bei Tageslicht gut lesbar. Das Z\u00e4hlsignal wird von einem Mikroprozessor verarbeitet, der auch die Erkennung von Teilen mit besonders schwierigen Formen erm\u00f6glicht. Der Bagmatic ist mit Fernbedienungsklemmen ausgestattet, so dass er beispielsweise mit Verpackungs- und Abf\u00fcllmaschinen kombiniert werden kann.<\/p>\n<p>Der Bagmatic Saatgutz\u00e4hler ist der Nachfolger unseres Vorg\u00e4ngermodells 580, das ab 1980 etwa 25 Jahre lang hergestellt wurde. Der neue Saatgutz\u00e4hler von Bagmatic kombiniert moderne Elektronik mit den bew\u00e4hrten Schl\u00fcsselkomponenten, die bereits im Vorg\u00e4ngermodell f\u00fcr lange Lebensdauer und un\u00fcbertroffene Genauigkeit verantwortlich waren. Der Bagmatic-Saatgutz\u00e4hler kann mit Eigenschaften wie Langlebigkeit, Haltbarkeit, Robustheit und Zuverl\u00e4ssigkeit beschrieben werden &#8211; dies \u00fcber viele Jahre.<\/p>\n","protected":false},"featured_media":638,"template":"","meta":[],"product_cat":[24],"product_tag":[],"yoast_head":"<!-- This site is optimized with the Yoast SEO plugin v20.1 - https:\/\/yoast.com\/wordpress\/plugins\/seo\/ -->\n<title>Z\u00e4hlmaschine Kleinteile | Z\u00e4hlmaschinen | Kleinteilz\u00e4hlmaschine<\/title>\n<meta name=\"description\" content=\"Z\u00e4hlmaschine Kleinteile \u2714 Z\u00e4hlmaschine f\u00fcr Schrauben, Samen und mehr \u2714 Kleinteilz\u00e4hlmaschine \u2714 Z\u00e4hlmaschinen \u2714 Jetzt unverbindlich Anfragen!\" \/>\n<meta name=\"robots\" content=\"index, follow, max-snippet:-1, max-image-preview:large, max-video-preview:-1\" \/>\n<link rel=\"canonical\" href=\"https:\/\/www.bagmatic.com\/de\/produkte-zubehoer\/eingabezubehoer\/kleinteil-zaehlermaschine\/\" \/>\n<meta property=\"og:locale\" content=\"de_DE\" \/>\n<meta property=\"og:type\" content=\"article\" \/>\n<meta property=\"og:title\" content=\"Z\u00e4hlmaschine Kleinteile | Z\u00e4hlmaschinen | Kleinteilz\u00e4hlmaschine\" \/>\n<meta property=\"og:description\" content=\"Z\u00e4hlmaschine Kleinteile \u2714 Z\u00e4hlmaschine f\u00fcr Schrauben, Samen und mehr \u2714 Kleinteilz\u00e4hlmaschine \u2714 Z\u00e4hlmaschinen \u2714 Jetzt unverbindlich Anfragen!\" \/>\n<meta property=\"og:url\" content=\"https:\/\/www.bagmatic.com\/de\/produkte-zubehoer\/eingabezubehoer\/kleinteil-zaehlermaschine\/\" \/>\n<meta property=\"og:site_name\" content=\"BagMatic\" \/>\n<meta property=\"article:modified_time\" content=\"2023-05-24T12:24:36+00:00\" \/>\n<meta property=\"og:image\" content=\"https:\/\/www.bagmatic.com\/wp-content\/uploads\/Elmor-eingabezubehoer-verpackungsmaschinen-bagmatic-walpak.jpg\" \/>\n\t<meta property=\"og:image:width\" content=\"2000\" \/>\n\t<meta property=\"og:image:height\" content=\"2000\" \/>\n\t<meta property=\"og:image:type\" content=\"image\/jpeg\" \/>\n<meta name=\"twitter:card\" content=\"summary_large_image\" \/>\n<meta name=\"twitter:label1\" content=\"Gesch\u00e4tzte Lesezeit\" \/>\n\t<meta name=\"twitter:data1\" content=\"4\u00a0Minuten\" \/>\n<script type=\"application\/ld+json\" class=\"yoast-schema-graph\">{\"@context\":\"https:\/\/schema.org\",\"@graph\":[{\"@type\":\"WebPage\",\"@id\":\"https:\/\/www.bagmatic.com\/de\/produkte-zubehoer\/eingabezubehoer\/kleinteil-zaehlermaschine\/\",\"url\":\"https:\/\/www.bagmatic.com\/de\/produkte-zubehoer\/eingabezubehoer\/kleinteil-zaehlermaschine\/\",\"name\":\"Z\u00e4hlmaschine Kleinteile | Z\u00e4hlmaschinen | Kleinteilz\u00e4hlmaschine\",\"isPartOf\":{\"@id\":\"https:\/\/www.bagmatic.com\/de\/#website\"},\"datePublished\":\"2019-10-30T10:31:38+00:00\",\"dateModified\":\"2023-05-24T12:24:36+00:00\",\"description\":\"Z\u00e4hlmaschine Kleinteile \u2714 Z\u00e4hlmaschine f\u00fcr Schrauben, Samen und mehr \u2714 Kleinteilz\u00e4hlmaschine \u2714 Z\u00e4hlmaschinen \u2714 Jetzt unverbindlich Anfragen!\",\"breadcrumb\":{\"@id\":\"https:\/\/www.bagmatic.com\/de\/produkte-zubehoer\/eingabezubehoer\/kleinteil-zaehlermaschine\/#breadcrumb\"},\"inLanguage\":\"de\",\"potentialAction\":[{\"@type\":\"ReadAction\",\"target\":[\"https:\/\/www.bagmatic.com\/de\/produkte-zubehoer\/eingabezubehoer\/kleinteil-zaehlermaschine\/\"]}]},{\"@type\":\"BreadcrumbList\",\"@id\":\"https:\/\/www.bagmatic.com\/de\/produkte-zubehoer\/eingabezubehoer\/kleinteil-zaehlermaschine\/#breadcrumb\",\"itemListElement\":[{\"@type\":\"ListItem\",\"position\":1,\"name\":\"Start\",\"item\":\"https:\/\/www.bagmatic.com\/de\/\"},{\"@type\":\"ListItem\",\"position\":2,\"name\":\"Produkte &#038; Zubeh\u00f6r\",\"item\":\"https:\/\/www.bagmatic.com\/de\/produkte-zubehoer\/\"},{\"@type\":\"ListItem\",\"position\":3,\"name\":\"Eingabezubeh\u00f6r\",\"item\":\"https:\/\/www.bagmatic.com\/de\/produkt-kategorie\/eingabezubehoer\/\"},{\"@type\":\"ListItem\",\"position\":4,\"name\":\"Kleinteil-Z\u00e4hlermaschine\"}]},{\"@type\":\"WebSite\",\"@id\":\"https:\/\/www.bagmatic.com\/de\/#website\",\"url\":\"https:\/\/www.bagmatic.com\/de\/\",\"name\":\"BagMatic\",\"description\":\"\",\"publisher\":{\"@id\":\"https:\/\/www.bagmatic.com\/de\/#organization\"},\"potentialAction\":[{\"@type\":\"SearchAction\",\"target\":{\"@type\":\"EntryPoint\",\"urlTemplate\":\"https:\/\/www.bagmatic.com\/de\/?s={search_term_string}\"},\"query-input\":\"required name=search_term_string\"}],\"inLanguage\":\"de\"},{\"@type\":\"Organization\",\"@id\":\"https:\/\/www.bagmatic.com\/de\/#organization\",\"name\":\"BAGMATIC\u00ae GmbH\",\"url\":\"https:\/\/www.bagmatic.com\/de\/\",\"logo\":{\"@type\":\"ImageObject\",\"inLanguage\":\"de\",\"@id\":\"https:\/\/www.bagmatic.com\/de\/#\/schema\/logo\/image\/\",\"url\":\"https:\/\/www.bagmatic.com\/wp-content\/uploads\/bagmatic-logo.png\",\"contentUrl\":\"https:\/\/www.bagmatic.com\/wp-content\/uploads\/bagmatic-logo.png\",\"width\":500,\"height\":114,\"caption\":\"BAGMATIC\u00ae GmbH\"},\"image\":{\"@id\":\"https:\/\/www.bagmatic.com\/de\/#\/schema\/logo\/image\/\"}}]}<\/script>\n<!-- \/ Yoast SEO plugin. -->","yoast_head_json":{"title":"Z\u00e4hlmaschine Kleinteile | Z\u00e4hlmaschinen | Kleinteilz\u00e4hlmaschine","description":"Z\u00e4hlmaschine Kleinteile \u2714 Z\u00e4hlmaschine f\u00fcr Schrauben, Samen und mehr \u2714 Kleinteilz\u00e4hlmaschine \u2714 Z\u00e4hlmaschinen \u2714 Jetzt unverbindlich Anfragen!","robots":{"index":"index","follow":"follow","max-snippet":"max-snippet:-1","max-image-preview":"max-image-preview:large","max-video-preview":"max-video-preview:-1"},"canonical":"https:\/\/www.bagmatic.com\/de\/produkte-zubehoer\/eingabezubehoer\/kleinteil-zaehlermaschine\/","og_locale":"de_DE","og_type":"article","og_title":"Z\u00e4hlmaschine Kleinteile | Z\u00e4hlmaschinen | Kleinteilz\u00e4hlmaschine","og_description":"Z\u00e4hlmaschine Kleinteile \u2714 Z\u00e4hlmaschine f\u00fcr Schrauben, Samen und mehr \u2714 Kleinteilz\u00e4hlmaschine \u2714 Z\u00e4hlmaschinen \u2714 Jetzt unverbindlich Anfragen!","og_url":"https:\/\/www.bagmatic.com\/de\/produkte-zubehoer\/eingabezubehoer\/kleinteil-zaehlermaschine\/","og_site_name":"BagMatic","article_modified_time":"2023-05-24T12:24:36+00:00","og_image":[{"width":2000,"height":2000,"url":"https:\/\/www.bagmatic.com\/wp-content\/uploads\/Elmor-eingabezubehoer-verpackungsmaschinen-bagmatic-walpak.jpg","type":"image\/jpeg"}],"twitter_card":"summary_large_image","twitter_misc":{"Gesch\u00e4tzte Lesezeit":"4\u00a0Minuten"},"schema":{"@context":"https:\/\/schema.org","@graph":[{"@type":"WebPage","@id":"https:\/\/www.bagmatic.com\/de\/produkte-zubehoer\/eingabezubehoer\/kleinteil-zaehlermaschine\/","url":"https:\/\/www.bagmatic.com\/de\/produkte-zubehoer\/eingabezubehoer\/kleinteil-zaehlermaschine\/","name":"Z\u00e4hlmaschine Kleinteile | Z\u00e4hlmaschinen | Kleinteilz\u00e4hlmaschine","isPartOf":{"@id":"https:\/\/www.bagmatic.com\/de\/#website"},"datePublished":"2019-10-30T10:31:38+00:00","dateModified":"2023-05-24T12:24:36+00:00","description":"Z\u00e4hlmaschine Kleinteile \u2714 Z\u00e4hlmaschine f\u00fcr Schrauben, Samen und mehr \u2714 Kleinteilz\u00e4hlmaschine \u2714 Z\u00e4hlmaschinen \u2714 Jetzt unverbindlich Anfragen!","breadcrumb":{"@id":"https:\/\/www.bagmatic.com\/de\/produkte-zubehoer\/eingabezubehoer\/kleinteil-zaehlermaschine\/#breadcrumb"},"inLanguage":"de","potentialAction":[{"@type":"ReadAction","target":["https:\/\/www.bagmatic.com\/de\/produkte-zubehoer\/eingabezubehoer\/kleinteil-zaehlermaschine\/"]}]},{"@type":"BreadcrumbList","@id":"https:\/\/www.bagmatic.com\/de\/produkte-zubehoer\/eingabezubehoer\/kleinteil-zaehlermaschine\/#breadcrumb","itemListElement":[{"@type":"ListItem","position":1,"name":"Start","item":"https:\/\/www.bagmatic.com\/de\/"},{"@type":"ListItem","position":2,"name":"Produkte &#038; Zubeh\u00f6r","item":"https:\/\/www.bagmatic.com\/de\/produkte-zubehoer\/"},{"@type":"ListItem","position":3,"name":"Eingabezubeh\u00f6r","item":"https:\/\/www.bagmatic.com\/de\/produkt-kategorie\/eingabezubehoer\/"},{"@type":"ListItem","position":4,"name":"Kleinteil-Z\u00e4hlermaschine"}]},{"@type":"WebSite","@id":"https:\/\/www.bagmatic.com\/de\/#website","url":"https:\/\/www.bagmatic.com\/de\/","name":"BagMatic","description":"","publisher":{"@id":"https:\/\/www.bagmatic.com\/de\/#organization"},"potentialAction":[{"@type":"SearchAction","target":{"@type":"EntryPoint","urlTemplate":"https:\/\/www.bagmatic.com\/de\/?s={search_term_string}"},"query-input":"required name=search_term_string"}],"inLanguage":"de"},{"@type":"Organization","@id":"https:\/\/www.bagmatic.com\/de\/#organization","name":"BAGMATIC\u00ae GmbH","url":"https:\/\/www.bagmatic.com\/de\/","logo":{"@type":"ImageObject","inLanguage":"de","@id":"https:\/\/www.bagmatic.com\/de\/#\/schema\/logo\/image\/","url":"https:\/\/www.bagmatic.com\/wp-content\/uploads\/bagmatic-logo.png","contentUrl":"https:\/\/www.bagmatic.com\/wp-content\/uploads\/bagmatic-logo.png","width":500,"height":114,"caption":"BAGMATIC\u00ae GmbH"},"image":{"@id":"https:\/\/www.bagmatic.com\/de\/#\/schema\/logo\/image\/"}}]}},"_links":{"self":[{"href":"https:\/\/www.bagmatic.com\/de\/wp-json\/wp\/v2\/product\/500"}],"collection":[{"href":"https:\/\/www.bagmatic.com\/de\/wp-json\/wp\/v2\/product"}],"about":[{"href":"https:\/\/www.bagmatic.com\/de\/wp-json\/wp\/v2\/types\/product"}],"wp:featuredmedia":[{"embeddable":true,"href":"https:\/\/www.bagmatic.com\/de\/wp-json\/wp\/v2\/media\/638"}],"wp:attachment":[{"href":"https:\/\/www.bagmatic.com\/de\/wp-json\/wp\/v2\/media?parent=500"}],"wp:term":[{"taxonomy":"product_cat","embeddable":true,"href":"https:\/\/www.bagmatic.com\/de\/wp-json\/wp\/v2\/product_cat?post=500"},{"taxonomy":"product_tag","embeddable":true,"href":"https:\/\/www.bagmatic.com\/de\/wp-json\/wp\/v2\/product_tag?post=500"}],"curies":[{"name":"wp","href":"https:\/\/api.w.org\/{rel}","templated":true}]}}